{"id":3525,"date":"2025-09-17T13:25:14","date_gmt":"2025-09-17T12:25:14","guid":{"rendered":"https:\/\/swisslasik.ch\/lazer-goez-ameliyati-lasik\/goez-cevresi\/"},"modified":"2026-01-08T15:27:40","modified_gmt":"2026-01-08T14:27:40","slug":"goez-cevresi","status":"publish","type":"page","link":"https:\/\/swisslasik.ch\/tr\/lazer-goez-ameliyati-lasik\/goez-cevresi\/","title":{"rendered":"G\u00f6z \u00e7evresi"},"content":{"rendered":"\t\t<div data-elementor-type=\"wp-page\" data-elementor-id=\"3525\" class=\"elementor elementor-3525 elementor-61\" data-elementor-post-type=\"page\">\n\t\t\t\t<div class=\"elementor-element elementor-element-490711c7 e-flex e-con-boxed wpr-particle-no wpr-jarallax-no wpr-parallax-no wpr-sticky-section-no wpr-equal-height-no e-con e-parent\" data-id=\"490711c7\" data-element_type=\"container\" data-e-type=\"container\">\n\t\t\t\t\t<div class=\"e-con-inner\">\n\t\t<div class=\"elementor-element elementor-element-a92c822 e-con-full e-flex wpr-particle-no wpr-jarallax-no wpr-parallax-no wpr-sticky-section-no wpr-equal-height-no e-con e-child\" data-id=\"a92c822\" data-element_type=\"container\" data-e-type=\"container\">\n\t\t\t\t<div class=\"elementor-element elementor-element-cc16268 elementor-widget elementor-widget-button\" data-id=\"cc16268\" data-element_type=\"widget\" data-e-type=\"widget\" data-widget_type=\"button.default\">\n\t\t\t\t\t\t\t\t\t\t<a class=\"elementor-button elementor-button-link elementor-size-sm\" href=\"https:\/\/swisslasik.ch\/tr\/lazer-goez-ameliyati-lasik\/goez-cevresi\/\">\n\t\t\t\t\t\t<span class=\"elementor-button-content-wrapper\">\n\t\t\t\t\t\t\t\t\t<span class=\"elementor-button-text\">G\u00f6z \u00e7evresi<\/span>\n\t\t\t\t\t<\/span>\n\t\t\t\t\t<\/a>\n\t\t\t\t\t\t\t\t<\/div>\n\t\t\t\t<div class=\"elementor-element elementor-element-bc7eddb elementor-widget elementor-widget-button\" data-id=\"bc7eddb\" data-element_type=\"widget\" data-e-type=\"widget\" data-widget_type=\"button.default\">\n\t\t\t\t\t\t\t\t\t\t<a class=\"elementor-button elementor-button-link elementor-size-sm\" href=\"https:\/\/swisslasik.ch\/tr\/lazer-goez-ameliyati-tuerkiye-istanbul\/\">\n\t\t\t\t\t\t<span class=\"elementor-button-content-wrapper\">\n\t\t\t\t\t\t\t\t\t<span class=\"elementor-button-text\">Lazer g\u00f6z ameliyat\u0131<\/span>\n\t\t\t\t\t<\/span>\n\t\t\t\t\t<\/a>\n\t\t\t\t\t\t\t\t<\/div>\n\t\t\t\t<\/div>\n\t\t\t\t<div class=\"elementor-element elementor-element-607f426c elementor-widget elementor-widget-text-editor\" data-id=\"607f426c\" data-element_type=\"widget\" data-e-type=\"widget\" data-widget_type=\"text-editor.default\">\n\t\t\t\t\t\t\t\t\t\n<h2 class=\"wp-block-heading\">G\u00d6Z \u00c7EVRES\u0130<\/h2>\n\n<p><strong>En \u00f6nemli duyu organ\u0131m\u0131z<\/strong><\/p>\n\n<p>G\u00f6z\u00fcn i\u015flevi, optik uyar\u0131lar\u0131 almak ve bunlar\u0131 beynimize iletmektir.<\/p>\n\n<p>\u0130yi g\u00f6rme ise, net g\u00f6r\u00fcnt\u00fclerin g\u00f6z\u00fcn retinas\u0131na yans\u0131t\u0131lmas\u0131ndan kaynaklan\u0131r.<\/p>\n\n<p>Kornea, mercek ve vitreus s\u0131v\u0131s\u0131ndan olu\u015fan g\u00f6z\u00fcn optik sistemi, gelen \u0131\u015f\u0131k \u0131\u015f\u0131nlar\u0131n\u0131 (g\u00f6rd\u00fc\u011f\u00fcm\u00fcz g\u00f6r\u00fcnt\u00fcleri) retinada tam olarak bulunan bir odak noktas\u0131na do\u011fru y\u00f6nlendirir. Bu genellikle en net g\u00f6r\u00fc\u015f\u00fcn oldu\u011fu noktad\u0131r. Bu y\u00f6nlendirmeye k\u0131r\u0131lma denir.  <\/p>\n\n<p>Alg\u0131lad\u0131\u011f\u0131m\u0131z cisimlerden yay\u0131lan \u0131\u015f\u0131k \u00f6nce g\u00f6z y\u00fczeyindeki saydam tabakaya (kornea) ula\u015f\u0131r, ard\u0131ndan mercek taraf\u0131ndan k\u0131r\u0131l\u0131r ve b\u00f6ylece g\u00f6z\u00fcn i\u00e7indeki retinaya odaklan\u0131r.<\/p>\n\n<p>Orada, \u0131\u015f\u0131k retinaya g\u00f6m\u00fcl\u00fc sinirler taraf\u0131ndan alg\u0131lan\u0131r ve optik sinir yoluyla beyindeki alg\u0131lama merkezlerine iletilir; burada bu sinyaller g\u00f6r\u00fcnt\u00fclere d\u00f6n\u00fc\u015ft\u00fcr\u00fcl\u00fcr.<\/p>\n\n<p>Diyoptri (dpt) cinsinden verilen toplam k\u0131r\u0131lma g\u00fcc\u00fc, g\u00f6z\u00fcn optik sisteminin \u00e7e\u015fitli bile\u015fenlerinden kaynaklan\u0131r.<\/p>\n\n<p><strong>Normal g\u00f6z (normal g\u00f6rme = emmetropi)<\/strong><\/p>\n\n<p>Normal g\u00f6rme yetene\u011fine sahip bir g\u00f6zde, uzak bir noktaya bak\u0131ld\u0131\u011f\u0131nda \u0131\u015f\u0131k \u0131\u015f\u0131nlar\u0131 retinan\u0131n \u0131\u015f\u0131\u011fa duyarl\u0131 tabakas\u0131 \u00fczerinde net bir g\u00f6r\u00fcnt\u00fc olu\u015fturacak \u015fekilde birle\u015fir. Retinam\u0131zda neredeyse sonsuz say\u0131da nokta \u015feklindeki duyu h\u00fccresi taraf\u0131ndan alg\u0131lanan bu g\u00f6r\u00fcnt\u00fc, bir foto\u011fraf makinesinin filmindeki g\u00f6r\u00fcnt\u00fcye benzer \u015fekilde ters ve ba\u015f a\u015fa\u011f\u0131 olu\u015fur. Beynimiz, her iki g\u00f6zden gelen g\u00f6r\u00fcnt\u00fc bilgilerini tek bir b\u00fct\u00fcn h\u00e2linde birle\u015ftirerek g\u00f6rd\u00fc\u011f\u00fcm\u00fcz ve g\u00f6rmek istedi\u011fimiz \u015feyin net bir alg\u0131s\u0131n\u0131 olu\u015fturur.  <\/p>\n\n<p>G\u00f6z\u00fcn yap\u0131s\u0131, bir foto\u011fraf makinesinin yap\u0131s\u0131yla \u00e7ok iyi \u015fekilde kar\u015f\u0131la\u015ft\u0131r\u0131labilir. Kornea, cam bir mercek gibi i\u015flev g\u00f6r\u00fcr ve kamera objektifinin en \u00f6n\u00fcndeki merce\u011fe kar\u015f\u0131l\u0131k gelir. G\u00f6z bebe\u011fi, foto\u011fraf makinesindeki diyafram g\u00f6revini \u00fcstlenir. G\u00f6z merce\u011fi ise bir kamera objektifinin i\u00e7inde bulunan di\u011fer cam merceklerle benzer i\u015flevdedir. Retina ise foto\u011fraf makinesindeki filme kar\u015f\u0131l\u0131k gelir.    <\/p>\n\n<figure class=\"wp-block-image size-full\"><img decoding=\"async\" width=\"239\" height=\"174\" class=\"wp-image-206\" src=\"https:\/\/swisslasik.ch\/wp-content\/uploads\/2025\/09\/normales_auge.jpg\" alt=\"\"><\/figure>\n\n<p>G\u00f6rme bozukluklar\u0131<br>Odak noktas\u0131 tam olarak retina \u00fczerinde de\u011fil de onun \u00f6n\u00fcnde ya da arkas\u0131nda olu\u015fuyorsa, \u00e7evre bulan\u0131k g\u00f6r\u00fcl\u00fcr. Bu duruma k\u0131rma kusuru ya da g\u00f6rme bozuklu\u011fu denir; g\u00fcnl\u00fck dilde g\u00f6rme hatas\u0131 olarak da adland\u0131r\u0131l\u0131r. Orta Avrupa\u2019da n\u00fcfusun yakla\u015f\u0131k y\u00fczde 15\u201320\u2019si miyop, yakla\u015f\u0131k y\u00fczde 5\u2019i ise hipermetroptur. <\/p>\n\n<figure class=\"wp-block-image size-full\"><img fetchpriority=\"high\" decoding=\"async\" width=\"280\" height=\"231\" class=\"wp-image-207\" src=\"https:\/\/swisslasik.ch\/wp-content\/uploads\/2025\/09\/aufbau_einer_fotokamera.jpg\" alt=\"\"><\/figure>\n\n<p>Miyop g\u00f6z (k\u0131sa g\u00f6r\u00fc\u015fl\u00fcl\u00fck = miyopi)<br>Yak\u0131n\u0131 net g\u00f6r\u00fcrs\u00fcn\u00fcz, ancak biraz daha uzaktaki nesneleri bulan\u0131k olarak alg\u0131lars\u0131n\u0131z.<\/p>\n\n<p>G\u00f6z\u00fcn\u00fcz, normalde neredeyse k\u00fcre \u015feklinde olan sa\u011fl\u0131kl\u0131 bir g\u00f6ze k\u0131yasla daha uzun yap\u0131da geli\u015fmi\u015ftir. Bu nedenle g\u00f6ze giren \u0131\u015f\u0131k \u0131\u015f\u0131nlar\u0131n\u0131n odak noktas\u0131 retina \u00fczerinde de\u011fil, retinan\u0131n \u00f6n\u00fcnde olu\u015fur. <\/p>\n\n<p>Bu durumda g\u00f6z\u00fcn\u00fczdeki k\u0131rma kusurunun d\u00fczeltilmesi i\u00e7in gereken de\u011fer, \u00f6rne\u011fin \u22125,75 diyoptri gibi negatif diyoptri de\u011ferleriyle ifade edilir.<\/p>\n\n<p>Uza\u011f\u0131 g\u00f6rememe ne kadar \u015fiddetliyse, (negatif) de\u011fer o kadar y\u00fcksek ve lensler o kadar kal\u0131n olur.<\/p>\n\n<p>Daha iyi ve daha net g\u00f6rebilmeniz i\u00e7in odak noktas\u0131n\u0131n geriye, yani retina \u00fczerine kayd\u0131r\u0131lmas\u0131 gerekir. Lazerle yap\u0131lan optik d\u00fczeltme, kornean\u0131n k\u0131rma g\u00fcc\u00fcn\u00fcn azalt\u0131lmas\u0131yla sa\u011flan\u0131r. <\/p>\n\n<figure class=\"wp-block-image size-full\"><img decoding=\"async\" width=\"239\" height=\"174\" class=\"wp-image-209\" src=\"https:\/\/swisslasik.ch\/wp-content\/uploads\/2025\/09\/kurzsichtiges_auge.jpg\" alt=\"\"><\/figure>\n\n<p>Hipermetrop g\u00f6z (uzak g\u00f6r\u00fc\u015fl\u00fcl\u00fck = hipermetropi)<br>Uzak nesneleri net g\u00f6rebilirsiniz, ancak yak\u0131ndaki nesneleri bulan\u0131k g\u00f6r\u00fcrs\u00fcn\u00fcz.<\/p>\n\n<p>Hipermetropide g\u00f6z genellikle normalden daha k\u0131sa yap\u0131da geli\u015fmi\u015ftir. Bu nedenle \u0131\u015f\u0131k \u0131\u015f\u0131nlar\u0131 ancak retinan\u0131n arkas\u0131nda odaklan\u0131r.<\/p>\n\n<p>Miyop g\u00f6zden farkl\u0131 olarak, hipermetropi belirli bir ya\u015fa kadar g\u00f6z merce\u011fi taraf\u0131ndan telafi edilebilir. G\u00f6z merce\u011fi \u015fekil de\u011fi\u015ftirerek (akomodasyon) k\u0131rma g\u00fcc\u00fcn\u00fc art\u0131rabilir ve bu sayede uzak mesafeye bak\u0131ld\u0131\u011f\u0131nda hipermetrop g\u00f6z\u00fcn yetersiz k\u0131rma g\u00fcc\u00fcn\u00fc dengeler. <\/p>\n\n<p>Bu nedenle hipermetrop ki\u015filer, ileri ya\u015flara kadar genellikle uza\u011f\u0131 iyi g\u00f6r\u00fcrler. Sadece \u00e7ok y\u00fcksek dereceli hipermetropide gen\u00e7 ya\u015flarda bile g\u00f6zl\u00fck kullanmak gerekebilir. Buna kar\u015f\u0131l\u0131k hipermetrop ki\u015filerde yak\u0131n okuma yetene\u011finin azalmas\u0131 daha erken ortaya \u00e7\u0131kar, yani ya\u015fa ba\u011fl\u0131 yak\u0131n\u0131 g\u00f6rememe sorunu daha erken hissedilir.  <\/p>\n\n<p>Lazerle yap\u0131lan d\u00fczeltme, g\u00f6z\u00fcn optik sisteminin k\u0131rma g\u00fcc\u00fcn\u00fcn art\u0131r\u0131lmas\u0131yla ger\u00e7ekle\u015ftirilir. Hipermetropide g\u00f6z genellikle normalden daha k\u0131sa oldu\u011fu i\u00e7in \u0131\u015f\u0131k \u0131\u015f\u0131nlar\u0131 retinan\u0131n arkas\u0131nda odaklan\u0131r. <\/p>\n\n<figure class=\"wp-block-image size-full\"><img loading=\"lazy\" decoding=\"async\" width=\"239\" height=\"174\" class=\"wp-image-210\" src=\"https:\/\/swisslasik.ch\/wp-content\/uploads\/2025\/09\/uebersichtiges_auge.jpg\" alt=\"\"><\/figure>\n\n<p><strong>Astigmatizma (kornea e\u011frili\u011fi = astigmatizma)<\/strong><\/p>\n\n<p>Hem yak\u0131ndaki hem de uzaktaki nesneleri bozuk olarak g\u00f6r\u00fcrler.<\/p>\n\n<p>Do\u011fadaki bir nokta, sizin alg\u0131n\u0131zda bir \u00e7izgi olarak g\u00f6r\u00fcn\u00fcr. Bu nedenle &#8220;asimetrik g\u00f6r\u00fc\u015f&#8221; ifadesi kullan\u0131l\u0131r. <\/p>\n\n<p>Bunun nedeni genellikle g\u00f6z\u00fcn\u00fcz\u00fcn korneas\u0131n\u0131n k\u00fcreden ziyade yumurta \u015feklinde olmas\u0131d\u0131r. Sonu\u00e7 olarak, \u0131\u015f\u0131k \u0131\u015f\u0131nlar\u0131 farkl\u0131 \u015fekilde k\u0131r\u0131l\u0131r ve tek bir noktada birle\u015fmez, retinaya ula\u015fmadan \u00f6nce da\u011f\u0131l\u0131r. <\/p>\n\n<p>Astigmatizma genellikle miyopi veya hipermetropi ile birlikte g\u00f6r\u00fcl\u00fcr; d\u00fczeltme de\u011feri de diyoptri cinsinden verilir.<\/p>\n\n<p>Kornea y\u00fczeyinin daha k\u00fcresel bir \u015fekle getirilmesiyle d\u00fczeltme yap\u0131l\u0131r, b\u00f6ylece \u0131\u015f\u0131k \u0131\u015f\u0131nlar\u0131 tek bir noktada birle\u015fir. Lazerle d\u00fczeltme, e\u011frili\u011fin d\u00fczeltilmesi ve t\u00fcm \u0131\u015f\u0131k \u0131\u015f\u0131nlar\u0131n\u0131n tek bir odak noktas\u0131nda bulu\u015fmas\u0131n\u0131n sa\u011flanmas\u0131yla ger\u00e7ekle\u015ftirilir. <\/p>\n\n<figure class=\"wp-block-image size-full\"><img loading=\"lazy\" decoding=\"async\" width=\"239\" height=\"174\" class=\"wp-image-211\" src=\"https:\/\/swisslasik.ch\/wp-content\/uploads\/2025\/09\/stabsichtiges_auge.jpg\" alt=\"\"><\/figure>\n\n<p><strong>Alterssichtigkeit (Presbyopie)<\/strong><\/p>\n\n<p>\u0130nsanlar ya\u015fland\u0131k\u00e7a, g\u00f6z merce\u011finin farkl\u0131 mesafelere otomatik olarak odaklanma yetene\u011fi azal\u0131r.<\/p>\n\n<p>Bu ba\u011flant\u0131lar \u00f6zellikle miyop ki\u015filer i\u00e7in \u00f6nemlidir.<\/p>\n\n<p>\u00d6rne\u011fin, hafif miyoplu\u011fu olan (yakla\u015f\u0131k -2 ila -3 diyoptri) bir ki\u015fi, uzaktaki nesneleri net g\u00f6rebilmek i\u00e7in her zaman g\u00f6zl\u00fc\u011fe ihtiya\u00e7 duyar. Bu g\u00f6zl\u00fckler ya\u015fl\u0131l\u0131kta da gereklidir. Ancak, okuma i\u00e7in g\u00f6zl\u00fckler kolayca \u00e7\u0131kar\u0131labilir, b\u00f6ylece ki\u015fi herhangi bir yard\u0131mc\u0131 ara\u00e7 kullanmadan okuyabilir.  <\/p>\n\n<p>Hafif miyopi, ya\u015fl\u0131l\u0131kta g\u00f6zl\u00fcks\u00fcz okumay\u0131 m\u00fcmk\u00fcn k\u0131lar. Ancak, uzak g\u00f6r\u00fc\u015f i\u00e7in (\u00f6rne\u011fin, araba kullanmak, televizyon izlemek vb.) her zaman d\u00fczeltme gereklidir. <\/p>\n\n<p>E\u011fer mevcut miyopi cerrahi olarak d\u00fczeltilirse, g\u00f6zl\u00fck kullanmadan net uzak g\u00f6r\u00fc\u015f m\u00fcmk\u00fcn olur. Ancak, ya\u015f ilerledik\u00e7e, yakla\u015f\u0131k 45 ya\u015f\u0131ndan itibaren, herkeste oldu\u011fu gibi presbiyopi geli\u015fir ve okuma g\u00f6zl\u00fc\u011f\u00fc gerekli hale gelir. <\/p>\n\n<p>Presbiyopi, multifokal veya trifokal lens implantasyonu kullan\u0131larak cerrahi olarak d\u00fczeltilebilir. Daha fazla bilgiyi <a href=\"https:\/\/swisslasik.ch\/home\/augen-lasern\/multifokallinsen\/\" data-type=\"page\" data-id=\"69\">burada <\/a>bulabilirsiniz. <\/p>\n\n<p><strong>Ne t\u00fcr bir g\u00f6rme bozuklu\u011fum var?<\/strong><\/p>\n\n<p>G\u00f6zl\u00fck re\u00e7eteniz, miyopi veya hipermetropi ve astigmatizman\u0131n bir kombinasyonuna sahip olup olmad\u0131\u011f\u0131n\u0131z\u0131 ve k\u0131rma kusurunun ne kadar \u015fiddetli oldu\u011funu size s\u00f6yleyecektir.<\/p>\n\n<p>A\u00e7\u0131klamalar<br>R \/ L: Sa\u011f \/ sol g\u00f6z i\u00e7in de\u011ferler<\/p>\n\n<p>Sph (k\u00fcre): Diyoptri de\u011ferinizi g\u00f6sterir. Miyopi negatif de\u011ferlerle, \u00f6rne\u011fin -5,75 diyoptri (uza\u011f\u0131 g\u00f6remeyen), hipermetropi ise pozitif de\u011ferlerle, \u00f6rne\u011fin +3,5 diyoptri (uza\u011f\u0131 g\u00f6remeyen) g\u00f6sterilir.   <\/p>\n\n<p>Cyl (silindir): Astigmat\u0131n\u0131z\u0131n diyoptri cinsinden de\u011ferini g\u00f6sterir, \u00f6rne\u011fin 1,5 dpt. Pozitif veya negatif i\u015faretin burada bir \u00f6nemi yoktur. <\/p>\n\n<p>Eksen: Astigmatizman\u0131z\u0131n derece cinsinden eksenini g\u00f6sterir. \u00d6rne\u011fimizde, bir g\u00f6zdeki astigmatizman\u0131n y\u00f6n\u00fc 120 derecedir. <\/p>\n\n<p>Ekle: Presbiyopi (ya\u015fl\u0131l\u0131\u011fa ba\u011fl\u0131 yak\u0131n\u0131 g\u00f6rememe) ortaya \u00e7\u0131kt\u0131\u011f\u0131nda de\u011ferini g\u00f6sterir. +2 diyoptri de\u011feri, yak\u0131n g\u00f6r\u00fc\u015f i\u00e7in k\u00fcresel d\u00fczeltmeye eklenir.  <\/p>\n\n<figure class=\"wp-block-image size-full\"><img loading=\"lazy\" decoding=\"async\" width=\"300\" height=\"188\" class=\"wp-image-212\" src=\"https:\/\/swisslasik.ch\/wp-content\/uploads\/2025\/09\/brillenpass_neu-300x188-1.jpg\" alt=\"\"><\/figure>\n\t\t\t\t\t\t\t\t<\/div>\n\t\t\t\t\t<\/div>\n\t\t\t\t<\/div>\n\t\t\t\t<\/div>\n\t\t","protected":false},"excerpt":{"rendered":"<p>G\u00f6z \u00e7evresi Lazer g\u00f6z ameliyat\u0131 G\u00d6Z \u00c7EVRES\u0130 En \u00f6nemli duyu organ\u0131m\u0131z G\u00f6z\u00fcn i\u015flevi, optik uyar\u0131lar\u0131 almak ve bunlar\u0131 beynimize iletmektir. \u0130yi g\u00f6rme ise, net g\u00f6r\u00fcnt\u00fclerin g\u00f6z\u00fcn retinas\u0131na yans\u0131t\u0131lmas\u0131ndan kaynaklan\u0131r. Kornea, mercek ve vitreus s\u0131v\u0131s\u0131ndan olu\u015fan g\u00f6z\u00fcn optik sistemi, gelen \u0131\u015f\u0131k \u0131\u015f\u0131nlar\u0131n\u0131 (g\u00f6rd\u00fc\u011f\u00fcm\u00fcz g\u00f6r\u00fcnt\u00fcleri) retinada tam olarak bulunan bir odak noktas\u0131na do\u011fru y\u00f6nlendirir. Bu genellikle en net g\u00f6r\u00fc\u015f\u00fcn oldu\u011fu noktad\u0131r. Bu y\u00f6nlendirmeye k\u0131r\u0131lma denir. Alg\u0131lad\u0131\u011f\u0131m\u0131z cisimlerden yay\u0131lan \u0131\u015f\u0131k \u00f6nce g\u00f6z y\u00fczeyindeki saydam tabakaya (kornea) ula\u015f\u0131r, ard\u0131ndan mercek taraf\u0131ndan k\u0131r\u0131l\u0131r ve b\u00f6ylece g\u00f6z\u00fcn i\u00e7indeki retinaya odaklan\u0131r. Orada, \u0131\u015f\u0131k retinaya g\u00f6m\u00fcl\u00fc sinirler taraf\u0131ndan alg\u0131lan\u0131r ve optik sinir yoluyla beyindeki alg\u0131lama merkezlerine iletilir; burada bu sinyaller g\u00f6r\u00fcnt\u00fclere d\u00f6n\u00fc\u015ft\u00fcr\u00fcl\u00fcr. Diyoptri (dpt) cinsinden verilen toplam k\u0131r\u0131lma g\u00fcc\u00fc, g\u00f6z\u00fcn optik sisteminin \u00e7e\u015fitli bile\u015fenlerinden kaynaklan\u0131r. Normal g\u00f6z (normal g\u00f6rme = emmetropi) Normal g\u00f6rme yetene\u011fine sahip bir g\u00f6zde, uzak bir noktaya bak\u0131ld\u0131\u011f\u0131nda \u0131\u015f\u0131k \u0131\u015f\u0131nlar\u0131 retinan\u0131n \u0131\u015f\u0131\u011fa duyarl\u0131 tabakas\u0131 \u00fczerinde net bir g\u00f6r\u00fcnt\u00fc olu\u015fturacak \u015fekilde birle\u015fir. Retinam\u0131zda neredeyse sonsuz say\u0131da nokta \u015feklindeki duyu h\u00fccresi taraf\u0131ndan alg\u0131lanan bu g\u00f6r\u00fcnt\u00fc, bir foto\u011fraf makinesinin filmindeki g\u00f6r\u00fcnt\u00fcye benzer \u015fekilde ters ve ba\u015f a\u015fa\u011f\u0131 olu\u015fur. Beynimiz, her iki g\u00f6zden gelen g\u00f6r\u00fcnt\u00fc bilgilerini tek bir b\u00fct\u00fcn h\u00e2linde birle\u015ftirerek g\u00f6rd\u00fc\u011f\u00fcm\u00fcz ve g\u00f6rmek istedi\u011fimiz \u015feyin net bir alg\u0131s\u0131n\u0131 olu\u015fturur. G\u00f6z\u00fcn yap\u0131s\u0131, bir foto\u011fraf makinesinin yap\u0131s\u0131yla \u00e7ok iyi \u015fekilde kar\u015f\u0131la\u015ft\u0131r\u0131labilir. Kornea, cam bir mercek gibi i\u015flev g\u00f6r\u00fcr ve kamera objektifinin en \u00f6n\u00fcndeki merce\u011fe kar\u015f\u0131l\u0131k gelir. G\u00f6z bebe\u011fi, foto\u011fraf makinesindeki diyafram g\u00f6revini \u00fcstlenir. G\u00f6z merce\u011fi ise bir kamera objektifinin i\u00e7inde bulunan di\u011fer cam merceklerle benzer i\u015flevdedir. Retina ise foto\u011fraf makinesindeki filme kar\u015f\u0131l\u0131k gelir. G\u00f6rme bozukluklar\u0131Odak noktas\u0131 tam olarak retina \u00fczerinde de\u011fil de onun \u00f6n\u00fcnde ya da arkas\u0131nda olu\u015fuyorsa, \u00e7evre bulan\u0131k g\u00f6r\u00fcl\u00fcr. Bu duruma k\u0131rma kusuru ya da g\u00f6rme bozuklu\u011fu denir; g\u00fcnl\u00fck dilde g\u00f6rme hatas\u0131 olarak da adland\u0131r\u0131l\u0131r. Orta Avrupa\u2019da n\u00fcfusun yakla\u015f\u0131k y\u00fczde 15\u201320\u2019si miyop, yakla\u015f\u0131k y\u00fczde 5\u2019i ise hipermetroptur. Miyop g\u00f6z (k\u0131sa g\u00f6r\u00fc\u015fl\u00fcl\u00fck = miyopi)Yak\u0131n\u0131 net g\u00f6r\u00fcrs\u00fcn\u00fcz, ancak biraz daha uzaktaki nesneleri bulan\u0131k olarak alg\u0131lars\u0131n\u0131z. G\u00f6z\u00fcn\u00fcz, normalde neredeyse k\u00fcre \u015feklinde olan sa\u011fl\u0131kl\u0131 bir g\u00f6ze k\u0131yasla daha uzun yap\u0131da geli\u015fmi\u015ftir. Bu nedenle g\u00f6ze giren \u0131\u015f\u0131k \u0131\u015f\u0131nlar\u0131n\u0131n odak noktas\u0131 retina \u00fczerinde de\u011fil, retinan\u0131n \u00f6n\u00fcnde olu\u015fur. Bu durumda g\u00f6z\u00fcn\u00fczdeki k\u0131rma kusurunun d\u00fczeltilmesi i\u00e7in gereken de\u011fer, \u00f6rne\u011fin \u22125,75 diyoptri gibi negatif diyoptri de\u011ferleriyle ifade edilir. Uza\u011f\u0131 g\u00f6rememe ne kadar \u015fiddetliyse, (negatif) de\u011fer o kadar y\u00fcksek ve lensler o kadar kal\u0131n olur. Daha iyi ve daha net g\u00f6rebilmeniz i\u00e7in odak noktas\u0131n\u0131n geriye, yani retina \u00fczerine kayd\u0131r\u0131lmas\u0131 gerekir. Lazerle yap\u0131lan optik d\u00fczeltme, kornean\u0131n k\u0131rma g\u00fcc\u00fcn\u00fcn azalt\u0131lmas\u0131yla sa\u011flan\u0131r. Hipermetrop g\u00f6z (uzak g\u00f6r\u00fc\u015fl\u00fcl\u00fck = hipermetropi)Uzak nesneleri net g\u00f6rebilirsiniz, ancak yak\u0131ndaki nesneleri bulan\u0131k g\u00f6r\u00fcrs\u00fcn\u00fcz. Hipermetropide g\u00f6z genellikle normalden daha k\u0131sa yap\u0131da geli\u015fmi\u015ftir. Bu nedenle \u0131\u015f\u0131k \u0131\u015f\u0131nlar\u0131 ancak retinan\u0131n arkas\u0131nda odaklan\u0131r. Miyop g\u00f6zden farkl\u0131 olarak, hipermetropi belirli bir ya\u015fa kadar g\u00f6z merce\u011fi taraf\u0131ndan telafi edilebilir. G\u00f6z merce\u011fi \u015fekil de\u011fi\u015ftirerek (akomodasyon) k\u0131rma g\u00fcc\u00fcn\u00fc art\u0131rabilir ve bu sayede uzak mesafeye bak\u0131ld\u0131\u011f\u0131nda hipermetrop g\u00f6z\u00fcn yetersiz k\u0131rma g\u00fcc\u00fcn\u00fc dengeler. Bu nedenle hipermetrop ki\u015filer, ileri ya\u015flara kadar genellikle uza\u011f\u0131 iyi g\u00f6r\u00fcrler. Sadece \u00e7ok y\u00fcksek dereceli hipermetropide gen\u00e7 ya\u015flarda bile g\u00f6zl\u00fck kullanmak gerekebilir. Buna kar\u015f\u0131l\u0131k hipermetrop ki\u015filerde yak\u0131n okuma yetene\u011finin azalmas\u0131 daha erken ortaya \u00e7\u0131kar, yani ya\u015fa ba\u011fl\u0131 yak\u0131n\u0131 g\u00f6rememe sorunu daha erken hissedilir. Lazerle yap\u0131lan d\u00fczeltme, g\u00f6z\u00fcn optik sisteminin k\u0131rma g\u00fcc\u00fcn\u00fcn art\u0131r\u0131lmas\u0131yla ger\u00e7ekle\u015ftirilir. Hipermetropide g\u00f6z genellikle normalden daha k\u0131sa oldu\u011fu i\u00e7in \u0131\u015f\u0131k \u0131\u015f\u0131nlar\u0131 retinan\u0131n arkas\u0131nda odaklan\u0131r. Astigmatizma (kornea e\u011frili\u011fi = astigmatizma) Hem yak\u0131ndaki hem de uzaktaki nesneleri bozuk olarak g\u00f6r\u00fcrler. Do\u011fadaki bir nokta, sizin alg\u0131n\u0131zda bir \u00e7izgi olarak g\u00f6r\u00fcn\u00fcr. Bu nedenle &#8220;asimetrik g\u00f6r\u00fc\u015f&#8221; ifadesi kullan\u0131l\u0131r. Bunun nedeni genellikle g\u00f6z\u00fcn\u00fcz\u00fcn korneas\u0131n\u0131n k\u00fcreden ziyade yumurta \u015feklinde olmas\u0131d\u0131r. Sonu\u00e7 olarak, \u0131\u015f\u0131k \u0131\u015f\u0131nlar\u0131 farkl\u0131 \u015fekilde k\u0131r\u0131l\u0131r ve tek bir noktada birle\u015fmez, retinaya ula\u015fmadan \u00f6nce da\u011f\u0131l\u0131r. Astigmatizma genellikle miyopi veya hipermetropi ile birlikte g\u00f6r\u00fcl\u00fcr; d\u00fczeltme de\u011feri de diyoptri cinsinden verilir. Kornea y\u00fczeyinin daha k\u00fcresel bir \u015fekle getirilmesiyle d\u00fczeltme yap\u0131l\u0131r, b\u00f6ylece \u0131\u015f\u0131k \u0131\u015f\u0131nlar\u0131 tek bir noktada birle\u015fir. Lazerle d\u00fczeltme, e\u011frili\u011fin d\u00fczeltilmesi ve t\u00fcm \u0131\u015f\u0131k \u0131\u015f\u0131nlar\u0131n\u0131n tek bir odak noktas\u0131nda bulu\u015fmas\u0131n\u0131n sa\u011flanmas\u0131yla ger\u00e7ekle\u015ftirilir. Alterssichtigkeit (Presbyopie) \u0130nsanlar ya\u015fland\u0131k\u00e7a, g\u00f6z merce\u011finin farkl\u0131 mesafelere otomatik olarak odaklanma yetene\u011fi azal\u0131r. Bu ba\u011flant\u0131lar \u00f6zellikle miyop ki\u015filer i\u00e7in \u00f6nemlidir. \u00d6rne\u011fin, hafif miyoplu\u011fu olan (yakla\u015f\u0131k -2 ila -3 diyoptri) bir ki\u015fi, uzaktaki nesneleri net g\u00f6rebilmek i\u00e7in her zaman g\u00f6zl\u00fc\u011fe ihtiya\u00e7 duyar. Bu g\u00f6zl\u00fckler ya\u015fl\u0131l\u0131kta da gereklidir. Ancak, okuma i\u00e7in g\u00f6zl\u00fckler kolayca \u00e7\u0131kar\u0131labilir, b\u00f6ylece ki\u015fi herhangi bir yard\u0131mc\u0131 ara\u00e7 kullanmadan okuyabilir. Hafif miyopi, ya\u015fl\u0131l\u0131kta g\u00f6zl\u00fcks\u00fcz okumay\u0131 m\u00fcmk\u00fcn k\u0131lar. Ancak, uzak g\u00f6r\u00fc\u015f i\u00e7in (\u00f6rne\u011fin, araba kullanmak, televizyon izlemek vb.) her zaman d\u00fczeltme gereklidir. E\u011fer mevcut miyopi cerrahi olarak d\u00fczeltilirse, g\u00f6zl\u00fck kullanmadan net uzak g\u00f6r\u00fc\u015f m\u00fcmk\u00fcn olur. Ancak, ya\u015f ilerledik\u00e7e, yakla\u015f\u0131k 45 ya\u015f\u0131ndan itibaren, herkeste oldu\u011fu gibi presbiyopi geli\u015fir ve okuma g\u00f6zl\u00fc\u011f\u00fc gerekli hale gelir. Presbiyopi, multifokal veya trifokal lens implantasyonu kullan\u0131larak cerrahi olarak d\u00fczeltilebilir. Daha fazla bilgiyi burada bulabilirsiniz. Ne t\u00fcr bir g\u00f6rme bozuklu\u011fum var? G\u00f6zl\u00fck re\u00e7eteniz, miyopi veya hipermetropi ve astigmatizman\u0131n bir kombinasyonuna sahip olup olmad\u0131\u011f\u0131n\u0131z\u0131 ve k\u0131rma kusurunun ne kadar \u015fiddetli oldu\u011funu size s\u00f6yleyecektir. A\u00e7\u0131klamalarR \/ L: Sa\u011f \/ sol g\u00f6z i\u00e7in de\u011ferler Sph (k\u00fcre): Diyoptri de\u011ferinizi g\u00f6sterir. Miyopi negatif de\u011ferlerle, \u00f6rne\u011fin -5,75 diyoptri (uza\u011f\u0131 g\u00f6remeyen), hipermetropi ise pozitif de\u011ferlerle, \u00f6rne\u011fin +3,5 diyoptri (uza\u011f\u0131 g\u00f6remeyen) g\u00f6sterilir. Cyl (silindir): Astigmat\u0131n\u0131z\u0131n diyoptri cinsinden de\u011ferini g\u00f6sterir, \u00f6rne\u011fin 1,5 dpt. Pozitif veya negatif i\u015faretin burada bir \u00f6nemi yoktur. Eksen: Astigmatizman\u0131z\u0131n derece cinsinden eksenini g\u00f6sterir. \u00d6rne\u011fimizde, bir g\u00f6zdeki astigmatizman\u0131n y\u00f6n\u00fc 120 derecedir. Ekle: Presbiyopi (ya\u015fl\u0131l\u0131\u011fa ba\u011fl\u0131 yak\u0131n\u0131 g\u00f6rememe) ortaya \u00e7\u0131kt\u0131\u011f\u0131nda de\u011ferini g\u00f6sterir. +2 diyoptri de\u011feri, yak\u0131n g\u00f6r\u00fc\u015f i\u00e7in k\u00fcresel d\u00fczeltmeye eklenir.<\/p>\n","protected":false},"author":4,"featured_media":0,"parent":3515,"menu_order":0,"comment_status":"closed","ping_status":"closed","template":"","meta":{"_joinchat":[],"footnotes":""},"class_list":["post-3525","page","type-page","status-publish","hentry"],"acf":[],"_links":{"self":[{"href":"https:\/\/swisslasik.ch\/tr\/wp-json\/wp\/v2\/pages\/3525","targetHints":{"allow":["GET"]}}],"collection":[{"href":"https:\/\/swisslasik.ch\/tr\/wp-json\/wp\/v2\/pages"}],"about":[{"href":"https:\/\/swisslasik.ch\/tr\/wp-json\/wp\/v2\/types\/page"}],"author":[{"embeddable":true,"href":"https:\/\/swisslasik.ch\/tr\/wp-json\/wp\/v2\/users\/4"}],"replies":[{"embeddable":true,"href":"https:\/\/swisslasik.ch\/tr\/wp-json\/wp\/v2\/comments?post=3525"}],"version-history":[{"count":3,"href":"https:\/\/swisslasik.ch\/tr\/wp-json\/wp\/v2\/pages\/3525\/revisions"}],"predecessor-version":[{"id":3528,"href":"https:\/\/swisslasik.ch\/tr\/wp-json\/wp\/v2\/pages\/3525\/revisions\/3528"}],"up":[{"embeddable":true,"href":"https:\/\/swisslasik.ch\/tr\/wp-json\/wp\/v2\/pages\/3515"}],"wp:attachment":[{"href":"https:\/\/swisslasik.ch\/tr\/wp-json\/wp\/v2\/media?parent=3525"}],"curies":[{"name":"wp","href":"https:\/\/api.w.org\/{rel}","templated":true}]}}