{"id":3537,"date":"2025-10-06T11:57:16","date_gmt":"2025-10-06T10:57:16","guid":{"rendered":"https:\/\/swisslasik.ch\/sac-ekimi\/hizmet-yelpazesi\/prp\/"},"modified":"2026-01-08T15:49:20","modified_gmt":"2026-01-08T14:49:20","slug":"prp","status":"publish","type":"page","link":"https:\/\/swisslasik.ch\/tr\/sac-ekimi\/hizmet-yelpazesi\/prp\/","title":{"rendered":"PRP"},"content":{"rendered":"\n<h2 class=\"wp-block-heading\">T\u00dcRK\u0130YE&#8217;DE SA\u00c7 EK\u0130M\u0130<\/h2>\n\n<h3 class=\"wp-block-heading\">PRP SA\u00c7 TEDAV\u0130LER\u0130<\/h3>\n\n<p>PRP (Trombositten Zengin Plazma) Nedir?<br\/>PRP, sa\u00e7 ekimi sonras\u0131 yara iyile\u015fmesini ve sa\u00e7 b\u00fcy\u00fcmesini h\u0131zland\u0131rmak i\u00e7in kullan\u0131l\u0131r. PRP tedavisi, d\u00f6k\u00fclmeye yatk\u0131n zay\u0131f sa\u00e7 k\u00f6klerini canland\u0131rmay\u0131 ama\u00e7lar. PRP ile tedavi edilen hastalarda, tedavi edilen b\u00f6lgedeki sa\u00e7lar\u0131n daha az ince oldu\u011fu ve sa\u00e7 tellerinin kal\u0131nla\u015ft\u0131\u011f\u0131 g\u00f6zlemlenmi\u015ftir.  <\/p>\n\n<p>Sa\u00e7 ekimi ameliyat\u0131ndan sonra PRP tedavisi alan hastalarda yara iyile\u015fmesi daha h\u0131zl\u0131 ger\u00e7ekle\u015fir. \u0130\u015flemden sonra ortaya \u00e7\u0131kan k\u0131rm\u0131z\u0131 lekeler ve kabuklar daha \u00e7abuk kaybolur ve ekilen sa\u00e7 k\u00f6klerinin sa\u00e7 b\u00fcy\u00fcme potansiyeli daha y\u00fcksek olur. <\/p>\n\n<p>PRP, trombosit say\u0131s\u0131 art\u0131r\u0131lm\u0131\u015f, hastadan elde edilen plazmad\u0131r. PRP i\u00e7in hastan\u0131n kendi kan\u0131 kullan\u0131l\u0131r. Esasen, PRP ameliyattan \u00f6nce kendi kan\u0131n\u0131z\u0131 ba\u011f\u0131\u015flamaya benzer. Hastan\u0131n kendi kan\u0131 kullan\u0131ld\u0131\u011f\u0131 i\u00e7in herhangi bir ba\u011f\u0131\u015f\u0131kl\u0131k reaksiyonu g\u00f6zlemlenmemi\u015ftir. PRP alerjik reaksiyonlara neden olmaz.    <\/p>\n\n<figure class=\"wp-block-image size-full\"><img fetchpriority=\"high\" decoding=\"async\" width=\"449\" height=\"200\" src=\"https:\/\/swisslasik.ch\/wp-content\/uploads\/2025\/10\/csm_prp_01_70f176303f.jpg\" alt=\"\" class=\"wp-image-1341\" srcset=\"https:\/\/swisslasik.ch\/wp-content\/uploads\/2025\/10\/csm_prp_01_70f176303f.jpg 449w, https:\/\/swisslasik.ch\/wp-content\/uploads\/2025\/10\/csm_prp_01_70f176303f-300x134.jpg 300w\" sizes=\"(max-width: 449px) 100vw, 449px\" \/><\/figure>\n\n<p id=\"caption-attachment-672\">Daha g\u00fc\u00e7l\u00fc sa\u00e7lar i\u00e7in PRP sa\u00e7 bak\u0131m\u0131<\/p>\n\n<p><strong>PRP nas\u0131l \u00fcretilir?<\/strong><\/p>\n\n<ol class=\"wp-block-list\">\n<li>Herhangi bir laboratuvar kan testinde oldu\u011fu gibi, PRP ile tedavi edilecek hastadan yakla\u015f\u0131k 10 cc kan al\u0131n\u0131r.<\/li>\n\n\n\n<li>Kan, steril bir ortamda \u00f6zel bir cihaza aktar\u0131l\u0131r ve plazma i\u00e7indeki trombosit yo\u011funlu\u011funu art\u0131rmak amac\u0131yla i\u015flenir.<\/li>\n\n\n\n<li>H\u00fccreler santrif\u00fcjleme yoluyla ayr\u0131l\u0131r ve kan plazmas\u0131ndaki trombosit konsantrasyonu bir\u00e7ok kat artar.<\/li>\n<\/ol>\n\n<p>Bu i\u015flem, PRP&#8217;deki trombosit say\u0131s\u0131n\u0131 d\u00f6rt ila sekiz kat art\u0131rabilir. \u00c7al\u0131\u015fmalar, sa\u00e7 folik\u00fclleri \u00fczerindeki olumlu etkisinin trombositlerdeki b\u00fcy\u00fcme fakt\u00f6rlerine ba\u011fl\u0131 oldu\u011funu g\u00f6stermi\u015ftir. <\/p>\n\n<p><strong>PRP nas\u0131l uygulan\u0131r?<\/strong><\/p>\n\n<p>PRP, k\u0131l k\u00f6k\u00fcn\u00fcn alt\u0131na deri alt\u0131na enjekte edilir. Enjeksiyon a\u011fr\u0131s\u0131z ve h\u0131zl\u0131d\u0131r (2-3 dakika). Hasta hemen normal g\u00fcnl\u00fck aktivitelerine d\u00f6nebilir; \u015fi\u015flik veya morarma olmaz.  <\/p>\n\n<p><strong>PRP tedavisi kimlere uygulanabilir?<\/strong><\/p>\n\n<p>Mevsimsel veya genetik sa\u00e7 d\u00f6k\u00fclmesi ya\u015fayan ve sa\u00e7lar\u0131 incelip zay\u0131flayan herkes PRP tedavisi g\u00f6rebilir.<\/p>\n\n<p><strong>Sa\u00e7 ekiminde PRP<\/strong><\/p>\n\n<p>PRP, sa\u00e7 ekiminde \u00fc\u00e7 i\u015flevi yerine getirir:<\/p>\n\n<ol class=\"wp-block-list\">\n<li>Sa\u00e7 ekimi (FUE ve PRP ile) sonras\u0131nda sa\u00e7 folik\u00fcllerinin canl\u0131l\u0131\u011f\u0131n\u0131n art\u0131r\u0131lmas\u0131<\/li>\n\n\n\n<li>Sa\u00e7 ekimi sonras\u0131 daha h\u0131zl\u0131 iyile\u015fme<\/li>\n\n\n\n<li>Sa\u00e7 ekimi sonras\u0131 nakledilen sa\u00e7 k\u00f6klerinin canland\u0131r\u0131lmas\u0131 ve uyar\u0131lmas\u0131.<\/li>\n<\/ol>\n\n<p>Don\u00f6r b\u00f6lgeden al\u0131nan sa\u00e7 k\u00f6klerinin al\u0131c\u0131 b\u00f6lgeye nakledilmesi biraz zaman al\u0131r. Bu s\u00fcre boyunca sa\u00e7 k\u00f6klerinin canl\u0131l\u0131\u011f\u0131n\u0131n korunmas\u0131 \u00e7ok \u00f6nemlidir. Bunu sa\u011flamak i\u00e7in, al\u0131nan sa\u00e7 k\u00f6kleri \u00f6zel olarak haz\u0131rlanm\u0131\u015f, so\u011futulmu\u015f bir \u00e7\u00f6zeltide saklan\u0131r.  <\/p>\n\n<p>Yeni bir y\u00f6ntemde, PRP saklama sol\u00fcsyonuna eklenir veya sa\u00e7 folik\u00fclleri do\u011frudan PRP sol\u00fcsyonu ile y\u0131kan\u0131r ve olumlu etki hemen g\u00f6r\u00fcl\u00fcr. PRP enjeksiyonu, sa\u00e7 folik\u00fcllerinin canl\u0131l\u0131\u011f\u0131 \u00fczerinde olumlu bir etkiye sahiptir, yara iyile\u015fmesini h\u0131zland\u0131r\u0131r ve sa\u00e7 b\u00fcy\u00fcmesini uyar\u0131r. <\/p>\n\n<p><strong>PRP&#8217;nin yan etkileri var m\u0131?<\/strong><\/p>\n\n<p>PRP i\u00e7in hastan\u0131n kendi kan\u0131 kullan\u0131l\u0131r. Alerjik reaksiyon veya enfeksiyon riski yoktur. Esasen ki\u015finin kendi kan\u0131n\u0131 ba\u011f\u0131\u015flamas\u0131yla ayn\u0131 i\u015flemdir.  <\/p>\n\n<p>PRP tedavisinin etkileri ki\u015fiden ki\u015fiye de\u011fi\u015febilir. PRP tedavisi destekleyici bir etkiye sahiptir; tedavi sonras\u0131 d\u00f6neme ili\u015fkin beklentiler ger\u00e7ek\u00e7i olmal\u0131d\u0131r. Tedavi yaln\u0131zca fiziksel iyile\u015fmeyi destekler.  <\/p>\n\n<p>H\u00e2l\u00e2 sorular\u0131n\u0131z var m\u0131? Sizinle ileti\u015fime ge\u00e7menizi b\u00fcy\u00fck bir <a href=\"https:\/\/swisslasik.ch\/home\/kontakt\/\" data-type=\"page\" data-id=\"97\">memnuniyetle bekliyoruz.<\/a><\/p>\n","protected":false},"excerpt":{"rendered":"<p>T\u00dcRK\u0130YE&#8217;DE SA\u00c7 EK\u0130M\u0130 PRP SA\u00c7 TEDAV\u0130LER\u0130 PRP (Trombositten Zengin Plazma) Nedir?PRP, sa\u00e7 ekimi sonras\u0131 yara iyile\u015fmesini ve sa\u00e7 b\u00fcy\u00fcmesini h\u0131zland\u0131rmak i\u00e7in kullan\u0131l\u0131r. PRP tedavisi, d\u00f6k\u00fclmeye yatk\u0131n zay\u0131f sa\u00e7 k\u00f6klerini canland\u0131rmay\u0131 ama\u00e7lar. PRP ile tedavi edilen hastalarda, tedavi edilen b\u00f6lgedeki sa\u00e7lar\u0131n daha az ince oldu\u011fu ve sa\u00e7 tellerinin kal\u0131nla\u015ft\u0131\u011f\u0131 g\u00f6zlemlenmi\u015ftir. Sa\u00e7 ekimi ameliyat\u0131ndan sonra PRP tedavisi alan hastalarda yara iyile\u015fmesi daha h\u0131zl\u0131 ger\u00e7ekle\u015fir. \u0130\u015flemden sonra ortaya \u00e7\u0131kan k\u0131rm\u0131z\u0131 lekeler ve kabuklar daha \u00e7abuk kaybolur ve ekilen sa\u00e7 k\u00f6klerinin sa\u00e7 b\u00fcy\u00fcme potansiyeli daha y\u00fcksek olur. PRP, trombosit say\u0131s\u0131 art\u0131r\u0131lm\u0131\u015f, hastadan elde edilen plazmad\u0131r. PRP i\u00e7in hastan\u0131n kendi kan\u0131 kullan\u0131l\u0131r. Esasen, PRP ameliyattan \u00f6nce kendi kan\u0131n\u0131z\u0131 ba\u011f\u0131\u015flamaya benzer. Hastan\u0131n kendi kan\u0131 kullan\u0131ld\u0131\u011f\u0131 i\u00e7in herhangi bir ba\u011f\u0131\u015f\u0131kl\u0131k reaksiyonu g\u00f6zlemlenmemi\u015ftir. PRP alerjik reaksiyonlara neden olmaz. Daha g\u00fc\u00e7l\u00fc sa\u00e7lar i\u00e7in PRP sa\u00e7 bak\u0131m\u0131 PRP nas\u0131l \u00fcretilir? Bu i\u015flem, PRP&#8217;deki trombosit say\u0131s\u0131n\u0131 d\u00f6rt ila sekiz kat art\u0131rabilir. \u00c7al\u0131\u015fmalar, sa\u00e7 folik\u00fclleri \u00fczerindeki olumlu etkisinin trombositlerdeki b\u00fcy\u00fcme fakt\u00f6rlerine ba\u011fl\u0131 oldu\u011funu g\u00f6stermi\u015ftir. PRP nas\u0131l uygulan\u0131r? PRP, k\u0131l k\u00f6k\u00fcn\u00fcn alt\u0131na deri alt\u0131na enjekte edilir. Enjeksiyon a\u011fr\u0131s\u0131z ve h\u0131zl\u0131d\u0131r (2-3 dakika). Hasta hemen normal g\u00fcnl\u00fck aktivitelerine d\u00f6nebilir; \u015fi\u015flik veya morarma olmaz. PRP tedavisi kimlere uygulanabilir? Mevsimsel veya genetik sa\u00e7 d\u00f6k\u00fclmesi ya\u015fayan ve sa\u00e7lar\u0131 incelip zay\u0131flayan herkes PRP tedavisi g\u00f6rebilir. Sa\u00e7 ekiminde PRP PRP, sa\u00e7 ekiminde \u00fc\u00e7 i\u015flevi yerine getirir: Don\u00f6r b\u00f6lgeden al\u0131nan sa\u00e7 k\u00f6klerinin al\u0131c\u0131 b\u00f6lgeye nakledilmesi biraz zaman al\u0131r. Bu s\u00fcre boyunca sa\u00e7 k\u00f6klerinin canl\u0131l\u0131\u011f\u0131n\u0131n korunmas\u0131 \u00e7ok \u00f6nemlidir. Bunu sa\u011flamak i\u00e7in, al\u0131nan sa\u00e7 k\u00f6kleri \u00f6zel olarak haz\u0131rlanm\u0131\u015f, so\u011futulmu\u015f bir \u00e7\u00f6zeltide saklan\u0131r. Yeni bir y\u00f6ntemde, PRP saklama sol\u00fcsyonuna eklenir veya sa\u00e7 folik\u00fclleri do\u011frudan PRP sol\u00fcsyonu ile y\u0131kan\u0131r ve olumlu etki hemen g\u00f6r\u00fcl\u00fcr. PRP enjeksiyonu, sa\u00e7 folik\u00fcllerinin canl\u0131l\u0131\u011f\u0131 \u00fczerinde olumlu bir etkiye sahiptir, yara iyile\u015fmesini h\u0131zland\u0131r\u0131r ve sa\u00e7 b\u00fcy\u00fcmesini uyar\u0131r. PRP&#8217;nin yan etkileri var m\u0131? PRP i\u00e7in hastan\u0131n kendi kan\u0131 kullan\u0131l\u0131r. Alerjik reaksiyon veya enfeksiyon riski yoktur. Esasen ki\u015finin kendi kan\u0131n\u0131 ba\u011f\u0131\u015flamas\u0131yla ayn\u0131 i\u015flemdir. PRP tedavisinin etkileri ki\u015fiden ki\u015fiye de\u011fi\u015febilir. PRP tedavisi destekleyici bir etkiye sahiptir; tedavi sonras\u0131 d\u00f6neme ili\u015fkin beklentiler ger\u00e7ek\u00e7i olmal\u0131d\u0131r. Tedavi yaln\u0131zca fiziksel iyile\u015fmeyi destekler. H\u00e2l\u00e2 sorular\u0131n\u0131z var m\u0131? Sizinle ileti\u015fime ge\u00e7menizi b\u00fcy\u00fck bir memnuniyetle bekliyoruz.<\/p>\n","protected":false},"author":4,"featured_media":0,"parent":3535,"menu_order":0,"comment_status":"closed","ping_status":"closed","template":"","meta":{"_joinchat":[],"footnotes":""},"class_list":["post-3537","page","type-page","status-publish","hentry"],"acf":[],"_links":{"self":[{"href":"https:\/\/swisslasik.ch\/tr\/wp-json\/wp\/v2\/pages\/3537","targetHints":{"allow":["GET"]}}],"collection":[{"href":"https:\/\/swisslasik.ch\/tr\/wp-json\/wp\/v2\/pages"}],"about":[{"href":"https:\/\/swisslasik.ch\/tr\/wp-json\/wp\/v2\/types\/page"}],"author":[{"embeddable":true,"href":"https:\/\/swisslasik.ch\/tr\/wp-json\/wp\/v2\/users\/4"}],"replies":[{"embeddable":true,"href":"https:\/\/swisslasik.ch\/tr\/wp-json\/wp\/v2\/comments?post=3537"}],"version-history":[{"count":1,"href":"https:\/\/swisslasik.ch\/tr\/wp-json\/wp\/v2\/pages\/3537\/revisions"}],"predecessor-version":[{"id":3538,"href":"https:\/\/swisslasik.ch\/tr\/wp-json\/wp\/v2\/pages\/3537\/revisions\/3538"}],"up":[{"embeddable":true,"href":"https:\/\/swisslasik.ch\/tr\/wp-json\/wp\/v2\/pages\/3535"}],"wp:attachment":[{"href":"https:\/\/swisslasik.ch\/tr\/wp-json\/wp\/v2\/media?parent=3537"}],"curies":[{"name":"wp","href":"https:\/\/api.w.org\/{rel}","templated":true}]}}