{"id":3539,"date":"2025-10-06T12:03:14","date_gmt":"2025-10-06T11:03:14","guid":{"rendered":"https:\/\/swisslasik.ch\/sac-ekimi\/hizmet-yelpazesi\/koek-huecre-tedavileri\/"},"modified":"2026-01-08T15:51:04","modified_gmt":"2026-01-08T14:51:04","slug":"koek-huecre-tedavileri","status":"publish","type":"page","link":"https:\/\/swisslasik.ch\/tr\/sac-ekimi\/hizmet-yelpazesi\/koek-huecre-tedavileri\/","title":{"rendered":"K\u00f6k h\u00fccre tedavileri"},"content":{"rendered":"\n<h3 class=\"wp-block-heading\">K\u00f6k h\u00fccre sa\u00e7 tedavileri<\/h3>\n\n<p>K\u00f6k h\u00fccre sa\u00e7 terapisi, sa\u00e7 k\u00f6klerinde ve sa\u00e7 derisinde do\u011fal yenilenme s\u00fcre\u00e7lerini uyarmak i\u00e7in tasarlanm\u0131\u015f bir sa\u00e7 tedavisidir.<\/p>\n\n<p>Stres, genel sa\u011fl\u0131k durumu ve ya\u015f, sa\u00e7\u0131n durumunu ve yenilenme yetene\u011fini etkiler.<\/p>\n\n<p>Sa\u00e7 d\u00f6k\u00fclmesini tedavi etmek i\u00e7in k\u00f6k h\u00fccre elde etmek amac\u0131yla, hastan\u0131n iki k\u00f6k h\u00fccre rezervuar\u0131n\u0131 kullan\u0131yoruz. Birinci rezervuar, ya\u011f dokusudur ve buradan ya\u011f k\u00f6k h\u00fccreleri \u00e7\u0131kar\u0131l\u0131r; ikinci rezervuar ise sa\u00e7 folik\u00fcl\u00fcd\u00fcr ve buradan sa\u00e7 folik\u00fcl\u00fc k\u00f6k h\u00fccreleri \u00e7\u0131kar\u0131l\u0131r. <\/p>\n\n<h3 class=\"wp-block-heading\">Ya\u011f k\u00f6k h\u00fccreleri nas\u0131l elde edilir ve sa\u00e7 d\u00f6k\u00fclmesini tedavi etmek i\u00e7in nas\u0131l kullan\u0131l\u0131r?<\/h3>\n\n<p>Hastadan bir \u015f\u0131r\u0131nga yard\u0131m\u0131yla az miktarda deri alt\u0131 ya\u011f dokusu al\u0131n\u0131r. Bu i\u015flem lokal anestezi alt\u0131nda, deride k\u00fc\u00e7\u00fck bir mikro kesi yoluyla yap\u0131l\u0131r ve hasta i\u00e7in a\u011fr\u0131s\u0131zd\u0131r. <\/p>\n\n<p>Hasat edilen ya\u011f dokusu daha sonra \u00f6zel bir y\u00f6ntem kullan\u0131larak i\u015flenir ve ya\u011f k\u00f6k h\u00fccreleri i\u00e7eren bir h\u00fccre em\u00fclsiyonu olu\u015fturulur; bu em\u00fclsiyona &#8220;nano-ya\u011f&#8221; da denir. K\u00f6k h\u00fccre i\u00e7eren bu nano-ya\u011f daha sonra sa\u00e7 d\u00f6k\u00fclmesinden etkilenen kafa derisine enjekte edilir. <\/p>\n\n<h3 class=\"wp-block-heading\"><strong>Ya\u011f k\u00f6k h\u00fccreleri sa\u00e7 d\u00f6k\u00fclmesine kar\u015f\u0131 nas\u0131l yard\u0131mc\u0131 olur?<\/strong><\/h3>\n\n<p>Otojen ya\u011f dokusundan elde edilen k\u00f6k h\u00fccreler, \u00e7e\u015fitli h\u00fccre tiplerinden olu\u015fan mezenkimal k\u00f6k h\u00fccreler olarak adland\u0131r\u0131l\u0131r. \u0130zole edilen k\u00f6k h\u00fccreler aras\u0131nda ya\u011f \u00f6nc\u00fc h\u00fccrelerine ek olarak endotel h\u00fccreleri, fibroblastlar, makrofajlar ve kan h\u00fccreleri bulunur. Bu heterojen k\u00f6k h\u00fccre kar\u0131\u015f\u0131m\u0131na &#8220;stromal vask\u00fcler fraksiyon\/SVF&#8221; ad\u0131 verilir ve farkl\u0131la\u015fma potansiyeli nedeniyle \u00e7ok potansiyelli k\u00f6k h\u00fccreler grubuna aittir.  <\/p>\n\n<p>Ya\u011f k\u00f6k h\u00fccreleri, \u00e7e\u015fitli rejeneratif mekanizmalar yoluyla sa\u00e7 d\u00f6k\u00fclmesini \u00f6nleyen belirli b\u00fcy\u00fcme fakt\u00f6rleri \u00fcretir.<\/p>\n\n<p>H\u00e2l\u00e2 sorular\u0131n\u0131z var m\u0131? Bug\u00fcn bizimle <a href=\"https:\/\/swisslasik.ch\/home\/kontakt\/\" data-type=\"page\" data-id=\"97\">buradan <\/a>veya <a href=\"https:\/\/web.whatsapp.com\/send?phone=41%2078%20737%2035%2041&amp;text=&amp;source=&amp;data=\" rel=\"nofollow noopener\" target=\"_blank\">WhatsApp <\/a>\u00fczerinden ileti\u015fime ge\u00e7in.<\/p>\n","protected":false},"excerpt":{"rendered":"<p>K\u00f6k h\u00fccre sa\u00e7 tedavileri K\u00f6k h\u00fccre sa\u00e7 terapisi, sa\u00e7 k\u00f6klerinde ve sa\u00e7 derisinde do\u011fal yenilenme s\u00fcre\u00e7lerini uyarmak i\u00e7in tasarlanm\u0131\u015f bir sa\u00e7 tedavisidir. Stres, genel sa\u011fl\u0131k durumu ve ya\u015f, sa\u00e7\u0131n durumunu ve yenilenme yetene\u011fini etkiler. Sa\u00e7 d\u00f6k\u00fclmesini tedavi etmek i\u00e7in k\u00f6k h\u00fccre elde etmek amac\u0131yla, hastan\u0131n iki k\u00f6k h\u00fccre rezervuar\u0131n\u0131 kullan\u0131yoruz. Birinci rezervuar, ya\u011f dokusudur ve buradan ya\u011f k\u00f6k h\u00fccreleri \u00e7\u0131kar\u0131l\u0131r; ikinci rezervuar ise sa\u00e7 folik\u00fcl\u00fcd\u00fcr ve buradan sa\u00e7 folik\u00fcl\u00fc k\u00f6k h\u00fccreleri \u00e7\u0131kar\u0131l\u0131r. Ya\u011f k\u00f6k h\u00fccreleri nas\u0131l elde edilir ve sa\u00e7 d\u00f6k\u00fclmesini tedavi etmek i\u00e7in nas\u0131l kullan\u0131l\u0131r? Hastadan bir \u015f\u0131r\u0131nga yard\u0131m\u0131yla az miktarda deri alt\u0131 ya\u011f dokusu al\u0131n\u0131r. Bu i\u015flem lokal anestezi alt\u0131nda, deride k\u00fc\u00e7\u00fck bir mikro kesi yoluyla yap\u0131l\u0131r ve hasta i\u00e7in a\u011fr\u0131s\u0131zd\u0131r. Hasat edilen ya\u011f dokusu daha sonra \u00f6zel bir y\u00f6ntem kullan\u0131larak i\u015flenir ve ya\u011f k\u00f6k h\u00fccreleri i\u00e7eren bir h\u00fccre em\u00fclsiyonu olu\u015fturulur; bu em\u00fclsiyona &#8220;nano-ya\u011f&#8221; da denir. K\u00f6k h\u00fccre i\u00e7eren bu nano-ya\u011f daha sonra sa\u00e7 d\u00f6k\u00fclmesinden etkilenen kafa derisine enjekte edilir. Ya\u011f k\u00f6k h\u00fccreleri sa\u00e7 d\u00f6k\u00fclmesine kar\u015f\u0131 nas\u0131l yard\u0131mc\u0131 olur? Otojen ya\u011f dokusundan elde edilen k\u00f6k h\u00fccreler, \u00e7e\u015fitli h\u00fccre tiplerinden olu\u015fan mezenkimal k\u00f6k h\u00fccreler olarak adland\u0131r\u0131l\u0131r. \u0130zole edilen k\u00f6k h\u00fccreler aras\u0131nda ya\u011f \u00f6nc\u00fc h\u00fccrelerine ek olarak endotel h\u00fccreleri, fibroblastlar, makrofajlar ve kan h\u00fccreleri bulunur. Bu heterojen k\u00f6k h\u00fccre kar\u0131\u015f\u0131m\u0131na &#8220;stromal vask\u00fcler fraksiyon\/SVF&#8221; ad\u0131 verilir ve farkl\u0131la\u015fma potansiyeli nedeniyle \u00e7ok potansiyelli k\u00f6k h\u00fccreler grubuna aittir. Ya\u011f k\u00f6k h\u00fccreleri, \u00e7e\u015fitli rejeneratif mekanizmalar yoluyla sa\u00e7 d\u00f6k\u00fclmesini \u00f6nleyen belirli b\u00fcy\u00fcme fakt\u00f6rleri \u00fcretir. H\u00e2l\u00e2 sorular\u0131n\u0131z var m\u0131? Bug\u00fcn bizimle buradan veya WhatsApp \u00fczerinden ileti\u015fime ge\u00e7in.<\/p>\n","protected":false},"author":4,"featured_media":0,"parent":3535,"menu_order":0,"comment_status":"closed","ping_status":"closed","template":"","meta":{"_joinchat":[],"footnotes":""},"class_list":["post-3539","page","type-page","status-publish","hentry"],"acf":[],"_links":{"self":[{"href":"https:\/\/swisslasik.ch\/tr\/wp-json\/wp\/v2\/pages\/3539","targetHints":{"allow":["GET"]}}],"collection":[{"href":"https:\/\/swisslasik.ch\/tr\/wp-json\/wp\/v2\/pages"}],"about":[{"href":"https:\/\/swisslasik.ch\/tr\/wp-json\/wp\/v2\/types\/page"}],"author":[{"embeddable":true,"href":"https:\/\/swisslasik.ch\/tr\/wp-json\/wp\/v2\/users\/4"}],"replies":[{"embeddable":true,"href":"https:\/\/swisslasik.ch\/tr\/wp-json\/wp\/v2\/comments?post=3539"}],"version-history":[{"count":1,"href":"https:\/\/swisslasik.ch\/tr\/wp-json\/wp\/v2\/pages\/3539\/revisions"}],"predecessor-version":[{"id":3540,"href":"https:\/\/swisslasik.ch\/tr\/wp-json\/wp\/v2\/pages\/3539\/revisions\/3540"}],"up":[{"embeddable":true,"href":"https:\/\/swisslasik.ch\/tr\/wp-json\/wp\/v2\/pages\/3535"}],"wp:attachment":[{"href":"https:\/\/swisslasik.ch\/tr\/wp-json\/wp\/v2\/media?parent=3539"}],"curies":[{"name":"wp","href":"https:\/\/api.w.org\/{rel}","templated":true}]}}