{"id":3542,"date":"2025-09-17T13:01:25","date_gmt":"2025-09-17T12:01:25","guid":{"rendered":"https:\/\/swisslasik.ch\/ana-sayfa\/"},"modified":"2026-01-08T16:14:34","modified_gmt":"2026-01-08T15:14:34","slug":"ana-sayfa","status":"publish","type":"page","link":"https:\/\/swisslasik.ch\/tr\/","title":{"rendered":"Ana Sayfa"},"content":{"rendered":"\t\t<div data-elementor-type=\"wp-page\" data-elementor-id=\"3542\" class=\"elementor elementor-3542 elementor-6\" data-elementor-post-type=\"page\">\n\t\t\t\t<div class=\"elementor-element elementor-element-546d893 e-flex e-con-boxed wpr-particle-no wpr-jarallax-no wpr-parallax-no wpr-sticky-section-no e-con e-parent\" data-id=\"546d893\" data-element_type=\"container\" data-e-type=\"container\">\n\t\t\t\t\t<div class=\"e-con-inner\">\n\t\t\t\t<div class=\"elementor-element elementor-element-750e5562 elementor-widget elementor-widget-text-editor\" data-id=\"750e5562\" data-element_type=\"widget\" data-e-type=\"widget\" data-widget_type=\"text-editor.default\">\n\t\t\t\t\t\t\t\t\t<p><\/p>\n<p>\u00dcCRETS\u0130Z G\u00d6Z LAZER HIZLI MUAYENES\u0130!<\/p>\n<p><\/p>\n<p>G\u00d6ZLER\u0130N\u0130Z LASIK AMEL\u0130YATI \u0130\u00c7\u0130N UYGUN MU?<\/p>\n<p><\/p>\n<p>Bern&#8217;de veya 31 Ocak&#8217;ta Zug&#8217;da diledi\u011finiz zaman \u00fccretsiz g\u00f6z muayenesi yapt\u0131r\u0131n. Hemen <strong><a href=\"https:\/\/swisslasik.ch\/kontakt\/\" data-type=\"page\" data-id=\"97\">buradan <\/a><\/strong>veya <a href=\"https:\/\/wa.me\/41787373541\" rel=\"nofollow noopener\" target=\"_blank\">WhatsApp \u00fczerinden (078 737 35 41)<\/a> kay\u0131t olun ve bu f\u0131rsattan yararlan\u0131n. <\/p>\n<p><\/p>\n<hr class=\"wp-block-separator has-alpha-channel-opacity\">\n<p><\/p>\n<h3 class=\"wp-block-heading\">Lazer g\u00f6z ameliyat\u0131 seyahati &#8211; LASIK ameliyat\u0131 &#8211; lazer g\u00f6z ameliyat\u0131<\/h3>\n<p><\/p>\n<p>SwissLasik, <a href=\"https:\/\/swisslasik.ch\/lasik-in-istanbul\/birinci-augenklinik\/\" data-type=\"page\" data-id=\"18\">\u0130stanbul<\/a>, <a href=\"https:\/\/swisslasik.ch\/tr\/lasik-teklifi\/izmirde-goez-lazeri-lasik-islemi\/izmirdeki-goez-klinigi\/\" data-type=\"page\" data-id=\"31\">\u0130zmir<\/a>, <a href=\"https:\/\/swisslasik.ch\/tr\/lasik-teklifi\/antalyada-lasik-lazer-goez-ameliyati\/antalya-duenya-lazer-goez-klinigi\/\" data-type=\"page\" data-id=\"37\">Antalya <\/a>ve T\u00fcrkiye genelindeki en iyi<a href=\"https:\/\/swisslasik.ch\/lasik-in-istanbul\/augenklinik-acibadem\/\" data-type=\"page\" data-id=\"16\"> g\u00f6z klinikleri <\/a>ve hastanelerinde <a href=\"https:\/\/swisslasik.ch\/tr\/lazer-goez-ameliyati-lasik\/\" data-type=\"page\" data-id=\"58\">lazer g\u00f6z<\/a> ameliyat\u0131 ve <a href=\"https:\/\/swisslasik.ch\/tr\/lazer-goez-ameliyati-lasik\/\" data-type=\"page\" data-id=\"58\">LASIK <\/a>operasyonlar\u0131 sunmaktad\u0131r.<\/p>\n<p><\/p>\n<p>En yeni teknolojiler sayesinde, g\u00f6zl\u00fck veya kontakt lens takmaktan b\u00fcy\u00fck \u00f6l\u00e7\u00fcde kurtulmak m\u00fcmk\u00fcn. D\u00fcnya \u00e7ap\u0131nda <a href=\"https:\/\/swisslasik.ch\/tr\/lazer-goez-ameliyati-tuerkiye-istanbul\/\">milyonlarca insan lazer g\u00f6z ameliyat\u0131n\u0131 <\/a>tercih etti. <\/p>\n<p><\/p>\n<p>T\u00fcrkiye, LASIK ameliyat\u0131 i\u00e7in d\u00fcnyan\u0131n a\u00e7\u0131k ara bir numaral\u0131 destinasyonu haline geldi. Orada, uygun fiyatlarla en y\u00fcksek kaliteyi elde edersiniz. <\/p>\n<p><\/p>\n<p>Web sitemizde; <a href=\"https:\/\/swisslasik.ch\/lasik-in-istanbul\/augenklinik-acibadem\/\" data-type=\"page\" data-id=\"16\">\u0130stanbul<\/a>, <a href=\"https:\/\/swisslasik.ch\/tr\/lasik-teklifi\/antalyada-lasik-lazer-goez-ameliyati\/antalya-duenya-lazer-goez-klinigi\/\" data-type=\"page\" data-id=\"37\">Antalya <\/a>ve <a href=\"https:\/\/swisslasik.ch\/tr\/lasik-teklifi\/izmirde-goez-lazeri-lasik-islemi\/izmirdeki-goez-klinigi\/\" data-type=\"page\" data-id=\"31\">\u0130zmir\u2019deki <\/a>sayg\u0131n <a href=\"https:\/\/swisslasik.ch\/tr\/lazer-goez-ameliyati-lasik\/\" data-type=\"page\" data-id=\"58\">g\u00f6z lazer klinikleri<\/a> ve hastanelerinde uygulanan g\u00f6rme bozuklu\u011fu d\u00fczeltme ameliyatlar\u0131 (<a href=\"https:\/\/swisslasik.ch\/tr\/lazer-goez-ameliyati-tuerkiye-istanbul\/\" data-type=\"page\" data-id=\"63\">LASIK<\/a>, <a href=\"https:\/\/swisslasik.ch\/tr\/lazer-goez-ameliyati-tuerkiye-istanbul\/relex-smile-lasik-tuerkei-istanbul-antalya-izmir\/\" data-type=\"page\" data-id=\"65\">ReLEx SMILE<\/a>, <a href=\"https:\/\/swisslasik.ch\/tr\/lazer-goez-ameliyati-tuerkiye-istanbul\/tuerkiyede-goez-mercegi-implantasyonu-istanbul-antalya-izmir\/\" data-type=\"page\" data-id=\"67\">lens implantlar\u0131<\/a>) ile T\u00fcrkiye\u2019de ger\u00e7ekle\u015ftirilecek LASIK ve <a href=\"https:\/\/swisslasik.ch\/lasik-in-istanbul\/\" data-type=\"page\" data-id=\"11\">g\u00f6z lazeri operasyon yolculu\u011funuz<\/a> i\u00e7in Swisslasik\u2019in sundu\u011fu hizmetler hakk\u0131nda detayl\u0131 bilgilere ula\u015fabilirsiniz.<\/p>\n<p><\/p>\n<p>Swisslasik, \u201cg\u00f6rme yard\u0131mc\u0131lar\u0131na ihtiya\u00e7 duymadan bir hayata ad\u0131m atma\u201d iste\u011finizi, t\u0131bbi ve organizasyonel a\u00e7\u0131dan en y\u00fcksek kaliteyle, T\u00fcrkiye\u2019nin g\u00fczel \u015fehirlerinden birinde ger\u00e7e\u011fe d\u00f6n\u00fc\u015ft\u00fcrmeyi hedeflemektedir. Medikal seyahatler, <a href=\"https:\/\/swisslasik.ch\/lasik-in-istanbul\/\" data-type=\"page\" data-id=\"11\">g\u00f6z lazeri hizmetleri ve maliyetler <\/a>hakk\u0131nda daha fazla detay\u0131 <a href=\"https:\/\/swisslasik.ch\/lasik-in-istanbul\/preise\/\" data-type=\"page\" data-id=\"14\">burada bulabilirsiniz<\/a>. <\/p>\n<p><\/p>\n<p>\u0130ste\u011finizi ger\u00e7e\u011fe d\u00f6n\u00fc\u015ft\u00fcr\u00fcyor ve sizi, d\u00fcnya \u00e7ap\u0131nda tan\u0131nm\u0131\u015f g\u00f6z lazer kliniklerinde y\u00fcksek kaliteli bir g\u00f6z lazer ameliyat\u0131na kavu\u015fturuyoruz. T\u00fcrkiye\u2019de yap\u0131lan LASIK ve g\u00f6z lazer operasyonlar\u0131, en yeni teknoloji, hijyen ve kaliteden \u00f6d\u00fcn vermeden uygun ve g\u00fcvenlidir. G\u00f6z klinikleri, g\u00fcvenli\u011finiz i\u00e7in uluslararas\u0131 sertifikalara sahiptir. Yurt d\u0131\u015f\u0131nda yap\u0131lan g\u00f6z lazer ameliyatlar\u0131, \u0130svi\u00e7re\u2019de \u00f6zellikle <a href=\"https:\/\/swisslasik.ch\/wp-content\/uploads\/2025\/09\/FACTS_Medizintourismus-1.pdf\" target=\"_blank\" rel=\"noreferrer noopener\" data-type=\"link\" data-id=\"https:\/\/swisslasik.ch\/wp-content\/uploads\/2025\/09\/FACTS_Medizintourismus-1.pdf\">Facts <\/a>dergisi ve \u0130svi\u00e7re televizyonu SF1\u2019de yay\u0131mlanan sa\u011fl\u0131k program\u0131 Puls\u2019taki haberler sayesinde geni\u015f \u00e7apta tan\u0131nm\u0131\u015ft\u0131r.   <\/p>\n<p><\/p>\n<p>Binlerce memnun hastam\u0131z, uzun y\u0131llara dayanan deneyimimizden faydalanmaktad\u0131r. Lazer g\u00f6z ameliyat\u0131 <a href=\"https:\/\/swisslasik.ch\/patientenberichte-lasik\/\" data-type=\"page\" data-id=\"85\">hastalar\u0131m\u0131z\u0131n referanslar\u0131n\u0131<\/a> <a href=\"https:\/\/swisslasik.ch\/patientenberichte-lasik\/\" data-type=\"page\" data-id=\"85\">burada <\/a>bulabilirsiniz.<\/p>\n<p><\/p>\n<p>Swisslasik, her zamanki Swisslasik kalitesiyle a\u015fa\u011f\u0131daki hizmetleri de sunmaktad\u0131r:<\/p>\n<p><\/p>\n<p>\u0130stanbul, \u0130zmir, Antalya, Ku\u015fadas\u0131 ve Bodrum&#8217;da di\u015f implantlar\u0131 (protez), porselen kaplamalar, kronlar ve di\u015f beyazlatma gibi di\u015f tedavileri.<\/p>\n<p><\/p>\n<p>\u0130stanbul, Antalya, Bodrum ve \u0130zmir&#8217;de meme esteti\u011fi, liposuction, y\u00fcz germe, rinoplasti, otoplasti, g\u00f6z kapa\u011f\u0131 ameliyat\u0131 ve sa\u00e7 ekimi gibi estetik cerrahi i\u015flemleri.<\/p>\n<p><\/p>\n<p>\u0130stanbul ve Antalya&#8217;da t\u00fcp bebek (IVF) ve ICSI gibi k\u0131s\u0131rl\u0131k tedavileri<\/p>\n<p><\/p>\n<figure class=\"wp-block-image size-full\">\n<figure id=\"attachment_102\" aria-describedby=\"caption-attachment-102\" style=\"width: 300px\" class=\"wp-caption alignnone\"><img fetchpriority=\"high\" decoding=\"async\" class=\"wp-image-102\" title=\"Lazer g\u00f6z ameliyat\u0131 i\u00e7in T\u00fcrkiye gezisi (LASIK) | SwissLasik\" src=\"https:\/\/swisslasik.ch\/wp-content\/uploads\/2025\/09\/lasik015.jpg\" alt=\"Lazer g\u00f6z ameliyat\u0131 i\u00e7in T\u00fcrkiye gezisi (LASIK) | SwissLasik\" width=\"300\" height=\"469\" srcset=\"https:\/\/swisslasik.ch\/wp-content\/uploads\/2025\/09\/lasik015.jpg 300w, https:\/\/swisslasik.ch\/wp-content\/uploads\/2025\/09\/lasik015-192x300.jpg 192w\" sizes=\"(max-width: 300px) 100vw, 300px\" \/><figcaption id=\"caption-attachment-102\" class=\"wp-caption-text\">T\u00fcrkiye&#8217;ye lazer g\u00f6z ameliyat\u0131 gezisi: LASIK<\/figcaption><\/figure>\n<\/figure>\n<p><\/p>\n<p id=\"caption-attachment-53\">Swisslasik, T\u00fcrkiye&#8217;de LASIK lazer g\u00f6z ameliyat\u0131 konusunda uzmanla\u015fm\u0131\u015f bir kurulu\u015ftur.<\/p>\n<p><\/p>\t\t\t\t\t\t\t\t<\/div>\n\t\t\t\t\t<\/div>\n\t\t\t\t<\/div>\n\t\t\t\t<\/div>\n\t\t","protected":false},"excerpt":{"rendered":"<p>\u00dcCRETS\u0130Z G\u00d6Z LAZER HIZLI MUAYENES\u0130! G\u00d6ZLER\u0130N\u0130Z LASIK AMEL\u0130YATI \u0130\u00c7\u0130N UYGUN MU? Bern&#8217;de veya 31 Ocak&#8217;ta Zug&#8217;da diledi\u011finiz zaman \u00fccretsiz g\u00f6z muayenesi yapt\u0131r\u0131n. Hemen buradan veya WhatsApp \u00fczerinden (078 737 35 41) kay\u0131t olun ve bu f\u0131rsattan yararlan\u0131n. Lazer g\u00f6z ameliyat\u0131 seyahati &#8211; LASIK ameliyat\u0131 &#8211; lazer g\u00f6z ameliyat\u0131 SwissLasik, \u0130stanbul, \u0130zmir, Antalya ve T\u00fcrkiye genelindeki en iyi g\u00f6z klinikleri ve hastanelerinde lazer g\u00f6z ameliyat\u0131 ve LASIK operasyonlar\u0131 sunmaktad\u0131r. En yeni teknolojiler sayesinde, g\u00f6zl\u00fck veya kontakt lens takmaktan b\u00fcy\u00fck \u00f6l\u00e7\u00fcde kurtulmak m\u00fcmk\u00fcn. D\u00fcnya \u00e7ap\u0131nda milyonlarca insan lazer g\u00f6z ameliyat\u0131n\u0131 tercih etti. T\u00fcrkiye, LASIK ameliyat\u0131 i\u00e7in d\u00fcnyan\u0131n a\u00e7\u0131k ara bir numaral\u0131 destinasyonu haline geldi. Orada, uygun fiyatlarla en y\u00fcksek kaliteyi elde edersiniz. Web sitemizde; \u0130stanbul, Antalya ve \u0130zmir\u2019deki sayg\u0131n g\u00f6z lazer klinikleri ve hastanelerinde uygulanan g\u00f6rme bozuklu\u011fu d\u00fczeltme ameliyatlar\u0131 (LASIK, ReLEx SMILE, lens implantlar\u0131) ile T\u00fcrkiye\u2019de ger\u00e7ekle\u015ftirilecek LASIK ve g\u00f6z lazeri operasyon yolculu\u011funuz i\u00e7in Swisslasik\u2019in sundu\u011fu hizmetler hakk\u0131nda detayl\u0131 bilgilere ula\u015fabilirsiniz. Swisslasik, \u201cg\u00f6rme yard\u0131mc\u0131lar\u0131na ihtiya\u00e7 duymadan bir hayata ad\u0131m atma\u201d iste\u011finizi, t\u0131bbi ve organizasyonel a\u00e7\u0131dan en y\u00fcksek kaliteyle, T\u00fcrkiye\u2019nin g\u00fczel \u015fehirlerinden birinde ger\u00e7e\u011fe d\u00f6n\u00fc\u015ft\u00fcrmeyi hedeflemektedir. Medikal seyahatler, g\u00f6z lazeri hizmetleri ve maliyetler hakk\u0131nda daha fazla detay\u0131 burada bulabilirsiniz. \u0130ste\u011finizi ger\u00e7e\u011fe d\u00f6n\u00fc\u015ft\u00fcr\u00fcyor ve sizi, d\u00fcnya \u00e7ap\u0131nda tan\u0131nm\u0131\u015f g\u00f6z lazer kliniklerinde y\u00fcksek kaliteli bir g\u00f6z lazer ameliyat\u0131na kavu\u015fturuyoruz. T\u00fcrkiye\u2019de yap\u0131lan LASIK ve g\u00f6z lazer operasyonlar\u0131, en yeni teknoloji, hijyen ve kaliteden \u00f6d\u00fcn vermeden uygun ve g\u00fcvenlidir. G\u00f6z klinikleri, g\u00fcvenli\u011finiz i\u00e7in uluslararas\u0131 sertifikalara sahiptir. Yurt d\u0131\u015f\u0131nda yap\u0131lan g\u00f6z lazer ameliyatlar\u0131, \u0130svi\u00e7re\u2019de \u00f6zellikle Facts dergisi ve \u0130svi\u00e7re televizyonu SF1\u2019de yay\u0131mlanan sa\u011fl\u0131k program\u0131 Puls\u2019taki haberler sayesinde geni\u015f \u00e7apta tan\u0131nm\u0131\u015ft\u0131r. Binlerce memnun hastam\u0131z, uzun y\u0131llara dayanan deneyimimizden faydalanmaktad\u0131r. Lazer g\u00f6z ameliyat\u0131 hastalar\u0131m\u0131z\u0131n referanslar\u0131n\u0131 burada bulabilirsiniz. Swisslasik, her zamanki Swisslasik kalitesiyle a\u015fa\u011f\u0131daki hizmetleri de sunmaktad\u0131r: \u0130stanbul, \u0130zmir, Antalya, Ku\u015fadas\u0131 ve Bodrum&#8217;da di\u015f implantlar\u0131 (protez), porselen kaplamalar, kronlar ve di\u015f beyazlatma gibi di\u015f tedavileri. \u0130stanbul, Antalya, Bodrum ve \u0130zmir&#8217;de meme esteti\u011fi, liposuction, y\u00fcz germe, rinoplasti, otoplasti, g\u00f6z kapa\u011f\u0131 ameliyat\u0131 ve sa\u00e7 ekimi gibi estetik cerrahi i\u015flemleri. \u0130stanbul ve Antalya&#8217;da t\u00fcp bebek (IVF) ve ICSI gibi k\u0131s\u0131rl\u0131k tedavileri Swisslasik, T\u00fcrkiye&#8217;de LASIK lazer g\u00f6z ameliyat\u0131 konusunda uzmanla\u015fm\u0131\u015f bir kurulu\u015ftur.<\/p>\n","protected":false},"author":4,"featured_media":0,"parent":0,"menu_order":0,"comment_status":"closed","ping_status":"closed","template":"elementor_header_footer","meta":{"_joinchat":[],"footnotes":""},"class_list":["post-3542","page","type-page","status-publish","hentry"],"acf":[],"_links":{"self":[{"href":"https:\/\/swisslasik.ch\/tr\/wp-json\/wp\/v2\/pages\/3542","targetHints":{"allow":["GET"]}}],"collection":[{"href":"https:\/\/swisslasik.ch\/tr\/wp-json\/wp\/v2\/pages"}],"about":[{"href":"https:\/\/swisslasik.ch\/tr\/wp-json\/wp\/v2\/types\/page"}],"author":[{"embeddable":true,"href":"https:\/\/swisslasik.ch\/tr\/wp-json\/wp\/v2\/users\/4"}],"replies":[{"embeddable":true,"href":"https:\/\/swisslasik.ch\/tr\/wp-json\/wp\/v2\/comments?post=3542"}],"version-history":[{"count":3,"href":"https:\/\/swisslasik.ch\/tr\/wp-json\/wp\/v2\/pages\/3542\/revisions"}],"predecessor-version":[{"id":3545,"href":"https:\/\/swisslasik.ch\/tr\/wp-json\/wp\/v2\/pages\/3542\/revisions\/3545"}],"wp:attachment":[{"href":"https:\/\/swisslasik.ch\/tr\/wp-json\/wp\/v2\/media?parent=3542"}],"curies":[{"name":"wp","href":"https:\/\/api.w.org\/{rel}","templated":true}]}}