{"id":3546,"date":"2025-11-11T13:33:18","date_gmt":"2025-11-11T12:33:18","guid":{"rendered":"https:\/\/swisslasik.ch\/kuenye\/"},"modified":"2026-01-08T16:17:13","modified_gmt":"2026-01-08T15:17:13","slug":"kuenye","status":"publish","type":"page","link":"https:\/\/swisslasik.ch\/tr\/kuenye\/","title":{"rendered":"k\u00fcnye"},"content":{"rendered":"\t\t<div data-elementor-type=\"wp-page\" data-elementor-id=\"3546\" class=\"elementor elementor-3546 elementor-1553\" data-elementor-post-type=\"page\">\n\t\t\t\t<div class=\"elementor-element elementor-element-594fd7fd e-flex e-con-boxed wpr-particle-no wpr-jarallax-no wpr-parallax-no wpr-sticky-section-no e-con e-parent\" data-id=\"594fd7fd\" data-element_type=\"container\" data-e-type=\"container\">\n\t\t\t\t\t<div class=\"e-con-inner\">\n\t\t\t\t<div class=\"elementor-element elementor-element-30087202 elementor-widget elementor-widget-text-editor\" data-id=\"30087202\" data-element_type=\"widget\" data-e-type=\"widget\" data-widget_type=\"text-editor.default\">\n\t\t\t\t\t\t\t\t\t\n<p>Bu web sitesinin i\u015fletmecisi:<br>MedicalTravel GmbH<br>L\u00e4nggassstrasse 8<br>3012 Bern, \u0130svi\u00e7re<br>E-posta: info@medicaltravel.net<br>Telefon: +41 (0)33 534 57 65<\/p>\n\n<p>Bu web projesinin amac\u0131:<br>T\u00fcrkiye&#8217;de y\u00fcksek kaliteli t\u0131bbi ve organizasyonel tedavi almak isteyen hastalara t\u0131bbi tedaviler hakk\u0131nda bilgi sa\u011flamak ve t\u0131bbi geziler d\u00fczenlemek.<\/p>\n\n<p>Die Handelsregistierung des Kanton Bern; Firmennummer: CH-036.4.056.276-7<\/p>\n\n<p>Bu web sitesindeki bilgilerin eksiksizli\u011fi, do\u011frulu\u011fu, g\u00fcncelli\u011fi veya kalitesi konusunda hi\u00e7bir garanti verilmemektedir. Bu web sitesinin i\u00e7eri\u011fine g\u00fcvenilmesinden veya kullan\u0131m\u0131ndan kaynaklanan zararlardan dolay\u0131 hi\u00e7bir sorumluluk kabul edilmemektedir. medicaltravel.ch adresinde yay\u0131nlanan i\u00e7eri\u011fin kopyalanmas\u0131na yaln\u0131zca ticari olmayan ama\u00e7larla izin verilmektedir.  <\/p>\n\n<p>www.medicaltravel.ch adresinde verilen bilgiler, hasta\/web sitesi ziyaret\u00e7isi ile doktoru aras\u0131ndaki ili\u015fkiyi desteklemek amac\u0131yla sunulmu\u015ftur, bu ili\u015fkinin yerini almak amac\u0131n\u0131 ta\u015f\u0131mamaktad\u0131r.<\/p>\n\n<p>Allgemeine Gesch\u00e4ftsbedingungen (AGB)<br>Die Allgemeinen Gesch\u00e4ftsbedingungen (AGB) von MedicalTravel GmbH finden Sie im Detail hier.<\/p>\n\n<p>Ba\u011flant\u0131lar ve i\u00e7erikler i\u00e7in sorumluluk reddi<br>Bu web sitesi \u00fczerinden korunan haklar\u0131n\u0131zdan herhangi birinin ihlal edildi\u011fini d\u00fc\u015f\u00fcn\u00fcyorsan\u0131z, l\u00fctfen durumu derhal info@medicaltravel.net adresine e-posta yoluyla bildiriniz. K\u0131sa bir bildirim sonras\u0131nda, ilgili i\u00e7erikleri herhangi bir \u00fccret talep etmeksizin de\u011fi\u015ftirmeye veya silmeye haz\u0131r\u0131z. Bu sayfalardan kaynaklanabilecek olas\u0131 bir hak ihlalinin, hak sahibi taraf\u0131ndan do\u011frudan ve izinsiz olarak giderilmesine izin verilmez. Hakl\u0131 olarak itiraz edilen b\u00f6l\u00fcmlerin, hukuki temsilciye ba\u015fvurulmas\u0131na gerek kalmaks\u0131z\u0131n derhal kald\u0131r\u0131laca\u011f\u0131 garanti edilir. Buna ra\u011fmen, \u00f6nceden bizimle ileti\u015fime ge\u00e7ilmeden taraf\u0131n\u0131zca ba\u015flat\u0131lan masraflar tamamen reddedilecek ve gerekirse yukar\u0131da belirtilen h\u00fck\u00fcmlerin ihlali nedeniyle kar\u015f\u0131 dava a\u00e7\u0131lacakt\u0131r.    <\/p>\n\n<p>Datenschutz<br>E-Mails, welche \u00fcber diese Homepage abgeschickt werden, sind nicht verschl\u00fcsselt und die Angaben k\u00f6nnten m\u00f6glicherweise durch fremde Personen eingesehen werden.<\/p>\n\n<p>\u0130leti\u015fim formu arac\u0131l\u0131\u011f\u0131yla elde edilenler de dahil olmak \u00fczere t\u00fcm ki\u015fisel bilgiler kesinlikle gizli tutulacak ve hi\u00e7bir ko\u015fulda \u00fc\u00e7\u00fcnc\u00fc taraflarla payla\u015f\u0131lmayacakt\u0131r.<\/p>\n\n<p>Reklam, Bilgi, Finansman<br>\u00dc\u00e7\u00fcnc\u00fc taraf reklam kullanm\u0131yoruz. www.medicaltravel.ch sayfalar\u0131 MedicalTravel GmbH taraf\u0131ndan finanse edilmekte ve y\u00f6netilmektedir. T\u00fcrkiye&#8217;ye t\u0131bbi turizm hizmeti sunuyoruz.  <\/p>\n\n<p>Google Analytics<br>Bu web sitesi, Google Inc. (Google) taraf\u0131ndan sunulan bir web analiz hizmeti olan Google Analytics\u2019i kullanmaktad\u0131r. Google Analytics, bilgisayar\u0131n\u0131za kaydedilen ve web sitesinin kullan\u0131m\u0131n\u0131z\u0131n analiz edilmesini sa\u011flayan metin dosyalar\u0131 olan \u00e7erezleri kullan\u0131r. \u00c7erezler arac\u0131l\u0131\u011f\u0131yla bu web sitesini kullan\u0131m\u0131n\u0131za ili\u015fkin olu\u015fturulan bilgiler (IP adresiniz d\u00e2hil) ABD\u2019de bulunan Google sunucular\u0131na aktar\u0131l\u0131r ve orada saklan\u0131r. Google bu bilgileri, web sitesini kullan\u0131m\u0131n\u0131z\u0131 de\u011ferlendirmek, web sitesi i\u015fletmecileri i\u00e7in web sitesi faaliyetlerine ili\u015fkin raporlar haz\u0131rlamak ve web sitesi kullan\u0131m\u0131 ile internet kullan\u0131m\u0131yla ba\u011flant\u0131l\u0131 di\u011fer hizmetleri sunmak amac\u0131yla kullanacakt\u0131r. Ayr\u0131ca Google, bu bilgileri yasal olarak gerekli olmas\u0131 h\u00e2linde veya bu verilerin Google ad\u0131na \u00fc\u00e7\u00fcnc\u00fc ki\u015filer taraf\u0131ndan i\u015flenmesi durumunda \u00fc\u00e7\u00fcnc\u00fc taraflara da aktarabilir. Google, IP adresinizi hi\u00e7bir durumda Google\u2019a ait di\u011fer verilerle ili\u015fkilendirmeyecektir. Taray\u0131c\u0131 yaz\u0131l\u0131m\u0131n\u0131zda yapaca\u011f\u0131n\u0131z uygun ayarlar ile \u00e7erezlerin kurulmas\u0131n\u0131 engelleyebilirsiniz; ancak bu durumda bu web sitesinin t\u00fcm i\u015flevlerinden tam olarak yararlanamayabilece\u011finizi belirtiriz. Bu web sitesini kullanarak, hakk\u0131n\u0131zda toplanan verilerin Google taraf\u0131ndan yukar\u0131da a\u00e7\u0131klanan \u015fekilde ve belirtilen ama\u00e7lar do\u011frultusunda i\u015flenmesini kabul etmi\u015f olursunuz.<\/p>\n\t\t\t\t\t\t\t\t<\/div>\n\t\t\t\t\t<\/div>\n\t\t\t\t<\/div>\n\t\t\t\t<\/div>\n\t\t","protected":false},"excerpt":{"rendered":"<p>Bu web sitesinin i\u015fletmecisi:MedicalTravel GmbHL\u00e4nggassstrasse 83012 Bern, \u0130svi\u00e7reE-posta: info@medicaltravel.netTelefon: +41 (0)33 534 57 65 Bu web projesinin amac\u0131:T\u00fcrkiye&#8217;de y\u00fcksek kaliteli t\u0131bbi ve organizasyonel tedavi almak isteyen hastalara t\u0131bbi tedaviler hakk\u0131nda bilgi sa\u011flamak ve t\u0131bbi geziler d\u00fczenlemek. Die Handelsregistierung des Kanton Bern; Firmennummer: CH-036.4.056.276-7 Bu web sitesindeki bilgilerin eksiksizli\u011fi, do\u011frulu\u011fu, g\u00fcncelli\u011fi veya kalitesi konusunda hi\u00e7bir garanti verilmemektedir. Bu web sitesinin i\u00e7eri\u011fine g\u00fcvenilmesinden veya kullan\u0131m\u0131ndan kaynaklanan zararlardan dolay\u0131 hi\u00e7bir sorumluluk kabul edilmemektedir. medicaltravel.ch adresinde yay\u0131nlanan i\u00e7eri\u011fin kopyalanmas\u0131na yaln\u0131zca ticari olmayan ama\u00e7larla izin verilmektedir. www.medicaltravel.ch adresinde verilen bilgiler, hasta\/web sitesi ziyaret\u00e7isi ile doktoru aras\u0131ndaki ili\u015fkiyi desteklemek amac\u0131yla sunulmu\u015ftur, bu ili\u015fkinin yerini almak amac\u0131n\u0131 ta\u015f\u0131mamaktad\u0131r. Allgemeine Gesch\u00e4ftsbedingungen (AGB)Die Allgemeinen Gesch\u00e4ftsbedingungen (AGB) von MedicalTravel GmbH finden Sie im Detail hier. Ba\u011flant\u0131lar ve i\u00e7erikler i\u00e7in sorumluluk reddiBu web sitesi \u00fczerinden korunan haklar\u0131n\u0131zdan herhangi birinin ihlal edildi\u011fini d\u00fc\u015f\u00fcn\u00fcyorsan\u0131z, l\u00fctfen durumu derhal info@medicaltravel.net adresine e-posta yoluyla bildiriniz. K\u0131sa bir bildirim sonras\u0131nda, ilgili i\u00e7erikleri herhangi bir \u00fccret talep etmeksizin de\u011fi\u015ftirmeye veya silmeye haz\u0131r\u0131z. Bu sayfalardan kaynaklanabilecek olas\u0131 bir hak ihlalinin, hak sahibi taraf\u0131ndan do\u011frudan ve izinsiz olarak giderilmesine izin verilmez. Hakl\u0131 olarak itiraz edilen b\u00f6l\u00fcmlerin, hukuki temsilciye ba\u015fvurulmas\u0131na gerek kalmaks\u0131z\u0131n derhal kald\u0131r\u0131laca\u011f\u0131 garanti edilir. Buna ra\u011fmen, \u00f6nceden bizimle ileti\u015fime ge\u00e7ilmeden taraf\u0131n\u0131zca ba\u015flat\u0131lan masraflar tamamen reddedilecek ve gerekirse yukar\u0131da belirtilen h\u00fck\u00fcmlerin ihlali nedeniyle kar\u015f\u0131 dava a\u00e7\u0131lacakt\u0131r. DatenschutzE-Mails, welche \u00fcber diese Homepage abgeschickt werden, sind nicht verschl\u00fcsselt und die Angaben k\u00f6nnten m\u00f6glicherweise durch fremde Personen eingesehen werden. \u0130leti\u015fim formu arac\u0131l\u0131\u011f\u0131yla elde edilenler de dahil olmak \u00fczere t\u00fcm ki\u015fisel bilgiler kesinlikle gizli tutulacak ve hi\u00e7bir ko\u015fulda \u00fc\u00e7\u00fcnc\u00fc taraflarla payla\u015f\u0131lmayacakt\u0131r. Reklam, Bilgi, Finansman\u00dc\u00e7\u00fcnc\u00fc taraf reklam kullanm\u0131yoruz. www.medicaltravel.ch sayfalar\u0131 MedicalTravel GmbH taraf\u0131ndan finanse edilmekte ve y\u00f6netilmektedir. T\u00fcrkiye&#8217;ye t\u0131bbi turizm hizmeti sunuyoruz. Google AnalyticsBu web sitesi, Google Inc. (Google) taraf\u0131ndan sunulan bir web analiz hizmeti olan Google Analytics\u2019i kullanmaktad\u0131r. Google Analytics, bilgisayar\u0131n\u0131za kaydedilen ve web sitesinin kullan\u0131m\u0131n\u0131z\u0131n analiz edilmesini sa\u011flayan metin dosyalar\u0131 olan \u00e7erezleri kullan\u0131r. \u00c7erezler arac\u0131l\u0131\u011f\u0131yla bu web sitesini kullan\u0131m\u0131n\u0131za ili\u015fkin olu\u015fturulan bilgiler (IP adresiniz d\u00e2hil) ABD\u2019de bulunan Google sunucular\u0131na aktar\u0131l\u0131r ve orada saklan\u0131r. Google bu bilgileri, web sitesini kullan\u0131m\u0131n\u0131z\u0131 de\u011ferlendirmek, web sitesi i\u015fletmecileri i\u00e7in web sitesi faaliyetlerine ili\u015fkin raporlar haz\u0131rlamak ve web sitesi kullan\u0131m\u0131 ile internet kullan\u0131m\u0131yla ba\u011flant\u0131l\u0131 di\u011fer hizmetleri sunmak amac\u0131yla kullanacakt\u0131r. Ayr\u0131ca Google, bu bilgileri yasal olarak gerekli olmas\u0131 h\u00e2linde veya bu verilerin Google ad\u0131na \u00fc\u00e7\u00fcnc\u00fc ki\u015filer taraf\u0131ndan i\u015flenmesi durumunda \u00fc\u00e7\u00fcnc\u00fc taraflara da aktarabilir. Google, IP adresinizi hi\u00e7bir durumda Google\u2019a ait di\u011fer verilerle ili\u015fkilendirmeyecektir. Taray\u0131c\u0131 yaz\u0131l\u0131m\u0131n\u0131zda yapaca\u011f\u0131n\u0131z uygun ayarlar ile \u00e7erezlerin kurulmas\u0131n\u0131 engelleyebilirsiniz; ancak bu durumda bu web sitesinin t\u00fcm i\u015flevlerinden tam olarak yararlanamayabilece\u011finizi belirtiriz. Bu web sitesini kullanarak, hakk\u0131n\u0131zda toplanan verilerin Google taraf\u0131ndan yukar\u0131da a\u00e7\u0131klanan \u015fekilde ve belirtilen ama\u00e7lar do\u011frultusunda i\u015flenmesini kabul etmi\u015f olursunuz.<\/p>\n","protected":false},"author":4,"featured_media":0,"parent":0,"menu_order":0,"comment_status":"closed","ping_status":"closed","template":"","meta":{"_joinchat":[],"footnotes":""},"class_list":["post-3546","page","type-page","status-publish","hentry"],"acf":[],"_links":{"self":[{"href":"https:\/\/swisslasik.ch\/tr\/wp-json\/wp\/v2\/pages\/3546","targetHints":{"allow":["GET"]}}],"collection":[{"href":"https:\/\/swisslasik.ch\/tr\/wp-json\/wp\/v2\/pages"}],"about":[{"href":"https:\/\/swisslasik.ch\/tr\/wp-json\/wp\/v2\/types\/page"}],"author":[{"embeddable":true,"href":"https:\/\/swisslasik.ch\/tr\/wp-json\/wp\/v2\/users\/4"}],"replies":[{"embeddable":true,"href":"https:\/\/swisslasik.ch\/tr\/wp-json\/wp\/v2\/comments?post=3546"}],"version-history":[{"count":7,"href":"https:\/\/swisslasik.ch\/tr\/wp-json\/wp\/v2\/pages\/3546\/revisions"}],"predecessor-version":[{"id":3553,"href":"https:\/\/swisslasik.ch\/tr\/wp-json\/wp\/v2\/pages\/3546\/revisions\/3553"}],"wp:attachment":[{"href":"https:\/\/swisslasik.ch\/tr\/wp-json\/wp\/v2\/media?parent=3546"}],"curies":[{"name":"wp","href":"https:\/\/api.w.org\/{rel}","templated":true}]}}