{"id":3554,"date":"2025-09-24T15:09:49","date_gmt":"2025-09-24T14:09:49","guid":{"rendered":"https:\/\/swisslasik.ch\/her-sey-lise-yillarinda-basladi-16-mayis-2008-cuma-tarihli-deneyim-raporu\/"},"modified":"2026-01-14T20:50:44","modified_gmt":"2026-01-14T19:50:44","slug":"her-sey-lise-yillarinda-basladi-16-mayis-2008-cuma-tarihli-deneyim-raporu","status":"publish","type":"page","link":"https:\/\/swisslasik.ch\/tr\/her-sey-lise-yillarinda-basladi-16-mayis-2008-cuma-tarihli-deneyim-raporu\/","title":{"rendered":"Her \u015fey lise y\u0131llar\u0131nda ba\u015flad\u0131 \u2013 16 May\u0131s 2008 Cuma tarihli deneyim raporu"},"content":{"rendered":"\n<h3 class=\"wp-block-heading\">Her \u015fey lise y\u0131llar\u0131nda ba\u015flad\u0131 \u2013 16 May\u0131s 2008 Cuma tarihli deneyim raporu<\/h3>\n\n<p>Her \u015fey ortaokulun \u00fcst s\u0131n\u0131flar\u0131nda ba\u015flad\u0131. Birdenbire s\u0131n\u0131f\u0131n duvar\u0131ndaki tahtaya yaz\u0131lanlar\u0131 okuyamaz oldum. B\u00f6ylece g\u00f6zl\u00fc\u011fe ihtiyac\u0131m oldu\u011fu anla\u015f\u0131ld\u0131. Ne yaz\u0131k ki g\u00f6rme derecem zamanla giderek k\u00f6t\u00fcle\u015fti. Bir noktada kontakt lens kullanmaya karar verdim. G\u00f6zlerim \u00e7ok hassas oldu\u011fu i\u00e7in, takabilece\u011fim lensleri bulmam yakla\u015f\u0131k alt\u0131 ay s\u00fcrd\u00fc. Ba\u015flang\u0131\u00e7ta her \u015fey yolunda gidiyordu. Ancak bir s\u00fcre sonra tekrarlayan g\u00f6z nezleleri (konjonktivit) ba\u015flad\u0131. Bunlar son derece rahats\u0131z edici ve a\u011fr\u0131l\u0131yd\u0131. En sonunda tamamen b\u0131km\u0131\u015f ve hayal k\u0131r\u0131kl\u0131\u011f\u0131na u\u011fram\u0131\u015ft\u0131m. G\u00f6zl\u00fckle kendimi hi\u00e7 rahat hissetmiyordum. Televizyonda izledi\u011fim bir haberden sonra ise, bunun sorunuma \u00e7\u00f6z\u00fcm olmas\u0131 gerekti\u011fi benim i\u00e7in art\u0131k \u00e7ok netti.           <\/p>\n\n<p>\u0130lk olarak internette ara\u015ft\u0131rma yapt\u0131m. www.swisslasik.ch sitesine ula\u015ft\u0131m ve hemen bir bilgilendirme dosyas\u0131 sipari\u015f ettim. B\u00fcy\u00fck bir s\u00fcrprizle, bu dosya sadece iki g\u00fcn sonra elime ula\u015ft\u0131. Hemen incelemeye ba\u015flad\u0131m. Birka\u00e7 ek sorum oldu\u011fu i\u00e7in Bay Karaagacli-Leoni ile e-posta yoluyla ileti\u015fime ge\u00e7tim. \u00c7ok ge\u00e7meden sorular\u0131ma yan\u0131t ald\u0131m. Bu da bana do\u011fru yerde oldu\u011fumu g\u00f6sterdi.       <\/p>\n\n<p>30 Nisan 2008&#8217;de \u0130stanbul&#8217;a u\u00e7tuk. Havaalan\u0131ndan al\u0131nd\u0131k ve otelimize g\u00f6t\u00fcr\u00fcld\u00fck. <\/p>\n\n<p>1 May\u0131s 2008&#8217;de sabah erken saatlerde otelden al\u0131nd\u0131m ve Eyestar Klini\u011fi&#8217;ne g\u00f6t\u00fcr\u00fcld\u00fcm. Orada \u00e7ok s\u0131cak bir kar\u015f\u0131lama ile kar\u015f\u0131land\u0131m. <\/p>\n\n<p>\u00d6n muayeneler hemen ba\u015flad\u0131. Ard\u0131ndan doktorla bir g\u00f6r\u00fc\u015fme yapt\u0131m. Bana durumun nas\u0131l g\u00f6r\u00fcnece\u011fini ve hangi y\u00f6ntemin kullan\u0131laca\u011f\u0131n\u0131 anlatt\u0131. Ba\u015fka sorular\u0131m olursa sorabilece\u011fimi s\u00f6yledi.   <\/p>\n\n<p>Daha sonra bir kat yukar\u0131 \u00e7\u0131kt\u0131k. Ameliyathane oradayd\u0131. Yava\u015f yava\u015f heyecanlanmaya ba\u015flad\u0131m. Hem\u015fire beni sakinle\u015ftirmek i\u00e7in elinden geleni yapt\u0131. Nihayet o an gelmi\u015fti. Ameliyathane kap\u0131s\u0131 a\u00e7\u0131ld\u0131 ve i\u015flem ba\u015flad\u0131. Yakla\u015f\u0131k 10 dakika sonra her \u015fey bitmi\u015fti. \u015ea\u015f\u0131rt\u0131c\u0131 bir \u015fekilde hi\u00e7bir a\u011fr\u0131 hissetmedim. Sadece g\u00f6zlerim biraz suland\u0131. Ard\u0131ndan b\u00fcy\u00fck \u015fezlonglarda dinlenmemize izin verildi. Yakla\u015f\u0131k 10 dakika sonra damlalar verildi. Sulanma durdu ve iyi g\u00f6rmeye ba\u015flad\u0131m. Tamamen \u015fa\u015fk\u0131n bir halde tekrar a\u015fa\u011f\u0131ya, kontrol muayenesi i\u00e7in indik. Sonras\u0131nda otele d\u00f6nd\u00fcm ve dinlendim. D\u00f6rt saat sonra uyand\u0131m. Buna inanmakta zorland\u0131m ama g\u00f6r\u00fc\u015f\u00fcm m\u00fckemmeldi. Her \u015feyi net bir \u015fekilde g\u00f6rebiliyordum ve bunu herhangi bir g\u00f6rme yard\u0131m\u0131 olmadan. Harika bir histi.                 <\/p>\n\n<p>Bu i\u015flemi kesinlikle tavsiye ederim. G\u00f6zl\u00fck takmadan kendimi tamamen rahat hissediyorum. <\/p>\n\n<p>Ayr\u0131ca, t\u00fcm ekibe \u00e7ok te\u015fekk\u00fcr ederim! Klinikte kendimi \u00e7ok rahat hissettim! <\/p>\n\n<p>Yasemin Kreier, Eschlikon, 15\/05\/2008<\/p>\n\n<div class=\"wp-block-group is-layout-grid wp-container-core-group-is-layout-baef362d wp-block-group-is-layout-grid\">\n<p><a href=\"https:\/\/medicaltravel.at\/home\/agb\/\" data-type=\"page\" data-id=\"2191\" rel=\"nofollow noopener\" target=\"_blank\"><\/a><a href=\"https:\/\/swisslasik.ch\/tr\/yasli-hasta-raporlari-goez-klinigi-tuerkiye\/lasik-istanbul-deneyim-raporum-28-mayis-2008-carsamba-tarihli-rapor\/\" data-type=\"link\" data-id=\"https:\/\/swisslasik.ch\/altere-patientenberichte-augenklinik-tuerkei\/mein-erfahrungsbericht-lasik-istanbul-bericht-vom-mittwoch-28-mai-2008\/\">\u00d6nceki rapor<\/a><\/p>\n\n\n\n<p class=\"has-text-align-right wp-container-content-5e2576f9\"><a href=\"https:\/\/medicaltravel.at\/home\/impressum\/\" data-type=\"page\" data-id=\"2193\" rel=\"nofollow noopener\" target=\"_blank\"><\/a><a href=\"https:\/\/medicaltravel.at\/home\/berichte-von-patienten\/erfahrungsberichte\/erfahrungsbericht-zahnbehandlung-in-istanbul\/\" data-type=\"page\" data-id=\"981\" rel=\"nofollow noopener\" target=\"_blank\"><\/a><a href=\"https:\/\/swisslasik.ch\/tr\/yasli-hasta-raporlari-goez-klinigi-tuerkiye\/istanbulda-goez-lazeri-deneyimi-24-nisan-2008-persembe-tarihli-deneyim-raporu\/\" data-type=\"link\" data-id=\"https:\/\/swisslasik.ch\/altere-patientenberichte-augenklinik-tuerkei\/erfahrungsbericht-augenlaser-istanbul-bericht-vom-donnerstag-24-april-2008\/\">Bir Sonraki Rapor<br\/><\/a><\/p>\n<\/div>\n","protected":false},"excerpt":{"rendered":"<p>Her \u015fey lise y\u0131llar\u0131nda ba\u015flad\u0131 \u2013 16 May\u0131s 2008 Cuma tarihli deneyim raporu Her \u015fey ortaokulun \u00fcst s\u0131n\u0131flar\u0131nda ba\u015flad\u0131. Birdenbire s\u0131n\u0131f\u0131n duvar\u0131ndaki tahtaya yaz\u0131lanlar\u0131 okuyamaz oldum. B\u00f6ylece g\u00f6zl\u00fc\u011fe ihtiyac\u0131m oldu\u011fu anla\u015f\u0131ld\u0131. Ne yaz\u0131k ki g\u00f6rme derecem zamanla giderek k\u00f6t\u00fcle\u015fti. Bir noktada kontakt lens kullanmaya karar verdim. G\u00f6zlerim \u00e7ok hassas oldu\u011fu i\u00e7in, takabilece\u011fim lensleri bulmam yakla\u015f\u0131k alt\u0131 ay s\u00fcrd\u00fc. Ba\u015flang\u0131\u00e7ta her \u015fey yolunda gidiyordu. Ancak bir s\u00fcre sonra tekrarlayan g\u00f6z nezleleri (konjonktivit) ba\u015flad\u0131. Bunlar son derece rahats\u0131z edici ve a\u011fr\u0131l\u0131yd\u0131. En sonunda tamamen b\u0131km\u0131\u015f ve hayal k\u0131r\u0131kl\u0131\u011f\u0131na u\u011fram\u0131\u015ft\u0131m. G\u00f6zl\u00fckle kendimi hi\u00e7 rahat hissetmiyordum. Televizyonda izledi\u011fim bir haberden sonra ise, bunun sorunuma \u00e7\u00f6z\u00fcm olmas\u0131 gerekti\u011fi benim i\u00e7in art\u0131k \u00e7ok netti. \u0130lk olarak internette ara\u015ft\u0131rma yapt\u0131m. www.swisslasik.ch sitesine ula\u015ft\u0131m ve hemen bir bilgilendirme dosyas\u0131 sipari\u015f ettim. B\u00fcy\u00fck bir s\u00fcrprizle, bu dosya sadece iki g\u00fcn sonra elime ula\u015ft\u0131. Hemen incelemeye ba\u015flad\u0131m. Birka\u00e7 ek sorum oldu\u011fu i\u00e7in Bay Karaagacli-Leoni ile e-posta yoluyla ileti\u015fime ge\u00e7tim. \u00c7ok ge\u00e7meden sorular\u0131ma yan\u0131t ald\u0131m. Bu da bana do\u011fru yerde oldu\u011fumu g\u00f6sterdi. 30 Nisan 2008&#8217;de \u0130stanbul&#8217;a u\u00e7tuk. Havaalan\u0131ndan al\u0131nd\u0131k ve otelimize g\u00f6t\u00fcr\u00fcld\u00fck. 1 May\u0131s 2008&#8217;de sabah erken saatlerde otelden al\u0131nd\u0131m ve Eyestar Klini\u011fi&#8217;ne g\u00f6t\u00fcr\u00fcld\u00fcm. Orada \u00e7ok s\u0131cak bir kar\u015f\u0131lama ile kar\u015f\u0131land\u0131m. \u00d6n muayeneler hemen ba\u015flad\u0131. Ard\u0131ndan doktorla bir g\u00f6r\u00fc\u015fme yapt\u0131m. Bana durumun nas\u0131l g\u00f6r\u00fcnece\u011fini ve hangi y\u00f6ntemin kullan\u0131laca\u011f\u0131n\u0131 anlatt\u0131. Ba\u015fka sorular\u0131m olursa sorabilece\u011fimi s\u00f6yledi. Daha sonra bir kat yukar\u0131 \u00e7\u0131kt\u0131k. Ameliyathane oradayd\u0131. Yava\u015f yava\u015f heyecanlanmaya ba\u015flad\u0131m. Hem\u015fire beni sakinle\u015ftirmek i\u00e7in elinden geleni yapt\u0131. Nihayet o an gelmi\u015fti. Ameliyathane kap\u0131s\u0131 a\u00e7\u0131ld\u0131 ve i\u015flem ba\u015flad\u0131. Yakla\u015f\u0131k 10 dakika sonra her \u015fey bitmi\u015fti. \u015ea\u015f\u0131rt\u0131c\u0131 bir \u015fekilde hi\u00e7bir a\u011fr\u0131 hissetmedim. Sadece g\u00f6zlerim biraz suland\u0131. Ard\u0131ndan b\u00fcy\u00fck \u015fezlonglarda dinlenmemize izin verildi. Yakla\u015f\u0131k 10 dakika sonra damlalar verildi. Sulanma durdu ve iyi g\u00f6rmeye ba\u015flad\u0131m. Tamamen \u015fa\u015fk\u0131n bir halde tekrar a\u015fa\u011f\u0131ya, kontrol muayenesi i\u00e7in indik. Sonras\u0131nda otele d\u00f6nd\u00fcm ve dinlendim. D\u00f6rt saat sonra uyand\u0131m. Buna inanmakta zorland\u0131m ama g\u00f6r\u00fc\u015f\u00fcm m\u00fckemmeldi. Her \u015feyi net bir \u015fekilde g\u00f6rebiliyordum ve bunu herhangi bir g\u00f6rme yard\u0131m\u0131 olmadan. Harika bir histi. Bu i\u015flemi kesinlikle tavsiye ederim. G\u00f6zl\u00fck takmadan kendimi tamamen rahat hissediyorum. Ayr\u0131ca, t\u00fcm ekibe \u00e7ok te\u015fekk\u00fcr ederim! Klinikte kendimi \u00e7ok rahat hissettim! Yasemin Kreier, Eschlikon, 15\/05\/2008 \u00d6nceki rapor Bir Sonraki Rapor<\/p>\n","protected":false},"author":4,"featured_media":0,"parent":0,"menu_order":0,"comment_status":"closed","ping_status":"closed","template":"","meta":{"_joinchat":[],"footnotes":""},"class_list":["post-3554","page","type-page","status-publish","hentry"],"acf":[],"_links":{"self":[{"href":"https:\/\/swisslasik.ch\/tr\/wp-json\/wp\/v2\/pages\/3554","targetHints":{"allow":["GET"]}}],"collection":[{"href":"https:\/\/swisslasik.ch\/tr\/wp-json\/wp\/v2\/pages"}],"about":[{"href":"https:\/\/swisslasik.ch\/tr\/wp-json\/wp\/v2\/types\/page"}],"author":[{"embeddable":true,"href":"https:\/\/swisslasik.ch\/tr\/wp-json\/wp\/v2\/users\/4"}],"replies":[{"embeddable":true,"href":"https:\/\/swisslasik.ch\/tr\/wp-json\/wp\/v2\/comments?post=3554"}],"version-history":[{"count":1,"href":"https:\/\/swisslasik.ch\/tr\/wp-json\/wp\/v2\/pages\/3554\/revisions"}],"predecessor-version":[{"id":3555,"href":"https:\/\/swisslasik.ch\/tr\/wp-json\/wp\/v2\/pages\/3554\/revisions\/3555"}],"wp:attachment":[{"href":"https:\/\/swisslasik.ch\/tr\/wp-json\/wp\/v2\/media?parent=3554"}],"curies":[{"name":"wp","href":"https:\/\/api.w.org\/{rel}","templated":true}]}}