{"id":3556,"date":"2025-09-17T13:55:48","date_gmt":"2025-09-17T12:55:48","guid":{"rendered":"https:\/\/swisslasik.ch\/iletisim\/"},"modified":"2026-01-08T16:24:15","modified_gmt":"2026-01-08T15:24:15","slug":"iletisim","status":"publish","type":"page","link":"https:\/\/swisslasik.ch\/tr\/iletisim\/","title":{"rendered":"\u0130leti\u015fim"},"content":{"rendered":"\t\t<div data-elementor-type=\"wp-page\" data-elementor-id=\"3556\" class=\"elementor elementor-3556 elementor-97\" data-elementor-post-type=\"page\">\n\t\t\t\t<div class=\"elementor-element elementor-element-d0e9945 e-flex e-con-boxed wpr-particle-no wpr-jarallax-no wpr-parallax-no wpr-sticky-section-no e-con e-parent\" data-id=\"d0e9945\" data-element_type=\"container\" data-e-type=\"container\">\n\t\t\t\t\t<div class=\"e-con-inner\">\n\t\t<div class=\"elementor-element elementor-element-9ced2f8 e-con-full e-flex wpr-particle-no wpr-jarallax-no wpr-parallax-no wpr-sticky-section-no e-con e-child\" data-id=\"9ced2f8\" data-element_type=\"container\" data-e-type=\"container\">\n\t\t\t\t<div class=\"elementor-element elementor-element-0a6bcc7 elementor-widget elementor-widget-text-editor\" data-id=\"0a6bcc7\" data-element_type=\"widget\" data-e-type=\"widget\" data-widget_type=\"text-editor.default\">\n\t\t\t\t\t\t\t\t\t\n<h2 class=\"wp-block-heading\"><span style=\"color: #000000;\">G\u00d6Z LAZER\u0130 \u0130LE \u0130LET\u0130\u015e\u0130M<\/span><\/h2>\n\n<p><span style=\"color: #000000;\">Size nas\u0131l yard\u0131mc\u0131 olabiliriz? Bize <span style=\"color: #ff0000;\"><a style=\"color: #ff0000;\" href=\"mailto:augen@swisslasik.ch\" target=\"_blank\" rel=\"noreferrer noopener\">e-posta <\/a><\/span>yoluyla veya a\u015fa\u011f\u0131daki ileti\u015fim formumuz arac\u0131l\u0131\u011f\u0131yla yazabilirsiniz.  Sizinle ileti\u015fime ge\u00e7menizi memnuniyetle bekliyoruz.<\/span><\/p>\n<p><span style=\"color: #000000;\"><\/span><\/p>\n<p><strong><span style=\"color: #000000;\">MedicalTravel GmbH<\/span><\/strong><br><strong><span style=\"color: #000000;\">L\u00e4nggassstrasse 8<\/span><\/strong><br><strong><span style=\"color: #000000;\">CH-3012 Bern<\/span><\/strong><\/p>\n<p><span style=\"color: #000000;\"><\/span><\/p>\n<p><strong>E-posta:<\/strong> <a href=\"mailto:augen@swisslasik.ch\">augen@swisslasik.ch<\/a><br><span style=\"color: #000000;\">Telefon:<\/span> <a href=\"tel:+41335345765\">+41 (0) 33 534 57 65<\/a><br>Cep Telefonu: <a href=\"tel:+41787373541\">+41 (0) 78 737 35 41<\/a><br><span style=\"color: #000000;\">WhatsApp:<\/span> <a href=\"https:\/\/api.whatsapp.com\/send\/?phone=41787373541&amp;text&amp;type=phone_number&amp;app_absent=0\" rel=\"nofollow noopener\" target=\"_blank\">+41 (0) 78 737 35 41<\/a><\/p>\n\n<p>\u00c7a\u011fr\u0131 saatleri:<br>Pazartesi-Cuma: 09:00 &#8211; 21:00<br>Cumartesi: 10:00 &#8211; 17:00<\/p>\n\t\t\t\t\t\t\t\t<\/div>\n\t\t\t\t<\/div>\n\t\t<div class=\"elementor-element elementor-element-525ee66 e-con-full e-flex wpr-particle-no wpr-jarallax-no wpr-parallax-no wpr-sticky-section-no e-con e-child\" data-id=\"525ee66\" data-element_type=\"container\" data-e-type=\"container\">\n\t\t\t\t<div class=\"elementor-element elementor-element-3704d43 elementor-widget elementor-widget-wpforms\" data-id=\"3704d43\" data-element_type=\"widget\" data-e-type=\"widget\" data-widget_type=\"wpforms.default\">\n\t\t\t\t<div class=\"elementor-widget-container\">\n\t\t\t\t\t<style id=\"wpforms-css-vars-elementor-widget-3704d43\">\n\t\t\t\t.elementor-widget-wpforms.elementor-element-3704d43 {\n\t\t\t\t--wpforms-button-background-color: #E23E47;\n--wpforms-page-break-color: #E23E47;\n--wpforms-background-image: library;\n--wpforms-background-position: top right;\n--wpforms-background-size: 65px 50px;\n--wpforms-background-width: 65px;\n--wpforms-background-height: 50px;\n--wpforms-background-url: url( https:\/\/swisslasik.ch\/wp-content\/uploads\/2025\/11\/icon.png );\n\t\t\t}\n\t\t\t<\/style><div class=\"wpforms-container wpforms-container-full wpforms-render-modern\" id=\"wpforms-1900\"><form id=\"wpforms-form-1900\" class=\"wpforms-validate wpforms-form wpforms-ajax-form\" data-formid=\"1900\" method=\"post\" enctype=\"multipart\/form-data\" action=\"\/tr\/wp-json\/wp\/v2\/pages\/3556?wpforms_form_id=1900\" data-token=\"7a39e7e866d0cf27e21e3f466c0d5030\" data-token-time=\"1775660265\"><noscript class=\"wpforms-error-noscript\">Bu formu bitirebilmek i\u00e7in taray\u0131c\u0131n\u0131zda JavaScript&#039;i etkinle\u015ftirin.<\/noscript><div id=\"wpforms-error-noscript\" style=\"display: none;\">Bu formu bitirebilmek i\u00e7in taray\u0131c\u0131n\u0131zda JavaScript&#039;i etkinle\u015ftirin.<\/div><div class=\"wpforms-field-container\"><div id=\"wpforms-1900-field_7-container\" class=\"wpforms-field wpforms-field-select wpforms-field-select-style-classic\" data-field-id=\"7\"><label class=\"wpforms-field-label\" for=\"wpforms-1900-field_7\">Anrede:<\/label><select id=\"wpforms-1900-field_7\" class=\"wpforms-field-large\" name=\"wpforms[fields][7]\"><option value=\"Frau\"  class=\"choice-1 depth-1\"  >Frau<\/option><option value=\"Herr\"  class=\"choice-2 depth-1\"  >Herr<\/option><\/select><\/div><div id=\"wpforms-1900-field_8-container\" class=\"wpforms-field wpforms-field-text\" data-field-id=\"8\"><label class=\"wpforms-field-label wpforms-label-hide\" for=\"wpforms-1900-field_8\" aria-hidden=\"false\">Vorname - Nachname <span class=\"wpforms-required-label\" aria-hidden=\"true\">*<\/span><\/label><input type=\"text\" id=\"wpforms-1900-field_8\" class=\"wpforms-field-large wpforms-field-required\" name=\"wpforms[fields][8]\" placeholder=\"Vorname - Nachname\" aria-errormessage=\"wpforms-1900-field_8-error\" required><\/div><div id=\"wpforms-1900-field_1-container\" class=\"wpforms-field wpforms-field-text\" data-field-id=\"1\"><label class=\"wpforms-field-label wpforms-label-hide\" for=\"wpforms-1900-field_1\" aria-hidden=\"false\">Land <span class=\"wpforms-required-label\" aria-hidden=\"true\">*<\/span><\/label><input type=\"text\" id=\"wpforms-1900-field_1\" class=\"wpforms-field-large wpforms-field-required\" name=\"wpforms[fields][1]\" placeholder=\"Land\" aria-errormessage=\"wpforms-1900-field_1-error\" required><\/div><div id=\"wpforms-1900-field_6-container\" class=\"wpforms-field wpforms-field-phone\" data-field-id=\"6\"><label class=\"wpforms-field-label wpforms-label-hide\" for=\"wpforms-1900-field_6\" aria-hidden=\"false\">Telefon <span class=\"wpforms-required-label\" aria-hidden=\"true\">*<\/span><\/label><input type=\"tel\" id=\"wpforms-1900-field_6\" class=\"wpforms-field-large wpforms-field-required wpforms-smart-phone-field\" data-rule-smart-phone-field=\"true\" name=\"wpforms[fields][6]\" aria-label=\"Telefon\" aria-errormessage=\"wpforms-1900-field_6-error\" required><\/div>\t\t<div id=\"wpforms-1900-field_2-container\"\n\t\t\tclass=\"wpforms-field wpforms-field-text\"\n\t\t\tdata-field-type=\"text\"\n\t\t\tdata-field-id=\"2\"\n\t\t\t>\n\t\t\t<label class=\"wpforms-field-label\" for=\"wpforms-1900-field_2\" >file E-Mail Anrede:<\/label>\n\t\t\t<input type=\"text\" id=\"wpforms-1900-field_2\" class=\"wpforms-field-medium\" name=\"wpforms[fields][2]\" >\n\t\t<\/div>\n\t\t<div id=\"wpforms-1900-field_5-container\" class=\"wpforms-field wpforms-field-email\" data-field-id=\"5\"><label class=\"wpforms-field-label wpforms-label-hide\" for=\"wpforms-1900-field_5\" aria-hidden=\"false\">E-Mail <span class=\"wpforms-required-label\" aria-hidden=\"true\">*<\/span><\/label><input type=\"email\" id=\"wpforms-1900-field_5\" class=\"wpforms-field-large wpforms-field-required\" name=\"wpforms[fields][5]\" placeholder=\"E-Mail\" spellcheck=\"false\" aria-errormessage=\"wpforms-1900-field_5-error\" required><\/div><div id=\"wpforms-1900-field_3-container\" class=\"wpforms-field wpforms-field-textarea\" data-field-id=\"3\"><label class=\"wpforms-field-label\" for=\"wpforms-1900-field_3\">Deine Nachricht <span class=\"wpforms-required-label\" aria-hidden=\"true\">*<\/span><\/label><textarea id=\"wpforms-1900-field_3\" class=\"wpforms-field-medium wpforms-field-required\" name=\"wpforms[fields][3]\" aria-errormessage=\"wpforms-1900-field_3-error\" required><\/textarea><\/div><div id=\"wpforms-1900-field_9-container\" class=\"wpforms-field wpforms-field-file-upload\" data-field-id=\"9\"><label class=\"wpforms-field-label\" for=\"wpforms-1900-field_9\">Max. 5 MB file<\/label><div\n\t\tclass=\"wpforms-uploader \"\n\t\tdata-field-id=\"9\"\n\t\tdata-form-id=\"1900\"\n\t\tdata-input-name=\"wpforms_1900_9\"\n\t\tdata-extensions=\"pdf,jpeg,jpg,png,jpg\"\n\t\tdata-max-size=\"5242880\"\n\t\tdata-max-file-number=\"3\"\n\t\tdata-post-max-size=\"16777216\"\n\t\tdata-max-parallel-uploads=\"4\"\n\t\tdata-parallel-uploads=\"true\"\n\t\tdata-file-chunk-size=\"2097152\">\n\t<div class=\"dz-message\">\n\t\t<svg  viewBox=\"0 0 640 640\" focusable=\"false\" data-icon=\"inbox\" width=\"50px\" height=\"50px\" fill=\"currentColor\" aria-hidden=\"true\">\n\t\t\t<path d=\"M352 173.3L352 384C352 401.7 337.7 416 320 416C302.3 416 288 401.7 288 384L288 173.3L246.6 214.7C234.1 227.2 213.8 227.2 201.3 214.7C188.8 202.2 188.8 181.9 201.3 169.4L297.3 73.4C309.8 60.9 330.1 60.9 342.6 73.4L438.6 169.4C451.1 181.9 451.1 202.2 438.6 214.7C426.1 227.2 405.8 227.2 393.3 214.7L352 173.3zM320 464C364.2 464 400 428.2 400 384L480 384C515.3 384 544 412.7 544 448L544 480C544 515.3 515.3 544 480 544L160 544C124.7 544 96 515.3 96 480L96 448C96 412.7 124.7 384 160 384L240 384C240 428.2 275.8 464 320 464zM464 488C477.3 488 488 477.3 488 464C488 450.7 477.3 440 464 440C450.7 440 440 450.7 440 464C440 477.3 450.7 488 464 488z\"\/>\n\t\t<\/svg>\n\n\t\t<span class=\"modern-title\">\n\t\t\t\t\t\t\tDrag &amp; Drop Files, \t\t\t\t<span>Choose Files to Upload<\/span>\n\t\t\t\t\t<\/span>\n\n\t\t\t\t\t<span class=\"modern-hint\">En fazla 3 dosya y\u00fckleyebilirsiniz.<\/span>\n\t\t\t<\/div>\n<\/div>\n\n<input\n\t\ttype=\"text\"\n\t\tautocomplete=\"off\"\n\t\treadonly\n\t\tclass=\"dropzone-input\"\n\t\tstyle=\"position:absolute!important;clip:rect(0,0,0,0)!important;height:1px!important;width:1px!important;border:0!important;overflow:hidden!important;padding:0!important;margin:0!important;\"\n\t\tid=\"wpforms-1900-field_9\"\n\t\tname=\"wpforms_1900_9\" \t\tvalue=\"\">\n<\/div><div id=\"wpforms-1900-field_11-container\" class=\"wpforms-field wpforms-field-hidden\" data-field-id=\"11\"><input type=\"hidden\" id=\"wpforms-1900-field_11\" name=\"wpforms[fields][11]\" value=\"swisslasik.ch\"><\/div><script>\n\t\t\t\t( function() {\n\t\t\t\t\tconst style = document.createElement( 'style' );\n\t\t\t\t\tstyle.appendChild( document.createTextNode( '#wpforms-1900-field_2-container { position: absolute !important; overflow: hidden !important; display: inline !important; height: 1px !important; width: 1px !important; z-index: -1000 !important; padding: 0 !important; } #wpforms-1900-field_2-container input { visibility: hidden; } #wpforms-conversational-form-page #wpforms-1900-field_2-container label { counter-increment: none; }' ) );\n\t\t\t\t\tdocument.head.appendChild( style );\n\t\t\t\t\tdocument.currentScript?.remove();\n\t\t\t\t} )();\n\t\t\t<\/script><\/div><!-- .wpforms-field-container --><div class=\"wpforms-recaptcha-container wpforms-is-turnstile\" ><div class=\"wpforms-turnstile\" data-sitekey=\"0x4AAAAAACC79sch2cdI6vcu\" data-action=\"FormID-1900\"><\/div><input type=\"text\" name=\"g-recaptcha-hidden\" class=\"wpforms-recaptcha-hidden\" style=\"position:absolute!important;clip:rect(0,0,0,0)!important;height:1px!important;width:1px!important;border:0!important;overflow:hidden!important;padding:0!important;margin:0!important;\" data-rule-turnstile=\"1\"><\/div><div class=\"wpforms-submit-container\" ><input type=\"hidden\" name=\"wpforms[id]\" value=\"1900\"><input type=\"hidden\" name=\"page_title\" value=\"\"><input type=\"hidden\" name=\"page_url\" value=\"https:\/\/swisslasik.ch\/tr\/wp-json\/wp\/v2\/pages\/3556\"><input type=\"hidden\" name=\"url_referer\" value=\"\"><button type=\"submit\" name=\"wpforms[submit]\" id=\"wpforms-submit-1900\" class=\"wpforms-submit\" data-alt-text=\"Senden...\" data-submit-text=\"Einreichen\" aria-live=\"assertive\" value=\"wpforms-submit\">Einreichen<\/button><img decoding=\"async\" src=\"https:\/\/swisslasik.ch\/wp-content\/plugins\/wpforms\/assets\/images\/submit-spin.svg\" class=\"wpforms-submit-spinner\" style=\"display: none;\" width=\"26\" height=\"26\" alt=\"Y\u00fckleniyor\"><\/div><input type=\"hidden\" id=\"ct_checkjs_wpforms_698d51a19d8a121ce581499d7b701668\" name=\"ct_checkjs_wpforms\" value=\"0\" \/><script>setTimeout(function(){var ct_input_name = \"ct_checkjs_wpforms_698d51a19d8a121ce581499d7b701668\";if (document.getElementById(ct_input_name) !== null) {var ct_input_value = document.getElementById(ct_input_name).value;document.getElementById(ct_input_name).value = document.getElementById(ct_input_name).value.replace(ct_input_value, '7e74157196bfb2e7aab2d28db277e3bdf2d24f4e9b35c5d17833e435189f99bc');}}, 1000);<\/script><input\n                    class=\"apbct_special_field apbct_email_id__wp_wpforms\"\n                    name=\"apbct__email_id__wp_wpforms\"\n                    aria-label=\"apbct__label_id__wp_wpforms\"\n                    type=\"text\" size=\"30\" maxlength=\"200\" autocomplete=\"off\"\n                    value=\"\"\n                \/><input\n                    class=\"apbct_special_field apbct_email_id__elementor_form\"\n                    name=\"apbct__email_id__elementor_form\"\n                    aria-label=\"apbct__label_id__elementor_form\"\n                    type=\"text\" size=\"30\" maxlength=\"200\" autocomplete=\"off\"\n                    value=\"\"\n                \/><\/form><\/div>  <!-- .wpforms-container -->\t\t\t\t<\/div>\n\t\t\t\t<\/div>\n\t\t\t\t<\/div>\n\t\t\t\t\t<\/div>\n\t\t\t\t<\/div>\n\t\t\t\t<\/div>\n\t\t","protected":false},"excerpt":{"rendered":"<p>G\u00d6Z LAZER\u0130 \u0130LE \u0130LET\u0130\u015e\u0130M Size nas\u0131l yard\u0131mc\u0131 olabiliriz? Bize e-posta yoluyla veya a\u015fa\u011f\u0131daki ileti\u015fim formumuz arac\u0131l\u0131\u011f\u0131yla yazabilirsiniz. Sizinle ileti\u015fime ge\u00e7menizi memnuniyetle bekliyoruz. MedicalTravel GmbHL\u00e4nggassstrasse 8CH-3012 Bern E-posta: augen@swisslasik.chTelefon: +41 (0) 33 534 57 65Cep Telefonu: +41 (0) 78 737 35 41WhatsApp: +41 (0) 78 737 35 41 \u00c7a\u011fr\u0131 saatleri:Pazartesi-Cuma: 09:00 &#8211; 21:00Cumartesi: 10:00 &#8211; 17:00 Bitte aktiviere JavaScript in deinem Browser, um dieses Formular fertigzustellen.Bitte aktiviere JavaScript in deinem Browser, um dieses Formular fertigzustellen.Anrede:FrauHerrVorname &#8211; Nachname *Land *Telefon *E-Mail * Nachname 5 Anfordern Deine Nachricht *Max. 5 MB file Drag &amp; Drop Files, Choose Files to Upload Du kannst bis zu 3 Dateien hochladen. Einreichen<\/p>\n","protected":false},"author":4,"featured_media":0,"parent":0,"menu_order":0,"comment_status":"closed","ping_status":"closed","template":"","meta":{"_joinchat":[],"footnotes":""},"class_list":["post-3556","page","type-page","status-publish","hentry"],"acf":[],"_links":{"self":[{"href":"https:\/\/swisslasik.ch\/tr\/wp-json\/wp\/v2\/pages\/3556","targetHints":{"allow":["GET"]}}],"collection":[{"href":"https:\/\/swisslasik.ch\/tr\/wp-json\/wp\/v2\/pages"}],"about":[{"href":"https:\/\/swisslasik.ch\/tr\/wp-json\/wp\/v2\/types\/page"}],"author":[{"embeddable":true,"href":"https:\/\/swisslasik.ch\/tr\/wp-json\/wp\/v2\/users\/4"}],"replies":[{"embeddable":true,"href":"https:\/\/swisslasik.ch\/tr\/wp-json\/wp\/v2\/comments?post=3556"}],"version-history":[{"count":3,"href":"https:\/\/swisslasik.ch\/tr\/wp-json\/wp\/v2\/pages\/3556\/revisions"}],"predecessor-version":[{"id":3559,"href":"https:\/\/swisslasik.ch\/tr\/wp-json\/wp\/v2\/pages\/3556\/revisions\/3559"}],"wp:attachment":[{"href":"https:\/\/swisslasik.ch\/tr\/wp-json\/wp\/v2\/media?parent=3556"}],"curies":[{"name":"wp","href":"https:\/\/api.w.org\/{rel}","templated":true}]}}