{"id":3561,"date":"2025-09-17T13:16:53","date_gmt":"2025-09-17T12:16:53","guid":{"rendered":"https:\/\/swisslasik.ch\/tuerkiyede-lazer-cerrahisi\/"},"modified":"2026-01-08T16:26:37","modified_gmt":"2026-01-08T15:26:37","slug":"tuerkiyede-lazer-cerrahisi","status":"publish","type":"page","link":"https:\/\/swisslasik.ch\/tr\/tuerkiyede-lazer-cerrahisi\/","title":{"rendered":"T\u00fcrkiye&#8217;de lazer cerrahisi"},"content":{"rendered":"\t\t<div data-elementor-type=\"wp-page\" data-elementor-id=\"3561\" class=\"elementor elementor-3561 elementor-43\" data-elementor-post-type=\"page\">\n\t\t\t\t<div class=\"elementor-element elementor-element-1870e2bb e-flex e-con-boxed wpr-particle-no wpr-jarallax-no wpr-parallax-no wpr-sticky-section-no wpr-equal-height-no e-con e-parent\" data-id=\"1870e2bb\" data-element_type=\"container\" data-e-type=\"container\">\n\t\t\t\t\t<div class=\"e-con-inner\">\n\t\t<div class=\"elementor-element elementor-element-ee9706b e-con-full e-flex wpr-particle-no wpr-jarallax-no wpr-parallax-no wpr-sticky-section-no wpr-equal-height-no e-con e-child\" data-id=\"ee9706b\" data-element_type=\"container\" data-e-type=\"container\">\n\t\t\t\t<div class=\"elementor-element elementor-element-59f15af elementor-widget elementor-widget-button\" data-id=\"59f15af\" data-element_type=\"widget\" data-e-type=\"widget\" data-widget_type=\"button.default\">\n\t\t\t\t\t\t\t\t\t\t<a class=\"elementor-button elementor-button-link elementor-size-sm\" href=\"https:\/\/swisslasik.ch\/lasern-in-istanbul\/medizintourismus\/\">\n\t\t\t\t\t\t<span class=\"elementor-button-content-wrapper\">\n\t\t\t\t\t\t\t\t\t<span class=\"elementor-button-text\">T\u0131bbi turizm<\/span>\n\t\t\t\t\t<\/span>\n\t\t\t\t\t<\/a>\n\t\t\t\t\t\t\t\t<\/div>\n\t\t\t\t<div class=\"elementor-element elementor-element-aff7cc3 elementor-widget elementor-widget-button\" data-id=\"aff7cc3\" data-element_type=\"widget\" data-e-type=\"widget\" data-widget_type=\"button.default\">\n\t\t\t\t\t\t\t\t\t\t<a class=\"elementor-button elementor-button-link elementor-size-sm\" href=\"https:\/\/swisslasik.ch\/lasern-in-istanbul\/lasern-tatsachen\/\">\n\t\t\t\t\t\t<span class=\"elementor-button-content-wrapper\">\n\t\t\t\t\t\t\t\t\t<span class=\"elementor-button-text\">LAZERLE G\u0130R\u0130\u015e: GER\u00c7EKLER<\/span>\n\t\t\t\t\t<\/span>\n\t\t\t\t\t<\/a>\n\t\t\t\t\t\t\t\t<\/div>\n\t\t\t\t<div class=\"elementor-element elementor-element-bdccb69 elementor-widget elementor-widget-button\" data-id=\"bdccb69\" data-element_type=\"widget\" data-e-type=\"widget\" data-widget_type=\"button.default\">\n\t\t\t\t\t\t\t\t\t\t<a class=\"elementor-button elementor-button-link elementor-size-sm\" href=\"https:\/\/swisslasik.ch\/lasern-in-istanbul\/staedte-der-tuerkei\/istanbul-als-stadt\/\">\n\t\t\t\t\t\t<span class=\"elementor-button-content-wrapper\">\n\t\t\t\t\t\t\t\t\t<span class=\"elementor-button-text\">T\u00fcrkiye'nin \u015eehirleri<\/span>\n\t\t\t\t\t<\/span>\n\t\t\t\t\t<\/a>\n\t\t\t\t\t\t\t\t<\/div>\n\t\t\t\t<\/div>\n\t\t\t\t<div class=\"elementor-element elementor-element-568f49ad elementor-widget elementor-widget-text-editor\" data-id=\"568f49ad\" data-element_type=\"widget\" data-e-type=\"widget\" data-widget_type=\"text-editor.default\">\n\t\t\t\t\t\t\t\t\t\n<h2 class=\"wp-block-heading\">\u0130stanbul&#8217;da lazer g\u00f6z ameliyat\u0131<\/h2>\n\n<p>Birka\u00e7 g\u00fcnl\u00fc\u011f\u00fcne ba\u011flant\u0131n\u0131z\u0131 kesmeniz mi gerekiyor?<\/p>\n\n<p>Sundu\u011fumuz hizmet sayesinde g\u00f6rme yard\u0131mc\u0131n\u0131zdan kurtulmay\u0131 bir tatille ta\u00e7land\u0131rabilirsiniz. \u0130stanbul\u2019da ge\u00e7irece\u011finiz bir konaklama, ameliyat\u0131n\u0131z\u0131 sizin i\u00e7in \u00f6zel ve harika bir deneyime d\u00f6n\u00fc\u015ft\u00fcr\u00fcr. Akl\u0131n\u0131zda kalan stresli bir operasyon de\u011fil, keyifli ve dinlendirici bir tatil olur. Her y\u0131l, ba\u015fta Avrupa\u2019dan olmak \u00fczere binlerce hasta \u0130stanbul\u2019a seyahat etmektedir.   <\/p>\n\n<p>Ameliyat sonras\u0131 yap\u0131lacak bir tatil, hem ameliyat s\u0131ras\u0131ndaki stresi ortadan kald\u0131r\u0131r hem de g\u00f6zlerinize d\u00fcnya \u015fehirlerinde g\u00f6rme yard\u0131mc\u0131lar\u0131 olmadan ilk deneyimini ya\u015fama f\u0131rsat\u0131 sunar.<\/p>\n\n<p>Ameliyattan sonraki ilk birka\u00e7 g\u00fcn zaten \u00e7al\u0131\u015fmaman\u0131z gerekiyor. Bu f\u0131rsat\u0131 \u0130stanbul&#8217;da bir \u015fehir tatili i\u00e7in kullanabilirsiniz. <\/p>\n\n<p>\u0130stanbul&#8217;u h\u00e2l\u00e2 tan\u0131m\u0131yor musunuz? \u0130stanbul hakk\u0131ndaki SF Unterwegs program\u0131n\u0131 <a href=\"https:\/\/www.srf.ch\/podcasts?docid=sfunterwegs\" rel=\"nofollow noopener\" target=\"_blank\">buradan<\/a> izleyin! <\/p>\n\n<p>\u0130stanbul sizi \u00e7a\u011f\u0131r\u0131yor!<\/p>\n\n<p>\u0130stanbul&#8217;un 2010 y\u0131l\u0131nda Avrupa K\u00fclt\u00fcr Ba\u015fkenti oldu\u011funu biliyor muydunuz? Daha fazla bilgiye buradan ula\u015fabilirsiniz. <\/p>\n\n<figure class=\"wp-block-image size-full\"><img fetchpriority=\"high\" decoding=\"async\" width=\"300\" height=\"206\" class=\"wp-image-186\" src=\"https:\/\/swisslasik.ch\/wp-content\/uploads\/2025\/09\/tuerkei001.jpg\" alt=\"\"><\/figure>\n\n<p id=\"caption-attachment-137\">Lazer g\u00f6z ameliyat\u0131n\u0131z\u0131 etkileyici \u0130stanbul metropol\u00fcnde bir konaklamayla birle\u015ftirin.<\/p>\n\t\t\t\t\t\t\t\t<\/div>\n\t\t\t\t\t<\/div>\n\t\t\t\t<\/div>\n\t\t\t\t<\/div>\n\t\t","protected":false},"excerpt":{"rendered":"<p>T\u0131bbi turizm LAZERLE G\u0130R\u0130\u015e: GER\u00c7EKLER T\u00fcrkiye&#8217;nin \u015eehirleri \u0130stanbul&#8217;da lazer g\u00f6z ameliyat\u0131 Birka\u00e7 g\u00fcnl\u00fc\u011f\u00fcne ba\u011flant\u0131n\u0131z\u0131 kesmeniz mi gerekiyor? Sundu\u011fumuz hizmet sayesinde g\u00f6rme yard\u0131mc\u0131n\u0131zdan kurtulmay\u0131 bir tatille ta\u00e7land\u0131rabilirsiniz. \u0130stanbul\u2019da ge\u00e7irece\u011finiz bir konaklama, ameliyat\u0131n\u0131z\u0131 sizin i\u00e7in \u00f6zel ve harika bir deneyime d\u00f6n\u00fc\u015ft\u00fcr\u00fcr. Akl\u0131n\u0131zda kalan stresli bir operasyon de\u011fil, keyifli ve dinlendirici bir tatil olur. Her y\u0131l, ba\u015fta Avrupa\u2019dan olmak \u00fczere binlerce hasta \u0130stanbul\u2019a seyahat etmektedir. Ameliyat sonras\u0131 yap\u0131lacak bir tatil, hem ameliyat s\u0131ras\u0131ndaki stresi ortadan kald\u0131r\u0131r hem de g\u00f6zlerinize d\u00fcnya \u015fehirlerinde g\u00f6rme yard\u0131mc\u0131lar\u0131 olmadan ilk deneyimini ya\u015fama f\u0131rsat\u0131 sunar. Ameliyattan sonraki ilk birka\u00e7 g\u00fcn zaten \u00e7al\u0131\u015fmaman\u0131z gerekiyor. Bu f\u0131rsat\u0131 \u0130stanbul&#8217;da bir \u015fehir tatili i\u00e7in kullanabilirsiniz. \u0130stanbul&#8217;u h\u00e2l\u00e2 tan\u0131m\u0131yor musunuz? \u0130stanbul hakk\u0131ndaki SF Unterwegs program\u0131n\u0131 buradan izleyin! \u0130stanbul sizi \u00e7a\u011f\u0131r\u0131yor! \u0130stanbul&#8217;un 2010 y\u0131l\u0131nda Avrupa K\u00fclt\u00fcr Ba\u015fkenti oldu\u011funu biliyor muydunuz? Daha fazla bilgiye buradan ula\u015fabilirsiniz. Lazer g\u00f6z ameliyat\u0131n\u0131z\u0131 etkileyici \u0130stanbul metropol\u00fcnde bir konaklamayla birle\u015ftirin.<\/p>\n","protected":false},"author":4,"featured_media":0,"parent":0,"menu_order":0,"comment_status":"closed","ping_status":"closed","template":"","meta":{"_joinchat":[],"footnotes":""},"class_list":["post-3561","page","type-page","status-publish","hentry"],"acf":[],"_links":{"self":[{"href":"https:\/\/swisslasik.ch\/tr\/wp-json\/wp\/v2\/pages\/3561","targetHints":{"allow":["GET"]}}],"collection":[{"href":"https:\/\/swisslasik.ch\/tr\/wp-json\/wp\/v2\/pages"}],"about":[{"href":"https:\/\/swisslasik.ch\/tr\/wp-json\/wp\/v2\/types\/page"}],"author":[{"embeddable":true,"href":"https:\/\/swisslasik.ch\/tr\/wp-json\/wp\/v2\/users\/4"}],"replies":[{"embeddable":true,"href":"https:\/\/swisslasik.ch\/tr\/wp-json\/wp\/v2\/comments?post=3561"}],"version-history":[{"count":3,"href":"https:\/\/swisslasik.ch\/tr\/wp-json\/wp\/v2\/pages\/3561\/revisions"}],"predecessor-version":[{"id":3564,"href":"https:\/\/swisslasik.ch\/tr\/wp-json\/wp\/v2\/pages\/3561\/revisions\/3564"}],"wp:attachment":[{"href":"https:\/\/swisslasik.ch\/tr\/wp-json\/wp\/v2\/media?parent=3561"}],"curies":[{"name":"wp","href":"https:\/\/api.w.org\/{rel}","templated":true}]}}