{"id":3566,"date":"2025-09-17T13:18:34","date_gmt":"2025-09-17T12:18:34","guid":{"rendered":"https:\/\/swisslasik.ch\/tuerkiyede-lazer-cerrahisi\/lazerle-giris-gercekler\/"},"modified":"2026-01-08T16:30:16","modified_gmt":"2026-01-08T15:30:16","slug":"lazerle-giris-gercekler","status":"publish","type":"page","link":"https:\/\/swisslasik.ch\/tr\/tuerkiyede-lazer-cerrahisi\/lazerle-giris-gercekler\/","title":{"rendered":"LAZERLE G\u0130R\u0130\u015e: GER\u00c7EKLER"},"content":{"rendered":"\t\t<div data-elementor-type=\"wp-page\" data-elementor-id=\"3566\" class=\"elementor elementor-3566 elementor-47\" data-elementor-post-type=\"page\">\n\t\t\t\t<div class=\"elementor-element elementor-element-1b5a558a e-flex e-con-boxed wpr-particle-no wpr-jarallax-no wpr-parallax-no wpr-sticky-section-no e-con e-parent\" data-id=\"1b5a558a\" data-element_type=\"container\" data-e-type=\"container\">\n\t\t\t\t\t<div class=\"e-con-inner\">\n\t\t<div class=\"elementor-element elementor-element-0c633ee e-con-full e-flex wpr-particle-no wpr-jarallax-no wpr-parallax-no wpr-sticky-section-no e-con e-child\" data-id=\"0c633ee\" data-element_type=\"container\" data-e-type=\"container\">\n\t\t\t\t<div class=\"elementor-element elementor-element-bbc9cf7 elementor-widget elementor-widget-button\" data-id=\"bbc9cf7\" data-element_type=\"widget\" data-e-type=\"widget\" data-widget_type=\"button.default\">\n\t\t\t\t\t\t\t\t\t\t<a class=\"elementor-button elementor-button-link elementor-size-sm\" href=\"https:\/\/swisslasik.ch\/lasern-in-istanbul\/medizintourismus\/\">\n\t\t\t\t\t\t<span class=\"elementor-button-content-wrapper\">\n\t\t\t\t\t\t\t\t\t<span class=\"elementor-button-text\">T\u0131bbi turizm<\/span>\n\t\t\t\t\t<\/span>\n\t\t\t\t\t<\/a>\n\t\t\t\t\t\t\t\t<\/div>\n\t\t\t\t<div class=\"elementor-element elementor-element-ebc384b elementor-widget elementor-widget-button\" data-id=\"ebc384b\" data-element_type=\"widget\" data-e-type=\"widget\" data-widget_type=\"button.default\">\n\t\t\t\t\t\t\t\t\t\t<a class=\"elementor-button elementor-button-link elementor-size-sm\" href=\"https:\/\/swisslasik.ch\/tr\/tuerkiyede-lazer-cerrahisi\/lazerle-giris-gercekler\/\">\n\t\t\t\t\t\t<span class=\"elementor-button-content-wrapper\">\n\t\t\t\t\t\t\t\t\t<span class=\"elementor-button-text\">LAZERLE G\u0130R\u0130\u015e: GER\u00c7EKLER<\/span>\n\t\t\t\t\t<\/span>\n\t\t\t\t\t<\/a>\n\t\t\t\t\t\t\t\t<\/div>\n\t\t\t\t<div class=\"elementor-element elementor-element-9b0fb99 elementor-widget elementor-widget-button\" data-id=\"9b0fb99\" data-element_type=\"widget\" data-e-type=\"widget\" data-widget_type=\"button.default\">\n\t\t\t\t\t\t\t\t\t\t<a class=\"elementor-button elementor-button-link elementor-size-sm\" href=\"https:\/\/swisslasik.ch\/lasern-in-istanbul\/staedte-der-tuerkei\/istanbul-als-stadt\/\">\n\t\t\t\t\t\t<span class=\"elementor-button-content-wrapper\">\n\t\t\t\t\t\t\t\t\t<span class=\"elementor-button-text\">T\u00fcrkiye'nin \u015eehirleri<\/span>\n\t\t\t\t\t<\/span>\n\t\t\t\t\t<\/a>\n\t\t\t\t\t\t\t\t<\/div>\n\t\t\t\t<\/div>\n\t\t\t\t<div class=\"elementor-element elementor-element-23ab919b elementor-widget elementor-widget-text-editor\" data-id=\"23ab919b\" data-element_type=\"widget\" data-e-type=\"widget\" data-widget_type=\"text-editor.default\">\n\t\t\t\t\t\t\t\t\t\n<h2 class=\"wp-block-heading\">LAZERLE G\u0130R\u0130\u015e: GER\u00c7EKLER<\/h2>\n\n<p>\u0130stanbul&#8217;a t\u0131bbi turizmle ilgili kli\u015feler ve ger\u00e7ekler. \u00c7\u0131lg\u0131nca m\u0131, ak\u0131ll\u0131ca m\u0131? <\/p>\n\n<p>\u0130stanbul&#8217;a y\u00f6nelik t\u0131bbi turizm hakk\u0131nda bir\u00e7ok kli\u015fe var. Ancak bizim i\u00e7in ger\u00e7eklik olduk\u00e7a farkl\u0131: <\/p>\n\n<p>Kli\u015fe: \u0130stanbul&#8217;da kaliteden asla emin olamazs\u0131n\u0131z! Peki ya hijyen standartlar\u0131? <br>Ger\u00e7ek \u015fu ki: G\u00f6z lazer klini\u011fimiz uluslararas\u0131 sertifikaya sahiptir ve bu da her alanda kaliteyi garanti eder.<\/p>\n\n<p>Kli\u015fe: \u0130svi\u00e7reli doktorlar\u0131n kesinlikle daha fazla deneyimi var!<br>Ger\u00e7ek \u015fu ki: Klini\u011fin doktorlar\u0131 son 10 y\u0131lda 20.000&#8217;den fazla ameliyat ger\u00e7ekle\u015ftirmi\u015f olup uluslararas\u0131 e\u011fitim alm\u0131\u015flard\u0131r. B\u00f6lgedeki ba\u015fka hi\u00e7bir lazer g\u00f6z klini\u011fi bu kadar y\u00fcksek say\u0131da ameliyat ve buna ba\u011fl\u0131 deneyime sahip de\u011fildir. <\/p>\n\n<p>Stereotip: Yurtd\u0131\u015f\u0131nda her \u015fey seri \u00fcretimle ilgili!<br>Ger\u00e7ek \u015fu ki: Her hastaya yeterli zaman ay\u0131rmak i\u00e7in klinik g\u00fcnde sadece birka\u00e7 hasta kabul etmektedir.<\/p>\n\n<p>Klisele\u015fmi\u015f ifade: Cihazlar yeni de\u011fil, ikinci el piyasas\u0131ndan sat\u0131n al\u0131nd\u0131!<br>Ger\u00e7ek: Klinik, d\u00fcnyan\u0131n en h\u0131zl\u0131 g\u00f6z lazer cihazlar\u0131na, 400 Hz frekans\u0131ndaki Allegretto Wave Eye-Q&#8217;ya sahip. Cihaz piyasaya \u00e7\u0131kt\u0131\u011f\u0131nda, klinik bu cihaza sahip olan d\u00fcnyadaki ilk kliniklerden biriydi. <\/p>\n\n<p>Kal\u0131p yarg\u0131: Nas\u0131l ileti\u015fim kuraca\u011f\u0131z ki? T\u00fcrk\u00e7e bilmiyorum ki! <br>Ger\u00e7ek \u015fu ki: Klinikte her zaman ak\u0131c\u0131 Almanca konu\u015fan biri vard\u0131r.<\/p>\n\n<p>Efsane: Yurtd\u0131\u015f\u0131nda \u0130svi\u00e7re&#8217;ye g\u00f6re kesinlikle daha fazla komplikasyon vard\u0131r.<br>Ger\u00e7ek: Bunu kan\u0131tlayacak hi\u00e7bir bilimsel \u00e7al\u0131\u015fma yoktur. \u0130svi\u00e7re&#8217;deki ba\u015far\u0131 oran\u0131 %90&#8217;\u0131n \u00fczerindedir. Swisslasik.ch&#8217;de ise bu oran %95&#8217;in \u00fczerindedir.  <\/p>\n\n<p>Efsane: Yurtd\u0131\u015f\u0131nda ameliyat sonras\u0131 m\u00fcdahale say\u0131s\u0131 daha y\u00fcksek.<br>Ger\u00e7ek: Hastalar\u0131m\u0131z\u0131n sadece %2&#8217;si yeniden ameliyat gerektirdi. Avrupa&#8217;daki uzmanlar bu oran\u0131 %10 olarak ba\u015far\u0131 olarak de\u011ferlendiriyor. <\/p>\n\n<p>Efsane: Ameliyat \u00f6ncesi de\u011ferlendirme ve takip muayeneleri olmadan ameliyat teklif etmek yanl\u0131\u015ft\u0131r! Ne yaz\u0131k ki, t\u0131bbi turizmde durum s\u0131kl\u0131kla b\u00f6yledir.<br>Ger\u00e7ek: Biz her ikisini de sunuyoruz! Seyahatinizden \u00f6nce y\u00f6nlendiren doktorlar\u0131m\u0131z taraf\u0131ndan g\u00f6z muayenenizi yapt\u0131rabilirsiniz. Premium paketimiz sayesinde \u0130svi\u00e7re&#8217;de de takip muayeneleriniz olur.   <\/p>\n\n<p>Kal\u0131p yarg\u0131: \u0130kinci bir ameliyata ihtiyac\u0131m olursa, seyahat ve ameliyat masraflar\u0131n\u0131 tekrar \u00f6demek zorunday\u0131m. Para biriktirme \u015fans\u0131m yok! <br>Ger\u00e7ek: Klinik ikinci ameliyat\u0131 \u00fccretsiz olarak sunmaktad\u0131r. Premium teklifimiz sayesinde, ikinci ameliyat durumunda seyahat masraflar\u0131n\u0131z\u0131 kar\u015f\u0131l\u0131yoruz. <\/p>\n\n<p>Stereotip: Ne? T\u00fcrkiye&#8217;de lazer g\u00f6z ameliyat\u0131 m\u0131 oluyorsunuz? Deli misiniz?<br>Ger\u00e7ek: L\u00fctfen <a href=\"https:\/\/swisslasik.ch\/patientenberichte-augen-lasern\/\" data-type=\"page\" data-id=\"89\">memnun hastalar\u0131n yorumlar\u0131n<\/a>\u0131 okuyun. Birinin &#8220;deli&#8221; mi yoksa &#8220;ak\u0131ll\u0131&#8221; m\u0131 oldu\u011funa kendiniz karar verebilirsiniz.  <\/p>\n\n<p>\u0130stanbul&#8217;un 2010 y\u0131l\u0131nda Avrupa K\u00fclt\u00fcr Ba\u015fkenti oldu\u011funu biliyor muydunuz? Daha fazla bilgiye <a href=\"https:\/\/swisslasik.ch\/patientenerfahrungen-augenoperation-tuerkei\/meine-augelaseroperation-in-istanbul-bericht-vom-samstag-06-februar-2010\/\" target=\"_blank\" rel=\"noreferrer noopener\">buradan <\/a>ula\u015fabilirsiniz. <\/p>\n\n<figure class=\"wp-block-image size-full\"><img fetchpriority=\"high\" decoding=\"async\" width=\"300\" height=\"225\" class=\"wp-image-191\" src=\"https:\/\/swisslasik.ch\/wp-content\/uploads\/2025\/09\/lasik003.jpg\" alt=\"\"><\/figure>\n\n<p id=\"caption-attachment-155\">\u0130stanbul&#8217;a y\u00f6nelik t\u0131bbi turizm hakk\u0131nda efsaneler ve ger\u00e7ekler. Ger\u00e7ekleri \u00f6\u011frenin. <\/p>\n\t\t\t\t\t\t\t\t<\/div>\n\t\t\t\t\t<\/div>\n\t\t\t\t<\/div>\n\t\t\t\t<\/div>\n\t\t","protected":false},"excerpt":{"rendered":"<p>T\u0131bbi turizm LAZERLE G\u0130R\u0130\u015e: GER\u00c7EKLER T\u00fcrkiye&#8217;nin \u015eehirleri LAZERLE G\u0130R\u0130\u015e: GER\u00c7EKLER \u0130stanbul&#8217;a t\u0131bbi turizmle ilgili kli\u015feler ve ger\u00e7ekler. \u00c7\u0131lg\u0131nca m\u0131, ak\u0131ll\u0131ca m\u0131? \u0130stanbul&#8217;a y\u00f6nelik t\u0131bbi turizm hakk\u0131nda bir\u00e7ok kli\u015fe var. Ancak bizim i\u00e7in ger\u00e7eklik olduk\u00e7a farkl\u0131: Kli\u015fe: \u0130stanbul&#8217;da kaliteden asla emin olamazs\u0131n\u0131z! Peki ya hijyen standartlar\u0131? Ger\u00e7ek \u015fu ki: G\u00f6z lazer klini\u011fimiz uluslararas\u0131 sertifikaya sahiptir ve bu da her alanda kaliteyi garanti eder. Kli\u015fe: \u0130svi\u00e7reli doktorlar\u0131n kesinlikle daha fazla deneyimi var!Ger\u00e7ek \u015fu ki: Klini\u011fin doktorlar\u0131 son 10 y\u0131lda 20.000&#8217;den fazla ameliyat ger\u00e7ekle\u015ftirmi\u015f olup uluslararas\u0131 e\u011fitim alm\u0131\u015flard\u0131r. B\u00f6lgedeki ba\u015fka hi\u00e7bir lazer g\u00f6z klini\u011fi bu kadar y\u00fcksek say\u0131da ameliyat ve buna ba\u011fl\u0131 deneyime sahip de\u011fildir. Stereotip: Yurtd\u0131\u015f\u0131nda her \u015fey seri \u00fcretimle ilgili!Ger\u00e7ek \u015fu ki: Her hastaya yeterli zaman ay\u0131rmak i\u00e7in klinik g\u00fcnde sadece birka\u00e7 hasta kabul etmektedir. Klisele\u015fmi\u015f ifade: Cihazlar yeni de\u011fil, ikinci el piyasas\u0131ndan sat\u0131n al\u0131nd\u0131!Ger\u00e7ek: Klinik, d\u00fcnyan\u0131n en h\u0131zl\u0131 g\u00f6z lazer cihazlar\u0131na, 400 Hz frekans\u0131ndaki Allegretto Wave Eye-Q&#8217;ya sahip. Cihaz piyasaya \u00e7\u0131kt\u0131\u011f\u0131nda, klinik bu cihaza sahip olan d\u00fcnyadaki ilk kliniklerden biriydi. Kal\u0131p yarg\u0131: Nas\u0131l ileti\u015fim kuraca\u011f\u0131z ki? T\u00fcrk\u00e7e bilmiyorum ki! Ger\u00e7ek \u015fu ki: Klinikte her zaman ak\u0131c\u0131 Almanca konu\u015fan biri vard\u0131r. Efsane: Yurtd\u0131\u015f\u0131nda \u0130svi\u00e7re&#8217;ye g\u00f6re kesinlikle daha fazla komplikasyon vard\u0131r.Ger\u00e7ek: Bunu kan\u0131tlayacak hi\u00e7bir bilimsel \u00e7al\u0131\u015fma yoktur. \u0130svi\u00e7re&#8217;deki ba\u015far\u0131 oran\u0131 %90&#8217;\u0131n \u00fczerindedir. Swisslasik.ch&#8217;de ise bu oran %95&#8217;in \u00fczerindedir. Efsane: Yurtd\u0131\u015f\u0131nda ameliyat sonras\u0131 m\u00fcdahale say\u0131s\u0131 daha y\u00fcksek.Ger\u00e7ek: Hastalar\u0131m\u0131z\u0131n sadece %2&#8217;si yeniden ameliyat gerektirdi. Avrupa&#8217;daki uzmanlar bu oran\u0131 %10 olarak ba\u015far\u0131 olarak de\u011ferlendiriyor. Efsane: Ameliyat \u00f6ncesi de\u011ferlendirme ve takip muayeneleri olmadan ameliyat teklif etmek yanl\u0131\u015ft\u0131r! Ne yaz\u0131k ki, t\u0131bbi turizmde durum s\u0131kl\u0131kla b\u00f6yledir.Ger\u00e7ek: Biz her ikisini de sunuyoruz! Seyahatinizden \u00f6nce y\u00f6nlendiren doktorlar\u0131m\u0131z taraf\u0131ndan g\u00f6z muayenenizi yapt\u0131rabilirsiniz. Premium paketimiz sayesinde \u0130svi\u00e7re&#8217;de de takip muayeneleriniz olur. Kal\u0131p yarg\u0131: \u0130kinci bir ameliyata ihtiyac\u0131m olursa, seyahat ve ameliyat masraflar\u0131n\u0131 tekrar \u00f6demek zorunday\u0131m. Para biriktirme \u015fans\u0131m yok! Ger\u00e7ek: Klinik ikinci ameliyat\u0131 \u00fccretsiz olarak sunmaktad\u0131r. Premium teklifimiz sayesinde, ikinci ameliyat durumunda seyahat masraflar\u0131n\u0131z\u0131 kar\u015f\u0131l\u0131yoruz. Stereotip: Ne? T\u00fcrkiye&#8217;de lazer g\u00f6z ameliyat\u0131 m\u0131 oluyorsunuz? Deli misiniz?Ger\u00e7ek: L\u00fctfen memnun hastalar\u0131n yorumlar\u0131n\u0131 okuyun. Birinin &#8220;deli&#8221; mi yoksa &#8220;ak\u0131ll\u0131&#8221; m\u0131 oldu\u011funa kendiniz karar verebilirsiniz. \u0130stanbul&#8217;un 2010 y\u0131l\u0131nda Avrupa K\u00fclt\u00fcr Ba\u015fkenti oldu\u011funu biliyor muydunuz? Daha fazla bilgiye buradan ula\u015fabilirsiniz. \u0130stanbul&#8217;a y\u00f6nelik t\u0131bbi turizm hakk\u0131nda efsaneler ve ger\u00e7ekler. Ger\u00e7ekleri \u00f6\u011frenin.<\/p>\n","protected":false},"author":4,"featured_media":0,"parent":3561,"menu_order":0,"comment_status":"closed","ping_status":"closed","template":"","meta":{"_joinchat":[],"footnotes":""},"class_list":["post-3566","page","type-page","status-publish","hentry"],"acf":[],"_links":{"self":[{"href":"https:\/\/swisslasik.ch\/tr\/wp-json\/wp\/v2\/pages\/3566","targetHints":{"allow":["GET"]}}],"collection":[{"href":"https:\/\/swisslasik.ch\/tr\/wp-json\/wp\/v2\/pages"}],"about":[{"href":"https:\/\/swisslasik.ch\/tr\/wp-json\/wp\/v2\/types\/page"}],"author":[{"embeddable":true,"href":"https:\/\/swisslasik.ch\/tr\/wp-json\/wp\/v2\/users\/4"}],"replies":[{"embeddable":true,"href":"https:\/\/swisslasik.ch\/tr\/wp-json\/wp\/v2\/comments?post=3566"}],"version-history":[{"count":3,"href":"https:\/\/swisslasik.ch\/tr\/wp-json\/wp\/v2\/pages\/3566\/revisions"}],"predecessor-version":[{"id":3569,"href":"https:\/\/swisslasik.ch\/tr\/wp-json\/wp\/v2\/pages\/3566\/revisions\/3569"}],"up":[{"embeddable":true,"href":"https:\/\/swisslasik.ch\/tr\/wp-json\/wp\/v2\/pages\/3561"}],"wp:attachment":[{"href":"https:\/\/swisslasik.ch\/tr\/wp-json\/wp\/v2\/media?parent=3566"}],"curies":[{"name":"wp","href":"https:\/\/api.w.org\/{rel}","templated":true}]}}