{"id":3570,"date":"2025-09-17T13:17:54","date_gmt":"2025-09-17T12:17:54","guid":{"rendered":"https:\/\/swisslasik.ch\/tuerkiyede-lazer-cerrahisi\/tibbi-turizm\/"},"modified":"2026-01-08T16:32:36","modified_gmt":"2026-01-08T15:32:36","slug":"tibbi-turizm","status":"publish","type":"page","link":"https:\/\/swisslasik.ch\/tr\/tuerkiyede-lazer-cerrahisi\/tibbi-turizm\/","title":{"rendered":"T\u0131bbi turizm"},"content":{"rendered":"\t\t<div data-elementor-type=\"wp-page\" data-elementor-id=\"3570\" class=\"elementor elementor-3570 elementor-45\" data-elementor-post-type=\"page\">\n\t\t\t\t<div class=\"elementor-element elementor-element-5aae8154 e-flex e-con-boxed wpr-particle-no wpr-jarallax-no wpr-parallax-no wpr-sticky-section-no e-con e-parent\" data-id=\"5aae8154\" data-element_type=\"container\" data-e-type=\"container\">\n\t\t\t\t\t<div class=\"e-con-inner\">\n\t\t<div class=\"elementor-element elementor-element-7557868 e-con-full e-flex wpr-particle-no wpr-jarallax-no wpr-parallax-no wpr-sticky-section-no e-con e-child\" data-id=\"7557868\" data-element_type=\"container\" data-e-type=\"container\">\n\t\t\t\t<div class=\"elementor-element elementor-element-5ba1411 elementor-widget elementor-widget-button\" data-id=\"5ba1411\" data-element_type=\"widget\" data-e-type=\"widget\" data-widget_type=\"button.default\">\n\t\t\t\t\t\t\t\t\t\t<a class=\"elementor-button elementor-button-link elementor-size-sm\" href=\"https:\/\/swisslasik.ch\/tr\/tuerkiyede-lazer-cerrahisi\/tibbi-turizm\/\">\n\t\t\t\t\t\t<span class=\"elementor-button-content-wrapper\">\n\t\t\t\t\t\t\t\t\t<span class=\"elementor-button-text\">T\u0131bbi turizm<\/span>\n\t\t\t\t\t<\/span>\n\t\t\t\t\t<\/a>\n\t\t\t\t\t\t\t\t<\/div>\n\t\t\t\t<div class=\"elementor-element elementor-element-1334907 elementor-widget elementor-widget-button\" data-id=\"1334907\" data-element_type=\"widget\" data-e-type=\"widget\" data-widget_type=\"button.default\">\n\t\t\t\t\t\t\t\t\t\t<a class=\"elementor-button elementor-button-link elementor-size-sm\" href=\"https:\/\/swisslasik.ch\/tr\/tuerkiyede-lazer-cerrahisi\/lazerle-giris-gercekler\/\">\n\t\t\t\t\t\t<span class=\"elementor-button-content-wrapper\">\n\t\t\t\t\t\t\t\t\t<span class=\"elementor-button-text\">LAZERLE G\u0130R\u0130\u015e: GER\u00c7EKLER<\/span>\n\t\t\t\t\t<\/span>\n\t\t\t\t\t<\/a>\n\t\t\t\t\t\t\t\t<\/div>\n\t\t\t\t<div class=\"elementor-element elementor-element-16abaf2 elementor-widget elementor-widget-button\" data-id=\"16abaf2\" data-element_type=\"widget\" data-e-type=\"widget\" data-widget_type=\"button.default\">\n\t\t\t\t\t\t\t\t\t\t<a class=\"elementor-button elementor-button-link elementor-size-sm\" href=\"https:\/\/swisslasik.ch\/lasern-in-istanbul\/staedte-der-tuerkei\/istanbul-als-stadt\/\">\n\t\t\t\t\t\t<span class=\"elementor-button-content-wrapper\">\n\t\t\t\t\t\t\t\t\t<span class=\"elementor-button-text\">T\u00fcrkiye'nin \u015eehirleri<\/span>\n\t\t\t\t\t<\/span>\n\t\t\t\t\t<\/a>\n\t\t\t\t\t\t\t\t<\/div>\n\t\t\t\t<\/div>\n\t\t\t\t<div class=\"elementor-element elementor-element-3268108a elementor-widget elementor-widget-text-editor\" data-id=\"3268108a\" data-element_type=\"widget\" data-e-type=\"widget\" data-widget_type=\"text-editor.default\">\n\t\t\t\t\t\t\t\t\t\n<h2 class=\"wp-block-heading\">T\u00dcRK\u0130YE&#8217;YE TIBB\u0130 GEZ\u0130LER<\/h2>\n\n<p>T\u0131bbi turizm veya di\u011fer ad\u0131yla t\u0131bbi seyahat, t\u0131bbi hizmet almak i\u00e7in yabanc\u0131 \u00fclkelere seyahat etmek anlam\u0131na gelir.<\/p>\n\n<p>Bu t\u00fcr geziler genellikle tatillerle birle\u015ftirilir. T\u0131bbi turizm fikri yeni de\u011fildir: M\u00d6 4. y\u00fczy\u0131l gibi erken bir d\u00f6nemde Epidaurus, Akdeniz b\u00f6lgesinin her yerinden \u00e7e\u015fitli hastal\u0131klardan tedavi olmak i\u00e7in Anadolu&#8217;ya gelen insanlar i\u00e7in bir k\u00fclt ve \u015fifa merkeziydi. <\/p>\n\n<p>\u00d6l\u00fc Deniz&#8217;deki tedavilerin, n\u00f6rodermatit veya sedef hastal\u0131\u011f\u0131 gibi cilt hastal\u0131klar\u0131 i\u00e7in etkili tedavi y\u00f6ntemleri olarak onlarca y\u0131ld\u0131r kabul edildi\u011fi bilinmektedir.<\/p>\n\n<p><strong>Neden uzaklara seyahat edelim ki?<\/strong><\/p>\n\n<p>T\u0131bbi turizmin bir\u00e7ok nedeni vard\u0131r: \u0130ngiltere&#8217;deki gibi ameliyatlar i\u00e7in uzun bekleme s\u00fcrelerinden ka\u00e7\u0131nmak, ABD&#8217;deki gibi yetersiz sigorta kapsam\u0131ndan kurtulmak, ayr\u0131ca anonimlik veya ho\u015f bir iklim (s\u0131cakl\u0131k, \u00e7evre, personel) bunlardan baz\u0131lar\u0131d\u0131r.<\/p>\n\n<p>G\u00fcn\u00fcm\u00fczde \u0130svi\u00e7reliler \u00f6ncelikle di\u015f veya estetik cerrahi i\u015flemleri i\u00e7in, ancak \u00f6zellikle \u0130stanbul, T\u00fcrkiye&#8217;ye olmak \u00fczere g\u00f6z tedavileri (lazer cerrahisi) i\u00e7in de yurt d\u0131\u015f\u0131na seyahat etmektedirler.<\/p>\n\n<p>Bunlar \u0130svi\u00e7re&#8217;deki sa\u011fl\u0131k sigortas\u0131 kapsam\u0131na girmeyen hizmetlerdir, bu nedenle fiyat en \u00f6nemli fakt\u00f6rd\u00fcr. Yurtd\u0131\u015f\u0131ndaki tedavi maliyetleri genellikle \u0130svi\u00e7reli doktor ve kliniklerin talep etti\u011fi \u00fccretlerden \u00f6nemli \u00f6l\u00e7\u00fcde daha d\u00fc\u015f\u00fckt\u00fcr. <\/p>\n\n<p><a href=\"https:\/\/swisslasik.ch\/wp-content\/uploads\/2025\/09\/Medical_Tourism_Economic_Report.pdf\" target=\"_blank\" rel=\"noreferrer noopener\">Burada <\/a>T\u00fcrkiye&#8217;deki sa\u011fl\u0131k turizmi hakk\u0131nda (\u0130ngilizce) bir rapor okuyabilirsiniz. Ayr\u0131ca di\u015f turizmi hakk\u0131ndaki <a href=\"https:\/\/en.wikipedia.org\/wiki\/Dental_tourismBurada T\u00fcrkiye&#039;deki sa\u011fl\u0131k turizmi hakk\u0131nda (\u0130ngilizce) bir rapor okuyabilirsiniz. Ayr\u0131ca di\u015f turizmi hakk\u0131ndaki bu makaleyi Vikipedi&#039;de de bulabilirsiniz.\" target=\"_blank\" rel=\"noreferrer noopener nofollow\">bu makaleyi<\/a> Vikipedi&#8217;de de bulabilirsiniz. <\/p>\n\n<p>\u0130stanbul&#8217;un 2010 y\u0131l\u0131nda Avrupa K\u00fclt\u00fcr Ba\u015fkenti oldu\u011funu biliyor muydunuz? Daha fazla bilgiye buradan ula\u015fabilirsiniz. <\/p>\n\n<p> <\/p>\n\t\t\t\t\t\t\t\t<\/div>\n\t\t\t\t\t<\/div>\n\t\t\t\t<\/div>\n\t\t\t\t<\/div>\n\t\t","protected":false},"excerpt":{"rendered":"<p>T\u0131bbi turizm LAZERLE G\u0130R\u0130\u015e: GER\u00c7EKLER T\u00fcrkiye&#8217;nin \u015eehirleri T\u00dcRK\u0130YE&#8217;YE TIBB\u0130 GEZ\u0130LER T\u0131bbi turizm veya di\u011fer ad\u0131yla t\u0131bbi seyahat, t\u0131bbi hizmet almak i\u00e7in yabanc\u0131 \u00fclkelere seyahat etmek anlam\u0131na gelir. Bu t\u00fcr geziler genellikle tatillerle birle\u015ftirilir. T\u0131bbi turizm fikri yeni de\u011fildir: M\u00d6 4. y\u00fczy\u0131l gibi erken bir d\u00f6nemde Epidaurus, Akdeniz b\u00f6lgesinin her yerinden \u00e7e\u015fitli hastal\u0131klardan tedavi olmak i\u00e7in Anadolu&#8217;ya gelen insanlar i\u00e7in bir k\u00fclt ve \u015fifa merkeziydi. \u00d6l\u00fc Deniz&#8217;deki tedavilerin, n\u00f6rodermatit veya sedef hastal\u0131\u011f\u0131 gibi cilt hastal\u0131klar\u0131 i\u00e7in etkili tedavi y\u00f6ntemleri olarak onlarca y\u0131ld\u0131r kabul edildi\u011fi bilinmektedir. Neden uzaklara seyahat edelim ki? T\u0131bbi turizmin bir\u00e7ok nedeni vard\u0131r: \u0130ngiltere&#8217;deki gibi ameliyatlar i\u00e7in uzun bekleme s\u00fcrelerinden ka\u00e7\u0131nmak, ABD&#8217;deki gibi yetersiz sigorta kapsam\u0131ndan kurtulmak, ayr\u0131ca anonimlik veya ho\u015f bir iklim (s\u0131cakl\u0131k, \u00e7evre, personel) bunlardan baz\u0131lar\u0131d\u0131r. G\u00fcn\u00fcm\u00fczde \u0130svi\u00e7reliler \u00f6ncelikle di\u015f veya estetik cerrahi i\u015flemleri i\u00e7in, ancak \u00f6zellikle \u0130stanbul, T\u00fcrkiye&#8217;ye olmak \u00fczere g\u00f6z tedavileri (lazer cerrahisi) i\u00e7in de yurt d\u0131\u015f\u0131na seyahat etmektedirler. Bunlar \u0130svi\u00e7re&#8217;deki sa\u011fl\u0131k sigortas\u0131 kapsam\u0131na girmeyen hizmetlerdir, bu nedenle fiyat en \u00f6nemli fakt\u00f6rd\u00fcr. Yurtd\u0131\u015f\u0131ndaki tedavi maliyetleri genellikle \u0130svi\u00e7reli doktor ve kliniklerin talep etti\u011fi \u00fccretlerden \u00f6nemli \u00f6l\u00e7\u00fcde daha d\u00fc\u015f\u00fckt\u00fcr. Burada T\u00fcrkiye&#8217;deki sa\u011fl\u0131k turizmi hakk\u0131nda (\u0130ngilizce) bir rapor okuyabilirsiniz. Ayr\u0131ca di\u015f turizmi hakk\u0131ndaki bu makaleyi Vikipedi&#8217;de de bulabilirsiniz. \u0130stanbul&#8217;un 2010 y\u0131l\u0131nda Avrupa K\u00fclt\u00fcr Ba\u015fkenti oldu\u011funu biliyor muydunuz? Daha fazla bilgiye buradan ula\u015fabilirsiniz.<\/p>\n","protected":false},"author":4,"featured_media":0,"parent":3561,"menu_order":0,"comment_status":"closed","ping_status":"closed","template":"","meta":{"_joinchat":[],"footnotes":""},"class_list":["post-3570","page","type-page","status-publish","hentry"],"acf":[],"_links":{"self":[{"href":"https:\/\/swisslasik.ch\/tr\/wp-json\/wp\/v2\/pages\/3570","targetHints":{"allow":["GET"]}}],"collection":[{"href":"https:\/\/swisslasik.ch\/tr\/wp-json\/wp\/v2\/pages"}],"about":[{"href":"https:\/\/swisslasik.ch\/tr\/wp-json\/wp\/v2\/types\/page"}],"author":[{"embeddable":true,"href":"https:\/\/swisslasik.ch\/tr\/wp-json\/wp\/v2\/users\/4"}],"replies":[{"embeddable":true,"href":"https:\/\/swisslasik.ch\/tr\/wp-json\/wp\/v2\/comments?post=3570"}],"version-history":[{"count":3,"href":"https:\/\/swisslasik.ch\/tr\/wp-json\/wp\/v2\/pages\/3570\/revisions"}],"predecessor-version":[{"id":3573,"href":"https:\/\/swisslasik.ch\/tr\/wp-json\/wp\/v2\/pages\/3570\/revisions\/3573"}],"up":[{"embeddable":true,"href":"https:\/\/swisslasik.ch\/tr\/wp-json\/wp\/v2\/pages\/3561"}],"wp:attachment":[{"href":"https:\/\/swisslasik.ch\/tr\/wp-json\/wp\/v2\/media?parent=3570"}],"curies":[{"name":"wp","href":"https:\/\/api.w.org\/{rel}","templated":true}]}}