{"id":3577,"date":"2025-09-17T13:22:16","date_gmt":"2025-09-17T12:22:16","guid":{"rendered":"https:\/\/swisslasik.ch\/tuerkiyede-lazer-cerrahisi\/tuerkiyenin-sehirleri\/antalya-sehri\/"},"modified":"2026-01-08T16:39:18","modified_gmt":"2026-01-08T15:39:18","slug":"antalya-sehri","status":"publish","type":"page","link":"https:\/\/swisslasik.ch\/tr\/tuerkiyede-lazer-cerrahisi\/tuerkiyenin-sehirleri\/antalya-sehri\/","title":{"rendered":"Antalya \u015fehri"},"content":{"rendered":"\t\t<div data-elementor-type=\"wp-page\" data-elementor-id=\"3577\" class=\"elementor elementor-3577 elementor-56\" data-elementor-post-type=\"page\">\n\t\t\t\t<div class=\"elementor-element elementor-element-5ba361b2 e-flex e-con-boxed wpr-particle-no wpr-jarallax-no wpr-parallax-no wpr-sticky-section-no e-con e-parent\" data-id=\"5ba361b2\" data-element_type=\"container\" data-e-type=\"container\">\n\t\t\t\t\t<div class=\"e-con-inner\">\n\t\t<div class=\"elementor-element elementor-element-fbd7beb e-con-full e-flex wpr-particle-no wpr-jarallax-no wpr-parallax-no wpr-sticky-section-no e-con e-child\" data-id=\"fbd7beb\" data-element_type=\"container\" data-e-type=\"container\">\n\t\t\t\t<div class=\"elementor-element elementor-element-beaf5ff elementor-widget elementor-widget-button\" data-id=\"beaf5ff\" data-element_type=\"widget\" data-e-type=\"widget\" data-widget_type=\"button.default\">\n\t\t\t\t\t\t\t\t\t\t<a class=\"elementor-button elementor-button-link elementor-size-sm\" href=\"https:\/\/swisslasik.ch\/lasern-in-istanbul\/staedte-der-tuerkei\/istanbul-als-stadt\/\">\n\t\t\t\t\t\t<span class=\"elementor-button-content-wrapper\">\n\t\t\t\t\t\t\t\t\t<span class=\"elementor-button-text\">\u0130stanbul \u015fehri<\/span>\n\t\t\t\t\t<\/span>\n\t\t\t\t\t<\/a>\n\t\t\t\t\t\t\t\t<\/div>\n\t\t\t\t<div class=\"elementor-element elementor-element-efd5975 elementor-widget elementor-widget-button\" data-id=\"efd5975\" data-element_type=\"widget\" data-e-type=\"widget\" data-widget_type=\"button.default\">\n\t\t\t\t\t\t\t\t\t\t<a class=\"elementor-button elementor-button-link elementor-size-sm\" href=\"https:\/\/swisslasik.ch\/lasern-in-istanbul\/staedte-der-tuerkei\/izmir-als-stadt\/\">\n\t\t\t\t\t\t<span class=\"elementor-button-content-wrapper\">\n\t\t\t\t\t\t\t\t\t<span class=\"elementor-button-text\">\u0130zmir \u015fehri<\/span>\n\t\t\t\t\t<\/span>\n\t\t\t\t\t<\/a>\n\t\t\t\t\t\t\t\t<\/div>\n\t\t\t\t<div class=\"elementor-element elementor-element-ff6ebb5 elementor-widget elementor-widget-button\" data-id=\"ff6ebb5\" data-element_type=\"widget\" data-e-type=\"widget\" data-widget_type=\"button.default\">\n\t\t\t\t\t\t\t\t\t\t<a class=\"elementor-button elementor-button-link elementor-size-sm\" href=\"https:\/\/swisslasik.ch\/tr\/tuerkiyede-lazer-cerrahisi\/tuerkiyenin-sehirleri\/antalya-sehri\/\">\n\t\t\t\t\t\t<span class=\"elementor-button-content-wrapper\">\n\t\t\t\t\t\t\t\t\t<span class=\"elementor-button-text\">Antalya \u015fehri<\/span>\n\t\t\t\t\t<\/span>\n\t\t\t\t\t<\/a>\n\t\t\t\t\t\t\t\t<\/div>\n\t\t\t\t<\/div>\n\t\t\t\t<div class=\"elementor-element elementor-element-4464cbbf elementor-widget elementor-widget-text-editor\" data-id=\"4464cbbf\" data-element_type=\"widget\" data-e-type=\"widget\" data-widget_type=\"text-editor.default\">\n\t\t\t\t\t\t\t\t\t\n<h2 class=\"wp-block-heading\">G\u00dcNE\u015e VE TAT\u0130L \u015eEHR\u0130 &#8211; ANTALYA<\/h2>\n\n<p>Antalya, Anadolu\u2019nun en eski yerle\u015fim b\u00f6lgelerinden biridir. Antalya merkezinin yakla\u015f\u0131k 25 km kuzeybat\u0131s\u0131nda, \u015eam Da\u011f\u0131\u2019n\u0131n kire\u00e7ta\u015f\u0131 yama\u00e7lar\u0131nda yer alan Karain Ma\u011faras\u0131 bulunur. Bu ma\u011fara, Paleolitik \u00c7a\u011f\u2019dan beri yerle\u015fim izleri ta\u015f\u0131yan ve bir d\u00f6nem yakla\u015f\u0131k 80 ki\u015filik bir toplulu\u011fun ya\u015fad\u0131\u011f\u0131 bir yer olmu\u015ftur. Ma\u011fara, 1946 y\u0131l\u0131ndan itibaren Ankara \u00dcniversitesi\u2019nden Prof. Dr. \u0130smail K\u0131l\u0131\u00e7 K\u00f6kten taraf\u0131ndan ara\u015ft\u0131r\u0131lm\u0131\u015ft\u0131r. Ma\u011farada bulunan eserler, da\u011f\u0131n eteklerindeki k\u00fc\u00e7\u00fck bir m\u00fczede, Ankara\u2019daki Anadolu Medeniyetleri M\u00fczesi\u2019nde ve Antalya M\u00fczesi\u2019nin tarih \u00f6ncesi salonunda sergilenmektedir.   <\/p>\n\n<p>M\u00d6 1400 y\u0131llar\u0131ndan itibaren imparatorlu\u011fun y\u0131k\u0131l\u0131\u015f\u0131na kadar bu b\u00f6lge Hititlerin etkisi alt\u0131nda kalm\u0131\u015ft\u0131r. M\u00d6 11. y\u00fczy\u0131ldan 8. y\u00fczy\u0131la kadar, bug\u00fcnk\u00fc Antalya b\u00f6lgesinde \u00f6nce Likyal\u0131lar, daha sonra Persler h\u00fck\u00fcm s\u00fcrm\u00fc\u015ft\u00fcr.  <\/p>\n\n<p>B\u00fcy\u00fck \u0130skender, M\u00d6 4. y\u00fczy\u0131lda Pers ve Hindistan seferi s\u0131ras\u0131nda Anadolu \u00fczerindeki Pers egemenli\u011fine son vermi\u015ftir. Onun \u00f6l\u00fcm\u00fcnden Romal\u0131lar\u0131n geli\u015fine kadar olan d\u00f6nem, Helenistik \u00c7a\u011f olarak adland\u0131r\u0131l\u0131r. Bu d\u00f6nemin K\u00fc\u00e7\u00fck Asya\u2019daki k\u00fclt\u00fcrel temsilcisi olarak Pergamon Krall\u0131\u011f\u0131 kabul edilir. Pergamon Kral\u0131 II. Attalos, M\u00d6 159\u2013138 y\u0131llar\u0131 aras\u0131nda h\u00fck\u00fcm s\u00fcrm\u00fc\u015f ve M\u00d6 158 y\u0131l\u0131nda k\u00fc\u00e7\u00fck bir liman yapt\u0131rarak liman\u0131n \u00fcst k\u0131sm\u0131nda bir yerle\u015fim yeri kurmu\u015ftur. Bu yerle\u015fim, Attalos\u2019un ad\u0131ndan dolay\u0131 Attaleia olarak an\u0131lm\u0131\u015f ve g\u00fcn\u00fcm\u00fczde Antalya ad\u0131n\u0131 alm\u0131\u015ft\u0131r.    <\/p>\n\n<p>Kral Attalos\u2019un \u00f6l\u00fcm\u00fcnden sonra \u015fehir Roma \u0130mparatorlu\u011fu\u2019na kat\u0131lm\u0131\u015f ve Roma y\u00f6netimi alt\u0131nda zenginlik ve \u00f6nem kazanm\u0131\u015ft\u0131r. Denize do\u011fru kayal\u0131klarla korunan Attaleia, kara taraf\u0131nda g\u00fc\u00e7l\u00fc bir surla \u00e7evrilmi\u015ftir. Bu surlar daha sonra \u0130mparator Hadrianus taraf\u0131ndan geni\u015fletilmi\u015ftir. Eski \u015fehir giri\u015findeki bir zafer tak\u0131, imparatorun MS 130 y\u0131l\u0131ndaki ziyaretini g\u00fcn\u00fcm\u00fcze kadar hat\u0131rlatmaktad\u0131r.  <\/p>\n\n<p>Bizansl\u0131lar, 7. ve 8. y\u00fczy\u0131llarda \u015fehri Arap ak\u0131nlar\u0131na kar\u015f\u0131 savunmu\u015ftur. 1207 y\u0131l\u0131nda Sultan I. Keyh\u00fcsrev \u00f6nderli\u011findeki Sel\u00e7uklular b\u00f6lgeyi ele ge\u00e7irmi\u015ftir. \u015eehirde bug\u00fcn h\u00e2l\u00e2 g\u00f6r\u00fclebilen bir\u00e7ok yap\u0131 bu d\u00f6nemin izlerini ta\u015f\u0131maktad\u0131r. 14. y\u00fczy\u0131lda seyyah \u0130bn Battuta, Antalya\u2019y\u0131 d\u00fcnyan\u0131n en g\u00fczel \u015fehirlerinden biri olarak tan\u0131mlam\u0131\u015ft\u0131r.       <\/p>\n\n<p>y\u00fczy\u0131lda \u015fehri ele ge\u00e7iren Osmanl\u0131lar d\u00f6neminde Antalya Osmanl\u0131lar\u0131n bir liman kenti olarak kalm\u0131\u015f olsa da, ticaret giderek azalm\u0131\u015f ve \u015fehir eski \u00f6nemini kaybetmi\u015ftir. <\/p>\n\n<figure class=\"wp-block-image size-full\"><img fetchpriority=\"high\" decoding=\"async\" width=\"400\" height=\"506\" class=\"wp-image-201\" src=\"https:\/\/swisslasik.ch\/wp-content\/uploads\/2025\/09\/Antalya_resim_2.jpg\" alt=\"\" srcset=\"https:\/\/swisslasik.ch\/wp-content\/uploads\/2025\/09\/Antalya_resim_2.jpg 400w, https:\/\/swisslasik.ch\/wp-content\/uploads\/2025\/09\/Antalya_resim_2-237x300.jpg 237w\" sizes=\"(max-width: 400px) 100vw, 400px\" \/><\/figure>\n\n<p id=\"caption-attachment-2080\">Antalya: kum, g\u00fcne\u015f, al\u0131\u015fveri\u015f ve k\u00fclt\u00fcr. Tedaviniz s\u00fcresince bu g\u00fcne\u015fli d\u00fcnya \u015fehrinin keyfini \u00e7\u0131kar\u0131n ve tarihi miras\u0131n\u0131 ke\u015ffedin. <\/p>\n\n<p>Sevr Antla\u015fmas\u0131 ile Antalya \u0130talya\u2019ya b\u0131rak\u0131lm\u0131\u015f, 5 Temmuz 1921 tarihinde ise gen\u00e7 T\u00fcrkiye Cumhuriyeti\u2019nin bir par\u00e7as\u0131 olmu\u015ftur. Bu tarihten sonra ekonomik yap\u0131 ilk olarak tar\u0131m ve bal\u0131k\u00e7\u0131l\u0131\u011fa dayanm\u0131\u015f, zamanla Antalya T\u00fcrkiye\u2019nin ve Do\u011fu Akdeniz\u2019in en \u00f6nemli turizm merkezi h\u00e2line gelmi\u015ftir. <\/p>\n\n<p>Antalya\u2019n\u0131n bat\u0131s\u0131nda, tarihteki ilk \u00f6nemli konfederasyonlardan biri olan Likya Birli\u011fi kurulmu\u015ftur. Birli\u011fe ba\u011fl\u0131 \u015fehir devletleri, b\u00fcy\u00fckl\u00fcklerine ve \u00f6nemlerine g\u00f6re 1, 2 ya da 3 oy hakk\u0131na sahipti. Likyal\u0131lar, Antalya ile Fethiye aras\u0131nda ve k\u0131y\u0131n\u0131n \u00fcst kesimlerindeki da\u011fl\u0131k b\u00f6lgelerde ya\u015fam\u0131\u015flard\u0131r. Homeros, \u0130lyada adl\u0131 eserinde Likyal\u0131lar\u0131, Karyal\u0131lar ile birlikte Truva Sava\u015f\u0131 s\u0131ras\u0131nda Truval\u0131lar\u0131n m\u00fcttefikleri olarak anlatmaktad\u0131r.   <\/p>\n\n<p>Antalya\u2019n\u0131n do\u011fusunda, ad\u0131 t\u00fcm kavimlerin \u00fclkesi anlam\u0131na gelen Pamfilya b\u00f6lgesi uzan\u0131yordu. Dik da\u011flar ve az say\u0131daki d\u00fcz alanlar nedeniyle bu b\u00f6lge uzun s\u00fcre korsanlar\u0131n ilgisini \u00e7ekmi\u015ftir. Korsanlar yaln\u0131zca ticaret gemilerine sald\u0131rmakla kalmam\u0131\u015f, zaman zaman \u015fehirleri de ele ge\u00e7irip i\u015fgal etmi\u015flerdir.  <\/p>\n\n<p>Erken Hristiyanl\u0131k d\u00f6nemine ait bir\u00e7ok yap\u0131, Hristiyanl\u0131\u011f\u0131n bu b\u00f6lgede k\u00f6k sald\u0131\u011f\u0131n\u0131 g\u00f6stermektedir. B\u00f6lgedeki m\u00fczelerde Hristiyanl\u0131k \u00f6ncesi, Hristiyanl\u0131k ve \u0130slam d\u00f6nemlerine ait eserler yer almaktad\u0131r. T\u00fcm d\u00fcnyada tan\u0131nan ve sayg\u0131 duyulan Aziz Nikolaos, Antalya b\u00f6lgesindendir. Zengin tarihe ait efsaneler, mitler ve hat\u0131ralar bu topraklarda her zaman canl\u0131d\u0131r.   <\/p>\n\n<p>Erken Hristiyanl\u0131k d\u00f6nemine ait bir\u00e7ok yap\u0131, Hristiyanl\u0131\u011f\u0131n bu b\u00f6lgede k\u00f6k sald\u0131\u011f\u0131n\u0131 g\u00f6stermektedir. B\u00f6lgedeki m\u00fczelerde Hristiyanl\u0131k \u00f6ncesi, Hristiyanl\u0131k ve \u0130slam d\u00f6nemlerine ait eserler yer almaktad\u0131r. T\u00fcm d\u00fcnyada tan\u0131nan ve sayg\u0131 duyulan Aziz Nikolaos, Antalya b\u00f6lgesindendir. Zengin tarihe ait efsaneler, mitler ve hat\u0131ralar bu topraklarda her zaman canl\u0131d\u0131r.   <\/p>\n\n<p>Swisslasik.ch size Antalya&#8217;da harika bir tatil diler.<\/p>\n\n<figure class=\"wp-block-image size-full\"><img decoding=\"async\" width=\"300\" height=\"225\" class=\"wp-image-202\" src=\"https:\/\/swisslasik.ch\/wp-content\/uploads\/2025\/09\/RTEmagicC_Antalya_Marina.jpg.jpg\" alt=\"\"><\/figure>\n\n<p id=\"caption-attachment-2081\">Antalya Eski \u015eehir Koyu<\/p>\n\t\t\t\t\t\t\t\t<\/div>\n\t\t\t\t\t<\/div>\n\t\t\t\t<\/div>\n\t\t\t\t<\/div>\n\t\t","protected":false},"excerpt":{"rendered":"<p>\u0130stanbul \u015fehri \u0130zmir \u015fehri Antalya \u015fehri G\u00dcNE\u015e VE TAT\u0130L \u015eEHR\u0130 &#8211; ANTALYA Antalya, Anadolu\u2019nun en eski yerle\u015fim b\u00f6lgelerinden biridir. Antalya merkezinin yakla\u015f\u0131k 25 km kuzeybat\u0131s\u0131nda, \u015eam Da\u011f\u0131\u2019n\u0131n kire\u00e7ta\u015f\u0131 yama\u00e7lar\u0131nda yer alan Karain Ma\u011faras\u0131 bulunur. Bu ma\u011fara, Paleolitik \u00c7a\u011f\u2019dan beri yerle\u015fim izleri ta\u015f\u0131yan ve bir d\u00f6nem yakla\u015f\u0131k 80 ki\u015filik bir toplulu\u011fun ya\u015fad\u0131\u011f\u0131 bir yer olmu\u015ftur. Ma\u011fara, 1946 y\u0131l\u0131ndan itibaren Ankara \u00dcniversitesi\u2019nden Prof. Dr. \u0130smail K\u0131l\u0131\u00e7 K\u00f6kten taraf\u0131ndan ara\u015ft\u0131r\u0131lm\u0131\u015ft\u0131r. Ma\u011farada bulunan eserler, da\u011f\u0131n eteklerindeki k\u00fc\u00e7\u00fck bir m\u00fczede, Ankara\u2019daki Anadolu Medeniyetleri M\u00fczesi\u2019nde ve Antalya M\u00fczesi\u2019nin tarih \u00f6ncesi salonunda sergilenmektedir. M\u00d6 1400 y\u0131llar\u0131ndan itibaren imparatorlu\u011fun y\u0131k\u0131l\u0131\u015f\u0131na kadar bu b\u00f6lge Hititlerin etkisi alt\u0131nda kalm\u0131\u015ft\u0131r. M\u00d6 11. y\u00fczy\u0131ldan 8. y\u00fczy\u0131la kadar, bug\u00fcnk\u00fc Antalya b\u00f6lgesinde \u00f6nce Likyal\u0131lar, daha sonra Persler h\u00fck\u00fcm s\u00fcrm\u00fc\u015ft\u00fcr. B\u00fcy\u00fck \u0130skender, M\u00d6 4. y\u00fczy\u0131lda Pers ve Hindistan seferi s\u0131ras\u0131nda Anadolu \u00fczerindeki Pers egemenli\u011fine son vermi\u015ftir. Onun \u00f6l\u00fcm\u00fcnden Romal\u0131lar\u0131n geli\u015fine kadar olan d\u00f6nem, Helenistik \u00c7a\u011f olarak adland\u0131r\u0131l\u0131r. Bu d\u00f6nemin K\u00fc\u00e7\u00fck Asya\u2019daki k\u00fclt\u00fcrel temsilcisi olarak Pergamon Krall\u0131\u011f\u0131 kabul edilir. Pergamon Kral\u0131 II. Attalos, M\u00d6 159\u2013138 y\u0131llar\u0131 aras\u0131nda h\u00fck\u00fcm s\u00fcrm\u00fc\u015f ve M\u00d6 158 y\u0131l\u0131nda k\u00fc\u00e7\u00fck bir liman yapt\u0131rarak liman\u0131n \u00fcst k\u0131sm\u0131nda bir yerle\u015fim yeri kurmu\u015ftur. Bu yerle\u015fim, Attalos\u2019un ad\u0131ndan dolay\u0131 Attaleia olarak an\u0131lm\u0131\u015f ve g\u00fcn\u00fcm\u00fczde Antalya ad\u0131n\u0131 alm\u0131\u015ft\u0131r. Kral Attalos\u2019un \u00f6l\u00fcm\u00fcnden sonra \u015fehir Roma \u0130mparatorlu\u011fu\u2019na kat\u0131lm\u0131\u015f ve Roma y\u00f6netimi alt\u0131nda zenginlik ve \u00f6nem kazanm\u0131\u015ft\u0131r. Denize do\u011fru kayal\u0131klarla korunan Attaleia, kara taraf\u0131nda g\u00fc\u00e7l\u00fc bir surla \u00e7evrilmi\u015ftir. Bu surlar daha sonra \u0130mparator Hadrianus taraf\u0131ndan geni\u015fletilmi\u015ftir. Eski \u015fehir giri\u015findeki bir zafer tak\u0131, imparatorun MS 130 y\u0131l\u0131ndaki ziyaretini g\u00fcn\u00fcm\u00fcze kadar hat\u0131rlatmaktad\u0131r. Bizansl\u0131lar, 7. ve 8. y\u00fczy\u0131llarda \u015fehri Arap ak\u0131nlar\u0131na kar\u015f\u0131 savunmu\u015ftur. 1207 y\u0131l\u0131nda Sultan I. Keyh\u00fcsrev \u00f6nderli\u011findeki Sel\u00e7uklular b\u00f6lgeyi ele ge\u00e7irmi\u015ftir. \u015eehirde bug\u00fcn h\u00e2l\u00e2 g\u00f6r\u00fclebilen bir\u00e7ok yap\u0131 bu d\u00f6nemin izlerini ta\u015f\u0131maktad\u0131r. 14. y\u00fczy\u0131lda seyyah \u0130bn Battuta, Antalya\u2019y\u0131 d\u00fcnyan\u0131n en g\u00fczel \u015fehirlerinden biri olarak tan\u0131mlam\u0131\u015ft\u0131r. y\u00fczy\u0131lda \u015fehri ele ge\u00e7iren Osmanl\u0131lar d\u00f6neminde Antalya Osmanl\u0131lar\u0131n bir liman kenti olarak kalm\u0131\u015f olsa da, ticaret giderek azalm\u0131\u015f ve \u015fehir eski \u00f6nemini kaybetmi\u015ftir. Antalya: kum, g\u00fcne\u015f, al\u0131\u015fveri\u015f ve k\u00fclt\u00fcr. Tedaviniz s\u00fcresince bu g\u00fcne\u015fli d\u00fcnya \u015fehrinin keyfini \u00e7\u0131kar\u0131n ve tarihi miras\u0131n\u0131 ke\u015ffedin. Sevr Antla\u015fmas\u0131 ile Antalya \u0130talya\u2019ya b\u0131rak\u0131lm\u0131\u015f, 5 Temmuz 1921 tarihinde ise gen\u00e7 T\u00fcrkiye Cumhuriyeti\u2019nin bir par\u00e7as\u0131 olmu\u015ftur. Bu tarihten sonra ekonomik yap\u0131 ilk olarak tar\u0131m ve bal\u0131k\u00e7\u0131l\u0131\u011fa dayanm\u0131\u015f, zamanla Antalya T\u00fcrkiye\u2019nin ve Do\u011fu Akdeniz\u2019in en \u00f6nemli turizm merkezi h\u00e2line gelmi\u015ftir. Antalya\u2019n\u0131n bat\u0131s\u0131nda, tarihteki ilk \u00f6nemli konfederasyonlardan biri olan Likya Birli\u011fi kurulmu\u015ftur. Birli\u011fe ba\u011fl\u0131 \u015fehir devletleri, b\u00fcy\u00fckl\u00fcklerine ve \u00f6nemlerine g\u00f6re 1, 2 ya da 3 oy hakk\u0131na sahipti. Likyal\u0131lar, Antalya ile Fethiye aras\u0131nda ve k\u0131y\u0131n\u0131n \u00fcst kesimlerindeki da\u011fl\u0131k b\u00f6lgelerde ya\u015fam\u0131\u015flard\u0131r. Homeros, \u0130lyada adl\u0131 eserinde Likyal\u0131lar\u0131, Karyal\u0131lar ile birlikte Truva Sava\u015f\u0131 s\u0131ras\u0131nda Truval\u0131lar\u0131n m\u00fcttefikleri olarak anlatmaktad\u0131r. Antalya\u2019n\u0131n do\u011fusunda, ad\u0131 t\u00fcm kavimlerin \u00fclkesi anlam\u0131na gelen Pamfilya b\u00f6lgesi uzan\u0131yordu. Dik da\u011flar ve az say\u0131daki d\u00fcz alanlar nedeniyle bu b\u00f6lge uzun s\u00fcre korsanlar\u0131n ilgisini \u00e7ekmi\u015ftir. Korsanlar yaln\u0131zca ticaret gemilerine sald\u0131rmakla kalmam\u0131\u015f, zaman zaman \u015fehirleri de ele ge\u00e7irip i\u015fgal etmi\u015flerdir. Erken Hristiyanl\u0131k d\u00f6nemine ait bir\u00e7ok yap\u0131, Hristiyanl\u0131\u011f\u0131n bu b\u00f6lgede k\u00f6k sald\u0131\u011f\u0131n\u0131 g\u00f6stermektedir. B\u00f6lgedeki m\u00fczelerde Hristiyanl\u0131k \u00f6ncesi, Hristiyanl\u0131k ve \u0130slam d\u00f6nemlerine ait eserler yer almaktad\u0131r. T\u00fcm d\u00fcnyada tan\u0131nan ve sayg\u0131 duyulan Aziz Nikolaos, Antalya b\u00f6lgesindendir. Zengin tarihe ait efsaneler, mitler ve hat\u0131ralar bu topraklarda her zaman canl\u0131d\u0131r. Erken Hristiyanl\u0131k d\u00f6nemine ait bir\u00e7ok yap\u0131, Hristiyanl\u0131\u011f\u0131n bu b\u00f6lgede k\u00f6k sald\u0131\u011f\u0131n\u0131 g\u00f6stermektedir. B\u00f6lgedeki m\u00fczelerde Hristiyanl\u0131k \u00f6ncesi, Hristiyanl\u0131k ve \u0130slam d\u00f6nemlerine ait eserler yer almaktad\u0131r. T\u00fcm d\u00fcnyada tan\u0131nan ve sayg\u0131 duyulan Aziz Nikolaos, Antalya b\u00f6lgesindendir. Zengin tarihe ait efsaneler, mitler ve hat\u0131ralar bu topraklarda her zaman canl\u0131d\u0131r. Swisslasik.ch size Antalya&#8217;da harika bir tatil diler. Antalya Eski \u015eehir Koyu<\/p>\n","protected":false},"author":4,"featured_media":0,"parent":3574,"menu_order":0,"comment_status":"closed","ping_status":"closed","template":"","meta":{"_joinchat":[],"footnotes":""},"class_list":["post-3577","page","type-page","status-publish","hentry"],"acf":[],"_links":{"self":[{"href":"https:\/\/swisslasik.ch\/tr\/wp-json\/wp\/v2\/pages\/3577","targetHints":{"allow":["GET"]}}],"collection":[{"href":"https:\/\/swisslasik.ch\/tr\/wp-json\/wp\/v2\/pages"}],"about":[{"href":"https:\/\/swisslasik.ch\/tr\/wp-json\/wp\/v2\/types\/page"}],"author":[{"embeddable":true,"href":"https:\/\/swisslasik.ch\/tr\/wp-json\/wp\/v2\/users\/4"}],"replies":[{"embeddable":true,"href":"https:\/\/swisslasik.ch\/tr\/wp-json\/wp\/v2\/comments?post=3577"}],"version-history":[{"count":3,"href":"https:\/\/swisslasik.ch\/tr\/wp-json\/wp\/v2\/pages\/3577\/revisions"}],"predecessor-version":[{"id":3580,"href":"https:\/\/swisslasik.ch\/tr\/wp-json\/wp\/v2\/pages\/3577\/revisions\/3580"}],"up":[{"embeddable":true,"href":"https:\/\/swisslasik.ch\/tr\/wp-json\/wp\/v2\/pages\/3574"}],"wp:attachment":[{"href":"https:\/\/swisslasik.ch\/tr\/wp-json\/wp\/v2\/media?parent=3577"}],"curies":[{"name":"wp","href":"https:\/\/api.w.org\/{rel}","templated":true}]}}