{"id":3583,"date":"2025-09-17T13:20:17","date_gmt":"2025-09-17T12:20:17","guid":{"rendered":"https:\/\/swisslasik.ch\/tuerkiyede-lazer-cerrahisi\/tuerkiyenin-sehirleri\/istanbul-sehri\/"},"modified":"2026-01-08T16:42:26","modified_gmt":"2026-01-08T15:42:26","slug":"istanbul-sehri","status":"publish","type":"page","link":"https:\/\/swisslasik.ch\/tr\/tuerkiyede-lazer-cerrahisi\/tuerkiyenin-sehirleri\/istanbul-sehri\/","title":{"rendered":"\u0130stanbul \u015fehri"},"content":{"rendered":"\t\t<div data-elementor-type=\"wp-page\" data-elementor-id=\"3583\" class=\"elementor elementor-3583 elementor-51\" data-elementor-post-type=\"page\">\n\t\t\t\t<div class=\"elementor-element elementor-element-ae824a8 e-flex e-con-boxed wpr-particle-no wpr-jarallax-no wpr-parallax-no wpr-sticky-section-no e-con e-parent\" data-id=\"ae824a8\" data-element_type=\"container\" data-e-type=\"container\">\n\t\t\t\t\t<div class=\"e-con-inner\">\n\t\t<div class=\"elementor-element elementor-element-28857bd e-con-full e-flex wpr-particle-no wpr-jarallax-no wpr-parallax-no wpr-sticky-section-no e-con e-child\" data-id=\"28857bd\" data-element_type=\"container\" data-e-type=\"container\">\n\t\t\t\t<div class=\"elementor-element elementor-element-f751042 elementor-widget elementor-widget-button\" data-id=\"f751042\" data-element_type=\"widget\" data-e-type=\"widget\" data-widget_type=\"button.default\">\n\t\t\t\t\t\t\t\t\t\t<a class=\"elementor-button elementor-button-link elementor-size-sm\" href=\"https:\/\/swisslasik.ch\/tr\/tuerkiyede-lazer-cerrahisi\/tuerkiyenin-sehirleri\/istanbul-sehri\/\">\n\t\t\t\t\t\t<span class=\"elementor-button-content-wrapper\">\n\t\t\t\t\t\t\t\t\t<span class=\"elementor-button-text\">\u0130stanbul \u015fehri<\/span>\n\t\t\t\t\t<\/span>\n\t\t\t\t\t<\/a>\n\t\t\t\t\t\t\t\t<\/div>\n\t\t\t\t<div class=\"elementor-element elementor-element-84d8905 elementor-widget elementor-widget-button\" data-id=\"84d8905\" data-element_type=\"widget\" data-e-type=\"widget\" data-widget_type=\"button.default\">\n\t\t\t\t\t\t\t\t\t\t<a class=\"elementor-button elementor-button-link elementor-size-sm\" href=\"https:\/\/swisslasik.ch\/lasern-in-istanbul\/staedte-der-tuerkei\/izmir-als-stadt\/\">\n\t\t\t\t\t\t<span class=\"elementor-button-content-wrapper\">\n\t\t\t\t\t\t\t\t\t<span class=\"elementor-button-text\">\u0130zmir \u015fehri<\/span>\n\t\t\t\t\t<\/span>\n\t\t\t\t\t<\/a>\n\t\t\t\t\t\t\t\t<\/div>\n\t\t\t\t<div class=\"elementor-element elementor-element-a49a53b elementor-widget elementor-widget-button\" data-id=\"a49a53b\" data-element_type=\"widget\" data-e-type=\"widget\" data-widget_type=\"button.default\">\n\t\t\t\t\t\t\t\t\t\t<a class=\"elementor-button elementor-button-link elementor-size-sm\" href=\"https:\/\/swisslasik.ch\/tr\/tuerkiyede-lazer-cerrahisi\/tuerkiyenin-sehirleri\/antalya-sehri\/\">\n\t\t\t\t\t\t<span class=\"elementor-button-content-wrapper\">\n\t\t\t\t\t\t\t\t\t<span class=\"elementor-button-text\">Antalya \u015fehri<\/span>\n\t\t\t\t\t<\/span>\n\t\t\t\t\t<\/a>\n\t\t\t\t\t\t\t\t<\/div>\n\t\t\t\t<\/div>\n\t\t\t\t<div class=\"elementor-element elementor-element-71edf91c elementor-widget elementor-widget-text-editor\" data-id=\"71edf91c\" data-element_type=\"widget\" data-e-type=\"widget\" data-widget_type=\"text-editor.default\">\n\t\t\t\t\t\t\t\t\t\n<h2 class=\"wp-block-heading\"><a href=\"https:\/\/www.youtube.com\/watch?v=CkXni11FpYU&amp;feature=youtu.be\" rel=\"nofollow noopener\" target=\"_blank\">D\u00dcNYA \u00c7APINDA B\u0130R \u015eEH\u0130RDE G\u00d6ZLER\u0130N\u0130Z\u0130 LAZER CERRAH\u0130YLE ALIN!<\/a><\/h2>\n\n<p>Bir taba\u011fa New York&#8217;tan bir dilim, Miami&#8217;den bir tutam, San Francisco&#8217;dan bir lokma ve M\u0131s\u0131r&#8217;dan bir dilim koyun ve hepsini kar\u0131\u015ft\u0131r\u0131n. Bunu Mexico City ve Viyana&#8217;dan gelen baharatlarla zenginle\u015ftirin: \u0130\u015fte \u0130stanbul! <\/p>\n\n<p>\u0130stanbul, do\u011fu ve bat\u0131 k\u00fclt\u00fcr\u00fcn\u00fcn ilgi \u00e7ekici birle\u015fimi sayesinde ziyaret\u00e7ilerini b\u00fcy\u00fcler. \u0130stanbul; reng\u00e2renk pazarlar\u0131, kalabal\u0131k \u00e7ar\u015f\u0131lar\u0131 ve Do\u011fu ile Bat\u0131\u2019n\u0131n, gelenek ile modernli\u011fin \u00e7o\u011fu zaman heyecan verici bir kar\u0131\u015f\u0131m\u0131d\u0131r. Bo\u011faz boyunca \u00e7ok say\u0131da \u015f\u0131k otel, eski kafeler, harika restoranlar ve gece kul\u00fcpleri bulunur. \u0130stanbul z\u0131tl\u0131klar\u0131n \u015fehridir; y\u00fczlerce simgesi olan, masallar\u0131 and\u0131ran, bir\u00e7ok \u015fark\u0131c\u0131ya, \u015faire ve ressama ilham vermi\u015f, Binbir Gece Masallar\u0131\u2019n\u0131 \u00e7a\u011fr\u0131\u015ft\u0131ran bir tarihe sahiptir.   <\/p>\n\n<p>\u0130stanbul \u015fehri iki k\u0131tada yer almaktad\u0131r: Avrupa ve Asya. K\u0131talar Bo\u011faz ile ayr\u0131lm\u0131\u015ft\u0131r. Hali\u00e7 ise \u0130stanbul&#8217;un Avrupa k\u0131sm\u0131n\u0131 kuzey ve g\u00fcney olmak \u00fczere ikiye b\u00f6lmektedir.  <\/p>\n\n<p>Eski \u0130stanbul, g\u00fcney Avrupa yakas\u0131nda yer almaktad\u0131r. Sultanahmet Camii, Topkap\u0131 Saray\u0131 ve Ayasofya gibi \u00fcnl\u00fc tarihi yap\u0131lar\u0131n \u00e7o\u011fu burada bulunmaktad\u0131r. <\/p>\n\n<figure class=\"wp-block-image size-full\"><img fetchpriority=\"high\" decoding=\"async\" width=\"300\" height=\"400\" class=\"wp-image-193\" src=\"https:\/\/swisslasik.ch\/wp-content\/uploads\/2025\/09\/tuerkei009.jpg\" alt=\"\" srcset=\"https:\/\/swisslasik.ch\/wp-content\/uploads\/2025\/09\/tuerkei009.jpg 300w, https:\/\/swisslasik.ch\/wp-content\/uploads\/2025\/09\/tuerkei009-225x300.jpg 225w\" sizes=\"(max-width: 300px) 100vw, 300px\" \/><\/figure>\n\n<p id=\"caption-attachment-170\">\u0130stanbul: Al\u0131\u015fveri\u015f ve k\u00fclt\u00fcr. Lazer g\u00f6z ameliyat\u0131n\u0131zla birlikte bu b\u00fcy\u00fcleyici metropol\u00fcn ve tarihi miras\u0131n\u0131n tad\u0131n\u0131 \u00e7\u0131kar\u0131n. <\/p>\n\n<p>\u0130stanbul zengin ve olaylarla dolu bir tarihe sahiptir: \u015eehir, M\u00d6 7. y\u00fczy\u0131la kadar uzanan bir ge\u00e7mi\u015fe sahiptir. O zamanlar Bizans olarak adland\u0131r\u0131l\u0131yordu. Merkezi konumu sayesinde Bizans, zamanla geli\u015fen ve refah i\u00e7inde bir ticaret metropol\u00fcne d\u00f6n\u00fc\u015ft\u00fc.  <\/p>\n\n<p>\u015eehir Roma \u0130mparatorlu\u011fu&#8217;na kat\u0131ld\u0131ktan sonra, Bizans, M\u00d6 330 civar\u0131nda Roma \u0130mparatoru Konstantin taraf\u0131ndan ba\u015fkent olarak belirlendi. \u015eehir ba\u015flang\u0131\u00e7ta Yeni Roma olarak adland\u0131r\u0131ld\u0131, ancak daha sonra Konstantinopolis olarak yeniden adland\u0131r\u0131ld\u0131. <\/p>\n\n<p>Roma \u0130mparatorlu\u011fu\u2019nun ikiye ayr\u0131lmas\u0131ndan sonra Konstantinopolis, Bizans \u0130mparatorlu\u011fu\u2019na ba\u011fl\u0131 kalm\u0131\u015f ve b\u00f6lgenin siyasi ve k\u00fclt\u00fcrel merkezi olmay\u0131 s\u00fcrd\u00fcrm\u00fc\u015ft\u00fcr. Daha sonra Ha\u00e7l\u0131lar Konstantinopolis\u2019i ele ge\u00e7irerek Hristiyanl\u0131\u011f\u0131 \u015fehre ta\u015f\u0131m\u0131\u015ft\u0131r. Bir s\u00fcre gerileme ya\u015fayan Konstantinopolis, Osmanl\u0131lar\u0131n \u015fehri fethedip Osmanl\u0131 \u0130mparatorlu\u011fu\u2019nun ba\u015fkenti yapmas\u0131 ve \u0130stanbul ad\u0131n\u0131 vermesiyle yeniden y\u00fckseli\u015fe ge\u00e7mi\u015ftir.   <\/p>\n\n<p>\u0130stanbul ayn\u0131 zamanda bir al\u0131\u015fveri\u015f cenneti. D\u00fcnyan\u0131n en b\u00fcy\u00fck kapal\u0131 al\u0131\u015fveri\u015f merkezi olan tarihi Kapal\u0131 \u00c7ar\u015f\u0131&#8217;dan say\u0131s\u0131z ultra modern al\u0131\u015fveri\u015f merkezine kadar, hayran kalacaks\u0131n\u0131z. Klini\u011fin yak\u0131n\u0131nda d\u00f6rt muhte\u015fem al\u0131\u015fveri\u015f merkezi bulunmaktad\u0131r.  <\/p>\n\n<p>\u0130stanbul&#8217;un birbirinden lezzetli yemeklerini tatmay\u0131 unutmay\u0131n. Binlerce restoran, birbirinden lezzetli yemekler sunuyor. Detayl\u0131 al\u0131\u015fveri\u015f ve restoran \u00f6nerilerini Swisslasikpass&#8217;\u0131n\u0131zda bulabilirsiniz.  <\/p>\n\n<p>\u015eehir ayn\u0131 zamanda zengin bir k\u00fclt\u00fcrel deneyim yelpazesi sunmaktad\u0131r. \u00c7ok say\u0131da k\u00fclt\u00fcrel etkinlik, \u0130stanbul&#8217;daki ya\u015fam\u0131n ayr\u0131lmaz bir par\u00e7as\u0131d\u0131r. <\/p>\n\n<p>\u0130stanbul&#8217;u h\u00e2l\u00e2 tan\u0131m\u0131yor musunuz? \u0130stanbul hakk\u0131ndaki SF Unterwegs program\u0131n\u0131 <a href=\"http:\/\/www.sf.tv\/podcasts\/feed.php?docid=sfunterwegs\" target=\"_blank\" rel=\"noreferrer noopener nofollow\">buradan<\/a> izleyin! <\/p>\n\n<p>\u0130stanbul&#8217;un 2010 y\u0131l\u0131nda Avrupa K\u00fclt\u00fcr Ba\u015fkenti oldu\u011funu biliyor muydunuz? Daha fazla bilgiye buradan ula\u015fabilirsiniz. <\/p>\n\n<p>Swisslasik.ch size \u0130stanbul&#8217;da harika bir tatil diler.<\/p>\n\n<figure class=\"wp-block-image size-full\"><img decoding=\"async\" width=\"300\" height=\"206\" class=\"wp-image-195\" src=\"https:\/\/swisslasik.ch\/wp-content\/uploads\/2025\/09\/tuerkei005.jpg\" alt=\"\"><\/figure>\n\t\t\t\t\t\t\t\t<\/div>\n\t\t\t\t\t<\/div>\n\t\t\t\t<\/div>\n\t\t\t\t<\/div>\n\t\t","protected":false},"excerpt":{"rendered":"<p>\u0130stanbul \u015fehri \u0130zmir \u015fehri Antalya \u015fehri D\u00dcNYA \u00c7APINDA B\u0130R \u015eEH\u0130RDE G\u00d6ZLER\u0130N\u0130Z\u0130 LAZER CERRAH\u0130YLE ALIN! Bir taba\u011fa New York&#8217;tan bir dilim, Miami&#8217;den bir tutam, San Francisco&#8217;dan bir lokma ve M\u0131s\u0131r&#8217;dan bir dilim koyun ve hepsini kar\u0131\u015ft\u0131r\u0131n. Bunu Mexico City ve Viyana&#8217;dan gelen baharatlarla zenginle\u015ftirin: \u0130\u015fte \u0130stanbul! \u0130stanbul, do\u011fu ve bat\u0131 k\u00fclt\u00fcr\u00fcn\u00fcn ilgi \u00e7ekici birle\u015fimi sayesinde ziyaret\u00e7ilerini b\u00fcy\u00fcler. \u0130stanbul; reng\u00e2renk pazarlar\u0131, kalabal\u0131k \u00e7ar\u015f\u0131lar\u0131 ve Do\u011fu ile Bat\u0131\u2019n\u0131n, gelenek ile modernli\u011fin \u00e7o\u011fu zaman heyecan verici bir kar\u0131\u015f\u0131m\u0131d\u0131r. Bo\u011faz boyunca \u00e7ok say\u0131da \u015f\u0131k otel, eski kafeler, harika restoranlar ve gece kul\u00fcpleri bulunur. \u0130stanbul z\u0131tl\u0131klar\u0131n \u015fehridir; y\u00fczlerce simgesi olan, masallar\u0131 and\u0131ran, bir\u00e7ok \u015fark\u0131c\u0131ya, \u015faire ve ressama ilham vermi\u015f, Binbir Gece Masallar\u0131\u2019n\u0131 \u00e7a\u011fr\u0131\u015ft\u0131ran bir tarihe sahiptir. \u0130stanbul \u015fehri iki k\u0131tada yer almaktad\u0131r: Avrupa ve Asya. K\u0131talar Bo\u011faz ile ayr\u0131lm\u0131\u015ft\u0131r. Hali\u00e7 ise \u0130stanbul&#8217;un Avrupa k\u0131sm\u0131n\u0131 kuzey ve g\u00fcney olmak \u00fczere ikiye b\u00f6lmektedir. Eski \u0130stanbul, g\u00fcney Avrupa yakas\u0131nda yer almaktad\u0131r. Sultanahmet Camii, Topkap\u0131 Saray\u0131 ve Ayasofya gibi \u00fcnl\u00fc tarihi yap\u0131lar\u0131n \u00e7o\u011fu burada bulunmaktad\u0131r. \u0130stanbul: Al\u0131\u015fveri\u015f ve k\u00fclt\u00fcr. Lazer g\u00f6z ameliyat\u0131n\u0131zla birlikte bu b\u00fcy\u00fcleyici metropol\u00fcn ve tarihi miras\u0131n\u0131n tad\u0131n\u0131 \u00e7\u0131kar\u0131n. \u0130stanbul zengin ve olaylarla dolu bir tarihe sahiptir: \u015eehir, M\u00d6 7. y\u00fczy\u0131la kadar uzanan bir ge\u00e7mi\u015fe sahiptir. O zamanlar Bizans olarak adland\u0131r\u0131l\u0131yordu. Merkezi konumu sayesinde Bizans, zamanla geli\u015fen ve refah i\u00e7inde bir ticaret metropol\u00fcne d\u00f6n\u00fc\u015ft\u00fc. \u015eehir Roma \u0130mparatorlu\u011fu&#8217;na kat\u0131ld\u0131ktan sonra, Bizans, M\u00d6 330 civar\u0131nda Roma \u0130mparatoru Konstantin taraf\u0131ndan ba\u015fkent olarak belirlendi. \u015eehir ba\u015flang\u0131\u00e7ta Yeni Roma olarak adland\u0131r\u0131ld\u0131, ancak daha sonra Konstantinopolis olarak yeniden adland\u0131r\u0131ld\u0131. Roma \u0130mparatorlu\u011fu\u2019nun ikiye ayr\u0131lmas\u0131ndan sonra Konstantinopolis, Bizans \u0130mparatorlu\u011fu\u2019na ba\u011fl\u0131 kalm\u0131\u015f ve b\u00f6lgenin siyasi ve k\u00fclt\u00fcrel merkezi olmay\u0131 s\u00fcrd\u00fcrm\u00fc\u015ft\u00fcr. Daha sonra Ha\u00e7l\u0131lar Konstantinopolis\u2019i ele ge\u00e7irerek Hristiyanl\u0131\u011f\u0131 \u015fehre ta\u015f\u0131m\u0131\u015ft\u0131r. Bir s\u00fcre gerileme ya\u015fayan Konstantinopolis, Osmanl\u0131lar\u0131n \u015fehri fethedip Osmanl\u0131 \u0130mparatorlu\u011fu\u2019nun ba\u015fkenti yapmas\u0131 ve \u0130stanbul ad\u0131n\u0131 vermesiyle yeniden y\u00fckseli\u015fe ge\u00e7mi\u015ftir. \u0130stanbul ayn\u0131 zamanda bir al\u0131\u015fveri\u015f cenneti. D\u00fcnyan\u0131n en b\u00fcy\u00fck kapal\u0131 al\u0131\u015fveri\u015f merkezi olan tarihi Kapal\u0131 \u00c7ar\u015f\u0131&#8217;dan say\u0131s\u0131z ultra modern al\u0131\u015fveri\u015f merkezine kadar, hayran kalacaks\u0131n\u0131z. Klini\u011fin yak\u0131n\u0131nda d\u00f6rt muhte\u015fem al\u0131\u015fveri\u015f merkezi bulunmaktad\u0131r. \u0130stanbul&#8217;un birbirinden lezzetli yemeklerini tatmay\u0131 unutmay\u0131n. Binlerce restoran, birbirinden lezzetli yemekler sunuyor. Detayl\u0131 al\u0131\u015fveri\u015f ve restoran \u00f6nerilerini Swisslasikpass&#8217;\u0131n\u0131zda bulabilirsiniz. \u015eehir ayn\u0131 zamanda zengin bir k\u00fclt\u00fcrel deneyim yelpazesi sunmaktad\u0131r. \u00c7ok say\u0131da k\u00fclt\u00fcrel etkinlik, \u0130stanbul&#8217;daki ya\u015fam\u0131n ayr\u0131lmaz bir par\u00e7as\u0131d\u0131r. \u0130stanbul&#8217;u h\u00e2l\u00e2 tan\u0131m\u0131yor musunuz? \u0130stanbul hakk\u0131ndaki SF Unterwegs program\u0131n\u0131 buradan izleyin! \u0130stanbul&#8217;un 2010 y\u0131l\u0131nda Avrupa K\u00fclt\u00fcr Ba\u015fkenti oldu\u011funu biliyor muydunuz? Daha fazla bilgiye buradan ula\u015fabilirsiniz. Swisslasik.ch size \u0130stanbul&#8217;da harika bir tatil diler.<\/p>\n","protected":false},"author":4,"featured_media":0,"parent":3574,"menu_order":0,"comment_status":"closed","ping_status":"closed","template":"","meta":{"_joinchat":[],"footnotes":""},"class_list":["post-3583","page","type-page","status-publish","hentry"],"acf":[],"_links":{"self":[{"href":"https:\/\/swisslasik.ch\/tr\/wp-json\/wp\/v2\/pages\/3583","targetHints":{"allow":["GET"]}}],"collection":[{"href":"https:\/\/swisslasik.ch\/tr\/wp-json\/wp\/v2\/pages"}],"about":[{"href":"https:\/\/swisslasik.ch\/tr\/wp-json\/wp\/v2\/types\/page"}],"author":[{"embeddable":true,"href":"https:\/\/swisslasik.ch\/tr\/wp-json\/wp\/v2\/users\/4"}],"replies":[{"embeddable":true,"href":"https:\/\/swisslasik.ch\/tr\/wp-json\/wp\/v2\/comments?post=3583"}],"version-history":[{"count":3,"href":"https:\/\/swisslasik.ch\/tr\/wp-json\/wp\/v2\/pages\/3583\/revisions"}],"predecessor-version":[{"id":3586,"href":"https:\/\/swisslasik.ch\/tr\/wp-json\/wp\/v2\/pages\/3583\/revisions\/3586"}],"up":[{"embeddable":true,"href":"https:\/\/swisslasik.ch\/tr\/wp-json\/wp\/v2\/pages\/3574"}],"wp:attachment":[{"href":"https:\/\/swisslasik.ch\/tr\/wp-json\/wp\/v2\/media?parent=3583"}],"curies":[{"name":"wp","href":"https:\/\/api.w.org\/{rel}","templated":true}]}}