{"id":3589,"date":"2025-09-17T13:21:11","date_gmt":"2025-09-17T12:21:11","guid":{"rendered":"https:\/\/swisslasik.ch\/tuerkiyede-lazer-cerrahisi\/tuerkiyenin-sehirleri\/izmir-sehri\/"},"modified":"2026-01-08T16:44:42","modified_gmt":"2026-01-08T15:44:42","slug":"izmir-sehri","status":"publish","type":"page","link":"https:\/\/swisslasik.ch\/tr\/tuerkiyede-lazer-cerrahisi\/tuerkiyenin-sehirleri\/izmir-sehri\/","title":{"rendered":"\u0130zmir \u015fehri"},"content":{"rendered":"\t\t<div data-elementor-type=\"wp-page\" data-elementor-id=\"3589\" class=\"elementor elementor-3589 elementor-53\" data-elementor-post-type=\"page\">\n\t\t\t\t<div class=\"elementor-element elementor-element-1c6701b9 e-flex e-con-boxed wpr-particle-no wpr-jarallax-no wpr-parallax-no wpr-sticky-section-no e-con e-parent\" data-id=\"1c6701b9\" data-element_type=\"container\" data-e-type=\"container\">\n\t\t\t\t\t<div class=\"e-con-inner\">\n\t\t<div class=\"elementor-element elementor-element-8158ae5 e-con-full e-flex wpr-particle-no wpr-jarallax-no wpr-parallax-no wpr-sticky-section-no e-con e-child\" data-id=\"8158ae5\" data-element_type=\"container\" data-e-type=\"container\">\n\t\t\t\t<div class=\"elementor-element elementor-element-698dc99 elementor-widget elementor-widget-button\" data-id=\"698dc99\" data-element_type=\"widget\" data-e-type=\"widget\" data-widget_type=\"button.default\">\n\t\t\t\t\t\t\t\t\t\t<a class=\"elementor-button elementor-button-link elementor-size-sm\" href=\"https:\/\/swisslasik.ch\/tr\/tuerkiyede-lazer-cerrahisi\/tuerkiyenin-sehirleri\/istanbul-sehri\/\">\n\t\t\t\t\t\t<span class=\"elementor-button-content-wrapper\">\n\t\t\t\t\t\t\t\t\t<span class=\"elementor-button-text\">\u0130stanbul \u015fehri<\/span>\n\t\t\t\t\t<\/span>\n\t\t\t\t\t<\/a>\n\t\t\t\t\t\t\t\t<\/div>\n\t\t\t\t<div class=\"elementor-element elementor-element-a28f129 elementor-widget elementor-widget-button\" data-id=\"a28f129\" data-element_type=\"widget\" data-e-type=\"widget\" data-widget_type=\"button.default\">\n\t\t\t\t\t\t\t\t\t\t<a class=\"elementor-button elementor-button-link elementor-size-sm\" href=\"https:\/\/swisslasik.ch\/tr\/tuerkiyede-lazer-cerrahisi\/tuerkiyenin-sehirleri\/izmir-sehri\/\">\n\t\t\t\t\t\t<span class=\"elementor-button-content-wrapper\">\n\t\t\t\t\t\t\t\t\t<span class=\"elementor-button-text\">\u0130zmir \u015fehri<\/span>\n\t\t\t\t\t<\/span>\n\t\t\t\t\t<\/a>\n\t\t\t\t\t\t\t\t<\/div>\n\t\t\t\t<div class=\"elementor-element elementor-element-b38b22f elementor-widget elementor-widget-button\" data-id=\"b38b22f\" data-element_type=\"widget\" data-e-type=\"widget\" data-widget_type=\"button.default\">\n\t\t\t\t\t\t\t\t\t\t<a class=\"elementor-button elementor-button-link elementor-size-sm\" href=\"https:\/\/swisslasik.ch\/tr\/tuerkiyede-lazer-cerrahisi\/tuerkiyenin-sehirleri\/antalya-sehri\/\">\n\t\t\t\t\t\t<span class=\"elementor-button-content-wrapper\">\n\t\t\t\t\t\t\t\t\t<span class=\"elementor-button-text\">Antalya \u015fehri<\/span>\n\t\t\t\t\t<\/span>\n\t\t\t\t\t<\/a>\n\t\t\t\t\t\t\t\t<\/div>\n\t\t\t\t<\/div>\n\t\t\t\t<div class=\"elementor-element elementor-element-c3b4571 elementor-widget elementor-widget-text-editor\" data-id=\"c3b4571\" data-element_type=\"widget\" data-e-type=\"widget\" data-widget_type=\"text-editor.default\">\n\t\t\t\t\t\t\t\t\t\n<h2 class=\"wp-block-heading\">&#8220;EGE&#8217;N\u0130N \u0130NC\u0130S\u0130 &#8211; \u0130ZM\u0130R&#8221;<\/h2>\n\n<p>\u0130zmir (yakla\u015f\u0131k 3,5 milyon n\u00fcfuslu), T\u00fcrkiye&#8217;nin Ege k\u0131y\u0131s\u0131nda yer almakta olup \u0130stanbul ve Ankara&#8217;dan sonra T\u00fcrkiye&#8217;nin \u00fc\u00e7\u00fcnc\u00fc b\u00fcy\u00fck \u015fehridir.<\/p>\n\n<p>M\u00d6 3000 gibi erken bir tarihte kurulan \u0130zmir, d\u00fcnyan\u0131n en eski \u015fehirlerinden biridir. Antik \u00e7a\u011fda \u015fehir, Yunanca Smyrna ad\u0131n\u0131 ta\u015f\u0131yordu. T\u00fcrkler \u0130zmir&#8217;e sevgiyle &#8220;Ege&#8217;nin \u0130ncisi&#8221; derler.  <\/p>\n\n<p>\u0130zmir, \u0130stanbul&#8217;dan sonra T\u00fcrkiye&#8217;nin en b\u00fcy\u00fck ikinci liman\u0131na ev sahipli\u011fi yapmaktad\u0131r.<\/p>\n\n<p>\u0130zmir Uluslararas\u0131 Havaliman\u0131 (Adnan Menderes Havaliman\u0131), \u015fehrin yakla\u015f\u0131k 18 km g\u00fcneyinde yer almaktad\u0131r. \u0130zmir, \u00e7ok say\u0131da m\u00fczenin yan\u0131 s\u0131ra, \u00fcnl\u00fc bir orkestraya sahip devlet tiyatrosu ve devlet opera binas\u0131yla da \u00f6v\u00fcnmektedir. <\/p>\n\n<p>Bu durum, \u015fehrin k\u00fclt\u00fcrel alanda da \u00f6nde gelen bir oyuncu oldu\u011funu g\u00f6steriyor. \u00d6nemini vurgulamak i\u00e7in \u0130zmir, 2015 Expo&#8217;suna ev sahipli\u011fi yapmak i\u00e7in ba\u015fvuruda bulundu. <\/p>\n\n<p>Sonu\u00e7 olarak: T\u00fcrk tatillerinde sadece g\u00fcne\u015f ve kumdan fazlas\u0131n\u0131, ayn\u0131 zamanda k\u00fclt\u00fcr\u00fc, \u00e7ar\u015f\u0131lar\u0131 ve otantik T\u00fcrk \u015fehir hayat\u0131n\u0131 deneyimlemek isteyenler i\u00e7in \u0130zmir&#8217;e bir gezi veya konaklama \u015fiddetle tavsiye edilir. Sonbahar ve ilkbahar, \u015fehri ke\u015ffetmek i\u00e7in en keyifli iklimi sunar. <\/p>\n\n<figure class=\"wp-block-image size-full\"><img fetchpriority=\"high\" decoding=\"async\" width=\"500\" height=\"377\" class=\"wp-image-197\" src=\"https:\/\/swisslasik.ch\/wp-content\/uploads\/2025\/09\/csm_Izmir_1_c5845b42ea.jpg\" alt=\"\" srcset=\"https:\/\/swisslasik.ch\/wp-content\/uploads\/2025\/09\/csm_Izmir_1_c5845b42ea.jpg 500w, https:\/\/swisslasik.ch\/wp-content\/uploads\/2025\/09\/csm_Izmir_1_c5845b42ea-300x226.jpg 300w\" sizes=\"(max-width: 500px) 100vw, 500px\" \/><\/figure>\n\n<p id=\"caption-attachment-2073\">\u0130zmir: G\u00fcne\u015f, al\u0131\u015fveri\u015f, tarih, k\u00fclt\u00fcr. Tedaviniz s\u0131ras\u0131nda \u0130zmir&#8217;de keyifli vakit ge\u00e7irin. <\/p>\n\n<p>5000 y\u0131ll\u0131k tarihi sayesinde, \u0130zmir&#8217;de g\u00f6r\u00fclecek \u00e7ok \u015fey var. \u015eehrin simgesi, \u0130zmir liman\u0131ndaki Saat Kulesi&#8217;dir. Bu g\u00fczel, 25 metre y\u00fcksekli\u011findeki mermer kule, 1901 y\u0131l\u0131nda Sultan Abd\u00fclhamid II taraf\u0131ndan \u015fehre hediye edilmi\u015ftir. Bir di\u011fer ilgi \u00e7ekici yer ise antik \u0130zmir \u015fehrinin merkez meydan\u0131 olan Agora&#8217;d\u0131r. Bu meydan, pazar yeri olarak hizmet vermenin yan\u0131 s\u0131ra \u015fehrin toplumu i\u00e7in \u00f6nemli bir dini merkezdi. K\u0131smen korunmu\u015f \u0130zmir Agoras\u0131&#8217;n\u0131n tarihi, a\u00e7\u0131k hava m\u00fczesinde ke\u015ffedilebilir.     <\/p>\n\n<p>\u0130zmir&#8217;de, geleneksel Yahudi mahallesi Karata&#8217;da veya Kemeralt\u0131&#8217;ndaki Havra Sokak&#8217;ta olmak \u00fczere dokuz sinagog bulunmaktad\u0131r. Hepsi 19. y\u00fczy\u0131l mimarlar\u0131n\u0131n izlerini ta\u015f\u0131maktad\u0131r; \u00e7\u00fcnk\u00fc ya bu d\u00f6nemde in\u015fa edilmi\u015flerdir ya da daha \u00f6nceki binalar\u0131n temelleri \u00fczerine yeniden in\u015fa edilmi\u015flerdir. <\/p>\n\n<p>\u0130zmir&#8217;de ziyaret etmeye de\u011fer bir\u00e7ok m\u00fcze bulunmaktad\u0131r. Eski bir hastane binas\u0131nda yer alan Etnografya M\u00fczesi (\u015fu anda kapal\u0131), 19. y\u00fczy\u0131ldaki tipik ya\u015fam\u0131 tasvir etmektedir. Hemen yan\u0131nda ise, \u00fclkenin en \u00f6nemli buluntular\u0131ndan baz\u0131lar\u0131n\u0131 sergileyen Arkeoloji M\u00fczesi yer almaktad\u0131r; bunlar aras\u0131nda \u00f6nemli heykeller, cam e\u015fyalar, seramikler ve mozaikler bulunmaktad\u0131r.  <\/p>\n\n<figure class=\"wp-block-image size-full\"><img decoding=\"async\" width=\"500\" height=\"336\" class=\"wp-image-198\" src=\"https:\/\/swisslasik.ch\/wp-content\/uploads\/2025\/09\/Izmir_2.jpg\" alt=\"\" srcset=\"https:\/\/swisslasik.ch\/wp-content\/uploads\/2025\/09\/Izmir_2.jpg 500w, https:\/\/swisslasik.ch\/wp-content\/uploads\/2025\/09\/Izmir_2-300x202.jpg 300w\" sizes=\"(max-width: 500px) 100vw, 500px\" \/><\/figure>\n\n<p id=\"caption-attachment-2074\">\u0130zmir&#8217;de tarih ve bug\u00fcn, deniz ve g\u00fcne\u015f birbirini kucakl\u0131yor.<\/p>\n\n<p><strong>Swisslasik.ch size \u0130zmir&#8217;de harika bir tatil diler.<\/strong><\/p>\n\t\t\t\t\t\t\t\t<\/div>\n\t\t\t\t\t<\/div>\n\t\t\t\t<\/div>\n\t\t\t\t<\/div>\n\t\t","protected":false},"excerpt":{"rendered":"<p>\u0130stanbul \u015fehri \u0130zmir \u015fehri Antalya \u015fehri &#8220;EGE&#8217;N\u0130N \u0130NC\u0130S\u0130 &#8211; \u0130ZM\u0130R&#8221; \u0130zmir (yakla\u015f\u0131k 3,5 milyon n\u00fcfuslu), T\u00fcrkiye&#8217;nin Ege k\u0131y\u0131s\u0131nda yer almakta olup \u0130stanbul ve Ankara&#8217;dan sonra T\u00fcrkiye&#8217;nin \u00fc\u00e7\u00fcnc\u00fc b\u00fcy\u00fck \u015fehridir. M\u00d6 3000 gibi erken bir tarihte kurulan \u0130zmir, d\u00fcnyan\u0131n en eski \u015fehirlerinden biridir. Antik \u00e7a\u011fda \u015fehir, Yunanca Smyrna ad\u0131n\u0131 ta\u015f\u0131yordu. T\u00fcrkler \u0130zmir&#8217;e sevgiyle &#8220;Ege&#8217;nin \u0130ncisi&#8221; derler. \u0130zmir, \u0130stanbul&#8217;dan sonra T\u00fcrkiye&#8217;nin en b\u00fcy\u00fck ikinci liman\u0131na ev sahipli\u011fi yapmaktad\u0131r. \u0130zmir Uluslararas\u0131 Havaliman\u0131 (Adnan Menderes Havaliman\u0131), \u015fehrin yakla\u015f\u0131k 18 km g\u00fcneyinde yer almaktad\u0131r. \u0130zmir, \u00e7ok say\u0131da m\u00fczenin yan\u0131 s\u0131ra, \u00fcnl\u00fc bir orkestraya sahip devlet tiyatrosu ve devlet opera binas\u0131yla da \u00f6v\u00fcnmektedir. Bu durum, \u015fehrin k\u00fclt\u00fcrel alanda da \u00f6nde gelen bir oyuncu oldu\u011funu g\u00f6steriyor. \u00d6nemini vurgulamak i\u00e7in \u0130zmir, 2015 Expo&#8217;suna ev sahipli\u011fi yapmak i\u00e7in ba\u015fvuruda bulundu. Sonu\u00e7 olarak: T\u00fcrk tatillerinde sadece g\u00fcne\u015f ve kumdan fazlas\u0131n\u0131, ayn\u0131 zamanda k\u00fclt\u00fcr\u00fc, \u00e7ar\u015f\u0131lar\u0131 ve otantik T\u00fcrk \u015fehir hayat\u0131n\u0131 deneyimlemek isteyenler i\u00e7in \u0130zmir&#8217;e bir gezi veya konaklama \u015fiddetle tavsiye edilir. Sonbahar ve ilkbahar, \u015fehri ke\u015ffetmek i\u00e7in en keyifli iklimi sunar. \u0130zmir: G\u00fcne\u015f, al\u0131\u015fveri\u015f, tarih, k\u00fclt\u00fcr. Tedaviniz s\u0131ras\u0131nda \u0130zmir&#8217;de keyifli vakit ge\u00e7irin. 5000 y\u0131ll\u0131k tarihi sayesinde, \u0130zmir&#8217;de g\u00f6r\u00fclecek \u00e7ok \u015fey var. \u015eehrin simgesi, \u0130zmir liman\u0131ndaki Saat Kulesi&#8217;dir. Bu g\u00fczel, 25 metre y\u00fcksekli\u011findeki mermer kule, 1901 y\u0131l\u0131nda Sultan Abd\u00fclhamid II taraf\u0131ndan \u015fehre hediye edilmi\u015ftir. Bir di\u011fer ilgi \u00e7ekici yer ise antik \u0130zmir \u015fehrinin merkez meydan\u0131 olan Agora&#8217;d\u0131r. Bu meydan, pazar yeri olarak hizmet vermenin yan\u0131 s\u0131ra \u015fehrin toplumu i\u00e7in \u00f6nemli bir dini merkezdi. K\u0131smen korunmu\u015f \u0130zmir Agoras\u0131&#8217;n\u0131n tarihi, a\u00e7\u0131k hava m\u00fczesinde ke\u015ffedilebilir. \u0130zmir&#8217;de, geleneksel Yahudi mahallesi Karata&#8217;da veya Kemeralt\u0131&#8217;ndaki Havra Sokak&#8217;ta olmak \u00fczere dokuz sinagog bulunmaktad\u0131r. Hepsi 19. y\u00fczy\u0131l mimarlar\u0131n\u0131n izlerini ta\u015f\u0131maktad\u0131r; \u00e7\u00fcnk\u00fc ya bu d\u00f6nemde in\u015fa edilmi\u015flerdir ya da daha \u00f6nceki binalar\u0131n temelleri \u00fczerine yeniden in\u015fa edilmi\u015flerdir. \u0130zmir&#8217;de ziyaret etmeye de\u011fer bir\u00e7ok m\u00fcze bulunmaktad\u0131r. Eski bir hastane binas\u0131nda yer alan Etnografya M\u00fczesi (\u015fu anda kapal\u0131), 19. y\u00fczy\u0131ldaki tipik ya\u015fam\u0131 tasvir etmektedir. Hemen yan\u0131nda ise, \u00fclkenin en \u00f6nemli buluntular\u0131ndan baz\u0131lar\u0131n\u0131 sergileyen Arkeoloji M\u00fczesi yer almaktad\u0131r; bunlar aras\u0131nda \u00f6nemli heykeller, cam e\u015fyalar, seramikler ve mozaikler bulunmaktad\u0131r. \u0130zmir&#8217;de tarih ve bug\u00fcn, deniz ve g\u00fcne\u015f birbirini kucakl\u0131yor. Swisslasik.ch size \u0130zmir&#8217;de harika bir tatil diler.<\/p>\n","protected":false},"author":4,"featured_media":0,"parent":3574,"menu_order":0,"comment_status":"closed","ping_status":"closed","template":"","meta":{"_joinchat":[],"footnotes":""},"class_list":["post-3589","page","type-page","status-publish","hentry"],"acf":[],"_links":{"self":[{"href":"https:\/\/swisslasik.ch\/tr\/wp-json\/wp\/v2\/pages\/3589","targetHints":{"allow":["GET"]}}],"collection":[{"href":"https:\/\/swisslasik.ch\/tr\/wp-json\/wp\/v2\/pages"}],"about":[{"href":"https:\/\/swisslasik.ch\/tr\/wp-json\/wp\/v2\/types\/page"}],"author":[{"embeddable":true,"href":"https:\/\/swisslasik.ch\/tr\/wp-json\/wp\/v2\/users\/4"}],"replies":[{"embeddable":true,"href":"https:\/\/swisslasik.ch\/tr\/wp-json\/wp\/v2\/comments?post=3589"}],"version-history":[{"count":3,"href":"https:\/\/swisslasik.ch\/tr\/wp-json\/wp\/v2\/pages\/3589\/revisions"}],"predecessor-version":[{"id":3592,"href":"https:\/\/swisslasik.ch\/tr\/wp-json\/wp\/v2\/pages\/3589\/revisions\/3592"}],"up":[{"embeddable":true,"href":"https:\/\/swisslasik.ch\/tr\/wp-json\/wp\/v2\/pages\/3574"}],"wp:attachment":[{"href":"https:\/\/swisslasik.ch\/tr\/wp-json\/wp\/v2\/media?parent=3589"}],"curies":[{"name":"wp","href":"https:\/\/api.w.org\/{rel}","templated":true}]}}