{"id":3619,"date":"2025-09-17T13:06:08","date_gmt":"2025-09-17T12:06:08","guid":{"rendered":"https:\/\/swisslasik.ch\/lasik-istanbulda-lasik-tuerkiye-lazer-goez-cerrahisi\/acibadem-goez-klinigi\/"},"modified":"2026-01-08T17:01:01","modified_gmt":"2026-01-08T16:01:01","slug":"acibadem-goez-klinigi","status":"publish","type":"page","link":"https:\/\/swisslasik.ch\/tr\/lasik-istanbulda-lasik-tuerkiye-lazer-goez-cerrahisi\/acibadem-goez-klinigi\/","title":{"rendered":"Ac\u0131badem G\u00f6z Klini\u011fi"},"content":{"rendered":"\t\t<div data-elementor-type=\"wp-page\" data-elementor-id=\"3619\" class=\"elementor elementor-3619 elementor-16\" data-elementor-post-type=\"page\">\n\t\t\t\t<div class=\"elementor-element elementor-element-3930497f e-flex e-con-boxed wpr-particle-no wpr-jarallax-no wpr-parallax-no wpr-sticky-section-no e-con e-parent\" data-id=\"3930497f\" data-element_type=\"container\" data-e-type=\"container\">\n\t\t\t\t\t<div class=\"e-con-inner\">\n\t\t<div class=\"elementor-element elementor-element-4096923 e-con-full e-flex wpr-particle-no wpr-jarallax-no wpr-parallax-no wpr-sticky-section-no e-con e-child\" data-id=\"4096923\" data-element_type=\"container\" data-e-type=\"container\">\n\t\t\t\t<div class=\"elementor-element elementor-element-f6fd2ad elementor-widget elementor-widget-button\" data-id=\"f6fd2ad\" data-element_type=\"widget\" data-e-type=\"widget\" data-widget_type=\"button.default\">\n\t\t\t\t\t\t\t\t\t\t<a class=\"elementor-button elementor-button-link elementor-size-sm\" href=\"https:\/\/swisslasik.ch\/tr\/lasik-istanbulda-lasik-tuerkiye-lazer-goez-cerrahisi\/\">\n\t\t\t\t\t\t<span class=\"elementor-button-content-wrapper\">\n\t\t\t\t\t\t\t\t\t<span class=\"elementor-button-text\">\u0130stanbul'da Lasik<\/span>\n\t\t\t\t\t<\/span>\n\t\t\t\t\t<\/a>\n\t\t\t\t\t\t\t\t<\/div>\n\t\t\t\t<div class=\"elementor-element elementor-element-33d70b0 elementor-widget elementor-widget-button\" data-id=\"33d70b0\" data-element_type=\"widget\" data-e-type=\"widget\" data-widget_type=\"button.default\">\n\t\t\t\t\t\t\t\t\t\t<a class=\"elementor-button elementor-button-link elementor-size-sm\" href=\"https:\/\/swisslasik.ch\/lasik-in-istanbul\/preise\/\">\n\t\t\t\t\t\t<span class=\"elementor-button-content-wrapper\">\n\t\t\t\t\t\t\t\t\t<span class=\"elementor-button-text\">Fiyatlar<\/span>\n\t\t\t\t\t<\/span>\n\t\t\t\t\t<\/a>\n\t\t\t\t\t\t\t\t<\/div>\n\t\t\t\t<div class=\"elementor-element elementor-element-cb60181 elementor-widget elementor-widget-button\" data-id=\"cb60181\" data-element_type=\"widget\" data-e-type=\"widget\" data-widget_type=\"button.default\">\n\t\t\t\t\t\t\t\t\t\t<a class=\"elementor-button elementor-button-link elementor-size-sm\" href=\"https:\/\/swisslasik.ch\/tr\/lasik-istanbulda-lasik-tuerkiye-lazer-goez-cerrahisi\/acibadem-goez-klinigi\/\">\n\t\t\t\t\t\t<span class=\"elementor-button-content-wrapper\">\n\t\t\t\t\t\t\t\t\t<span class=\"elementor-button-text\">Ac\u0131badem G\u00f6z Klini\u011fi<\/span>\n\t\t\t\t\t<\/span>\n\t\t\t\t\t<\/a>\n\t\t\t\t\t\t\t\t<\/div>\n\t\t\t\t<div class=\"elementor-element elementor-element-cf8ac06 elementor-widget elementor-widget-button\" data-id=\"cf8ac06\" data-element_type=\"widget\" data-e-type=\"widget\" data-widget_type=\"button.default\">\n\t\t\t\t\t\t\t\t\t\t<a class=\"elementor-button elementor-button-link elementor-size-sm\" href=\"https:\/\/swisslasik.ch\/lasik-in-istanbul\/birinci-augenklinik\/\">\n\t\t\t\t\t\t<span class=\"elementor-button-content-wrapper\">\n\t\t\t\t\t\t\t\t\t<span class=\"elementor-button-text\">Birinci G\u00f6z Klini\u011fi<\/span>\n\t\t\t\t\t<\/span>\n\t\t\t\t\t<\/a>\n\t\t\t\t\t\t\t\t<\/div>\n\t\t\t\t<div class=\"elementor-element elementor-element-b04fbb6 elementor-widget elementor-widget-button\" data-id=\"b04fbb6\" data-element_type=\"widget\" data-e-type=\"widget\" data-widget_type=\"button.default\">\n\t\t\t\t\t\t\t\t\t\t<a class=\"elementor-button elementor-button-link elementor-size-sm\" href=\"https:\/\/swisslasik.ch\/lasik-in-istanbul\/bati-augenklinik\/\">\n\t\t\t\t\t\t<span class=\"elementor-button-content-wrapper\">\n\t\t\t\t\t\t\t\t\t<span class=\"elementor-button-text\">Bati G\u00f6z Klini\u011fi<\/span>\n\t\t\t\t\t<\/span>\n\t\t\t\t\t<\/a>\n\t\t\t\t\t\t\t\t<\/div>\n\t\t\t\t<div class=\"elementor-element elementor-element-bb7a8f8 elementor-widget elementor-widget-button\" data-id=\"bb7a8f8\" data-element_type=\"widget\" data-e-type=\"widget\" data-widget_type=\"button.default\">\n\t\t\t\t\t\t\t\t\t\t<a class=\"elementor-button elementor-button-link elementor-size-sm\" href=\"https:\/\/swisslasik.ch\/tr\/lasik-teklifi\/antalyada-lasik-lazer-goez-ameliyati\/teknoloji\/\">\n\t\t\t\t\t\t<span class=\"elementor-button-content-wrapper\">\n\t\t\t\t\t\t\t\t\t<span class=\"elementor-button-text\">teknoloji<\/span>\n\t\t\t\t\t<\/span>\n\t\t\t\t\t<\/a>\n\t\t\t\t\t\t\t\t<\/div>\n\t\t\t\t<\/div>\n\t\t\t\t<div class=\"elementor-element elementor-element-5bdb5e13 elementor-widget elementor-widget-text-editor\" data-id=\"5bdb5e13\" data-element_type=\"widget\" data-e-type=\"widget\" data-widget_type=\"text-editor.default\">\n\t\t\t\t\t\t\t\t\t\n<p><strong>\u0130stanbul&#8217;daki ACIBADEM g\u00f6z lazer klini\u011fi<\/strong><\/p>\n\n<p>Swisslasik, d\u00fcnyan\u0131n en prestijli ve en iyi lazer g\u00f6z kliniklerinden biri olan Ac\u0131badem Hastanesi&#8217;nde g\u00f6z ameliyat\u0131 olman\u0131za olanak tan\u0131r.<\/p>\n\n<figure class=\"wp-block-image size-full\"><img fetchpriority=\"high\" decoding=\"async\" width=\"800\" height=\"504\" class=\"wp-image-122\" src=\"https:\/\/swisslasik.ch\/wp-content\/uploads\/2025\/09\/csm_ozel-acibadem-maslak-hastanesi-11078_03_67f8210734.jpg\" alt=\"\" srcset=\"https:\/\/swisslasik.ch\/wp-content\/uploads\/2025\/09\/csm_ozel-acibadem-maslak-hastanesi-11078_03_67f8210734.jpg 800w, https:\/\/swisslasik.ch\/wp-content\/uploads\/2025\/09\/csm_ozel-acibadem-maslak-hastanesi-11078_03_67f8210734-300x189.jpg 300w, https:\/\/swisslasik.ch\/wp-content\/uploads\/2025\/09\/csm_ozel-acibadem-maslak-hastanesi-11078_03_67f8210734-768x484.jpg 768w\" sizes=\"(max-width: 800px) 100vw, 800px\" \/><\/figure>\n\n<p id=\"caption-attachment-159\">Ac\u0131badem g\u00f6z lazer klini\u011fi \u0130stanbul<\/p>\n\n<figure class=\"wp-block-image size-full\"><img decoding=\"async\" width=\"120\" height=\"120\" class=\"wp-image-123\" src=\"https:\/\/swisslasik.ch\/wp-content\/uploads\/2025\/09\/RTEmagicC_jc_goldseal-1040x1040_converted_02.jpg.jpg\" alt=\"\"><\/figure>\n\n<p>Ac\u0131badem Hastanesi, ABD JCI (<a href=\"https:\/\/www.jointcommissioninternational.org\/\" target=\"_blank\" rel=\"noreferrer noopener nofollow\">Joint Commission International<\/a>) taraf\u0131ndan sertifikaland\u0131r\u0131lm\u0131\u015ft\u0131r.<\/p>\n\n<p>Uluslararas\u0131 klinikler aras\u0131nda bir \u00f6l\u00e7\u00fct niteli\u011findedir ve \u00e7ok kapsaml\u0131 kriterlerin kar\u015f\u0131lanmas\u0131 gerekmektedir. Bu hastane bu kriterleri kar\u015f\u0131lamakta olup Avrupa&#8217;n\u0131n en b\u00fcy\u00fck ve en modern \u00f6zel hastaneleri aras\u0131ndad\u0131r. <\/p>\n\n<p>Birinci s\u0131n\u0131f ekipman, kusursuz hijyen ve son derece deneyimli refraktif cerrahlar\u0131n yan\u0131 s\u0131ra, Acibadem, Almanya&#8217;n\u0131n Erlangen \u015fehrinde bulunan Wavelight ALLEGRETTO Wave EYE Q \u015firketinin en yeni lazer teknolojisine de sahiptir. Bu, enstit\u00fcn\u00fcn teknolojik geli\u015fmelerin \u00f6n saflar\u0131nda yer almas\u0131n\u0131 sa\u011flar. <\/p>\n\n<p>Ac\u0131badem, y\u0131llard\u0131r tedavileriyle hastalar\u0131n en y\u00fcksek beklentilerini kar\u015f\u0131lamakta ve her a\u00e7\u0131dan y\u00fcksek kaliteli tedavi garantisi vermektedir.<\/p>\n\n<p>Ac\u0131badem, son derece hijyenik bir ortamda steril lazer tedavisi sunmakta ve en modern tedavi odalar\u0131na sahiptir. \u00c7ift b\u00f6lgeli klima ve kesintisiz g\u00fc\u00e7 kayna\u011f\u0131 sayesinde hastalar kendilerini g\u00fcvende ve rahat hissederler. Maksimum g\u00fcvenlik garantilidir.  <\/p>\n\n<p>Ac\u0131badem&#8217;de sadece LASIK ameliyat\u0131 i\u00e7in kesinlikle uygun aday olan hastalar ameliyat edilir. Kapsaml\u0131 hasta e\u011fitimi, g\u00fcvenin devam\u0131 ve dolay\u0131s\u0131yla tedavinin ba\u015far\u0131s\u0131 i\u00e7in en \u00f6nemli \u00f6n ko\u015fuldur. <\/p>\n\n<p>G\u00f6rme bozukluklar\u0131n\u0131n tedavisinde yaln\u0131zca en son teknolojiye sahip ekipmanlar kullan\u0131lmaktad\u0131r.<\/p>\n\n<ul class=\"wp-block-list\">\n<li>ALLEGRO Topolizer<\/li>\n\n<li>ALLEGRETTO WAVE Eye-Q 400Hz<\/li>\n\n<li>Femto Lazer Teknolojileri<\/li>\n<\/ul>\n\n<p>Cihazlar hakk\u0131nda daha fazla bilgiye buradan ula\u015fabilirsiniz.<\/p>\n\n<p>Ac\u0131badem, hastalara \u00f6m\u00fcr boyu yaz\u0131l\u0131 garanti sunmaktad\u0131r. \u0130lk ameliyattan sonra, gerekli t\u00fcm takip tedavileri \u00f6m\u00fcr boyu \u00fccretsiz olarak sa\u011flanacakt\u0131r. <\/p>\n\n<p>Hastalar\u0131n ihtiya\u00e7lar\u0131 her \u015feyden \u00f6nce gelir. Bu nedenle, en iyi tedavi y\u00f6ntemleri mali kriterlerden daha \u00f6nceliklidir. <\/p>\n\n<p>\u00d6zenli tedavisi i\u00e7in doktora te\u015fekk\u00fcr ederim.<\/p>\n\n<p>Dr. Banu Cosar bug\u00fcne kadar 10.000&#8217;den fazla lazer g\u00f6z ameliyat\u0131n\u0131 ba\u015far\u0131yla ger\u00e7ekle\u015ftirmi\u015f olup, bu alanda en iyilerden biridir.<\/p>\n\n<figure class=\"wp-block-image size-full\"><img decoding=\"async\" width=\"510\" height=\"340\" class=\"wp-image-124\" src=\"https:\/\/swisslasik.ch\/wp-content\/uploads\/2025\/09\/ozel-acibadem-maslak-hastanesi-2000.jpg\" alt=\"\" srcset=\"https:\/\/swisslasik.ch\/wp-content\/uploads\/2025\/09\/ozel-acibadem-maslak-hastanesi-2000.jpg 510w, https:\/\/swisslasik.ch\/wp-content\/uploads\/2025\/09\/ozel-acibadem-maslak-hastanesi-2000-300x200.jpg 300w\" sizes=\"(max-width: 510px) 100vw, 510px\" \/><\/figure>\n\n<p>Dr. Banu Cosar, Amerika Birle\u015fik Devletleri&#8217;ndeki Wills Eye Hastanesi&#8217;nde de \u00e7al\u0131\u015fm\u0131\u015ft\u0131r. E\u011fitimini T\u00fcrkiye&#8217;nin en iyi \u00fcniversitelerinden biri olan Hacettepe \u00dcniversitesi&#8217;nde ve Ankara&#8217;daki Numune Ara\u015ft\u0131rma ve E\u011fitim Hastanesi&#8217;nde tamamlam\u0131\u015ft\u0131r. \u0130stanbul Ac\u0131badem G\u00f6z Merkezi&#8217;nde Oftalmoloji Asistan Do\u00e7enti olarak g\u00f6rev yapmaktad\u0131r. Dr. Cosar, T\u00fcrkiye&#8217;nin \u00f6nde gelen lazer g\u00f6z cerrahlar\u0131ndan biridir ve bir\u00e7ok cerrah\u0131 da bizzat yeti\u015ftirmektedir.   <\/p>\n\n<p>Bu son derece deneyimli hekim, uluslararas\u0131 medyada ve kitaplarda 90&#8217;dan fazla makale, \u00f6zet ve k\u0131sa metin yay\u0131nlam\u0131\u015ft\u0131r. S\u0131kl\u0131kla uluslararas\u0131 konferanslara konu\u015fmac\u0131 olarak davet edilmekte ve iki oftalmoloji dergisine yaz\u0131lar yazmaktad\u0131r. Ayr\u0131ca \u00e7ok say\u0131da televizyon program\u0131nda da r\u00f6portaj vermi\u015ftir.  <\/p>\n\n<p><a href=\"https:\/\/swisslasik.ch\/wp-content\/uploads\/2025\/09\/Banu_Cosar_CV_01.pdf\" data-type=\"link\" data-id=\"https:\/\/swisslasik.ch\/wp-content\/uploads\/2025\/09\/Banu_Cosar_CV_01.pdf\">\u00d6zge\u00e7mi\u015fine buradan ula\u015fabilirsiniz.<\/a><\/p>\n\n<p><a href=\"https:\/\/www.acibadem.com.tr\/SanalTur\/maslak\/en.html\" target=\"_blank\" rel=\"noreferrer noopener nofollow\">Burada hastanenin sanal turunu yapabilirsiniz. Haz\u0131r m\u0131s\u0131n\u0131z? Kendiniz g\u00f6r\u00fcn!  <\/a><\/p>\n\n<p><strong>HASTANEDEN DAHA FAZLA FOTO\u011eRAF<\/strong><\/p>\n\n<figure class=\"wp-block-image size-full\"><img loading=\"lazy\" decoding=\"async\" width=\"700\" height=\"500\" class=\"wp-image-126\" src=\"https:\/\/swisslasik.ch\/wp-content\/uploads\/2025\/09\/csm_maslak_1_01_8bf291f876.png\" alt=\"\" srcset=\"https:\/\/swisslasik.ch\/wp-content\/uploads\/2025\/09\/csm_maslak_1_01_8bf291f876.png 700w, https:\/\/swisslasik.ch\/wp-content\/uploads\/2025\/09\/csm_maslak_1_01_8bf291f876-300x214.png 300w\" sizes=\"(max-width: 700px) 100vw, 700px\" \/><\/figure>\n\n<figure class=\"wp-block-image size-full\"><img loading=\"lazy\" decoding=\"async\" width=\"700\" height=\"500\" class=\"wp-image-127\" src=\"https:\/\/swisslasik.ch\/wp-content\/uploads\/2025\/09\/csm_maslak_2_01_09945eb7a2-1.jpg\" alt=\"\" srcset=\"https:\/\/swisslasik.ch\/wp-content\/uploads\/2025\/09\/csm_maslak_2_01_09945eb7a2-1.jpg 700w, https:\/\/swisslasik.ch\/wp-content\/uploads\/2025\/09\/csm_maslak_2_01_09945eb7a2-1-300x214.jpg 300w\" sizes=\"(max-width: 700px) 100vw, 700px\" \/><\/figure>\n\n<figure class=\"wp-block-image size-full\"><img loading=\"lazy\" decoding=\"async\" width=\"700\" height=\"500\" class=\"wp-image-128\" src=\"https:\/\/swisslasik.ch\/wp-content\/uploads\/2025\/09\/csm_maslak_3_01_3ec22e7175.jpg\" alt=\"\" srcset=\"https:\/\/swisslasik.ch\/wp-content\/uploads\/2025\/09\/csm_maslak_3_01_3ec22e7175.jpg 700w, https:\/\/swisslasik.ch\/wp-content\/uploads\/2025\/09\/csm_maslak_3_01_3ec22e7175-300x214.jpg 300w\" sizes=\"(max-width: 700px) 100vw, 700px\" \/><\/figure>\n\n<figure class=\"wp-block-image size-full\"><img loading=\"lazy\" decoding=\"async\" width=\"700\" height=\"500\" class=\"wp-image-129\" src=\"https:\/\/swisslasik.ch\/wp-content\/uploads\/2025\/09\/csm_maslak_4_ab4ba19bd3.jpg\" alt=\"\" srcset=\"https:\/\/swisslasik.ch\/wp-content\/uploads\/2025\/09\/csm_maslak_4_ab4ba19bd3.jpg 700w, https:\/\/swisslasik.ch\/wp-content\/uploads\/2025\/09\/csm_maslak_4_ab4ba19bd3-300x214.jpg 300w\" sizes=\"(max-width: 700px) 100vw, 700px\" \/><\/figure>\n\n<figure class=\"wp-block-image size-full\"><img loading=\"lazy\" decoding=\"async\" width=\"700\" height=\"500\" class=\"wp-image-130\" src=\"https:\/\/swisslasik.ch\/wp-content\/uploads\/2025\/09\/csm_maslak_5_b483462d07.jpg\" alt=\"\" srcset=\"https:\/\/swisslasik.ch\/wp-content\/uploads\/2025\/09\/csm_maslak_5_b483462d07.jpg 700w, https:\/\/swisslasik.ch\/wp-content\/uploads\/2025\/09\/csm_maslak_5_b483462d07-300x214.jpg 300w\" sizes=\"(max-width: 700px) 100vw, 700px\" \/><\/figure>\n\n<figure class=\"wp-block-image size-full\"><img loading=\"lazy\" decoding=\"async\" width=\"700\" height=\"500\" class=\"wp-image-131\" src=\"https:\/\/swisslasik.ch\/wp-content\/uploads\/2025\/09\/csm_maslak_6_75fd9287e4.jpg\" alt=\"\" srcset=\"https:\/\/swisslasik.ch\/wp-content\/uploads\/2025\/09\/csm_maslak_6_75fd9287e4.jpg 700w, https:\/\/swisslasik.ch\/wp-content\/uploads\/2025\/09\/csm_maslak_6_75fd9287e4-300x214.jpg 300w\" sizes=\"(max-width: 700px) 100vw, 700px\" \/><\/figure>\n\n<figure class=\"wp-block-image size-full\"><img loading=\"lazy\" decoding=\"async\" width=\"700\" height=\"500\" class=\"wp-image-132\" src=\"https:\/\/swisslasik.ch\/wp-content\/uploads\/2025\/09\/csm_maslak_7_44478a86a8.jpg\" alt=\"\" srcset=\"https:\/\/swisslasik.ch\/wp-content\/uploads\/2025\/09\/csm_maslak_7_44478a86a8.jpg 700w, https:\/\/swisslasik.ch\/wp-content\/uploads\/2025\/09\/csm_maslak_7_44478a86a8-300x214.jpg 300w\" sizes=\"(max-width: 700px) 100vw, 700px\" \/><\/figure>\n\n<figure class=\"wp-block-image size-full\"><img loading=\"lazy\" decoding=\"async\" width=\"700\" height=\"500\" class=\"wp-image-133\" src=\"https:\/\/swisslasik.ch\/wp-content\/uploads\/2025\/09\/csm_maslak_8_78684a0e40.jpg\" alt=\"\" srcset=\"https:\/\/swisslasik.ch\/wp-content\/uploads\/2025\/09\/csm_maslak_8_78684a0e40.jpg 700w, https:\/\/swisslasik.ch\/wp-content\/uploads\/2025\/09\/csm_maslak_8_78684a0e40-300x214.jpg 300w\" sizes=\"(max-width: 700px) 100vw, 700px\" \/><\/figure>\n\n<figure class=\"wp-block-image size-full\"><img loading=\"lazy\" decoding=\"async\" width=\"700\" height=\"500\" class=\"wp-image-134\" src=\"https:\/\/swisslasik.ch\/wp-content\/uploads\/2025\/09\/csm_maslak_9_5071ae5f0b.jpg\" alt=\"\" srcset=\"https:\/\/swisslasik.ch\/wp-content\/uploads\/2025\/09\/csm_maslak_9_5071ae5f0b.jpg 700w, https:\/\/swisslasik.ch\/wp-content\/uploads\/2025\/09\/csm_maslak_9_5071ae5f0b-300x214.jpg 300w\" sizes=\"(max-width: 700px) 100vw, 700px\" \/><\/figure>\n\n<figure class=\"wp-block-image size-full\"><img loading=\"lazy\" decoding=\"async\" width=\"700\" height=\"500\" class=\"wp-image-135\" src=\"https:\/\/swisslasik.ch\/wp-content\/uploads\/2025\/09\/csm_maslak_18_75565047e2.jpg\" alt=\"\" srcset=\"https:\/\/swisslasik.ch\/wp-content\/uploads\/2025\/09\/csm_maslak_18_75565047e2.jpg 700w, https:\/\/swisslasik.ch\/wp-content\/uploads\/2025\/09\/csm_maslak_18_75565047e2-300x214.jpg 300w\" sizes=\"(max-width: 700px) 100vw, 700px\" \/><\/figure>\n\n<figure class=\"wp-block-image size-full\"><img loading=\"lazy\" decoding=\"async\" width=\"700\" height=\"500\" class=\"wp-image-136\" src=\"https:\/\/swisslasik.ch\/wp-content\/uploads\/2025\/09\/csm_maslak_19_1eb11826b2.jpg\" alt=\"\" srcset=\"https:\/\/swisslasik.ch\/wp-content\/uploads\/2025\/09\/csm_maslak_19_1eb11826b2.jpg 700w, https:\/\/swisslasik.ch\/wp-content\/uploads\/2025\/09\/csm_maslak_19_1eb11826b2-300x214.jpg 300w\" sizes=\"(max-width: 700px) 100vw, 700px\" \/><\/figure>\n\n<figure class=\"wp-block-image size-full\"><img loading=\"lazy\" decoding=\"async\" width=\"700\" height=\"500\" class=\"wp-image-137\" src=\"https:\/\/swisslasik.ch\/wp-content\/uploads\/2025\/09\/csm_maslak_21_07b55cf311.jpg\" alt=\"\" srcset=\"https:\/\/swisslasik.ch\/wp-content\/uploads\/2025\/09\/csm_maslak_21_07b55cf311.jpg 700w, https:\/\/swisslasik.ch\/wp-content\/uploads\/2025\/09\/csm_maslak_21_07b55cf311-300x214.jpg 300w\" sizes=\"(max-width: 700px) 100vw, 700px\" \/><\/figure>\n\n<figure class=\"wp-block-image size-full\"><img loading=\"lazy\" decoding=\"async\" width=\"700\" height=\"500\" class=\"wp-image-138\" src=\"https:\/\/swisslasik.ch\/wp-content\/uploads\/2025\/09\/csm_maslak_24_373fde55a5.jpg\" alt=\"\" srcset=\"https:\/\/swisslasik.ch\/wp-content\/uploads\/2025\/09\/csm_maslak_24_373fde55a5.jpg 700w, https:\/\/swisslasik.ch\/wp-content\/uploads\/2025\/09\/csm_maslak_24_373fde55a5-300x214.jpg 300w\" sizes=\"(max-width: 700px) 100vw, 700px\" \/><\/figure>\n\n<figure class=\"wp-block-image size-full\"><img loading=\"lazy\" decoding=\"async\" width=\"700\" height=\"500\" class=\"wp-image-139\" src=\"https:\/\/swisslasik.ch\/wp-content\/uploads\/2025\/09\/csm_maslak_25_748c396aa4.jpg\" alt=\"\" srcset=\"https:\/\/swisslasik.ch\/wp-content\/uploads\/2025\/09\/csm_maslak_25_748c396aa4.jpg 700w, https:\/\/swisslasik.ch\/wp-content\/uploads\/2025\/09\/csm_maslak_25_748c396aa4-300x214.jpg 300w\" sizes=\"(max-width: 700px) 100vw, 700px\" \/><\/figure>\n\n<figure class=\"wp-block-image size-full\"><img loading=\"lazy\" decoding=\"async\" width=\"700\" height=\"500\" class=\"wp-image-142\" src=\"https:\/\/swisslasik.ch\/wp-content\/uploads\/2025\/09\/csm_maslak_27_d42b9900d3-1.jpg\" alt=\"\" srcset=\"https:\/\/swisslasik.ch\/wp-content\/uploads\/2025\/09\/csm_maslak_27_d42b9900d3-1.jpg 700w, https:\/\/swisslasik.ch\/wp-content\/uploads\/2025\/09\/csm_maslak_27_d42b9900d3-1-300x214.jpg 300w\" sizes=\"(max-width: 700px) 100vw, 700px\" \/><\/figure>\n\n<p> <\/p>\n\n<figure class=\"wp-block-image size-full\"><img loading=\"lazy\" decoding=\"async\" width=\"150\" height=\"189\" class=\"wp-image-125\" src=\"https:\/\/swisslasik.ch\/wp-content\/uploads\/2025\/09\/banu_cosar_k_1_.jpg\" alt=\"\"><\/figure>\n\t\t\t\t\t\t\t\t<\/div>\n\t\t\t\t\t<\/div>\n\t\t\t\t<\/div>\n\t\t\t\t<\/div>\n\t\t","protected":false},"excerpt":{"rendered":"<p>\u0130stanbul&#8217;da Lasik Fiyatlar Ac\u0131badem G\u00f6z Klini\u011fi Birinci G\u00f6z Klini\u011fi Bati G\u00f6z Klini\u011fi teknoloji \u0130stanbul&#8217;daki ACIBADEM g\u00f6z lazer klini\u011fi Swisslasik, d\u00fcnyan\u0131n en prestijli ve en iyi lazer g\u00f6z kliniklerinden biri olan Ac\u0131badem Hastanesi&#8217;nde g\u00f6z ameliyat\u0131 olman\u0131za olanak tan\u0131r. Ac\u0131badem g\u00f6z lazer klini\u011fi \u0130stanbul Ac\u0131badem Hastanesi, ABD JCI (Joint Commission International) taraf\u0131ndan sertifikaland\u0131r\u0131lm\u0131\u015ft\u0131r. Uluslararas\u0131 klinikler aras\u0131nda bir \u00f6l\u00e7\u00fct niteli\u011findedir ve \u00e7ok kapsaml\u0131 kriterlerin kar\u015f\u0131lanmas\u0131 gerekmektedir. Bu hastane bu kriterleri kar\u015f\u0131lamakta olup Avrupa&#8217;n\u0131n en b\u00fcy\u00fck ve en modern \u00f6zel hastaneleri aras\u0131ndad\u0131r. Birinci s\u0131n\u0131f ekipman, kusursuz hijyen ve son derece deneyimli refraktif cerrahlar\u0131n yan\u0131 s\u0131ra, Acibadem, Almanya&#8217;n\u0131n Erlangen \u015fehrinde bulunan Wavelight ALLEGRETTO Wave EYE Q \u015firketinin en yeni lazer teknolojisine de sahiptir. Bu, enstit\u00fcn\u00fcn teknolojik geli\u015fmelerin \u00f6n saflar\u0131nda yer almas\u0131n\u0131 sa\u011flar. Ac\u0131badem, y\u0131llard\u0131r tedavileriyle hastalar\u0131n en y\u00fcksek beklentilerini kar\u015f\u0131lamakta ve her a\u00e7\u0131dan y\u00fcksek kaliteli tedavi garantisi vermektedir. Ac\u0131badem, son derece hijyenik bir ortamda steril lazer tedavisi sunmakta ve en modern tedavi odalar\u0131na sahiptir. \u00c7ift b\u00f6lgeli klima ve kesintisiz g\u00fc\u00e7 kayna\u011f\u0131 sayesinde hastalar kendilerini g\u00fcvende ve rahat hissederler. Maksimum g\u00fcvenlik garantilidir. Ac\u0131badem&#8217;de sadece LASIK ameliyat\u0131 i\u00e7in kesinlikle uygun aday olan hastalar ameliyat edilir. Kapsaml\u0131 hasta e\u011fitimi, g\u00fcvenin devam\u0131 ve dolay\u0131s\u0131yla tedavinin ba\u015far\u0131s\u0131 i\u00e7in en \u00f6nemli \u00f6n ko\u015fuldur. G\u00f6rme bozukluklar\u0131n\u0131n tedavisinde yaln\u0131zca en son teknolojiye sahip ekipmanlar kullan\u0131lmaktad\u0131r. ALLEGRO Topolizer ALLEGRETTO WAVE Eye-Q 400Hz Femto Lazer Teknolojileri Cihazlar hakk\u0131nda daha fazla bilgiye buradan ula\u015fabilirsiniz. Ac\u0131badem, hastalara \u00f6m\u00fcr boyu yaz\u0131l\u0131 garanti sunmaktad\u0131r. \u0130lk ameliyattan sonra, gerekli t\u00fcm takip tedavileri \u00f6m\u00fcr boyu \u00fccretsiz olarak sa\u011flanacakt\u0131r. Hastalar\u0131n ihtiya\u00e7lar\u0131 her \u015feyden \u00f6nce gelir. Bu nedenle, en iyi tedavi y\u00f6ntemleri mali kriterlerden daha \u00f6nceliklidir. \u00d6zenli tedavisi i\u00e7in doktora te\u015fekk\u00fcr ederim. Dr. Banu Cosar bug\u00fcne kadar 10.000&#8217;den fazla lazer g\u00f6z ameliyat\u0131n\u0131 ba\u015far\u0131yla ger\u00e7ekle\u015ftirmi\u015f olup, bu alanda en iyilerden biridir. Dr. Banu Cosar, Amerika Birle\u015fik Devletleri&#8217;ndeki Wills Eye Hastanesi&#8217;nde de \u00e7al\u0131\u015fm\u0131\u015ft\u0131r. E\u011fitimini T\u00fcrkiye&#8217;nin en iyi \u00fcniversitelerinden biri olan Hacettepe \u00dcniversitesi&#8217;nde ve Ankara&#8217;daki Numune Ara\u015ft\u0131rma ve E\u011fitim Hastanesi&#8217;nde tamamlam\u0131\u015ft\u0131r. \u0130stanbul Ac\u0131badem G\u00f6z Merkezi&#8217;nde Oftalmoloji Asistan Do\u00e7enti olarak g\u00f6rev yapmaktad\u0131r. Dr. Cosar, T\u00fcrkiye&#8217;nin \u00f6nde gelen lazer g\u00f6z cerrahlar\u0131ndan biridir ve bir\u00e7ok cerrah\u0131 da bizzat yeti\u015ftirmektedir. Bu son derece deneyimli hekim, uluslararas\u0131 medyada ve kitaplarda 90&#8217;dan fazla makale, \u00f6zet ve k\u0131sa metin yay\u0131nlam\u0131\u015ft\u0131r. S\u0131kl\u0131kla uluslararas\u0131 konferanslara konu\u015fmac\u0131 olarak davet edilmekte ve iki oftalmoloji dergisine yaz\u0131lar yazmaktad\u0131r. Ayr\u0131ca \u00e7ok say\u0131da televizyon program\u0131nda da r\u00f6portaj vermi\u015ftir. \u00d6zge\u00e7mi\u015fine buradan ula\u015fabilirsiniz. Burada hastanenin sanal turunu yapabilirsiniz. Haz\u0131r m\u0131s\u0131n\u0131z? Kendiniz g\u00f6r\u00fcn! HASTANEDEN DAHA FAZLA FOTO\u011eRAF<\/p>\n","protected":false},"author":4,"featured_media":0,"parent":3596,"menu_order":0,"comment_status":"closed","ping_status":"closed","template":"","meta":{"_joinchat":[],"footnotes":""},"class_list":["post-3619","page","type-page","status-publish","hentry"],"acf":[],"_links":{"self":[{"href":"https:\/\/swisslasik.ch\/tr\/wp-json\/wp\/v2\/pages\/3619","targetHints":{"allow":["GET"]}}],"collection":[{"href":"https:\/\/swisslasik.ch\/tr\/wp-json\/wp\/v2\/pages"}],"about":[{"href":"https:\/\/swisslasik.ch\/tr\/wp-json\/wp\/v2\/types\/page"}],"author":[{"embeddable":true,"href":"https:\/\/swisslasik.ch\/tr\/wp-json\/wp\/v2\/users\/4"}],"replies":[{"embeddable":true,"href":"https:\/\/swisslasik.ch\/tr\/wp-json\/wp\/v2\/comments?post=3619"}],"version-history":[{"count":3,"href":"https:\/\/swisslasik.ch\/tr\/wp-json\/wp\/v2\/pages\/3619\/revisions"}],"predecessor-version":[{"id":3623,"href":"https:\/\/swisslasik.ch\/tr\/wp-json\/wp\/v2\/pages\/3619\/revisions\/3623"}],"up":[{"embeddable":true,"href":"https:\/\/swisslasik.ch\/tr\/wp-json\/wp\/v2\/pages\/3596"}],"wp:attachment":[{"href":"https:\/\/swisslasik.ch\/tr\/wp-json\/wp\/v2\/media?parent=3619"}],"curies":[{"name":"wp","href":"https:\/\/api.w.org\/{rel}","templated":true}]}}