{"id":3626,"date":"2025-09-17T13:08:03","date_gmt":"2025-09-17T12:08:03","guid":{"rendered":"https:\/\/swisslasik.ch\/lasik-istanbulda-lasik-tuerkiye-lazer-goez-cerrahisi\/bati-goez-klinigi\/"},"modified":"2026-01-08T17:04:36","modified_gmt":"2026-01-08T16:04:36","slug":"bati-goez-klinigi","status":"publish","type":"page","link":"https:\/\/swisslasik.ch\/tr\/lasik-istanbulda-lasik-tuerkiye-lazer-goez-cerrahisi\/bati-goez-klinigi\/","title":{"rendered":"Bati G\u00f6z Klini\u011fi"},"content":{"rendered":"\t\t<div data-elementor-type=\"wp-page\" data-elementor-id=\"3626\" class=\"elementor elementor-3626 elementor-20\" data-elementor-post-type=\"page\">\n\t\t\t\t<div class=\"elementor-element elementor-element-24c9622d e-flex e-con-boxed wpr-particle-no wpr-jarallax-no wpr-parallax-no wpr-sticky-section-no e-con e-parent\" data-id=\"24c9622d\" data-element_type=\"container\" data-e-type=\"container\">\n\t\t\t\t\t<div class=\"e-con-inner\">\n\t\t<div class=\"elementor-element elementor-element-71e4070 e-con-full e-flex wpr-particle-no wpr-jarallax-no wpr-parallax-no wpr-sticky-section-no e-con e-child\" data-id=\"71e4070\" data-element_type=\"container\" data-e-type=\"container\">\n\t\t\t\t<div class=\"elementor-element elementor-element-ec3e797 elementor-widget elementor-widget-button\" data-id=\"ec3e797\" data-element_type=\"widget\" data-e-type=\"widget\" data-widget_type=\"button.default\">\n\t\t\t\t\t\t\t\t\t\t<a class=\"elementor-button elementor-button-link elementor-size-sm\" href=\"https:\/\/swisslasik.ch\/tr\/lasik-istanbulda-lasik-tuerkiye-lazer-goez-cerrahisi\/\">\n\t\t\t\t\t\t<span class=\"elementor-button-content-wrapper\">\n\t\t\t\t\t\t\t\t\t<span class=\"elementor-button-text\">\u0130stanbul'da Lasik<\/span>\n\t\t\t\t\t<\/span>\n\t\t\t\t\t<\/a>\n\t\t\t\t\t\t\t\t<\/div>\n\t\t\t\t<div class=\"elementor-element elementor-element-db1c6e8 elementor-widget elementor-widget-button\" data-id=\"db1c6e8\" data-element_type=\"widget\" data-e-type=\"widget\" data-widget_type=\"button.default\">\n\t\t\t\t\t\t\t\t\t\t<a class=\"elementor-button elementor-button-link elementor-size-sm\" href=\"https:\/\/swisslasik.ch\/lasik-in-istanbul\/preise\/\">\n\t\t\t\t\t\t<span class=\"elementor-button-content-wrapper\">\n\t\t\t\t\t\t\t\t\t<span class=\"elementor-button-text\">Fiyatlar<\/span>\n\t\t\t\t\t<\/span>\n\t\t\t\t\t<\/a>\n\t\t\t\t\t\t\t\t<\/div>\n\t\t\t\t<div class=\"elementor-element elementor-element-f607098 elementor-widget elementor-widget-button\" data-id=\"f607098\" data-element_type=\"widget\" data-e-type=\"widget\" data-widget_type=\"button.default\">\n\t\t\t\t\t\t\t\t\t\t<a class=\"elementor-button elementor-button-link elementor-size-sm\" href=\"https:\/\/swisslasik.ch\/tr\/lasik-istanbulda-lasik-tuerkiye-lazer-goez-cerrahisi\/acibadem-goez-klinigi\/\">\n\t\t\t\t\t\t<span class=\"elementor-button-content-wrapper\">\n\t\t\t\t\t\t\t\t\t<span class=\"elementor-button-text\">Ac\u0131badem G\u00f6z Klini\u011fi<\/span>\n\t\t\t\t\t<\/span>\n\t\t\t\t\t<\/a>\n\t\t\t\t\t\t\t\t<\/div>\n\t\t\t\t<div class=\"elementor-element elementor-element-6aa5e48 elementor-widget elementor-widget-button\" data-id=\"6aa5e48\" data-element_type=\"widget\" data-e-type=\"widget\" data-widget_type=\"button.default\">\n\t\t\t\t\t\t\t\t\t\t<a class=\"elementor-button elementor-button-link elementor-size-sm\" href=\"https:\/\/swisslasik.ch\/lasik-in-istanbul\/birinci-augenklinik\/\">\n\t\t\t\t\t\t<span class=\"elementor-button-content-wrapper\">\n\t\t\t\t\t\t\t\t\t<span class=\"elementor-button-text\">Birinci G\u00f6z Klini\u011fi<\/span>\n\t\t\t\t\t<\/span>\n\t\t\t\t\t<\/a>\n\t\t\t\t\t\t\t\t<\/div>\n\t\t\t\t<div class=\"elementor-element elementor-element-d832de8 elementor-widget elementor-widget-button\" data-id=\"d832de8\" data-element_type=\"widget\" data-e-type=\"widget\" data-widget_type=\"button.default\">\n\t\t\t\t\t\t\t\t\t\t<a class=\"elementor-button elementor-button-link elementor-size-sm\" href=\"https:\/\/swisslasik.ch\/tr\/lasik-istanbulda-lasik-tuerkiye-lazer-goez-cerrahisi\/bati-goez-klinigi\/\">\n\t\t\t\t\t\t<span class=\"elementor-button-content-wrapper\">\n\t\t\t\t\t\t\t\t\t<span class=\"elementor-button-text\">Bati G\u00f6z Klini\u011fi<\/span>\n\t\t\t\t\t<\/span>\n\t\t\t\t\t<\/a>\n\t\t\t\t\t\t\t\t<\/div>\n\t\t\t\t<div class=\"elementor-element elementor-element-e4588ea elementor-widget elementor-widget-button\" data-id=\"e4588ea\" data-element_type=\"widget\" data-e-type=\"widget\" data-widget_type=\"button.default\">\n\t\t\t\t\t\t\t\t\t\t<a class=\"elementor-button elementor-button-link elementor-size-sm\" href=\"https:\/\/swisslasik.ch\/tr\/lasik-teklifi\/antalyada-lasik-lazer-goez-ameliyati\/teknoloji\/\">\n\t\t\t\t\t\t<span class=\"elementor-button-content-wrapper\">\n\t\t\t\t\t\t\t\t\t<span class=\"elementor-button-text\">teknoloji<\/span>\n\t\t\t\t\t<\/span>\n\t\t\t\t\t<\/a>\n\t\t\t\t\t\t\t\t<\/div>\n\t\t\t\t<\/div>\n\t\t\t\t<div class=\"elementor-element elementor-element-268f4752 elementor-widget elementor-widget-text-editor\" data-id=\"268f4752\" data-element_type=\"widget\" data-e-type=\"widget\" data-widget_type=\"text-editor.default\">\n\t\t\t\t\t\t\t\t\t\n<h2 class=\"wp-block-heading\">\u0130STANBUL&#8217;DA RELEX SMILE LASIK<\/h2>\n\n<p>\u0130stanbul&#8217;daki BATI G\u00d6Z g\u00f6z klini\u011fi, T\u00fcrkiye&#8217;nin en iyi g\u00f6z kliniklerinden biridir.<\/p>\n\n<p>\u0130stanbul&#8217;daki &#8220;BATI G\u00d6Z&#8221; G\u00f6z Klini\u011fi, Bo\u011faz&#8217;daki en modern ve en b\u00fcy\u00fck g\u00f6z kliniklerinden biridir. Carl Zeiss taraf\u0131ndan &#8220;M\u00fckemmellik Sertifikas\u0131&#8221; ile onaylanan tek t\u0131p kurumudur. Her y\u0131l yakla\u015f\u0131k 5.000 hasta, y\u00fcksek nitelikli doktorlar taraf\u0131ndan ba\u015far\u0131yla tedavi edilmektedir. Klinik grubu, \u00e7ok \u00e7e\u015fitli oftalmolojik disiplinlerde uzmanla\u015fm\u0131\u015f yetkin bir sa\u011fl\u0131k kadrosuna sahiptir.   <\/p>\n\n<p>Bati G\u00f6z Klini\u011fi, en yeni lazer g\u00f6z ameliyat\u0131 y\u00f6ntemi olan ReLex Smile Lasik&#8217;i de ba\u015far\u0131yla sunmaktad\u0131r.<\/p>\n\n<p><strong>ReLEx SMILE LASIK nedir?<\/strong><br>ReLEx\u00ae SMILE, yaln\u0131zca tek bir lazer kullan\u0131larak ger\u00e7ekle\u015ftirilen ilk lazer g\u00f6z ameliyat\u0131d\u0131r: VisuMax femtosaniye lazer. \u0130\u015flem a\u011fr\u0131s\u0131zd\u0131r ve LASIK&#8217;te oldu\u011fu gibi flep gerektirmez. <\/p>\n\n<p>\u00d6ncelikle kornean\u0131n i\u00e7 k\u0131sm\u0131nda yer alan doku par\u00e7as\u0131 yani lentik\u00fcl, VisuMax femtosaniye lazer ile haz\u0131rlan\u0131r. Bu s\u0131rada parlak bir \u0131\u015f\u0131k noktas\u0131 g\u00f6r\u00fcrs\u00fcn\u00fcz ancak neredeyse hi\u00e7bir \u015fey hissetmezsiniz. Lentik\u00fcl haz\u0131rland\u0131ktan hemen sonra, yine VisuMax ile 2\u20133 mm b\u00fcy\u00fckl\u00fc\u011f\u00fcnde k\u00fc\u00e7\u00fck bir giri\u015f a\u00e7\u0131l\u0131r. Cerrah bu a\u00e7\u0131kl\u0131ktan lentik\u00fcl\u00fc serbestle\u015ftirir ve dikkatlice d\u0131\u015far\u0131 al\u0131r. Ard\u0131ndan k\u00fc\u00e7\u00fck kesi yeri tekrar kontrol edilir. \u0130\u015flem sonras\u0131nda, \u00e7o\u011fu hastada oldu\u011fu gibi, s\u00fcrecin ne kadar h\u0131zl\u0131 ge\u00e7ti\u011fine ve neredeyse hi\u00e7bir \u015fey hissetmedi\u011finize \u015fa\u015f\u0131r\u0131rs\u0131n\u0131z. A\u00e7\u0131kl\u0131\u011f\u0131n \u00e7ok k\u00fc\u00e7\u00fck olmas\u0131 sayesinde ameliyat sonras\u0131 \u00f6zel bir k\u0131s\u0131tlama gerekmez; genellikle ertesi g\u00fcn spor yapabilir, sa\u00e7\u0131n\u0131z\u0131 y\u0131kayabilir veya du\u015f alabilirsiniz.      <\/p>\n\n<p><strong>Doktorlar kimler?<br>Ameliyat doktoru Dr. Erc\u00fcment Bozkurt<\/strong><\/p>\n\n<figure class=\"wp-block-image size-full\"><img fetchpriority=\"high\" decoding=\"async\" width=\"768\" height=\"902\" class=\"wp-image-150\" src=\"https:\/\/swisslasik.ch\/wp-content\/uploads\/2025\/09\/Ercument_Bozkurt_Bati_Augen-768x902-1.webp\" alt=\"\" srcset=\"https:\/\/swisslasik.ch\/wp-content\/uploads\/2025\/09\/Ercument_Bozkurt_Bati_Augen-768x902-1.webp 768w, https:\/\/swisslasik.ch\/wp-content\/uploads\/2025\/09\/Ercument_Bozkurt_Bati_Augen-768x902-1-255x300.webp 255w\" sizes=\"(max-width: 768px) 100vw, 768px\" \/><\/figure>\n\n<p id=\"caption-attachment-6630\">OP. Dr. Erc\u00fcment Bozkurt<\/p>\n\n<p>Maliyetler<br>Femto Lasik: 1425 \u20ac<br>ReLEx Smile Lasik: 2399 \u20ac<\/p>\n\n<p><strong>A\u015fa\u011f\u0131daki hizmetler bu fiyatlara dahildir:<\/strong><\/p>\n\n<ul class=\"wp-block-list\">\n<li>Her iki g\u00f6z i\u00e7in tedaviler, tedavi \u00f6ncesi ve sonras\u0131 kontroller<\/li>\n\n<li>Havaliman\u0131, klinik ve otel aras\u0131nda transferler.<\/li>\n\n<li>Anla\u015fmal\u0131 otelde iki gece konaklama ve kahvalt\u0131 dahil. <\/li>\n\n<li>\u0130lk g\u00f6z damlas\u0131<\/li>\n<\/ul>\n\n<p>Sorular\u0131n\u0131z m\u0131 var? <a href=\"https:\/\/swisslasik.ch\/tr\/iletisim\/\" data-type=\"page\" data-id=\"97\">Bug\u00fcn bizimle ileti\u015fime ge\u00e7in<\/a>. Sizden haber bekliyoruz. <\/p>\n\n<figure class=\"wp-block-image size-full\"><img decoding=\"async\" width=\"408\" height=\"300\" class=\"wp-image-149\" src=\"https:\/\/swisslasik.ch\/wp-content\/uploads\/2025\/09\/csm_Bati-Goez_2_5acf9da4b4.jpg\" alt=\"\" srcset=\"https:\/\/swisslasik.ch\/wp-content\/uploads\/2025\/09\/csm_Bati-Goez_2_5acf9da4b4.jpg 408w, https:\/\/swisslasik.ch\/wp-content\/uploads\/2025\/09\/csm_Bati-Goez_2_5acf9da4b4-300x221.jpg 300w\" sizes=\"(max-width: 408px) 100vw, 408px\" \/><\/figure>\n\n<p id=\"caption-attachment-180\">\u0130stanbul&#8217;daki Bati G\u00f6z Klini\u011fi<\/p>\n\n<h3 class=\"wp-block-heading\"><a href=\"https:\/\/www.youtube.com\/watch?v=Hjs4W3i1w4I\" target=\"_blank\" rel=\"noreferrer noopener nofollow\">RELEX SMILE LASIK NASIL \u00c7ALI\u015eIR MI?<\/a><\/h3>\n\t\t\t\t\t\t\t\t<\/div>\n\t\t\t\t<div class=\"elementor-element elementor-element-04629f8 elementor-widget elementor-widget-video\" data-id=\"04629f8\" data-element_type=\"widget\" data-e-type=\"widget\" data-settings=\"{&quot;youtube_url&quot;:&quot;https:\\\/\\\/www.youtube.com\\\/watch?v=Hjs4W3i1w4I&quot;,&quot;video_type&quot;:&quot;youtube&quot;,&quot;controls&quot;:&quot;yes&quot;}\" data-widget_type=\"video.default\">\n\t\t\t\t\t\t\t<div class=\"elementor-wrapper elementor-open-inline\">\n\t\t\t<div class=\"elementor-video\"><\/div>\t\t<\/div>\n\t\t\t\t\t\t<\/div>\n\t\t\t\t\t<\/div>\n\t\t\t\t<\/div>\n\t\t\t\t<\/div>\n\t\t","protected":false},"excerpt":{"rendered":"<p>\u0130stanbul&#8217;da Lasik Fiyatlar Ac\u0131badem G\u00f6z Klini\u011fi Birinci G\u00f6z Klini\u011fi Bati G\u00f6z Klini\u011fi teknoloji \u0130STANBUL&#8217;DA RELEX SMILE LASIK \u0130stanbul&#8217;daki BATI G\u00d6Z g\u00f6z klini\u011fi, T\u00fcrkiye&#8217;nin en iyi g\u00f6z kliniklerinden biridir. \u0130stanbul&#8217;daki &#8220;BATI G\u00d6Z&#8221; G\u00f6z Klini\u011fi, Bo\u011faz&#8217;daki en modern ve en b\u00fcy\u00fck g\u00f6z kliniklerinden biridir. Carl Zeiss taraf\u0131ndan &#8220;M\u00fckemmellik Sertifikas\u0131&#8221; ile onaylanan tek t\u0131p kurumudur. Her y\u0131l yakla\u015f\u0131k 5.000 hasta, y\u00fcksek nitelikli doktorlar taraf\u0131ndan ba\u015far\u0131yla tedavi edilmektedir. Klinik grubu, \u00e7ok \u00e7e\u015fitli oftalmolojik disiplinlerde uzmanla\u015fm\u0131\u015f yetkin bir sa\u011fl\u0131k kadrosuna sahiptir. Bati G\u00f6z Klini\u011fi, en yeni lazer g\u00f6z ameliyat\u0131 y\u00f6ntemi olan ReLex Smile Lasik&#8217;i de ba\u015far\u0131yla sunmaktad\u0131r. ReLEx SMILE LASIK nedir?ReLEx\u00ae SMILE, yaln\u0131zca tek bir lazer kullan\u0131larak ger\u00e7ekle\u015ftirilen ilk lazer g\u00f6z ameliyat\u0131d\u0131r: VisuMax femtosaniye lazer. \u0130\u015flem a\u011fr\u0131s\u0131zd\u0131r ve LASIK&#8217;te oldu\u011fu gibi flep gerektirmez. \u00d6ncelikle kornean\u0131n i\u00e7 k\u0131sm\u0131nda yer alan doku par\u00e7as\u0131 yani lentik\u00fcl, VisuMax femtosaniye lazer ile haz\u0131rlan\u0131r. Bu s\u0131rada parlak bir \u0131\u015f\u0131k noktas\u0131 g\u00f6r\u00fcrs\u00fcn\u00fcz ancak neredeyse hi\u00e7bir \u015fey hissetmezsiniz. Lentik\u00fcl haz\u0131rland\u0131ktan hemen sonra, yine VisuMax ile 2\u20133 mm b\u00fcy\u00fckl\u00fc\u011f\u00fcnde k\u00fc\u00e7\u00fck bir giri\u015f a\u00e7\u0131l\u0131r. Cerrah bu a\u00e7\u0131kl\u0131ktan lentik\u00fcl\u00fc serbestle\u015ftirir ve dikkatlice d\u0131\u015far\u0131 al\u0131r. Ard\u0131ndan k\u00fc\u00e7\u00fck kesi yeri tekrar kontrol edilir. \u0130\u015flem sonras\u0131nda, \u00e7o\u011fu hastada oldu\u011fu gibi, s\u00fcrecin ne kadar h\u0131zl\u0131 ge\u00e7ti\u011fine ve neredeyse hi\u00e7bir \u015fey hissetmedi\u011finize \u015fa\u015f\u0131r\u0131rs\u0131n\u0131z. A\u00e7\u0131kl\u0131\u011f\u0131n \u00e7ok k\u00fc\u00e7\u00fck olmas\u0131 sayesinde ameliyat sonras\u0131 \u00f6zel bir k\u0131s\u0131tlama gerekmez; genellikle ertesi g\u00fcn spor yapabilir, sa\u00e7\u0131n\u0131z\u0131 y\u0131kayabilir veya du\u015f alabilirsiniz. Doktorlar kimler?Ameliyat doktoru Dr. Erc\u00fcment Bozkurt OP. Dr. Erc\u00fcment Bozkurt MaliyetlerFemto Lasik: 1425 \u20acReLEx Smile Lasik: 2399 \u20ac A\u015fa\u011f\u0131daki hizmetler bu fiyatlara dahildir: Her iki g\u00f6z i\u00e7in tedaviler, tedavi \u00f6ncesi ve sonras\u0131 kontroller Havaliman\u0131, klinik ve otel aras\u0131nda transferler. Anla\u015fmal\u0131 otelde iki gece konaklama ve kahvalt\u0131 dahil. \u0130lk g\u00f6z damlas\u0131 Sorular\u0131n\u0131z m\u0131 var? Bug\u00fcn bizimle ileti\u015fime ge\u00e7in. Sizden haber bekliyoruz. \u0130stanbul&#8217;daki Bati G\u00f6z Klini\u011fi RELEX SMILE LASIK NASIL \u00c7ALI\u015eIR MI?<\/p>\n","protected":false},"author":4,"featured_media":0,"parent":3596,"menu_order":0,"comment_status":"closed","ping_status":"closed","template":"","meta":{"_joinchat":[],"footnotes":""},"class_list":["post-3626","page","type-page","status-publish","hentry"],"acf":[],"_links":{"self":[{"href":"https:\/\/swisslasik.ch\/tr\/wp-json\/wp\/v2\/pages\/3626","targetHints":{"allow":["GET"]}}],"collection":[{"href":"https:\/\/swisslasik.ch\/tr\/wp-json\/wp\/v2\/pages"}],"about":[{"href":"https:\/\/swisslasik.ch\/tr\/wp-json\/wp\/v2\/types\/page"}],"author":[{"embeddable":true,"href":"https:\/\/swisslasik.ch\/tr\/wp-json\/wp\/v2\/users\/4"}],"replies":[{"embeddable":true,"href":"https:\/\/swisslasik.ch\/tr\/wp-json\/wp\/v2\/comments?post=3626"}],"version-history":[{"count":3,"href":"https:\/\/swisslasik.ch\/tr\/wp-json\/wp\/v2\/pages\/3626\/revisions"}],"predecessor-version":[{"id":3629,"href":"https:\/\/swisslasik.ch\/tr\/wp-json\/wp\/v2\/pages\/3626\/revisions\/3629"}],"up":[{"embeddable":true,"href":"https:\/\/swisslasik.ch\/tr\/wp-json\/wp\/v2\/pages\/3596"}],"wp:attachment":[{"href":"https:\/\/swisslasik.ch\/tr\/wp-json\/wp\/v2\/media?parent=3626"}],"curies":[{"name":"wp","href":"https:\/\/api.w.org\/{rel}","templated":true}]}}