{"id":3632,"date":"2025-09-17T13:07:05","date_gmt":"2025-09-17T12:07:05","guid":{"rendered":"https:\/\/swisslasik.ch\/lasik-istanbulda-lasik-tuerkiye-lazer-goez-cerrahisi\/birinci-augenklinik-istanbul\/"},"modified":"2026-01-08T17:07:33","modified_gmt":"2026-01-08T16:07:33","slug":"birinci-augenklinik-istanbul","status":"publish","type":"page","link":"https:\/\/swisslasik.ch\/tr\/lasik-istanbulda-lasik-tuerkiye-lazer-goez-cerrahisi\/birinci-augenklinik-istanbul\/","title":{"rendered":"Birinci Augenklinik Istanbul"},"content":{"rendered":"\t\t<div data-elementor-type=\"wp-page\" data-elementor-id=\"3632\" class=\"elementor elementor-3632 elementor-18\" data-elementor-post-type=\"page\">\n\t\t\t\t<div class=\"elementor-element elementor-element-6e2037e2 e-flex e-con-boxed wpr-particle-no wpr-jarallax-no wpr-parallax-no wpr-sticky-section-no e-con e-parent\" data-id=\"6e2037e2\" data-element_type=\"container\" data-e-type=\"container\">\n\t\t\t\t\t<div class=\"e-con-inner\">\n\t\t<div class=\"elementor-element elementor-element-85015e8 e-con-full e-flex wpr-particle-no wpr-jarallax-no wpr-parallax-no wpr-sticky-section-no e-con e-child\" data-id=\"85015e8\" data-element_type=\"container\" data-e-type=\"container\">\n\t\t\t\t<div class=\"elementor-element elementor-element-5bdbd65 elementor-widget elementor-widget-button\" data-id=\"5bdbd65\" data-element_type=\"widget\" data-e-type=\"widget\" data-widget_type=\"button.default\">\n\t\t\t\t\t\t\t\t\t\t<a class=\"elementor-button elementor-button-link elementor-size-sm\" href=\"https:\/\/swisslasik.ch\/tr\/lasik-istanbulda-lasik-tuerkiye-lazer-goez-cerrahisi\/\">\n\t\t\t\t\t\t<span class=\"elementor-button-content-wrapper\">\n\t\t\t\t\t\t\t\t\t<span class=\"elementor-button-text\">\u0130stanbul'da Lasik<\/span>\n\t\t\t\t\t<\/span>\n\t\t\t\t\t<\/a>\n\t\t\t\t\t\t\t\t<\/div>\n\t\t\t\t<div class=\"elementor-element elementor-element-9956368 elementor-widget elementor-widget-button\" data-id=\"9956368\" data-element_type=\"widget\" data-e-type=\"widget\" data-widget_type=\"button.default\">\n\t\t\t\t\t\t\t\t\t\t<a class=\"elementor-button elementor-button-link elementor-size-sm\" href=\"https:\/\/swisslasik.ch\/lasik-in-istanbul\/preise\/\">\n\t\t\t\t\t\t<span class=\"elementor-button-content-wrapper\">\n\t\t\t\t\t\t\t\t\t<span class=\"elementor-button-text\">Fiyatlar<\/span>\n\t\t\t\t\t<\/span>\n\t\t\t\t\t<\/a>\n\t\t\t\t\t\t\t\t<\/div>\n\t\t\t\t<div class=\"elementor-element elementor-element-de4b3c3 elementor-widget elementor-widget-button\" data-id=\"de4b3c3\" data-element_type=\"widget\" data-e-type=\"widget\" data-widget_type=\"button.default\">\n\t\t\t\t\t\t\t\t\t\t<a class=\"elementor-button elementor-button-link elementor-size-sm\" href=\"https:\/\/swisslasik.ch\/tr\/lasik-istanbulda-lasik-tuerkiye-lazer-goez-cerrahisi\/acibadem-goez-klinigi\/\">\n\t\t\t\t\t\t<span class=\"elementor-button-content-wrapper\">\n\t\t\t\t\t\t\t\t\t<span class=\"elementor-button-text\">Ac\u0131badem G\u00f6z Klini\u011fi<\/span>\n\t\t\t\t\t<\/span>\n\t\t\t\t\t<\/a>\n\t\t\t\t\t\t\t\t<\/div>\n\t\t\t\t<div class=\"elementor-element elementor-element-a53fa1c elementor-widget elementor-widget-button\" data-id=\"a53fa1c\" data-element_type=\"widget\" data-e-type=\"widget\" data-widget_type=\"button.default\">\n\t\t\t\t\t\t\t\t\t\t<a class=\"elementor-button elementor-button-link elementor-size-sm\" href=\"https:\/\/swisslasik.ch\/tr\/lasik-istanbulda-lasik-tuerkiye-lazer-goez-cerrahisi\/birinci-augenklinik-istanbul\/\">\n\t\t\t\t\t\t<span class=\"elementor-button-content-wrapper\">\n\t\t\t\t\t\t\t\t\t<span class=\"elementor-button-text\">Birinci G\u00f6z Klini\u011fi<\/span>\n\t\t\t\t\t<\/span>\n\t\t\t\t\t<\/a>\n\t\t\t\t\t\t\t\t<\/div>\n\t\t\t\t<div class=\"elementor-element elementor-element-2a8bbaa elementor-widget elementor-widget-button\" data-id=\"2a8bbaa\" data-element_type=\"widget\" data-e-type=\"widget\" data-widget_type=\"button.default\">\n\t\t\t\t\t\t\t\t\t\t<a class=\"elementor-button elementor-button-link elementor-size-sm\" href=\"https:\/\/swisslasik.ch\/tr\/lasik-istanbulda-lasik-tuerkiye-lazer-goez-cerrahisi\/bati-goez-klinigi\/\">\n\t\t\t\t\t\t<span class=\"elementor-button-content-wrapper\">\n\t\t\t\t\t\t\t\t\t<span class=\"elementor-button-text\">Bati G\u00f6z Klini\u011fi<\/span>\n\t\t\t\t\t<\/span>\n\t\t\t\t\t<\/a>\n\t\t\t\t\t\t\t\t<\/div>\n\t\t\t\t<div class=\"elementor-element elementor-element-9b9d542 elementor-widget elementor-widget-button\" data-id=\"9b9d542\" data-element_type=\"widget\" data-e-type=\"widget\" data-widget_type=\"button.default\">\n\t\t\t\t\t\t\t\t\t\t<a class=\"elementor-button elementor-button-link elementor-size-sm\" href=\"https:\/\/swisslasik.ch\/tr\/lasik-teklifi\/antalyada-lasik-lazer-goez-ameliyati\/teknoloji\/\">\n\t\t\t\t\t\t<span class=\"elementor-button-content-wrapper\">\n\t\t\t\t\t\t\t\t\t<span class=\"elementor-button-text\">teknoloji<\/span>\n\t\t\t\t\t<\/span>\n\t\t\t\t\t<\/a>\n\t\t\t\t\t\t\t\t<\/div>\n\t\t\t\t<\/div>\n\t\t\t\t<div class=\"elementor-element elementor-element-6bb093c5 elementor-widget elementor-widget-text-editor\" data-id=\"6bb093c5\" data-element_type=\"widget\" data-e-type=\"widget\" data-widget_type=\"text-editor.default\">\n\t\t\t\t\t\t\t\t\t\n<h2 class=\"wp-block-heading\">\u0130STANBUL&#8217;DAK\u0130 G\u00d6Z LAZER KL\u0130N\u0130\u011e\u0130<\/h2>\n\n<p><strong>\u0130stanbul&#8217;daki g\u00f6z lazer klini\u011fi<\/strong><\/p>\n\n<p>SwissLasik, d\u00fcnyan\u0131n en prestijli ve en iyi lazer g\u00f6z kliniklerinden biri olan Birinci G\u00f6z Klini\u011fi&#8217;nde g\u00f6z ameliyat\u0131 olman\u0131za olanak tan\u0131r.<\/p>\n\n<p>Klinikte 8 kat ve 11.000 m\u00b2 alana yay\u0131lm\u0131\u015f 25 muayene odas\u0131, 8 ameliyat odas\u0131 ve 41 yatak bulunmaktad\u0131r. Bunlar aras\u0131nda 5 y\u0131ld\u0131zl\u0131 otel konforunda VIP odalar da yer almaktad\u0131r. <\/p>\n\n<p>Birincig\u00f6z G\u00f6z Lazer Merkezi, cerrahi i\u015flemleri en g\u00fcvenli ve konforlu \u015fekilde ger\u00e7ekle\u015ftirmek i\u00e7in femtosaniye lazer ve VISX Star S4, Relex Smile gibi en modern teknolojik ekipmanlara sahiptir.<\/p>\n\n<p><strong>Kalite y\u00f6netimi<\/strong><\/p>\n\n<p>T\u00dcV taraf\u0131ndan verilen ISO 9001 sertifikas\u0131, yakla\u015f\u0131k 20 y\u0131ld\u0131r uygulanan, s\u00fcre\u00e7 odakl\u0131 bir kalite y\u00f6netim belgesidir. Bu sertifika esas olarak i\u015f s\u00fcre\u00e7lerinin optimize edilmesini ifade eder ve t\u0131bbi tedavinin kalitesi ya da kullan\u0131lan cihazlar\u0131n teknik seviyesi hakk\u0131nda do\u011frudan bilgi vermez. <\/p>\n\n<p>G\u00f6rme bozukluklar\u0131n\u0131n tedavisinde yaln\u0131zca en son teknolojiye sahip ekipmanlar kullan\u0131lmaktad\u0131r.<\/p>\n\n<ul class=\"wp-block-list\">\n<li>ALLEGRO Topolizer<\/li>\n\n<li>VISX Star S4 Excimer Laser<\/li>\n\n<li>Intralase Femto Lasik<\/li>\n\n<li><a href=\"https:\/\/swisslasik.ch\/tr\/lazer-goez-ameliyati-tuerkiye-istanbul\/relex-smile-lasik-tuerkei-istanbul-antalya-izmir\/\" data-type=\"page\" data-id=\"65\">Relex Smile (Visumax 800 Smile Pro)<\/a><\/li>\n<\/ul>\n\n<p>Amerikan \u015firketi VISX&#8217;in VISX Star S4 eksimer lazeri, y\u0131llard\u0131r lazer g\u00f6z ameliyatlar\u0131nda kullan\u0131lan en teknolojik ve s\u0131k tercih edilen lazer cihazlar\u0131 aras\u0131nda yer almaktad\u0131r. \u00c7ok say\u0131da \u00e7al\u0131\u015fma, VISX Star S4 eksimer lazerinin piyasadaki di\u011fer lazer sistemlerine k\u0131yasla \u00e7ok y\u00fcksek g\u00fcvenilirli\u011fini ve son derece do\u011frulu\u011funu do\u011frulamaktad\u0131r. Eksimer lazerin Intralase femtosaniye lazeriyle kombinasyonu, en modern lazer g\u00f6z tedavisi y\u00f6ntemi olan iLASIK veya ki\u015fiselle\u015ftirilmi\u015f LASIK&#8217;i ortaya \u00e7\u0131karmaktad\u0131r.   <\/p>\n\n<figure class=\"wp-block-image size-full\"><img fetchpriority=\"high\" decoding=\"async\" width=\"800\" height=\"540\" class=\"wp-image-145\" src=\"https:\/\/swisslasik.ch\/wp-content\/uploads\/2025\/09\/csm_42_487_329_90_Birinci_2f86ccce52.jpg\" alt=\"\" srcset=\"https:\/\/swisslasik.ch\/wp-content\/uploads\/2025\/09\/csm_42_487_329_90_Birinci_2f86ccce52.jpg 800w, https:\/\/swisslasik.ch\/wp-content\/uploads\/2025\/09\/csm_42_487_329_90_Birinci_2f86ccce52-300x203.jpg 300w, https:\/\/swisslasik.ch\/wp-content\/uploads\/2025\/09\/csm_42_487_329_90_Birinci_2f86ccce52-768x518.jpg 768w\" sizes=\"(max-width: 800px) 100vw, 800px\" \/><\/figure>\n\n<p id=\"caption-attachment-175\">\u0130stanbul&#8217;daki Birinci g\u00f6z lazer klini\u011fi<\/p>\n\n<p><strong>Ba\u015fhekim, g\u00f6sterdi\u011finiz \u00f6zenli tedavi i\u00e7in size te\u015fekk\u00fcr eder.<\/strong><\/p>\n\n<p>Prof. Dr. Faik Oru\u00e7o\u011flu bug\u00fcne kadar say\u0131s\u0131z lazer g\u00f6z ameliyat\u0131n\u0131 ba\u015far\u0131yla ger\u00e7ekle\u015ftirmi\u015f olup, bu alanda en iyilerden biridir.<\/p>\n\n<figure class=\"wp-block-image size-full\"><img decoding=\"async\" width=\"487\" height=\"273\" class=\"wp-image-146\" src=\"https:\/\/swisslasik.ch\/wp-content\/uploads\/2025\/09\/49_487_273_90_Birinci.jpg\" alt=\"\" srcset=\"https:\/\/swisslasik.ch\/wp-content\/uploads\/2025\/09\/49_487_273_90_Birinci.jpg 487w, https:\/\/swisslasik.ch\/wp-content\/uploads\/2025\/09\/49_487_273_90_Birinci-300x168.jpg 300w\" sizes=\"(max-width: 487px) 100vw, 487px\" \/><\/figure>\n\t\t\t\t\t\t\t\t<\/div>\n\t\t\t\t\t<\/div>\n\t\t\t\t<\/div>\n\t\t\t\t<\/div>\n\t\t","protected":false},"excerpt":{"rendered":"<p>\u0130stanbul&#8217;da Lasik Fiyatlar Ac\u0131badem G\u00f6z Klini\u011fi Birinci G\u00f6z Klini\u011fi Bati G\u00f6z Klini\u011fi teknoloji \u0130STANBUL&#8217;DAK\u0130 G\u00d6Z LAZER KL\u0130N\u0130\u011e\u0130 \u0130stanbul&#8217;daki g\u00f6z lazer klini\u011fi SwissLasik, d\u00fcnyan\u0131n en prestijli ve en iyi lazer g\u00f6z kliniklerinden biri olan Birinci G\u00f6z Klini\u011fi&#8217;nde g\u00f6z ameliyat\u0131 olman\u0131za olanak tan\u0131r. Klinikte 8 kat ve 11.000 m\u00b2 alana yay\u0131lm\u0131\u015f 25 muayene odas\u0131, 8 ameliyat odas\u0131 ve 41 yatak bulunmaktad\u0131r. Bunlar aras\u0131nda 5 y\u0131ld\u0131zl\u0131 otel konforunda VIP odalar da yer almaktad\u0131r. Birincig\u00f6z G\u00f6z Lazer Merkezi, cerrahi i\u015flemleri en g\u00fcvenli ve konforlu \u015fekilde ger\u00e7ekle\u015ftirmek i\u00e7in femtosaniye lazer ve VISX Star S4, Relex Smile gibi en modern teknolojik ekipmanlara sahiptir. Kalite y\u00f6netimi T\u00dcV taraf\u0131ndan verilen ISO 9001 sertifikas\u0131, yakla\u015f\u0131k 20 y\u0131ld\u0131r uygulanan, s\u00fcre\u00e7 odakl\u0131 bir kalite y\u00f6netim belgesidir. Bu sertifika esas olarak i\u015f s\u00fcre\u00e7lerinin optimize edilmesini ifade eder ve t\u0131bbi tedavinin kalitesi ya da kullan\u0131lan cihazlar\u0131n teknik seviyesi hakk\u0131nda do\u011frudan bilgi vermez. G\u00f6rme bozukluklar\u0131n\u0131n tedavisinde yaln\u0131zca en son teknolojiye sahip ekipmanlar kullan\u0131lmaktad\u0131r. ALLEGRO Topolizer VISX Star S4 Excimer Laser Intralase Femto Lasik Relex Smile (Visumax 800 Smile Pro) Amerikan \u015firketi VISX&#8217;in VISX Star S4 eksimer lazeri, y\u0131llard\u0131r lazer g\u00f6z ameliyatlar\u0131nda kullan\u0131lan en teknolojik ve s\u0131k tercih edilen lazer cihazlar\u0131 aras\u0131nda yer almaktad\u0131r. \u00c7ok say\u0131da \u00e7al\u0131\u015fma, VISX Star S4 eksimer lazerinin piyasadaki di\u011fer lazer sistemlerine k\u0131yasla \u00e7ok y\u00fcksek g\u00fcvenilirli\u011fini ve son derece do\u011frulu\u011funu do\u011frulamaktad\u0131r. Eksimer lazerin Intralase femtosaniye lazeriyle kombinasyonu, en modern lazer g\u00f6z tedavisi y\u00f6ntemi olan iLASIK veya ki\u015fiselle\u015ftirilmi\u015f LASIK&#8217;i ortaya \u00e7\u0131karmaktad\u0131r. \u0130stanbul&#8217;daki Birinci g\u00f6z lazer klini\u011fi Ba\u015fhekim, g\u00f6sterdi\u011finiz \u00f6zenli tedavi i\u00e7in size te\u015fekk\u00fcr eder. Prof. Dr. Faik Oru\u00e7o\u011flu bug\u00fcne kadar say\u0131s\u0131z lazer g\u00f6z ameliyat\u0131n\u0131 ba\u015far\u0131yla ger\u00e7ekle\u015ftirmi\u015f olup, bu alanda en iyilerden biridir.<\/p>\n","protected":false},"author":4,"featured_media":0,"parent":3596,"menu_order":0,"comment_status":"closed","ping_status":"closed","template":"","meta":{"_joinchat":[],"footnotes":""},"class_list":["post-3632","page","type-page","status-publish","hentry"],"acf":[],"_links":{"self":[{"href":"https:\/\/swisslasik.ch\/tr\/wp-json\/wp\/v2\/pages\/3632","targetHints":{"allow":["GET"]}}],"collection":[{"href":"https:\/\/swisslasik.ch\/tr\/wp-json\/wp\/v2\/pages"}],"about":[{"href":"https:\/\/swisslasik.ch\/tr\/wp-json\/wp\/v2\/types\/page"}],"author":[{"embeddable":true,"href":"https:\/\/swisslasik.ch\/tr\/wp-json\/wp\/v2\/users\/4"}],"replies":[{"embeddable":true,"href":"https:\/\/swisslasik.ch\/tr\/wp-json\/wp\/v2\/comments?post=3632"}],"version-history":[{"count":3,"href":"https:\/\/swisslasik.ch\/tr\/wp-json\/wp\/v2\/pages\/3632\/revisions"}],"predecessor-version":[{"id":3635,"href":"https:\/\/swisslasik.ch\/tr\/wp-json\/wp\/v2\/pages\/3632\/revisions\/3635"}],"up":[{"embeddable":true,"href":"https:\/\/swisslasik.ch\/tr\/wp-json\/wp\/v2\/pages\/3596"}],"wp:attachment":[{"href":"https:\/\/swisslasik.ch\/tr\/wp-json\/wp\/v2\/media?parent=3632"}],"curies":[{"name":"wp","href":"https:\/\/api.w.org\/{rel}","templated":true}]}}