{"id":3636,"date":"2025-09-17T13:04:21","date_gmt":"2025-09-17T12:04:21","guid":{"rendered":"https:\/\/swisslasik.ch\/lasik-istanbulda-lasik-tuerkiye-lazer-goez-cerrahisi\/preise-kosten-augenlasern-istanbul\/"},"modified":"2026-01-08T17:21:31","modified_gmt":"2026-01-08T16:21:31","slug":"preise-kosten-augenlasern-istanbul","status":"publish","type":"page","link":"https:\/\/swisslasik.ch\/tr\/lasik-istanbulda-lasik-tuerkiye-lazer-goez-cerrahisi\/preise-kosten-augenlasern-istanbul\/","title":{"rendered":"Preise \/Kosten Augenlasern Istanbul"},"content":{"rendered":"\t\t<div data-elementor-type=\"wp-page\" data-elementor-id=\"3636\" class=\"elementor elementor-3636 elementor-14\" data-elementor-post-type=\"page\">\n\t\t\t\t<div class=\"elementor-element elementor-element-64c28014 e-con-full e-flex wpr-particle-no wpr-jarallax-no wpr-parallax-no wpr-sticky-section-no e-con e-parent\" data-id=\"64c28014\" data-element_type=\"container\" data-e-type=\"container\">\n\t\t<div class=\"elementor-element elementor-element-254271d e-con-full e-flex wpr-particle-no wpr-jarallax-no wpr-parallax-no wpr-sticky-section-no e-con e-child\" data-id=\"254271d\" data-element_type=\"container\" data-e-type=\"container\">\n\t\t\t\t<div class=\"elementor-element elementor-element-574ef95 elementor-widget elementor-widget-button\" data-id=\"574ef95\" data-element_type=\"widget\" data-e-type=\"widget\" data-widget_type=\"button.default\">\n\t\t\t\t\t\t\t\t\t\t<a class=\"elementor-button elementor-button-link elementor-size-sm\" href=\"https:\/\/swisslasik.ch\/tr\/lasik-istanbulda-lasik-tuerkiye-lazer-goez-cerrahisi\/\">\n\t\t\t\t\t\t<span class=\"elementor-button-content-wrapper\">\n\t\t\t\t\t\t\t\t\t<span class=\"elementor-button-text\">\u0130stanbul'da Lasik<\/span>\n\t\t\t\t\t<\/span>\n\t\t\t\t\t<\/a>\n\t\t\t\t\t\t\t\t<\/div>\n\t\t\t\t<div class=\"elementor-element elementor-element-72a65c0 elementor-widget elementor-widget-button\" data-id=\"72a65c0\" data-element_type=\"widget\" data-e-type=\"widget\" data-widget_type=\"button.default\">\n\t\t\t\t\t\t\t\t\t\t<a class=\"elementor-button elementor-button-link elementor-size-sm\" href=\"https:\/\/swisslasik.ch\/tr\/lasik-istanbulda-lasik-tuerkiye-lazer-goez-cerrahisi\/preise-kosten-augenlasern-istanbul\/\">\n\t\t\t\t\t\t<span class=\"elementor-button-content-wrapper\">\n\t\t\t\t\t\t\t\t\t<span class=\"elementor-button-text\">Fiyatlar<\/span>\n\t\t\t\t\t<\/span>\n\t\t\t\t\t<\/a>\n\t\t\t\t\t\t\t\t<\/div>\n\t\t\t\t<div class=\"elementor-element elementor-element-68a89a9 elementor-widget elementor-widget-button\" data-id=\"68a89a9\" data-element_type=\"widget\" data-e-type=\"widget\" data-widget_type=\"button.default\">\n\t\t\t\t\t\t\t\t\t\t<a class=\"elementor-button elementor-button-link elementor-size-sm\" href=\"https:\/\/swisslasik.ch\/tr\/lasik-istanbulda-lasik-tuerkiye-lazer-goez-cerrahisi\/acibadem-goez-klinigi\/\">\n\t\t\t\t\t\t<span class=\"elementor-button-content-wrapper\">\n\t\t\t\t\t\t\t\t\t<span class=\"elementor-button-text\">Ac\u0131badem G\u00f6z Klini\u011fi<\/span>\n\t\t\t\t\t<\/span>\n\t\t\t\t\t<\/a>\n\t\t\t\t\t\t\t\t<\/div>\n\t\t\t\t<div class=\"elementor-element elementor-element-fbb3f9c elementor-widget elementor-widget-button\" data-id=\"fbb3f9c\" data-element_type=\"widget\" data-e-type=\"widget\" data-widget_type=\"button.default\">\n\t\t\t\t\t\t\t\t\t\t<a class=\"elementor-button elementor-button-link elementor-size-sm\" href=\"https:\/\/swisslasik.ch\/tr\/lasik-istanbulda-lasik-tuerkiye-lazer-goez-cerrahisi\/birinci-augenklinik-istanbul\/\">\n\t\t\t\t\t\t<span class=\"elementor-button-content-wrapper\">\n\t\t\t\t\t\t\t\t\t<span class=\"elementor-button-text\">Birinci G\u00f6z Klini\u011fi<\/span>\n\t\t\t\t\t<\/span>\n\t\t\t\t\t<\/a>\n\t\t\t\t\t\t\t\t<\/div>\n\t\t\t\t<div class=\"elementor-element elementor-element-9d57f01 elementor-widget elementor-widget-button\" data-id=\"9d57f01\" data-element_type=\"widget\" data-e-type=\"widget\" data-widget_type=\"button.default\">\n\t\t\t\t\t\t\t\t\t\t<a class=\"elementor-button elementor-button-link elementor-size-sm\" href=\"https:\/\/swisslasik.ch\/tr\/lasik-istanbulda-lasik-tuerkiye-lazer-goez-cerrahisi\/bati-goez-klinigi\/\">\n\t\t\t\t\t\t<span class=\"elementor-button-content-wrapper\">\n\t\t\t\t\t\t\t\t\t<span class=\"elementor-button-text\">Bati G\u00f6z Klini\u011fi<\/span>\n\t\t\t\t\t<\/span>\n\t\t\t\t\t<\/a>\n\t\t\t\t\t\t\t\t<\/div>\n\t\t\t\t<div class=\"elementor-element elementor-element-2ee80e9 elementor-widget elementor-widget-button\" data-id=\"2ee80e9\" data-element_type=\"widget\" data-e-type=\"widget\" data-widget_type=\"button.default\">\n\t\t\t\t\t\t\t\t\t\t<a class=\"elementor-button elementor-button-link elementor-size-sm\" href=\"https:\/\/swisslasik.ch\/tr\/lasik-teklifi\/antalyada-lasik-lazer-goez-ameliyati\/teknoloji\/\">\n\t\t\t\t\t\t<span class=\"elementor-button-content-wrapper\">\n\t\t\t\t\t\t\t\t\t<span class=\"elementor-button-text\">teknoloji<\/span>\n\t\t\t\t\t<\/span>\n\t\t\t\t\t<\/a>\n\t\t\t\t\t\t\t\t<\/div>\n\t\t\t\t<\/div>\n\t\t\t\t<div class=\"elementor-element elementor-element-69719e8e elementor-widget elementor-widget-text-editor\" data-id=\"69719e8e\" data-element_type=\"widget\" data-e-type=\"widget\" data-widget_type=\"text-editor.default\">\n\t\t\t\t\t\t\t\t\t\n<h2 class=\"wp-block-heading\">ILAS\u0130K G\u00d6Z LAZER MAL\u0130YETLER\u0130 \u0130STANBUL &#8211; T\u00fcrkiye<\/h2>\n\n<p>\u0130stanbul&#8217;daki Birinci G\u00f6z Klini\u011fi&#8217;nde lazer g\u00f6z ameliyat\u0131n\u0131z i\u00e7in cazip tekliflerimiz ve fiyatlar\u0131m\u0131z \u015funlard\u0131r: T\u00fcm fiyatlar iki g\u00f6z i\u00e7indir.<\/p>\n\n<p><strong>Teklif 1 \u2013 Standart teklif (Euro cinsinden)<\/strong><\/p>\n\n<figure class=\"wp-block-table\">\n<table class=\"has-fixed-layout\">\n<tbody>\n<tr>\n<th>Performans<\/th>\n<th>Teklifimiz (\u20ac)<\/th>\n<th>Avrupa&#8217;daki ortalama maliyetler (\u20ac)<\/th>\n<th>Ayn\u0131 kaliteyle tasarruf<\/th>\n<\/tr>\n<tr>\n<td>H\u0131zl\u0131 <\/td><td>kontroller <\/td><td>(1)<\/td>\n\u00fccretsiz\n<td> <\/td> \n<\/tr>\n<tr>\n<td> <\/td>\n<td> <\/td>\n<\/tr>\n<tr>\n<td>Femto- ILasik (2)<\/td>\n<td>1\u2019300 \u20ac<\/td>\n<td>3\u2019800 \u20ac<\/td>\n<td>2\u2019500 \u20ac<\/td>\n<\/tr>\n<tr>\n<td><\/td><td>ReLEX Smile Lasik (2)<\/td>\n2\u2019200 \u20ac\n<td>5\u2019000 \u20ac<\/td>\n<td>2\u2019800 \u20ac<\/td>\n<\/tr>\n<tr>\n<td>Fakik IOL lensler (2)<\/td>\n<td>ab 3\u2019640 \u20ac<\/td>\n<td>8\u2019000 \u20ac<\/td>\n<td>4\u2019360 \u20ac<\/td>\n<\/tr>\n<tr>\n<td>Torik ICL lensler (2)<\/td>\n<td>ab 4\u2019250 \u20ac<\/td>\n<td>9\u2019000 \u20ac<\/td>\n<td>4\u2019750 \u20ac<\/td>\n<\/tr>\n<tr>\n<td>\u00c7ok odakl\u0131 lensler (2)<\/td>\n<td>ab 3\u2019800 \u20ac<\/td>\n<td>8\u2019000 \u20ac<\/td>\n<td>4\u2019200 \u20ac<\/td>\n<\/tr>\n<tr>\n<td>\u0130kinci i\u015flem<\/td>\n<td>\u00fccretsiz<\/td>\n<td>1 y\u0131la kadar \u00fccretsiz<\/td>\n<td>uzat\u0131lm\u0131\u015f garanti<\/td>\n<\/tr>\n<\/tbody>\n<\/table>\n<\/figure>\n\n<ol class=\"wp-block-list\">\n<li> \u00dccretsiz k\u0131sa kontroller, Bern&#8217;deki ofisimizde veya dan\u0131\u015fma g\u00fcnlerimizde yap\u0131lmaktad\u0131r.<\/li>\n\n<li>\u0130\u00e7indekiler:\n<ul class=\"wp-block-list\">\n<li>Tavsiye<\/li>\n\n<li>\u00d6n muayene, tedavi, takip muayenesi<\/li>\n\n<li>Yan\u0131n\u0131zdaki ki\u015fi de dahil olmak \u00fczere, \u00fc\u00e7 \u00f6\u011f\u00fcn yemek dahil olmak \u00fczere en fazla \u00fc\u00e7 gece \u00fccretsiz konaklama. <\/li>\n\n<li>Havaliman\u0131 ve Klinik Transferleri<\/li>\n\n<li>Swisslasikpass<\/li>\n<\/ul>\n<\/li>\n<\/ol>\n\n<p>Ek maliyetler: Otel<\/p>\n\n<p><a href=\"https:\/\/swisslasik.ch\/tr\/lasik-istanbulda-lasik-tuerkiye-lazer-goez-cerrahisi\/birinci-augenklinik-istanbul\/\" data-type=\"page\" data-id=\"18\">Birinci G\u00f6z Klini\u011fi <\/a>3 geceye kadar \u00fccretsiz konaklama imkan\u0131 sunmaktad\u0131r.<\/p>\n\n<p>Dilerseniz (ek \u00fccret kar\u015f\u0131l\u0131\u011f\u0131nda) otellerde de konaklayabilirsiniz. L\u00fctfen a\u015f\u0131r\u0131 ucuz otellerden ka\u00e7\u0131n\u0131n. <\/p>\n\n<p>Ek maliyetler: U\u00e7ak bileti<br>Bu, mevcut u\u00e7ak bileti fiyatlar\u0131na ba\u011fl\u0131 olarak yakla\u015f\u0131k 200 \u0130svi\u00e7re frang\u0131 tutar\u0131nda olacakt\u0131r.<\/p>\n\n<p>\u00d6deme<br>U\u00e7u\u015flar hari\u00e7 t\u00fcm hizmetlerin \u00f6demesi \u0130stanbul&#8217;da yap\u0131lmal\u0131 veya SwissLasik&#8217;e \u00f6nceden transfer edilmelidir.<\/p>\n\n<p><strong>Teklif 2 \u2013 Premium teklif (CHF cinsinden)<\/strong><\/p>\n\n<figure class=\"wp-block-table\">\n<table class=\"has-fixed-layout\">\n<tbody>\n<tr>\n<th>Performans<\/th>\n<th>Teklifimiz (CHF cinsinden)<\/th>\n<th>\u0130svi\u00e7re&#8217;deki ortalama maliyetler (CHF cinsinden)<\/th>\n<th>Ayn\u0131 kalitede tasarruf<\/th>\n<\/tr>\n<tr>\n<td>H\u0131zl\u0131 <\/td><td>kontroller <\/td><td>(1)<\/td>\n\u00fccretsiz\n<td> <\/td> \n<\/tr>\n<tr>\n<td> <\/td>\n<td> <\/td>\n<td> <\/td>\n<td> <\/td>\n<\/tr>\n<tr>\n<td>Femto- <strong>ILasik<\/strong> (2)<\/td>\n<td>ca. 1\u2019950<\/td>\n<td>3\u2019800<\/td>\n<td>1\u2019850<\/td>\n<\/tr>\n<tr>\n<td>Relex SmileLasik (2)<\/td>\n<td>ca. 2\u2019850<\/td>\n<td>5\u2019000<\/td>\n<td>2\u2019150<\/td>\n<\/tr>\n<tr>\n<td>Phakic IOL Linsen (2)<\/td>\n<td>ab 4\u2019450<\/td>\n<td>8\u2019000<\/td>\n<td>3\u2019550<\/td>\n<\/tr>\n<tr>\n<td>Toric ICL Linsen (2)<\/td>\n<td>ab 5\u2019050<\/td>\n<td>9\u2019000<\/td>\n<td>3\u2019950<\/td>\n<\/tr>\n<tr>\n<td>Multifokale Linsen (2)<\/td>\n<td>ab 4\u2019450<\/td>\n<td>8\u2019000<\/td>\n<td>3\u2019550<\/td>\n<\/tr>\n<tr>\n<td>Takip muayeneleri<\/td>\n<td>Fiyata dahildir<\/td>\n<td>Fiyata k\u0131smen dahildir<\/td>\n<td>Daha fazla bak\u0131m<\/td>\n<\/tr>\n<tr>\n<td>\u0130kinci i\u015flem<\/td>\n<td>\u00fccretsiz<\/td>\n<td>1 y\u0131la kadar \u00fccretsiz<\/td>\n<td>uzat\u0131lm\u0131\u015f garanti<\/td>\n<\/tr>\n<\/tbody>\n<\/table>\n<\/figure>\n\n<ol class=\"wp-block-list\">\n<li>\u00dccretsiz k\u0131sa kontroller ise Bern&#8217;deki ofisimizde veya dan\u0131\u015fma g\u00fcnlerimizde ger\u00e7ekle\u015ftirilebilir.<\/li>\n\n<li>\u0130\u00e7indekiler:\n<ul class=\"wp-block-list\">\n<li>Tavsiye<\/li>\n\n<li>U\u00e7u\u015f<\/li>\n\n<li>Havaliman\u0131 ve Klinik Transferleri<\/li>\n\n<li><a href=\"https:\/\/swisslasik.ch\/tr\/lasik-istanbulda-lasik-tuerkiye-lazer-goez-cerrahisi\/birinci-augenklinik-istanbul\/\" data-type=\"page\" data-id=\"18\">Birinci G\u00f6z Klini\u011fi&#8217;nde,<\/a> refakat\u00e7i dahil olmak \u00fczere 3 geceye kadar (lens implantasyonu i\u00e7in 5 geceye kadar) konaklama ve 3 \u00f6\u011f\u00fcn yemek. <\/li>\n\n<li>\u00d6n muayene, tedavi ve takip muayenesi<\/li>\n\n<li>Ameliyattan sonraki bir y\u0131l i\u00e7inde \u0130svi\u00e7re&#8217;de en fazla 4 takip muayenesi.<\/li>\n\n<li>Ya\u015fa ba\u011fl\u0131 hipermetropi d\u0131\u015f\u0131nda, ilk i\u015flemden sonra ikinci bir ameliyat olas\u0131l\u0131\u011f\u0131 yaln\u0131zca lazer g\u00f6z ameliyat\u0131 i\u00e7in ge\u00e7erlidir.<\/li>\n\n<li>Swisslasikpass<\/li>\n\n<li>\u0130svi\u00e7re&#8217;de vergi indiriminden veya sa\u011fl\u0131k sigortan\u0131zdan geri \u00f6deme almak i\u00e7in ge\u00e7erli bir \u00f6deme onay\u0131 (bu se\u00e7enek kanton ve sa\u011fl\u0131k sigorta \u015firketine ba\u011fl\u0131d\u0131r).<\/li>\n\n<li>* Relex Smile fiyat\u0131 Birinci G\u00f6z Klini\u011fi i\u00e7in ge\u00e7erlidir.<\/li>\n<\/ul>\n<\/li>\n<\/ol>\n\n<p>Di\u011fer se\u00e7enekler<br>Yaln\u0131z seyahat etmek istemiyor musunuz? Sorun de\u011fil! Refakat\u00e7i \u00fccreti sadece 200 CHF&#8217;den ba\u015fl\u0131yor.  <\/p>\n\n<p><strong>Daha fazla \u0130stanbul g\u00f6rmek ister misiniz?<\/strong><br>Ayr\u0131ca, \u00f6rne\u011fin Taksim&#8217;de birka\u00e7 gece konaklayabilece\u011finiz oteller de size sunmaktan memnuniyet duyar\u0131z.<\/p>\n\n<p>\u00d6deme<br>T\u00fcm hizmetlerin SwissLasik&#8217;e \u00f6nceden \u00f6denmesi gerekmektedir. Bu nedenle \u0130stanbul&#8217;a \u00e7ok fazla para g\u00f6t\u00fcrmenize gerek yoktur. <\/p>\n\n<p>\u00d6nemli not:<br>\u0130stenirse, \u00f6zelle\u015ftirilmi\u015f paketler sunabiliriz. Ayr\u0131ca yukar\u0131da belirtilen hizmetlerden bir veya daha fazlas\u0131n\u0131 (\u00f6rne\u011fin u\u00e7ak bileti veya otel rezervasyonu) kendiniz de ayarlayabilirsiniz. <\/p>\n\n<p><strong>Kar\u015f\u0131la\u015ft\u0131rma: Standart ve Premium Teklif<\/strong><\/p>\n\n<figure class=\"wp-block-table\">\n<table class=\"has-fixed-layout\">\n<tbody>\n<tr>\n<th> <\/th>\n<th>ula\u015f\u0131m<\/th>\n<th>U\u00e7u\u015f<\/th>\n<th>Otel<\/th>\n<th>TR&#8217;de Kontrol<\/th>\n<th>operasyon<\/th>\n<th>CH&#8217;de Kontrol<\/th>\n<th>\u0130kinci ameliyat<\/th>\n<th>Swisslasik Ge\u00e7idi<\/th>\n<th>\u00d6deme onay\u0131<\/th>\n<\/tr>\n<tr>\n<td>standart<\/td>\n<td>X<\/td>\n<td> <\/td>\n<td> <\/td>\n<td>X<\/td>\n<td>X<\/td>\n<td> <\/td>\n<td>X<\/td>\n<td>X<\/td>\n<td> <\/td>\n<\/tr>\n<tr>\n<td>Premium<\/td>\n<td>X<\/td>\n<td>X<\/td>\n<td>X<\/td>\n<td>X<\/td>\n<td>X<\/td>\n<td>X<\/td>\n<td>X<\/td>\n<td>X<\/td>\n<td>X<\/td>\n<\/tr>\n<\/tbody>\n<\/table>\n<\/figure>\n\n<p>T\u00fcm fiyatlar de\u011fi\u015febilir. \u00d6zellikle yo\u011fun sezonlarda u\u00e7u\u015f ve otel fiyatlar\u0131 daha y\u00fcksek olabilir. Swisslasik, belirtilen havayollar\u0131 ve otellerin kalitesinden sorumlu de\u011fildir.  <\/p>\n\n<p><strong>H\u00e2l\u00e2 sorular\u0131n\u0131z var m\u0131?<\/strong><br><a href=\"https:\/\/swisslasik.ch\/tr\/iletisim\/\" data-type=\"page\" data-id=\"97\">Herhangi bir y\u00fck\u00fcml\u00fcl\u00fck alt\u0131na girmeden bizimle ileti\u015fime ge\u00e7in.<\/a> \u0130stanbul&#8217;da keyifli bir konaklama ge\u00e7irmenizi dileriz.<\/p>\n\t\t\t\t\t\t\t\t<\/div>\n\t\t\t\t<\/div>\n\t\t\t\t<\/div>\n\t\t","protected":false},"excerpt":{"rendered":"<p>\u0130stanbul&#8217;da Lasik Fiyatlar Ac\u0131badem G\u00f6z Klini\u011fi Birinci G\u00f6z Klini\u011fi Bati G\u00f6z Klini\u011fi teknoloji ILAS\u0130K G\u00d6Z LAZER MAL\u0130YETLER\u0130 \u0130STANBUL &#8211; T\u00fcrkiye \u0130stanbul&#8217;daki Birinci G\u00f6z Klini\u011fi&#8217;nde lazer g\u00f6z ameliyat\u0131n\u0131z i\u00e7in cazip tekliflerimiz ve fiyatlar\u0131m\u0131z \u015funlard\u0131r: T\u00fcm fiyatlar iki g\u00f6z i\u00e7indir. Teklif 1 \u2013 Standart teklif (Euro cinsinden) Performans Teklifimiz (\u20ac) Avrupa&#8217;daki ortalama maliyetler (\u20ac) Ayn\u0131 kaliteyle tasarruf H\u0131zl\u0131 kontroller (1) \u00fccretsiz Femto- ILasik (2) 1\u2019300 \u20ac 3\u2019800 \u20ac 2\u2019500 \u20ac ReLEX Smile Lasik (2) 2\u2019200 \u20ac 5\u2019000 \u20ac 2\u2019800 \u20ac Fakik IOL lensler (2) ab 3\u2019640 \u20ac 8\u2019000 \u20ac 4\u2019360 \u20ac Torik ICL lensler (2) ab 4\u2019250 \u20ac 9\u2019000 \u20ac 4\u2019750 \u20ac \u00c7ok odakl\u0131 lensler (2) ab 3\u2019800 \u20ac 8\u2019000 \u20ac 4\u2019200 \u20ac \u0130kinci i\u015flem \u00fccretsiz 1 y\u0131la kadar \u00fccretsiz uzat\u0131lm\u0131\u015f garanti \u00dccretsiz k\u0131sa kontroller, Bern&#8217;deki ofisimizde veya dan\u0131\u015fma g\u00fcnlerimizde yap\u0131lmaktad\u0131r. \u0130\u00e7indekiler: Tavsiye \u00d6n muayene, tedavi, takip muayenesi Yan\u0131n\u0131zdaki ki\u015fi de dahil olmak \u00fczere, \u00fc\u00e7 \u00f6\u011f\u00fcn yemek dahil olmak \u00fczere en fazla \u00fc\u00e7 gece \u00fccretsiz konaklama. Havaliman\u0131 ve Klinik Transferleri Swisslasikpass Ek maliyetler: Otel Birinci G\u00f6z Klini\u011fi 3 geceye kadar \u00fccretsiz konaklama imkan\u0131 sunmaktad\u0131r. Dilerseniz (ek \u00fccret kar\u015f\u0131l\u0131\u011f\u0131nda) otellerde de konaklayabilirsiniz. L\u00fctfen a\u015f\u0131r\u0131 ucuz otellerden ka\u00e7\u0131n\u0131n. Ek maliyetler: U\u00e7ak biletiBu, mevcut u\u00e7ak bileti fiyatlar\u0131na ba\u011fl\u0131 olarak yakla\u015f\u0131k 200 \u0130svi\u00e7re frang\u0131 tutar\u0131nda olacakt\u0131r. \u00d6demeU\u00e7u\u015flar hari\u00e7 t\u00fcm hizmetlerin \u00f6demesi \u0130stanbul&#8217;da yap\u0131lmal\u0131 veya SwissLasik&#8217;e \u00f6nceden transfer edilmelidir. Teklif 2 \u2013 Premium teklif (CHF cinsinden) Performans Teklifimiz (CHF cinsinden) \u0130svi\u00e7re&#8217;deki ortalama maliyetler (CHF cinsinden) Ayn\u0131 kalitede tasarruf H\u0131zl\u0131 kontroller (1) \u00fccretsiz Femto- ILasik (2) ca. 1\u2019950 3\u2019800 1\u2019850 Relex SmileLasik (2) ca. 2\u2019850 5\u2019000 2\u2019150 Phakic IOL Linsen (2) ab 4\u2019450 8\u2019000 3\u2019550 Toric ICL Linsen (2) ab 5\u2019050 9\u2019000 3\u2019950 Multifokale Linsen (2) ab 4\u2019450 8\u2019000 3\u2019550 Takip muayeneleri Fiyata dahildir Fiyata k\u0131smen dahildir Daha fazla bak\u0131m \u0130kinci i\u015flem \u00fccretsiz 1 y\u0131la kadar \u00fccretsiz uzat\u0131lm\u0131\u015f garanti \u00dccretsiz k\u0131sa kontroller ise Bern&#8217;deki ofisimizde veya dan\u0131\u015fma g\u00fcnlerimizde ger\u00e7ekle\u015ftirilebilir. \u0130\u00e7indekiler: Tavsiye U\u00e7u\u015f Havaliman\u0131 ve Klinik Transferleri Birinci G\u00f6z Klini\u011fi&#8217;nde, refakat\u00e7i dahil olmak \u00fczere 3 geceye kadar (lens implantasyonu i\u00e7in 5 geceye kadar) konaklama ve 3 \u00f6\u011f\u00fcn yemek. \u00d6n muayene, tedavi ve takip muayenesi Ameliyattan sonraki bir y\u0131l i\u00e7inde \u0130svi\u00e7re&#8217;de en fazla 4 takip muayenesi. Ya\u015fa ba\u011fl\u0131 hipermetropi d\u0131\u015f\u0131nda, ilk i\u015flemden sonra ikinci bir ameliyat olas\u0131l\u0131\u011f\u0131 yaln\u0131zca lazer g\u00f6z ameliyat\u0131 i\u00e7in ge\u00e7erlidir. Swisslasikpass \u0130svi\u00e7re&#8217;de vergi indiriminden veya sa\u011fl\u0131k sigortan\u0131zdan geri \u00f6deme almak i\u00e7in ge\u00e7erli bir \u00f6deme onay\u0131 (bu se\u00e7enek kanton ve sa\u011fl\u0131k sigorta \u015firketine ba\u011fl\u0131d\u0131r). * Relex Smile fiyat\u0131 Birinci G\u00f6z Klini\u011fi i\u00e7in ge\u00e7erlidir. Di\u011fer se\u00e7eneklerYaln\u0131z seyahat etmek istemiyor musunuz? Sorun de\u011fil! Refakat\u00e7i \u00fccreti sadece 200 CHF&#8217;den ba\u015fl\u0131yor. Daha fazla \u0130stanbul g\u00f6rmek ister misiniz?Ayr\u0131ca, \u00f6rne\u011fin Taksim&#8217;de birka\u00e7 gece konaklayabilece\u011finiz oteller de size sunmaktan memnuniyet duyar\u0131z. \u00d6demeT\u00fcm hizmetlerin SwissLasik&#8217;e \u00f6nceden \u00f6denmesi gerekmektedir. Bu nedenle \u0130stanbul&#8217;a \u00e7ok fazla para g\u00f6t\u00fcrmenize gerek yoktur. \u00d6nemli not:\u0130stenirse, \u00f6zelle\u015ftirilmi\u015f paketler sunabiliriz. Ayr\u0131ca yukar\u0131da belirtilen hizmetlerden bir veya daha fazlas\u0131n\u0131 (\u00f6rne\u011fin u\u00e7ak bileti veya otel rezervasyonu) kendiniz de ayarlayabilirsiniz. Kar\u015f\u0131la\u015ft\u0131rma: Standart ve Premium Teklif ula\u015f\u0131m U\u00e7u\u015f Otel TR&#8217;de Kontrol operasyon CH&#8217;de Kontrol \u0130kinci ameliyat Swisslasik Ge\u00e7idi \u00d6deme onay\u0131 standart X X X X X Premium X X X X X X X X X T\u00fcm fiyatlar de\u011fi\u015febilir. \u00d6zellikle yo\u011fun sezonlarda u\u00e7u\u015f ve otel fiyatlar\u0131 daha y\u00fcksek olabilir. Swisslasik, belirtilen havayollar\u0131 ve otellerin kalitesinden sorumlu de\u011fildir. H\u00e2l\u00e2 sorular\u0131n\u0131z var m\u0131?Herhangi bir y\u00fck\u00fcml\u00fcl\u00fck alt\u0131na girmeden bizimle ileti\u015fime ge\u00e7in. \u0130stanbul&#8217;da keyifli bir konaklama ge\u00e7irmenizi dileriz.<\/p>\n","protected":false},"author":4,"featured_media":0,"parent":3596,"menu_order":0,"comment_status":"closed","ping_status":"closed","template":"","meta":{"_joinchat":[],"footnotes":""},"class_list":["post-3636","page","type-page","status-publish","hentry"],"acf":[],"_links":{"self":[{"href":"https:\/\/swisslasik.ch\/tr\/wp-json\/wp\/v2\/pages\/3636","targetHints":{"allow":["GET"]}}],"collection":[{"href":"https:\/\/swisslasik.ch\/tr\/wp-json\/wp\/v2\/pages"}],"about":[{"href":"https:\/\/swisslasik.ch\/tr\/wp-json\/wp\/v2\/types\/page"}],"author":[{"embeddable":true,"href":"https:\/\/swisslasik.ch\/tr\/wp-json\/wp\/v2\/users\/4"}],"replies":[{"embeddable":true,"href":"https:\/\/swisslasik.ch\/tr\/wp-json\/wp\/v2\/comments?post=3636"}],"version-history":[{"count":3,"href":"https:\/\/swisslasik.ch\/tr\/wp-json\/wp\/v2\/pages\/3636\/revisions"}],"predecessor-version":[{"id":3639,"href":"https:\/\/swisslasik.ch\/tr\/wp-json\/wp\/v2\/pages\/3636\/revisions\/3639"}],"up":[{"embeddable":true,"href":"https:\/\/swisslasik.ch\/tr\/wp-json\/wp\/v2\/pages\/3596"}],"wp:attachment":[{"href":"https:\/\/swisslasik.ch\/tr\/wp-json\/wp\/v2\/media?parent=3636"}],"curies":[{"name":"wp","href":"https:\/\/api.w.org\/{rel}","templated":true}]}}