{"id":3644,"date":"2025-09-17T13:08:54","date_gmt":"2025-09-17T12:08:54","guid":{"rendered":"https:\/\/swisslasik.ch\/lasik-istanbulda-lasik-tuerkiye-lazer-goez-cerrahisi\/teknoloji\/"},"modified":"2026-01-08T17:26:57","modified_gmt":"2026-01-08T16:26:57","slug":"teknoloji","status":"publish","type":"page","link":"https:\/\/swisslasik.ch\/tr\/lasik-istanbulda-lasik-tuerkiye-lazer-goez-cerrahisi\/teknoloji\/","title":{"rendered":"teknoloji"},"content":{"rendered":"\t\t<div data-elementor-type=\"wp-page\" data-elementor-id=\"3644\" class=\"elementor elementor-3644 elementor-23\" data-elementor-post-type=\"page\">\n\t\t\t\t<div class=\"elementor-element elementor-element-6963a8f1 e-flex e-con-boxed wpr-particle-no wpr-jarallax-no wpr-parallax-no wpr-sticky-section-no e-con e-parent\" data-id=\"6963a8f1\" data-element_type=\"container\" data-e-type=\"container\">\n\t\t\t\t\t<div class=\"e-con-inner\">\n\t\t<div class=\"elementor-element elementor-element-a51a9e1 e-con-full e-flex wpr-particle-no wpr-jarallax-no wpr-parallax-no wpr-sticky-section-no e-con e-child\" data-id=\"a51a9e1\" data-element_type=\"container\" data-e-type=\"container\">\n\t\t\t\t<div class=\"elementor-element elementor-element-0e75e97 elementor-widget elementor-widget-button\" data-id=\"0e75e97\" data-element_type=\"widget\" data-e-type=\"widget\" data-widget_type=\"button.default\">\n\t\t\t\t\t\t\t\t\t\t<a class=\"elementor-button elementor-button-link elementor-size-sm\" href=\"https:\/\/swisslasik.ch\/home\/lasik-in-istanbul\/\">\n\t\t\t\t\t\t<span class=\"elementor-button-content-wrapper\">\n\t\t\t\t\t\t\t\t\t<span class=\"elementor-button-text\">\u0130stanbul'da Lasik<\/span>\n\t\t\t\t\t<\/span>\n\t\t\t\t\t<\/a>\n\t\t\t\t\t\t\t\t<\/div>\n\t\t\t\t<div class=\"elementor-element elementor-element-09be154 elementor-widget elementor-widget-button\" data-id=\"09be154\" data-element_type=\"widget\" data-e-type=\"widget\" data-widget_type=\"button.default\">\n\t\t\t\t\t\t\t\t\t\t<a class=\"elementor-button elementor-button-link elementor-size-sm\" href=\"https:\/\/swisslasik.ch\/home\/lasik-in-istanbul\/preise\/\">\n\t\t\t\t\t\t<span class=\"elementor-button-content-wrapper\">\n\t\t\t\t\t\t\t\t\t<span class=\"elementor-button-text\">Fiyatlar<\/span>\n\t\t\t\t\t<\/span>\n\t\t\t\t\t<\/a>\n\t\t\t\t\t\t\t\t<\/div>\n\t\t\t\t<div class=\"elementor-element elementor-element-a531f94 elementor-widget elementor-widget-button\" data-id=\"a531f94\" data-element_type=\"widget\" data-e-type=\"widget\" data-widget_type=\"button.default\">\n\t\t\t\t\t\t\t\t\t\t<a class=\"elementor-button elementor-button-link elementor-size-sm\" href=\"https:\/\/swisslasik.ch\/home\/lasik-in-istanbul\/augenklinik-acibadem\/\">\n\t\t\t\t\t\t<span class=\"elementor-button-content-wrapper\">\n\t\t\t\t\t\t\t\t\t<span class=\"elementor-button-text\">Ac\u0131badem G\u00f6z Klini\u011fi<\/span>\n\t\t\t\t\t<\/span>\n\t\t\t\t\t<\/a>\n\t\t\t\t\t\t\t\t<\/div>\n\t\t\t\t<div class=\"elementor-element elementor-element-56b9aff elementor-widget elementor-widget-button\" data-id=\"56b9aff\" data-element_type=\"widget\" data-e-type=\"widget\" data-widget_type=\"button.default\">\n\t\t\t\t\t\t\t\t\t\t<a class=\"elementor-button elementor-button-link elementor-size-sm\" href=\"https:\/\/swisslasik.ch\/home\/lasik-in-istanbul\/birinci-augenklinik\/\">\n\t\t\t\t\t\t<span class=\"elementor-button-content-wrapper\">\n\t\t\t\t\t\t\t\t\t<span class=\"elementor-button-text\">Birinci G\u00f6z Klini\u011fi<\/span>\n\t\t\t\t\t<\/span>\n\t\t\t\t\t<\/a>\n\t\t\t\t\t\t\t\t<\/div>\n\t\t\t\t<div class=\"elementor-element elementor-element-3eab519 elementor-widget elementor-widget-button\" data-id=\"3eab519\" data-element_type=\"widget\" data-e-type=\"widget\" data-widget_type=\"button.default\">\n\t\t\t\t\t\t\t\t\t\t<a class=\"elementor-button elementor-button-link elementor-size-sm\" href=\"https:\/\/swisslasik.ch\/home\/lasik-in-istanbul\/bati-augenklinik\/\">\n\t\t\t\t\t\t<span class=\"elementor-button-content-wrapper\">\n\t\t\t\t\t\t\t\t\t<span class=\"elementor-button-text\">Bati G\u00f6z Klini\u011fi<\/span>\n\t\t\t\t\t<\/span>\n\t\t\t\t\t<\/a>\n\t\t\t\t\t\t\t\t<\/div>\n\t\t\t\t<div class=\"elementor-element elementor-element-e904d10 elementor-widget elementor-widget-button\" data-id=\"e904d10\" data-element_type=\"widget\" data-e-type=\"widget\" data-widget_type=\"button.default\">\n\t\t\t\t\t\t\t\t\t\t<a class=\"elementor-button elementor-button-link elementor-size-sm\" href=\"https:\/\/swisslasik.ch\/home\/angebot-lasik\/lasik-in-antalya\/technologie\/\">\n\t\t\t\t\t\t<span class=\"elementor-button-content-wrapper\">\n\t\t\t\t\t\t\t\t\t<span class=\"elementor-button-text\">teknoloji<\/span>\n\t\t\t\t\t<\/span>\n\t\t\t\t\t<\/a>\n\t\t\t\t\t\t\t\t<\/div>\n\t\t\t\t<\/div>\n\t\t\t\t<div class=\"elementor-element elementor-element-1414537d elementor-widget elementor-widget-text-editor\" data-id=\"1414537d\" data-element_type=\"widget\" data-e-type=\"widget\" data-widget_type=\"text-editor.default\">\n\t\t\t\t\t\t\t\t\t\n<h2 class=\"wp-block-heading\">LASIK Teknolojisi \u0130stanbul<\/h2>\n\n<p>Ac\u0131badem LASIK tedavisinin iyi itibar\u0131 ve ba\u015far\u0131s\u0131, \u00fcst\u00fcn teknolojisi kadar iyi e\u011fitimli ekibine de ba\u011fl\u0131d\u0131r.<\/p>\n\n<p>M\u00fckemmel sonu\u00e7lar\u0131n anahtar\u0131 do\u011fru te\u015fhistir. Bu nedenle WaveLight, te\u015fhis sistemlerini lazer cihazlar\u0131yla en iyi \u015fekilde entegre etmi\u015ftir. \u00d6zel bir yaz\u0131l\u0131m, \u00f6l\u00e7\u00fcm sonu\u00e7lar\u0131n\u0131 lazer sistemlerine aktar\u0131r. Bu sayede tedavi, hastan\u0131n g\u00f6z\u00fcn\u00fcn bireysel ihtiya\u00e7lar\u0131na m\u00fckemmel \u015fekilde uyarlanabilir ve g\u00fcvenilir ve hassas bir sonu\u00e7 elde edilir.   <\/p>\n\n<p>Visx Star S4 lazeri, piyasadaki en yeni, en h\u0131zl\u0131 ve en geli\u015fmi\u015f g\u00f6z lazerlerinden biridir ve hatta Amerikan FDA (G\u0131da ve \u0130la\u00e7 \u0130daresi) taraf\u0131ndan onaylanm\u0131\u015ft\u0131r. En hassas sonu\u00e7lar\u0131, en y\u00fcksek g\u00fcvenlik seviyesini ve hasta konforunu temel alan bir \u00fcne sahiptir. <\/p>\n\n<p>Klinik, geli\u015fmi\u015f CLB mikrokeratom teknolojisi ve femtosaniye lazer teknolojisi sunmaktad\u0131r.<\/p>\n\n<p><strong>Cihazlar<\/strong><\/p>\n\n<ul class=\"wp-block-list\">\n<li>Yeni Visx Star S4<\/li>\n\n<li>CARL ZEISS ReLex Smile 800<\/li>\n<\/ul>\n\n<p>T\u00fcm ekipmanlar yenidir. Kliniklerimiz ba\u015fka kliniklerden ikinci el ekipman kullanmamaktad\u0131r. <\/p>\n\n<figure class=\"wp-block-image size-full\"><img fetchpriority=\"high\" decoding=\"async\" width=\"640\" height=\"313\" class=\"wp-image-153\" src=\"https:\/\/swisslasik.ch\/wp-content\/uploads\/2025\/09\/VISX_STAR_S4.jpg\" alt=\"\" srcset=\"https:\/\/swisslasik.ch\/wp-content\/uploads\/2025\/09\/VISX_STAR_S4.jpg 640w, https:\/\/swisslasik.ch\/wp-content\/uploads\/2025\/09\/VISX_STAR_S4-300x147.jpg 300w\" sizes=\"(max-width: 640px) 100vw, 640px\" \/><\/figure>\n\n<p><strong>G\u00fcvenlik<\/strong><\/p>\n\n<p>Ya\u015fam kalitemiz g\u00f6zlerimizin sa\u011fl\u0131\u011f\u0131ndan do\u011frudan etkilenir. Bu nedenle ba\u015far\u0131l\u0131 bir tedavi i\u00e7in g\u00fcvenlik en temel \u015fartt\u0131r. Bu lazer cihazlar\u0131, PerfectPulse Teknolojisi ad\u0131 verilen yenilik\u00e7i bir g\u00fcvenlik prensibine sahiptir. Bu teknoloji, kornean\u0131n t\u00fcm e\u011fim ve a\u00e7\u0131lar\u0131 dikkate al\u0131narak tedavinin en g\u00fcvenli \u015fekilde yap\u0131lmas\u0131 i\u00e7in geli\u015ftirilmi\u015ftir.   <\/p>\n\n<p>T\u00fcm optik bile\u015fenlerin s\u0131zd\u0131rmaz hale getirilmesi, nem ve s\u0131cakl\u0131k gibi a\u015f\u0131r\u0131 \u00e7evresel etkilerden kaynaklanan performans dalgalanmalar\u0131n\u0131 \u00f6nler.<\/p>\n\n<p>Saniyede 400 kez g\u00f6z hareketlerini izleyen y\u00fcksek h\u0131zl\u0131 g\u00f6z takip cihaz\u0131, lazer darbelerini hassas bir \u015fekilde konumland\u0131r\u0131r ve lazer \u0131\u015f\u0131n\u0131n\u0131 6 milisaniyeden daha k\u0131sa s\u00fcrede ayarlar. Bu, g\u00f6z hareket etse bile tedavinin m\u00fckemmel bir \u015fekilde merkezde kalmas\u0131n\u0131 sa\u011flar. <\/p>\n\n<p>Is\u0131dan kaynaklanan g\u00f6z kurulu\u011fu \u00f6nlenir, b\u00f6ylece iyile\u015fme desteklenir.<\/p>\n\n<figure class=\"wp-block-image size-full\"><img decoding=\"async\" width=\"180\" height=\"145\" class=\"wp-image-154\" src=\"https:\/\/swisslasik.ch\/wp-content\/uploads\/2025\/09\/RTEmagicC_VISX_STAR_S4_2.jpg.jpg\" alt=\"\"><\/figure>\n\n<p><strong>G\u00f6rsel kalite<\/strong><\/p>\n\n<p>Geli\u015fmi\u015f dalga cephesi optimizasyonlu teknoloji olan Eye-Q, kornean\u0131n do\u011fal \u015feklini korur, gece g\u00f6r\u00fc\u015f\u00fcn\u00fc, kontrast duyarl\u0131l\u0131\u011f\u0131n\u0131 (benzer renkleri ay\u0131rt etme yetene\u011fi, \u00f6rne\u011fin alacakaranl\u0131kta gri bir kedi) iyile\u015ftirir ve parlamaya kar\u015f\u0131 hassasiyeti azalt\u0131r. Bu sistem, i\u015flemden sonra 20\/20&#8217;nin (100%) \u00fczerinde g\u00f6rme keskinli\u011fi elde etme imkan\u0131 sunar. Bu geli\u015fmi\u015f g\u00f6r\u00fc\u015f, kartallar\u0131n hem g\u00fcnd\u00fcz hem de gece 20\/20&#8217;den daha iyi g\u00f6rebildikleri i\u00e7in &#8220;kartal g\u00f6z\u00fc&#8221; olarak da bilinir.  <\/p>\n\n<p>Performans<br>Eye-Q sistemi saniyede 400 lazer darbesi frekans\u0131nda \u00e7al\u0131\u015f\u0131r. 4 ila 5 diyoptri miyopi veya hipermetropinin tedavisi ortalama 8 ila 10 saniye s\u00fcrer; bu s\u00fcre yakla\u015f\u0131k bir fincan kahve demleme s\u00fcresine e\u015fittir. Daha k\u0131sa lazer tedavilerinin iyile\u015fme s\u00fcresinin de buna ba\u011fl\u0131 olarak k\u0131sa oldu\u011funu ve ameliyat sonras\u0131 enfeksiyon, a\u015f\u0131r\u0131 veya yetersiz d\u00fczeltme oranlar\u0131n\u0131n son derece d\u00fc\u015f\u00fck oldu\u011funu g\u00f6sterdi\u011fi g\u00f6r\u00fclm\u00fc\u015ft\u00fcr.  <\/p>\n\n<p>En yeni, en geli\u015fmi\u015f ve en h\u0131zl\u0131 lazer teknolojisiyle tedavi edilmenin \u00f6nemi nedir? \u0130\u015fte baz\u0131 nedenler: <\/p>\n\n<ol class=\"wp-block-list\">\n<li>Eski tip g\u00f6z lazerlerinin ba\u015far\u0131s\u0131zl\u0131k oran\u0131 %25&#8217;tir. Bu lazerlerle tedavi edilen hastalar genellikle gece g\u00f6r\u00fc\u015f sorunlar\u0131 ya\u015farlar. <\/li>\n\n<li>Miyopi ve hipermetropiyi d\u00fczeltmek i\u00e7in kullan\u0131lan eski lazerler, kornean\u0131n do\u011fal \u015feklini de\u011fi\u015ftirir. Dahas\u0131, d\u00fczeltme i\u015flemi, kontrast alg\u0131s\u0131n\u0131 bozabilecek daralmalar yaratabilir. Dalga cephesi optimizasyonlu teknoloji ve profesyonel ekibimiz, ek darbeler uygulayarak kornean\u0131n do\u011fal \u015feklini korur.  <\/li>\n\n<li>Eski lazerlerin uzun i\u015flem s\u00fcresi, uzun tedavi s\u00fcresine yol a\u00e7ar; bu da enfeksiyon riskinin yan\u0131 s\u0131ra a\u015f\u0131r\u0131 veya yetersiz d\u00fczeltmelere de neden olabilir.<\/li>\n<\/ol>\n\n<p><strong>Femto-LASIK<\/strong><\/p>\n\n<p>Klinik ayr\u0131ca Femto-LASIK hizmeti de sunmaktad\u0131r. Femto-LASIK, femtosaniye LASIK, &#8220;Lazer-LASIK&#8221; veya &#8220;\u0130ntra-LASIK&#8221; olarak da adland\u0131r\u0131lan, miyopi, hipermetropi ve astigmatizma i\u00e7in lazer g\u00f6z cerrahisindeki en yeni y\u00f6ntemdir. <\/p>\n\n<p>Femto-LASIK y\u00f6nteminde Excimer lazerin yan\u0131 s\u0131ra femtosaniye lazer ad\u0131 verilen bir lazer sistemi kullan\u0131l\u0131r. Daha \u00f6nce uygulanan LASIK y\u00f6nteminde, mikrokeratom olarak adland\u0131r\u0131lan \u00f6zel bir mini kesici aletle korneadan ince bir tabaka al\u0131n\u0131r ve bu tabaka kald\u0131r\u0131l\u0131rd\u0131. Modern Femto-LASIK y\u00f6nteminde ise femtosaniye lazer, mikrokeratomun yerini al\u0131r ve b\u00f6ylece LASIK tedavisi ilk kez tamamen mekanik alet kullan\u0131lmadan yap\u0131labilir. Bu nedenle bu y\u00f6nteme Laser-LASIK ad\u0131 da verilmektedir.  <\/p>\n\n<p>Lazer kesisi sonras\u0131nda, y\u00fczeysel kornea flebi kald\u0131r\u0131l\u0131r ve refraktif hatay\u0131 d\u00fczeltmek i\u00e7in LASIK&#8217;te oldu\u011fu gibi bir eksimer lazerle kornea yeniden \u015fekillendirilir.<\/p>\n\n<p>\u00d6zellikle daha \u00f6nce mikrokeratom ile kornean\u0131n mekanik olarak kesilmesinden endi\u015fe duyan ve lazer kesiminin y\u00fcksek hassasiyetini tercih eden hastalar i\u00e7in uygundur.<\/p>\n\n<figure class=\"wp-block-image size-full\"><img decoding=\"async\" width=\"277\" height=\"182\" class=\"wp-image-155\" src=\"https:\/\/swisslasik.ch\/wp-content\/uploads\/2025\/09\/VISX_STAR_S4_3.jpg\" alt=\"\"><\/figure>\n\n<p><strong>ReLex Smile LASIK<\/strong><\/p>\n\n<p>ReLEx\u00ae SMILE, yaln\u0131zca tek bir lazer kullan\u0131larak ger\u00e7ekle\u015ftirilen ilk lazer g\u00f6z ameliyat\u0131d\u0131r: VisuMax femtosaniye lazer. \u0130\u015flem a\u011fr\u0131s\u0131zd\u0131r ve LASIK&#8217;te oldu\u011fu gibi flep gerektirmez. <\/p>\n\n<p>\u00d6ncelikle kornean\u0131n i\u00e7 k\u0131sm\u0131nda yer alan doku par\u00e7as\u0131 yani lentik\u00fcl, VisuMax femtosaniye lazer ile haz\u0131rlan\u0131r. Bu s\u0131rada parlak bir \u0131\u015f\u0131k noktas\u0131 g\u00f6r\u00fcrs\u00fcn\u00fcz ancak neredeyse hi\u00e7bir \u015fey hissetmezsiniz. Lentik\u00fcl haz\u0131rland\u0131ktan hemen sonra, yine VisuMax ile 2\u20133 mm b\u00fcy\u00fckl\u00fc\u011f\u00fcnde k\u00fc\u00e7\u00fck bir giri\u015f a\u00e7\u0131l\u0131r. Cerrah bu a\u00e7\u0131kl\u0131ktan lentik\u00fcl\u00fc serbestle\u015ftirir ve dikkatlice d\u0131\u015far\u0131 al\u0131r. Ard\u0131ndan k\u00fc\u00e7\u00fck kesi yeri tekrar kontrol edilir. \u0130\u015flem sonras\u0131nda, \u00e7o\u011fu hastada oldu\u011fu gibi, s\u00fcrecin ne kadar h\u0131zl\u0131 ge\u00e7ti\u011fine ve neredeyse hi\u00e7bir \u015fey hissetmedi\u011finize \u015fa\u015f\u0131r\u0131rs\u0131n\u0131z. A\u00e7\u0131kl\u0131\u011f\u0131n \u00e7ok k\u00fc\u00e7\u00fck olmas\u0131 sayesinde ameliyat sonras\u0131 \u00f6zel bir k\u0131s\u0131tlama gerekmez; genellikle ertesi g\u00fcn spor yapabilir, sa\u00e7\u0131n\u0131z\u0131 y\u0131kayabilir veya du\u015f alabilirsiniz.       Daha fazla bilgiyi <a href=\"https:\/\/swisslasik.ch\/home\/augen-lasern\/relex-smile-lasik\/\" data-type=\"page\" data-id=\"65\">burada <\/a>bulabilirsiniz.<\/p>\n\n<p>Ultrasonik sens\u00f6rleri ve entegre kameralar\u0131yla VISUMAX 800, bu \u00e7a\u011fda mevcut olan en detayl\u0131 verileri sunar. Ak\u0131ll\u0131 robotik destek sistemleri sayesinde nazik ve g\u00fcvenli bir tedavi deneyimi sa\u011flar. 2 MHz lazer darbe h\u0131z\u0131 sayesinde VISUMAX 800 i\u015flemi sadece 10 saniyede tamamlanarak olas\u0131 komplikasyonlar\u0131 en aza indirir ve ameliyat sonras\u0131 bak\u0131m s\u00fcrecini m\u00fcmk\u00fcn olan en rahat \u015fekilde y\u00f6netmenizi sa\u011flar.  <\/p>\n\n<figure class=\"wp-block-image size-full\"><img loading=\"lazy\" decoding=\"async\" width=\"300\" height=\"200\" class=\"wp-image-156\" src=\"https:\/\/swisslasik.ch\/wp-content\/uploads\/2025\/09\/Die-Talya-Augen-behandelt-Ihre-Augen-mit-modernsten-Geraten-300x200-1.jpg\" alt=\"\"><\/figure>\n\n<p id=\"caption-attachment-1968\">Relex Smile Istanbul<\/p>\n\t\t\t\t\t\t\t\t<\/div>\n\t\t\t\t\t<\/div>\n\t\t\t\t<\/div>\n\t\t\t\t<\/div>\n\t\t","protected":false},"excerpt":{"rendered":"<p>\u0130stanbul&#8217;da Lasik Fiyatlar Ac\u0131badem G\u00f6z Klini\u011fi Birinci G\u00f6z Klini\u011fi Bati G\u00f6z Klini\u011fi teknoloji LASIK Teknolojisi \u0130stanbul Ac\u0131badem LASIK tedavisinin iyi itibar\u0131 ve ba\u015far\u0131s\u0131, \u00fcst\u00fcn teknolojisi kadar iyi e\u011fitimli ekibine de ba\u011fl\u0131d\u0131r. M\u00fckemmel sonu\u00e7lar\u0131n anahtar\u0131 do\u011fru te\u015fhistir. Bu nedenle WaveLight, te\u015fhis sistemlerini lazer cihazlar\u0131yla en iyi \u015fekilde entegre etmi\u015ftir. \u00d6zel bir yaz\u0131l\u0131m, \u00f6l\u00e7\u00fcm sonu\u00e7lar\u0131n\u0131 lazer sistemlerine aktar\u0131r. Bu sayede tedavi, hastan\u0131n g\u00f6z\u00fcn\u00fcn bireysel ihtiya\u00e7lar\u0131na m\u00fckemmel \u015fekilde uyarlanabilir ve g\u00fcvenilir ve hassas bir sonu\u00e7 elde edilir. Visx Star S4 lazeri, piyasadaki en yeni, en h\u0131zl\u0131 ve en geli\u015fmi\u015f g\u00f6z lazerlerinden biridir ve hatta Amerikan FDA (G\u0131da ve \u0130la\u00e7 \u0130daresi) taraf\u0131ndan onaylanm\u0131\u015ft\u0131r. En hassas sonu\u00e7lar\u0131, en y\u00fcksek g\u00fcvenlik seviyesini ve hasta konforunu temel alan bir \u00fcne sahiptir. Klinik, geli\u015fmi\u015f CLB mikrokeratom teknolojisi ve femtosaniye lazer teknolojisi sunmaktad\u0131r. Cihazlar Yeni Visx Star S4 CARL ZEISS ReLex Smile 800 T\u00fcm ekipmanlar yenidir. Kliniklerimiz ba\u015fka kliniklerden ikinci el ekipman kullanmamaktad\u0131r. G\u00fcvenlik Ya\u015fam kalitemiz g\u00f6zlerimizin sa\u011fl\u0131\u011f\u0131ndan do\u011frudan etkilenir. Bu nedenle ba\u015far\u0131l\u0131 bir tedavi i\u00e7in g\u00fcvenlik en temel \u015fartt\u0131r. Bu lazer cihazlar\u0131, PerfectPulse Teknolojisi ad\u0131 verilen yenilik\u00e7i bir g\u00fcvenlik prensibine sahiptir. Bu teknoloji, kornean\u0131n t\u00fcm e\u011fim ve a\u00e7\u0131lar\u0131 dikkate al\u0131narak tedavinin en g\u00fcvenli \u015fekilde yap\u0131lmas\u0131 i\u00e7in geli\u015ftirilmi\u015ftir. T\u00fcm optik bile\u015fenlerin s\u0131zd\u0131rmaz hale getirilmesi, nem ve s\u0131cakl\u0131k gibi a\u015f\u0131r\u0131 \u00e7evresel etkilerden kaynaklanan performans dalgalanmalar\u0131n\u0131 \u00f6nler. Saniyede 400 kez g\u00f6z hareketlerini izleyen y\u00fcksek h\u0131zl\u0131 g\u00f6z takip cihaz\u0131, lazer darbelerini hassas bir \u015fekilde konumland\u0131r\u0131r ve lazer \u0131\u015f\u0131n\u0131n\u0131 6 milisaniyeden daha k\u0131sa s\u00fcrede ayarlar. Bu, g\u00f6z hareket etse bile tedavinin m\u00fckemmel bir \u015fekilde merkezde kalmas\u0131n\u0131 sa\u011flar. Is\u0131dan kaynaklanan g\u00f6z kurulu\u011fu \u00f6nlenir, b\u00f6ylece iyile\u015fme desteklenir. G\u00f6rsel kalite Geli\u015fmi\u015f dalga cephesi optimizasyonlu teknoloji olan Eye-Q, kornean\u0131n do\u011fal \u015feklini korur, gece g\u00f6r\u00fc\u015f\u00fcn\u00fc, kontrast duyarl\u0131l\u0131\u011f\u0131n\u0131 (benzer renkleri ay\u0131rt etme yetene\u011fi, \u00f6rne\u011fin alacakaranl\u0131kta gri bir kedi) iyile\u015ftirir ve parlamaya kar\u015f\u0131 hassasiyeti azalt\u0131r. Bu sistem, i\u015flemden sonra 20\/20&#8217;nin (100%) \u00fczerinde g\u00f6rme keskinli\u011fi elde etme imkan\u0131 sunar. Bu geli\u015fmi\u015f g\u00f6r\u00fc\u015f, kartallar\u0131n hem g\u00fcnd\u00fcz hem de gece 20\/20&#8217;den daha iyi g\u00f6rebildikleri i\u00e7in &#8220;kartal g\u00f6z\u00fc&#8221; olarak da bilinir. PerformansEye-Q sistemi saniyede 400 lazer darbesi frekans\u0131nda \u00e7al\u0131\u015f\u0131r. 4 ila 5 diyoptri miyopi veya hipermetropinin tedavisi ortalama 8 ila 10 saniye s\u00fcrer; bu s\u00fcre yakla\u015f\u0131k bir fincan kahve demleme s\u00fcresine e\u015fittir. Daha k\u0131sa lazer tedavilerinin iyile\u015fme s\u00fcresinin de buna ba\u011fl\u0131 olarak k\u0131sa oldu\u011funu ve ameliyat sonras\u0131 enfeksiyon, a\u015f\u0131r\u0131 veya yetersiz d\u00fczeltme oranlar\u0131n\u0131n son derece d\u00fc\u015f\u00fck oldu\u011funu g\u00f6sterdi\u011fi g\u00f6r\u00fclm\u00fc\u015ft\u00fcr. En yeni, en geli\u015fmi\u015f ve en h\u0131zl\u0131 lazer teknolojisiyle tedavi edilmenin \u00f6nemi nedir? \u0130\u015fte baz\u0131 nedenler: Eski tip g\u00f6z lazerlerinin ba\u015far\u0131s\u0131zl\u0131k oran\u0131 %25&#8217;tir. Bu lazerlerle tedavi edilen hastalar genellikle gece g\u00f6r\u00fc\u015f sorunlar\u0131 ya\u015farlar. Miyopi ve hipermetropiyi d\u00fczeltmek i\u00e7in kullan\u0131lan eski lazerler, kornean\u0131n do\u011fal \u015feklini de\u011fi\u015ftirir. Dahas\u0131, d\u00fczeltme i\u015flemi, kontrast alg\u0131s\u0131n\u0131 bozabilecek daralmalar yaratabilir. Dalga cephesi optimizasyonlu teknoloji ve profesyonel ekibimiz, ek darbeler uygulayarak kornean\u0131n do\u011fal \u015feklini korur. Eski lazerlerin uzun i\u015flem s\u00fcresi, uzun tedavi s\u00fcresine yol a\u00e7ar; bu da enfeksiyon riskinin yan\u0131 s\u0131ra a\u015f\u0131r\u0131 veya yetersiz d\u00fczeltmelere de neden olabilir. Femto-LASIK Klinik ayr\u0131ca Femto-LASIK hizmeti de sunmaktad\u0131r. Femto-LASIK, femtosaniye LASIK, &#8220;Lazer-LASIK&#8221; veya &#8220;\u0130ntra-LASIK&#8221; olarak da adland\u0131r\u0131lan, miyopi, hipermetropi ve astigmatizma i\u00e7in lazer g\u00f6z cerrahisindeki en yeni y\u00f6ntemdir. Femto-LASIK y\u00f6nteminde Excimer lazerin yan\u0131 s\u0131ra femtosaniye lazer ad\u0131 verilen bir lazer sistemi kullan\u0131l\u0131r. Daha \u00f6nce uygulanan LASIK y\u00f6nteminde, mikrokeratom olarak adland\u0131r\u0131lan \u00f6zel bir mini kesici aletle korneadan ince bir tabaka al\u0131n\u0131r ve bu tabaka kald\u0131r\u0131l\u0131rd\u0131. Modern Femto-LASIK y\u00f6nteminde ise femtosaniye lazer, mikrokeratomun yerini al\u0131r ve b\u00f6ylece LASIK tedavisi ilk kez tamamen mekanik alet kullan\u0131lmadan yap\u0131labilir. Bu nedenle bu y\u00f6nteme Laser-LASIK ad\u0131 da verilmektedir. Lazer kesisi sonras\u0131nda, y\u00fczeysel kornea flebi kald\u0131r\u0131l\u0131r ve refraktif hatay\u0131 d\u00fczeltmek i\u00e7in LASIK&#8217;te oldu\u011fu gibi bir eksimer lazerle kornea yeniden \u015fekillendirilir. \u00d6zellikle daha \u00f6nce mikrokeratom ile kornean\u0131n mekanik olarak kesilmesinden endi\u015fe duyan ve lazer kesiminin y\u00fcksek hassasiyetini tercih eden hastalar i\u00e7in uygundur. ReLex Smile LASIK ReLEx\u00ae SMILE, yaln\u0131zca tek bir lazer kullan\u0131larak ger\u00e7ekle\u015ftirilen ilk lazer g\u00f6z ameliyat\u0131d\u0131r: VisuMax femtosaniye lazer. \u0130\u015flem a\u011fr\u0131s\u0131zd\u0131r ve LASIK&#8217;te oldu\u011fu gibi flep gerektirmez. \u00d6ncelikle kornean\u0131n i\u00e7 k\u0131sm\u0131nda yer alan doku par\u00e7as\u0131 yani lentik\u00fcl, VisuMax femtosaniye lazer ile haz\u0131rlan\u0131r. Bu s\u0131rada parlak bir \u0131\u015f\u0131k noktas\u0131 g\u00f6r\u00fcrs\u00fcn\u00fcz ancak neredeyse hi\u00e7bir \u015fey hissetmezsiniz. Lentik\u00fcl haz\u0131rland\u0131ktan hemen sonra, yine VisuMax ile 2\u20133 mm b\u00fcy\u00fckl\u00fc\u011f\u00fcnde k\u00fc\u00e7\u00fck bir giri\u015f a\u00e7\u0131l\u0131r. Cerrah bu a\u00e7\u0131kl\u0131ktan lentik\u00fcl\u00fc serbestle\u015ftirir ve dikkatlice d\u0131\u015far\u0131 al\u0131r. Ard\u0131ndan k\u00fc\u00e7\u00fck kesi yeri tekrar kontrol edilir. \u0130\u015flem sonras\u0131nda, \u00e7o\u011fu hastada oldu\u011fu gibi, s\u00fcrecin ne kadar h\u0131zl\u0131 ge\u00e7ti\u011fine ve neredeyse hi\u00e7bir \u015fey hissetmedi\u011finize \u015fa\u015f\u0131r\u0131rs\u0131n\u0131z. A\u00e7\u0131kl\u0131\u011f\u0131n \u00e7ok k\u00fc\u00e7\u00fck olmas\u0131 sayesinde ameliyat sonras\u0131 \u00f6zel bir k\u0131s\u0131tlama gerekmez; genellikle ertesi g\u00fcn spor yapabilir, sa\u00e7\u0131n\u0131z\u0131 y\u0131kayabilir veya du\u015f alabilirsiniz. Daha fazla bilgiyi burada bulabilirsiniz. Ultrasonik sens\u00f6rleri ve entegre kameralar\u0131yla VISUMAX 800, bu \u00e7a\u011fda mevcut olan en detayl\u0131 verileri sunar. Ak\u0131ll\u0131 robotik destek sistemleri sayesinde nazik ve g\u00fcvenli bir tedavi deneyimi sa\u011flar. 2 MHz lazer darbe h\u0131z\u0131 sayesinde VISUMAX 800 i\u015flemi sadece 10 saniyede tamamlanarak olas\u0131 komplikasyonlar\u0131 en aza indirir ve ameliyat sonras\u0131 bak\u0131m s\u00fcrecini m\u00fcmk\u00fcn olan en rahat \u015fekilde y\u00f6netmenizi sa\u011flar. Relex Smile Istanbul<\/p>\n","protected":false},"author":4,"featured_media":0,"parent":3596,"menu_order":0,"comment_status":"closed","ping_status":"closed","template":"","meta":{"_joinchat":[],"footnotes":""},"class_list":["post-3644","page","type-page","status-publish","hentry"],"acf":[],"_links":{"self":[{"href":"https:\/\/swisslasik.ch\/tr\/wp-json\/wp\/v2\/pages\/3644","targetHints":{"allow":["GET"]}}],"collection":[{"href":"https:\/\/swisslasik.ch\/tr\/wp-json\/wp\/v2\/pages"}],"about":[{"href":"https:\/\/swisslasik.ch\/tr\/wp-json\/wp\/v2\/types\/page"}],"author":[{"embeddable":true,"href":"https:\/\/swisslasik.ch\/tr\/wp-json\/wp\/v2\/users\/4"}],"replies":[{"embeddable":true,"href":"https:\/\/swisslasik.ch\/tr\/wp-json\/wp\/v2\/comments?post=3644"}],"version-history":[{"count":3,"href":"https:\/\/swisslasik.ch\/tr\/wp-json\/wp\/v2\/pages\/3644\/revisions"}],"predecessor-version":[{"id":3647,"href":"https:\/\/swisslasik.ch\/tr\/wp-json\/wp\/v2\/pages\/3644\/revisions\/3647"}],"up":[{"embeddable":true,"href":"https:\/\/swisslasik.ch\/tr\/wp-json\/wp\/v2\/pages\/3596"}],"wp:attachment":[{"href":"https:\/\/swisslasik.ch\/tr\/wp-json\/wp\/v2\/media?parent=3644"}],"curies":[{"name":"wp","href":"https:\/\/api.w.org\/{rel}","templated":true}]}}