{"id":3648,"date":"2025-09-24T12:31:19","date_gmt":"2025-09-24T11:31:19","guid":{"rendered":"https:\/\/swisslasik.ch\/antalya-tuerkiyede-gecirdigim-lazer-goez-ameliyati-hakkindaki-deneyim-raporum-13-temmuz-2012-cuma-tarihli-rapor\/"},"modified":"2026-01-14T18:26:58","modified_gmt":"2026-01-14T17:26:58","slug":"antalya-tuerkiyede-gecirdigim-lazer-goez-ameliyati-hakkindaki-deneyim-raporum-13-temmuz-2012-cuma-tarihli-rapor","status":"publish","type":"page","link":"https:\/\/swisslasik.ch\/tr\/antalya-tuerkiyede-gecirdigim-lazer-goez-ameliyati-hakkindaki-deneyim-raporum-13-temmuz-2012-cuma-tarihli-rapor\/","title":{"rendered":"Antalya, T\u00fcrkiye&#8217;de ge\u00e7irdi\u011fim lazer g\u00f6z ameliyat\u0131 hakk\u0131ndaki deneyim raporum \u2013 13 Temmuz 2012 Cuma tarihli rapor"},"content":{"rendered":"\n<h3 class=\"wp-block-heading\">Antalya, T\u00fcrkiye&#8217;de ge\u00e7irdi\u011fim lazer g\u00f6z ameliyat\u0131 hakk\u0131ndaki deneyim raporum \u2013 13 Temmuz 2012 Cuma tarihli rapor<\/h3>\n\n\n\n<p>G\u00f6zlerimi lazerle d\u00fczelttirme d\u00fc\u015f\u00fcncesi zaman zaman akl\u0131ma geliyordu, \u00e7\u00fcnk\u00fc hem g\u00f6zl\u00fck kullanmak hem de kontakt lens takmak beni olduk\u00e7a zorlamaya ba\u015flam\u0131\u015ft\u0131. Lenslerde en b\u00fcy\u00fck sorun s\u00fcrekli k\u0131zaran g\u00f6zlerimdi. G\u00f6zl\u00fckle ise kendimi hi\u00e7 be\u011fenmiyordum. Ancak \u0130svi\u00e7re\u2019de bir g\u00f6z ameliyat\u0131n\u0131 kar\u015f\u0131layacak maddi imk\u00e2n\u0131 hi\u00e7bir zaman bir araya getirememi\u015ftim. Bir g\u00fcn karde\u015fimin bir i\u015f arkada\u015f\u0131, g\u00f6zlerini T\u00fcrkiye\u2019de uygun fiyata lazerle d\u00fczelttirdi\u011fini anlatt\u0131. Elbette ilk ba\u015fta yurt d\u0131\u015f\u0131nda ameliyat olman\u0131n \u0130svi\u00e7re\u2019deki hizmet kalitesiyle ayn\u0131 olup olmayaca\u011f\u0131 konusunda endi\u015felerim oldu. Fakat ayn\u0131 zamanda \u0130svi\u00e7re\u2019de her \u015feyin otomatik olarak daha pahal\u0131 oldu\u011funu ve fiyat\u0131n her zaman hizmet kalitesiyle birebir \u00f6rt\u00fc\u015fmedi\u011fini de fark ettim. Bu d\u00fc\u015f\u00fcncelerle internet \u00fczerinden daha detayl\u0131 ara\u015ft\u0131rma yapmaya ba\u015flad\u0131m ve T\u00fcrkiye\u2019ye gitmenin ger\u00e7ekten mant\u0131kl\u0131 olabilece\u011fini anlad\u0131m. Klini\u011fin payla\u015f\u0131lan deneyimleri ve foto\u011fraflar\u0131 beni \u00e7ok etkiledi ve daha da motive etti.<br>\u0130svi\u00e7re\u2019de yap\u0131lan \u00f6n muayenenin olumlu sonu\u00e7lanmas\u0131n\u0131n ard\u0131ndan T\u00fcrkiye\u2019ye, Antalya\u2019ya u\u00e7tum. Daha ertesi g\u00fcn bir taksiyle klini\u011fe g\u00f6t\u00fcr\u00fcld\u00fcm ve burada tekrar detayl\u0131 bir \u00f6n muayene yap\u0131ld\u0131. Yap\u0131lan \u00e7e\u015fitli testler s\u0131ras\u0131nda doktorlar, g\u00f6zlerimin LASIK y\u00f6nteminin yan\u0131 s\u0131ra Femto y\u00f6ntemi i\u00e7in de uygun oldu\u011funu tespit ettiler. Femto y\u00f6ntemi, standart LASIK y\u00f6ntemine g\u00f6re daha nazik bir y\u00f6ntemdir. Bu haber beni do\u011fal olarak \u00e7ok mutlu etti ve Femto y\u00f6ntemini se\u00e7tim. T\u00fcm g\u00f6r\u00fc\u015fmeler Almanca bilen bir terc\u00fcman taraf\u0131ndan bana eksiksiz \u015fekilde \u00e7evrildi. Bekleme s\u00fcreleri \u00e7ok k\u0131sayd\u0131 ve muayene sonunda tekrar otele b\u0131rak\u0131ld\u0131m.<br>Ameliyat ertesi g\u00fcn ger\u00e7ekle\u015ftirildi. \u00d6nce bekleme salonunda sakinle\u015ftirici bir tablet verildi. Ard\u0131ndan ameliyathaneye al\u0131nd\u0131m. Doktor g\u00f6zlerimi damlalarla uyu\u015fturdu ve lazer i\u015flemi ba\u015flad\u0131. Ameliyat\u0131n kendisi a\u011fr\u0131l\u0131 de\u011fildi. Sadece al\u0131\u015f\u0131lmad\u0131k olan, g\u00f6z kapaklar\u0131ndan birinin sabitlenmi\u015f olmas\u0131yd\u0131. Ancak buna da k\u0131sa s\u00fcrede al\u0131\u015f\u0131l\u0131yor. Ameliyattan sonra bana bir koruyucu g\u00f6zl\u00fck tak\u0131ld\u0131 ve bekleme salonuna al\u0131nd\u0131m. Orada benden sonra ameliyat olan \u00fc\u00e7 Alman kad\u0131n vard\u0131. Onlar da Almanya\u2019da ameliyat fiyatlar\u0131 \u00e7ok y\u00fcksek oldu\u011fu i\u00e7in T\u00fcrkiye\u2019ye gelmi\u015flerdi.<br>K\u0131sa bir s\u00fcre sonra tekrar otele d\u00f6nd\u00fcm ve uzan\u0131p dinlendim. G\u00f6z kapaklar\u0131m \u00e7ok a\u011f\u0131rd\u0131 ve bir s\u00fcre sonra ba\u015f a\u011fr\u0131s\u0131 ba\u015flad\u0131, ancak bir aspirinle bu sorun giderildi. K\u0131sa s\u00fcrede uyuyakald\u0131m ve ertesi g\u00fcn 0.00 yani kusursuz bir g\u00f6r\u00fc\u015fle uyand\u0131m. Kontrol muayenesi \u00e7ok iyi ge\u00e7ti ve g\u00f6n\u00fcl rahatl\u0131\u011f\u0131yla d\u00f6n\u00fc\u015f yolculu\u011funa \u00e7\u0131kt\u0131m. Art\u0131k her g\u00fcn lens tak\u0131p \u00e7\u0131karmak zorunda de\u011filim. G\u00f6zlerim k\u0131zarm\u0131yor. G\u00f6zlerimi lazerle d\u00fczelttirmek \u00e7ok do\u011fru bir karard\u0131 ve her \u015feyin bu kadar sorunsuz ge\u00e7mesinden dolay\u0131 \u00e7ok mutluyum.                                 Kesinlikle tavsiye ederim. Klinik kusursuzdu, \u00e7ok temizdi ve personel son derece nazikti. \u00d6zellikle terc\u00fcman\u0131 \u00f6vmek isterim. Hem bana hem de Almanlara t\u00fcm s\u00fcre\u00e7 boyunca e\u015flik etti ve her ikimize de b\u00fcy\u00fck yard\u0131mda bulundu. Justin Ehrler, 11 Temmuz 2012    <\/p>\n\n\n\n<div class=\"wp-block-group is-layout-grid wp-container-core-group-is-layout-baef362d wp-block-group-is-layout-grid\">\n<p><a href=\"https:\/\/medicaltravel.at\/home\/agb\/\" data-type=\"page\" data-id=\"2191\" rel=\"nofollow noopener\" target=\"_blank\"><\/a><a href=\"https:\/\/swisslasik.ch\/tr\/patientenberichte-augenlasern-erfahrungen\/istanbulda-lazer-goez-ameliyati-deneyimim-29-temmuz-2012-pazar-tarihli-rapor\/\" data-type=\"link\" data-id=\"https:\/\/swisslasik.ch\/tr\/patientenberichte-augenlasern-erfahrungen\/istanbulda-lazer-goez-ameliyati-deneyimim-29-temmuz-2012-pazar-tarihli-rapor\/\">\u00d6nceki rapor<\/a><\/p>\n\n\n\n<p class=\"has-text-align-right wp-container-content-5e2576f9\"><a href=\"https:\/\/medicaltravel.at\/home\/impressum\/\" data-type=\"page\" data-id=\"2193\" rel=\"nofollow noopener\" target=\"_blank\"><\/a><a href=\"https:\/\/medicaltravel.at\/home\/berichte-von-patienten\/erfahrungsberichte\/erfahrungsbericht-zahnbehandlung-in-istanbul\/\" data-type=\"page\" data-id=\"981\" rel=\"nofollow noopener\" target=\"_blank\"><\/a><a href=\"https:\/\/swisslasik.ch\/tr\/patientenberichte-augenlasern-erfahrungen\/sonunda-goezluek-yok-istanbulda-lazer-goez-ameliyati-hakkindaki-hasta-raporum-28-haziran-2012-persembe-tarihli-rapor\/\" data-type=\"link\" data-id=\"https:\/\/swisslasik.ch\/augenlasern-lasik-erfahrungen\/endlich-brillenlos-mein-patientenbericht-fur-augenlaser-in-istanbul-bericht-vom-donnerstag-28-juni-2012\/\">Bir <\/a><a href=\"https:\/\/swisslasik.ch\/tr\/patientenberichte-augenlasern-erfahrungen\/sonunda-goezluek-yok-istanbulda-lazer-goez-ameliyati-hakkindaki-hasta-raporum-28-haziran-2012-persembe-tarihli-rapor\/\" data-type=\"link\" data-id=\"https:\/\/swisslasik.ch\/tr\/patientenberichte-augenlasern-erfahrungen\/sonunda-goezluek-yok-istanbulda-lazer-goez-ameliyati-hakkindaki-hasta-raporum-28-haziran-2012-persembe-tarihli-rapor\/\">Sonraki <\/a><a href=\"https:\/\/swisslasik.ch\/tr\/patientenberichte-augenlasern-erfahrungen\/sonunda-goezluek-yok-istanbulda-lazer-goez-ameliyati-hakkindaki-hasta-raporum-28-haziran-2012-persembe-tarihli-rapor\/\" data-type=\"link\" data-id=\"https:\/\/swisslasik.ch\/augenlasern-lasik-erfahrungen\/endlich-brillenlos-mein-patientenbericht-fur-augenlaser-in-istanbul-bericht-vom-donnerstag-28-juni-2012\/\">Rapor<br><\/a><\/p>\n<\/div>\n","protected":false},"excerpt":{"rendered":"<p>Antalya, T\u00fcrkiye&#8217;de ge\u00e7irdi\u011fim lazer g\u00f6z ameliyat\u0131 hakk\u0131ndaki deneyim raporum \u2013 13 Temmuz 2012 Cuma tarihli rapor G\u00f6zlerimi lazerle d\u00fczelttirme d\u00fc\u015f\u00fcncesi zaman zaman akl\u0131ma geliyordu, \u00e7\u00fcnk\u00fc hem g\u00f6zl\u00fck kullanmak hem de kontakt lens takmak beni olduk\u00e7a zorlamaya ba\u015flam\u0131\u015ft\u0131. Lenslerde en b\u00fcy\u00fck sorun s\u00fcrekli k\u0131zaran g\u00f6zlerimdi. G\u00f6zl\u00fckle ise kendimi hi\u00e7 be\u011fenmiyordum. Ancak \u0130svi\u00e7re\u2019de bir g\u00f6z ameliyat\u0131n\u0131 kar\u015f\u0131layacak maddi imk\u00e2n\u0131 hi\u00e7bir zaman bir araya getirememi\u015ftim. Bir g\u00fcn karde\u015fimin bir i\u015f arkada\u015f\u0131, g\u00f6zlerini T\u00fcrkiye\u2019de uygun fiyata lazerle d\u00fczelttirdi\u011fini anlatt\u0131. Elbette ilk ba\u015fta yurt d\u0131\u015f\u0131nda ameliyat olman\u0131n \u0130svi\u00e7re\u2019deki hizmet kalitesiyle ayn\u0131 olup olmayaca\u011f\u0131 konusunda endi\u015felerim oldu. Fakat ayn\u0131 zamanda \u0130svi\u00e7re\u2019de her \u015feyin otomatik olarak daha pahal\u0131 oldu\u011funu ve fiyat\u0131n her zaman hizmet kalitesiyle birebir \u00f6rt\u00fc\u015fmedi\u011fini de fark ettim. Bu d\u00fc\u015f\u00fcncelerle internet \u00fczerinden daha detayl\u0131 ara\u015ft\u0131rma yapmaya ba\u015flad\u0131m ve T\u00fcrkiye\u2019ye gitmenin ger\u00e7ekten mant\u0131kl\u0131 olabilece\u011fini anlad\u0131m. Klini\u011fin payla\u015f\u0131lan deneyimleri ve foto\u011fraflar\u0131 beni \u00e7ok etkiledi ve daha da motive etti.\u0130svi\u00e7re\u2019de yap\u0131lan \u00f6n muayenenin olumlu sonu\u00e7lanmas\u0131n\u0131n ard\u0131ndan T\u00fcrkiye\u2019ye, Antalya\u2019ya u\u00e7tum. Daha ertesi g\u00fcn bir taksiyle klini\u011fe g\u00f6t\u00fcr\u00fcld\u00fcm ve burada tekrar detayl\u0131 bir \u00f6n muayene yap\u0131ld\u0131. Yap\u0131lan \u00e7e\u015fitli testler s\u0131ras\u0131nda doktorlar, g\u00f6zlerimin LASIK y\u00f6nteminin yan\u0131 s\u0131ra Femto y\u00f6ntemi i\u00e7in de uygun oldu\u011funu tespit ettiler. Femto y\u00f6ntemi, standart LASIK y\u00f6ntemine g\u00f6re daha nazik bir y\u00f6ntemdir. Bu haber beni do\u011fal olarak \u00e7ok mutlu etti ve Femto y\u00f6ntemini se\u00e7tim. T\u00fcm g\u00f6r\u00fc\u015fmeler Almanca bilen bir terc\u00fcman taraf\u0131ndan bana eksiksiz \u015fekilde \u00e7evrildi. Bekleme s\u00fcreleri \u00e7ok k\u0131sayd\u0131 ve muayene sonunda tekrar otele b\u0131rak\u0131ld\u0131m.Ameliyat ertesi g\u00fcn ger\u00e7ekle\u015ftirildi. \u00d6nce bekleme salonunda sakinle\u015ftirici bir tablet verildi. Ard\u0131ndan ameliyathaneye al\u0131nd\u0131m. Doktor g\u00f6zlerimi damlalarla uyu\u015fturdu ve lazer i\u015flemi ba\u015flad\u0131. Ameliyat\u0131n kendisi a\u011fr\u0131l\u0131 de\u011fildi. Sadece al\u0131\u015f\u0131lmad\u0131k olan, g\u00f6z kapaklar\u0131ndan birinin sabitlenmi\u015f olmas\u0131yd\u0131. Ancak buna da k\u0131sa s\u00fcrede al\u0131\u015f\u0131l\u0131yor. Ameliyattan sonra bana bir koruyucu g\u00f6zl\u00fck tak\u0131ld\u0131 ve bekleme salonuna al\u0131nd\u0131m. Orada benden sonra ameliyat olan \u00fc\u00e7 Alman kad\u0131n vard\u0131. Onlar da Almanya\u2019da ameliyat fiyatlar\u0131 \u00e7ok y\u00fcksek oldu\u011fu i\u00e7in T\u00fcrkiye\u2019ye gelmi\u015flerdi.K\u0131sa bir s\u00fcre sonra tekrar otele d\u00f6nd\u00fcm ve uzan\u0131p dinlendim. G\u00f6z kapaklar\u0131m \u00e7ok a\u011f\u0131rd\u0131 ve bir s\u00fcre sonra ba\u015f a\u011fr\u0131s\u0131 ba\u015flad\u0131, ancak bir aspirinle bu sorun giderildi. K\u0131sa s\u00fcrede uyuyakald\u0131m ve ertesi g\u00fcn 0.00 yani kusursuz bir g\u00f6r\u00fc\u015fle uyand\u0131m. Kontrol muayenesi \u00e7ok iyi ge\u00e7ti ve g\u00f6n\u00fcl rahatl\u0131\u011f\u0131yla d\u00f6n\u00fc\u015f yolculu\u011funa \u00e7\u0131kt\u0131m. Art\u0131k her g\u00fcn lens tak\u0131p \u00e7\u0131karmak zorunda de\u011filim. G\u00f6zlerim k\u0131zarm\u0131yor. G\u00f6zlerimi lazerle d\u00fczelttirmek \u00e7ok do\u011fru bir karard\u0131 ve her \u015feyin bu kadar sorunsuz ge\u00e7mesinden dolay\u0131 \u00e7ok mutluyum. Kesinlikle tavsiye ederim. Klinik kusursuzdu, \u00e7ok temizdi ve personel son derece nazikti. \u00d6zellikle terc\u00fcman\u0131 \u00f6vmek isterim. Hem bana hem de Almanlara t\u00fcm s\u00fcre\u00e7 boyunca e\u015flik etti ve her ikimize de b\u00fcy\u00fck yard\u0131mda bulundu. Justin Ehrler, 11 Temmuz 2012 \u00d6nceki rapor Bir Sonraki Rapor<\/p>\n","protected":false},"author":4,"featured_media":0,"parent":0,"menu_order":0,"comment_status":"closed","ping_status":"closed","template":"","meta":{"_joinchat":[],"footnotes":""},"class_list":["post-3648","page","type-page","status-publish","hentry"],"acf":[],"_links":{"self":[{"href":"https:\/\/swisslasik.ch\/tr\/wp-json\/wp\/v2\/pages\/3648","targetHints":{"allow":["GET"]}}],"collection":[{"href":"https:\/\/swisslasik.ch\/tr\/wp-json\/wp\/v2\/pages"}],"about":[{"href":"https:\/\/swisslasik.ch\/tr\/wp-json\/wp\/v2\/types\/page"}],"author":[{"embeddable":true,"href":"https:\/\/swisslasik.ch\/tr\/wp-json\/wp\/v2\/users\/4"}],"replies":[{"embeddable":true,"href":"https:\/\/swisslasik.ch\/tr\/wp-json\/wp\/v2\/comments?post=3648"}],"version-history":[{"count":3,"href":"https:\/\/swisslasik.ch\/tr\/wp-json\/wp\/v2\/pages\/3648\/revisions"}],"predecessor-version":[{"id":4765,"href":"https:\/\/swisslasik.ch\/tr\/wp-json\/wp\/v2\/pages\/3648\/revisions\/4765"}],"wp:attachment":[{"href":"https:\/\/swisslasik.ch\/tr\/wp-json\/wp\/v2\/media?parent=3648"}],"curies":[{"name":"wp","href":"https:\/\/api.w.org\/{rel}","templated":true}]}}