{"id":3650,"date":"2025-09-17T13:53:19","date_gmt":"2025-09-17T12:53:19","guid":{"rendered":"https:\/\/swisslasik.ch\/patientenberichte-augen-lasern\/"},"modified":"2026-01-14T20:04:14","modified_gmt":"2026-01-14T19:04:14","slug":"patientenberichte-augen-lasern","status":"publish","type":"page","link":"https:\/\/swisslasik.ch\/tr\/patientenberichte-augen-lasern\/","title":{"rendered":"Patientenberichte Augen lasern"},"content":{"rendered":"\t\t<div data-elementor-type=\"wp-page\" data-elementor-id=\"3650\" class=\"elementor elementor-3650 elementor-89\" data-elementor-post-type=\"page\">\n\t\t\t\t<div class=\"elementor-element elementor-element-70801dc5 e-flex e-con-boxed wpr-particle-no wpr-jarallax-no wpr-parallax-no wpr-sticky-section-no wpr-equal-height-no e-con e-parent\" data-id=\"70801dc5\" data-element_type=\"container\" data-e-type=\"container\">\n\t\t\t\t\t<div class=\"e-con-inner\">\n\t\t<div class=\"elementor-element elementor-element-09bb702 e-con-full e-flex wpr-particle-no wpr-jarallax-no wpr-parallax-no wpr-sticky-section-no wpr-equal-height-no e-con e-child\" data-id=\"09bb702\" data-element_type=\"container\" data-e-type=\"container\">\n\t\t\t\t<div class=\"elementor-element elementor-element-a1bfbb8 elementor-widget elementor-widget-button\" data-id=\"a1bfbb8\" data-element_type=\"widget\" data-e-type=\"widget\" data-widget_type=\"button.default\">\n\t\t\t\t\t\t\t\t\t\t<a class=\"elementor-button elementor-button-link elementor-size-sm\" href=\"https:\/\/swisslasik.ch\/patientenberichte-lasik\/\">\n\t\t\t\t\t\t<span class=\"elementor-button-content-wrapper\">\n\t\t\t\t\t\t\t\t\t<span class=\"elementor-button-text\">LASIK hastalar\u0131n\u0131n g\u00f6r\u00fc\u015fleri<\/span>\n\t\t\t\t\t<\/span>\n\t\t\t\t\t<\/a>\n\t\t\t\t\t\t\t\t<\/div>\n\t\t\t\t<div class=\"elementor-element elementor-element-8068d25 elementor-widget elementor-widget-button\" data-id=\"8068d25\" data-element_type=\"widget\" data-e-type=\"widget\" data-widget_type=\"button.default\">\n\t\t\t\t\t\t\t\t\t\t<a class=\"elementor-button elementor-button-link elementor-size-sm\" href=\"https:\/\/swisslasik.ch\/augenlasern-lasik-erfahrungen\/\">\n\t\t\t\t\t\t<span class=\"elementor-button-content-wrapper\">\n\t\t\t\t\t\t\t\t\t<span class=\"elementor-button-text\">Femto-LASIK Hasta Raporlar\u0131<\/span>\n\t\t\t\t\t<\/span>\n\t\t\t\t\t<\/a>\n\t\t\t\t\t\t\t\t<\/div>\n\t\t\t\t<div class=\"elementor-element elementor-element-b5cfd12 elementor-widget elementor-widget-button\" data-id=\"b5cfd12\" data-element_type=\"widget\" data-e-type=\"widget\" data-widget_type=\"button.default\">\n\t\t\t\t\t\t\t\t\t\t<a class=\"elementor-button elementor-button-link elementor-size-sm\" href=\"https:\/\/swisslasik.ch\/tr\/patientenberichte-augen-lasern\/\">\n\t\t\t\t\t\t<span class=\"elementor-button-content-wrapper\">\n\t\t\t\t\t\t\t\t\t<span class=\"elementor-button-text\">Hasta Raporlar\u0131<\/span>\n\t\t\t\t\t<\/span>\n\t\t\t\t\t<\/a>\n\t\t\t\t\t\t\t\t<\/div>\n\t\t\t\t<div class=\"elementor-element elementor-element-d2bb27c elementor-widget elementor-widget-button\" data-id=\"d2bb27c\" data-element_type=\"widget\" data-e-type=\"widget\" data-widget_type=\"button.default\">\n\t\t\t\t\t\t\t\t\t\t<a class=\"elementor-button elementor-button-link elementor-size-sm\" href=\"https:\/\/swisslasik.ch\/patientenerfahrungen-augenoperation-tuerkei\/\">\n\t\t\t\t\t\t<span class=\"elementor-button-content-wrapper\">\n\t\t\t\t\t\t\t\t\t<span class=\"elementor-button-text\">Hasta Raporlar\u0131 2009-2010<\/span>\n\t\t\t\t\t<\/span>\n\t\t\t\t\t<\/a>\n\t\t\t\t\t\t\t\t<\/div>\n\t\t\t\t<div class=\"elementor-element elementor-element-8cc86dd elementor-widget elementor-widget-button\" data-id=\"8cc86dd\" data-element_type=\"widget\" data-e-type=\"widget\" data-widget_type=\"button.default\">\n\t\t\t\t\t\t\t\t\t\t<a class=\"elementor-button elementor-button-link elementor-size-sm\" href=\"https:\/\/swisslasik.ch\/tr\/yasli-hasta-raporlari-goez-klinigi-tuerkiye\/\">\n\t\t\t\t\t\t<span class=\"elementor-button-content-wrapper\">\n\t\t\t\t\t\t\t\t\t<span class=\"elementor-button-text\">Eski hasta deneyimleri<\/span>\n\t\t\t\t\t<\/span>\n\t\t\t\t\t<\/a>\n\t\t\t\t\t\t\t\t<\/div>\n\t\t\t\t<\/div>\n\t\t\t\t<div class=\"elementor-element elementor-element-3e0aa29b elementor-widget elementor-widget-text-editor\" data-id=\"3e0aa29b\" data-element_type=\"widget\" data-e-type=\"widget\" data-widget_type=\"text-editor.default\">\n\t\t\t\t\t\t\t\t\t<h2 class=\"wp-block-heading\"><strong>HASTA RAPORLARI: LAZER G\u00d6Z AMEL\u0130YATI<\/strong><\/h2><ul class=\"wp-block-list\"><li><strong><a href=\"https:\/\/swisslasik.ch\/tr\/patientenberichte-augen-lasern\/swisslasik-deneyim-raporu-1-ocak-2012-pazar-tarihli-rapor\/\" data-type=\"page\" data-id=\"496\">Swisslasik deneyim raporu <\/a>\u2013 1 Ocak 2012 Pazar tarihli rapor<\/strong><\/li><li><strong><a href=\"https:\/\/swisslasik.ch\/tr\/patientenberichte-augen-lasern\/istanbulda-lasik-goez-ameliyati-deneyim-raporu-2-aralik-2011-2-aralik-2011-cuma-tarihli-rapor\/\" data-type=\"page\" data-id=\"498\">\u0130stanbul&#8217;da LASIK g\u00f6z ameliyat\u0131 deneyim raporu, 2 Aral\u0131k 2011<\/a> \u2013 2 Aral\u0131k 2011 Cuma tarihli rapor<\/strong><\/li><li><strong><a href=\"https:\/\/swisslasik.ch\/tr\/patientenberichte-augen-lasern\/istanbulda-lazer-goez-ameliyati-deneyim-raporu-30-kasim-2011-carsamba-tarihli-rapor\/\" data-type=\"page\" data-id=\"500\">\u0130stanbul&#8217;da Lazer G\u00f6z Ameliyat\u0131 Deneyim Raporu <\/a>\u2013 30 Kas\u0131m 2011 \u00c7ar\u015famba Tarihli Rapor<\/strong><\/li><li><strong><a href=\"https:\/\/swisslasik.ch\/tr\/patientenberichte-augen-lasern\/istanbulda-lazer-goez-ameliyati-hayatimin-en-iyi-kararlarindan-biriydi-30-kasim-2011-carsamba-tarihli-rapor\/\" data-type=\"page\" data-id=\"502\">\u0130stanbul&#8217;da lazer g\u00f6z ameliyat\u0131, hayat\u0131m\u0131n en iyi kararlar\u0131ndan biriydi <\/a>\u2013 30 Kas\u0131m 2011 \u00c7ar\u015famba tarihli rapor<\/strong><\/li><li><strong><a href=\"https:\/\/swisslasik.ch\/tr\/patientenberichte-augen-lasern\/istanbul-acibadem-hastanesinde-18-ekim-2011-tarihinde-gecirdigim-lazer-goez-ameliyatim-29-kasim-2011-sali-tarihli-rapor\/\" data-type=\"page\" data-id=\"504\">\u0130stanbul Ac\u0131badem Hastanesi&#8217;nde 18 Ekim 2011 tarihinde ge\u00e7irdi\u011fim lazer g\u00f6z ameliyat\u0131m<\/a> \u2013 29 Kas\u0131m 2011 Sal\u0131 tarihli rapor.<\/strong><\/li><li><strong><a href=\"https:\/\/swisslasik.ch\/tr\/patientenberichte-augen-lasern\/istanbuldaki-lasik-tedavim-17-agustos-2011-carsamba-tarihli-rapor\/\" data-type=\"page\" data-id=\"507\">\u0130stanbul&#8217;daki LASIK tedavim <\/a>\u2013 17 A\u011fustos 2011 \u00c7ar\u015famba tarihli rapor<\/strong><\/li><li><strong><a href=\"https:\/\/swisslasik.ch\/tr\/patientenberichte-augen-lasern\/acibadem-hastanesinde-istanbuldaki-kisirlik-tedavimiz-14-agustos-2011-pazar-tarihli-rapor\/\" data-type=\"page\" data-id=\"509\">Ac\u0131badem Hastanesi&#8217;nde \u0130stanbul&#8217;daki k\u0131s\u0131rl\u0131k tedavimiz<\/a> &#8211; 14 A\u011fustos 2011 Pazar tarihli rapor<\/strong><\/li><li><strong><a href=\"https:\/\/swisslasik.ch\/tr\/patientenberichte-augen-lasern\/istanbul-acibadem-hastanesinde-yaptirdigim-liposuction-islemine-dair-rapor-7-agustos-2011-pazar\/\" data-type=\"page\" data-id=\"511\">\u0130stanbul Ac\u0131badem Hastanesi&#8217;nde yapt\u0131rd\u0131\u011f\u0131m liposuction i\u015flemine dair rapor<\/a> \u2013 7 A\u011fustos 2011, Pazar<\/strong><\/li><li><strong><a href=\"https:\/\/swisslasik.ch\/tr\/patientenberichte-augen-lasern\/istanbuldaki-dis-tedavim-6-agustos-2011-cumartesi-tarihli-rapor\/\" data-type=\"page\" data-id=\"513\">\u0130stanbul&#8217;daki di\u015f tedavim<\/a> \u2013 6 A\u011fustos 2011 Cumartesi tarihli rapor<\/strong><\/li><li><strong><a href=\"https:\/\/swisslasik.ch\/tr\/patientenberichte-augen-lasern\/istanbulda-goez-ameliyatlari-yasam-kalitesinde-bueyuek-artis-3-agustos-2011-carsamba-tarihli-rapor\/\" data-type=\"page\" data-id=\"515\">\u0130stanbul&#8217;da g\u00f6z ameliyatlar\u0131 \u2013 ya\u015fam kalitesinde b\u00fcy\u00fck art\u0131\u015f <\/a>\u2013 3 A\u011fustos 2011 \u00c7ar\u015famba tarihli rapor<\/strong><\/li><li><strong><a href=\"https:\/\/swisslasik.ch\/tr\/patientenberichte-augen-lasern\/max-muellerin-22-martta-istanbulda-gerceklestirdigi-lasik-ameliyati-hakkindaki-deneyim-raporu-29-haziran-2011-carsamba-tarihli-rapor\/\" data-type=\"page\" data-id=\"517\">Max M\u00fcller&#8217;in 22 Mart&#8217;ta \u0130stanbul&#8217;da ger\u00e7ekle\u015ftirdi\u011fi LASIK ameliyat\u0131 hakk\u0131ndaki deneyim raporu<\/a> \u2013 29 Haziran 2011 \u00c7ar\u015famba tarihli rapor.<\/strong><\/li><li><strong><a href=\"https:\/\/swisslasik.ch\/tr\/patientenberichte-augen-lasern\/21-nisan-2011deki-goez-lazer-ameliyati-yolculugum-13-haziran-2011-pazartesi-tarihli-rapor\/\" data-type=\"page\" data-id=\"519\">21 Nisan 2011&#8217;deki g\u00f6z lazer ameliyat\u0131 yolculu\u011fum <\/a>\u2013 13 Haziran 2011 Pazartesi tarihli rapor<\/strong><\/li><li><strong><a href=\"https:\/\/swisslasik.ch\/tr\/patientenberichte-augen-lasern\/istanbuldaki-dis-tedavim-4-haziran-2011-cumartesi-tarihli-rapor\/\" data-type=\"page\" data-id=\"521\">\u0130stanbul&#8217;daki di\u015f tedavim<\/a> \u2013 4 Haziran 2011 Cumartesi tarihli rapor<\/strong><\/li><li><strong><a href=\"https:\/\/swisslasik.ch\/tr\/patientenberichte-augen-lasern\/2011-nisan-ayindaki-lazer-goez-ameliyatim-2-haziran-2011-persembe-tarihli-rapor\/\" data-type=\"page\" data-id=\"523\">2011 Nisan ay\u0131ndaki lazer g\u00f6z ameliyat\u0131m<\/a> \u2013 2 Haziran 2011 Per\u015fembe tarihli rapor<\/strong><\/li><li><strong><a href=\"https:\/\/swisslasik.ch\/tr\/patientenberichte-augen-lasern\/istanbuldaki-lasek-deneyimim-26-mayis-2011-persembe-tarihli-rapor\/\" data-type=\"page\" data-id=\"525\">\u0130stanbul&#8217;daki LASEK deneyimim<\/a> \u2013 26 May\u0131s 2011 Per\u015fembe tarihli rapor<\/strong><\/li><li><strong><a href=\"https:\/\/swisslasik.ch\/tr\/patientenberichte-augen-lasern\/yeni-kazanilan-yasam-kalitesi-21-mayis-2011-cumartesi-tarihli-rapor\/\" data-type=\"page\" data-id=\"527\">Yeni kazan\u0131lan ya\u015fam kalitesi <\/a>\u2013 21 May\u0131s 2011 Cumartesi tarihli rapor<\/strong><\/li><li><strong><a href=\"https:\/\/swisslasik.ch\/tr\/patientenberichte-augen-lasern\/7-nisan-2011-tarihli-lazer-goez-ameliyati-deneyim-raporu-29-nisan-2011-cuma-tarihli-rapor\/\" data-type=\"page\" data-id=\"529\">7 Nisan 2011 tarihli lazer g\u00f6z ameliyat\u0131 deneyim raporu<\/a> \u2013 29 Nisan 2011 Cuma tarihli rapor<\/strong><\/li><li><strong><a href=\"https:\/\/swisslasik.ch\/tr\/patientenberichte-augen-lasern\/deneyim-raporu-istanbulda-lasik-ameliyati-mart-2011-11-nisan-2011-pazartesi-tarihli-rapor\/\" data-type=\"page\" data-id=\"531\">Deneyim raporu: \u0130stanbul&#8217;da LASIK ameliyat\u0131, Mart 2011<\/a> \u2013 11 Nisan 2011 Pazartesi tarihli rapor<\/strong><\/li><li><strong><a href=\"https:\/\/swisslasik.ch\/tr\/patientenberichte-augen-lasern\/24-subat-2011-tarihinde-istanbulda-yasadigim-goez-lazeri-deneyimi-23-mart-2011-carsamba-guenuene-ait-rapor\/\" data-type=\"page\" data-id=\"533\">24 \u015eubat 2011&#8217;de \u0130stanbul&#8217;da ge\u00e7irdi\u011fim lazer g\u00f6z ameliyat\u0131 deneyimim<\/a> \u2013 23 Mart 2011 \u00c7ar\u015famba tarihli rapor<\/strong><\/li><li><strong><a href=\"https:\/\/swisslasik.ch\/tr\/patientenberichte-augen-lasern\/marcel-kaufmann-tarafindan-14-ocak-2011-tarihinde-gerceklestirilen-lasik-goez-ameliyatina-iliskin-deneyim-raporu-16-subat-2011-carsamba-tarihli-rapor\/\" data-type=\"page\" data-id=\"535\">Marcel Kaufmann taraf\u0131ndan 14 Ocak 2011 tarihinde ger\u00e7ekle\u015ftirilen LASIK g\u00f6z ameliyat\u0131na ili\u015fkin deneyim raporu<\/a> \u2013 16 \u015eubat 2011 \u00c7ar\u015famba tarihli rapor<\/strong><\/li><li><strong><a href=\"https:\/\/swisslasik.ch\/tr\/patientenberichte-augen-lasern\/deneyim-raporu-istanbulda-lasik-ameliyati-28-ocak-2011-28-ocak-2011-cuma-tarihli-rapor\/\" data-type=\"page\" data-id=\"537\">Deneyim raporu: \u0130stanbul&#8217;da LASIK ameliyat\u0131 \u2013 28 Ocak 2011<\/a> \u2013 28 Ocak 2011 Cuma tarihli rapor<\/strong><\/li><\/ul>\t\t\t\t\t\t\t\t<\/div>\n\t\t\t\t\t<\/div>\n\t\t\t\t<\/div>\n\t\t\t\t<\/div>\n\t\t","protected":false},"excerpt":{"rendered":"<p>LASIK hastalar\u0131n\u0131n g\u00f6r\u00fc\u015fleri Femto-LASIK Hasta Raporlar\u0131 Hasta Raporlar\u0131 Hasta Raporlar\u0131 2009-2010 Eski hasta deneyimleri HASTA RAPORLARI: LAZER G\u00d6Z AMEL\u0130YATI Swisslasik deneyim raporu \u2013 1 Ocak 2012 Pazar tarihli rapor \u0130stanbul&#8217;da LASIK g\u00f6z ameliyat\u0131 deneyim raporu, 2 Aral\u0131k 2011 \u2013 2 Aral\u0131k 2011 Cuma tarihli rapor \u0130stanbul&#8217;da Lazer G\u00f6z Ameliyat\u0131 Deneyim Raporu \u2013 30 Kas\u0131m 2011 \u00c7ar\u015famba Tarihli Rapor \u0130stanbul&#8217;da lazer g\u00f6z ameliyat\u0131, hayat\u0131m\u0131n en iyi kararlar\u0131ndan biriydi \u2013 30 Kas\u0131m 2011 \u00c7ar\u015famba tarihli rapor \u0130stanbul Ac\u0131badem Hastanesi&#8217;nde 18 Ekim 2011 tarihinde ge\u00e7irdi\u011fim lazer g\u00f6z ameliyat\u0131m \u2013 29 Kas\u0131m 2011 Sal\u0131 tarihli rapor. \u0130stanbul&#8217;daki LASIK tedavim \u2013 17 A\u011fustos 2011 \u00c7ar\u015famba tarihli rapor Ac\u0131badem Hastanesi&#8217;nde \u0130stanbul&#8217;daki k\u0131s\u0131rl\u0131k tedavimiz &#8211; 14 A\u011fustos 2011 Pazar tarihli rapor \u0130stanbul Ac\u0131badem Hastanesi&#8217;nde yapt\u0131rd\u0131\u011f\u0131m liposuction i\u015flemine dair rapor \u2013 7 A\u011fustos 2011, Pazar \u0130stanbul&#8217;daki di\u015f tedavim \u2013 6 A\u011fustos 2011 Cumartesi tarihli rapor \u0130stanbul&#8217;da g\u00f6z ameliyatlar\u0131 \u2013 ya\u015fam kalitesinde b\u00fcy\u00fck art\u0131\u015f \u2013 3 A\u011fustos 2011 \u00c7ar\u015famba tarihli rapor Max M\u00fcller&#8217;in 22 Mart&#8217;ta \u0130stanbul&#8217;da ger\u00e7ekle\u015ftirdi\u011fi LASIK ameliyat\u0131 hakk\u0131ndaki deneyim raporu \u2013 29 Haziran 2011 \u00c7ar\u015famba tarihli rapor. 21 Nisan 2011&#8217;deki g\u00f6z lazer ameliyat\u0131 yolculu\u011fum \u2013 13 Haziran 2011 Pazartesi tarihli rapor \u0130stanbul&#8217;daki di\u015f tedavim \u2013 4 Haziran 2011 Cumartesi tarihli rapor 2011 Nisan ay\u0131ndaki lazer g\u00f6z ameliyat\u0131m \u2013 2 Haziran 2011 Per\u015fembe tarihli rapor \u0130stanbul&#8217;daki LASEK deneyimim \u2013 26 May\u0131s 2011 Per\u015fembe tarihli rapor Yeni kazan\u0131lan ya\u015fam kalitesi \u2013 21 May\u0131s 2011 Cumartesi tarihli rapor 7 Nisan 2011 tarihli lazer g\u00f6z ameliyat\u0131 deneyim raporu \u2013 29 Nisan 2011 Cuma tarihli rapor Deneyim raporu: \u0130stanbul&#8217;da LASIK ameliyat\u0131, Mart 2011 \u2013 11 Nisan 2011 Pazartesi tarihli rapor 24 \u015eubat 2011&#8217;de \u0130stanbul&#8217;da ge\u00e7irdi\u011fim lazer g\u00f6z ameliyat\u0131 deneyimim \u2013 23 Mart 2011 \u00c7ar\u015famba tarihli rapor Marcel Kaufmann taraf\u0131ndan 14 Ocak 2011 tarihinde ger\u00e7ekle\u015ftirilen LASIK g\u00f6z ameliyat\u0131na ili\u015fkin deneyim raporu \u2013 16 \u015eubat 2011 \u00c7ar\u015famba tarihli rapor Deneyim raporu: \u0130stanbul&#8217;da LASIK ameliyat\u0131 \u2013 28 Ocak 2011 \u2013 28 Ocak 2011 Cuma tarihli rapor<\/p>\n","protected":false},"author":4,"featured_media":0,"parent":0,"menu_order":0,"comment_status":"closed","ping_status":"closed","template":"","meta":{"_joinchat":[],"footnotes":""},"class_list":["post-3650","page","type-page","status-publish","hentry"],"acf":[],"_links":{"self":[{"href":"https:\/\/swisslasik.ch\/tr\/wp-json\/wp\/v2\/pages\/3650","targetHints":{"allow":["GET"]}}],"collection":[{"href":"https:\/\/swisslasik.ch\/tr\/wp-json\/wp\/v2\/pages"}],"about":[{"href":"https:\/\/swisslasik.ch\/tr\/wp-json\/wp\/v2\/types\/page"}],"author":[{"embeddable":true,"href":"https:\/\/swisslasik.ch\/tr\/wp-json\/wp\/v2\/users\/4"}],"replies":[{"embeddable":true,"href":"https:\/\/swisslasik.ch\/tr\/wp-json\/wp\/v2\/comments?post=3650"}],"version-history":[{"count":7,"href":"https:\/\/swisslasik.ch\/tr\/wp-json\/wp\/v2\/pages\/3650\/revisions"}],"predecessor-version":[{"id":4831,"href":"https:\/\/swisslasik.ch\/tr\/wp-json\/wp\/v2\/pages\/3650\/revisions\/4831"}],"wp:attachment":[{"href":"https:\/\/swisslasik.ch\/tr\/wp-json\/wp\/v2\/media?parent=3650"}],"curies":[{"name":"wp","href":"https:\/\/api.w.org\/{rel}","templated":true}]}}