{"id":3654,"date":"2025-09-24T14:19:40","date_gmt":"2025-09-24T13:19:40","guid":{"rendered":"https:\/\/swisslasik.ch\/patientenberichte-augen-lasern\/max-muellerin-22-martta-istanbulda-gerceklestirdigi-lasik-ameliyati-hakkindaki-deneyim-raporu-29-haziran-2011-carsamba-tarihli-rapor\/"},"modified":"2026-01-14T18:56:29","modified_gmt":"2026-01-14T17:56:29","slug":"max-muellerin-22-martta-istanbulda-gerceklestirdigi-lasik-ameliyati-hakkindaki-deneyim-raporu-29-haziran-2011-carsamba-tarihli-rapor","status":"publish","type":"page","link":"https:\/\/swisslasik.ch\/tr\/patientenberichte-augen-lasern\/max-muellerin-22-martta-istanbulda-gerceklestirdigi-lasik-ameliyati-hakkindaki-deneyim-raporu-29-haziran-2011-carsamba-tarihli-rapor\/","title":{"rendered":"Max M\u00fcller&#8217;in 22 Mart&#8217;ta \u0130stanbul&#8217;da ger\u00e7ekle\u015ftirdi\u011fi LASIK ameliyat\u0131 hakk\u0131ndaki deneyim raporu \u2013 29 Haziran 2011 \u00c7ar\u015famba tarihli rapor."},"content":{"rendered":"\n<h3 class=\"wp-block-heading\">Max M\u00fcller&#8217;in 22 Mart&#8217;ta \u0130stanbul&#8217;da ger\u00e7ekle\u015ftirdi\u011fi LASIK ameliyat\u0131 hakk\u0131ndaki deneyim raporu \u2013 29 Haziran 2011 \u00c7ar\u015famba tarihli rapor.<\/h3>\n\n\n\n<p>G\u00f6zl\u00fcks\u00fcz spor<br>14 ya\u015f\u0131mdan beri g\u00f6zl\u00fck kullan\u0131yorum. \u0130lk ba\u015flarda sadece okulda ve i\u015fte tak\u0131yordum, daha sonra sporda da kullanmaya ba\u015flad\u0131m. K\u00fc\u00e7\u00fck kazalar nedeniyle s\u0131k s\u0131k optik\u00e7iye gitmek (e\u011filen ya da k\u0131r\u0131lan g\u00f6zl\u00fckler) zamanla al\u0131\u015fkanl\u0131k h\u00e2line geldi ve bu y\u00fczden mutlaka kontakt lens kullanmak istedim. Ne yaz\u0131k ki bu benim i\u00e7in hi\u00e7bir zaman tatmin edici olmad\u0131. Astigmat\u0131m oldu\u011fu i\u00e7in g\u00fcnl\u00fck lensler uygun de\u011fildi, yumu\u015fak ayl\u0131k lensler de istedi\u011fim sonucu vermedi. \u00c7ok s\u0131k lensler g\u00f6z kapa\u011f\u0131m\u0131n arkas\u0131na kay\u0131yor ya da d\u00f6n\u00fcyordu ve bu da g\u00f6r\u00fc\u015f\u00fcm\u00fcn bulan\u0131kla\u015fmas\u0131na neden oluyordu. Bir deneme de yar\u0131 sert lenslerle yapt\u0131m; bunlar yumu\u015fak lenslere g\u00f6re \u00e7ok daha iyi merkezleniyor, ancak daha s\u0131k kayboluyorlar ve bu da olduk\u00e7a pahal\u0131 bir \u00e7\u00f6z\u00fcm oluyor. Sonunda Titan-Flex bir g\u00f6zl\u00fck almaya karar verdim ve g\u00f6zl\u00fcks\u00fcz spor hayalimi rafa kald\u0131rd\u0131m.<br>Lazer tedavisi art\u0131k rutin<br>Bug\u00fcn neredeyse 50 ya\u015f\u0131nday\u0131m ve h\u00e2l\u00e2 sporu \u00e7ok seviyorum. G\u00f6zl\u00fcks\u00fcz spor yapma iste\u011fi yeniden g\u00fcndeme geldi. LASIK art\u0131k uzun zamand\u0131r rutin bir operasyon. \u0130svi\u00e7re\u2019de ameliyat h\u00e2l\u00e2 pahal\u0131 oldu\u011fu i\u00e7in bu konuyla ciddi \u015fekilde ilgilenmemi engelliyordu. Ancak yakla\u015f\u0131k 3 y\u0131l \u00f6nce tekrar optik\u00e7iye gitmem, konuyu yeniden ve daha detayl\u0131 d\u00fc\u015f\u00fcnmeme neden oldu. Bu arada ya\u015fa ba\u011fl\u0131 yak\u0131n g\u00f6rme sorunu da ba\u015flam\u0131\u015ft\u0131 ve g\u00f6zl\u00fck d\u00fczeltmesi art\u0131k sadece progresif camlarla m\u00fcmk\u00fcn oluyordu. Her \u00fc\u00e7 y\u0131lda bir yakla\u015f\u0131k 1200 \u0130svi\u00e7re Frang\u0131\u2019na mal olan g\u00f6zl\u00fcklerle kar\u015f\u0131la\u015ft\u0131r\u0131ld\u0131\u011f\u0131nda, pahal\u0131 g\u00f6r\u00fcnen LASIK asl\u0131nda daha mant\u0131kl\u0131 h\u00e2le geliyordu. G\u00f6zl\u00fcks\u00fcz ya\u015fama hayalinin yan\u0131 s\u0131ra, bu \u00e7\u00f6z\u00fcm ekonomik olarak da daha avantajl\u0131yd\u0131.<br>\u0130svi\u00e7re\u2019de \u00f6n muayene<br>Uygun bir klinik aray\u0131\u015f\u0131nda internet \u00fczerinden bir\u00e7ok teklifi inceledim. K\u0131sa s\u00fcrede, bir karara varmadan \u00f6nce mutlaka ba\u011f\u0131ms\u0131z bir \u00f6n muayene yapt\u0131rmak istedi\u011fim netle\u015fti. Muayene sonras\u0131 elde etti\u011fim bilgilerle sakin bir \u015fekilde d\u00fc\u015f\u00fcn\u00fcp, hangi ameliyat tekni\u011finin bana uygun oldu\u011funa karar vermek istiyordum. Bu nedenle \u00f6n muayenenin mutlaka \u0130svi\u00e7re\u2019de yap\u0131lmas\u0131 gerekiyordu. T\u00fcm se\u00e7enekler aras\u0131ndan geriye sadece Swisslasik ve \u0130svi\u00e7re\u2019deki klinikler kald\u0131.<br>Yurt d\u0131\u015f\u0131nda ameliyat karar\u0131<br>15 y\u0131l\u0131 a\u015fk\u0131n s\u00fcredir, oftalmoloji alan\u0131nda cihazlar \u00fcreten ve satan bir \u015firkette \u00e7al\u0131\u015f\u0131yorum. D\u00fcnya \u00e7ap\u0131nda, \u0130stanbul d\u00e2hil bir\u00e7ok yere \u00fcr\u00fcn g\u00f6nderiyoruz. E\u011fitim ve altyap\u0131 a\u00e7\u0131s\u0131ndan, \u0130svi\u00e7re\u2019deki kliniklerle ilgili ula\u015fabildi\u011fim bilgiler aras\u0131nda herhangi bir fark g\u00f6remedim. Fiyat konusunda ise fark \u00e7ok netti.<br>Swisslasik taraf\u0131ndan organizasyon<br>K\u0131sa bir e-posta yaz\u0131\u015fmas\u0131ndan sonra Swisslasik ameliyat\u0131m\u0131 planlad\u0131 ve t\u00fcm organizasyonu yapt\u0131. \u00d6nce \u0130svi\u00e7re\u2019de \u00f6n muayene, ard\u0131ndan \u0130stanbul yolculu\u011fu i\u00e7in u\u00e7ak, otel ve klinik randevular\u0131 ayarland\u0131. Ben de bu f\u0131rsat\u0131 de\u011ferlendirerek seyahatimi iki g\u00fcn uzatt\u0131m. T\u00fcm belgeler zaman\u0131nda elime ula\u015ft\u0131. \u00d6zellikle cep kitab\u0131 format\u0131ndaki k\u00fc\u00e7\u00fck Swisslasik Pasaportu \u00e7ok faydal\u0131yd\u0131; gerekli t\u00fcm bilgileri d\u00fczenli ve kronolojik bir \u015fekilde i\u00e7eriyordu.                            U\u00e7ak rezervasyon numaras\u0131n\u0131n da yer ald\u0131\u011f\u0131 bu belgelerle yolculuk ve ameliyat s\u00fcrecimiz ba\u015flad\u0131. U\u00e7a\u011f\u0131m\u0131z zaman\u0131nda kalkt\u0131. Otele transferimiz EyeStar Klini\u011fi\u2019nden bir g\u00f6revli taraf\u0131ndan yap\u0131ld\u0131. Var\u0131\u015f salonunda EyeStar tabelas\u0131n\u0131 hemen fark ettik, bizi zaten bekliyorlard\u0131. Almanca olarak nazik\u00e7e kar\u015f\u0131land\u0131k. EyeStar \u00e7al\u0131\u015fan\u0131, e\u015fimin bagajlar\u0131yla da ilgilendi. Yolculuk s\u0131ras\u0131nda kendisiyle sohbet etme ve ameliyat\u0131n nas\u0131l ilerleyece\u011fini bir kez daha konu\u015fma f\u0131rsat\u0131m\u0131z oldu. Otele giri\u015f yapt\u0131ktan sonra, klini\u011fe yap\u0131lacak \u00f6n muayene transferinin saatini bana tekrar net bir \u015fekilde bildirdi ve vedala\u015ft\u0131. Otel \u00e7ok merkezi bir konumdayd\u0131; klini\u011fe ve al\u0131\u015fveri\u015f caddesi Taksim\u2019e y\u00fcr\u00fcyerek yakla\u015f\u0131k 5 dakika mesafedeydi.<br>EyeStar \u00e7al\u0131\u015fan\u0131 tam saatinde geldi ve beni \u00f6n muayene i\u00e7in klini\u011fe g\u00f6t\u00fcrd\u00fc. Klini\u011fe vard\u0131\u011f\u0131mda \u0130svi\u00e7re Almancas\u0131\u2019n\u0131n Bern leh\u00e7esiyle kar\u015f\u0131land\u0131m. Hi\u00e7 bekleme yoktu, seri bir i\u015flem havas\u0131 kesinlikle yoktu. Doktor ve uzman sa\u011fl\u0131k personeli bana yeterince zaman ay\u0131rd\u0131. Asl\u0131nda gerek olmamas\u0131na ra\u011fmen bir terc\u00fcman her kelimeyi Almanca\u2019ya \u00e7evirdi. \u0130ngilizce de rahatl\u0131kla anla\u015fabiliyorduk. Klinik personeli, hi\u00e7bir bilginin eksik kalmamas\u0131na \u00f6zellikle \u00f6zen g\u00f6steriyordu. \u00d6n muayenelerden sonra, bana teklif edilmesine ra\u011fmen sonraki klinik ziyaretleri i\u00e7in refakat\u00e7i istemedim.<br>Ameliyat\u0131n kendisi benim i\u00e7in \u015fa\u015f\u0131rt\u0131c\u0131 derecede k\u0131sa s\u00fcrd\u00fc. Her iki g\u00f6ze de uyu\u015fturucu damlalar damlat\u0131ld\u0131, yakla\u015f\u0131k 30 dakika beklendi ve ard\u0131ndan ameliyathaneye al\u0131nd\u0131m. \u00d6nce bone ve \u00f6nl\u00fck giydirildi, ard\u0131ndan steril temizlik yap\u0131ld\u0131, g\u00f6z \u00e7evresi kapat\u0131ld\u0131 ve g\u00f6z k\u0131rpmay\u0131 engelleyen bir halka yerle\u015ftirildi. Daha sonra lazerin alt\u0131na al\u0131nd\u0131m. \u00d6nce g\u00f6zlerden birindeki koruyucu film \u00e7\u0131kar\u0131ld\u0131. Daha \u00f6nce anlat\u0131ld\u0131\u011f\u0131 gibi k\u0131rm\u0131z\u0131 bir nokta belirdi ve ona odakland\u0131m. Lazerin \u00e7al\u0131\u015fmas\u0131 her g\u00f6z i\u00e7in yakla\u015f\u0131k 7 saniye s\u00fcrd\u00fc ve tamamen a\u011fr\u0131s\u0131zd\u0131. Asistan beni karanl\u0131k bir odaya g\u00f6t\u00fcrd\u00fc. Orada yakla\u015f\u0131k 30 dakika bir sedyede dinlendim, ard\u0131ndan g\u00f6rme testine al\u0131nd\u0131m. Testler, beklenenden daha iyi sonu\u00e7lar g\u00f6sterdi. \u00d6n muayenelerde, ya\u015fa ba\u011fl\u0131 yak\u0131n g\u00f6rme problemi nedeniyle okuma g\u00f6zl\u00fc\u011f\u00fc gerekebilece\u011fi s\u00f6ylenmi\u015fti, ancak elde edilen iyi sonu\u00e7 sayesinde buna gerek kalmad\u0131. EyeStar Klini\u011fi\u2019ne giri\u015fimden yakla\u015f\u0131k 3 saat sonra, hi\u00e7bir refakat\u00e7i olmadan otele geri d\u00f6nd\u00fcm. G\u00f6r\u00fc\u015f\u00fcm net ve keskindi, ger\u00e7ekten harikayd\u0131. Tavsiye edildi\u011fi gibi tekrar uzan\u0131p dinlendim. G\u00f6zlerim sulanmaya ba\u015flad\u0131, ancak bu durum yakla\u015f\u0131k 2\u20133 saat sonra ge\u00e7ti ve herhangi bir a\u011fr\u0131ya yol a\u00e7mad\u0131.<br>\u0130stanbul ve insanlar\u0131<br>\u0130stanbul\u2019u en g\u00fczel haliyle ya\u015fad\u0131k; camiler, \u00e7ar\u015f\u0131lar, Asya\u2019ya a\u00e7\u0131lan kap\u0131\u2026 Bekledi\u011fimiz gibiydi. Ancak en g\u00fczel ve kal\u0131c\u0131 izlenim, insanlard\u0131. Yard\u0131msever, g\u00fcler y\u00fczl\u00fcyd\u00fcler; kendimizi rahat ve g\u00fcvende hissettik.                                   Klinikte bulundu\u011fum s\u00fcre boyunca e\u015fim hi\u00e7bir sorun ya\u015famadan tek ba\u015f\u0131na al\u0131\u015fveri\u015f yapabildi. \u0130stanbul bir d\u00fcnya \u015fehridir ve bizim \u00fclkemizdeki herhangi bir \u015fehirden daha tehlikeli de\u011fildir.<br>3 ay sonra<br>Bu s\u00fcre i\u00e7inde \u0131\u015f\u0131k hassasiyeti tamamen ge\u00e7ti. G\u00f6z kaslar\u0131 normale d\u00f6nd\u00fc. \u00d6zellikle progresif caml\u0131 g\u00f6zl\u00fck kullanan ki\u015filerde, g\u00f6zler bak\u0131lan mesafeye g\u00f6re cam\u0131n farkl\u0131 bir noktas\u0131ndan odaklanmaya al\u0131\u015fk\u0131nd\u0131r. Bu otomatik al\u0131\u015fkanl\u0131k ilk haftalarda g\u00f6z\u00fc biraz \u015fa\u015f\u0131rt\u0131r, ancak zamanla tamamen ortadan kalkar. \u0130\u015fte tam bu noktada ameliyat\u0131n ger\u00e7ekten tam anlam\u0131yla ba\u015far\u0131l\u0131 oldu\u011funu anlad\u0131m.<br>Max M\u00fcller       <\/p>\n\n\n\n<div class=\"wp-block-group is-layout-grid wp-container-core-group-is-layout-baef362d wp-block-group-is-layout-grid\">\n<p><a href=\"https:\/\/medicaltravel.at\/home\/agb\/\" data-type=\"page\" data-id=\"2191\" rel=\"nofollow noopener\" target=\"_blank\"><\/a><a href=\"https:\/\/swisslasik.ch\/tr\/patientenberichte-augen-lasern\/istanbulda-goez-ameliyatlari-yasam-kalitesinde-bueyuek-artis-3-agustos-2011-carsamba-tarihli-rapor\/\" data-type=\"link\" data-id=\"https:\/\/swisslasik.ch\/tr\/patientenberichte-augen-lasern\/istanbulda-goez-ameliyatlari-yasam-kalitesinde-bueyuek-artis-3-agustos-2011-carsamba-tarihli-rapor\/\">\u00d6nceki rapor<\/a><\/p>\n\n\n\n<p class=\"has-text-align-right wp-container-content-5e2576f9\"><a href=\"https:\/\/medicaltravel.at\/home\/impressum\/\" data-type=\"page\" data-id=\"2193\" rel=\"nofollow noopener\" target=\"_blank\"><\/a><a href=\"https:\/\/medicaltravel.at\/home\/berichte-von-patienten\/erfahrungsberichte\/erfahrungsbericht-zahnbehandlung-in-istanbul\/\" data-type=\"page\" data-id=\"981\" rel=\"nofollow noopener\" target=\"_blank\"><\/a><a href=\"https:\/\/swisslasik.ch\/tr\/patientenberichte-augen-lasern\/21-nisan-2011deki-goez-lazer-ameliyati-yolculugum-13-haziran-2011-pazartesi-tarihli-rapor\/\" data-type=\"link\" data-id=\"https:\/\/swisslasik.ch\/tr\/patientenberichte-augen-lasern\/21-nisan-2011deki-goez-lazer-ameliyati-yolculugum-13-haziran-2011-pazartesi-tarihli-rapor\/\">Bir Sonraki Rapor<br><\/a><\/p>\n<\/div>\n","protected":false},"excerpt":{"rendered":"<p>Max M\u00fcller&#8217;in 22 Mart&#8217;ta \u0130stanbul&#8217;da ger\u00e7ekle\u015ftirdi\u011fi LASIK ameliyat\u0131 hakk\u0131ndaki deneyim raporu \u2013 29 Haziran 2011 \u00c7ar\u015famba tarihli rapor. G\u00f6zl\u00fcks\u00fcz spor14 ya\u015f\u0131mdan beri g\u00f6zl\u00fck kullan\u0131yorum. \u0130lk ba\u015flarda sadece okulda ve i\u015fte tak\u0131yordum, daha sonra sporda da kullanmaya ba\u015flad\u0131m. K\u00fc\u00e7\u00fck kazalar nedeniyle s\u0131k s\u0131k optik\u00e7iye gitmek (e\u011filen ya da k\u0131r\u0131lan g\u00f6zl\u00fckler) zamanla al\u0131\u015fkanl\u0131k h\u00e2line geldi ve bu y\u00fczden mutlaka kontakt lens kullanmak istedim. Ne yaz\u0131k ki bu benim i\u00e7in hi\u00e7bir zaman tatmin edici olmad\u0131. Astigmat\u0131m oldu\u011fu i\u00e7in g\u00fcnl\u00fck lensler uygun de\u011fildi, yumu\u015fak ayl\u0131k lensler de istedi\u011fim sonucu vermedi. \u00c7ok s\u0131k lensler g\u00f6z kapa\u011f\u0131m\u0131n arkas\u0131na kay\u0131yor ya da d\u00f6n\u00fcyordu ve bu da g\u00f6r\u00fc\u015f\u00fcm\u00fcn bulan\u0131kla\u015fmas\u0131na neden oluyordu. Bir deneme de yar\u0131 sert lenslerle yapt\u0131m; bunlar yumu\u015fak lenslere g\u00f6re \u00e7ok daha iyi merkezleniyor, ancak daha s\u0131k kayboluyorlar ve bu da olduk\u00e7a pahal\u0131 bir \u00e7\u00f6z\u00fcm oluyor. Sonunda Titan-Flex bir g\u00f6zl\u00fck almaya karar verdim ve g\u00f6zl\u00fcks\u00fcz spor hayalimi rafa kald\u0131rd\u0131m.Lazer tedavisi art\u0131k rutinBug\u00fcn neredeyse 50 ya\u015f\u0131nday\u0131m ve h\u00e2l\u00e2 sporu \u00e7ok seviyorum. G\u00f6zl\u00fcks\u00fcz spor yapma iste\u011fi yeniden g\u00fcndeme geldi. LASIK art\u0131k uzun zamand\u0131r rutin bir operasyon. \u0130svi\u00e7re\u2019de ameliyat h\u00e2l\u00e2 pahal\u0131 oldu\u011fu i\u00e7in bu konuyla ciddi \u015fekilde ilgilenmemi engelliyordu. Ancak yakla\u015f\u0131k 3 y\u0131l \u00f6nce tekrar optik\u00e7iye gitmem, konuyu yeniden ve daha detayl\u0131 d\u00fc\u015f\u00fcnmeme neden oldu. Bu arada ya\u015fa ba\u011fl\u0131 yak\u0131n g\u00f6rme sorunu da ba\u015flam\u0131\u015ft\u0131 ve g\u00f6zl\u00fck d\u00fczeltmesi art\u0131k sadece progresif camlarla m\u00fcmk\u00fcn oluyordu. Her \u00fc\u00e7 y\u0131lda bir yakla\u015f\u0131k 1200 \u0130svi\u00e7re Frang\u0131\u2019na mal olan g\u00f6zl\u00fcklerle kar\u015f\u0131la\u015ft\u0131r\u0131ld\u0131\u011f\u0131nda, pahal\u0131 g\u00f6r\u00fcnen LASIK asl\u0131nda daha mant\u0131kl\u0131 h\u00e2le geliyordu. G\u00f6zl\u00fcks\u00fcz ya\u015fama hayalinin yan\u0131 s\u0131ra, bu \u00e7\u00f6z\u00fcm ekonomik olarak da daha avantajl\u0131yd\u0131.\u0130svi\u00e7re\u2019de \u00f6n muayeneUygun bir klinik aray\u0131\u015f\u0131nda internet \u00fczerinden bir\u00e7ok teklifi inceledim. K\u0131sa s\u00fcrede, bir karara varmadan \u00f6nce mutlaka ba\u011f\u0131ms\u0131z bir \u00f6n muayene yapt\u0131rmak istedi\u011fim netle\u015fti. Muayene sonras\u0131 elde etti\u011fim bilgilerle sakin bir \u015fekilde d\u00fc\u015f\u00fcn\u00fcp, hangi ameliyat tekni\u011finin bana uygun oldu\u011funa karar vermek istiyordum. Bu nedenle \u00f6n muayenenin mutlaka \u0130svi\u00e7re\u2019de yap\u0131lmas\u0131 gerekiyordu. T\u00fcm se\u00e7enekler aras\u0131ndan geriye sadece Swisslasik ve \u0130svi\u00e7re\u2019deki klinikler kald\u0131.Yurt d\u0131\u015f\u0131nda ameliyat karar\u013115 y\u0131l\u0131 a\u015fk\u0131n s\u00fcredir, oftalmoloji alan\u0131nda cihazlar \u00fcreten ve satan bir \u015firkette \u00e7al\u0131\u015f\u0131yorum. D\u00fcnya \u00e7ap\u0131nda, \u0130stanbul d\u00e2hil bir\u00e7ok yere \u00fcr\u00fcn g\u00f6nderiyoruz. E\u011fitim ve altyap\u0131 a\u00e7\u0131s\u0131ndan, \u0130svi\u00e7re\u2019deki kliniklerle ilgili ula\u015fabildi\u011fim bilgiler aras\u0131nda herhangi bir fark g\u00f6remedim. Fiyat konusunda ise fark \u00e7ok netti.Swisslasik taraf\u0131ndan organizasyonK\u0131sa bir e-posta yaz\u0131\u015fmas\u0131ndan sonra Swisslasik ameliyat\u0131m\u0131 planlad\u0131 ve t\u00fcm organizasyonu yapt\u0131. \u00d6nce \u0130svi\u00e7re\u2019de \u00f6n muayene, ard\u0131ndan \u0130stanbul yolculu\u011fu i\u00e7in u\u00e7ak, otel ve klinik randevular\u0131 ayarland\u0131. Ben de bu f\u0131rsat\u0131 de\u011ferlendirerek seyahatimi iki g\u00fcn uzatt\u0131m. T\u00fcm belgeler zaman\u0131nda elime ula\u015ft\u0131. \u00d6zellikle cep kitab\u0131 format\u0131ndaki k\u00fc\u00e7\u00fck Swisslasik Pasaportu \u00e7ok faydal\u0131yd\u0131; gerekli t\u00fcm bilgileri d\u00fczenli ve kronolojik bir \u015fekilde i\u00e7eriyordu. U\u00e7ak rezervasyon numaras\u0131n\u0131n da yer ald\u0131\u011f\u0131 bu belgelerle yolculuk ve ameliyat s\u00fcrecimiz ba\u015flad\u0131. U\u00e7a\u011f\u0131m\u0131z zaman\u0131nda kalkt\u0131. Otele transferimiz EyeStar Klini\u011fi\u2019nden bir g\u00f6revli taraf\u0131ndan yap\u0131ld\u0131. Var\u0131\u015f salonunda EyeStar tabelas\u0131n\u0131 hemen fark ettik, bizi zaten bekliyorlard\u0131. Almanca olarak nazik\u00e7e kar\u015f\u0131land\u0131k. EyeStar \u00e7al\u0131\u015fan\u0131, e\u015fimin bagajlar\u0131yla da ilgilendi. Yolculuk s\u0131ras\u0131nda kendisiyle sohbet etme ve ameliyat\u0131n nas\u0131l ilerleyece\u011fini bir kez daha konu\u015fma f\u0131rsat\u0131m\u0131z oldu. Otele giri\u015f yapt\u0131ktan sonra, klini\u011fe yap\u0131lacak \u00f6n muayene transferinin saatini bana tekrar net bir \u015fekilde bildirdi ve vedala\u015ft\u0131. Otel \u00e7ok merkezi bir konumdayd\u0131; klini\u011fe ve al\u0131\u015fveri\u015f caddesi Taksim\u2019e y\u00fcr\u00fcyerek yakla\u015f\u0131k 5 dakika mesafedeydi.EyeStar \u00e7al\u0131\u015fan\u0131 tam saatinde geldi ve beni \u00f6n muayene i\u00e7in klini\u011fe g\u00f6t\u00fcrd\u00fc. Klini\u011fe vard\u0131\u011f\u0131mda \u0130svi\u00e7re Almancas\u0131\u2019n\u0131n Bern leh\u00e7esiyle kar\u015f\u0131land\u0131m. Hi\u00e7 bekleme yoktu, seri bir i\u015flem havas\u0131 kesinlikle yoktu. Doktor ve uzman sa\u011fl\u0131k personeli bana yeterince zaman ay\u0131rd\u0131. Asl\u0131nda gerek olmamas\u0131na ra\u011fmen bir terc\u00fcman her kelimeyi Almanca\u2019ya \u00e7evirdi. \u0130ngilizce de rahatl\u0131kla anla\u015fabiliyorduk. Klinik personeli, hi\u00e7bir bilginin eksik kalmamas\u0131na \u00f6zellikle \u00f6zen g\u00f6steriyordu. \u00d6n muayenelerden sonra, bana teklif edilmesine ra\u011fmen sonraki klinik ziyaretleri i\u00e7in refakat\u00e7i istemedim.Ameliyat\u0131n kendisi benim i\u00e7in \u015fa\u015f\u0131rt\u0131c\u0131 derecede k\u0131sa s\u00fcrd\u00fc. Her iki g\u00f6ze de uyu\u015fturucu damlalar damlat\u0131ld\u0131, yakla\u015f\u0131k 30 dakika beklendi ve ard\u0131ndan ameliyathaneye al\u0131nd\u0131m. \u00d6nce bone ve \u00f6nl\u00fck giydirildi, ard\u0131ndan steril temizlik yap\u0131ld\u0131, g\u00f6z \u00e7evresi kapat\u0131ld\u0131 ve g\u00f6z k\u0131rpmay\u0131 engelleyen bir halka yerle\u015ftirildi. Daha sonra lazerin alt\u0131na al\u0131nd\u0131m. \u00d6nce g\u00f6zlerden birindeki koruyucu film \u00e7\u0131kar\u0131ld\u0131. Daha \u00f6nce anlat\u0131ld\u0131\u011f\u0131 gibi k\u0131rm\u0131z\u0131 bir nokta belirdi ve ona odakland\u0131m. Lazerin \u00e7al\u0131\u015fmas\u0131 her g\u00f6z i\u00e7in yakla\u015f\u0131k 7 saniye s\u00fcrd\u00fc ve tamamen a\u011fr\u0131s\u0131zd\u0131. Asistan beni karanl\u0131k bir odaya g\u00f6t\u00fcrd\u00fc. Orada yakla\u015f\u0131k 30 dakika bir sedyede dinlendim, ard\u0131ndan g\u00f6rme testine al\u0131nd\u0131m. Testler, beklenenden daha iyi sonu\u00e7lar g\u00f6sterdi. \u00d6n muayenelerde, ya\u015fa ba\u011fl\u0131 yak\u0131n g\u00f6rme problemi nedeniyle okuma g\u00f6zl\u00fc\u011f\u00fc gerekebilece\u011fi s\u00f6ylenmi\u015fti, ancak elde edilen iyi sonu\u00e7 sayesinde buna gerek kalmad\u0131. EyeStar Klini\u011fi\u2019ne giri\u015fimden yakla\u015f\u0131k 3 saat sonra, hi\u00e7bir refakat\u00e7i olmadan otele geri d\u00f6nd\u00fcm. G\u00f6r\u00fc\u015f\u00fcm net ve keskindi, ger\u00e7ekten harikayd\u0131. Tavsiye edildi\u011fi gibi tekrar uzan\u0131p dinlendim. G\u00f6zlerim sulanmaya ba\u015flad\u0131, ancak bu durum yakla\u015f\u0131k 2\u20133 saat sonra ge\u00e7ti ve herhangi bir a\u011fr\u0131ya yol a\u00e7mad\u0131.\u0130stanbul ve insanlar\u0131\u0130stanbul\u2019u en g\u00fczel haliyle ya\u015fad\u0131k; camiler, \u00e7ar\u015f\u0131lar, Asya\u2019ya a\u00e7\u0131lan kap\u0131\u2026 Bekledi\u011fimiz gibiydi. Ancak en g\u00fczel ve kal\u0131c\u0131 izlenim, insanlard\u0131. Yard\u0131msever, g\u00fcler y\u00fczl\u00fcyd\u00fcler; kendimizi rahat ve g\u00fcvende hissettik. Klinikte bulundu\u011fum s\u00fcre boyunca e\u015fim hi\u00e7bir sorun ya\u015famadan tek ba\u015f\u0131na al\u0131\u015fveri\u015f yapabildi. \u0130stanbul bir d\u00fcnya \u015fehridir ve bizim \u00fclkemizdeki herhangi bir \u015fehirden daha tehlikeli de\u011fildir.3 ay sonraBu s\u00fcre i\u00e7inde \u0131\u015f\u0131k hassasiyeti tamamen ge\u00e7ti. G\u00f6z kaslar\u0131 normale d\u00f6nd\u00fc. \u00d6zellikle progresif caml\u0131 g\u00f6zl\u00fck kullanan ki\u015filerde, g\u00f6zler bak\u0131lan mesafeye g\u00f6re cam\u0131n farkl\u0131 bir noktas\u0131ndan odaklanmaya al\u0131\u015fk\u0131nd\u0131r. Bu otomatik al\u0131\u015fkanl\u0131k ilk haftalarda g\u00f6z\u00fc biraz \u015fa\u015f\u0131rt\u0131r, ancak zamanla tamamen ortadan kalkar. \u0130\u015fte tam bu noktada ameliyat\u0131n ger\u00e7ekten tam anlam\u0131yla ba\u015far\u0131l\u0131 oldu\u011funu anlad\u0131m.Max M\u00fcller \u00d6nceki rapor Bir Sonraki Rapor<\/p>\n","protected":false},"author":4,"featured_media":0,"parent":3650,"menu_order":0,"comment_status":"closed","ping_status":"closed","template":"","meta":{"_joinchat":[],"footnotes":""},"class_list":["post-3654","page","type-page","status-publish","hentry"],"acf":[],"_links":{"self":[{"href":"https:\/\/swisslasik.ch\/tr\/wp-json\/wp\/v2\/pages\/3654","targetHints":{"allow":["GET"]}}],"collection":[{"href":"https:\/\/swisslasik.ch\/tr\/wp-json\/wp\/v2\/pages"}],"about":[{"href":"https:\/\/swisslasik.ch\/tr\/wp-json\/wp\/v2\/types\/page"}],"author":[{"embeddable":true,"href":"https:\/\/swisslasik.ch\/tr\/wp-json\/wp\/v2\/users\/4"}],"replies":[{"embeddable":true,"href":"https:\/\/swisslasik.ch\/tr\/wp-json\/wp\/v2\/comments?post=3654"}],"version-history":[{"count":2,"href":"https:\/\/swisslasik.ch\/tr\/wp-json\/wp\/v2\/pages\/3654\/revisions"}],"predecessor-version":[{"id":4791,"href":"https:\/\/swisslasik.ch\/tr\/wp-json\/wp\/v2\/pages\/3654\/revisions\/4791"}],"up":[{"embeddable":true,"href":"https:\/\/swisslasik.ch\/tr\/wp-json\/wp\/v2\/pages\/3650"}],"wp:attachment":[{"href":"https:\/\/swisslasik.ch\/tr\/wp-json\/wp\/v2\/media?parent=3654"}],"curies":[{"name":"wp","href":"https:\/\/api.w.org\/{rel}","templated":true}]}}