{"id":3656,"date":"2025-09-24T14:18:41","date_gmt":"2025-09-24T13:18:41","guid":{"rendered":"https:\/\/swisslasik.ch\/patientenberichte-augen-lasern\/istanbulda-goez-ameliyatlari-yasam-kalitesinde-bueyuek-artis-3-agustos-2011-carsamba-tarihli-rapor\/"},"modified":"2026-01-14T18:54:57","modified_gmt":"2026-01-14T17:54:57","slug":"istanbulda-goez-ameliyatlari-yasam-kalitesinde-bueyuek-artis-3-agustos-2011-carsamba-tarihli-rapor","status":"publish","type":"page","link":"https:\/\/swisslasik.ch\/tr\/patientenberichte-augen-lasern\/istanbulda-goez-ameliyatlari-yasam-kalitesinde-bueyuek-artis-3-agustos-2011-carsamba-tarihli-rapor\/","title":{"rendered":"\u0130stanbul&#8217;da g\u00f6z ameliyatlar\u0131 \u2013 ya\u015fam kalitesinde b\u00fcy\u00fck art\u0131\u015f \u2013 3 A\u011fustos 2011 \u00c7ar\u015famba tarihli rapor"},"content":{"rendered":"\n<h3 class=\"wp-block-heading\">\u0130stanbul&#8217;da g\u00f6z ameliyatlar\u0131 \u2013 ya\u015fam kalitesinde b\u00fcy\u00fck art\u0131\u015f \u2013 3 A\u011fustos 2011 \u00c7ar\u015famba tarihli rapor<\/h3>\n\n\n\n<p>Merhaba Swisslasik<br>Bu y\u0131l g\u00f6z doktorumdan kontakt lens kullanmamam gerekti\u011fine dair bir yasak ald\u0131ktan sonra ve g\u00f6zl\u00fc\u011f\u00fcm\u00fcn hem sporda hem de g\u00fcnl\u00fck hayatta beni s\u0131k\u00e7a rahats\u0131z etmesi nedeniyle, bu bahar g\u00f6zleri lazerle d\u00fczeltme konusunu daha ciddi \u015fekilde ele almaya ba\u015flad\u0131m. Migros Dergisi\u2019nde \u0130stanbul\u2019da g\u00f6z lazeri yap\u0131lmas\u0131yla ilgili detayl\u0131 bir yaz\u0131 okuduktan ve internette de neredeyse sadece olumlu yorumlara rastlad\u0131ktan sonra, bu operasyonu Swisslasik arac\u0131l\u0131\u011f\u0131yla yapt\u0131rmaya karar verdim.<br>Y\u00fckseli\u015f Bayram\u0131 tatilinde iki arkada\u015f\u0131mla birlikte \u0130stanbul\u2019a u\u00e7tuk ve kendimize iki kez net g\u00f6r\u00fc\u015f hediye ettik. U\u00e7aktan iner inmez, oradaki ekip taraf\u0131ndan kusursuz bir Almanca ile kar\u015f\u0131land\u0131k ve k\u0131sa s\u00fcre sonra feribotla \u0130stanbul merkezine do\u011fru yola \u00e7\u0131kt\u0131k. Merkeze y\u00fcr\u00fcyerek yakla\u015f\u0131k 5 dakika mesafede, sakin bir semtte bulunan k\u00fc\u00e7\u00fck ama \u015firin bir otele yerle\u015ftirildik. Kar\u015f\u0131lama \u00e7ok samimiydi, odalar modern ve kullan\u0131\u015fl\u0131yd\u0131, internet ba\u011flant\u0131s\u0131 da sorunsuzdu. Ard\u0131ndan bize, 24 saat i\u00e7inde art\u0131k g\u00f6zl\u00fc\u011fe ihtiya\u00e7 duymayaca\u011f\u0131m\u0131z s\u00f6ylendi ama her \u015fey s\u0131ras\u0131yla ilerledi.<br>Ertesi sabah saat 10.00\u2019da al\u0131nd\u0131k ve birka\u00e7 sakin sokaktan ge\u00e7tikten sonra EyeStar Klini\u011fi\u2019ne vard\u0131k. D\u0131\u015far\u0131dan bak\u0131ld\u0131\u011f\u0131nda \u00e7ok dikkat \u00e7ekici olmayan bina, i\u00e7eride son derece modern ve y\u00fcksek teknolojili bir klinik olarak kar\u015f\u0131m\u0131za \u00e7\u0131kt\u0131. K\u0131sa bir bekleme s\u00fcresinin ard\u0131ndan Almanca konu\u015fan bir doktor ekibi taraf\u0131ndan detayl\u0131 bir muayeneden ge\u00e7irildik. \u0130svi\u00e7re\u2019de yap\u0131lan testlerin ayn\u0131s\u0131 burada da yap\u0131ld\u0131. Son de\u011ferlendirme i\u00e7in ba\u015fhekimin odas\u0131na al\u0131nd\u0131k. Son derece nazik olan doktor, g\u00f6rme kusurumu bana ak\u0131c\u0131 bir \u0130ngilizce ile tekrar ayr\u0131nt\u0131l\u0131 \u015fekilde anlatt\u0131 ve benim i\u00e7in en etkili y\u00f6ntemin LASEK ameliyat\u0131 oldu\u011funu s\u00f6yledi. Operasyonun nas\u0131l yap\u0131laca\u011f\u0131 bana ad\u0131m ad\u0131m a\u00e7\u0131kland\u0131 ve hi\u00e7bir endi\u015fe etmemem gerekti\u011fi vurguland\u0131. Sonu\u00e7ta bu klinikte her g\u00fcn yakla\u015f\u0131k 10 ki\u015fi ameliyat ediliyordu; \u00e7o\u011fu \u0130svi\u00e7re, Almanya veya Avusturya\u2019dan gelen hastalard\u0131 ve \u015fimdiye kadar herhangi bir \u015fik\u00e2yet ya\u015fanmam\u0131\u015ft\u0131.<br>Biraz heyecan ama ayn\u0131 zamanda g\u00fcvenle \u00f6\u011fleden sonra ikinci kez klini\u011fe gittik. K\u0131sa s\u00fcrede mavi ameliyat \u00e7oraplar\u0131 ve steril \u00f6nl\u00fcklerle beklemeye ba\u015flad\u0131k. \u0130lk s\u0131rada ben vard\u0131m ve ne oldu\u011funu anlamadan tekrar bekleme odas\u0131ndayd\u0131m, operasyon ba\u015far\u0131yla tamamlanm\u0131\u015ft\u0131. G\u00f6zlere birka\u00e7 damla uyu\u015fturucu, birka\u00e7 profesyonel el hareketi, k\u0131sa bir k\u0131rm\u0131z\u0131 \u0131\u015f\u0131k parlamas\u0131 ve her g\u00f6z i\u00e7in sadece yakla\u015f\u0131k 10 saniyelik lazer uygulamas\u0131\u2026 Hepsi bu kadard\u0131.<br>Sonraki iki g\u00fcn boyunca, y\u00fcksek \u0131\u015f\u0131k hassasiyetine, geceleri g\u00f6zlerin sulanmas\u0131na ve hafif batma hissine ra\u011fmen \u0130stanbul\u2019daki pek \u00e7ok turistik yeri gezdik. Farkl\u0131 g\u00f6z damlalar\u0131na k\u0131sa s\u00fcrede al\u0131\u015f\u0131l\u0131yor. Her g\u00fcn k\u0131sa bir kontrol yap\u0131ld\u0131 ve iyile\u015fme s\u00fcreciyle ilgili t\u00fcm sorular yan\u0131tland\u0131. G\u00f6zlerim \u00e7ok h\u0131zl\u0131 de\u011fil ama d\u00fczenli bir \u015fekilde iyile\u015fti ve beni en \u00e7ok mutlu eden \u015fey, etraf\u0131mdaki d\u00fcnyan\u0131n giderek daha net ve daha keskin g\u00f6r\u00fcnmeye ba\u015flamas\u0131 oldu. \u0130svi\u00e7re\u2019ye d\u00f6nd\u00fckten sonra ise bir hafta boyunca okuma yaparken ya da bilgisayar ekran\u0131na bakarken biraz zorland\u0131m, bu beni biraz \u015fa\u015f\u0131rtt\u0131.                      Oluyordu ama g\u00f6zlerim \u00e7ok \u00e7abuk yoruluyor ve ara s\u0131ra k\u0131sa molalara ihtiya\u00e7 duyuyordu. \u015eimdi ise yakla\u015f\u0131k 4 hafta sonra, g\u00f6z damlalar\u0131, kontakt lensler ve g\u00f6zl\u00fck camlar\u0131 benim i\u00e7in tamamen ge\u00e7mi\u015fte kald\u0131. G\u00f6zlerim eskisine g\u00f6re biraz daha \u0131\u015f\u0131\u011fa duyarl\u0131 olsa da bu \u00e7ok k\u00fc\u00e7\u00fck ve \u00f6nemsiz bir durum. Art\u0131k g\u00f6zl\u00fck kullanmak zorunda olmamak ger\u00e7ekten inan\u0131lmaz ve zaman zaman bu ad\u0131m\u0131 neden daha \u00f6nce atmad\u0131\u011f\u0131m\u0131 sorguluyorum. G\u00fcnl\u00fck hayattaki ya\u015fam kalitesi ger\u00e7ekten \u00e7ok daha y\u00fcksek. G\u00f6zl\u00fc\u011f\u00fc art\u0131k tozlanm\u0131\u015f \u00e7er\u00e7evesiyle ta\u015f\u0131madan squash oynaman\u0131n, ko\u015fman\u0131n ya da dal\u0131\u015f yapman\u0131n ne kadar keyifli oldu\u011funu hayal edebilirsiniz.<br>David Tilge    <\/p>\n\n\n\n<div class=\"wp-block-group is-layout-grid wp-container-core-group-is-layout-baef362d wp-block-group-is-layout-grid\">\n<p><a href=\"https:\/\/medicaltravel.at\/home\/agb\/\" data-type=\"page\" data-id=\"2191\" rel=\"nofollow noopener\" target=\"_blank\"><\/a><a href=\"https:\/\/swisslasik.ch\/tr\/patientenberichte-augen-lasern\/istanbuldaki-dis-tedavim-6-agustos-2011-cumartesi-tarihli-rapor\/\" data-type=\"link\" data-id=\"https:\/\/swisslasik.ch\/tr\/patientenberichte-augen-lasern\/istanbuldaki-dis-tedavim-6-agustos-2011-cumartesi-tarihli-rapor\/\">\u00d6nceki rapor<\/a><\/p>\n\n\n\n<p class=\"has-text-align-right wp-container-content-5e2576f9\"><a href=\"https:\/\/medicaltravel.at\/home\/impressum\/\" data-type=\"page\" data-id=\"2193\" rel=\"nofollow noopener\" target=\"_blank\"><\/a><a href=\"https:\/\/medicaltravel.at\/home\/berichte-von-patienten\/erfahrungsberichte\/erfahrungsbericht-zahnbehandlung-in-istanbul\/\" data-type=\"page\" data-id=\"981\" rel=\"nofollow noopener\" target=\"_blank\"><\/a><a href=\"https:\/\/swisslasik.ch\/tr\/patientenberichte-augen-lasern\/max-muellerin-22-martta-istanbulda-gerceklestirdigi-lasik-ameliyati-hakkindaki-deneyim-raporu-29-haziran-2011-carsamba-tarihli-rapor\/\" data-type=\"link\" data-id=\"https:\/\/swisslasik.ch\/patientenberichte-augen-lasern\/augenlasik-erfahrungsbericht-von-max-muller-uber-op-vom-22-marz-in-istanbul-bericht-vom-mittwoch-29-juni-2011\/\">Bir Sonraki Rapor<br><\/a><\/p>\n<\/div>\n","protected":false},"excerpt":{"rendered":"<p>\u0130stanbul&#8217;da g\u00f6z ameliyatlar\u0131 \u2013 ya\u015fam kalitesinde b\u00fcy\u00fck art\u0131\u015f \u2013 3 A\u011fustos 2011 \u00c7ar\u015famba tarihli rapor Merhaba SwisslasikBu y\u0131l g\u00f6z doktorumdan kontakt lens kullanmamam gerekti\u011fine dair bir yasak ald\u0131ktan sonra ve g\u00f6zl\u00fc\u011f\u00fcm\u00fcn hem sporda hem de g\u00fcnl\u00fck hayatta beni s\u0131k\u00e7a rahats\u0131z etmesi nedeniyle, bu bahar g\u00f6zleri lazerle d\u00fczeltme konusunu daha ciddi \u015fekilde ele almaya ba\u015flad\u0131m. Migros Dergisi\u2019nde \u0130stanbul\u2019da g\u00f6z lazeri yap\u0131lmas\u0131yla ilgili detayl\u0131 bir yaz\u0131 okuduktan ve internette de neredeyse sadece olumlu yorumlara rastlad\u0131ktan sonra, bu operasyonu Swisslasik arac\u0131l\u0131\u011f\u0131yla yapt\u0131rmaya karar verdim.Y\u00fckseli\u015f Bayram\u0131 tatilinde iki arkada\u015f\u0131mla birlikte \u0130stanbul\u2019a u\u00e7tuk ve kendimize iki kez net g\u00f6r\u00fc\u015f hediye ettik. U\u00e7aktan iner inmez, oradaki ekip taraf\u0131ndan kusursuz bir Almanca ile kar\u015f\u0131land\u0131k ve k\u0131sa s\u00fcre sonra feribotla \u0130stanbul merkezine do\u011fru yola \u00e7\u0131kt\u0131k. Merkeze y\u00fcr\u00fcyerek yakla\u015f\u0131k 5 dakika mesafede, sakin bir semtte bulunan k\u00fc\u00e7\u00fck ama \u015firin bir otele yerle\u015ftirildik. Kar\u015f\u0131lama \u00e7ok samimiydi, odalar modern ve kullan\u0131\u015fl\u0131yd\u0131, internet ba\u011flant\u0131s\u0131 da sorunsuzdu. Ard\u0131ndan bize, 24 saat i\u00e7inde art\u0131k g\u00f6zl\u00fc\u011fe ihtiya\u00e7 duymayaca\u011f\u0131m\u0131z s\u00f6ylendi ama her \u015fey s\u0131ras\u0131yla ilerledi.Ertesi sabah saat 10.00\u2019da al\u0131nd\u0131k ve birka\u00e7 sakin sokaktan ge\u00e7tikten sonra EyeStar Klini\u011fi\u2019ne vard\u0131k. D\u0131\u015far\u0131dan bak\u0131ld\u0131\u011f\u0131nda \u00e7ok dikkat \u00e7ekici olmayan bina, i\u00e7eride son derece modern ve y\u00fcksek teknolojili bir klinik olarak kar\u015f\u0131m\u0131za \u00e7\u0131kt\u0131. K\u0131sa bir bekleme s\u00fcresinin ard\u0131ndan Almanca konu\u015fan bir doktor ekibi taraf\u0131ndan detayl\u0131 bir muayeneden ge\u00e7irildik. \u0130svi\u00e7re\u2019de yap\u0131lan testlerin ayn\u0131s\u0131 burada da yap\u0131ld\u0131. Son de\u011ferlendirme i\u00e7in ba\u015fhekimin odas\u0131na al\u0131nd\u0131k. Son derece nazik olan doktor, g\u00f6rme kusurumu bana ak\u0131c\u0131 bir \u0130ngilizce ile tekrar ayr\u0131nt\u0131l\u0131 \u015fekilde anlatt\u0131 ve benim i\u00e7in en etkili y\u00f6ntemin LASEK ameliyat\u0131 oldu\u011funu s\u00f6yledi. Operasyonun nas\u0131l yap\u0131laca\u011f\u0131 bana ad\u0131m ad\u0131m a\u00e7\u0131kland\u0131 ve hi\u00e7bir endi\u015fe etmemem gerekti\u011fi vurguland\u0131. Sonu\u00e7ta bu klinikte her g\u00fcn yakla\u015f\u0131k 10 ki\u015fi ameliyat ediliyordu; \u00e7o\u011fu \u0130svi\u00e7re, Almanya veya Avusturya\u2019dan gelen hastalard\u0131 ve \u015fimdiye kadar herhangi bir \u015fik\u00e2yet ya\u015fanmam\u0131\u015ft\u0131.Biraz heyecan ama ayn\u0131 zamanda g\u00fcvenle \u00f6\u011fleden sonra ikinci kez klini\u011fe gittik. K\u0131sa s\u00fcrede mavi ameliyat \u00e7oraplar\u0131 ve steril \u00f6nl\u00fcklerle beklemeye ba\u015flad\u0131k. \u0130lk s\u0131rada ben vard\u0131m ve ne oldu\u011funu anlamadan tekrar bekleme odas\u0131ndayd\u0131m, operasyon ba\u015far\u0131yla tamamlanm\u0131\u015ft\u0131. G\u00f6zlere birka\u00e7 damla uyu\u015fturucu, birka\u00e7 profesyonel el hareketi, k\u0131sa bir k\u0131rm\u0131z\u0131 \u0131\u015f\u0131k parlamas\u0131 ve her g\u00f6z i\u00e7in sadece yakla\u015f\u0131k 10 saniyelik lazer uygulamas\u0131\u2026 Hepsi bu kadard\u0131.Sonraki iki g\u00fcn boyunca, y\u00fcksek \u0131\u015f\u0131k hassasiyetine, geceleri g\u00f6zlerin sulanmas\u0131na ve hafif batma hissine ra\u011fmen \u0130stanbul\u2019daki pek \u00e7ok turistik yeri gezdik. Farkl\u0131 g\u00f6z damlalar\u0131na k\u0131sa s\u00fcrede al\u0131\u015f\u0131l\u0131yor. Her g\u00fcn k\u0131sa bir kontrol yap\u0131ld\u0131 ve iyile\u015fme s\u00fcreciyle ilgili t\u00fcm sorular yan\u0131tland\u0131. G\u00f6zlerim \u00e7ok h\u0131zl\u0131 de\u011fil ama d\u00fczenli bir \u015fekilde iyile\u015fti ve beni en \u00e7ok mutlu eden \u015fey, etraf\u0131mdaki d\u00fcnyan\u0131n giderek daha net ve daha keskin g\u00f6r\u00fcnmeye ba\u015flamas\u0131 oldu. \u0130svi\u00e7re\u2019ye d\u00f6nd\u00fckten sonra ise bir hafta boyunca okuma yaparken ya da bilgisayar ekran\u0131na bakarken biraz zorland\u0131m, bu beni biraz \u015fa\u015f\u0131rtt\u0131. Oluyordu ama g\u00f6zlerim \u00e7ok \u00e7abuk yoruluyor ve ara s\u0131ra k\u0131sa molalara ihtiya\u00e7 duyuyordu. \u015eimdi ise yakla\u015f\u0131k 4 hafta sonra, g\u00f6z damlalar\u0131, kontakt lensler ve g\u00f6zl\u00fck camlar\u0131 benim i\u00e7in tamamen ge\u00e7mi\u015fte kald\u0131. G\u00f6zlerim eskisine g\u00f6re biraz daha \u0131\u015f\u0131\u011fa duyarl\u0131 olsa da bu \u00e7ok k\u00fc\u00e7\u00fck ve \u00f6nemsiz bir durum. Art\u0131k g\u00f6zl\u00fck kullanmak zorunda olmamak ger\u00e7ekten inan\u0131lmaz ve zaman zaman bu ad\u0131m\u0131 neden daha \u00f6nce atmad\u0131\u011f\u0131m\u0131 sorguluyorum. G\u00fcnl\u00fck hayattaki ya\u015fam kalitesi ger\u00e7ekten \u00e7ok daha y\u00fcksek. G\u00f6zl\u00fc\u011f\u00fc art\u0131k tozlanm\u0131\u015f \u00e7er\u00e7evesiyle ta\u015f\u0131madan squash oynaman\u0131n, ko\u015fman\u0131n ya da dal\u0131\u015f yapman\u0131n ne kadar keyifli oldu\u011funu hayal edebilirsiniz.David Tilge \u00d6nceki rapor Bir Sonraki Rapor<\/p>\n","protected":false},"author":4,"featured_media":0,"parent":3650,"menu_order":0,"comment_status":"closed","ping_status":"closed","template":"","meta":{"_joinchat":[],"footnotes":""},"class_list":["post-3656","page","type-page","status-publish","hentry"],"acf":[],"_links":{"self":[{"href":"https:\/\/swisslasik.ch\/tr\/wp-json\/wp\/v2\/pages\/3656","targetHints":{"allow":["GET"]}}],"collection":[{"href":"https:\/\/swisslasik.ch\/tr\/wp-json\/wp\/v2\/pages"}],"about":[{"href":"https:\/\/swisslasik.ch\/tr\/wp-json\/wp\/v2\/types\/page"}],"author":[{"embeddable":true,"href":"https:\/\/swisslasik.ch\/tr\/wp-json\/wp\/v2\/users\/4"}],"replies":[{"embeddable":true,"href":"https:\/\/swisslasik.ch\/tr\/wp-json\/wp\/v2\/comments?post=3656"}],"version-history":[{"count":2,"href":"https:\/\/swisslasik.ch\/tr\/wp-json\/wp\/v2\/pages\/3656\/revisions"}],"predecessor-version":[{"id":4790,"href":"https:\/\/swisslasik.ch\/tr\/wp-json\/wp\/v2\/pages\/3656\/revisions\/4790"}],"up":[{"embeddable":true,"href":"https:\/\/swisslasik.ch\/tr\/wp-json\/wp\/v2\/pages\/3650"}],"wp:attachment":[{"href":"https:\/\/swisslasik.ch\/tr\/wp-json\/wp\/v2\/media?parent=3656"}],"curies":[{"name":"wp","href":"https:\/\/api.w.org\/{rel}","templated":true}]}}