{"id":3658,"date":"2025-09-24T14:23:05","date_gmt":"2025-09-24T13:23:05","guid":{"rendered":"https:\/\/swisslasik.ch\/patientenberichte-augen-lasern\/7-nisan-2011-tarihli-lazer-goez-ameliyati-deneyim-raporu-29-nisan-2011-cuma-tarihli-rapor\/"},"modified":"2026-01-14T19:00:20","modified_gmt":"2026-01-14T18:00:20","slug":"7-nisan-2011-tarihli-lazer-goez-ameliyati-deneyim-raporu-29-nisan-2011-cuma-tarihli-rapor","status":"publish","type":"page","link":"https:\/\/swisslasik.ch\/tr\/patientenberichte-augen-lasern\/7-nisan-2011-tarihli-lazer-goez-ameliyati-deneyim-raporu-29-nisan-2011-cuma-tarihli-rapor\/","title":{"rendered":"7 Nisan 2011 tarihli lazer g\u00f6z ameliyat\u0131 deneyim raporu \u2013 29 Nisan 2011 Cuma tarihli rapor"},"content":{"rendered":"\n<h3 class=\"wp-block-heading\">7 Nisan 2011 tarihli lazer g\u00f6z ameliyat\u0131 deneyim raporu \u2013 29 Nisan 2011 Cuma tarihli rapor<\/h3>\n\n\n\n<p>Ameliyat i\u00e7in motivasyon<br>Asl\u0131nda hi\u00e7bir zaman g\u00f6zlerimi lazerle d\u00fczelttirmeyi d\u00fc\u015f\u00fcnmemi\u015ftim. \u00c7al\u0131\u015fma hayat\u0131m tamamen bilgisayar ba\u015f\u0131nda ge\u00e7ti\u011fi i\u00e7in g\u00f6zl\u00fc\u011f\u00fc sadece araba kullan\u0131rken ve televizyon izlerken tak\u0131yordum. G\u00f6zl\u00fc\u011f\u00fcm\u00fcn derecesi her iki g\u00f6z i\u00e7in de -1.75 idi. G\u00f6z lazeri fikri, ameliyattan yakla\u015f\u0131k 5\u20136 hafta \u00f6nce, bir e\u011flence mek\u00e2n\u0131nda baz\u0131 tan\u0131d\u0131klar\u0131mla kar\u015f\u0131la\u015fmamla akl\u0131ma geldi. Onlar bu i\u015flemi Kas\u0131m 2010\u2019da yapt\u0131rm\u0131\u015flard\u0131 ve sonu\u00e7tan \u00e7ok memnundular. Bana da \u00f6zellikle tavsiye ettiler. Birka\u00e7 g\u00fcn sonra internette ara\u015ft\u0131rma yapmaya ba\u015flad\u0131m ve baz\u0131 videolara, ayr\u0131ca Swisslasik\u2019in internet sitesine rastlad\u0131m. Ba\u015flang\u0131\u00e7ta benim i\u00e7in en zor olan konu, hangi LASIK y\u00f6nteminin en iyi oldu\u011fu ve hangisinin g\u00f6z yap\u0131m i\u00e7in en uygun oldu\u011fuydu. Birka\u00e7 g\u00fcn sonra benim i\u00e7in sadece Femto-LASIK\u2019in uygun oldu\u011funa karar verdim.<br>Organizasyon<br>Ba\u015fta ameliyat\u0131 yaz tatilinden sonra yapt\u0131rmay\u0131 d\u00fc\u015f\u00fcn\u00fcyordum. Ancak konu beni o kadar etkiledi ki daha fazla beklemek istemedim. Hatta birka\u00e7 ay sonra bu motivasyonum ge\u00e7ebilir ve vazge\u00e7ebilirdim diye d\u00fc\u015f\u00fcnd\u00fcm. Bu nedenle Say\u0131n Karaagacli ile ileti\u015fime ge\u00e7tim ve t\u00fcm organizasyonu m\u00fcmk\u00fcn olan en k\u0131sa s\u00fcrede yap\u0131p yapamayaca\u011f\u0131n\u0131 sordum. 7\u201310 Nisan tarihleri aras\u0131nda, yani bir hafta i\u00e7inde her \u015feyin m\u00fcmk\u00fcn olabilece\u011fi bilgisini ald\u0131\u011f\u0131mda \u00f6nce \u00e7ok \u015fa\u015f\u0131rd\u0131m, ard\u0131ndan da her \u015feyin bu kadar h\u0131zl\u0131 ilerleyecek olmas\u0131na \u00e7ok sevindim.<br>\u00d6n muayene<br>Detayl\u0131 bir \u00f6n muayene yapt\u0131rmad\u0131m. Sadece \u0130svi\u00e7re\u2019de bir lazer g\u00f6z merkezi taraf\u0131ndan yap\u0131lan, 20 Frank tutar\u0131ndaki k\u0131sa bir kontrol yapt\u0131rd\u0131m. Bu kontrol sadece Femto-LASIK i\u00e7in uygun olup olmad\u0131\u011f\u0131m\u0131 g\u00f6rmek ama\u00e7l\u0131yd\u0131.<br>Onay<br>Seyahati yaz\u0131l\u0131 olarak Say\u0131n Karaagacli\u2019ye onaylad\u0131ktan ve kararla\u015ft\u0131r\u0131lan \u00fccreti kendisine g\u00f6nderdikten sonra, Swisslasik Pasaportu birka\u00e7 g\u00fcn i\u00e7inde elimize ula\u015ft\u0131.<br>Yolculuk g\u00fcn\u00fc<br>U\u00e7a\u011f\u0131m\u0131z saat 14.00\u2019te Z\u00fcrih \u00fczerinden \u0130stanbul\u2019a oldu\u011fu i\u00e7in o g\u00fcn rahat\u00e7a uyuduk. Burada biz derken karde\u015fimi kastediyorum; ikimiz birlikte \u0130stanbul\u2019a u\u00e7tuk ve ikimiz de g\u00f6zlerimizi lazerle d\u00fczelttirdik. Yerel saatle yakla\u015f\u0131k 18.00\u2019de \u0130stanbul\u2019a vard\u0131\u011f\u0131m\u0131zda, havaliman\u0131 \u00e7\u0131k\u0131\u015f\u0131nda ismimizin yaz\u0131l\u0131 oldu\u011fu bir tabelayla transfer ekibi bizi bekliyordu. O ak\u015fam g\u00fczel bir restoranda yemek yedik ve Taksim civar\u0131nda dola\u015ft\u0131k. Elbette \u00e7ok ge\u00e7 kalmad\u0131k, \u00e7\u00fcnk\u00fc ertesi g\u00fcn \u00f6n muayene ve ameliyat vard\u0131.<br>\u00d6n muayene ve ameliyat<br>Sabah tam saat 09.00\u2019da transfer arac\u0131 bizi otelden ald\u0131 ve Ac\u0131badem Hastanesi\u2019ne g\u00f6t\u00fcrd\u00fc. \u00d6n muayene olduk\u00e7a h\u0131zl\u0131 ge\u00e7ti; yakla\u015f\u0131k 1,5 saat i\u00e7inde ikimiz de t\u00fcm testleri tamamlad\u0131k ve doktorla ameliyat\u0131 konu\u015ftuk. Her \u015feyin \u00e7ok iyi organize edildi\u011fini s\u00f6ylemeliyim. Doktor, t\u00fcm s\u00fcreci sakin bir \u015fekilde ve \u00e7ok detayl\u0131 olarak anlatt\u0131. \u00d6n muayeneden sonra tekrar otele d\u00f6nd\u00fck ve \u00f6\u011fle yeme\u011fi yedik. Saat 15.30\u2019da transfer arac\u0131 tekrar geldi ve bizi ameliyat i\u00e7in yeniden hastaneye g\u00f6t\u00fcrd\u00fc.<br>Saat 17.00 ameliyat<br>Ameliyat \u00e7ok iyi organize edilmi\u015fti. Ekipteki herkes ne yapaca\u011f\u0131n\u0131 \u00e7ok iyi biliyordu. Doktor, yapt\u0131\u011f\u0131 her ad\u0131m\u0131 bize tek tek anlatt\u0131 ve bu da heyecan\u0131m\u0131z\u0131 \u00f6nemli \u00f6l\u00e7\u00fcde azaltt\u0131.                    Ba\u015flang\u0131\u00e7ta g\u00f6zler lokal olarak uyu\u015fturuldu. Bu i\u015flem normal g\u00f6z damlalar\u0131ndan farkl\u0131 de\u011fildi, neredeyse hi\u00e7bir \u015fey hissedilmiyor. Daha sonra steril ameliyat k\u0131yafetleri giydirilerek ameliyathaneye al\u0131nd\u0131k; \u00f6nce ben, ard\u0131ndan karde\u015fim. Femto kesisi s\u0131ras\u0131nda ger\u00e7ekten herhangi bir a\u011fr\u0131 hissedilmiyor, sadece g\u00f6zde bir bask\u0131 hissi oluyor.<br>D\u00fczeltme i\u015flemi i\u00e7in femto kesiden sonra ben bir sonraki odaya al\u0131nd\u0131m. Burada excimer lazer ile d\u00fczeltme yap\u0131lacakt\u0131. Ben excimer lazerin alt\u0131nda yatarken, bu s\u0131rada karde\u015fimin femto kesisi yap\u0131ld\u0131. Yakla\u015f\u0131k 10 dakika sonra doktor geldi ve lazerle g\u00f6zlerime m\u00fcdahale etti. Ortada duran ye\u015fil noktaya odaklanmak ger\u00e7ekten \u00e7ok zor, \u00e7\u00fcnk\u00fc doktor s\u00fcrekli bir aletle g\u00f6z bebe\u011fini sa\u011fa sola hareket ettiriyor.<br>Ameliyattan sonra bekleme odas\u0131na al\u0131nd\u0131m ve karde\u015fimi bekledim. Ameliyat\u0131n hemen ard\u0131ndan ikimize de plastikten yap\u0131lm\u0131\u015f steril koruyucu g\u00f6zl\u00fckler verildi. Bunlar g\u00f6zleri enfeksiyonlara kar\u015f\u0131 korumak i\u00e7indi. Ameliyat\u0131mdan 15 dakika ge\u00e7mi\u015fti ve karde\u015fim h\u00e2l\u00e2 \u00e7\u0131kmam\u0131\u015ft\u0131. Ameliyathaneden doktorun y\u00fcksek ses tonunu duydu\u011fumda, karde\u015fimde bir \u015feylerin benimki kadar sorunsuz gitmedi\u011fini anlad\u0131m.<br>Yakla\u015f\u0131k 20 dakika sonra karde\u015fim de ameliyathaneden \u00e7\u0131kt\u0131. Lazer s\u0131ras\u0131nda baz\u0131 komplikasyonlar ya\u015fand\u0131. Komplikasyondan kast\u0131m, sa\u011f g\u00f6z\u00fcnde ye\u015fil noktaya odaklanmakta zorlanmas\u0131yd\u0131. Bu y\u00fczden doktor lazer i\u015flemini ya yapamad\u0131 ya da karde\u015fim g\u00f6z\u00fcn\u00fc \u00e7ok hareket ettirdi\u011fi i\u00e7in i\u015flem s\u00fcrekli kesintiye u\u011frad\u0131. Doktor, b\u00f6yle devam ederse ameliyat\u0131 tamamen durdurmak zorunda kalabilece\u011fini de s\u00f6ylemi\u015f. Karde\u015fimin kendini hi\u00e7 rahat hissetmedi\u011fi hemen belliydi.<br>Ameliyattan 30 dakika sonra yap\u0131lan kontrolde doktora her \u015feyin yolunda gidip gitmedi\u011fini sordu\u011fumuzda, bunu ancak ertesi g\u00fcn g\u00f6rebilece\u011fimizi s\u00f6yledi. Ne yaz\u0131k ki hastane ile otel aras\u0131ndaki mesafe bizim i\u00e7in biraz uzundu. G\u00f6zlerimiz s\u00fcrekli sulan\u0131yordu ve neredeyse hi\u00e7bir \u015fey g\u00f6remiyorduk. Otele vard\u0131\u011f\u0131m\u0131zda arabadan indik ve aceleyle odaya \u00e7\u0131kt\u0131k. Bu tela\u015f i\u00e7inde maalesef koruyucu g\u00f6zl\u00fcklerimizi arabada unuttum ve bir daha da bulunamad\u0131. Belki de bu bir i\u015faretti ve bir daha hi\u00e7 g\u00f6zl\u00fck takmamam\u0131z gerekiyordu.<br>\u0130lk 4 saat \u00e7ok kritikti. Ger\u00e7ekten karanl\u0131k bir odada g\u00f6zleri kapal\u0131 tutmak ve g\u00f6z damlalar\u0131n\u0131 iki saatte bir kullanmak gerekiyordu. G\u00f6zlerimizi a\u00e7t\u0131\u011f\u0131m\u0131z anda ya\u015flar ak\u0131yordu ve g\u00f6z\u00fcm\u00fczde kum tanesi varm\u0131\u015f gibi bir his oluyordu. O an ger\u00e7ekten karde\u015fimde de her \u015feyin yolunda gitmi\u015f olmas\u0131n\u0131 umuyordum. Yakla\u015f\u0131k 4 saat sonra sulanma azald\u0131 ve g\u00f6zdeki kum hissi giderek kayboldu. I\u015f\u0131\u011fa kar\u015f\u0131 a\u015f\u0131r\u0131 hassasiyetimiz vard\u0131, bu ameliyattan sonra normal bir durum.<br>Bu arada saat 22.00 olmu\u015ftu, bu y\u00fczden g\u00f6zlerimizi dinlendirmek i\u00e7in biraz uyumaya \u00e7al\u0131\u015ft\u0131k. O gece s\u0131rt\u00fcst\u00fc uyumam\u0131z \u015fartt\u0131, bu da uykuya dalmay\u0131 bizim i\u00e7in olduk\u00e7a zorla\u015ft\u0131rd\u0131. Yine de birka\u00e7 saat uyudu\u011fumuzu hat\u0131rl\u0131yorum. Sabah uyand\u0131\u011f\u0131m\u0131zda ise, g\u00f6zl\u00fcks\u00fcz h\u00e2limize g\u00f6re g\u00f6r\u00fc\u015f\u00fcm\u00fcz \u00e7ok daha netti.                       Karde\u015fim, \u00f6zellikle bir sorun ya\u015fad\u0131\u011f\u0131n\u0131 d\u00fc\u015f\u00fcnd\u00fc\u011f\u00fc sa\u011f g\u00f6z\u00fcyle bile ne kadar iyi g\u00f6rd\u00fc\u011f\u00fcne kendisi bile inanamad\u0131. Saat 09.00\u2019da doktorla kontrol randevumuz vard\u0131. Doktor ikimize de her \u015feyin yolunda oldu\u011funu ve ameliyat\u0131n \u00e7ok ba\u015far\u0131l\u0131 ge\u00e7ti\u011fini teyit etti. San\u0131r\u0131m karde\u015fimin sa\u011f g\u00f6z\u00fcn\u00fcn de sorunsuz olmas\u0131 onu da \u00e7ok mutlu etmi\u015fti.<br>O g\u00fcn \u0130stanbul g\u00fcne\u015fliydi, bu y\u00fczden g\u00fcne\u015f g\u00f6zl\u00fc\u011f\u00fc takmak zorundayd\u0131k ve neredeyse t\u00fcm g\u00fcn\u00fc \u015fehirde gezerek ve al\u0131\u015fveri\u015f yaparak ge\u00e7irdik. G\u00f6rmeye bu kadar h\u0131zl\u0131 ve neredeyse hi\u00e7 zorlanmadan al\u0131\u015fmam\u0131z ger\u00e7ekten inan\u0131lmazd\u0131.<br>D\u00f6n\u00fc\u015f yolculu\u011fumuz ameliyattan iki g\u00fcn sonra, pazar g\u00fcn\u00fcyd\u00fc. Saat 13.00\u2019te yerel saatle tekrar Z\u00fcrih\u2019e vard\u0131k.<br>Ameliyattan sonraki ilk g\u00fcnlerde g\u00f6zler a\u015f\u0131r\u0131 derecede kuruyor, bu y\u00fczden suni g\u00f6zya\u015f\u0131 damlalar\u0131n\u0131 kullanmak kesinlikle tavsiye edilir. Ayr\u0131ca ilk haftalarda \u0131\u015f\u0131\u011fa kar\u015f\u0131 \u00e7ok ciddi bir hassasiyet oluyor, bu nedenle gece ara\u00e7 kullanmak m\u00fcmk\u00fcn olmuyor. Ancak ameliyattan 3 hafta sonra \u0131\u015f\u0131k hassasiyetinin giderek azald\u0131\u011f\u0131n\u0131 fark ediyorsunuz.<br>Ameliyattan \u00f6nce mutlaka \u0130svi\u00e7re\u2019de bir g\u00f6z doktoru bulup kontrol i\u00e7in ayarlaman\u0131z\u0131 herkese tavsiye ederim, \u00e7\u00fcnk\u00fc sonradan bulmak ger\u00e7ekten \u00e7ok zor. G\u00f6zlerimi yurt d\u0131\u015f\u0131nda lazerle ameliyat ettirdi\u011fimi s\u00f6yledi\u011fim anda, \u00e7o\u011fu g\u00f6z doktoru kontrol randevusu vermeyi reddetti.<br>Vedis firmas\u0131yla bu konuda birka\u00e7 kez tart\u0131\u015fma ya\u015fad\u0131m. \u00c7ok inat\u00e7\u0131 davrand\u0131lar ve beni s\u00fcrekli rakip firmaya y\u00f6nlendirdiler. Basit bir k\u0131sa kontrol\u00fc bile yapmak istemediler, kesinlikle uzak durulmas\u0131n\u0131 tavsiye ederim. Swisslasik\u2019in Bern, Z\u00fcrih ve Arbon\u2019da g\u00f6z doktorlar\u0131yla ba\u011flant\u0131s\u0131 var, ancak Say\u0131n Karaagacli\u2019den sadece Z\u00fcrih\u2019teki g\u00f6z doktorunun ad\u0131n\u0131 ve adresini istedi\u011fimde bunu benimle payla\u015fmay\u0131 reddetti. Bu, Swisslasik\u2019in kendini geli\u015ftirebilece\u011fi bir nokta olabilir.<br>Sonradan bakt\u0131\u011f\u0131mda, g\u00f6zlerimi \u0130stanbul\u2019da ameliyat ettirmek ger\u00e7ekten \u00e7ok do\u011fru bir karard\u0131. Herkese g\u00f6n\u00fcl rahatl\u0131\u011f\u0131yla tavsiye ederim. Hayat\u0131m\u0131z ikimiz i\u00e7in de inan\u0131lmaz derecede de\u011fi\u015fti. Ameliyattan sonra sadece yakla\u015f\u0131k 4 saatin biraz zor ge\u00e7ti\u011fini d\u00fc\u015f\u00fcn\u00fcrseniz, bunun bir \u00f6m\u00fcr boyu s\u00fcrecek bir konfora k\u0131yasla hi\u00e7bir \u015fey olmad\u0131\u011f\u0131n\u0131 anl\u0131yorsunuz.<br>Ferdi Mehmeti               <\/p>\n\n\n\n<div class=\"wp-block-group is-layout-grid wp-container-core-group-is-layout-baef362d wp-block-group-is-layout-grid\">\n<p><a href=\"https:\/\/medicaltravel.at\/home\/agb\/\" data-type=\"page\" data-id=\"2191\" rel=\"nofollow noopener\" target=\"_blank\"><\/a><a href=\"https:\/\/swisslasik.ch\/tr\/patientenberichte-augen-lasern\/yeni-kazanilan-yasam-kalitesi-21-mayis-2011-cumartesi-tarihli-rapor\/\" data-type=\"link\" data-id=\"https:\/\/swisslasik.ch\/tr\/patientenberichte-augen-lasern\/yeni-kazanilan-yasam-kalitesi-21-mayis-2011-cumartesi-tarihli-rapor\/\">\u00d6nceki rapor<\/a><\/p>\n\n\n\n<p class=\"has-text-align-right wp-container-content-5e2576f9\"><a href=\"https:\/\/medicaltravel.at\/home\/impressum\/\" data-type=\"page\" data-id=\"2193\" rel=\"nofollow noopener\" target=\"_blank\"><\/a><a href=\"https:\/\/medicaltravel.at\/home\/berichte-von-patienten\/erfahrungsberichte\/erfahrungsbericht-zahnbehandlung-in-istanbul\/\" data-type=\"page\" data-id=\"981\" rel=\"nofollow noopener\" target=\"_blank\"><\/a><a href=\"https:\/\/swisslasik.ch\/tr\/patientenberichte-augen-lasern\/deneyim-raporu-istanbulda-lasik-ameliyati-mart-2011-11-nisan-2011-pazartesi-tarihli-rapor\/\" data-type=\"link\" data-id=\"https:\/\/swisslasik.ch\/tr\/patientenberichte-augen-lasern\/deneyim-raporu-istanbulda-lasik-ameliyati-mart-2011-11-nisan-2011-pazartesi-tarihli-rapor\/\">Bir Sonraki Rapor<br><\/a><\/p>\n<\/div>\n","protected":false},"excerpt":{"rendered":"<p>7 Nisan 2011 tarihli lazer g\u00f6z ameliyat\u0131 deneyim raporu \u2013 29 Nisan 2011 Cuma tarihli rapor Ameliyat i\u00e7in motivasyonAsl\u0131nda hi\u00e7bir zaman g\u00f6zlerimi lazerle d\u00fczelttirmeyi d\u00fc\u015f\u00fcnmemi\u015ftim. \u00c7al\u0131\u015fma hayat\u0131m tamamen bilgisayar ba\u015f\u0131nda ge\u00e7ti\u011fi i\u00e7in g\u00f6zl\u00fc\u011f\u00fc sadece araba kullan\u0131rken ve televizyon izlerken tak\u0131yordum. G\u00f6zl\u00fc\u011f\u00fcm\u00fcn derecesi her iki g\u00f6z i\u00e7in de -1.75 idi. G\u00f6z lazeri fikri, ameliyattan yakla\u015f\u0131k 5\u20136 hafta \u00f6nce, bir e\u011flence mek\u00e2n\u0131nda baz\u0131 tan\u0131d\u0131klar\u0131mla kar\u015f\u0131la\u015fmamla akl\u0131ma geldi. Onlar bu i\u015flemi Kas\u0131m 2010\u2019da yapt\u0131rm\u0131\u015flard\u0131 ve sonu\u00e7tan \u00e7ok memnundular. Bana da \u00f6zellikle tavsiye ettiler. Birka\u00e7 g\u00fcn sonra internette ara\u015ft\u0131rma yapmaya ba\u015flad\u0131m ve baz\u0131 videolara, ayr\u0131ca Swisslasik\u2019in internet sitesine rastlad\u0131m. Ba\u015flang\u0131\u00e7ta benim i\u00e7in en zor olan konu, hangi LASIK y\u00f6nteminin en iyi oldu\u011fu ve hangisinin g\u00f6z yap\u0131m i\u00e7in en uygun oldu\u011fuydu. Birka\u00e7 g\u00fcn sonra benim i\u00e7in sadece Femto-LASIK\u2019in uygun oldu\u011funa karar verdim.OrganizasyonBa\u015fta ameliyat\u0131 yaz tatilinden sonra yapt\u0131rmay\u0131 d\u00fc\u015f\u00fcn\u00fcyordum. Ancak konu beni o kadar etkiledi ki daha fazla beklemek istemedim. Hatta birka\u00e7 ay sonra bu motivasyonum ge\u00e7ebilir ve vazge\u00e7ebilirdim diye d\u00fc\u015f\u00fcnd\u00fcm. Bu nedenle Say\u0131n Karaagacli ile ileti\u015fime ge\u00e7tim ve t\u00fcm organizasyonu m\u00fcmk\u00fcn olan en k\u0131sa s\u00fcrede yap\u0131p yapamayaca\u011f\u0131n\u0131 sordum. 7\u201310 Nisan tarihleri aras\u0131nda, yani bir hafta i\u00e7inde her \u015feyin m\u00fcmk\u00fcn olabilece\u011fi bilgisini ald\u0131\u011f\u0131mda \u00f6nce \u00e7ok \u015fa\u015f\u0131rd\u0131m, ard\u0131ndan da her \u015feyin bu kadar h\u0131zl\u0131 ilerleyecek olmas\u0131na \u00e7ok sevindim.\u00d6n muayeneDetayl\u0131 bir \u00f6n muayene yapt\u0131rmad\u0131m. Sadece \u0130svi\u00e7re\u2019de bir lazer g\u00f6z merkezi taraf\u0131ndan yap\u0131lan, 20 Frank tutar\u0131ndaki k\u0131sa bir kontrol yapt\u0131rd\u0131m. Bu kontrol sadece Femto-LASIK i\u00e7in uygun olup olmad\u0131\u011f\u0131m\u0131 g\u00f6rmek ama\u00e7l\u0131yd\u0131.OnaySeyahati yaz\u0131l\u0131 olarak Say\u0131n Karaagacli\u2019ye onaylad\u0131ktan ve kararla\u015ft\u0131r\u0131lan \u00fccreti kendisine g\u00f6nderdikten sonra, Swisslasik Pasaportu birka\u00e7 g\u00fcn i\u00e7inde elimize ula\u015ft\u0131.Yolculuk g\u00fcn\u00fcU\u00e7a\u011f\u0131m\u0131z saat 14.00\u2019te Z\u00fcrih \u00fczerinden \u0130stanbul\u2019a oldu\u011fu i\u00e7in o g\u00fcn rahat\u00e7a uyuduk. Burada biz derken karde\u015fimi kastediyorum; ikimiz birlikte \u0130stanbul\u2019a u\u00e7tuk ve ikimiz de g\u00f6zlerimizi lazerle d\u00fczelttirdik. Yerel saatle yakla\u015f\u0131k 18.00\u2019de \u0130stanbul\u2019a vard\u0131\u011f\u0131m\u0131zda, havaliman\u0131 \u00e7\u0131k\u0131\u015f\u0131nda ismimizin yaz\u0131l\u0131 oldu\u011fu bir tabelayla transfer ekibi bizi bekliyordu. O ak\u015fam g\u00fczel bir restoranda yemek yedik ve Taksim civar\u0131nda dola\u015ft\u0131k. Elbette \u00e7ok ge\u00e7 kalmad\u0131k, \u00e7\u00fcnk\u00fc ertesi g\u00fcn \u00f6n muayene ve ameliyat vard\u0131.\u00d6n muayene ve ameliyatSabah tam saat 09.00\u2019da transfer arac\u0131 bizi otelden ald\u0131 ve Ac\u0131badem Hastanesi\u2019ne g\u00f6t\u00fcrd\u00fc. \u00d6n muayene olduk\u00e7a h\u0131zl\u0131 ge\u00e7ti; yakla\u015f\u0131k 1,5 saat i\u00e7inde ikimiz de t\u00fcm testleri tamamlad\u0131k ve doktorla ameliyat\u0131 konu\u015ftuk. Her \u015feyin \u00e7ok iyi organize edildi\u011fini s\u00f6ylemeliyim. Doktor, t\u00fcm s\u00fcreci sakin bir \u015fekilde ve \u00e7ok detayl\u0131 olarak anlatt\u0131. \u00d6n muayeneden sonra tekrar otele d\u00f6nd\u00fck ve \u00f6\u011fle yeme\u011fi yedik. Saat 15.30\u2019da transfer arac\u0131 tekrar geldi ve bizi ameliyat i\u00e7in yeniden hastaneye g\u00f6t\u00fcrd\u00fc.Saat 17.00 ameliyatAmeliyat \u00e7ok iyi organize edilmi\u015fti. Ekipteki herkes ne yapaca\u011f\u0131n\u0131 \u00e7ok iyi biliyordu. Doktor, yapt\u0131\u011f\u0131 her ad\u0131m\u0131 bize tek tek anlatt\u0131 ve bu da heyecan\u0131m\u0131z\u0131 \u00f6nemli \u00f6l\u00e7\u00fcde azaltt\u0131. Ba\u015flang\u0131\u00e7ta g\u00f6zler lokal olarak uyu\u015fturuldu. Bu i\u015flem normal g\u00f6z damlalar\u0131ndan farkl\u0131 de\u011fildi, neredeyse hi\u00e7bir \u015fey hissedilmiyor. Daha sonra steril ameliyat k\u0131yafetleri giydirilerek ameliyathaneye al\u0131nd\u0131k; \u00f6nce ben, ard\u0131ndan karde\u015fim. Femto kesisi s\u0131ras\u0131nda ger\u00e7ekten herhangi bir a\u011fr\u0131 hissedilmiyor, sadece g\u00f6zde bir bask\u0131 hissi oluyor.D\u00fczeltme i\u015flemi i\u00e7in femto kesiden sonra ben bir sonraki odaya al\u0131nd\u0131m. Burada excimer lazer ile d\u00fczeltme yap\u0131lacakt\u0131. Ben excimer lazerin alt\u0131nda yatarken, bu s\u0131rada karde\u015fimin femto kesisi yap\u0131ld\u0131. Yakla\u015f\u0131k 10 dakika sonra doktor geldi ve lazerle g\u00f6zlerime m\u00fcdahale etti. Ortada duran ye\u015fil noktaya odaklanmak ger\u00e7ekten \u00e7ok zor, \u00e7\u00fcnk\u00fc doktor s\u00fcrekli bir aletle g\u00f6z bebe\u011fini sa\u011fa sola hareket ettiriyor.Ameliyattan sonra bekleme odas\u0131na al\u0131nd\u0131m ve karde\u015fimi bekledim. Ameliyat\u0131n hemen ard\u0131ndan ikimize de plastikten yap\u0131lm\u0131\u015f steril koruyucu g\u00f6zl\u00fckler verildi. Bunlar g\u00f6zleri enfeksiyonlara kar\u015f\u0131 korumak i\u00e7indi. Ameliyat\u0131mdan 15 dakika ge\u00e7mi\u015fti ve karde\u015fim h\u00e2l\u00e2 \u00e7\u0131kmam\u0131\u015ft\u0131. Ameliyathaneden doktorun y\u00fcksek ses tonunu duydu\u011fumda, karde\u015fimde bir \u015feylerin benimki kadar sorunsuz gitmedi\u011fini anlad\u0131m.Yakla\u015f\u0131k 20 dakika sonra karde\u015fim de ameliyathaneden \u00e7\u0131kt\u0131. Lazer s\u0131ras\u0131nda baz\u0131 komplikasyonlar ya\u015fand\u0131. Komplikasyondan kast\u0131m, sa\u011f g\u00f6z\u00fcnde ye\u015fil noktaya odaklanmakta zorlanmas\u0131yd\u0131. Bu y\u00fczden doktor lazer i\u015flemini ya yapamad\u0131 ya da karde\u015fim g\u00f6z\u00fcn\u00fc \u00e7ok hareket ettirdi\u011fi i\u00e7in i\u015flem s\u00fcrekli kesintiye u\u011frad\u0131. Doktor, b\u00f6yle devam ederse ameliyat\u0131 tamamen durdurmak zorunda kalabilece\u011fini de s\u00f6ylemi\u015f. Karde\u015fimin kendini hi\u00e7 rahat hissetmedi\u011fi hemen belliydi.Ameliyattan 30 dakika sonra yap\u0131lan kontrolde doktora her \u015feyin yolunda gidip gitmedi\u011fini sordu\u011fumuzda, bunu ancak ertesi g\u00fcn g\u00f6rebilece\u011fimizi s\u00f6yledi. Ne yaz\u0131k ki hastane ile otel aras\u0131ndaki mesafe bizim i\u00e7in biraz uzundu. G\u00f6zlerimiz s\u00fcrekli sulan\u0131yordu ve neredeyse hi\u00e7bir \u015fey g\u00f6remiyorduk. Otele vard\u0131\u011f\u0131m\u0131zda arabadan indik ve aceleyle odaya \u00e7\u0131kt\u0131k. Bu tela\u015f i\u00e7inde maalesef koruyucu g\u00f6zl\u00fcklerimizi arabada unuttum ve bir daha da bulunamad\u0131. Belki de bu bir i\u015faretti ve bir daha hi\u00e7 g\u00f6zl\u00fck takmamam\u0131z gerekiyordu.\u0130lk 4 saat \u00e7ok kritikti. Ger\u00e7ekten karanl\u0131k bir odada g\u00f6zleri kapal\u0131 tutmak ve g\u00f6z damlalar\u0131n\u0131 iki saatte bir kullanmak gerekiyordu. G\u00f6zlerimizi a\u00e7t\u0131\u011f\u0131m\u0131z anda ya\u015flar ak\u0131yordu ve g\u00f6z\u00fcm\u00fczde kum tanesi varm\u0131\u015f gibi bir his oluyordu. O an ger\u00e7ekten karde\u015fimde de her \u015feyin yolunda gitmi\u015f olmas\u0131n\u0131 umuyordum. Yakla\u015f\u0131k 4 saat sonra sulanma azald\u0131 ve g\u00f6zdeki kum hissi giderek kayboldu. I\u015f\u0131\u011fa kar\u015f\u0131 a\u015f\u0131r\u0131 hassasiyetimiz vard\u0131, bu ameliyattan sonra normal bir durum.Bu arada saat 22.00 olmu\u015ftu, bu y\u00fczden g\u00f6zlerimizi dinlendirmek i\u00e7in biraz uyumaya \u00e7al\u0131\u015ft\u0131k. O gece s\u0131rt\u00fcst\u00fc uyumam\u0131z \u015fartt\u0131, bu da uykuya dalmay\u0131 bizim i\u00e7in olduk\u00e7a zorla\u015ft\u0131rd\u0131. Yine de birka\u00e7 saat uyudu\u011fumuzu hat\u0131rl\u0131yorum. Sabah uyand\u0131\u011f\u0131m\u0131zda ise, g\u00f6zl\u00fcks\u00fcz h\u00e2limize g\u00f6re g\u00f6r\u00fc\u015f\u00fcm\u00fcz \u00e7ok daha netti. Karde\u015fim, \u00f6zellikle bir sorun ya\u015fad\u0131\u011f\u0131n\u0131 d\u00fc\u015f\u00fcnd\u00fc\u011f\u00fc sa\u011f g\u00f6z\u00fcyle bile ne kadar iyi g\u00f6rd\u00fc\u011f\u00fcne kendisi bile inanamad\u0131. Saat 09.00\u2019da doktorla kontrol randevumuz vard\u0131. Doktor ikimize de her \u015feyin yolunda oldu\u011funu ve ameliyat\u0131n \u00e7ok ba\u015far\u0131l\u0131 ge\u00e7ti\u011fini teyit etti. San\u0131r\u0131m karde\u015fimin sa\u011f g\u00f6z\u00fcn\u00fcn de sorunsuz olmas\u0131 onu da \u00e7ok mutlu etmi\u015fti.O g\u00fcn \u0130stanbul g\u00fcne\u015fliydi, bu y\u00fczden g\u00fcne\u015f g\u00f6zl\u00fc\u011f\u00fc takmak zorundayd\u0131k ve neredeyse t\u00fcm g\u00fcn\u00fc \u015fehirde gezerek ve al\u0131\u015fveri\u015f yaparak ge\u00e7irdik. G\u00f6rmeye bu kadar h\u0131zl\u0131 ve neredeyse hi\u00e7 zorlanmadan al\u0131\u015fmam\u0131z ger\u00e7ekten inan\u0131lmazd\u0131.D\u00f6n\u00fc\u015f yolculu\u011fumuz ameliyattan iki g\u00fcn sonra, pazar g\u00fcn\u00fcyd\u00fc. Saat 13.00\u2019te yerel saatle tekrar Z\u00fcrih\u2019e vard\u0131k.Ameliyattan sonraki ilk g\u00fcnlerde g\u00f6zler a\u015f\u0131r\u0131 derecede kuruyor, bu y\u00fczden suni g\u00f6zya\u015f\u0131 damlalar\u0131n\u0131 kullanmak kesinlikle tavsiye edilir. Ayr\u0131ca ilk haftalarda \u0131\u015f\u0131\u011fa kar\u015f\u0131 \u00e7ok ciddi bir hassasiyet oluyor, bu nedenle gece ara\u00e7 kullanmak m\u00fcmk\u00fcn olmuyor. Ancak ameliyattan 3 hafta sonra \u0131\u015f\u0131k hassasiyetinin giderek azald\u0131\u011f\u0131n\u0131 fark ediyorsunuz.Ameliyattan \u00f6nce mutlaka \u0130svi\u00e7re\u2019de bir g\u00f6z doktoru bulup kontrol i\u00e7in ayarlaman\u0131z\u0131 herkese tavsiye ederim, \u00e7\u00fcnk\u00fc sonradan bulmak ger\u00e7ekten \u00e7ok zor. G\u00f6zlerimi yurt d\u0131\u015f\u0131nda lazerle ameliyat ettirdi\u011fimi s\u00f6yledi\u011fim anda, \u00e7o\u011fu g\u00f6z doktoru kontrol randevusu vermeyi reddetti.Vedis firmas\u0131yla bu konuda birka\u00e7 kez tart\u0131\u015fma ya\u015fad\u0131m. \u00c7ok inat\u00e7\u0131 davrand\u0131lar ve beni s\u00fcrekli rakip firmaya y\u00f6nlendirdiler. Basit bir k\u0131sa kontrol\u00fc bile yapmak istemediler, kesinlikle uzak durulmas\u0131n\u0131 tavsiye ederim. Swisslasik\u2019in Bern,<\/p>\n","protected":false},"author":4,"featured_media":0,"parent":3650,"menu_order":0,"comment_status":"closed","ping_status":"closed","template":"","meta":{"_joinchat":[],"footnotes":""},"class_list":["post-3658","page","type-page","status-publish","hentry"],"acf":[],"_links":{"self":[{"href":"https:\/\/swisslasik.ch\/tr\/wp-json\/wp\/v2\/pages\/3658","targetHints":{"allow":["GET"]}}],"collection":[{"href":"https:\/\/swisslasik.ch\/tr\/wp-json\/wp\/v2\/pages"}],"about":[{"href":"https:\/\/swisslasik.ch\/tr\/wp-json\/wp\/v2\/types\/page"}],"author":[{"embeddable":true,"href":"https:\/\/swisslasik.ch\/tr\/wp-json\/wp\/v2\/users\/4"}],"replies":[{"embeddable":true,"href":"https:\/\/swisslasik.ch\/tr\/wp-json\/wp\/v2\/comments?post=3658"}],"version-history":[{"count":2,"href":"https:\/\/swisslasik.ch\/tr\/wp-json\/wp\/v2\/pages\/3658\/revisions"}],"predecessor-version":[{"id":4795,"href":"https:\/\/swisslasik.ch\/tr\/wp-json\/wp\/v2\/pages\/3658\/revisions\/4795"}],"up":[{"embeddable":true,"href":"https:\/\/swisslasik.ch\/tr\/wp-json\/wp\/v2\/pages\/3650"}],"wp:attachment":[{"href":"https:\/\/swisslasik.ch\/tr\/wp-json\/wp\/v2\/media?parent=3658"}],"curies":[{"name":"wp","href":"https:\/\/api.w.org\/{rel}","templated":true}]}}