{"id":3660,"date":"2025-09-24T14:24:58","date_gmt":"2025-09-24T13:24:58","guid":{"rendered":"https:\/\/swisslasik.ch\/patientenberichte-augen-lasern\/marcel-kaufmann-tarafindan-14-ocak-2011-tarihinde-gerceklestirilen-lasik-goez-ameliyatina-iliskin-deneyim-raporu-16-subat-2011-carsamba-tarihli-rapor\/"},"modified":"2026-01-14T19:02:10","modified_gmt":"2026-01-14T18:02:10","slug":"marcel-kaufmann-tarafindan-14-ocak-2011-tarihinde-gerceklestirilen-lasik-goez-ameliyatina-iliskin-deneyim-raporu-16-subat-2011-carsamba-tarihli-rapor","status":"publish","type":"page","link":"https:\/\/swisslasik.ch\/tr\/patientenberichte-augen-lasern\/marcel-kaufmann-tarafindan-14-ocak-2011-tarihinde-gerceklestirilen-lasik-goez-ameliyatina-iliskin-deneyim-raporu-16-subat-2011-carsamba-tarihli-rapor\/","title":{"rendered":"Marcel Kaufmann taraf\u0131ndan 14 Ocak 2011 tarihinde ger\u00e7ekle\u015ftirilen LASIK g\u00f6z ameliyat\u0131na ili\u015fkin deneyim raporu \u2013 16 \u015eubat 2011 \u00c7ar\u015famba tarihli rapor"},"content":{"rendered":"\n<h3 class=\"wp-block-heading\">Marcel Kaufmann taraf\u0131ndan 14 Ocak 2011 tarihinde ger\u00e7ekle\u015ftirilen LASIK g\u00f6z ameliyat\u0131na ili\u015fkin deneyim raporu \u2013 16 \u015eubat 2011 \u00c7ar\u015famba tarihli rapor<\/h3>\n\n\n\n<p>Yakla\u015f\u0131k 7 ya\u015f\u0131mdan beri az ya da \u00e7ok s\u00fcrekli olarak g\u00f6rme yard\u0131mc\u0131lar\u0131 kullanmak zorunda kald\u0131m, 12 ya\u015f\u0131mdan sonra ise g\u00f6zl\u00fcks\u00fcz art\u0131k m\u00fcmk\u00fcn de\u011fildi. Camlar\u0131n bu\u011fulanmas\u0131 ya da kirlenmesi beni hep rahats\u0131z ederdi, kontakt lensler ise ya s\u00fcrekli rahats\u0131z ediciydi ya da kullan\u0131m\u0131 \u00e7ok zahmetliydi. Bunun d\u0131\u015f\u0131nda da g\u00f6rme bozukluklar\u0131m nedeniyle beni ki\u015fisel olarak rahats\u0131z eden pek \u00e7ok durum vard\u0131. Miyopluk ve astigmatizm g\u00fcnl\u00fck hayat\u0131m\u0131 ciddi \u015fekilde etkiliyordu.<br>Zamanla miyopluk yakla\u015f\u0131k 5 diyoptriye kadar y\u00fckselmi\u015fti, 3,5 diyoptrilik astigmat da az say\u0131lmazd\u0131. Art\u0131k \u00f6yle bir noktaya gelmi\u015ftim ki, ak\u015fam g\u00f6zl\u00fc\u011f\u00fcm\u00fc nereye b\u0131rakt\u0131\u011f\u0131ma dikkat etmediysem sabahlar\u0131 onu aramak zorunda kal\u0131yordum. Neyse ki t\u0131p son y\u0131llarda \u00e7ok b\u00fcy\u00fck ilerlemeler kaydetti ve g\u00fcn\u00fcm\u00fczde lazerle pek \u00e7ok \u015fey d\u00fczeltilebiliyor.<br>Yakla\u015f\u0131k 12 y\u0131ldan fazla bir s\u00fcre \u00f6nce karde\u015fim Almanya\u2019da g\u00f6zlerini lazerle yapt\u0131rm\u0131\u015ft\u0131 ve h\u00e2l\u00e2 \u00e7ok memnun. O zamandan beri benim de en b\u00fcy\u00fck iste\u011fim g\u00f6zl\u00fck ve lenslerden tamamen kurtulmakt\u0131. Ancak maddi ve ailevi nedenlerle bu iste\u011fi s\u00fcrekli ertelemek zorunda kald\u0131m. \u0130svi\u00e7re\u2019de normal bir ameliyat i\u00e7in h\u00e2l\u00e2 6.000 ile 9.000 \u0130svi\u00e7re frang\u0131 aras\u0131nda bir maliyet hesaplan\u0131yor ve bu masraflar da \u00e7o\u011fu zaman sa\u011fl\u0131k sigortas\u0131 taraf\u0131ndan kar\u015f\u0131lanm\u0131yor.<br>Bir y\u0131l \u00f6nce k\u0131z karde\u015fim de Swisslasik arac\u0131l\u0131\u011f\u0131yla \u0130stanbul\u2019a gitmi\u015fti ve bana sadece olumlu \u015feyler anlatm\u0131\u015ft\u0131. Ge\u00e7enlerde kendisine fiyat\u0131 sordu\u011fumda, karar vermem sadece birka\u00e7 dakikam\u0131 ald\u0131. Ben de art\u0131k yapt\u0131racakt\u0131m. Birka\u00e7 g\u00fcn boyunca bilgilendirici internet sitesini inceledim, t\u00fcm s\u00fcre\u00e7 hakk\u0131nda detayl\u0131 bilgi toplad\u0131m ve edindi\u011fim bu bilgilerle kendimi daha g\u00fcvende hissederek harekete ge\u00e7meye haz\u0131rland\u0131m.<br>Bir cuma g\u00fcn\u00fc Swisslasik\u2019e ilk e-postam\u0131 g\u00f6nderip uygun randevu tarihlerini sordum. K\u0131sa bir s\u00fcre sonra, birka\u00e7 g\u00fcn i\u00e7inde uygun tarihlerle cevap geldi. Birka\u00e7 e-posta sonras\u0131nda her \u015fey netle\u015fti, \u00f6demeyi online olarak yapt\u0131m ve gidi\u015f tarihim bir sonraki haftan\u0131n per\u015fembesi olarak kesinle\u015fti.<br>\u00d6n muayene yapt\u0131rmad\u0131m, \u00e7\u00fcnk\u00fc karde\u015flerimde sorunsuz ge\u00e7tiyse bende de olur diye d\u00fc\u015f\u00fcnd\u00fcm. Ger\u00e7i sonradan bak\u0131nca, belki de yapt\u0131rmasayd\u0131m gitmezdim. Ayr\u0131ca sadece standart paketi se\u00e7tim, bunun da iyi bir karar oldu\u011funu d\u00fc\u015f\u00fcn\u00fcyorum.<br>Belirlenen per\u015fembe g\u00fcn\u00fc trenle havaalan\u0131na gittim, sonu\u00e7ta sonras\u0131nda ne kadar g\u00f6rebilece\u011fim belli de\u011fildi. Kimli\u011fimle \u00f6nceden ay\u0131rt\u0131lm\u0131\u015f biletimi ald\u0131m ve T\u00fcrkiye yolculu\u011fu ba\u015flad\u0131. \u0130stanbul\u2019a vard\u0131\u011f\u0131mda transfer arac\u0131n\u0131 biraz beklemek zorunda kald\u0131m, \u00e7\u00fcnk\u00fc bir saat \u00f6nce inen ba\u015fka bir u\u00e7a\u011f\u0131n yolcular\u0131n\u0131 \u015fehir i\u00e7inde b\u0131rakmakla me\u015fguld\u00fc. K\u0131sa bir s\u00fcre sonra o da geldi ve beni sorunsuz \u015fekilde otele g\u00f6t\u00fcrd\u00fc.<br>Ak\u015fam \u00fczeri biraz gezdim, tabii h\u00e2l\u00e2 g\u00f6zl\u00fckle. Ak\u015fam yeme\u011fi yedim ve her t\u00fcrl\u00fc \u00fcr\u00fcn\u00fc satmaya \u00e7al\u0131\u015fan, g\u00fcler y\u00fczl\u00fc ama biraz da \u0131srarc\u0131 sat\u0131c\u0131lara al\u0131\u015fmaya \u00e7al\u0131\u015ft\u0131m. Cuma sabah\u0131 kahvalt\u0131dan sonra klinik \u00e7al\u0131\u015fan\u0131 taraf\u0131ndan tekrar otelden al\u0131nd\u0131m. T\u00fcm hastalar topland\u0131ktan sonra birka\u00e7 dakika i\u00e7inde klini\u011fe ula\u015ft\u0131k. Orada ge\u00e7irdi\u011fimiz sabah, beklemeler, muayeneler, \u00f6l\u00e7\u00fcmler ve doktorla yap\u0131lan g\u00f6r\u00fc\u015fmelerle ge\u00e7ti.                      Bu a\u015famada, korneam\u0131n y\u00fczde y\u00fczl\u00fck bir d\u00fczeltme i\u00e7in biraz fazla ince oldu\u011fu da ortaya \u00e7\u0131kt\u0131. Doktor bana, yakla\u015f\u0131k 0,5 diyoptrilik bir astigmat\u0131n kalabilece\u011fini s\u00f6yledi. A\u00e7\u0131k\u00e7as\u0131 biraz \u015fa\u015f\u0131rd\u0131m ama benim i\u00e7in motto zaten \u015fuydu: Yeter ki eskisinden daha iyi olsun. \u0130leride ara s\u0131ra tekrar g\u00f6zl\u00fck gerekip gerekmedi\u011fi zaten ancak aylar, hatta belki y\u0131llar sonra netle\u015fecek. Bu arada, standart paketi se\u00e7mi\u015f olmam\u0131n do\u011fru bir karar oldu\u011fu da b\u00f6ylece kesinle\u015fmi\u015f oldu, \u00e7\u00fcnk\u00fc ileride muhtemelen ikinci bir operasyon art\u0131k m\u00fcmk\u00fcn olmayacak.<br>Bu muayenelerden sonra \u00f6nce bir \u00f6\u011fle yeme\u011fiyle biraz g\u00fc\u00e7 toplamak gerekiyordu, sonu\u00e7ta ameliyata a\u00e7 gitmemek \u00f6nemli. \u00d6\u011fleden sonra herkes tekrar klinikte bulu\u015ftu. Birka\u00e7 yak\u0131c\u0131 g\u00f6z damlas\u0131ndan sonra ki bu arada ger\u00e7ekten a\u011fr\u0131l\u0131 olan tek \u015fey buydu, bir kat yukar\u0131 \u00e7\u0131kar\u0131ld\u0131k ve art\u0131k ameliyata zihinsel olarak haz\u0131rlanmaya ba\u015flad\u0131k.<br>Ameliyathaneye girmeden \u00f6nce, camdan son \u00e7\u0131kan \u201ckurban\u0131\u201d g\u00f6rebildim. Ama herhangi bir \u00e7\u0131\u011fl\u0131k ya da benzeri bir \u015fey duymad\u0131m, demek ki o kadar da k\u00f6t\u00fc olamazd\u0131. Y\u00fcz\u00fcm\u00fc biraz y\u0131kad\u0131m, bone tak\u0131ld\u0131 ve ameliyat i\u00e7in haz\u0131rd\u0131m.<br>Sonra ameliyathaneye \u00e7a\u011fr\u0131ld\u0131m, masaya uzand\u0131m ve hemen bir g\u00f6z\u00fcm kapat\u0131ld\u0131. \u00d6rt\u00fc tekrar kesildi ve g\u00f6z\u00fc a\u00e7\u0131k tutan halka yerle\u015ftirildi. O andan itibaren yap\u0131lacak tek \u015fey, yan\u0131p s\u00f6nen ye\u015fil noktaya bakmakt\u0131. Bu arada k\u0131rm\u0131z\u0131 noktalardan olu\u015fan a\u011f gibi bir desen h\u00e2l\u00e2 g\u00f6r\u00fcn\u00fcyordu. Bunlar muhtemelen ameliyat s\u0131ras\u0131nda g\u00f6z\u00fcn \u00f6l\u00e7\u00fclmesi i\u00e7in kullan\u0131l\u0131yordu.<br>\u00d6nce korneada kesik at\u0131ld\u0131. G\u00f6z \u00fczerine yukar\u0131dan ve yandan uygulanan bask\u0131 nedeniyle biraz rahats\u0131z ediciydi ama g\u00f6zler uyu\u015fturuldu\u011fu i\u00e7in ger\u00e7ekten a\u011fr\u0131l\u0131 say\u0131lmazd\u0131. Kapak kald\u0131r\u0131ld\u0131ktan sonra lazer devreye girdi. Lazer, saniyeler i\u00e7inde nokta nokta \u00e7al\u0131\u015farak fazla kornea dokusunu yakt\u0131. Ard\u0131ndan g\u00f6z y\u0131kand\u0131, kapak tekrar yerine kapat\u0131ld\u0131 ve bast\u0131r\u0131ld\u0131. O anda bile, al\u0131\u015ft\u0131\u011f\u0131mdan \u00e7ok daha net g\u00f6rmeye ba\u015flam\u0131\u015ft\u0131m.<br>Ayn\u0131 i\u015flem ikinci g\u00f6z i\u00e7in de yap\u0131ld\u0131 ve yakla\u015f\u0131k 15 dakika sonra kendi ayaklar\u0131m \u00fczerinde dinlenme odas\u0131na ge\u00e7ebildim. Burada g\u00f6zler biraz dinlendi. K\u0131sa bir s\u00fcre sonra tekrar klini\u011fin genel alan\u0131na al\u0131nd\u0131m ve televizyondaki program\u0131n altyaz\u0131lar\u0131n\u0131 okuyabildi\u011fimi fark ettim.<br>\u0130lk kontrol ve doktorla yap\u0131lan k\u0131sa g\u00f6r\u00fc\u015fmenin ard\u0131ndan do\u011frudan otele ge\u00e7tik. O ak\u015fam oda servisi yeme\u011fi getirdi. Sonras\u0131nda biraz uyumaya \u00e7al\u0131\u015ft\u0131m, d\u00fczenli olarak g\u00f6z damlalar\u0131n\u0131 kulland\u0131m ve yakla\u015f\u0131k 6 saat sonra neredeyse hi\u00e7 a\u011fr\u0131 kalmam\u0131\u015ft\u0131.<br>Ertesi g\u00fcn bir kontrol daha yap\u0131ld\u0131 ve benim i\u00e7in beklenmedik hi\u00e7bir durum ortaya \u00e7\u0131kmad\u0131. B\u00f6ylece klinikten tamamen taburcu edildim ve \u0130stanbul\u2019da biraz dola\u015f\u0131p yeni g\u00f6r\u00fc\u015f\u00fcm\u00fcn keyfini \u00e7\u0131karabildim. Pazar g\u00fcn\u00fc \u0130svi\u00e7re\u2019ye d\u00f6n\u00fc\u015f vard\u0131, her zamanki gibi sorunsuz ge\u00e7ti.<br>\u015eu an 42 ya\u015f\u0131nda biri olarak sonunda g\u00f6zl\u00fckten kurtuldum ve her g\u00fcn\u00fcn tad\u0131n\u0131 \u00e7\u0131kar\u0131yorum. G\u00f6r\u00fc\u015f\u00fcm her zaman m\u00fckemmel olmasa da, hayat\u0131m eskisine g\u00f6re \u00e7ok daha rahat.                        Bir s\u00fcre daha \u00e7e\u015fitli g\u00f6z damlalar\u0131n\u0131 kullanmak gerekiyor ve baz\u0131 \u015feyleri hen\u00fcz yapmamak laz\u0131m. Ameliyattan sonraki ilk hafta olduk\u00e7a yorucuydu. \u00d6zellikle bilgisayarda \u00e7al\u0131\u015fmak ya da yak\u0131ndaki k\u00fc\u00e7\u00fck \u015feyleri g\u00f6rmek g\u00f6zleri \u00e7ok zorluyordu. Cuma g\u00fcn\u00fc tamamen bitkin d\u00fc\u015fm\u00fc\u015ft\u00fcm. Ama bunun d\u0131\u015f\u0131nda her \u015fey yolunda. Ekrana bakmak tekrar yorucu oldu\u011funda k\u0131sa s\u00fcreli\u011fine pencereden d\u0131\u015far\u0131 bak\u0131yorum ve g\u00f6zlerim hemen rahatl\u0131yor.<br>Araba ve motosiklet kullanmak da art\u0131k \u00e7ok keyifli. Gece s\u00fcr\u00fc\u015flerinde eskisine g\u00f6re \u00e7ok daha az kama\u015fma ya\u015f\u0131yorum. \u015eimdi san\u0131r\u0131m trafik dairesine gidip ehliyetteki g\u00f6zl\u00fck ya da kontakt lens kullanmak zorundad\u0131r ibaresini sildirmem gerekiyor ya da ya\u015fla birlikte tekrar gerekene kadar beklerim.<br>Sonu\u00e7 olarak \u015funu s\u00f6yleyebilirim: Ke\u015fke bunu \u00e7ok daha \u00f6nce yapt\u0131rsayd\u0131m. G\u00f6zl\u00fcks\u00fcz ge\u00e7en her g\u00fcn, artan ya\u015fam kalitesi sayesinde \u00e7ok daha de\u011ferli. Daha net g\u00f6rmenin keyfini s\u00fcrekli ya\u015f\u0131yorum. Swisslasik taraf\u0131ndan verilen hizmeti g\u00f6n\u00fcl rahatl\u0131\u011f\u0131yla tavsiye edebilirim. Hem uygun fiyatl\u0131 hem de \u00e7ok profesyoneller. Ayr\u0131ca transferlerde, otelde ve tabii ki klinikte her zaman Almanca konu\u015fabilen en az bir ki\u015fi olmas\u0131na \u00f6zellikle dikkat ediliyordu.       <\/p>\n\n\n\n<div class=\"wp-block-group is-layout-grid wp-container-core-group-is-layout-baef362d wp-block-group-is-layout-grid\">\n<p><a href=\"https:\/\/medicaltravel.at\/home\/agb\/\" data-type=\"page\" data-id=\"2191\" rel=\"nofollow noopener\" target=\"_blank\"><\/a><a href=\"https:\/\/swisslasik.ch\/tr\/patientenberichte-augen-lasern\/24-subat-2011-tarihinde-istanbulda-yasadigim-goez-lazeri-deneyimi-23-mart-2011-carsamba-guenuene-ait-rapor\/\" data-type=\"link\" data-id=\"https:\/\/swisslasik.ch\/tr\/patientenberichte-augen-lasern\/24-subat-2011-tarihinde-istanbulda-yasadigim-goez-lazeri-deneyimi-23-mart-2011-carsamba-guenuene-ait-rapor\/\">\u00d6nceki rapor<\/a><\/p>\n\n\n\n<p class=\"has-text-align-right wp-container-content-5e2576f9\"><a href=\"https:\/\/medicaltravel.at\/home\/impressum\/\" data-type=\"page\" data-id=\"2193\" rel=\"nofollow noopener\" target=\"_blank\"><\/a><a href=\"https:\/\/medicaltravel.at\/home\/berichte-von-patienten\/erfahrungsberichte\/erfahrungsbericht-zahnbehandlung-in-istanbul\/\" data-type=\"page\" data-id=\"981\" rel=\"nofollow noopener\" target=\"_blank\"><\/a><a href=\"https:\/\/swisslasik.ch\/tr\/patientenberichte-augen-lasern\/deneyim-raporu-istanbulda-lasik-ameliyati-28-ocak-2011-28-ocak-2011-cuma-tarihli-rapor\/\" data-type=\"link\" data-id=\"https:\/\/swisslasik.ch\/tr\/patientenberichte-augen-lasern\/deneyim-raporu-istanbulda-lasik-ameliyati-28-ocak-2011-28-ocak-2011-cuma-tarihli-rapor\/\">Bir Sonraki Rapor<br><\/a><\/p>\n<\/div>\n","protected":false},"excerpt":{"rendered":"<p>Marcel Kaufmann taraf\u0131ndan 14 Ocak 2011 tarihinde ger\u00e7ekle\u015ftirilen LASIK g\u00f6z ameliyat\u0131na ili\u015fkin deneyim raporu \u2013 16 \u015eubat 2011 \u00c7ar\u015famba tarihli rapor Yakla\u015f\u0131k 7 ya\u015f\u0131mdan beri az ya da \u00e7ok s\u00fcrekli olarak g\u00f6rme yard\u0131mc\u0131lar\u0131 kullanmak zorunda kald\u0131m, 12 ya\u015f\u0131mdan sonra ise g\u00f6zl\u00fcks\u00fcz art\u0131k m\u00fcmk\u00fcn de\u011fildi. Camlar\u0131n bu\u011fulanmas\u0131 ya da kirlenmesi beni hep rahats\u0131z ederdi, kontakt lensler ise ya s\u00fcrekli rahats\u0131z ediciydi ya da kullan\u0131m\u0131 \u00e7ok zahmetliydi. Bunun d\u0131\u015f\u0131nda da g\u00f6rme bozukluklar\u0131m nedeniyle beni ki\u015fisel olarak rahats\u0131z eden pek \u00e7ok durum vard\u0131. Miyopluk ve astigmatizm g\u00fcnl\u00fck hayat\u0131m\u0131 ciddi \u015fekilde etkiliyordu.Zamanla miyopluk yakla\u015f\u0131k 5 diyoptriye kadar y\u00fckselmi\u015fti, 3,5 diyoptrilik astigmat da az say\u0131lmazd\u0131. Art\u0131k \u00f6yle bir noktaya gelmi\u015ftim ki, ak\u015fam g\u00f6zl\u00fc\u011f\u00fcm\u00fc nereye b\u0131rakt\u0131\u011f\u0131ma dikkat etmediysem sabahlar\u0131 onu aramak zorunda kal\u0131yordum. Neyse ki t\u0131p son y\u0131llarda \u00e7ok b\u00fcy\u00fck ilerlemeler kaydetti ve g\u00fcn\u00fcm\u00fczde lazerle pek \u00e7ok \u015fey d\u00fczeltilebiliyor.Yakla\u015f\u0131k 12 y\u0131ldan fazla bir s\u00fcre \u00f6nce karde\u015fim Almanya\u2019da g\u00f6zlerini lazerle yapt\u0131rm\u0131\u015ft\u0131 ve h\u00e2l\u00e2 \u00e7ok memnun. O zamandan beri benim de en b\u00fcy\u00fck iste\u011fim g\u00f6zl\u00fck ve lenslerden tamamen kurtulmakt\u0131. Ancak maddi ve ailevi nedenlerle bu iste\u011fi s\u00fcrekli ertelemek zorunda kald\u0131m. \u0130svi\u00e7re\u2019de normal bir ameliyat i\u00e7in h\u00e2l\u00e2 6.000 ile 9.000 \u0130svi\u00e7re frang\u0131 aras\u0131nda bir maliyet hesaplan\u0131yor ve bu masraflar da \u00e7o\u011fu zaman sa\u011fl\u0131k sigortas\u0131 taraf\u0131ndan kar\u015f\u0131lanm\u0131yor.Bir y\u0131l \u00f6nce k\u0131z karde\u015fim de Swisslasik arac\u0131l\u0131\u011f\u0131yla \u0130stanbul\u2019a gitmi\u015fti ve bana sadece olumlu \u015feyler anlatm\u0131\u015ft\u0131. Ge\u00e7enlerde kendisine fiyat\u0131 sordu\u011fumda, karar vermem sadece birka\u00e7 dakikam\u0131 ald\u0131. Ben de art\u0131k yapt\u0131racakt\u0131m. Birka\u00e7 g\u00fcn boyunca bilgilendirici internet sitesini inceledim, t\u00fcm s\u00fcre\u00e7 hakk\u0131nda detayl\u0131 bilgi toplad\u0131m ve edindi\u011fim bu bilgilerle kendimi daha g\u00fcvende hissederek harekete ge\u00e7meye haz\u0131rland\u0131m.Bir cuma g\u00fcn\u00fc Swisslasik\u2019e ilk e-postam\u0131 g\u00f6nderip uygun randevu tarihlerini sordum. K\u0131sa bir s\u00fcre sonra, birka\u00e7 g\u00fcn i\u00e7inde uygun tarihlerle cevap geldi. Birka\u00e7 e-posta sonras\u0131nda her \u015fey netle\u015fti, \u00f6demeyi online olarak yapt\u0131m ve gidi\u015f tarihim bir sonraki haftan\u0131n per\u015fembesi olarak kesinle\u015fti.\u00d6n muayene yapt\u0131rmad\u0131m, \u00e7\u00fcnk\u00fc karde\u015flerimde sorunsuz ge\u00e7tiyse bende de olur diye d\u00fc\u015f\u00fcnd\u00fcm. Ger\u00e7i sonradan bak\u0131nca, belki de yapt\u0131rmasayd\u0131m gitmezdim. Ayr\u0131ca sadece standart paketi se\u00e7tim, bunun da iyi bir karar oldu\u011funu d\u00fc\u015f\u00fcn\u00fcyorum.Belirlenen per\u015fembe g\u00fcn\u00fc trenle havaalan\u0131na gittim, sonu\u00e7ta sonras\u0131nda ne kadar g\u00f6rebilece\u011fim belli de\u011fildi. Kimli\u011fimle \u00f6nceden ay\u0131rt\u0131lm\u0131\u015f biletimi ald\u0131m ve T\u00fcrkiye yolculu\u011fu ba\u015flad\u0131. \u0130stanbul\u2019a vard\u0131\u011f\u0131mda transfer arac\u0131n\u0131 biraz beklemek zorunda kald\u0131m, \u00e7\u00fcnk\u00fc bir saat \u00f6nce inen ba\u015fka bir u\u00e7a\u011f\u0131n yolcular\u0131n\u0131 \u015fehir i\u00e7inde b\u0131rakmakla me\u015fguld\u00fc. K\u0131sa bir s\u00fcre sonra o da geldi ve beni sorunsuz \u015fekilde otele g\u00f6t\u00fcrd\u00fc.Ak\u015fam \u00fczeri biraz gezdim, tabii h\u00e2l\u00e2 g\u00f6zl\u00fckle. Ak\u015fam yeme\u011fi yedim ve her t\u00fcrl\u00fc \u00fcr\u00fcn\u00fc satmaya \u00e7al\u0131\u015fan, g\u00fcler y\u00fczl\u00fc ama biraz da \u0131srarc\u0131 sat\u0131c\u0131lara al\u0131\u015fmaya \u00e7al\u0131\u015ft\u0131m. Cuma sabah\u0131 kahvalt\u0131dan sonra klinik \u00e7al\u0131\u015fan\u0131 taraf\u0131ndan tekrar otelden al\u0131nd\u0131m. T\u00fcm hastalar topland\u0131ktan sonra birka\u00e7 dakika i\u00e7inde klini\u011fe ula\u015ft\u0131k. Orada ge\u00e7irdi\u011fimiz sabah, beklemeler, muayeneler, \u00f6l\u00e7\u00fcmler ve doktorla yap\u0131lan g\u00f6r\u00fc\u015fmelerle ge\u00e7ti. Bu a\u015famada, korneam\u0131n y\u00fczde y\u00fczl\u00fck bir d\u00fczeltme i\u00e7in biraz fazla ince oldu\u011fu da ortaya \u00e7\u0131kt\u0131. Doktor bana, yakla\u015f\u0131k 0,5 diyoptrilik bir astigmat\u0131n kalabilece\u011fini s\u00f6yledi. A\u00e7\u0131k\u00e7as\u0131 biraz \u015fa\u015f\u0131rd\u0131m ama benim i\u00e7in motto zaten \u015fuydu: Yeter ki eskisinden daha iyi olsun. \u0130leride ara s\u0131ra tekrar g\u00f6zl\u00fck gerekip gerekmedi\u011fi zaten ancak aylar, hatta belki y\u0131llar sonra netle\u015fecek. Bu arada, standart paketi se\u00e7mi\u015f olmam\u0131n do\u011fru bir karar oldu\u011fu da b\u00f6ylece kesinle\u015fmi\u015f oldu, \u00e7\u00fcnk\u00fc ileride muhtemelen ikinci bir operasyon art\u0131k m\u00fcmk\u00fcn olmayacak.Bu muayenelerden sonra \u00f6nce bir \u00f6\u011fle yeme\u011fiyle biraz g\u00fc\u00e7 toplamak gerekiyordu, sonu\u00e7ta ameliyata a\u00e7 gitmemek \u00f6nemli. \u00d6\u011fleden sonra herkes tekrar klinikte bulu\u015ftu. Birka\u00e7 yak\u0131c\u0131 g\u00f6z damlas\u0131ndan sonra ki bu arada ger\u00e7ekten a\u011fr\u0131l\u0131 olan tek \u015fey buydu, bir kat yukar\u0131 \u00e7\u0131kar\u0131ld\u0131k ve art\u0131k ameliyata zihinsel olarak haz\u0131rlanmaya ba\u015flad\u0131k.Ameliyathaneye girmeden \u00f6nce, camdan son \u00e7\u0131kan \u201ckurban\u0131\u201d g\u00f6rebildim. Ama herhangi bir \u00e7\u0131\u011fl\u0131k ya da benzeri bir \u015fey duymad\u0131m, demek ki o kadar da k\u00f6t\u00fc olamazd\u0131. Y\u00fcz\u00fcm\u00fc biraz y\u0131kad\u0131m, bone tak\u0131ld\u0131 ve ameliyat i\u00e7in haz\u0131rd\u0131m.Sonra ameliyathaneye \u00e7a\u011fr\u0131ld\u0131m, masaya uzand\u0131m ve hemen bir g\u00f6z\u00fcm kapat\u0131ld\u0131. \u00d6rt\u00fc tekrar kesildi ve g\u00f6z\u00fc a\u00e7\u0131k tutan halka yerle\u015ftirildi. O andan itibaren yap\u0131lacak tek \u015fey, yan\u0131p s\u00f6nen ye\u015fil noktaya bakmakt\u0131. Bu arada k\u0131rm\u0131z\u0131 noktalardan olu\u015fan a\u011f gibi bir desen h\u00e2l\u00e2 g\u00f6r\u00fcn\u00fcyordu. Bunlar muhtemelen ameliyat s\u0131ras\u0131nda g\u00f6z\u00fcn \u00f6l\u00e7\u00fclmesi i\u00e7in kullan\u0131l\u0131yordu.\u00d6nce korneada kesik at\u0131ld\u0131. G\u00f6z \u00fczerine yukar\u0131dan ve yandan uygulanan bask\u0131 nedeniyle biraz rahats\u0131z ediciydi ama g\u00f6zler uyu\u015fturuldu\u011fu i\u00e7in ger\u00e7ekten a\u011fr\u0131l\u0131 say\u0131lmazd\u0131. Kapak kald\u0131r\u0131ld\u0131ktan sonra lazer devreye girdi. Lazer, saniyeler i\u00e7inde nokta nokta \u00e7al\u0131\u015farak fazla kornea dokusunu yakt\u0131. Ard\u0131ndan g\u00f6z y\u0131kand\u0131, kapak tekrar yerine kapat\u0131ld\u0131 ve bast\u0131r\u0131ld\u0131. O anda bile, al\u0131\u015ft\u0131\u011f\u0131mdan \u00e7ok daha net g\u00f6rmeye ba\u015flam\u0131\u015ft\u0131m.Ayn\u0131 i\u015flem ikinci g\u00f6z i\u00e7in de yap\u0131ld\u0131 ve yakla\u015f\u0131k 15 dakika sonra kendi ayaklar\u0131m \u00fczerinde dinlenme odas\u0131na ge\u00e7ebildim. Burada g\u00f6zler biraz dinlendi. K\u0131sa bir s\u00fcre sonra tekrar klini\u011fin genel alan\u0131na al\u0131nd\u0131m ve televizyondaki program\u0131n altyaz\u0131lar\u0131n\u0131 okuyabildi\u011fimi fark ettim.\u0130lk kontrol ve doktorla yap\u0131lan k\u0131sa g\u00f6r\u00fc\u015fmenin ard\u0131ndan do\u011frudan otele ge\u00e7tik. O ak\u015fam oda servisi yeme\u011fi getirdi. Sonras\u0131nda biraz uyumaya \u00e7al\u0131\u015ft\u0131m, d\u00fczenli olarak g\u00f6z damlalar\u0131n\u0131 kulland\u0131m ve yakla\u015f\u0131k 6 saat sonra neredeyse hi\u00e7 a\u011fr\u0131 kalmam\u0131\u015ft\u0131.Ertesi g\u00fcn bir kontrol daha yap\u0131ld\u0131 ve benim i\u00e7in beklenmedik hi\u00e7bir durum ortaya \u00e7\u0131kmad\u0131. B\u00f6ylece klinikten tamamen taburcu edildim ve \u0130stanbul\u2019da biraz dola\u015f\u0131p yeni g\u00f6r\u00fc\u015f\u00fcm\u00fcn keyfini \u00e7\u0131karabildim. Pazar g\u00fcn\u00fc \u0130svi\u00e7re\u2019ye d\u00f6n\u00fc\u015f vard\u0131, her zamanki gibi sorunsuz ge\u00e7ti.\u015eu an 42 ya\u015f\u0131nda biri olarak sonunda g\u00f6zl\u00fckten kurtuldum ve her g\u00fcn\u00fcn tad\u0131n\u0131 \u00e7\u0131kar\u0131yorum. G\u00f6r\u00fc\u015f\u00fcm her zaman m\u00fckemmel olmasa da, hayat\u0131m eskisine g\u00f6re \u00e7ok daha rahat. Bir s\u00fcre daha \u00e7e\u015fitli g\u00f6z damlalar\u0131n\u0131 kullanmak gerekiyor ve baz\u0131 \u015feyleri hen\u00fcz yapmamak laz\u0131m. Ameliyattan sonraki ilk hafta olduk\u00e7a yorucuydu. \u00d6zellikle bilgisayarda \u00e7al\u0131\u015fmak ya da yak\u0131ndaki k\u00fc\u00e7\u00fck \u015feyleri g\u00f6rmek g\u00f6zleri \u00e7ok zorluyordu. Cuma g\u00fcn\u00fc tamamen bitkin d\u00fc\u015fm\u00fc\u015ft\u00fcm. Ama bunun d\u0131\u015f\u0131nda her \u015fey yolunda. Ekrana bakmak tekrar yorucu oldu\u011funda k\u0131sa s\u00fcreli\u011fine pencereden d\u0131\u015far\u0131 bak\u0131yorum ve g\u00f6zlerim hemen rahatl\u0131yor.Araba ve motosiklet kullanmak da art\u0131k \u00e7ok keyifli. Gece s\u00fcr\u00fc\u015flerinde eskisine g\u00f6re \u00e7ok daha az kama\u015fma ya\u015f\u0131yorum. \u015eimdi san\u0131r\u0131m trafik dairesine gidip ehliyetteki g\u00f6zl\u00fck ya da kontakt lens kullanmak zorundad\u0131r ibaresini sildirmem gerekiyor ya da ya\u015fla birlikte tekrar gerekene kadar beklerim.Sonu\u00e7 olarak \u015funu s\u00f6yleyebilirim: Ke\u015fke bunu \u00e7ok daha \u00f6nce yapt\u0131rsayd\u0131m. G\u00f6zl\u00fcks\u00fcz ge\u00e7en her g\u00fcn, artan ya\u015fam kalitesi sayesinde \u00e7ok daha de\u011ferli. Daha net g\u00f6rmenin keyfini s\u00fcrekli ya\u015f\u0131yorum. Swisslasik taraf\u0131ndan verilen hizmeti g\u00f6n\u00fcl rahatl\u0131\u011f\u0131yla tavsiye edebilirim. Hem uygun fiyatl\u0131 hem de \u00e7ok profesyoneller. Ayr\u0131ca transferlerde, otelde ve tabii ki klinikte her zaman Almanca konu\u015fabilen en az bir ki\u015fi olmas\u0131na \u00f6zellikle dikkat ediliyordu. \u00d6nceki rapor Bir Sonraki Rapor<\/p>\n","protected":false},"author":4,"featured_media":0,"parent":3650,"menu_order":0,"comment_status":"closed","ping_status":"closed","template":"","meta":{"_joinchat":[],"footnotes":""},"class_list":["post-3660","page","type-page","status-publish","hentry"],"acf":[],"_links":{"self":[{"href":"https:\/\/swisslasik.ch\/tr\/wp-json\/wp\/v2\/pages\/3660","targetHints":{"allow":["GET"]}}],"collection":[{"href":"https:\/\/swisslasik.ch\/tr\/wp-json\/wp\/v2\/pages"}],"about":[{"href":"https:\/\/swisslasik.ch\/tr\/wp-json\/wp\/v2\/types\/page"}],"author":[{"embeddable":true,"href":"https:\/\/swisslasik.ch\/tr\/wp-json\/wp\/v2\/users\/4"}],"replies":[{"embeddable":true,"href":"https:\/\/swisslasik.ch\/tr\/wp-json\/wp\/v2\/comments?post=3660"}],"version-history":[{"count":2,"href":"https:\/\/swisslasik.ch\/tr\/wp-json\/wp\/v2\/pages\/3660\/revisions"}],"predecessor-version":[{"id":4798,"href":"https:\/\/swisslasik.ch\/tr\/wp-json\/wp\/v2\/pages\/3660\/revisions\/4798"}],"up":[{"embeddable":true,"href":"https:\/\/swisslasik.ch\/tr\/wp-json\/wp\/v2\/pages\/3650"}],"wp:attachment":[{"href":"https:\/\/swisslasik.ch\/tr\/wp-json\/wp\/v2\/media?parent=3660"}],"curies":[{"name":"wp","href":"https:\/\/api.w.org\/{rel}","templated":true}]}}