{"id":3662,"date":"2025-09-24T14:25:37","date_gmt":"2025-09-24T13:25:37","guid":{"rendered":"https:\/\/swisslasik.ch\/patientenberichte-augen-lasern\/deneyim-raporu-istanbulda-lasik-ameliyati-28-ocak-2011-28-ocak-2011-cuma-tarihli-rapor\/"},"modified":"2026-01-14T19:02:49","modified_gmt":"2026-01-14T18:02:49","slug":"deneyim-raporu-istanbulda-lasik-ameliyati-28-ocak-2011-28-ocak-2011-cuma-tarihli-rapor","status":"publish","type":"page","link":"https:\/\/swisslasik.ch\/tr\/patientenberichte-augen-lasern\/deneyim-raporu-istanbulda-lasik-ameliyati-28-ocak-2011-28-ocak-2011-cuma-tarihli-rapor\/","title":{"rendered":"Deneyim raporu: \u0130stanbul&#8217;da LASIK ameliyat\u0131 \u2013 28 Ocak 2011 \u2013 28 Ocak 2011 Cuma tarihli rapor"},"content":{"rendered":"\n<h3 class=\"wp-block-heading\">Deneyim raporu: \u0130stanbul&#8217;da LASIK ameliyat\u0131 \u2013 28 Ocak 2011 \u2013 28 Ocak 2011 Cuma tarihli rapor<\/h3>\n\n<p>Sal\u0131, 15 \u015eubat 2011<br\/>Bir arkada\u015f\u0131m Nisan 2008\u2019de Swisslasik arac\u0131l\u0131\u011f\u0131yla lazer ameliyat\u0131 olmu\u015ftu ve bana bundan bahsetmi\u015fti. O d\u00f6nemde ben de b\u00f6yle bir operasyona ilgi duymu\u015ftum, ancak kesin karar vermek i\u00e7in biraz zamana ihtiyac\u0131m vard\u0131. 20 y\u0131l\u0131 a\u015fk\u0131n bir s\u00fcredir kontakt lens kullan\u0131yordum ve genel olarak memnundum. Ancak zaman ge\u00e7tik\u00e7e lenslerle u\u011fra\u015fmak beni giderek daha fazla rahats\u0131z etmeye ba\u015flad\u0131. Temizleme i\u015fi, bir yere gece kalmaya giderken t\u00fcm malzemeleri yan\u0131mda ta\u015f\u0131mak, y\u00fczme ya da spor s\u0131ras\u0131nda lensleri kaybetme riski ve \u00f6zellikle ak\u015famlar\u0131 ya\u015fad\u0131\u011f\u0131m kuruluk hissi can s\u0131k\u0131c\u0131yd\u0131. Buna zamanla okuma problemi de eklenince, g\u00f6z lazeri konusunu daha ciddiyetle ara\u015ft\u0131rmaya karar verdim.<br\/>Arkada\u015f\u0131m\u0131n anlatt\u0131klar\u0131, internet ve di\u011fer kaynaklar \u00fczerinden Swisslasik hakk\u0131nda bilgi edindim. \u0130leti\u015fime ge\u00e7tim ve her \u015feyi tekrar detayl\u0131 \u015fekilde anlatt\u0131lar. Ard\u0131ndan \u0130svi\u00e7re\u2019de ilk \u00f6n muayenemi yapt\u0131rd\u0131m ve bana Lasik ameliyat\u0131n\u0131n benim i\u00e7in uygun oldu\u011fu s\u00f6ylendi. 2011\u2019in ba\u015f\u0131nda ameliyat\u0131 Swisslasik \u00fczerinden yapt\u0131rmaya kesin olarak karar verdim. Tarihi kendim se\u00e7ebildim ve \u0130svi\u00e7re\u2019deki temsilciyle bu tarihte seyahat edip edemeyece\u011fimi netle\u015ftirdik. 28 Ocak\u2019ta art\u0131k zaman\u0131 gelmi\u015fti.<br\/>\u0130stanbul\u2019a vard\u0131\u011f\u0131m\u0131zda Almanca konu\u015fan bir \u015fof\u00f6r taraf\u0131ndan kar\u015f\u0131land\u0131k ve otele g\u00f6t\u00fcr\u00fcld\u00fck. K\u0131sa bir s\u00fcre sonra da \u00f6n muayene i\u00e7in klini\u011fe ge\u00e7tik. \u0130svi\u00e7re Almancas\u0131yla kar\u015f\u0131lan\u0131nca ger\u00e7ekten \u00e7ok \u015fa\u015f\u0131rd\u0131m. Bekleme odas\u0131nda \u00f6nce baz\u0131 formlar doldurdum, ard\u0131ndan \u00e7e\u015fitli testlerden ge\u00e7tim. Sonras\u0131nda doktor muayenesi yap\u0131ld\u0131 ve Lasik ameliyat\u0131n\u0131n benim i\u00e7in sorunsuz bir \u015fekilde uygulanabilece\u011fi tekrar teyit edildi.<br\/>Ameliyat ayn\u0131 g\u00fcn ak\u015fam saatlerinde yap\u0131ld\u0131. \u00d6ncesinde bir \u015feyler yiyip ameliyattan sonra direkt otele d\u00f6nebilmek istedik. O g\u00fcn ameliyat olan son ki\u015fi bendim, bu y\u00fczden her \u015fey olduk\u00e7a h\u0131zl\u0131 ilerledi. \u00d6nce haz\u0131rl\u0131k odas\u0131na al\u0131nd\u0131m, ameliyat \u00f6nl\u00fc\u011f\u00fc ve bone verildi. G\u00f6zlerim y\u0131kand\u0131, dezenfekte edildi ve anestezi damlalar\u0131 uyguland\u0131. Bir g\u00f6z kapat\u0131ld\u0131 ve k\u0131sa s\u00fcre sonra ameliyathaneye ge\u00e7ildi.<br\/>Rahat bir \u015fekilde sedyeye uzand\u0131m, g\u00f6z\u00fcm tekrar dezenfekte edildi ve ard\u0131ndan g\u00f6z kapa\u011f\u0131n\u0131 a\u00e7\u0131k tutan aparat yerle\u015ftirildi. Bunu jel dolu k\u00fc\u00e7\u00fck bir plastik yast\u0131k gibi d\u00fc\u015f\u00fcnebilirsiniz. G\u00f6ze yerle\u015ftiriliyor ve sabitleniyor, b\u00f6ylece ameliyat s\u0131ras\u0131nda g\u00f6z kapa\u011f\u0131 hareket etmiyor. Ameliyat alan\u0131 a\u00e7\u0131ld\u0131. T\u00fcm s\u00fcre\u00e7 boyunca Almanca destek veriliyor ve her ad\u0131m detayl\u0131 \u015fekilde anlat\u0131l\u0131yor.<br\/>Doktor, tavanda yer alan ye\u015fil noktaya bakmam\u0131 ve m\u00fcmk\u00fcn oldu\u011funca g\u00f6z\u00fcm\u00fc bu noktaya sabitlememi s\u00f6yledi. Ard\u0131ndan kornea kapa\u011f\u0131 kesildi ve kald\u0131r\u0131ld\u0131. As\u0131l lazer i\u015flemi bundan sonra ba\u015flad\u0131. Doktor tekrar ye\u015fil noktaya odaklanmam\u0131 istedi. Lazer i\u015flemi, yap\u0131lacak d\u00fczeltmenin derecesine ba\u011fl\u0131 olarak sadece birka\u00e7 saniye s\u00fcrd\u00fc. Bu s\u0131rada g\u00f6r\u00fc\u015f aniden bulan\u0131kla\u015f\u0131yor ve ye\u015fil \u0131\u015f\u0131k net g\u00f6r\u00fcnm\u00fcyor, ama yine de yukar\u0131 do\u011fru bakmaya devam etmek gerekiyor. Ayn\u0131 i\u015flem ikinci g\u00f6z i\u00e7in de tekrarland\u0131.<br\/>Benim i\u00e7in biraz rahats\u0131z edici olan tek \u015fey lazer s\u0131ras\u0131nda olu\u015fan kokuydu. Hafif yan\u0131k gibi bir koku geliyordu. Bunun d\u0131\u015f\u0131nda kesinlikle hi\u00e7bir a\u011fr\u0131 hissetmedim. T\u00fcm ameliyat yakla\u015f\u0131k 15 dakika s\u00fcrd\u00fc. Sonras\u0131nda k\u0131sa bir s\u00fcre dinlenmem i\u00e7in beni ba\u015fka bir odaya ald\u0131lar, g\u00f6zlerim kapal\u0131 \u015fekilde biraz uzand\u0131m. Daha sonra tekrar bekleme alan\u0131na indirildim ve ilk damlalar uyguland\u0131. Birka\u00e7 saniyelik hafif bir yanma oldu. G\u00f6zde yabanc\u0131 cisim varm\u0131\u015f gibi bir his vard\u0131, g\u00f6r\u00fc\u015f biraz pusluydu ve \u0131\u015f\u0131\u011fa kar\u015f\u0131 hassasiyet olu\u015fmu\u015ftu.<br\/>K\u0131sa bir kontrol\u00fcn ard\u0131ndan taburcu edildim ve otele d\u00f6nd\u00fcm. Bana damla \u015feklinde \u00e7e\u015fitli ila\u00e7lar verildi ve nas\u0131l kullan\u0131lacaklar\u0131 ayr\u0131nt\u0131l\u0131 \u015fekilde anlat\u0131ld\u0131. En iyisi gidip uyumak ya da g\u00f6zler kapal\u0131 \u015fekilde dinlenmekti. \u0130lk iki gece i\u00e7in, uyurken fark\u0131nda olmadan g\u00f6zleri ovu\u015fturmamak ad\u0131na b\u00fcy\u00fck bantlarla g\u00f6zleri kapatmak gerekiyordu.<br\/>Ertesi sabah uyanmak inan\u0131lmaz bir histi. Her \u015feyi net bir \u015fekilde g\u00f6rebiliyordum ve \u00e7ok etkilenmi\u015ftim. Kahvalt\u0131dan k\u0131sa bir s\u00fcre sonra tekrar klini\u011fe kontrol i\u00e7in gittim. Her \u015fey yolundayd\u0131 ve \u00f6\u011fleden sonra \u015fehirde k\u00fc\u00e7\u00fck bir gezinti bile yapabildim. \u0130lk g\u00fcnlerde yine de dikkatli olmak, g\u00fcne\u015f g\u00f6zl\u00fc\u011f\u00fc takmak ve g\u00f6ze bir \u015fey ka\u00e7mas\u0131n\u0131 \u00f6nlemek gerekiyordu. Ayr\u0131ca bir hafta boyunca damlalar d\u00fczenli olarak kullan\u0131lmal\u0131yd\u0131, nemlendirici damlalar ise bir ay boyunca devam ediyordu.<br\/>Son olarak \u015funu s\u00f6ylemek isterim ki, bu Lasik ameliyat\u0131n\u0131 yapt\u0131rd\u0131\u011f\u0131m i\u00e7in \u00e7ok mutluyum. Hi\u00e7 d\u00fc\u015f\u00fcnmeden tekrar yapt\u0131r\u0131rd\u0131m. Swisslasik ile kalite ve fiyat a\u00e7\u0131s\u0131ndan en do\u011fru tercihi yapt\u0131\u011f\u0131ma inan\u0131yorum. Hizmetleri ger\u00e7ekten \u00e7ok iyi, fiyatlar ise rakipsiz. Ayr\u0131ca \u0130stanbul kesinlikle g\u00f6r\u00fclmeye de\u011fer bir \u015fehir.<br\/>Karin Turolla<\/p>\n\n<div class=\"wp-block-group is-layout-grid wp-container-core-group-is-layout-baef362d wp-block-group-is-layout-grid\">\n<p><a href=\"https:\/\/medicaltravel.at\/home\/agb\/\" data-type=\"page\" data-id=\"2191\" rel=\"nofollow noopener\" target=\"_blank\"><\/a><a href=\"https:\/\/swisslasik.ch\/tr\/patientenberichte-augen-lasern\/marcel-kaufmann-tarafindan-14-ocak-2011-tarihinde-gerceklestirilen-lasik-goez-ameliyatina-iliskin-deneyim-raporu-16-subat-2011-carsamba-tarihli-rapor\/\" data-type=\"link\" data-id=\"https:\/\/swisslasik.ch\/patientenberichte-augen-lasern\/erfahrungsbericht-der-lasik-augen-op-vom-14-januar-2011-von-marcel-kaufmann-bericht-vom-mittwoch-16-februar-2011\/\">\u00d6nceki rapor<\/a><\/p>\n\n\n\n<p class=\"has-text-align-right wp-container-content-5e2576f9\"><\/p>\n<\/div>\n","protected":false},"excerpt":{"rendered":"<p>Deneyim raporu: \u0130stanbul&#8217;da LASIK ameliyat\u0131 \u2013 28 Ocak 2011 \u2013 28 Ocak 2011 Cuma tarihli rapor Sal\u0131, 15 \u015eubat 2011Bir arkada\u015f\u0131m Nisan 2008\u2019de Swisslasik arac\u0131l\u0131\u011f\u0131yla lazer ameliyat\u0131 olmu\u015ftu ve bana bundan bahsetmi\u015fti. O d\u00f6nemde ben de b\u00f6yle bir operasyona ilgi duymu\u015ftum, ancak kesin karar vermek i\u00e7in biraz zamana ihtiyac\u0131m vard\u0131. 20 y\u0131l\u0131 a\u015fk\u0131n bir s\u00fcredir kontakt lens kullan\u0131yordum ve genel olarak memnundum. Ancak zaman ge\u00e7tik\u00e7e lenslerle u\u011fra\u015fmak beni giderek daha fazla rahats\u0131z etmeye ba\u015flad\u0131. Temizleme i\u015fi, bir yere gece kalmaya giderken t\u00fcm malzemeleri yan\u0131mda ta\u015f\u0131mak, y\u00fczme ya da spor s\u0131ras\u0131nda lensleri kaybetme riski ve \u00f6zellikle ak\u015famlar\u0131 ya\u015fad\u0131\u011f\u0131m kuruluk hissi can s\u0131k\u0131c\u0131yd\u0131. Buna zamanla okuma problemi de eklenince, g\u00f6z lazeri konusunu daha ciddiyetle ara\u015ft\u0131rmaya karar verdim.Arkada\u015f\u0131m\u0131n anlatt\u0131klar\u0131, internet ve di\u011fer kaynaklar \u00fczerinden Swisslasik hakk\u0131nda bilgi edindim. \u0130leti\u015fime ge\u00e7tim ve her \u015feyi tekrar detayl\u0131 \u015fekilde anlatt\u0131lar. Ard\u0131ndan \u0130svi\u00e7re\u2019de ilk \u00f6n muayenemi yapt\u0131rd\u0131m ve bana Lasik ameliyat\u0131n\u0131n benim i\u00e7in uygun oldu\u011fu s\u00f6ylendi. 2011\u2019in ba\u015f\u0131nda ameliyat\u0131 Swisslasik \u00fczerinden yapt\u0131rmaya kesin olarak karar verdim. Tarihi kendim se\u00e7ebildim ve \u0130svi\u00e7re\u2019deki temsilciyle bu tarihte seyahat edip edemeyece\u011fimi netle\u015ftirdik. 28 Ocak\u2019ta art\u0131k zaman\u0131 gelmi\u015fti.\u0130stanbul\u2019a vard\u0131\u011f\u0131m\u0131zda Almanca konu\u015fan bir \u015fof\u00f6r taraf\u0131ndan kar\u015f\u0131land\u0131k ve otele g\u00f6t\u00fcr\u00fcld\u00fck. K\u0131sa bir s\u00fcre sonra da \u00f6n muayene i\u00e7in klini\u011fe ge\u00e7tik. \u0130svi\u00e7re Almancas\u0131yla kar\u015f\u0131lan\u0131nca ger\u00e7ekten \u00e7ok \u015fa\u015f\u0131rd\u0131m. Bekleme odas\u0131nda \u00f6nce baz\u0131 formlar doldurdum, ard\u0131ndan \u00e7e\u015fitli testlerden ge\u00e7tim. Sonras\u0131nda doktor muayenesi yap\u0131ld\u0131 ve Lasik ameliyat\u0131n\u0131n benim i\u00e7in sorunsuz bir \u015fekilde uygulanabilece\u011fi tekrar teyit edildi.Ameliyat ayn\u0131 g\u00fcn ak\u015fam saatlerinde yap\u0131ld\u0131. \u00d6ncesinde bir \u015feyler yiyip ameliyattan sonra direkt otele d\u00f6nebilmek istedik. O g\u00fcn ameliyat olan son ki\u015fi bendim, bu y\u00fczden her \u015fey olduk\u00e7a h\u0131zl\u0131 ilerledi. \u00d6nce haz\u0131rl\u0131k odas\u0131na al\u0131nd\u0131m, ameliyat \u00f6nl\u00fc\u011f\u00fc ve bone verildi. G\u00f6zlerim y\u0131kand\u0131, dezenfekte edildi ve anestezi damlalar\u0131 uyguland\u0131. Bir g\u00f6z kapat\u0131ld\u0131 ve k\u0131sa s\u00fcre sonra ameliyathaneye ge\u00e7ildi.Rahat bir \u015fekilde sedyeye uzand\u0131m, g\u00f6z\u00fcm tekrar dezenfekte edildi ve ard\u0131ndan g\u00f6z kapa\u011f\u0131n\u0131 a\u00e7\u0131k tutan aparat yerle\u015ftirildi. Bunu jel dolu k\u00fc\u00e7\u00fck bir plastik yast\u0131k gibi d\u00fc\u015f\u00fcnebilirsiniz. G\u00f6ze yerle\u015ftiriliyor ve sabitleniyor, b\u00f6ylece ameliyat s\u0131ras\u0131nda g\u00f6z kapa\u011f\u0131 hareket etmiyor. Ameliyat alan\u0131 a\u00e7\u0131ld\u0131. T\u00fcm s\u00fcre\u00e7 boyunca Almanca destek veriliyor ve her ad\u0131m detayl\u0131 \u015fekilde anlat\u0131l\u0131yor.Doktor, tavanda yer alan ye\u015fil noktaya bakmam\u0131 ve m\u00fcmk\u00fcn oldu\u011funca g\u00f6z\u00fcm\u00fc bu noktaya sabitlememi s\u00f6yledi. Ard\u0131ndan kornea kapa\u011f\u0131 kesildi ve kald\u0131r\u0131ld\u0131. As\u0131l lazer i\u015flemi bundan sonra ba\u015flad\u0131. Doktor tekrar ye\u015fil noktaya odaklanmam\u0131 istedi. Lazer i\u015flemi, yap\u0131lacak d\u00fczeltmenin derecesine ba\u011fl\u0131 olarak sadece birka\u00e7 saniye s\u00fcrd\u00fc. Bu s\u0131rada g\u00f6r\u00fc\u015f aniden bulan\u0131kla\u015f\u0131yor ve ye\u015fil \u0131\u015f\u0131k net g\u00f6r\u00fcnm\u00fcyor, ama yine de yukar\u0131 do\u011fru bakmaya devam etmek gerekiyor. Ayn\u0131 i\u015flem ikinci g\u00f6z i\u00e7in de tekrarland\u0131.Benim i\u00e7in biraz rahats\u0131z edici olan tek \u015fey lazer s\u0131ras\u0131nda olu\u015fan kokuydu. Hafif yan\u0131k gibi bir koku geliyordu. Bunun d\u0131\u015f\u0131nda kesinlikle hi\u00e7bir a\u011fr\u0131 hissetmedim. T\u00fcm ameliyat yakla\u015f\u0131k 15 dakika s\u00fcrd\u00fc. Sonras\u0131nda k\u0131sa bir s\u00fcre dinlenmem i\u00e7in beni ba\u015fka bir odaya ald\u0131lar, g\u00f6zlerim kapal\u0131 \u015fekilde biraz uzand\u0131m. Daha sonra tekrar bekleme alan\u0131na indirildim ve ilk damlalar uyguland\u0131. Birka\u00e7 saniyelik hafif bir yanma oldu. G\u00f6zde yabanc\u0131 cisim varm\u0131\u015f gibi bir his vard\u0131, g\u00f6r\u00fc\u015f biraz pusluydu ve \u0131\u015f\u0131\u011fa kar\u015f\u0131 hassasiyet olu\u015fmu\u015ftu.K\u0131sa bir kontrol\u00fcn ard\u0131ndan taburcu edildim ve otele d\u00f6nd\u00fcm. Bana damla \u015feklinde \u00e7e\u015fitli ila\u00e7lar verildi ve nas\u0131l kullan\u0131lacaklar\u0131 ayr\u0131nt\u0131l\u0131 \u015fekilde anlat\u0131ld\u0131. En iyisi gidip uyumak ya da g\u00f6zler kapal\u0131 \u015fekilde dinlenmekti. \u0130lk iki gece i\u00e7in, uyurken fark\u0131nda olmadan g\u00f6zleri ovu\u015fturmamak ad\u0131na b\u00fcy\u00fck bantlarla g\u00f6zleri kapatmak gerekiyordu.Ertesi sabah uyanmak inan\u0131lmaz bir histi. Her \u015feyi net bir \u015fekilde g\u00f6rebiliyordum ve \u00e7ok etkilenmi\u015ftim. Kahvalt\u0131dan k\u0131sa bir s\u00fcre sonra tekrar klini\u011fe kontrol i\u00e7in gittim. Her \u015fey yolundayd\u0131 ve \u00f6\u011fleden sonra \u015fehirde k\u00fc\u00e7\u00fck bir gezinti bile yapabildim. \u0130lk g\u00fcnlerde yine de dikkatli olmak, g\u00fcne\u015f g\u00f6zl\u00fc\u011f\u00fc takmak ve g\u00f6ze bir \u015fey ka\u00e7mas\u0131n\u0131 \u00f6nlemek gerekiyordu. Ayr\u0131ca bir hafta boyunca damlalar d\u00fczenli olarak kullan\u0131lmal\u0131yd\u0131, nemlendirici damlalar ise bir ay boyunca devam ediyordu.Son olarak \u015funu s\u00f6ylemek isterim ki, bu Lasik ameliyat\u0131n\u0131 yapt\u0131rd\u0131\u011f\u0131m i\u00e7in \u00e7ok mutluyum. Hi\u00e7 d\u00fc\u015f\u00fcnmeden tekrar yapt\u0131r\u0131rd\u0131m. Swisslasik ile kalite ve fiyat a\u00e7\u0131s\u0131ndan en do\u011fru tercihi yapt\u0131\u011f\u0131ma inan\u0131yorum. Hizmetleri ger\u00e7ekten \u00e7ok iyi, fiyatlar ise rakipsiz. Ayr\u0131ca \u0130stanbul kesinlikle g\u00f6r\u00fclmeye de\u011fer bir \u015fehir.Karin Turolla \u00d6nceki rapor<\/p>\n","protected":false},"author":4,"featured_media":0,"parent":3650,"menu_order":0,"comment_status":"closed","ping_status":"closed","template":"","meta":{"_joinchat":[],"footnotes":""},"class_list":["post-3662","page","type-page","status-publish","hentry"],"acf":[],"_links":{"self":[{"href":"https:\/\/swisslasik.ch\/tr\/wp-json\/wp\/v2\/pages\/3662","targetHints":{"allow":["GET"]}}],"collection":[{"href":"https:\/\/swisslasik.ch\/tr\/wp-json\/wp\/v2\/pages"}],"about":[{"href":"https:\/\/swisslasik.ch\/tr\/wp-json\/wp\/v2\/types\/page"}],"author":[{"embeddable":true,"href":"https:\/\/swisslasik.ch\/tr\/wp-json\/wp\/v2\/users\/4"}],"replies":[{"embeddable":true,"href":"https:\/\/swisslasik.ch\/tr\/wp-json\/wp\/v2\/comments?post=3662"}],"version-history":[{"count":1,"href":"https:\/\/swisslasik.ch\/tr\/wp-json\/wp\/v2\/pages\/3662\/revisions"}],"predecessor-version":[{"id":3663,"href":"https:\/\/swisslasik.ch\/tr\/wp-json\/wp\/v2\/pages\/3662\/revisions\/3663"}],"up":[{"embeddable":true,"href":"https:\/\/swisslasik.ch\/tr\/wp-json\/wp\/v2\/pages\/3650"}],"wp:attachment":[{"href":"https:\/\/swisslasik.ch\/tr\/wp-json\/wp\/v2\/media?parent=3662"}],"curies":[{"name":"wp","href":"https:\/\/api.w.org\/{rel}","templated":true}]}}