{"id":3664,"date":"2025-09-24T14:23:42","date_gmt":"2025-09-24T13:23:42","guid":{"rendered":"https:\/\/swisslasik.ch\/patientenberichte-augen-lasern\/deneyim-raporu-istanbulda-lasik-ameliyati-mart-2011-11-nisan-2011-pazartesi-tarihli-rapor\/"},"modified":"2026-01-14T19:00:50","modified_gmt":"2026-01-14T18:00:50","slug":"deneyim-raporu-istanbulda-lasik-ameliyati-mart-2011-11-nisan-2011-pazartesi-tarihli-rapor","status":"publish","type":"page","link":"https:\/\/swisslasik.ch\/tr\/patientenberichte-augen-lasern\/deneyim-raporu-istanbulda-lasik-ameliyati-mart-2011-11-nisan-2011-pazartesi-tarihli-rapor\/","title":{"rendered":"Deneyim raporu: \u0130stanbul&#8217;da LASIK ameliyat\u0131, Mart 2011 \u2013 11 Nisan 2011 Pazartesi tarihli rapor"},"content":{"rendered":"\n<h3 class=\"wp-block-heading\">Deneyim raporu: \u0130stanbul&#8217;da LASIK ameliyat\u0131, Mart 2011 \u2013 11 Nisan 2011 Pazartesi tarihli rapor<\/h3>\n\n\n\n<p>25 y\u0131ld\u0131r g\u00f6zl\u00fck kullan\u0131yorum, 20 y\u0131ld\u0131r da kontakt lens tak\u0131yorum. \u22125 diyoptri miyopluk ve astigmatizm nedeniyle g\u00f6rme yard\u0131mc\u0131lar\u0131na ba\u011f\u0131ml\u0131y\u0131m. Son yar\u0131m y\u0131ld\u0131r lensleri art\u0131k eskisi gibi tolere edemiyorum, s\u0131k s\u0131k g\u00f6zlerim kuruyor ve k\u0131zar\u0131yor. Sadece g\u00f6zl\u00fckle idare etmek ise \u00e7ocukla y\u00fczme, spor ve sauna gibi aktivitelerde olduk\u00e7a zorlay\u0131c\u0131 oluyor.<br>Bir i\u015f arkada\u015f\u0131m sayesinde Swisslasik arac\u0131l\u0131\u011f\u0131yla \u0130stanbul\u2019daki EyeStar klini\u011finde g\u00f6zlerini lazerle yapt\u0131rd\u0131\u011f\u0131n\u0131 ve sonu\u00e7tan \u00e7ok memnun kald\u0131\u011f\u0131n\u0131 \u00f6\u011frendim. Bunun \u00fczerine ben de daha detayl\u0131 ara\u015ft\u0131rma yapt\u0131m, farkl\u0131 lazer tekniklerini ve \u0130svi\u00e7re\u2019deki g\u00f6z merkezlerinin tavsiyelerini kar\u015f\u0131la\u015ft\u0131rd\u0131m. T\u0131bbi a\u00e7\u0131dan bak\u0131ld\u0131\u011f\u0131nda, \u0130svi\u00e7re\u2019de yap\u0131lan operasyon ile \u0130stanbul\u2019daki operasyon aras\u0131nda hi\u00e7bir fark yok. \u0130stanbul\u2019daki EyeStar klini\u011findeki doktor bug\u00fcne kadar 20.000\u2019den fazla lazer ameliyat\u0131 yapm\u0131\u015ft\u0131, bu tecr\u00fcbeye \u0130svi\u00e7re\u2019deki hi\u00e7bir g\u00f6z doktoru sahip de\u011fil.<br>Elbette maliyet konusu benim i\u00e7in de belirleyici oldu. \u0130svi\u00e7re\u2019de bunun iki kat\u0131ndan fazla \u00f6deme yap\u0131l\u0131yor, Swisslasik ile ise yar\u0131 fiyat\u0131na u\u00e7u\u015f, havaalan\u0131 transferi, otel, lazer operasyonu ve kontrollerin dahil oldu\u011fu eksiksiz bir paket al\u0131yorsunuz. Sa\u011fl\u0131k sigortalar\u0131 art\u0131k g\u00f6zl\u00fck ve lens i\u00e7in de hi\u00e7bir katk\u0131 yapmad\u0131\u011f\u0131 i\u00e7in, kesin olarak Swisslasik\u2019i se\u00e7meye karar verdim.<br>Say\u0131n Karaaga\u00e7li ile ileti\u015fime ge\u00e7ti\u011fimde, sorular\u0131ma her zaman \u00e7ok h\u0131zl\u0131 ve net cevaplar ald\u0131m. Bana uygun olan tarihi se\u00e7tim ve t\u00fcm rezervasyon ile haz\u0131rl\u0131k s\u00fcreci sorunsuz ilerledi. \u0130stanbul\u2019daki s\u00fcre\u00e7le ilgili Swisslasik taraf\u0131ndan \u00e7ok iyi bilgilendirildim. Seyahatten 10 g\u00fcn \u00f6nce, g\u00f6z ameliyat\u0131 ve yolculukla ilgili t\u00fcm bilgilerin yer ald\u0131\u011f\u0131 Swisslasik kart\u0131 elime ula\u015ft\u0131.<br>\u0130stanbul havaalan\u0131nda kar\u015f\u0131land\u0131m ve \u00f6zel bir ara\u00e7la otele g\u00f6t\u00fcr\u00fcld\u00fcm. \u015eof\u00f6r klini\u011fin \u00e7al\u0131\u015fan\u0131yd\u0131 ve Almanca konu\u015fuyordu. Ne zaman klinik i\u00e7in al\u0131naca\u011f\u0131m\u0131 da bana detayl\u0131 \u015fekilde anlatt\u0131. Klinik i\u00e7eride \u00e7ok modern bir \u015fekilde donat\u0131lm\u0131\u015ft\u0131 ve beni \u0130svi\u00e7re Almancas\u0131 konu\u015fan bir \u00e7al\u0131\u015fan kar\u015f\u0131lad\u0131. T\u00fcm ad\u0131mlar\u0131 tek tek a\u00e7\u0131klad\u0131 ve olduk\u00e7a g\u00fcler y\u00fczl\u00fc ve yetkin olan doktorun s\u00f6ylediklerini terc\u00fcme etti. Kendimi ger\u00e7ekten \u00e7ok g\u00fcvende hissettim.<br>Detayl\u0131 bir \u00f6n muayene yap\u0131ld\u0131 ve yakla\u015f\u0131k 2 saat sonra lazer ameliyat\u0131 i\u00e7in randevum vard\u0131. Biraz heyecanl\u0131yd\u0131m ama \u00e7ok iyi ilgilenildim. M\u00fcdahale rahats\u0131z ediciydi ama h\u0131zl\u0131 ge\u00e7ti. Sonras\u0131nda g\u00f6zlerim \u00e7ok suland\u0131 ve g\u00f6zlerimi neredeyse hi\u00e7 a\u00e7amad\u0131m. Bir s\u00fcre dinlendikten sonra g\u00f6zlerim tekrar kontrol edildi ve bana g\u00f6z damlalar\u0131 ile bir a\u011fr\u0131 kesici verilerek otele d\u00f6nmem sa\u011fland\u0131.<br>T\u00fcm gerginlikten dolay\u0131 biraz ba\u015f a\u011fr\u0131m vard\u0131 ama neyse ki k\u0131sa s\u00fcrede uyuyakald\u0131m. Yakla\u015f\u0131k 2 saat sonra uyand\u0131\u011f\u0131mda ba\u015f a\u011fr\u0131m ge\u00e7mi\u015fti ve g\u00f6zlerim de art\u0131k sulanm\u0131yordu. G\u00f6r\u00fc\u015f\u00fcm \u015fimdiden netti ama h\u00e2l\u00e2 g\u00f6z\u00fcmde hafif bir perde vard\u0131. Bu y\u00fczden bir 2 saat daha g\u00f6zlerimi kapat\u0131p dinlendim. Yakla\u015f\u0131k 4 saat sonra g\u00f6zlerim neredeyse tamamen rahats\u0131zl\u0131ks\u0131z h\u00e2le geldi.<br>Saat ak\u015fam 22.00 civar\u0131yd\u0131 ve mutlaka d\u0131\u015far\u0131 \u00e7\u0131k\u0131p bu yeni hissi denemek istedim. G\u00f6zl\u00fcks\u00fcz her \u015feyi g\u00f6rebilmek inan\u0131lmaz bir duyguydu.                                Bir saat sonra tekrar yata\u011fa gittim. Ertesi sabah her \u015feyi \u00e7ok net ve keskin g\u00f6r\u00fcyordum. G\u00fcne\u015f \u0131\u015f\u0131\u011f\u0131nda bile hi\u00e7 kama\u015fma hissetmedim. Zengin kahvalt\u0131n\u0131n keyfini \u201cyeni\u201d g\u00f6zlerimle \u00e7\u0131kard\u0131m ve ard\u0131ndan kontrol muayenesine gittim. G\u00f6rmem y\u00fczde y\u00fcz, her \u015fey sorunsuz ge\u00e7mi\u015f. Sonras\u0131nda \u0130stanbul\u2019u gezmeye \u00e7\u0131kt\u0131m. Yapt\u0131rd\u0131\u011f\u0131m bu i\u015flemden bir saniye bile pi\u015fman de\u011filim, ger\u00e7ekten harika bir ya\u015fam hissi.<br>Prisca Wagner<br>Altnau       <\/p>\n\n\n\n<div class=\"wp-block-group is-layout-grid wp-container-core-group-is-layout-baef362d wp-block-group-is-layout-grid\">\n<p><a href=\"https:\/\/medicaltravel.at\/home\/agb\/\" data-type=\"page\" data-id=\"2191\" rel=\"nofollow noopener\" target=\"_blank\"><\/a><a href=\"https:\/\/swisslasik.ch\/tr\/patientenberichte-augen-lasern\/7-nisan-2011-tarihli-lazer-goez-ameliyati-deneyim-raporu-29-nisan-2011-cuma-tarihli-rapor\/\" data-type=\"link\" data-id=\"https:\/\/swisslasik.ch\/patientenberichte-augen-lasern\/erfahrungsbericht-augenlaser-op-vom-07-04-2011-bericht-vom-freitag-29-april-2011\/\">\u00d6nceki rapor<\/a><\/p>\n\n\n\n<p class=\"has-text-align-right wp-container-content-5e2576f9\"><a href=\"https:\/\/medicaltravel.at\/home\/impressum\/\" data-type=\"page\" data-id=\"2193\" rel=\"nofollow noopener\" target=\"_blank\"><\/a><a href=\"https:\/\/medicaltravel.at\/home\/berichte-von-patienten\/erfahrungsberichte\/erfahrungsbericht-zahnbehandlung-in-istanbul\/\" data-type=\"page\" data-id=\"981\" rel=\"nofollow noopener\" target=\"_blank\"><\/a><a href=\"https:\/\/swisslasik.ch\/tr\/patientenberichte-augen-lasern\/24-subat-2011-tarihinde-istanbulda-yasadigim-goez-lazeri-deneyimi-23-mart-2011-carsamba-guenuene-ait-rapor\/\" data-type=\"link\" data-id=\"https:\/\/swisslasik.ch\/tr\/patientenberichte-augen-lasern\/24-subat-2011-tarihinde-istanbulda-yasadigim-goez-lazeri-deneyimi-23-mart-2011-carsamba-guenuene-ait-rapor\/\">Bir Sonraki Rapor<br><\/a><\/p>\n<\/div>\n","protected":false},"excerpt":{"rendered":"<p>Deneyim raporu: \u0130stanbul&#8217;da LASIK ameliyat\u0131, Mart 2011 \u2013 11 Nisan 2011 Pazartesi tarihli rapor 25 y\u0131ld\u0131r g\u00f6zl\u00fck kullan\u0131yorum, 20 y\u0131ld\u0131r da kontakt lens tak\u0131yorum. \u22125 diyoptri miyopluk ve astigmatizm nedeniyle g\u00f6rme yard\u0131mc\u0131lar\u0131na ba\u011f\u0131ml\u0131y\u0131m. Son yar\u0131m y\u0131ld\u0131r lensleri art\u0131k eskisi gibi tolere edemiyorum, s\u0131k s\u0131k g\u00f6zlerim kuruyor ve k\u0131zar\u0131yor. Sadece g\u00f6zl\u00fckle idare etmek ise \u00e7ocukla y\u00fczme, spor ve sauna gibi aktivitelerde olduk\u00e7a zorlay\u0131c\u0131 oluyor.Bir i\u015f arkada\u015f\u0131m sayesinde Swisslasik arac\u0131l\u0131\u011f\u0131yla \u0130stanbul\u2019daki EyeStar klini\u011finde g\u00f6zlerini lazerle yapt\u0131rd\u0131\u011f\u0131n\u0131 ve sonu\u00e7tan \u00e7ok memnun kald\u0131\u011f\u0131n\u0131 \u00f6\u011frendim. Bunun \u00fczerine ben de daha detayl\u0131 ara\u015ft\u0131rma yapt\u0131m, farkl\u0131 lazer tekniklerini ve \u0130svi\u00e7re\u2019deki g\u00f6z merkezlerinin tavsiyelerini kar\u015f\u0131la\u015ft\u0131rd\u0131m. T\u0131bbi a\u00e7\u0131dan bak\u0131ld\u0131\u011f\u0131nda, \u0130svi\u00e7re\u2019de yap\u0131lan operasyon ile \u0130stanbul\u2019daki operasyon aras\u0131nda hi\u00e7bir fark yok. \u0130stanbul\u2019daki EyeStar klini\u011findeki doktor bug\u00fcne kadar 20.000\u2019den fazla lazer ameliyat\u0131 yapm\u0131\u015ft\u0131, bu tecr\u00fcbeye \u0130svi\u00e7re\u2019deki hi\u00e7bir g\u00f6z doktoru sahip de\u011fil.Elbette maliyet konusu benim i\u00e7in de belirleyici oldu. \u0130svi\u00e7re\u2019de bunun iki kat\u0131ndan fazla \u00f6deme yap\u0131l\u0131yor, Swisslasik ile ise yar\u0131 fiyat\u0131na u\u00e7u\u015f, havaalan\u0131 transferi, otel, lazer operasyonu ve kontrollerin dahil oldu\u011fu eksiksiz bir paket al\u0131yorsunuz. Sa\u011fl\u0131k sigortalar\u0131 art\u0131k g\u00f6zl\u00fck ve lens i\u00e7in de hi\u00e7bir katk\u0131 yapmad\u0131\u011f\u0131 i\u00e7in, kesin olarak Swisslasik\u2019i se\u00e7meye karar verdim.Say\u0131n Karaaga\u00e7li ile ileti\u015fime ge\u00e7ti\u011fimde, sorular\u0131ma her zaman \u00e7ok h\u0131zl\u0131 ve net cevaplar ald\u0131m. Bana uygun olan tarihi se\u00e7tim ve t\u00fcm rezervasyon ile haz\u0131rl\u0131k s\u00fcreci sorunsuz ilerledi. \u0130stanbul\u2019daki s\u00fcre\u00e7le ilgili Swisslasik taraf\u0131ndan \u00e7ok iyi bilgilendirildim. Seyahatten 10 g\u00fcn \u00f6nce, g\u00f6z ameliyat\u0131 ve yolculukla ilgili t\u00fcm bilgilerin yer ald\u0131\u011f\u0131 Swisslasik kart\u0131 elime ula\u015ft\u0131.\u0130stanbul havaalan\u0131nda kar\u015f\u0131land\u0131m ve \u00f6zel bir ara\u00e7la otele g\u00f6t\u00fcr\u00fcld\u00fcm. \u015eof\u00f6r klini\u011fin \u00e7al\u0131\u015fan\u0131yd\u0131 ve Almanca konu\u015fuyordu. Ne zaman klinik i\u00e7in al\u0131naca\u011f\u0131m\u0131 da bana detayl\u0131 \u015fekilde anlatt\u0131. Klinik i\u00e7eride \u00e7ok modern bir \u015fekilde donat\u0131lm\u0131\u015ft\u0131 ve beni \u0130svi\u00e7re Almancas\u0131 konu\u015fan bir \u00e7al\u0131\u015fan kar\u015f\u0131lad\u0131. T\u00fcm ad\u0131mlar\u0131 tek tek a\u00e7\u0131klad\u0131 ve olduk\u00e7a g\u00fcler y\u00fczl\u00fc ve yetkin olan doktorun s\u00f6ylediklerini terc\u00fcme etti. Kendimi ger\u00e7ekten \u00e7ok g\u00fcvende hissettim.Detayl\u0131 bir \u00f6n muayene yap\u0131ld\u0131 ve yakla\u015f\u0131k 2 saat sonra lazer ameliyat\u0131 i\u00e7in randevum vard\u0131. Biraz heyecanl\u0131yd\u0131m ama \u00e7ok iyi ilgilenildim. M\u00fcdahale rahats\u0131z ediciydi ama h\u0131zl\u0131 ge\u00e7ti. Sonras\u0131nda g\u00f6zlerim \u00e7ok suland\u0131 ve g\u00f6zlerimi neredeyse hi\u00e7 a\u00e7amad\u0131m. Bir s\u00fcre dinlendikten sonra g\u00f6zlerim tekrar kontrol edildi ve bana g\u00f6z damlalar\u0131 ile bir a\u011fr\u0131 kesici verilerek otele d\u00f6nmem sa\u011fland\u0131.T\u00fcm gerginlikten dolay\u0131 biraz ba\u015f a\u011fr\u0131m vard\u0131 ama neyse ki k\u0131sa s\u00fcrede uyuyakald\u0131m. Yakla\u015f\u0131k 2 saat sonra uyand\u0131\u011f\u0131mda ba\u015f a\u011fr\u0131m ge\u00e7mi\u015fti ve g\u00f6zlerim de art\u0131k sulanm\u0131yordu. G\u00f6r\u00fc\u015f\u00fcm \u015fimdiden netti ama h\u00e2l\u00e2 g\u00f6z\u00fcmde hafif bir perde vard\u0131. Bu y\u00fczden bir 2 saat daha g\u00f6zlerimi kapat\u0131p dinlendim. Yakla\u015f\u0131k 4 saat sonra g\u00f6zlerim neredeyse tamamen rahats\u0131zl\u0131ks\u0131z h\u00e2le geldi.Saat ak\u015fam 22.00 civar\u0131yd\u0131 ve mutlaka d\u0131\u015far\u0131 \u00e7\u0131k\u0131p bu yeni hissi denemek istedim. G\u00f6zl\u00fcks\u00fcz her \u015feyi g\u00f6rebilmek inan\u0131lmaz bir duyguydu. Bir saat sonra tekrar yata\u011fa gittim. Ertesi sabah her \u015feyi \u00e7ok net ve keskin g\u00f6r\u00fcyordum. G\u00fcne\u015f \u0131\u015f\u0131\u011f\u0131nda bile hi\u00e7 kama\u015fma hissetmedim. Zengin kahvalt\u0131n\u0131n keyfini \u201cyeni\u201d g\u00f6zlerimle \u00e7\u0131kard\u0131m ve ard\u0131ndan kontrol muayenesine gittim. G\u00f6rmem y\u00fczde y\u00fcz, her \u015fey sorunsuz ge\u00e7mi\u015f. Sonras\u0131nda \u0130stanbul\u2019u gezmeye \u00e7\u0131kt\u0131m. Yapt\u0131rd\u0131\u011f\u0131m bu i\u015flemden bir saniye bile pi\u015fman de\u011filim, ger\u00e7ekten harika bir ya\u015fam hissi.Prisca WagnerAltnau \u00d6nceki rapor Bir Sonraki Rapor<\/p>\n","protected":false},"author":4,"featured_media":0,"parent":3650,"menu_order":0,"comment_status":"closed","ping_status":"closed","template":"","meta":{"_joinchat":[],"footnotes":""},"class_list":["post-3664","page","type-page","status-publish","hentry"],"acf":[],"_links":{"self":[{"href":"https:\/\/swisslasik.ch\/tr\/wp-json\/wp\/v2\/pages\/3664","targetHints":{"allow":["GET"]}}],"collection":[{"href":"https:\/\/swisslasik.ch\/tr\/wp-json\/wp\/v2\/pages"}],"about":[{"href":"https:\/\/swisslasik.ch\/tr\/wp-json\/wp\/v2\/types\/page"}],"author":[{"embeddable":true,"href":"https:\/\/swisslasik.ch\/tr\/wp-json\/wp\/v2\/users\/4"}],"replies":[{"embeddable":true,"href":"https:\/\/swisslasik.ch\/tr\/wp-json\/wp\/v2\/comments?post=3664"}],"version-history":[{"count":2,"href":"https:\/\/swisslasik.ch\/tr\/wp-json\/wp\/v2\/pages\/3664\/revisions"}],"predecessor-version":[{"id":4796,"href":"https:\/\/swisslasik.ch\/tr\/wp-json\/wp\/v2\/pages\/3664\/revisions\/4796"}],"up":[{"embeddable":true,"href":"https:\/\/swisslasik.ch\/tr\/wp-json\/wp\/v2\/pages\/3650"}],"wp:attachment":[{"href":"https:\/\/swisslasik.ch\/tr\/wp-json\/wp\/v2\/media?parent=3664"}],"curies":[{"name":"wp","href":"https:\/\/api.w.org\/{rel}","templated":true}]}}