{"id":3666,"date":"2025-09-24T14:12:56","date_gmt":"2025-09-24T13:12:56","guid":{"rendered":"https:\/\/swisslasik.ch\/patientenberichte-augen-lasern\/swisslasik-deneyim-raporu-1-ocak-2012-pazar-tarihli-rapor\/"},"modified":"2026-01-14T18:49:00","modified_gmt":"2026-01-14T17:49:00","slug":"swisslasik-deneyim-raporu-1-ocak-2012-pazar-tarihli-rapor","status":"publish","type":"page","link":"https:\/\/swisslasik.ch\/tr\/patientenberichte-augen-lasern\/swisslasik-deneyim-raporu-1-ocak-2012-pazar-tarihli-rapor\/","title":{"rendered":"Swisslasik deneyim raporu \u2013 1 Ocak 2012 Pazar tarihli rapor"},"content":{"rendered":"\n<h3 class=\"wp-block-heading\">Swisslasik deneyim raporu \u2013 1 Ocak 2012 Pazar tarihli rapor<\/h3>\n\n\n\n<p>G\u00f6zl\u00fcks\u00fcz bir ya\u015fam iste\u011fi ikimiz i\u00e7in de uzun zamand\u0131r vard\u0131. Ancak bir arkada\u015f\u0131m\u0131z\u0131n Swisslasik ile ya\u015fad\u0131\u011f\u0131 deneyimleri anlatmas\u0131ndan sonra bu konuyla daha yo\u011fun \u015fekilde ilgilenmeye ba\u015flad\u0131k. \u00d6nce Swisslasik\u2019in internet sitesinden \u00f6n bilgi ald\u0131k, ard\u0131ndan Z\u00fcrih\u2019teki Fespo fuar\u0131nda Say\u0131n Karaaga\u00e7li ile bizzat tan\u0131\u015ft\u0131k ve kendisinden detayl\u0131 bilgiler ald\u0131k. Swisslasik\u2019e olan g\u00fcvenimiz en ba\u015f\u0131ndan itibaren olu\u015fmu\u015ftu ve bu nedenle 15 Aral\u0131k 2011 Per\u015fembe g\u00fcn\u00fc \u0130stanbul yolculu\u011fumuza ba\u015flad\u0131k.<br>U\u00e7u\u015ftan birka\u00e7 g\u00fcn \u00f6nce Swisslasik kart\u0131m\u0131z\u0131 ve elektronik biletlerimizi ald\u0131k. Online check-in yapt\u0131ktan sonra herhangi bir stres ya\u015famadan \u0130stanbul\u2019a u\u00e7tuk. Havaliman\u0131nda s\u00f6z verildi\u011fi gibi bir \u015fof\u00f6r taraf\u0131ndan kar\u015f\u0131land\u0131k ve g\u00fcvenli bir \u015fekilde otele g\u00f6t\u00fcr\u00fcld\u00fck. Park City Otel bize olduk\u00e7a k\u00fc\u00e7\u00fck ama temiz bir oda sundu. Personel g\u00fcler y\u00fczl\u00fc ve ilgiliydi, kahvalt\u0131 b\u00fcfesinde ise herkesin damak zevkine uygun bir \u015feyler vard\u0131. Kendimizi iyi hissettik ve Taksim\u2019in hareketli semtini y\u00fcr\u00fcyerek rahat\u00e7a gezebildik.<br>Cuma sabah\u0131 \u015fof\u00f6r\u00fcm\u00fcz bizi tam zaman\u0131nda Ac\u0131badem Hastanesi\u2019ne g\u00f6t\u00fcrd\u00fc. Bu s\u0131rada \u0130stanbul\u2019daki yo\u011fun trafikle ilk kez kar\u015f\u0131la\u015fm\u0131\u015f olduk. Ac\u0131badem Hastanesi ilk bak\u0131\u015fta bile \u00e7ok iyi bir izlenim b\u0131rakt\u0131. G\u00fcler y\u00fczle kar\u015f\u0131land\u0131k ve k\u0131sa s\u00fcre sonra bodrum kattaki g\u00f6z b\u00f6l\u00fcm\u00fcne y\u00f6nlendirildik. O sabah biz, \u0130svi\u00e7re\u2019den gelen \u00fc\u00e7\u00fcnc\u00fc bir ki\u015fiyle birlikte g\u00f6z lazer ameliyat\u0131 i\u00e7in planlanm\u0131\u015ft\u0131k.<br>\u0130lk iki saat boyunca, ameliyata uygun olup olmad\u0131\u011f\u0131m\u0131z\u0131 anlamak i\u00e7in \u00e7e\u015fitli testler yap\u0131ld\u0131. Bu testler olduk\u00e7a aceleyle ve yeterli ileti\u015fim olmadan ger\u00e7ekle\u015ftirildi. Bir odadan di\u011ferine y\u00f6nlendirilirken zaman zaman ne olup bitti\u011fini anlamakta zorland\u0131k. Testleri yapan asistan \u00e7ok stresli g\u00f6r\u00fcn\u00fcyordu ve Almanca terc\u00fcman\u0131m\u0131z da s\u00fcre\u00e7le ilgili bize detayl\u0131 a\u00e7\u0131klama yapmak i\u00e7in yeterince zaman ay\u0131rmad\u0131. Neyse ki \u00fc\u00e7\u00fcnc\u00fc hasta testlerini daha \u00f6nce \u0130svi\u00e7re\u2019de yapt\u0131rm\u0131\u015ft\u0131 ve bize her a\u015famada neler olaca\u011f\u0131n\u0131 anlatabildi. \u00d6zellikle asistan\u0131n g\u00f6zlerimize birka\u00e7 saniye boyunca inan\u0131lmaz derecede yakan damlalar damlatmas\u0131ndan \u00f6nce bizi uyarm\u0131\u015f olmas\u0131 bizim i\u00e7in b\u00fcy\u00fck bir \u015fanst\u0131.<br>Bu testlerin ard\u0131ndan ilk kez doktorumuzla g\u00f6r\u00fc\u015ft\u00fck. Doktor \u00e7ok sakin, g\u00fcven veren ve yetkin bir izlenim b\u0131rakt\u0131. Ameliyat s\u00fcreci hakk\u0131nda bizi \u0130ngilizce olarak bilgilendirdi. Neyse ki ikimiz de Lasik ameliyat\u0131 i\u00e7in uygunduk. Bir s\u00fcre daha bekledikten sonra Daniel ilk olarak ameliyathaneye al\u0131nd\u0131. Ne yaz\u0131k ki onun sa\u011f g\u00f6z\u00fcnde ciddi komplikasyonlar ya\u015fand\u0131. Bu nedenle iki kez vakum uygulanmak zorunda kal\u0131nd\u0131 ve ameliyattan sonra g\u00f6ze, a\u015f\u0131r\u0131 zorlanma nedeniyle bir lens yerle\u015ftirildi.<br>Karin\u2019in ameliyat\u0131 ise herhangi bir sorun ya\u015fanmadan ger\u00e7ekle\u015fti. Ameliyattan sonra g\u00f6zlerdeki yanma ve batma hissi \u00e7ok \u015fiddetliydi. Ayr\u0131ca g\u00f6zlerimiz s\u00fcrekli suland\u0131\u011f\u0131 i\u00e7in g\u00f6zlerimizi a\u00e7mak neredeyse imk\u00e2ns\u0131zd\u0131. Ancak bunun normal belirtiler oldu\u011fu ve k\u0131sa s\u00fcrede ge\u00e7ece\u011fi bize s\u00f6ylendi.                        Ameliyattan yakla\u015f\u0131k bir saat sonra yap\u0131lan k\u0131sa bir kontrolden sonra, otele geri g\u00f6t\u00fcrecek arac\u0131 bekledik. Ne yaz\u0131k ki ara\u00e7 ancak yar\u0131m saat daha bekledikten sonra geldi. \u00c7ekti\u011fimiz a\u011fr\u0131lar d\u00fc\u015f\u00fcn\u00fcld\u00fc\u011f\u00fcnde bu bekleyi\u015f bizim i\u00e7in olduk\u00e7a rahats\u0131z ediciydi. Buna ek olarak, otoyolda trafikteyken bir de \u015fof\u00f6r de\u011fi\u015fimi yap\u0131ld\u0131. \u0130kimizin de neredeyse hi\u00e7bir \u015fey g\u00f6remedi\u011fi bir durumda bu durum bizi do\u011fal olarak endi\u015felendirdi.<br>Nihayet otele vard\u0131\u011f\u0131m\u0131zda, sonunda yata\u011fa uzan\u0131p ya\u015fad\u0131\u011f\u0131m\u0131z t\u00fcm yorgunlu\u011fu atabildik. Yakla\u015f\u0131k bir saat sonra odaya g\u00fczel bir yemek s\u00f6yledik ve sonras\u0131nda kendimizi \u00e7ok daha iyi hissettik. \u015eik\u00e2yetler b\u00fcy\u00fck \u00f6l\u00e7\u00fcde azalm\u0131\u015ft\u0131, sadece hafif a\u011fr\u0131lar kalm\u0131\u015ft\u0131. Bu a\u015famada bile g\u00f6zl\u00fcks\u00fcz \u00e7ok net g\u00f6rebiliyorduk ve ya\u015fad\u0131\u011f\u0131m\u0131z sevin\u00e7 tarif edilemezdi. Ak\u015fam saatlerinde d\u0131\u015far\u0131 \u00e7\u0131kt\u0131k ve g\u00f6rd\u00fcklerimiz kar\u015f\u0131s\u0131nda sadece hayran kald\u0131k.<br>Cumartesi g\u00fcn\u00fc Ac\u0131badem Hastanesi\u2019nde bir kontrol\u00fcm\u00fcz daha vard\u0131 ve doktorumuzla son bir g\u00f6r\u00fc\u015fme yapt\u0131k. Doktor, Daniel\u2019e sa\u011f g\u00f6z\u00fcndeki operasyonda tam olarak neyin ters gitti\u011fini de detayl\u0131 \u015fekilde a\u00e7\u0131klad\u0131. \u0130svi\u00e7re\u2019de yap\u0131lan sonraki kontroller, ikimiz i\u00e7in de ameliyat\u0131n ba\u015far\u0131l\u0131 ge\u00e7ti\u011fini g\u00f6sterdi. Umuyoruz ki uzun bir s\u00fcre daha g\u00f6rme yard\u0131mc\u0131lar\u0131na ihtiya\u00e7 duymayaca\u011f\u0131z.<br>Sonu\u00e7 olarak, Swisslasik\u2019in organizasyonundan, her zaman telefonla ula\u015fabildi\u011fimiz Say\u0131n Karaaga\u00e7li\u2019nin ilgisinden ve konaklad\u0131\u011f\u0131m\u0131z otelden son derece memnun kald\u0131\u011f\u0131m\u0131z\u0131 s\u00f6yleyebiliriz. Ancak Ac\u0131badem Hastanesi\u2019ndeki ileti\u015fimin mutlaka geli\u015ftirilmesi gerekti\u011fini d\u00fc\u015f\u00fcn\u00fcyoruz; hastalar\u0131n ba\u015ftan sona kendilerini daha g\u00fcvende ve iyi hissetmeleri sa\u011flanmal\u0131. Arkada\u015flar\u0131m\u0131z ve tan\u0131d\u0131klar\u0131m\u0131zla bu konuda bir\u00e7ok kez konu\u015ftuk ve Swisslasik\u2019i her defas\u0131nda tavsiye ettik. Bu operasyon sayesinde ya\u015fam kalitemiz b\u00fcy\u00fck \u00f6l\u00e7\u00fcde artt\u0131 ve verdikleri destek i\u00e7in Swisslasik\u2019e te\u015fekk\u00fcr ederiz.<br>20.02.2012<br>Karin ve Daniel N.               <\/p>\n\n\n\n<div class=\"wp-block-group is-layout-grid wp-container-core-group-is-layout-baef362d wp-block-group-is-layout-grid\">\n<p><\/p>\n\n\n\n<p class=\"has-text-align-right wp-container-content-5e2576f9\"><a href=\"https:\/\/medicaltravel.at\/home\/impressum\/\" data-type=\"page\" data-id=\"2193\" rel=\"nofollow noopener\" target=\"_blank\"><\/a><a href=\"https:\/\/medicaltravel.at\/home\/berichte-von-patienten\/erfahrungsberichte\/erfahrungsbericht-zahnbehandlung-in-istanbul\/\" data-type=\"page\" data-id=\"981\" rel=\"nofollow noopener\" target=\"_blank\"><\/a><a href=\"https:\/\/swisslasik.ch\/tr\/patientenberichte-augenlasern-erfahrungen\/cift-lazer-ameliyati-16-eyluel-2013-pazartesi-tarihli-rapor\/\" data-type=\"link\" data-id=\"https:\/\/swisslasik.ch\/tr\/patientenberichte-augenlasern-erfahrungen\/cift-lazer-ameliyati-16-eyluel-2013-pazartesi-tarihli-rapor\/\">Bir Sonraki Rapor<br><\/a><\/p>\n<\/div>\n","protected":false},"excerpt":{"rendered":"<p>Swisslasik deneyim raporu \u2013 1 Ocak 2012 Pazar tarihli rapor G\u00f6zl\u00fcks\u00fcz bir ya\u015fam iste\u011fi ikimiz i\u00e7in de uzun zamand\u0131r vard\u0131. Ancak bir arkada\u015f\u0131m\u0131z\u0131n Swisslasik ile ya\u015fad\u0131\u011f\u0131 deneyimleri anlatmas\u0131ndan sonra bu konuyla daha yo\u011fun \u015fekilde ilgilenmeye ba\u015flad\u0131k. \u00d6nce Swisslasik\u2019in internet sitesinden \u00f6n bilgi ald\u0131k, ard\u0131ndan Z\u00fcrih\u2019teki Fespo fuar\u0131nda Say\u0131n Karaaga\u00e7li ile bizzat tan\u0131\u015ft\u0131k ve kendisinden detayl\u0131 bilgiler ald\u0131k. Swisslasik\u2019e olan g\u00fcvenimiz en ba\u015f\u0131ndan itibaren olu\u015fmu\u015ftu ve bu nedenle 15 Aral\u0131k 2011 Per\u015fembe g\u00fcn\u00fc \u0130stanbul yolculu\u011fumuza ba\u015flad\u0131k.U\u00e7u\u015ftan birka\u00e7 g\u00fcn \u00f6nce Swisslasik kart\u0131m\u0131z\u0131 ve elektronik biletlerimizi ald\u0131k. Online check-in yapt\u0131ktan sonra herhangi bir stres ya\u015famadan \u0130stanbul\u2019a u\u00e7tuk. Havaliman\u0131nda s\u00f6z verildi\u011fi gibi bir \u015fof\u00f6r taraf\u0131ndan kar\u015f\u0131land\u0131k ve g\u00fcvenli bir \u015fekilde otele g\u00f6t\u00fcr\u00fcld\u00fck. Park City Otel bize olduk\u00e7a k\u00fc\u00e7\u00fck ama temiz bir oda sundu. Personel g\u00fcler y\u00fczl\u00fc ve ilgiliydi, kahvalt\u0131 b\u00fcfesinde ise herkesin damak zevkine uygun bir \u015feyler vard\u0131. Kendimizi iyi hissettik ve Taksim\u2019in hareketli semtini y\u00fcr\u00fcyerek rahat\u00e7a gezebildik.Cuma sabah\u0131 \u015fof\u00f6r\u00fcm\u00fcz bizi tam zaman\u0131nda Ac\u0131badem Hastanesi\u2019ne g\u00f6t\u00fcrd\u00fc. Bu s\u0131rada \u0130stanbul\u2019daki yo\u011fun trafikle ilk kez kar\u015f\u0131la\u015fm\u0131\u015f olduk. Ac\u0131badem Hastanesi ilk bak\u0131\u015fta bile \u00e7ok iyi bir izlenim b\u0131rakt\u0131. G\u00fcler y\u00fczle kar\u015f\u0131land\u0131k ve k\u0131sa s\u00fcre sonra bodrum kattaki g\u00f6z b\u00f6l\u00fcm\u00fcne y\u00f6nlendirildik. O sabah biz, \u0130svi\u00e7re\u2019den gelen \u00fc\u00e7\u00fcnc\u00fc bir ki\u015fiyle birlikte g\u00f6z lazer ameliyat\u0131 i\u00e7in planlanm\u0131\u015ft\u0131k.\u0130lk iki saat boyunca, ameliyata uygun olup olmad\u0131\u011f\u0131m\u0131z\u0131 anlamak i\u00e7in \u00e7e\u015fitli testler yap\u0131ld\u0131. Bu testler olduk\u00e7a aceleyle ve yeterli ileti\u015fim olmadan ger\u00e7ekle\u015ftirildi. Bir odadan di\u011ferine y\u00f6nlendirilirken zaman zaman ne olup bitti\u011fini anlamakta zorland\u0131k. Testleri yapan asistan \u00e7ok stresli g\u00f6r\u00fcn\u00fcyordu ve Almanca terc\u00fcman\u0131m\u0131z da s\u00fcre\u00e7le ilgili bize detayl\u0131 a\u00e7\u0131klama yapmak i\u00e7in yeterince zaman ay\u0131rmad\u0131. Neyse ki \u00fc\u00e7\u00fcnc\u00fc hasta testlerini daha \u00f6nce \u0130svi\u00e7re\u2019de yapt\u0131rm\u0131\u015ft\u0131 ve bize her a\u015famada neler olaca\u011f\u0131n\u0131 anlatabildi. \u00d6zellikle asistan\u0131n g\u00f6zlerimize birka\u00e7 saniye boyunca inan\u0131lmaz derecede yakan damlalar damlatmas\u0131ndan \u00f6nce bizi uyarm\u0131\u015f olmas\u0131 bizim i\u00e7in b\u00fcy\u00fck bir \u015fanst\u0131.Bu testlerin ard\u0131ndan ilk kez doktorumuzla g\u00f6r\u00fc\u015ft\u00fck. Doktor \u00e7ok sakin, g\u00fcven veren ve yetkin bir izlenim b\u0131rakt\u0131. Ameliyat s\u00fcreci hakk\u0131nda bizi \u0130ngilizce olarak bilgilendirdi. Neyse ki ikimiz de Lasik ameliyat\u0131 i\u00e7in uygunduk. Bir s\u00fcre daha bekledikten sonra Daniel ilk olarak ameliyathaneye al\u0131nd\u0131. Ne yaz\u0131k ki onun sa\u011f g\u00f6z\u00fcnde ciddi komplikasyonlar ya\u015fand\u0131. Bu nedenle iki kez vakum uygulanmak zorunda kal\u0131nd\u0131 ve ameliyattan sonra g\u00f6ze, a\u015f\u0131r\u0131 zorlanma nedeniyle bir lens yerle\u015ftirildi.Karin\u2019in ameliyat\u0131 ise herhangi bir sorun ya\u015fanmadan ger\u00e7ekle\u015fti. Ameliyattan sonra g\u00f6zlerdeki yanma ve batma hissi \u00e7ok \u015fiddetliydi. Ayr\u0131ca g\u00f6zlerimiz s\u00fcrekli suland\u0131\u011f\u0131 i\u00e7in g\u00f6zlerimizi a\u00e7mak neredeyse imk\u00e2ns\u0131zd\u0131. Ancak bunun normal belirtiler oldu\u011fu ve k\u0131sa s\u00fcrede ge\u00e7ece\u011fi bize s\u00f6ylendi. Ameliyattan yakla\u015f\u0131k bir saat sonra yap\u0131lan k\u0131sa bir kontrolden sonra, otele geri g\u00f6t\u00fcrecek arac\u0131 bekledik. Ne yaz\u0131k ki ara\u00e7 ancak yar\u0131m saat daha bekledikten sonra geldi. \u00c7ekti\u011fimiz a\u011fr\u0131lar d\u00fc\u015f\u00fcn\u00fcld\u00fc\u011f\u00fcnde bu bekleyi\u015f bizim i\u00e7in olduk\u00e7a rahats\u0131z ediciydi. Buna ek olarak, otoyolda trafikteyken bir de \u015fof\u00f6r de\u011fi\u015fimi yap\u0131ld\u0131. \u0130kimizin de neredeyse hi\u00e7bir \u015fey g\u00f6remedi\u011fi bir durumda bu durum bizi do\u011fal olarak endi\u015felendirdi.Nihayet otele vard\u0131\u011f\u0131m\u0131zda, sonunda yata\u011fa uzan\u0131p ya\u015fad\u0131\u011f\u0131m\u0131z t\u00fcm yorgunlu\u011fu atabildik. Yakla\u015f\u0131k bir saat sonra odaya g\u00fczel bir yemek s\u00f6yledik ve sonras\u0131nda kendimizi \u00e7ok daha iyi hissettik. \u015eik\u00e2yetler b\u00fcy\u00fck \u00f6l\u00e7\u00fcde azalm\u0131\u015ft\u0131, sadece hafif a\u011fr\u0131lar kalm\u0131\u015ft\u0131. Bu a\u015famada bile g\u00f6zl\u00fcks\u00fcz \u00e7ok net g\u00f6rebiliyorduk ve ya\u015fad\u0131\u011f\u0131m\u0131z sevin\u00e7 tarif edilemezdi. Ak\u015fam saatlerinde d\u0131\u015far\u0131 \u00e7\u0131kt\u0131k ve g\u00f6rd\u00fcklerimiz kar\u015f\u0131s\u0131nda sadece hayran kald\u0131k.Cumartesi g\u00fcn\u00fc Ac\u0131badem Hastanesi\u2019nde bir kontrol\u00fcm\u00fcz daha vard\u0131 ve doktorumuzla son bir g\u00f6r\u00fc\u015fme yapt\u0131k. Doktor, Daniel\u2019e sa\u011f g\u00f6z\u00fcndeki operasyonda tam olarak neyin ters gitti\u011fini de detayl\u0131 \u015fekilde a\u00e7\u0131klad\u0131. \u0130svi\u00e7re\u2019de yap\u0131lan sonraki kontroller, ikimiz i\u00e7in de ameliyat\u0131n ba\u015far\u0131l\u0131 ge\u00e7ti\u011fini g\u00f6sterdi. Umuyoruz ki uzun bir s\u00fcre daha g\u00f6rme yard\u0131mc\u0131lar\u0131na ihtiya\u00e7 duymayaca\u011f\u0131z.Sonu\u00e7 olarak, Swisslasik\u2019in organizasyonundan, her zaman telefonla ula\u015fabildi\u011fimiz Say\u0131n Karaaga\u00e7li\u2019nin ilgisinden ve konaklad\u0131\u011f\u0131m\u0131z otelden son derece memnun kald\u0131\u011f\u0131m\u0131z\u0131 s\u00f6yleyebiliriz. Ancak Ac\u0131badem Hastanesi\u2019ndeki ileti\u015fimin mutlaka geli\u015ftirilmesi gerekti\u011fini d\u00fc\u015f\u00fcn\u00fcyoruz; hastalar\u0131n ba\u015ftan sona kendilerini daha g\u00fcvende ve iyi hissetmeleri sa\u011flanmal\u0131. Arkada\u015flar\u0131m\u0131z ve tan\u0131d\u0131klar\u0131m\u0131zla bu konuda bir\u00e7ok kez konu\u015ftuk ve Swisslasik\u2019i her defas\u0131nda tavsiye ettik. Bu operasyon sayesinde ya\u015fam kalitemiz b\u00fcy\u00fck \u00f6l\u00e7\u00fcde artt\u0131 ve verdikleri destek i\u00e7in Swisslasik\u2019e te\u015fekk\u00fcr ederiz.20.02.2012Karin ve Daniel N. Bir Sonraki Rapor<\/p>\n","protected":false},"author":4,"featured_media":0,"parent":3650,"menu_order":0,"comment_status":"closed","ping_status":"closed","template":"","meta":{"_joinchat":[],"footnotes":""},"class_list":["post-3666","page","type-page","status-publish","hentry"],"acf":[],"_links":{"self":[{"href":"https:\/\/swisslasik.ch\/tr\/wp-json\/wp\/v2\/pages\/3666","targetHints":{"allow":["GET"]}}],"collection":[{"href":"https:\/\/swisslasik.ch\/tr\/wp-json\/wp\/v2\/pages"}],"about":[{"href":"https:\/\/swisslasik.ch\/tr\/wp-json\/wp\/v2\/types\/page"}],"author":[{"embeddable":true,"href":"https:\/\/swisslasik.ch\/tr\/wp-json\/wp\/v2\/users\/4"}],"replies":[{"embeddable":true,"href":"https:\/\/swisslasik.ch\/tr\/wp-json\/wp\/v2\/comments?post=3666"}],"version-history":[{"count":2,"href":"https:\/\/swisslasik.ch\/tr\/wp-json\/wp\/v2\/pages\/3666\/revisions"}],"predecessor-version":[{"id":4782,"href":"https:\/\/swisslasik.ch\/tr\/wp-json\/wp\/v2\/pages\/3666\/revisions\/4782"}],"up":[{"embeddable":true,"href":"https:\/\/swisslasik.ch\/tr\/wp-json\/wp\/v2\/pages\/3650"}],"wp:attachment":[{"href":"https:\/\/swisslasik.ch\/tr\/wp-json\/wp\/v2\/media?parent=3666"}],"curies":[{"name":"wp","href":"https:\/\/api.w.org\/{rel}","templated":true}]}}