{"id":3668,"date":"2025-09-24T14:14:06","date_gmt":"2025-09-24T13:14:06","guid":{"rendered":"https:\/\/swisslasik.ch\/patientenberichte-augen-lasern\/istanbulda-lazer-goez-ameliyati-deneyim-raporu-30-kasim-2011-carsamba-tarihli-rapor\/"},"modified":"2026-01-14T18:50:14","modified_gmt":"2026-01-14T17:50:14","slug":"istanbulda-lazer-goez-ameliyati-deneyim-raporu-30-kasim-2011-carsamba-tarihli-rapor","status":"publish","type":"page","link":"https:\/\/swisslasik.ch\/tr\/patientenberichte-augen-lasern\/istanbulda-lazer-goez-ameliyati-deneyim-raporu-30-kasim-2011-carsamba-tarihli-rapor\/","title":{"rendered":"\u0130stanbul&#8217;da Lazer G\u00f6z Ameliyat\u0131 Deneyim Raporu \u2013 30 Kas\u0131m 2011 \u00c7ar\u015famba Tarihli Rapor"},"content":{"rendered":"\n<h3 class=\"wp-block-heading\">\u0130stanbul&#8217;da Lazer G\u00f6z Ameliyat\u0131 Deneyim Raporu \u2013 30 Kas\u0131m 2011 \u00c7ar\u015famba Tarihli Rapor<\/h3>\n\n\n\n<p>52 ya\u015f\u0131nday\u0131m ve 18 Ekim 2011 tarihinde g\u00f6zlerimi lazerle ameliyat ettirmeye cesaret ettim. 12 ya\u015f\u0131mdan beri g\u00f6zl\u00fck kullan\u0131yordum. Zamanla numaralar\u0131m \u00e7ok ilerlemi\u015fti ve g\u00f6zl\u00fcks\u00fcz neredeyse hi\u00e7bir \u015fey g\u00f6remez h\u00e2le gelmi\u015ftim. Son 4 y\u0131ld\u0131r progresif caml\u0131 (Varilux) g\u00f6zl\u00fck kullan\u0131yordum. Spor yaparken ise kontakt lens tak\u0131yordum, ancak bunlar da \u00e7o\u011fu zaman rahats\u0131z edici oluyordu.<br>K\u0131z\u0131m bu yaz g\u00f6zlerini lazerle yapt\u0131rmaya karar verdi ve ben de ona \u0130stanbul\u2019da e\u015flik edece\u011fime s\u00f6z verdim. Bana defalarca kendi g\u00f6zlerimi de lazerle yapt\u0131rmam i\u00e7in cesaret verdi. Uzun s\u00fcre teredd\u00fct ettim ve en sonunda \u0130stanbul\u2019da en az\u0131ndan g\u00f6zlerimin bu operasyona uygun olup olmad\u0131\u011f\u0131n\u0131 kontrol ettirebilece\u011fimi d\u00fc\u015f\u00fcnd\u00fcm. K\u0131z\u0131m Swisslasik\u2019ten Say\u0131n Karaaga\u00e7li ile zaten s\u00fcrekli ileti\u015fim h\u00e2lindeydi. Ben de kendisine ula\u015f\u0131p \u0130stanbul\u2019da g\u00f6z muayenesi yapt\u0131rmam\u0131n m\u00fcmk\u00fcn olup olmad\u0131\u011f\u0131n\u0131 sordum. Hemen benim i\u00e7in de bir randevu ayarlamay\u0131 teklif etti, b\u00f6ylece k\u0131z\u0131mla ayn\u0131 g\u00fcn muayene olabilecektim. Ayn\u0131 zamanda bir ameliyat randevusu da ayarlad\u0131\u011f\u0131n\u0131, ancak ameliyata karar vermezsem bunu sorunsuzca iptal edebilece\u011fimi s\u00f6yledi.<br>Say\u0131n Karaaga\u00e7li benim i\u00e7in, k\u0131z\u0131m\u0131n refakat\u00e7isi olarak u\u00e7u\u015f ve otel organizasyonunu da yapm\u0131\u015ft\u0131. \u0130stanbul\u2019a gitmeden \u00f6nce sadece u\u00e7u\u015f ve otel \u00fccretini \u00f6dedim. Ameliyat \u00fccretini ise istersem do\u011frudan klinikte \u00f6deyebilecektim. \u0130stanbul\u2019daki muayene s\u0131ras\u0131nda doktor bana, ameliyattan sonra da ya\u015fa ba\u011fl\u0131 olarak okuma ve bilgisayar kullan\u0131m\u0131 i\u00e7in g\u00f6zl\u00fc\u011fe ihtiya\u00e7 duyaca\u011f\u0131m\u0131 a\u00e7\u0131klad\u0131. Zaten daha \u00f6nce spor yaparken lens kulland\u0131\u011f\u0131mda da okuyamad\u0131\u011f\u0131m i\u00e7in, ameliyattan sonra nas\u0131l olaca\u011f\u0131n\u0131 az \u00e7ok biliyordum. Bu nedenle muayeneden sonra ameliyat olmaya karar verdim.<br>Ameliyat saatine kadar yakla\u015f\u0131k \u00fc\u00e7 saatlik bir \u00f6\u011fle aram\u0131z vard\u0131. Bu s\u00fcre i\u00e7inde karar\u0131m\u0131 yeniden g\u00f6zden ge\u00e7irme \u015fans\u0131m oldu. Ameliyat \u00fccretini ancak bundan sonra \u00f6dedim, bu da kesin karar\u0131m anlam\u0131na geliyordu. Ameliyat\u0131n kendisiyle ilgili detayl\u0131 anlat\u0131m i\u00e7in k\u0131z\u0131m Manuela Camenzind\u2019in yazd\u0131\u011f\u0131 rapora at\u0131fta bulunmak isterim, \u00e7\u00fcnk\u00fc ben de s\u00fcreci hemen hemen ayn\u0131 \u015fekilde ya\u015fad\u0131m. \u0130kimiz de ameliyattan sonra g\u00f6zlerin bir s\u00fcre \u00e7ok \u015fiddetli yanaca\u011f\u0131n\u0131 beklemiyorduk. Ancak ertesi sabah uyanmak, ya\u015fad\u0131\u011f\u0131m\u0131z bu rahats\u0131zl\u0131klar\u0131n hepsine fazlas\u0131yla de\u011fdi. Otelin 7. kat\u0131ndan \u015fehri g\u00f6zl\u00fcks\u00fcz seyredebilmek harika bir duyguydu.<br>\u0130stanbul\u2019daki t\u00fcm s\u00fcre\u00e7 kusursuz \u015fekilde organize edilmi\u015fti, bu konuda da k\u0131z\u0131m\u0131n anlatt\u0131klar\u0131na tamamen kat\u0131l\u0131yorum. Swisslasik\u2019in esnekli\u011fi benim i\u00e7in \u00e7ok de\u011ferliydi. D\u00f6nd\u00fckten sonra, istersem \u0130svi\u00e7re\u2019de kontrol muayenesini de kapsayan premium paketi, istersem standart paketi se\u00e7ebilecektim. Ben standart paketi tercih ettim ve kontrollerimi kendi g\u00f6z doktorumda yapt\u0131rd\u0131m. Doktorum ameliyat\u0131n \u00e7ok ba\u015far\u0131l\u0131 ge\u00e7ti\u011fini teyit etti.<br>Bana g\u00f6zlerimi tekrar lazerle yapt\u0131r\u0131r m\u0131y\u0131m diye soruldu\u011funda her zaman \u015fu cevab\u0131 veriyorum: G\u00f6zl\u00fcks\u00fcz do\u011faya \u00e7\u0131kmak ya da spor yapmak ger\u00e7ekten \u00e7ok g\u00fczel. Bunun keyfini doyas\u0131ya \u00e7\u0131kar\u0131yorum.                               Yakla\u015f\u0131k d\u00f6rt hafta boyunca standart bir okuma g\u00f6zl\u00fc\u011f\u00fcn\u00fc boynumda ta\u015f\u0131d\u0131m, \u00e7\u00fcnk\u00fc yak\u0131n mesafeden g\u00f6r\u00fclmesi gereken \u00e7ok fazla i\u015f vard\u0131 (bilgisayarda \u00e7al\u0131\u015fmak, okumak, yemek yapmak, al\u0131\u015fveri\u015f yapmak vb.). Bir ayl\u0131k bekleme s\u00fcresinden sonra (g\u00f6zlerin \u00f6nce iyile\u015fmesi gerekiyordu) kendime \u00f6zel g\u00f6zl\u00fc\u011f\u00fcm\u00fc yapt\u0131rd\u0131m. G\u00f6zl\u00fc\u011f\u00fc s\u00fcrekli tak\u0131p \u00e7\u0131karmay\u0131 sevmedi\u011fim i\u00e7in yine progresif (\u00e7ok odakl\u0131) bir g\u00f6zl\u00fck tercih ettim.<br>Sonu\u00e7: H\u00e2l\u00e2 olduk\u00e7a s\u0131k g\u00f6zl\u00fck tak\u0131yorum. Ancak avantaj\u0131, art\u0131k eskisi gibi iki ayr\u0131 g\u00f6zl\u00fc\u011fe ihtiya\u00e7 duymamam. Progresif g\u00f6zl\u00fc\u011fe ek olarak daha \u00f6nce bir de bilgisayar\/\u00e7al\u0131\u015fma g\u00f6zl\u00fc\u011f\u00fcm vard\u0131, \u00e7\u00fcnk\u00fc eski numaralar\u0131mla bilgisayar ba\u015f\u0131nda ciddi zorluk ya\u015f\u0131yordum. Art\u0131k d\u0131\u015far\u0131da g\u00f6zl\u00fck takmak zorunda de\u011filim. \u00d6zellikle so\u011fuk mevsimde bunu \u00e7ok takdir ediyorum, \u00e7\u00fcnk\u00fc camlar art\u0131k bu\u011fulanm\u0131yor.<br>Dezavantaj\u0131 ise, g\u00f6zl\u00fcks\u00fcz art\u0131k hi\u00e7bir \u015feyi okuyam\u0131yor olmam. Bu durumu 50 ya\u015f \u00fczerindeki \u00e7o\u011fu ki\u015fi zaten bilir. Ancak ben bir \u201cmiyop\u201d olarak, g\u00f6zl\u00fckle olmasa bile mutlaka g\u00f6zl\u00fcks\u00fcz okuyabilmeye al\u0131\u015fk\u0131nd\u0131m. Yatakta g\u00f6zl\u00fcks\u00fcz kitap okuyabiliyordum, art\u0131k bu m\u00fcmk\u00fcn de\u011fil. Genel olarak okuma biraz daha yorucu h\u00e2le geldi.<br>Benim ya\u015f\u0131mda olup tek bir g\u00f6zl\u00fckle rahat eden birine ameliyat\u0131 tavsiye etmezdim. Ancak benim gibi iki farkl\u0131 g\u00f6zl\u00fc\u011fe ihtiya\u00e7 duyanlar i\u00e7in, ameliyat ciddi \u015fekilde d\u00fc\u015f\u00fcn\u00fclebilir. Ger\u00e7ek anlamda en fazla fayday\u0131 ise, ya\u015fa ba\u011fl\u0131 yak\u0131n\u0131 g\u00f6rme problemiyle (presbiyopi) hen\u00fcz kar\u015f\u0131la\u015fmam\u0131\u015f olan gen\u00e7ler sa\u011flar.<br>Margrit Camenzind<br>29 Kas\u0131m 2011                <\/p>\n\n\n\n<div class=\"wp-block-group is-layout-grid wp-container-core-group-is-layout-baef362d wp-block-group-is-layout-grid\">\n<p><a href=\"https:\/\/medicaltravel.at\/home\/agb\/\" data-type=\"page\" data-id=\"2191\" rel=\"nofollow noopener\" target=\"_blank\"><\/a><a href=\"https:\/\/swisslasik.ch\/tr\/patientenberichte-augen-lasern\/istanbulda-lasik-goez-ameliyati-deneyim-raporu-2-aralik-2011-2-aralik-2011-cuma-tarihli-rapor\/\" data-type=\"link\" data-id=\"https:\/\/swisslasik.ch\/tr\/patientenberichte-augen-lasern\/istanbulda-lasik-goez-ameliyati-deneyim-raporu-2-aralik-2011-2-aralik-2011-cuma-tarihli-rapor\/\">\u00d6nceki rapor<\/a><\/p>\n\n\n\n<p class=\"has-text-align-right wp-container-content-5e2576f9\"><a href=\"https:\/\/medicaltravel.at\/home\/impressum\/\" data-type=\"page\" data-id=\"2193\" rel=\"nofollow noopener\" target=\"_blank\"><\/a><a href=\"https:\/\/medicaltravel.at\/home\/berichte-von-patienten\/erfahrungsberichte\/erfahrungsbericht-zahnbehandlung-in-istanbul\/\" data-type=\"page\" data-id=\"981\" rel=\"nofollow noopener\" target=\"_blank\"><\/a><a href=\"https:\/\/swisslasik.ch\/tr\/patientenberichte-augen-lasern\/istanbulda-lazer-goez-ameliyati-hayatimin-en-iyi-kararlarindan-biriydi-30-kasim-2011-carsamba-tarihli-rapor\/\" data-type=\"link\" data-id=\"https:\/\/swisslasik.ch\/patientenberichte-augen-lasern\/augenlasern-in-istanbul-eine-meiner-besten-entscheidungen-bericht-vom-mittwoch-30-november-2011\/\">Bir Sonraki Rapor<br><\/a><\/p>\n<\/div>\n","protected":false},"excerpt":{"rendered":"<p>\u0130stanbul&#8217;da Lazer G\u00f6z Ameliyat\u0131 Deneyim Raporu \u2013 30 Kas\u0131m 2011 \u00c7ar\u015famba Tarihli Rapor 52 ya\u015f\u0131nday\u0131m ve 18 Ekim 2011 tarihinde g\u00f6zlerimi lazerle ameliyat ettirmeye cesaret ettim. 12 ya\u015f\u0131mdan beri g\u00f6zl\u00fck kullan\u0131yordum. Zamanla numaralar\u0131m \u00e7ok ilerlemi\u015fti ve g\u00f6zl\u00fcks\u00fcz neredeyse hi\u00e7bir \u015fey g\u00f6remez h\u00e2le gelmi\u015ftim. Son 4 y\u0131ld\u0131r progresif caml\u0131 (Varilux) g\u00f6zl\u00fck kullan\u0131yordum. Spor yaparken ise kontakt lens tak\u0131yordum, ancak bunlar da \u00e7o\u011fu zaman rahats\u0131z edici oluyordu.K\u0131z\u0131m bu yaz g\u00f6zlerini lazerle yapt\u0131rmaya karar verdi ve ben de ona \u0130stanbul\u2019da e\u015flik edece\u011fime s\u00f6z verdim. Bana defalarca kendi g\u00f6zlerimi de lazerle yapt\u0131rmam i\u00e7in cesaret verdi. Uzun s\u00fcre teredd\u00fct ettim ve en sonunda \u0130stanbul\u2019da en az\u0131ndan g\u00f6zlerimin bu operasyona uygun olup olmad\u0131\u011f\u0131n\u0131 kontrol ettirebilece\u011fimi d\u00fc\u015f\u00fcnd\u00fcm. K\u0131z\u0131m Swisslasik\u2019ten Say\u0131n Karaaga\u00e7li ile zaten s\u00fcrekli ileti\u015fim h\u00e2lindeydi. Ben de kendisine ula\u015f\u0131p \u0130stanbul\u2019da g\u00f6z muayenesi yapt\u0131rmam\u0131n m\u00fcmk\u00fcn olup olmad\u0131\u011f\u0131n\u0131 sordum. Hemen benim i\u00e7in de bir randevu ayarlamay\u0131 teklif etti, b\u00f6ylece k\u0131z\u0131mla ayn\u0131 g\u00fcn muayene olabilecektim. Ayn\u0131 zamanda bir ameliyat randevusu da ayarlad\u0131\u011f\u0131n\u0131, ancak ameliyata karar vermezsem bunu sorunsuzca iptal edebilece\u011fimi s\u00f6yledi.Say\u0131n Karaaga\u00e7li benim i\u00e7in, k\u0131z\u0131m\u0131n refakat\u00e7isi olarak u\u00e7u\u015f ve otel organizasyonunu da yapm\u0131\u015ft\u0131. \u0130stanbul\u2019a gitmeden \u00f6nce sadece u\u00e7u\u015f ve otel \u00fccretini \u00f6dedim. Ameliyat \u00fccretini ise istersem do\u011frudan klinikte \u00f6deyebilecektim. \u0130stanbul\u2019daki muayene s\u0131ras\u0131nda doktor bana, ameliyattan sonra da ya\u015fa ba\u011fl\u0131 olarak okuma ve bilgisayar kullan\u0131m\u0131 i\u00e7in g\u00f6zl\u00fc\u011fe ihtiya\u00e7 duyaca\u011f\u0131m\u0131 a\u00e7\u0131klad\u0131. Zaten daha \u00f6nce spor yaparken lens kulland\u0131\u011f\u0131mda da okuyamad\u0131\u011f\u0131m i\u00e7in, ameliyattan sonra nas\u0131l olaca\u011f\u0131n\u0131 az \u00e7ok biliyordum. Bu nedenle muayeneden sonra ameliyat olmaya karar verdim.Ameliyat saatine kadar yakla\u015f\u0131k \u00fc\u00e7 saatlik bir \u00f6\u011fle aram\u0131z vard\u0131. Bu s\u00fcre i\u00e7inde karar\u0131m\u0131 yeniden g\u00f6zden ge\u00e7irme \u015fans\u0131m oldu. Ameliyat \u00fccretini ancak bundan sonra \u00f6dedim, bu da kesin karar\u0131m anlam\u0131na geliyordu. Ameliyat\u0131n kendisiyle ilgili detayl\u0131 anlat\u0131m i\u00e7in k\u0131z\u0131m Manuela Camenzind\u2019in yazd\u0131\u011f\u0131 rapora at\u0131fta bulunmak isterim, \u00e7\u00fcnk\u00fc ben de s\u00fcreci hemen hemen ayn\u0131 \u015fekilde ya\u015fad\u0131m. \u0130kimiz de ameliyattan sonra g\u00f6zlerin bir s\u00fcre \u00e7ok \u015fiddetli yanaca\u011f\u0131n\u0131 beklemiyorduk. Ancak ertesi sabah uyanmak, ya\u015fad\u0131\u011f\u0131m\u0131z bu rahats\u0131zl\u0131klar\u0131n hepsine fazlas\u0131yla de\u011fdi. Otelin 7. kat\u0131ndan \u015fehri g\u00f6zl\u00fcks\u00fcz seyredebilmek harika bir duyguydu.\u0130stanbul\u2019daki t\u00fcm s\u00fcre\u00e7 kusursuz \u015fekilde organize edilmi\u015fti, bu konuda da k\u0131z\u0131m\u0131n anlatt\u0131klar\u0131na tamamen kat\u0131l\u0131yorum. Swisslasik\u2019in esnekli\u011fi benim i\u00e7in \u00e7ok de\u011ferliydi. D\u00f6nd\u00fckten sonra, istersem \u0130svi\u00e7re\u2019de kontrol muayenesini de kapsayan premium paketi, istersem standart paketi se\u00e7ebilecektim. Ben standart paketi tercih ettim ve kontrollerimi kendi g\u00f6z doktorumda yapt\u0131rd\u0131m. Doktorum ameliyat\u0131n \u00e7ok ba\u015far\u0131l\u0131 ge\u00e7ti\u011fini teyit etti.Bana g\u00f6zlerimi tekrar lazerle yapt\u0131r\u0131r m\u0131y\u0131m diye soruldu\u011funda her zaman \u015fu cevab\u0131 veriyorum: G\u00f6zl\u00fcks\u00fcz do\u011faya \u00e7\u0131kmak ya da spor yapmak ger\u00e7ekten \u00e7ok g\u00fczel. Bunun keyfini doyas\u0131ya \u00e7\u0131kar\u0131yorum. Yakla\u015f\u0131k d\u00f6rt hafta boyunca standart bir okuma g\u00f6zl\u00fc\u011f\u00fcn\u00fc boynumda ta\u015f\u0131d\u0131m, \u00e7\u00fcnk\u00fc yak\u0131n mesafeden g\u00f6r\u00fclmesi gereken \u00e7ok fazla i\u015f vard\u0131 (bilgisayarda \u00e7al\u0131\u015fmak, okumak, yemek yapmak, al\u0131\u015fveri\u015f yapmak vb.). Bir ayl\u0131k bekleme s\u00fcresinden sonra (g\u00f6zlerin \u00f6nce iyile\u015fmesi gerekiyordu) kendime \u00f6zel g\u00f6zl\u00fc\u011f\u00fcm\u00fc yapt\u0131rd\u0131m. G\u00f6zl\u00fc\u011f\u00fc s\u00fcrekli tak\u0131p \u00e7\u0131karmay\u0131 sevmedi\u011fim i\u00e7in yine progresif (\u00e7ok odakl\u0131) bir g\u00f6zl\u00fck tercih ettim.Sonu\u00e7: H\u00e2l\u00e2 olduk\u00e7a s\u0131k g\u00f6zl\u00fck tak\u0131yorum. Ancak avantaj\u0131, art\u0131k eskisi gibi iki ayr\u0131 g\u00f6zl\u00fc\u011fe ihtiya\u00e7 duymamam. Progresif g\u00f6zl\u00fc\u011fe ek olarak daha \u00f6nce bir de bilgisayar\/\u00e7al\u0131\u015fma g\u00f6zl\u00fc\u011f\u00fcm vard\u0131, \u00e7\u00fcnk\u00fc eski numaralar\u0131mla bilgisayar ba\u015f\u0131nda ciddi zorluk ya\u015f\u0131yordum. Art\u0131k d\u0131\u015far\u0131da g\u00f6zl\u00fck takmak zorunda de\u011filim. \u00d6zellikle so\u011fuk mevsimde bunu \u00e7ok takdir ediyorum, \u00e7\u00fcnk\u00fc camlar art\u0131k bu\u011fulanm\u0131yor.Dezavantaj\u0131 ise, g\u00f6zl\u00fcks\u00fcz art\u0131k hi\u00e7bir \u015feyi okuyam\u0131yor olmam. Bu durumu 50 ya\u015f \u00fczerindeki \u00e7o\u011fu ki\u015fi zaten bilir. Ancak ben bir \u201cmiyop\u201d olarak, g\u00f6zl\u00fckle olmasa bile mutlaka g\u00f6zl\u00fcks\u00fcz okuyabilmeye al\u0131\u015fk\u0131nd\u0131m. Yatakta g\u00f6zl\u00fcks\u00fcz kitap okuyabiliyordum, art\u0131k bu m\u00fcmk\u00fcn de\u011fil. Genel olarak okuma biraz daha yorucu h\u00e2le geldi.Benim ya\u015f\u0131mda olup tek bir g\u00f6zl\u00fckle rahat eden birine ameliyat\u0131 tavsiye etmezdim. Ancak benim gibi iki farkl\u0131 g\u00f6zl\u00fc\u011fe ihtiya\u00e7 duyanlar i\u00e7in, ameliyat ciddi \u015fekilde d\u00fc\u015f\u00fcn\u00fclebilir. Ger\u00e7ek anlamda en fazla fayday\u0131 ise, ya\u015fa ba\u011fl\u0131 yak\u0131n\u0131 g\u00f6rme problemiyle (presbiyopi) hen\u00fcz kar\u015f\u0131la\u015fmam\u0131\u015f olan gen\u00e7ler sa\u011flar.Margrit Camenzind29 Kas\u0131m 2011 \u00d6nceki rapor Bir Sonraki Rapor<\/p>\n","protected":false},"author":4,"featured_media":0,"parent":3650,"menu_order":0,"comment_status":"closed","ping_status":"closed","template":"","meta":{"_joinchat":[],"footnotes":""},"class_list":["post-3668","page","type-page","status-publish","hentry"],"acf":[],"_links":{"self":[{"href":"https:\/\/swisslasik.ch\/tr\/wp-json\/wp\/v2\/pages\/3668","targetHints":{"allow":["GET"]}}],"collection":[{"href":"https:\/\/swisslasik.ch\/tr\/wp-json\/wp\/v2\/pages"}],"about":[{"href":"https:\/\/swisslasik.ch\/tr\/wp-json\/wp\/v2\/types\/page"}],"author":[{"embeddable":true,"href":"https:\/\/swisslasik.ch\/tr\/wp-json\/wp\/v2\/users\/4"}],"replies":[{"embeddable":true,"href":"https:\/\/swisslasik.ch\/tr\/wp-json\/wp\/v2\/comments?post=3668"}],"version-history":[{"count":2,"href":"https:\/\/swisslasik.ch\/tr\/wp-json\/wp\/v2\/pages\/3668\/revisions"}],"predecessor-version":[{"id":4783,"href":"https:\/\/swisslasik.ch\/tr\/wp-json\/wp\/v2\/pages\/3668\/revisions\/4783"}],"up":[{"embeddable":true,"href":"https:\/\/swisslasik.ch\/tr\/wp-json\/wp\/v2\/pages\/3650"}],"wp:attachment":[{"href":"https:\/\/swisslasik.ch\/tr\/wp-json\/wp\/v2\/media?parent=3668"}],"curies":[{"name":"wp","href":"https:\/\/api.w.org\/{rel}","templated":true}]}}