{"id":3670,"date":"2025-09-24T14:13:31","date_gmt":"2025-09-24T13:13:31","guid":{"rendered":"https:\/\/swisslasik.ch\/patientenberichte-augen-lasern\/istanbulda-lasik-goez-ameliyati-deneyim-raporu-2-aralik-2011-2-aralik-2011-cuma-tarihli-rapor\/"},"modified":"2026-01-14T18:49:42","modified_gmt":"2026-01-14T17:49:42","slug":"istanbulda-lasik-goez-ameliyati-deneyim-raporu-2-aralik-2011-2-aralik-2011-cuma-tarihli-rapor","status":"publish","type":"page","link":"https:\/\/swisslasik.ch\/tr\/patientenberichte-augen-lasern\/istanbulda-lasik-goez-ameliyati-deneyim-raporu-2-aralik-2011-2-aralik-2011-cuma-tarihli-rapor\/","title":{"rendered":"\u0130stanbul&#8217;da LASIK g\u00f6z ameliyat\u0131 deneyim raporu, 2 Aral\u0131k 2011 \u2013 2 Aral\u0131k 2011 Cuma tarihli rapor"},"content":{"rendered":"\n<h3 class=\"wp-block-heading\">\u0130stanbul&#8217;da LASIK g\u00f6z ameliyat\u0131 deneyim raporu, 2 Aral\u0131k 2011 \u2013 2 Aral\u0131k 2011 Cuma tarihli rapor<\/h3>\n\n<p>Benim ad\u0131m Hasan Havayitli ve 25 ya\u015f\u0131nday\u0131m. Lasik ameliyat\u0131m\u0131 21.11.2011 tarihinde yapt\u0131rd\u0131m. Asl\u0131nda neredeyse hayat\u0131m boyunca g\u00f6zl\u00fck takmak zorundayd\u0131m. Sorun \u015fu ki, g\u00f6zl\u00fck takmay\u0131 hi\u00e7bir zaman sevmedim. Kontakt lensleri ise g\u00f6zlerim tolere etmedi\u011fi i\u00e7in kullanam\u0131yordum. G\u00f6zl\u00fck gitgide daha fazla can\u0131m\u0131 s\u0131kmaya ba\u015flad\u0131 ve g\u00f6zl\u00fc\u011fe ba\u011fl\u0131 olmadan bir hayat\u0131n hayalini kuruyordum. Sevmedi\u011finiz ama mecbur kald\u0131\u011f\u0131n\u0131z bir \u015feye ba\u011fl\u0131 ya\u015faman\u0131n nas\u0131l bir his oldu\u011funu biliyor musunuz?<br\/>\u0130nternette yapt\u0131\u011f\u0131m ara\u015ft\u0131rmalarda bu ameliyat\u0131n \u0130svi\u00e7re\u2019de \u00e7ok pahal\u0131 oldu\u011funu fark ettim ve Swisslasik ile kar\u015f\u0131la\u015ft\u0131m. Say\u0131n Karaaga\u00e7li ile yapt\u0131\u011f\u0131m bir\u00e7ok \u00e7ok samimi ve profesyonel telefon g\u00f6r\u00fc\u015fmesinden sonra, g\u00f6zlerimi Swisslasik arac\u0131l\u0131\u011f\u0131yla \u0130stanbul\u2019da ameliyat ettirmeye karar verdim. Swisslasik ger\u00e7ekten \u00e7ok pratik ve zahmetsiz bir hizmet sunuyor; bilgi almak, rezervasyon yapmak ya da de\u011fi\u015fiklik yapmak i\u00e7in tek bir telefon yeterli oluyor.<br\/>Elbette \u0130stanbul\u2019un b\u00f6yle hayati bir tedavi i\u00e7in do\u011fru yer olup olmad\u0131\u011f\u0131 konusunda benim de teredd\u00fctlerim vard\u0131. Ancak y\u00fczde y\u00fcz memnuniyetle s\u00f6yleyebilirim ki, bu i\u015flemi tekrar yapt\u0131racak olsam yine \u0130stanbul\u2019u se\u00e7erdim. Bunun en b\u00fcy\u00fck nedeni hem \u0130svi\u00e7re\u2019de Swisslasik taraf\u0131ndan sunulan ilgi ve destek, hem de \u0130stanbul\u2019daki klinik personelinin m\u00fckemmel yakla\u015f\u0131m\u0131d\u0131r.<br\/>Havaliman\u0131, otel ve klinik transferleri konusunda hi\u00e7bir \u015fey d\u00fc\u015f\u00fcnmek zorunda kalmad\u0131m. \u0130stanbul Havaliman\u0131\u2019na vard\u0131\u011f\u0131mda do\u011frudan klinikten bir \u015fof\u00f6r taraf\u0131ndan kar\u015f\u0131land\u0131m. Otele giderken, ertesi g\u00fcn otel ile klinik aras\u0131ndaki ula\u015f\u0131m\u0131n nas\u0131l olaca\u011f\u0131 bana detayl\u0131 \u015fekilde anlat\u0131ld\u0131. Ertesi g\u00fcn tam zaman\u0131nda al\u0131nd\u0131m ve klini\u011fe g\u00f6t\u00fcr\u00fcld\u00fcm.<br\/>Klini\u011fe ad\u0131m att\u0131\u011f\u0131m andan itibaren s\u00fcrekli yan\u0131mda bir g\u00f6revli vard\u0131 ve istedi\u011fim her an kendisine soru sorabiliyordum. Klinik personeli son derece g\u00fcler y\u00fczl\u00fc ve i\u015finde uzmand\u0131. Sorunsuz ge\u00e7en \u00f6n muayeneden sonra, ameliyat olabilece\u011fimi \u00f6\u011frendi\u011fimde b\u00fcy\u00fck bir rahatlama ya\u015fad\u0131m. Doktor bana ameliyat saatini bildirdi ve bekleme s\u00fcresinde restoran\u0131n teras\u0131na \u00e7\u0131k\u0131p temiz hava almam\u0131 \u00f6nerdi. Beklerken de yan\u0131mda hep bir g\u00f6revli vard\u0131 ve bu sayede gerginli\u011fim azald\u0131.<br\/>Ameliyat zaman\u0131 geldi\u011finde bir hata yapt\u0131m ve sakinle\u015ftirici tablet istemedim. Bu y\u00fczden bir anda \u00e7ok heyecanland\u0131m. Ameliyat\u0131n kendisi tamamen a\u011fr\u0131s\u0131zd\u0131. Eminim e\u011fer bu kadar heyecanlanmasayd\u0131m, i\u015flem en fazla 10 dakika s\u00fcrerdi. Ameliyattan sonra hafif bir yanma hissi oldu ama yakla\u015f\u0131k 4 saat sonra bu da ge\u00e7ti. Ve o an, g\u00f6zl\u00fcks\u00fcz yeni hayat\u0131m ba\u015flam\u0131\u015f oldu.<br\/>\u015eu an g\u00f6zl\u00fcks\u00fcz bu kadar net en son ne zaman g\u00f6rd\u00fc\u011f\u00fcm\u00fc hat\u0131rlam\u0131yorum. D\u00f6rt saat s\u00fcren hafif a\u011fr\u0131lar buna kesinlikle de\u011fdi. \u015eimdi g\u00f6zl\u00fcks\u00fczken kendime olan g\u00fcvenim, g\u00f6zl\u00fck takt\u0131\u011f\u0131m zamankinden \u00e7ok daha fazla. Bu y\u00fczden g\u00f6zl\u00fck ya da kontakt lense ba\u011f\u0131ml\u0131 olan herkese bu ameliyat\u0131 g\u00f6n\u00fcl rahatl\u0131\u011f\u0131yla tavsiye ederim.<br\/>Kald\u0131\u011f\u0131m otel \u00e7ok temiz ve bak\u0131ml\u0131yd\u0131. Odalar \u00e7ok \u015f\u0131k d\u00f6\u015fenmi\u015fti ve insan kendini hem rahat hem de g\u00fcvende hissediyordu.                               Otel personeli son derece g\u00fcler y\u00fczl\u00fcyd\u00fc ve her \u015fey benim memnuniyetim i\u00e7in yap\u0131ld\u0131. Kahvalt\u0131da \u00e7ok geni\u015f bir se\u00e7enek vard\u0131, ak\u015fam yeme\u011fi i\u00e7in de City Park Hotel\u2019i g\u00f6n\u00fcl rahatl\u0131\u011f\u0131yla tavsiye edebilirim. Bu otele 5 \u00fczerinden 5 puan veririm. \u0130stanbul\u2019daki bir sonraki tatilimde de yine City Park Hotel\u2019i se\u00e7ece\u011fim.<br\/>\u0130stanbul\u2019da ge\u00e7irdi\u011fim bu hafta boyunca \u00e7ok say\u0131da nazik, yard\u0131msever ve misafirperver insanla tan\u0131\u015ft\u0131m. Benim i\u00e7in d\u00fcnyan\u0131n en g\u00fczel \u015fehri olan bu kenti, ilk kez g\u00f6zl\u00fcks\u00fcz olarak gezmenin keyfini ya\u015fad\u0131m. \u0130stanbul, ultra modern yap\u0131larla \u00e7ok eski tarihi k\u00fclt\u00fcr\u00fcn bir arada g\u00f6r\u00fclebildi\u011fi e\u015fsiz bir \u015fehir. \u0130stanbul\u2019u tercih eden herkese mutlaka Bo\u011faz\u2019da tekne turu yapmalar\u0131n\u0131 \u00f6neririm. Eski ile yeninin en g\u00fczel birle\u015fimini orada g\u00f6rmek m\u00fcmk\u00fcn.<br\/>Swisslasik ile kar\u015f\u0131la\u015fm\u0131\u015f olmaktan \u00e7ok mutluyum ve Swisslasik\u2019i en y\u00fcksek memnuniyetle tavsiye ediyorum. Benim i\u00e7in Swisslasik de 5 \u00fczerinden 5 puan\u0131 hak ediyor. Hem ameliyat hem de seyahat s\u00fcreci, bundan daha iyi organize edilemezdi. Hayalini kurdu\u011fum bir hayat\u0131 ya\u015famam\u0131 sa\u011flad\u0131\u011f\u0131 i\u00e7in Swisslasik\u2019e te\u015fekk\u00fcr ederim.<br\/>Sayg\u0131lar\u0131mla<br\/>Havayitli Hasan            <\/p>\n\n<div class=\"wp-block-group is-layout-grid wp-container-core-group-is-layout-baef362d wp-block-group-is-layout-grid\">\n<p><a href=\"https:\/\/medicaltravel.at\/home\/agb\/\" data-type=\"page\" data-id=\"2191\" rel=\"nofollow noopener\" target=\"_blank\"><\/a><a href=\"https:\/\/swisslasik.ch\/tr\/patientenberichte-augen-lasern\/swisslasik-deneyim-raporu-1-ocak-2012-pazar-tarihli-rapor\/\" data-type=\"link\" data-id=\"https:\/\/swisslasik.ch\/patientenberichte-augen-lasern\/erfahrungsbericht-swisslasik-bericht-vom-sonntag-01-januar-2012\/\">\u00d6nceki rapor<\/a><\/p>\n\n\n\n<p class=\"has-text-align-right wp-container-content-5e2576f9\"><a href=\"https:\/\/medicaltravel.at\/home\/impressum\/\" data-type=\"page\" data-id=\"2193\" rel=\"nofollow noopener\" target=\"_blank\"><\/a><a href=\"https:\/\/medicaltravel.at\/home\/berichte-von-patienten\/erfahrungsberichte\/erfahrungsbericht-zahnbehandlung-in-istanbul\/\" data-type=\"page\" data-id=\"981\" rel=\"nofollow noopener\" target=\"_blank\"><\/a><a href=\"https:\/\/swisslasik.ch\/tr\/patientenberichte-augen-lasern\/istanbulda-lazer-goez-ameliyati-deneyim-raporu-30-kasim-2011-carsamba-tarihli-rapor\/\" data-type=\"link\" data-id=\"https:\/\/swisslasik.ch\/patientenberichte-augen-lasern\/erfahrungsbericht-uber-die-augenlaseroperation-in-istanbul-bericht-vom-mittwoch-30-november-2011\/\">Bir Sonraki Rapor<br\/><\/a><\/p>\n<\/div>\n","protected":false},"excerpt":{"rendered":"<p>\u0130stanbul&#8217;da LASIK g\u00f6z ameliyat\u0131 deneyim raporu, 2 Aral\u0131k 2011 \u2013 2 Aral\u0131k 2011 Cuma tarihli rapor Benim ad\u0131m Hasan Havayitli ve 25 ya\u015f\u0131nday\u0131m. Lasik ameliyat\u0131m\u0131 21.11.2011 tarihinde yapt\u0131rd\u0131m. Asl\u0131nda neredeyse hayat\u0131m boyunca g\u00f6zl\u00fck takmak zorundayd\u0131m. Sorun \u015fu ki, g\u00f6zl\u00fck takmay\u0131 hi\u00e7bir zaman sevmedim. Kontakt lensleri ise g\u00f6zlerim tolere etmedi\u011fi i\u00e7in kullanam\u0131yordum. G\u00f6zl\u00fck gitgide daha fazla can\u0131m\u0131 s\u0131kmaya ba\u015flad\u0131 ve g\u00f6zl\u00fc\u011fe ba\u011fl\u0131 olmadan bir hayat\u0131n hayalini kuruyordum. Sevmedi\u011finiz ama mecbur kald\u0131\u011f\u0131n\u0131z bir \u015feye ba\u011fl\u0131 ya\u015faman\u0131n nas\u0131l bir his oldu\u011funu biliyor musunuz?\u0130nternette yapt\u0131\u011f\u0131m ara\u015ft\u0131rmalarda bu ameliyat\u0131n \u0130svi\u00e7re\u2019de \u00e7ok pahal\u0131 oldu\u011funu fark ettim ve Swisslasik ile kar\u015f\u0131la\u015ft\u0131m. Say\u0131n Karaaga\u00e7li ile yapt\u0131\u011f\u0131m bir\u00e7ok \u00e7ok samimi ve profesyonel telefon g\u00f6r\u00fc\u015fmesinden sonra, g\u00f6zlerimi Swisslasik arac\u0131l\u0131\u011f\u0131yla \u0130stanbul\u2019da ameliyat ettirmeye karar verdim. Swisslasik ger\u00e7ekten \u00e7ok pratik ve zahmetsiz bir hizmet sunuyor; bilgi almak, rezervasyon yapmak ya da de\u011fi\u015fiklik yapmak i\u00e7in tek bir telefon yeterli oluyor.Elbette \u0130stanbul\u2019un b\u00f6yle hayati bir tedavi i\u00e7in do\u011fru yer olup olmad\u0131\u011f\u0131 konusunda benim de teredd\u00fctlerim vard\u0131. Ancak y\u00fczde y\u00fcz memnuniyetle s\u00f6yleyebilirim ki, bu i\u015flemi tekrar yapt\u0131racak olsam yine \u0130stanbul\u2019u se\u00e7erdim. Bunun en b\u00fcy\u00fck nedeni hem \u0130svi\u00e7re\u2019de Swisslasik taraf\u0131ndan sunulan ilgi ve destek, hem de \u0130stanbul\u2019daki klinik personelinin m\u00fckemmel yakla\u015f\u0131m\u0131d\u0131r.Havaliman\u0131, otel ve klinik transferleri konusunda hi\u00e7bir \u015fey d\u00fc\u015f\u00fcnmek zorunda kalmad\u0131m. \u0130stanbul Havaliman\u0131\u2019na vard\u0131\u011f\u0131mda do\u011frudan klinikten bir \u015fof\u00f6r taraf\u0131ndan kar\u015f\u0131land\u0131m. Otele giderken, ertesi g\u00fcn otel ile klinik aras\u0131ndaki ula\u015f\u0131m\u0131n nas\u0131l olaca\u011f\u0131 bana detayl\u0131 \u015fekilde anlat\u0131ld\u0131. Ertesi g\u00fcn tam zaman\u0131nda al\u0131nd\u0131m ve klini\u011fe g\u00f6t\u00fcr\u00fcld\u00fcm.Klini\u011fe ad\u0131m att\u0131\u011f\u0131m andan itibaren s\u00fcrekli yan\u0131mda bir g\u00f6revli vard\u0131 ve istedi\u011fim her an kendisine soru sorabiliyordum. Klinik personeli son derece g\u00fcler y\u00fczl\u00fc ve i\u015finde uzmand\u0131. Sorunsuz ge\u00e7en \u00f6n muayeneden sonra, ameliyat olabilece\u011fimi \u00f6\u011frendi\u011fimde b\u00fcy\u00fck bir rahatlama ya\u015fad\u0131m. Doktor bana ameliyat saatini bildirdi ve bekleme s\u00fcresinde restoran\u0131n teras\u0131na \u00e7\u0131k\u0131p temiz hava almam\u0131 \u00f6nerdi. Beklerken de yan\u0131mda hep bir g\u00f6revli vard\u0131 ve bu sayede gerginli\u011fim azald\u0131.Ameliyat zaman\u0131 geldi\u011finde bir hata yapt\u0131m ve sakinle\u015ftirici tablet istemedim. Bu y\u00fczden bir anda \u00e7ok heyecanland\u0131m. Ameliyat\u0131n kendisi tamamen a\u011fr\u0131s\u0131zd\u0131. Eminim e\u011fer bu kadar heyecanlanmasayd\u0131m, i\u015flem en fazla 10 dakika s\u00fcrerdi. Ameliyattan sonra hafif bir yanma hissi oldu ama yakla\u015f\u0131k 4 saat sonra bu da ge\u00e7ti. Ve o an, g\u00f6zl\u00fcks\u00fcz yeni hayat\u0131m ba\u015flam\u0131\u015f oldu.\u015eu an g\u00f6zl\u00fcks\u00fcz bu kadar net en son ne zaman g\u00f6rd\u00fc\u011f\u00fcm\u00fc hat\u0131rlam\u0131yorum. D\u00f6rt saat s\u00fcren hafif a\u011fr\u0131lar buna kesinlikle de\u011fdi. \u015eimdi g\u00f6zl\u00fcks\u00fczken kendime olan g\u00fcvenim, g\u00f6zl\u00fck takt\u0131\u011f\u0131m zamankinden \u00e7ok daha fazla. Bu y\u00fczden g\u00f6zl\u00fck ya da kontakt lense ba\u011f\u0131ml\u0131 olan herkese bu ameliyat\u0131 g\u00f6n\u00fcl rahatl\u0131\u011f\u0131yla tavsiye ederim.Kald\u0131\u011f\u0131m otel \u00e7ok temiz ve bak\u0131ml\u0131yd\u0131. Odalar \u00e7ok \u015f\u0131k d\u00f6\u015fenmi\u015fti ve insan kendini hem rahat hem de g\u00fcvende hissediyordu. Otel personeli son derece g\u00fcler y\u00fczl\u00fcyd\u00fc ve her \u015fey benim memnuniyetim i\u00e7in yap\u0131ld\u0131. Kahvalt\u0131da \u00e7ok geni\u015f bir se\u00e7enek vard\u0131, ak\u015fam yeme\u011fi i\u00e7in de City Park Hotel\u2019i g\u00f6n\u00fcl rahatl\u0131\u011f\u0131yla tavsiye edebilirim. Bu otele 5 \u00fczerinden 5 puan veririm. \u0130stanbul\u2019daki bir sonraki tatilimde de yine City Park Hotel\u2019i se\u00e7ece\u011fim.\u0130stanbul\u2019da ge\u00e7irdi\u011fim bu hafta boyunca \u00e7ok say\u0131da nazik, yard\u0131msever ve misafirperver insanla tan\u0131\u015ft\u0131m. Benim i\u00e7in d\u00fcnyan\u0131n en g\u00fczel \u015fehri olan bu kenti, ilk kez g\u00f6zl\u00fcks\u00fcz olarak gezmenin keyfini ya\u015fad\u0131m. \u0130stanbul, ultra modern yap\u0131larla \u00e7ok eski tarihi k\u00fclt\u00fcr\u00fcn bir arada g\u00f6r\u00fclebildi\u011fi e\u015fsiz bir \u015fehir. \u0130stanbul\u2019u tercih eden herkese mutlaka Bo\u011faz\u2019da tekne turu yapmalar\u0131n\u0131 \u00f6neririm. Eski ile yeninin en g\u00fczel birle\u015fimini orada g\u00f6rmek m\u00fcmk\u00fcn.Swisslasik ile kar\u015f\u0131la\u015fm\u0131\u015f olmaktan \u00e7ok mutluyum ve Swisslasik\u2019i en y\u00fcksek memnuniyetle tavsiye ediyorum. Benim i\u00e7in Swisslasik de 5 \u00fczerinden 5 puan\u0131 hak ediyor. Hem ameliyat hem de seyahat s\u00fcreci, bundan daha iyi organize edilemezdi. Hayalini kurdu\u011fum bir hayat\u0131 ya\u015famam\u0131 sa\u011flad\u0131\u011f\u0131 i\u00e7in Swisslasik\u2019e te\u015fekk\u00fcr ederim.Sayg\u0131lar\u0131mlaHavayitli Hasan \u00d6nceki rapor Bir Sonraki Rapor<\/p>\n","protected":false},"author":4,"featured_media":0,"parent":3650,"menu_order":0,"comment_status":"closed","ping_status":"closed","template":"","meta":{"_joinchat":[],"footnotes":""},"class_list":["post-3670","page","type-page","status-publish","hentry"],"acf":[],"_links":{"self":[{"href":"https:\/\/swisslasik.ch\/tr\/wp-json\/wp\/v2\/pages\/3670","targetHints":{"allow":["GET"]}}],"collection":[{"href":"https:\/\/swisslasik.ch\/tr\/wp-json\/wp\/v2\/pages"}],"about":[{"href":"https:\/\/swisslasik.ch\/tr\/wp-json\/wp\/v2\/types\/page"}],"author":[{"embeddable":true,"href":"https:\/\/swisslasik.ch\/tr\/wp-json\/wp\/v2\/users\/4"}],"replies":[{"embeddable":true,"href":"https:\/\/swisslasik.ch\/tr\/wp-json\/wp\/v2\/comments?post=3670"}],"version-history":[{"count":1,"href":"https:\/\/swisslasik.ch\/tr\/wp-json\/wp\/v2\/pages\/3670\/revisions"}],"predecessor-version":[{"id":3671,"href":"https:\/\/swisslasik.ch\/tr\/wp-json\/wp\/v2\/pages\/3670\/revisions\/3671"}],"up":[{"embeddable":true,"href":"https:\/\/swisslasik.ch\/tr\/wp-json\/wp\/v2\/pages\/3650"}],"wp:attachment":[{"href":"https:\/\/swisslasik.ch\/tr\/wp-json\/wp\/v2\/media?parent=3670"}],"curies":[{"name":"wp","href":"https:\/\/api.w.org\/{rel}","templated":true}]}}