{"id":3672,"date":"2025-09-24T14:21:54","date_gmt":"2025-09-24T13:21:54","guid":{"rendered":"https:\/\/swisslasik.ch\/patientenberichte-augen-lasern\/istanbuldaki-lasek-deneyimim-26-mayis-2011-persembe-tarihli-rapor\/"},"modified":"2026-01-14T18:58:55","modified_gmt":"2026-01-14T17:58:55","slug":"istanbuldaki-lasek-deneyimim-26-mayis-2011-persembe-tarihli-rapor","status":"publish","type":"page","link":"https:\/\/swisslasik.ch\/tr\/patientenberichte-augen-lasern\/istanbuldaki-lasek-deneyimim-26-mayis-2011-persembe-tarihli-rapor\/","title":{"rendered":"\u0130stanbul&#8217;daki LASEK deneyimim \u2013 26 May\u0131s 2011 Per\u015fembe tarihli rapor"},"content":{"rendered":"\n<h3 class=\"wp-block-heading\">\u0130stanbul&#8217;daki LASEK deneyimim \u2013 26 May\u0131s 2011 Per\u015fembe tarihli rapor<\/h3>\n\n\n\n<p>Swisslasik.ch sitesini internette buldum ve sunduklar\u0131 paketi detayl\u0131ca inceledim. Ayn\u0131 zamanda ba\u015fka firmalar\u0131n tekliflerine de bakt\u0131m. Ancak sonu\u00e7ta swisslasik.ch\u2019nin Premium Paketi beni en \u00e7ok ikna eden se\u00e7enek oldu. Daha net bir fikir edinmek i\u00e7in swisslasik.ch\u2019yi tatil fuar\u0131nda ziyaret ettim. Giri\u015f biletini de swisslasik.ch kar\u015f\u0131lam\u0131\u015ft\u0131. Genel olarak \u00e7ok olumlu bir izlenim edindikten sonra seyahat ve ameliyat\u0131 rezerve ettim. \u00d6zellikle fiyat\u2013performans dengesi benim i\u00e7in belirleyici oldu.<br>\u0130svi\u00e7re\u2019deyken \u00f6nceden g\u00f6zlerim i\u00e7in tarafs\u0131z bir muayene yapt\u0131rd\u0131m. Yani swisslasik.ch\u2019nin \u00f6nerdi\u011fi bir doktora de\u011fil, tamamen ba\u011f\u0131ms\u0131z bir doktora gittim. Doktor g\u00f6zlerimin sa\u011fl\u0131kl\u0131 oldu\u011funu ve bana LASIK tedavisini tavsiye etti\u011fini s\u00f6yledi.<br>24 Nisan 2011 tarihinde Swiss Havayollar\u0131 ile \u0130stanbul\u2019a u\u00e7tum. Havaliman\u0131nda bir limuzinle kar\u015f\u0131land\u0131k ve otele g\u00f6t\u00fcr\u00fcld\u00fck. \u015eof\u00f6r ayn\u0131 zamanda EyeStar Klini\u011fi\u2019nde \u00e7al\u0131\u015fan bir asistand\u0131. Ertesi g\u00fcn otelden al\u0131n\u0131p klini\u011fe g\u00f6t\u00fcr\u00fcld\u00fcm. Otelin klini\u011fe y\u00fcr\u00fcyerek sadece be\u015f dakika mesafede olmas\u0131 ger\u00e7ekten b\u00fcy\u00fck bir avantajd\u0131.<br>Klinikte yap\u0131lan detayl\u0131 muayeneden sonra doktor, kornean\u0131n baz\u0131 b\u00f6lgeleri ince oldu\u011fu i\u00e7in bana LASIK yapamayaca\u011f\u0131n\u0131 s\u00f6yledi. Alternatif olarak, ayn\u0131 fiyata LASEK tedavisi \u00f6nerdi. Bunu kabul ettim ve \u00f6\u011fleden sonra i\u00e7in bir randevu ayarland\u0131. Ameliyat sorunsuz ge\u00e7ti. S\u00fcre\u00e7 boyunca \u00e7ok iyi ilgileniliyor ve her \u015fey Almanca\u2019ya \u00e7evriliyor.<br>Operasyondan sonra tekrar otele d\u00f6nd\u00fcm ve yakla\u015f\u0131k d\u00f6rt saat uyudum. Sonras\u0131nda tekrar d\u0131\u015far\u0131 \u00e7\u0131k\u0131p \u015fehirde dola\u015fabildim ve g\u00fczel bir yemek yedim. \u0130stanbul\u2019da iki g\u00fcn daha kald\u0131\u011f\u0131m i\u00e7in her g\u00fcn kontrole gidebildim.<br>\u0130svi\u00e7re\u2019ye d\u00f6nd\u00fckten sonra Arbon TG\u2019deki doktorumdan hemen bir kontrol randevusu ald\u0131m. LASEK\u2019te iyile\u015fme s\u00fcreci daha uzun oldu\u011fu i\u00e7in bir ay i\u00e7inde \u00fc\u00e7 kez kontrole gitmem gerekti. Kornean\u0131n \u00fcst y\u00fczeyi maalesef hen\u00fcz tamamen d\u00fczg\u00fcn de\u011fil. Bu nedenle g\u00f6r\u00fc\u015f\u00fcm \u015fu an yakla\u015f\u0131k y\u00fczde 60 seviyesinde. Ancak \u0130svi\u00e7re\u2019deki doktor, \u0130stanbul\u2019daki cerrahla telefonla g\u00f6r\u00fc\u015f\u00fcp sonraki tedavi s\u00fcrecini birlikte planlad\u0131. E\u011fer y\u00fczey tamamen d\u00fczelmezse, Premium Paket sayesinde tekrar \u0130stanbul\u2019a gidip tedavi olma hakk\u0131m var.<br>Swisslasik.ch\u2019yi g\u00f6n\u00fcl rahatl\u0131\u011f\u0131yla tavsiye edebilirim. \u0130yile\u015fme s\u00fcreci bekledi\u011fimden biraz daha uzun s\u00fcrse de genel olarak memnun kald\u0131m.<br>26 May\u0131s 2011<br>Christian Lichtensteiger                               <\/p>\n\n\n\n<div class=\"wp-block-group is-layout-grid wp-container-core-group-is-layout-baef362d wp-block-group-is-layout-grid\">\n<p><a href=\"https:\/\/medicaltravel.at\/home\/agb\/\" data-type=\"page\" data-id=\"2191\" rel=\"nofollow noopener\" target=\"_blank\"><\/a><a href=\"https:\/\/swisslasik.ch\/tr\/patientenberichte-augen-lasern\/2011-nisan-ayindaki-lazer-goez-ameliyatim-2-haziran-2011-persembe-tarihli-rapor\/\" data-type=\"link\" data-id=\"https:\/\/swisslasik.ch\/tr\/patientenberichte-augen-lasern\/2011-nisan-ayindaki-lazer-goez-ameliyatim-2-haziran-2011-persembe-tarihli-rapor\/\">\u00d6nceki rapor<\/a><\/p>\n\n\n\n<p class=\"has-text-align-right wp-container-content-5e2576f9\"><a href=\"https:\/\/medicaltravel.at\/home\/impressum\/\" data-type=\"page\" data-id=\"2193\" rel=\"nofollow noopener\" target=\"_blank\"><\/a><a href=\"https:\/\/medicaltravel.at\/home\/berichte-von-patienten\/erfahrungsberichte\/erfahrungsbericht-zahnbehandlung-in-istanbul\/\" data-type=\"page\" data-id=\"981\" rel=\"nofollow noopener\" target=\"_blank\"><\/a><a href=\"https:\/\/swisslasik.ch\/tr\/patientenberichte-augen-lasern\/yeni-kazanilan-yasam-kalitesi-21-mayis-2011-cumartesi-tarihli-rapor\/\" data-type=\"link\" data-id=\"https:\/\/swisslasik.ch\/tr\/patientenberichte-augen-lasern\/yeni-kazanilan-yasam-kalitesi-21-mayis-2011-cumartesi-tarihli-rapor\/\">Bir Sonraki Rapor<br><\/a><\/p>\n<\/div>\n","protected":false},"excerpt":{"rendered":"<p>\u0130stanbul&#8217;daki LASEK deneyimim \u2013 26 May\u0131s 2011 Per\u015fembe tarihli rapor Swisslasik.ch sitesini internette buldum ve sunduklar\u0131 paketi detayl\u0131ca inceledim. Ayn\u0131 zamanda ba\u015fka firmalar\u0131n tekliflerine de bakt\u0131m. Ancak sonu\u00e7ta swisslasik.ch\u2019nin Premium Paketi beni en \u00e7ok ikna eden se\u00e7enek oldu. Daha net bir fikir edinmek i\u00e7in swisslasik.ch\u2019yi tatil fuar\u0131nda ziyaret ettim. Giri\u015f biletini de swisslasik.ch kar\u015f\u0131lam\u0131\u015ft\u0131. Genel olarak \u00e7ok olumlu bir izlenim edindikten sonra seyahat ve ameliyat\u0131 rezerve ettim. \u00d6zellikle fiyat\u2013performans dengesi benim i\u00e7in belirleyici oldu.\u0130svi\u00e7re\u2019deyken \u00f6nceden g\u00f6zlerim i\u00e7in tarafs\u0131z bir muayene yapt\u0131rd\u0131m. Yani swisslasik.ch\u2019nin \u00f6nerdi\u011fi bir doktora de\u011fil, tamamen ba\u011f\u0131ms\u0131z bir doktora gittim. Doktor g\u00f6zlerimin sa\u011fl\u0131kl\u0131 oldu\u011funu ve bana LASIK tedavisini tavsiye etti\u011fini s\u00f6yledi.24 Nisan 2011 tarihinde Swiss Havayollar\u0131 ile \u0130stanbul\u2019a u\u00e7tum. Havaliman\u0131nda bir limuzinle kar\u015f\u0131land\u0131k ve otele g\u00f6t\u00fcr\u00fcld\u00fck. \u015eof\u00f6r ayn\u0131 zamanda EyeStar Klini\u011fi\u2019nde \u00e7al\u0131\u015fan bir asistand\u0131. Ertesi g\u00fcn otelden al\u0131n\u0131p klini\u011fe g\u00f6t\u00fcr\u00fcld\u00fcm. Otelin klini\u011fe y\u00fcr\u00fcyerek sadece be\u015f dakika mesafede olmas\u0131 ger\u00e7ekten b\u00fcy\u00fck bir avantajd\u0131.Klinikte yap\u0131lan detayl\u0131 muayeneden sonra doktor, kornean\u0131n baz\u0131 b\u00f6lgeleri ince oldu\u011fu i\u00e7in bana LASIK yapamayaca\u011f\u0131n\u0131 s\u00f6yledi. Alternatif olarak, ayn\u0131 fiyata LASEK tedavisi \u00f6nerdi. Bunu kabul ettim ve \u00f6\u011fleden sonra i\u00e7in bir randevu ayarland\u0131. Ameliyat sorunsuz ge\u00e7ti. S\u00fcre\u00e7 boyunca \u00e7ok iyi ilgileniliyor ve her \u015fey Almanca\u2019ya \u00e7evriliyor.Operasyondan sonra tekrar otele d\u00f6nd\u00fcm ve yakla\u015f\u0131k d\u00f6rt saat uyudum. Sonras\u0131nda tekrar d\u0131\u015far\u0131 \u00e7\u0131k\u0131p \u015fehirde dola\u015fabildim ve g\u00fczel bir yemek yedim. \u0130stanbul\u2019da iki g\u00fcn daha kald\u0131\u011f\u0131m i\u00e7in her g\u00fcn kontrole gidebildim.\u0130svi\u00e7re\u2019ye d\u00f6nd\u00fckten sonra Arbon TG\u2019deki doktorumdan hemen bir kontrol randevusu ald\u0131m. LASEK\u2019te iyile\u015fme s\u00fcreci daha uzun oldu\u011fu i\u00e7in bir ay i\u00e7inde \u00fc\u00e7 kez kontrole gitmem gerekti. Kornean\u0131n \u00fcst y\u00fczeyi maalesef hen\u00fcz tamamen d\u00fczg\u00fcn de\u011fil. Bu nedenle g\u00f6r\u00fc\u015f\u00fcm \u015fu an yakla\u015f\u0131k y\u00fczde 60 seviyesinde. Ancak \u0130svi\u00e7re\u2019deki doktor, \u0130stanbul\u2019daki cerrahla telefonla g\u00f6r\u00fc\u015f\u00fcp sonraki tedavi s\u00fcrecini birlikte planlad\u0131. E\u011fer y\u00fczey tamamen d\u00fczelmezse, Premium Paket sayesinde tekrar \u0130stanbul\u2019a gidip tedavi olma hakk\u0131m var.Swisslasik.ch\u2019yi g\u00f6n\u00fcl rahatl\u0131\u011f\u0131yla tavsiye edebilirim. \u0130yile\u015fme s\u00fcreci bekledi\u011fimden biraz daha uzun s\u00fcrse de genel olarak memnun kald\u0131m.26 May\u0131s 2011Christian Lichtensteiger \u00d6nceki rapor Bir Sonraki Rapor<\/p>\n","protected":false},"author":4,"featured_media":0,"parent":3650,"menu_order":0,"comment_status":"closed","ping_status":"closed","template":"","meta":{"_joinchat":[],"footnotes":""},"class_list":["post-3672","page","type-page","status-publish","hentry"],"acf":[],"_links":{"self":[{"href":"https:\/\/swisslasik.ch\/tr\/wp-json\/wp\/v2\/pages\/3672","targetHints":{"allow":["GET"]}}],"collection":[{"href":"https:\/\/swisslasik.ch\/tr\/wp-json\/wp\/v2\/pages"}],"about":[{"href":"https:\/\/swisslasik.ch\/tr\/wp-json\/wp\/v2\/types\/page"}],"author":[{"embeddable":true,"href":"https:\/\/swisslasik.ch\/tr\/wp-json\/wp\/v2\/users\/4"}],"replies":[{"embeddable":true,"href":"https:\/\/swisslasik.ch\/tr\/wp-json\/wp\/v2\/comments?post=3672"}],"version-history":[{"count":2,"href":"https:\/\/swisslasik.ch\/tr\/wp-json\/wp\/v2\/pages\/3672\/revisions"}],"predecessor-version":[{"id":4794,"href":"https:\/\/swisslasik.ch\/tr\/wp-json\/wp\/v2\/pages\/3672\/revisions\/4794"}],"up":[{"embeddable":true,"href":"https:\/\/swisslasik.ch\/tr\/wp-json\/wp\/v2\/pages\/3650"}],"wp:attachment":[{"href":"https:\/\/swisslasik.ch\/tr\/wp-json\/wp\/v2\/media?parent=3672"}],"curies":[{"name":"wp","href":"https:\/\/api.w.org\/{rel}","templated":true}]}}