{"id":3674,"date":"2025-09-24T14:21:18","date_gmt":"2025-09-24T13:21:18","guid":{"rendered":"https:\/\/swisslasik.ch\/patientenberichte-augen-lasern\/2011-nisan-ayindaki-lazer-goez-ameliyatim-2-haziran-2011-persembe-tarihli-rapor\/"},"modified":"2026-01-14T18:58:24","modified_gmt":"2026-01-14T17:58:24","slug":"2011-nisan-ayindaki-lazer-goez-ameliyatim-2-haziran-2011-persembe-tarihli-rapor","status":"publish","type":"page","link":"https:\/\/swisslasik.ch\/tr\/patientenberichte-augen-lasern\/2011-nisan-ayindaki-lazer-goez-ameliyatim-2-haziran-2011-persembe-tarihli-rapor\/","title":{"rendered":"2011 Nisan ay\u0131ndaki lazer g\u00f6z ameliyat\u0131m \u2013 2 Haziran 2011 Per\u015fembe tarihli rapor"},"content":{"rendered":"\n<h3 class=\"wp-block-heading\">2011 Nisan ay\u0131ndaki lazer g\u00f6z ameliyat\u0131m \u2013 2 Haziran 2011 Per\u015fembe tarihli rapor<\/h3>\n\n\n\n<p>Hasta deneyimi<br>Daniel Ege<br>02.06.2011<br>Yakla\u015f\u0131k alt\u0131 y\u0131l \u00f6nce ilk kez g\u00f6zlerimi lazerle d\u00fczelttirme fikri akl\u0131ma geldi. O zamanlar h\u00e2l\u00e2 e\u011fitimdeydim ve maddi olarak bu hayalimi ger\u00e7ekle\u015ftirmem m\u00fcmk\u00fcn de\u011fildi. Bu y\u00fczden -4,25 diyoptri ile g\u00f6zl\u00fck ve her t\u00fcrl\u00fc kontakt lensle idare etmeye devam ettim. Ancak kontakt lens kullanan herkes bu sorunlar\u0131 bilir. Bir yere uzun s\u00fcreli gitti\u011finizde lensleri yan\u0131n\u0131za almay\u0131 unutmaman\u0131z gerekir, g\u00f6zl\u00fck de her zaman \u00e7antada olmal\u0131d\u0131r. Y\u00fczerken lensler kolayca kaybolur ya da g\u00f6zl\u00fckle suya girilemedi\u011fi i\u00e7in hi\u00e7bir \u015fey g\u00f6remezsiniz.<br>Ge\u00e7en y\u0131l\u0131n Aral\u0131k ay\u0131ndan itibaren bu konu yeniden g\u00fcndemime geldi. Nisan ay\u0131nda i\u015f de\u011fi\u015ftirecektim ve kendime bir ayl\u0131k ara vermi\u015ftim. Bu da g\u00f6zlerimi lazerle d\u00fczelttirmek i\u00e7in do\u011fru zaman oldu. Bir\u00e7ok firmadan bilgi ald\u0131m ve daha \u00f6nce bu operasyonu yapt\u0131rm\u0131\u015f ki\u015filerle konu\u015ftum. Hepsi memnundu. Ancak ben biraz \u015f\u00fcpheci biriyim, bu bana yetmedi. Bu y\u00fczden birebir g\u00f6r\u00fc\u015fme yapabilece\u011fim bir yer arad\u0131m ve Swisslasik\u2019te bu imk\u00e2n\u0131 buldum. Orada akl\u0131mdaki t\u00fcm sorular\u0131 sorabildim ve hepsi net bir \u015fekilde cevapland\u0131.<br>5 Nisan tarihini se\u00e7tim, \u00e7\u00fcnk\u00fc o tarihte Almanca konu\u015fan bir grup organize edilmi\u015fti. 4 Nisan\u2019da \u0130stanbul\u2019a vard\u0131k. G\u00fcn\u00fcn geri kalan\u0131nda \u00e7evreyi tan\u0131mak i\u00e7in serbest zaman\u0131m\u0131z vard\u0131. 5 Nisan sabah\u0131 \u00f6n muayeneler yap\u0131ld\u0131 ve ameliyata uygun olup olmad\u0131\u011f\u0131m\u0131z belirlendi. Ben \u0130svi\u00e7re\u2019de zaten b\u00f6yle bir \u00f6n muayene yapt\u0131rm\u0131\u015ft\u0131m, bo\u015funa \u0130stanbul\u2019a gitmek istememi\u015ftim. Bu muayenede, retina \u00fczerinde baz\u0131 zay\u0131f noktalar oldu\u011fu ve \u00f6nce bunlar\u0131n g\u00fc\u00e7lendirilmesi gerekti\u011fi tespit edildi. Bu i\u015flem hemen yap\u0131ld\u0131. Daha sonra \u0130stanbul\u2019a gidildi. Orada da tekrar ameliyata uygun oldu\u011fum s\u00f6ylendi.<br>Ameliyat \u00f6\u011fleden sonra planlanm\u0131\u015ft\u0131. Hepimize \u00e7ok k\u00fc\u00e7\u00fck bir sakinle\u015ftirici verildi, san\u0131r\u0131m hepimizin buna ihtiyac\u0131 vard\u0131. Ard\u0131ndan beyaz, steril ve sakin bir odaya al\u0131nd\u0131k. D\u00f6rt ki\u015fiden ilki ameliyata girdi ve yakla\u015f\u0131k 20 dakika sonra geri \u00e7\u0131kt\u0131. Ben en son girdim. Haz\u0131rl\u0131k s\u0131ras\u0131nda dizlerim titriyordu ve h\u00e2l\u00e2 vazge\u00e7mek i\u00e7in ge\u00e7 olmad\u0131\u011f\u0131n\u0131 d\u00fc\u015f\u00fcn\u00fcyordum. Sonra her \u015feyi ak\u0131\u015f\u0131na b\u0131rakt\u0131m.<br>\u00d6nce steril k\u0131yafetler giydirildi, ard\u0131ndan g\u00f6z damlalar\u0131 verildi ve her \u015fey \u00e7ok h\u0131zl\u0131 ilerledi. Ameliyat masas\u0131na al\u0131nd\u0131m, uzand\u0131m ve lazerin alt\u0131na g\u00f6t\u00fcr\u00fcld\u00fcm. Ameliyat a\u011fr\u0131s\u0131zd\u0131, sadece g\u00f6ze dokunuldu\u011funda biraz rahats\u0131z edici bir his vard\u0131. Lasik\u2019te yap\u0131lan kesiyi hissediyorsunuz ama ac\u0131tm\u0131yor. Lazer s\u0131ras\u0131nda k\u0131sa s\u00fcreli, yan\u0131k gibi keskin bir koku geliyor. Onun d\u0131\u015f\u0131nda hi\u00e7bir \u015fey hissedilmiyor. Lazer i\u015flemi g\u00f6z ba\u015f\u0131na yakla\u015f\u0131k 18 saniye s\u00fcrd\u00fc. En ilgin\u00e7 olan \u015fey, lamelin tekrar g\u00f6z\u00fcn \u00fczerine kapat\u0131lmas\u0131n\u0131 g\u00f6rebilmekti. Ve i\u015flem bitmi\u015fti.<br>Aya\u011fa kalkar kalkmaz merakla g\u00f6zlerimi \u00e7ok dikkatli bir \u015fekilde a\u00e7t\u0131m. Ve mucize\u2026 Her \u015feyi net g\u00f6r\u00fcyordum. Biraz pusluydu ama \u00e7ok keskin bir g\u00f6r\u00fc\u015f vard\u0131. Hep s\u00f6ylenen kama\u015fma hissini de ya\u015famad\u0131m. Daha sonra dinlenme odas\u0131na al\u0131nd\u0131m ama orada bile be\u015f dakika kalmad\u0131m. Kendimi r\u00fcyadaym\u0131\u015f gibi hissediyordum. Grubun yan\u0131na d\u00f6nd\u00fc\u011f\u00fcmde hemen eve her \u015feyin yolunda gitti\u011fini anlatan bir mesaj att\u0131m. Ard\u0131ndan yap\u0131lan kontrolde doktorlar \u00e7ok memnundu. Ben de kendimi yeniden do\u011fmu\u015f gibi hissettim.<br>Sonra otele gidip uyuduk, \u00e7\u00fcnk\u00fc b\u00fct\u00fcn bu gerginlik insan\u0131 ger\u00e7ekten yoruyor. Ak\u015fam d\u0131\u015far\u0131 \u00e7\u0131k\u0131p bir \u015feyler i\u00e7tik ve yeni g\u00f6r\u00fc\u015f\u00fcm\u00fcz\u00fcn keyfini \u00e7\u0131kard\u0131k. \u00dc\u00e7\u00fcnc\u00fc g\u00fcn son bir kontrol vard\u0131. S\u0131ram\u0131z\u0131 beklerken biz bile kendi kendimize g\u00f6r\u00fc\u015f\u00fcm\u00fcz\u00fc test etmeye ba\u015flad\u0131k, uzaktaki araba plakalar\u0131n\u0131 okumaya \u00e7al\u0131\u015ft\u0131k. Sonu\u00e7 ger\u00e7ekten etkileyiciydi. Herkesin kontrol\u00fc olumlu ge\u00e7tikten sonra \u0130stanbul\u2019da k\u00fc\u00e7\u00fck bir gezi yapt\u0131k. Komik olan, her saat ba\u015f\u0131 damla kullanmam\u0131z gerekiyordu ve bunu hep birlikte yap\u0131yorduk, nerede olursak olal\u0131m. Restoranda bile ayn\u0131 damlay\u0131 kullanan ba\u015fka insanlarla kar\u015f\u0131la\u015f\u0131yorduk ve onlar\u0131 hemen tan\u0131yorduk.<br>Genel olarak her \u015feyden \u00e7ok memnunum. Sadece k\u00fc\u00e7\u00fck bir tavsiye: e\u011fer bu i\u015fi ciddiye al\u0131yorsan\u0131z, ameliyattan \u00f6nce YouTube\u2019da yak\u0131ndan \u00e7ekilmi\u015f g\u00f6z lazeri videolar\u0131n\u0131 izlemeyin. G\u00f6r\u00fcnt\u00fcler ger\u00e7ekte oldu\u011fundan \u00e7ok daha korkutucu ve insan\u0131 gereksiz yere geriyor.<br>Bug\u00fcn, yakla\u015f\u0131k iki ay sonra, tekrar \u00e7al\u0131\u015f\u0131yorum, aktif olarak spor yap\u0131yorum ve bunu yeni g\u00f6r\u00fc\u015f\u00fcmle yap\u0131yorum. Harika bir duygu.<br>\u0130yi bir g\u00f6r\u00fc\u015fe!<br>Daniel Ege<\/p>\n\n\n\n<div class=\"wp-block-group is-layout-grid wp-container-core-group-is-layout-baef362d wp-block-group-is-layout-grid\">\n<p><a href=\"https:\/\/medicaltravel.at\/home\/agb\/\" data-type=\"page\" data-id=\"2191\" rel=\"nofollow noopener\" target=\"_blank\"><\/a><a href=\"https:\/\/swisslasik.ch\/tr\/patientenberichte-augen-lasern\/istanbuldaki-dis-tedavim-4-haziran-2011-cumartesi-tarihli-rapor\/\" data-type=\"link\" data-id=\"https:\/\/swisslasik.ch\/tr\/patientenberichte-augen-lasern\/istanbuldaki-dis-tedavim-4-haziran-2011-cumartesi-tarihli-rapor\/\">\u00d6nceki rapor<\/a><\/p>\n\n\n\n<p class=\"has-text-align-right wp-container-content-5e2576f9\"><a href=\"https:\/\/medicaltravel.at\/home\/impressum\/\" data-type=\"page\" data-id=\"2193\" rel=\"nofollow noopener\" target=\"_blank\"><\/a><a href=\"https:\/\/medicaltravel.at\/home\/berichte-von-patienten\/erfahrungsberichte\/erfahrungsbericht-zahnbehandlung-in-istanbul\/\" data-type=\"page\" data-id=\"981\" rel=\"nofollow noopener\" target=\"_blank\"><\/a><a href=\"https:\/\/swisslasik.ch\/tr\/patientenberichte-augen-lasern\/istanbuldaki-lasek-deneyimim-26-mayis-2011-persembe-tarihli-rapor\/\" data-type=\"link\" data-id=\"https:\/\/swisslasik.ch\/patientenberichte-augen-lasern\/mein-erfahrungsbericht-mit-lasek-in-istanbul-bericht-vom-donnerstag-26-mai-2011\/\">Bir Sonraki Rapor<br><\/a><\/p>\n<\/div>\n","protected":false},"excerpt":{"rendered":"<p>2011 Nisan ay\u0131ndaki lazer g\u00f6z ameliyat\u0131m \u2013 2 Haziran 2011 Per\u015fembe tarihli rapor Hasta deneyimiDaniel Ege02.06.2011Yakla\u015f\u0131k alt\u0131 y\u0131l \u00f6nce ilk kez g\u00f6zlerimi lazerle d\u00fczelttirme fikri akl\u0131ma geldi. O zamanlar h\u00e2l\u00e2 e\u011fitimdeydim ve maddi olarak bu hayalimi ger\u00e7ekle\u015ftirmem m\u00fcmk\u00fcn de\u011fildi. Bu y\u00fczden -4,25 diyoptri ile g\u00f6zl\u00fck ve her t\u00fcrl\u00fc kontakt lensle idare etmeye devam ettim. Ancak kontakt lens kullanan herkes bu sorunlar\u0131 bilir. Bir yere uzun s\u00fcreli gitti\u011finizde lensleri yan\u0131n\u0131za almay\u0131 unutmaman\u0131z gerekir, g\u00f6zl\u00fck de her zaman \u00e7antada olmal\u0131d\u0131r. Y\u00fczerken lensler kolayca kaybolur ya da g\u00f6zl\u00fckle suya girilemedi\u011fi i\u00e7in hi\u00e7bir \u015fey g\u00f6remezsiniz.Ge\u00e7en y\u0131l\u0131n Aral\u0131k ay\u0131ndan itibaren bu konu yeniden g\u00fcndemime geldi. Nisan ay\u0131nda i\u015f de\u011fi\u015ftirecektim ve kendime bir ayl\u0131k ara vermi\u015ftim. Bu da g\u00f6zlerimi lazerle d\u00fczelttirmek i\u00e7in do\u011fru zaman oldu. Bir\u00e7ok firmadan bilgi ald\u0131m ve daha \u00f6nce bu operasyonu yapt\u0131rm\u0131\u015f ki\u015filerle konu\u015ftum. Hepsi memnundu. Ancak ben biraz \u015f\u00fcpheci biriyim, bu bana yetmedi. Bu y\u00fczden birebir g\u00f6r\u00fc\u015fme yapabilece\u011fim bir yer arad\u0131m ve Swisslasik\u2019te bu imk\u00e2n\u0131 buldum. Orada akl\u0131mdaki t\u00fcm sorular\u0131 sorabildim ve hepsi net bir \u015fekilde cevapland\u0131.5 Nisan tarihini se\u00e7tim, \u00e7\u00fcnk\u00fc o tarihte Almanca konu\u015fan bir grup organize edilmi\u015fti. 4 Nisan\u2019da \u0130stanbul\u2019a vard\u0131k. G\u00fcn\u00fcn geri kalan\u0131nda \u00e7evreyi tan\u0131mak i\u00e7in serbest zaman\u0131m\u0131z vard\u0131. 5 Nisan sabah\u0131 \u00f6n muayeneler yap\u0131ld\u0131 ve ameliyata uygun olup olmad\u0131\u011f\u0131m\u0131z belirlendi. Ben \u0130svi\u00e7re\u2019de zaten b\u00f6yle bir \u00f6n muayene yapt\u0131rm\u0131\u015ft\u0131m, bo\u015funa \u0130stanbul\u2019a gitmek istememi\u015ftim. Bu muayenede, retina \u00fczerinde baz\u0131 zay\u0131f noktalar oldu\u011fu ve \u00f6nce bunlar\u0131n g\u00fc\u00e7lendirilmesi gerekti\u011fi tespit edildi. Bu i\u015flem hemen yap\u0131ld\u0131. Daha sonra \u0130stanbul\u2019a gidildi. Orada da tekrar ameliyata uygun oldu\u011fum s\u00f6ylendi.Ameliyat \u00f6\u011fleden sonra planlanm\u0131\u015ft\u0131. Hepimize \u00e7ok k\u00fc\u00e7\u00fck bir sakinle\u015ftirici verildi, san\u0131r\u0131m hepimizin buna ihtiyac\u0131 vard\u0131. Ard\u0131ndan beyaz, steril ve sakin bir odaya al\u0131nd\u0131k. D\u00f6rt ki\u015fiden ilki ameliyata girdi ve yakla\u015f\u0131k 20 dakika sonra geri \u00e7\u0131kt\u0131. Ben en son girdim. Haz\u0131rl\u0131k s\u0131ras\u0131nda dizlerim titriyordu ve h\u00e2l\u00e2 vazge\u00e7mek i\u00e7in ge\u00e7 olmad\u0131\u011f\u0131n\u0131 d\u00fc\u015f\u00fcn\u00fcyordum. Sonra her \u015feyi ak\u0131\u015f\u0131na b\u0131rakt\u0131m.\u00d6nce steril k\u0131yafetler giydirildi, ard\u0131ndan g\u00f6z damlalar\u0131 verildi ve her \u015fey \u00e7ok h\u0131zl\u0131 ilerledi. Ameliyat masas\u0131na al\u0131nd\u0131m, uzand\u0131m ve lazerin alt\u0131na g\u00f6t\u00fcr\u00fcld\u00fcm. Ameliyat a\u011fr\u0131s\u0131zd\u0131, sadece g\u00f6ze dokunuldu\u011funda biraz rahats\u0131z edici bir his vard\u0131. Lasik\u2019te yap\u0131lan kesiyi hissediyorsunuz ama ac\u0131tm\u0131yor. Lazer s\u0131ras\u0131nda k\u0131sa s\u00fcreli, yan\u0131k gibi keskin bir koku geliyor. Onun d\u0131\u015f\u0131nda hi\u00e7bir \u015fey hissedilmiyor. Lazer i\u015flemi g\u00f6z ba\u015f\u0131na yakla\u015f\u0131k 18 saniye s\u00fcrd\u00fc. En ilgin\u00e7 olan \u015fey, lamelin tekrar g\u00f6z\u00fcn \u00fczerine kapat\u0131lmas\u0131n\u0131 g\u00f6rebilmekti. Ve i\u015flem bitmi\u015fti.Aya\u011fa kalkar kalkmaz merakla g\u00f6zlerimi \u00e7ok dikkatli bir \u015fekilde a\u00e7t\u0131m. Ve mucize\u2026 Her \u015feyi net g\u00f6r\u00fcyordum. Biraz pusluydu ama \u00e7ok keskin bir g\u00f6r\u00fc\u015f vard\u0131. Hep s\u00f6ylenen kama\u015fma hissini de ya\u015famad\u0131m. Daha sonra dinlenme odas\u0131na al\u0131nd\u0131m ama orada bile be\u015f dakika kalmad\u0131m. Kendimi r\u00fcyadaym\u0131\u015f gibi hissediyordum. Grubun yan\u0131na d\u00f6nd\u00fc\u011f\u00fcmde hemen eve her \u015feyin yolunda gitti\u011fini anlatan bir mesaj att\u0131m. Ard\u0131ndan yap\u0131lan kontrolde doktorlar \u00e7ok memnundu. Ben de kendimi yeniden do\u011fmu\u015f gibi hissettim.Sonra otele gidip uyuduk, \u00e7\u00fcnk\u00fc b\u00fct\u00fcn bu gerginlik insan\u0131 ger\u00e7ekten yoruyor. Ak\u015fam d\u0131\u015far\u0131 \u00e7\u0131k\u0131p bir \u015feyler i\u00e7tik ve yeni g\u00f6r\u00fc\u015f\u00fcm\u00fcz\u00fcn keyfini \u00e7\u0131kard\u0131k. \u00dc\u00e7\u00fcnc\u00fc g\u00fcn son bir kontrol vard\u0131. S\u0131ram\u0131z\u0131 beklerken biz bile kendi kendimize g\u00f6r\u00fc\u015f\u00fcm\u00fcz\u00fc test etmeye ba\u015flad\u0131k, uzaktaki araba plakalar\u0131n\u0131 okumaya \u00e7al\u0131\u015ft\u0131k. Sonu\u00e7 ger\u00e7ekten etkileyiciydi. Herkesin kontrol\u00fc olumlu ge\u00e7tikten sonra \u0130stanbul\u2019da k\u00fc\u00e7\u00fck bir gezi yapt\u0131k. Komik olan, her saat ba\u015f\u0131 damla kullanmam\u0131z gerekiyordu ve bunu hep birlikte yap\u0131yorduk, nerede olursak olal\u0131m. Restoranda bile ayn\u0131 damlay\u0131 kullanan ba\u015fka insanlarla kar\u015f\u0131la\u015f\u0131yorduk ve onlar\u0131 hemen tan\u0131yorduk.Genel olarak her \u015feyden \u00e7ok memnunum. Sadece k\u00fc\u00e7\u00fck bir tavsiye: e\u011fer bu i\u015fi ciddiye al\u0131yorsan\u0131z, ameliyattan \u00f6nce YouTube\u2019da yak\u0131ndan \u00e7ekilmi\u015f g\u00f6z lazeri videolar\u0131n\u0131 izlemeyin. G\u00f6r\u00fcnt\u00fcler ger\u00e7ekte oldu\u011fundan \u00e7ok daha korkutucu ve insan\u0131 gereksiz yere geriyor.Bug\u00fcn, yakla\u015f\u0131k iki ay sonra, tekrar \u00e7al\u0131\u015f\u0131yorum, aktif olarak spor yap\u0131yorum ve bunu yeni g\u00f6r\u00fc\u015f\u00fcmle yap\u0131yorum. Harika bir duygu.\u0130yi bir g\u00f6r\u00fc\u015fe!Daniel Ege \u00d6nceki rapor Bir Sonraki Rapor<\/p>\n","protected":false},"author":4,"featured_media":0,"parent":3650,"menu_order":0,"comment_status":"closed","ping_status":"closed","template":"","meta":{"_joinchat":[],"footnotes":""},"class_list":["post-3674","page","type-page","status-publish","hentry"],"acf":[],"_links":{"self":[{"href":"https:\/\/swisslasik.ch\/tr\/wp-json\/wp\/v2\/pages\/3674","targetHints":{"allow":["GET"]}}],"collection":[{"href":"https:\/\/swisslasik.ch\/tr\/wp-json\/wp\/v2\/pages"}],"about":[{"href":"https:\/\/swisslasik.ch\/tr\/wp-json\/wp\/v2\/types\/page"}],"author":[{"embeddable":true,"href":"https:\/\/swisslasik.ch\/tr\/wp-json\/wp\/v2\/users\/4"}],"replies":[{"embeddable":true,"href":"https:\/\/swisslasik.ch\/tr\/wp-json\/wp\/v2\/comments?post=3674"}],"version-history":[{"count":2,"href":"https:\/\/swisslasik.ch\/tr\/wp-json\/wp\/v2\/pages\/3674\/revisions"}],"predecessor-version":[{"id":4793,"href":"https:\/\/swisslasik.ch\/tr\/wp-json\/wp\/v2\/pages\/3674\/revisions\/4793"}],"up":[{"embeddable":true,"href":"https:\/\/swisslasik.ch\/tr\/wp-json\/wp\/v2\/pages\/3650"}],"wp:attachment":[{"href":"https:\/\/swisslasik.ch\/tr\/wp-json\/wp\/v2\/media?parent=3674"}],"curies":[{"name":"wp","href":"https:\/\/api.w.org\/{rel}","templated":true}]}}