{"id":3677,"date":"2025-09-24T14:15:41","date_gmt":"2025-09-24T13:15:41","guid":{"rendered":"https:\/\/swisslasik.ch\/patientenberichte-augen-lasern\/istanbul-acibadem-hastanesinde-18-ekim-2011-tarihinde-gecirdigim-lazer-goez-ameliyatim-29-kasim-2011-sali-tarihli-rapor\/"},"modified":"2026-01-14T18:51:24","modified_gmt":"2026-01-14T17:51:24","slug":"istanbul-acibadem-hastanesinde-18-ekim-2011-tarihinde-gecirdigim-lazer-goez-ameliyatim-29-kasim-2011-sali-tarihli-rapor","status":"publish","type":"page","link":"https:\/\/swisslasik.ch\/tr\/patientenberichte-augen-lasern\/istanbul-acibadem-hastanesinde-18-ekim-2011-tarihinde-gecirdigim-lazer-goez-ameliyatim-29-kasim-2011-sali-tarihli-rapor\/","title":{"rendered":"\u0130stanbul Ac\u0131badem Hastanesi&#8217;nde 18 Ekim 2011 tarihinde ge\u00e7irdi\u011fim lazer g\u00f6z ameliyat\u0131m \u2013 29 Kas\u0131m 2011 Sal\u0131 tarihli rapor."},"content":{"rendered":"\n<h3 class=\"wp-block-heading\">\u0130stanbul Ac\u0131badem Hastanesi&#8217;nde 18 Ekim 2011 tarihinde ge\u00e7irdi\u011fim lazer g\u00f6z ameliyat\u0131m \u2013 29 Kas\u0131m 2011 Sal\u0131 tarihli rapor.<\/h3>\n\n\n\n<p>\u015eu anda 23 ya\u015f\u0131nday\u0131m ve 14 ya\u015f\u0131mdan beri g\u00f6zl\u00fck kullan\u0131yordum. Ba\u015flang\u0131\u00e7ta sadece hafif bir g\u00f6rme bozuklu\u011fum vard\u0131, ancak bu durum her y\u0131l biraz daha k\u00f6t\u00fcle\u015fti. Bir noktadan sonra g\u00f6zl\u00fcks\u00fcz neredeyse hi\u00e7bir \u015fey g\u00f6remez oldum ve g\u00f6zl\u00fc\u011f\u00fc s\u00fcrekli takmak zorunda kald\u0131m. Bu y\u00fczden yakla\u015f\u0131k 5 y\u0131l \u00f6nce kontakt lens kullanmaya ba\u015flad\u0131m. Lensleri spor yaparken, y\u00fczerken ve d\u0131\u015far\u0131 \u00e7\u0131karken kullan\u0131yordum. Ancak maalesef lenslerle hi\u00e7bir zaman tam anlam\u0131yla iyi anla\u015famad\u0131m. Uzun s\u00fcre takt\u0131\u011f\u0131mda g\u00f6zlerimi rahats\u0131z ediyordu. Bu durum hem \u00e7ok zahmetliydi hem de yorucuydu.<br>G\u00f6z lazeri hakk\u0131nda internette defalarca ara\u015ft\u0131rma yapm\u0131\u015ft\u0131m. Bu yaz ise konuyu ger\u00e7ekten ciddiye ald\u0131m. G\u00f6zlerim art\u0131k iki y\u0131ldan uzun s\u00fcredir ilerlemedi\u011fi i\u00e7in daha fazla beklemek i\u00e7in bir sebep g\u00f6rmedim. Swisslasik.ch sitesini bir s\u00fcredir biliyordum ve sunduklar\u0131 paket, hizmet anlay\u0131\u015f\u0131 ve fiyatlar beni ikna etti. \u0130svi\u00e7re\u2019de ayn\u0131 operasyon i\u00e7in iki kat\u0131ndan fazla para \u00f6demek yerine, T\u00fcrkiye\u2019de ameliyat olup bunu ayn\u0131 zamanda bir \u015fehir gezisiyle birle\u015ftirmek bana \u00e7ok mant\u0131kl\u0131 geldi.<br>Birka\u00e7 e-posta yaz\u0131\u015fmas\u0131ndan sonra Say\u0131n Karaaga\u00e7li\u2019ye ba\u015fvurdum ve k\u0131sa bir s\u00fcre sonra beni yaln\u0131z b\u0131rakmayan annemle birlikte \u0130stanbul u\u00e7a\u011f\u0131nda buldum kendimi. Turkish Airlines ile keyifli bir u\u00e7u\u015fun ard\u0131ndan, havaliman\u0131nda bizi klinikten bir g\u00f6revli kar\u015f\u0131lad\u0131 ve otele g\u00f6t\u00fcrd\u00fc. Otelin al\u0131\u015fveri\u015f caddesine \u00e7ok yak\u0131n olmas\u0131 bizim i\u00e7in b\u00fcy\u00fck bir art\u0131yd\u0131. Oda \u00e7ok \u015firin d\u00f6\u015fenmi\u015fti ve otel personeli son derece g\u00fcler y\u00fczl\u00fcyd\u00fc.<br>Ertesi sabah tam zaman\u0131nda, hatta biraz erken, otelden al\u0131nd\u0131k ve Ac\u0131badem Klini\u011fi\u2019ne g\u00f6t\u00fcr\u00fcld\u00fck. Orada Almancay\u0131 m\u00fckemmel konu\u015fan bir g\u00f6revli bizi kar\u015f\u0131lad\u0131 ve g\u00fcn boyunca terc\u00fcman olarak yan\u0131m\u0131zda kald\u0131. Sabah saatlerinde \u00f6n muayene yap\u0131ld\u0131. \u0130svi\u00e7re\u2019deki \u00f6n muayenede s\u00f6ylenenler burada da do\u011fruland\u0131, g\u00f6zlerim operasyon i\u00e7in uygundu.<br>Yakla\u015f\u0131k 3 saatlik bir \u00f6\u011fle aras\u0131ndan sonra ameliyat haz\u0131rl\u0131klar\u0131 ba\u015flad\u0131. Ameliyat \u00f6nl\u00fc\u011f\u00fc, hijyenik ayakkab\u0131lar ve birka\u00e7 g\u00f6z damlas\u0131 verildikten sonra ameliyathaneye al\u0131nd\u0131m. Tamamen bilincim a\u00e7\u0131kt\u0131. Doktor bana sakin olmam\u0131 ve ye\u015fil noktaya bakmam\u0131 s\u00f6yledi. G\u00f6zlerim k\u0131rpmamam i\u00e7in sabitlendi ve i\u015flem ba\u015flad\u0131. Sol g\u00f6z\u00fcm ye\u015fil noktaya bakmakta zorland\u0131 ve s\u00fcrekli hareket etti. Ancak lazer cihaz\u0131 bu duruma kar\u015f\u0131 haz\u0131r oldu\u011fu i\u00e7in herhangi bir sorun ya\u015fanmad\u0131.<br>Yakla\u015f\u0131k 20 dakika sonra her iki g\u00f6z\u00fcm de lazerle tedavi edilmi\u015fti. Operasyon biraz rahats\u0131z ediciydi ama katlan\u0131labilirdi. Ard\u0131ndan koruyucu bir g\u00f6zl\u00fckle d\u0131\u015far\u0131 \u00e7\u0131kar\u0131ld\u0131m. Annem de \u00f6n muayeneyi yapt\u0131rm\u0131\u015f ve daha sonra neredeyse spontan bir \u015fekilde ameliyat olmaya karar verdi\u011fi i\u00e7in ikimiz pe\u015f pe\u015fe ameliyat edildik. Bununla ilgili ayr\u0131 bir deneyim yaz\u0131s\u0131 da mevcut.<br>Ameliyattan hemen sonra g\u00f6zlerimi a\u00e7mama izin verildi. Ancak her \u015fey olduk\u00e7a bulan\u0131kt\u0131. G\u00f6zlerim yan\u0131yordu ve sanki i\u00e7lerinde kum taneleri varm\u0131\u015f gibi bir his vard\u0131.                                   Ameliyattan sonraki ilk yar\u0131m saat biraz zahmetli ge\u00e7iyor. Burun s\u00fcrekli ak\u0131yor, \u00e7\u00fcnk\u00fc operasyon s\u0131ras\u0131nda g\u00f6zya\u015f\u0131 kanal\u0131 da etkileniyor. K\u0131sa bir s\u00fcre sonra g\u00f6z doktorundan g\u00f6z damlalar\u0131n\u0131 al\u0131yoruz ve hemen kendimi \u00e7ok daha iyi hissetmeye ba\u015fl\u0131yorum. Daha sonra shuttle servisini beklemek \u00fczere klini\u011fin lobisine al\u0131n\u0131yoruz. Bu s\u0131rada tekerlekli sandalyedeki bir beyefendi bizimle konu\u015fuyor ve g\u00f6zlerimizi lazerle d\u00fczelttirip d\u00fczelttirmedi\u011fimizi soruyor. Kendisi Libyal\u0131ym\u0131\u015f ve Libya\u2019da da bir g\u00f6z lazer klini\u011fi varm\u0131\u015f. Libya\u2019da vuruldu\u011fu i\u00e7in \u015fu anda Ac\u0131badem Klini\u011fi\u2019nde rehabilitasyon g\u00f6r\u00fcyormu\u015f. Bu kar\u015f\u0131la\u015fma, klini\u011fin ger\u00e7ekten ne kadar \u00fcst d\u00fczey oldu\u011funu bize bir kez daha kan\u0131tl\u0131yor.<br>Otele d\u00f6nd\u00fc\u011f\u00fcm\u00fczde uzan\u0131yoruz ve g\u00f6zlerimizi m\u00fcmk\u00fcn oldu\u011funca a\u00e7mamaya \u00e7al\u0131\u015f\u0131yoruz, \u00e7\u00fcnk\u00fc h\u00e2l\u00e2 olduk\u00e7a rahats\u0131z edici bir his var. \u00d6n\u00fcm\u00fczdeki 6 saat boyunca, uyuyana kadar her saat ba\u015f\u0131 re\u00e7ete edilen g\u00f6z damlalar\u0131n\u0131 kullanmam\u0131z gerekiyor. Ertesi sabah uyand\u0131\u011f\u0131mda ise t\u00fcm a\u011fr\u0131lar ve rahats\u0131zl\u0131klar tamamen unutulmu\u015f oluyor. Uyan\u0131yorum ve\u2026 g\u00f6rebiliyorum. Sadece g\u00f6rebiliyorum. G\u00f6zl\u00fcks\u00fcz. Bu inan\u0131lmaz bir his.<br>Yine tam zaman\u0131nda, hatta erkenden, kontrol muayenesi i\u00e7in al\u0131n\u0131yoruz. G\u00f6z doktoru g\u00f6zlerime k\u0131saca bak\u0131yor ve her \u015feyin \u00e7ok iyi gitti\u011fini, \u015fehir turuna \u00e7\u0131kabilece\u011fimi s\u00f6yl\u00fcyor \ud83d\ude42 Neyse ki seyahatimizi esnek \u015fekilde ayarlayabilmi\u015ftik ve toplamda 5 gece kal\u0131yoruz. \u015eehirde g\u00f6r\u00fclecek o kadar \u00e7ok \u015fey var ki. Camiler, b\u00fcy\u00fckl\u00fckleri ve g\u00fczellikleriyle beni ger\u00e7ekten b\u00fcy\u00fcledi. \u00d6zellikle kad\u0131nlar i\u00e7in \u0130stanbul tam bir al\u0131\u015fveri\u015f cenneti. \u0130nsanlar son derece s\u0131cak, yard\u0131msever ve misafirperver.<br>Bug\u00fcn, ameliyattan yakla\u015f\u0131k 6 hafta sonra, g\u00f6zl\u00fcks\u00fcz ve lenssiz yeni hayat\u0131m\u0131n tad\u0131n\u0131 \u00e7\u0131kar\u0131yorum. Art\u0131k neredeyse tamamen do\u011fal geliyor; sanki hep b\u00f6yleymi\u015f gibi, g\u00f6zl\u00fcks\u00fcz g\u00f6rmeye al\u0131\u015ft\u0131m ve g\u00f6zl\u00fckle ya\u015faman\u0131n nas\u0131l oldu\u011funu neredeyse unuttum bile \ud83d\ude42 Bu operasyonu herkese g\u00f6n\u00fcl rahatl\u0131\u011f\u0131yla tavsiye edebilirim. Swisslasik, bu ad\u0131m\u0131 atmamda kesinlikle \u201cpay sahibi\u201d ve bunun i\u00e7in onlara \u00e7ok minnettar\u0131m.<br>Manuela Camenzind<br>29 Kas\u0131m 2011                      <\/p>\n\n\n\n<figure class=\"wp-block-image size-full\"><img decoding=\"async\" width=\"120\" height=\"90\" src=\"https:\/\/swisslasik.ch\/wp-content\/uploads\/2025\/09\/csm_Ausblick_ueber_die_Stadt__2__c1653d565b.jpg\" alt=\"\" class=\"wp-image-505\"\/><\/figure>\n\n\n\n<div class=\"wp-block-group is-layout-grid wp-container-core-group-is-layout-baef362d wp-block-group-is-layout-grid\">\n<p><a href=\"https:\/\/medicaltravel.at\/home\/agb\/\" data-type=\"page\" data-id=\"2191\" rel=\"nofollow noopener\" target=\"_blank\"><\/a><a href=\"https:\/\/swisslasik.ch\/tr\/patientenberichte-augen-lasern\/istanbulda-lazer-goez-ameliyati-hayatimin-en-iyi-kararlarindan-biriydi-30-kasim-2011-carsamba-tarihli-rapor\/\" data-type=\"link\" data-id=\"https:\/\/swisslasik.ch\/patientenberichte-augen-lasern\/augenlasern-in-istanbul-eine-meiner-besten-entscheidungen-bericht-vom-mittwoch-30-november-2011\/\">\u00d6nceki rapor<\/a><\/p>\n\n\n\n<p class=\"has-text-align-right wp-container-content-5e2576f9\"><a href=\"https:\/\/medicaltravel.at\/home\/impressum\/\" data-type=\"page\" data-id=\"2193\" rel=\"nofollow noopener\" target=\"_blank\"><\/a><a href=\"https:\/\/medicaltravel.at\/home\/berichte-von-patienten\/erfahrungsberichte\/erfahrungsbericht-zahnbehandlung-in-istanbul\/\" data-type=\"page\" data-id=\"981\" rel=\"nofollow noopener\" target=\"_blank\"><\/a><a href=\"https:\/\/swisslasik.ch\/tr\/patientenberichte-augen-lasern\/istanbuldaki-lasik-tedavim-17-agustos-2011-carsamba-tarihli-rapor\/\" data-type=\"link\" data-id=\"https:\/\/swisslasik.ch\/tr\/patientenberichte-augen-lasern\/istanbuldaki-lasik-tedavim-17-agustos-2011-carsamba-tarihli-rapor\/\">Bir Sonraki Rapor<br><\/a><\/p>\n<\/div>\n","protected":false},"excerpt":{"rendered":"<p>\u0130stanbul Ac\u0131badem Hastanesi&#8217;nde 18 Ekim 2011 tarihinde ge\u00e7irdi\u011fim lazer g\u00f6z ameliyat\u0131m \u2013 29 Kas\u0131m 2011 Sal\u0131 tarihli rapor. \u015eu anda 23 ya\u015f\u0131nday\u0131m ve 14 ya\u015f\u0131mdan beri g\u00f6zl\u00fck kullan\u0131yordum. Ba\u015flang\u0131\u00e7ta sadece hafif bir g\u00f6rme bozuklu\u011fum vard\u0131, ancak bu durum her y\u0131l biraz daha k\u00f6t\u00fcle\u015fti. Bir noktadan sonra g\u00f6zl\u00fcks\u00fcz neredeyse hi\u00e7bir \u015fey g\u00f6remez oldum ve g\u00f6zl\u00fc\u011f\u00fc s\u00fcrekli takmak zorunda kald\u0131m. Bu y\u00fczden yakla\u015f\u0131k 5 y\u0131l \u00f6nce kontakt lens kullanmaya ba\u015flad\u0131m. Lensleri spor yaparken, y\u00fczerken ve d\u0131\u015far\u0131 \u00e7\u0131karken kullan\u0131yordum. Ancak maalesef lenslerle hi\u00e7bir zaman tam anlam\u0131yla iyi anla\u015famad\u0131m. Uzun s\u00fcre takt\u0131\u011f\u0131mda g\u00f6zlerimi rahats\u0131z ediyordu. Bu durum hem \u00e7ok zahmetliydi hem de yorucuydu.G\u00f6z lazeri hakk\u0131nda internette defalarca ara\u015ft\u0131rma yapm\u0131\u015ft\u0131m. Bu yaz ise konuyu ger\u00e7ekten ciddiye ald\u0131m. G\u00f6zlerim art\u0131k iki y\u0131ldan uzun s\u00fcredir ilerlemedi\u011fi i\u00e7in daha fazla beklemek i\u00e7in bir sebep g\u00f6rmedim. Swisslasik.ch sitesini bir s\u00fcredir biliyordum ve sunduklar\u0131 paket, hizmet anlay\u0131\u015f\u0131 ve fiyatlar beni ikna etti. \u0130svi\u00e7re\u2019de ayn\u0131 operasyon i\u00e7in iki kat\u0131ndan fazla para \u00f6demek yerine, T\u00fcrkiye\u2019de ameliyat olup bunu ayn\u0131 zamanda bir \u015fehir gezisiyle birle\u015ftirmek bana \u00e7ok mant\u0131kl\u0131 geldi.Birka\u00e7 e-posta yaz\u0131\u015fmas\u0131ndan sonra Say\u0131n Karaaga\u00e7li\u2019ye ba\u015fvurdum ve k\u0131sa bir s\u00fcre sonra beni yaln\u0131z b\u0131rakmayan annemle birlikte \u0130stanbul u\u00e7a\u011f\u0131nda buldum kendimi. Turkish Airlines ile keyifli bir u\u00e7u\u015fun ard\u0131ndan, havaliman\u0131nda bizi klinikten bir g\u00f6revli kar\u015f\u0131lad\u0131 ve otele g\u00f6t\u00fcrd\u00fc. Otelin al\u0131\u015fveri\u015f caddesine \u00e7ok yak\u0131n olmas\u0131 bizim i\u00e7in b\u00fcy\u00fck bir art\u0131yd\u0131. Oda \u00e7ok \u015firin d\u00f6\u015fenmi\u015fti ve otel personeli son derece g\u00fcler y\u00fczl\u00fcyd\u00fc.Ertesi sabah tam zaman\u0131nda, hatta biraz erken, otelden al\u0131nd\u0131k ve Ac\u0131badem Klini\u011fi\u2019ne g\u00f6t\u00fcr\u00fcld\u00fck. Orada Almancay\u0131 m\u00fckemmel konu\u015fan bir g\u00f6revli bizi kar\u015f\u0131lad\u0131 ve g\u00fcn boyunca terc\u00fcman olarak yan\u0131m\u0131zda kald\u0131. Sabah saatlerinde \u00f6n muayene yap\u0131ld\u0131. \u0130svi\u00e7re\u2019deki \u00f6n muayenede s\u00f6ylenenler burada da do\u011fruland\u0131, g\u00f6zlerim operasyon i\u00e7in uygundu.Yakla\u015f\u0131k 3 saatlik bir \u00f6\u011fle aras\u0131ndan sonra ameliyat haz\u0131rl\u0131klar\u0131 ba\u015flad\u0131. Ameliyat \u00f6nl\u00fc\u011f\u00fc, hijyenik ayakkab\u0131lar ve birka\u00e7 g\u00f6z damlas\u0131 verildikten sonra ameliyathaneye al\u0131nd\u0131m. Tamamen bilincim a\u00e7\u0131kt\u0131. Doktor bana sakin olmam\u0131 ve ye\u015fil noktaya bakmam\u0131 s\u00f6yledi. G\u00f6zlerim k\u0131rpmamam i\u00e7in sabitlendi ve i\u015flem ba\u015flad\u0131. Sol g\u00f6z\u00fcm ye\u015fil noktaya bakmakta zorland\u0131 ve s\u00fcrekli hareket etti. Ancak lazer cihaz\u0131 bu duruma kar\u015f\u0131 haz\u0131r oldu\u011fu i\u00e7in herhangi bir sorun ya\u015fanmad\u0131.Yakla\u015f\u0131k 20 dakika sonra her iki g\u00f6z\u00fcm de lazerle tedavi edilmi\u015fti. Operasyon biraz rahats\u0131z ediciydi ama katlan\u0131labilirdi. Ard\u0131ndan koruyucu bir g\u00f6zl\u00fckle d\u0131\u015far\u0131 \u00e7\u0131kar\u0131ld\u0131m. Annem de \u00f6n muayeneyi yapt\u0131rm\u0131\u015f ve daha sonra neredeyse spontan bir \u015fekilde ameliyat olmaya karar verdi\u011fi i\u00e7in ikimiz pe\u015f pe\u015fe ameliyat edildik. Bununla ilgili ayr\u0131 bir deneyim yaz\u0131s\u0131 da mevcut.Ameliyattan hemen sonra g\u00f6zlerimi a\u00e7mama izin verildi. Ancak her \u015fey olduk\u00e7a bulan\u0131kt\u0131. G\u00f6zlerim yan\u0131yordu ve sanki i\u00e7lerinde kum taneleri varm\u0131\u015f gibi bir his vard\u0131. Ameliyattan sonraki ilk yar\u0131m saat biraz zahmetli ge\u00e7iyor. Burun s\u00fcrekli ak\u0131yor, \u00e7\u00fcnk\u00fc operasyon s\u0131ras\u0131nda g\u00f6zya\u015f\u0131 kanal\u0131 da etkileniyor. K\u0131sa bir s\u00fcre sonra g\u00f6z doktorundan g\u00f6z damlalar\u0131n\u0131 al\u0131yoruz ve hemen kendimi \u00e7ok daha iyi hissetmeye ba\u015fl\u0131yorum. Daha sonra shuttle servisini beklemek \u00fczere klini\u011fin lobisine al\u0131n\u0131yoruz. Bu s\u0131rada tekerlekli sandalyedeki bir beyefendi bizimle konu\u015fuyor ve g\u00f6zlerimizi lazerle d\u00fczelttirip d\u00fczelttirmedi\u011fimizi soruyor. Kendisi Libyal\u0131ym\u0131\u015f ve Libya\u2019da da bir g\u00f6z lazer klini\u011fi varm\u0131\u015f. Libya\u2019da vuruldu\u011fu i\u00e7in \u015fu anda Ac\u0131badem Klini\u011fi\u2019nde rehabilitasyon g\u00f6r\u00fcyormu\u015f. Bu kar\u015f\u0131la\u015fma, klini\u011fin ger\u00e7ekten ne kadar \u00fcst d\u00fczey oldu\u011funu bize bir kez daha kan\u0131tl\u0131yor.Otele d\u00f6nd\u00fc\u011f\u00fcm\u00fczde uzan\u0131yoruz ve g\u00f6zlerimizi m\u00fcmk\u00fcn oldu\u011funca a\u00e7mamaya \u00e7al\u0131\u015f\u0131yoruz, \u00e7\u00fcnk\u00fc h\u00e2l\u00e2 olduk\u00e7a rahats\u0131z edici bir his var. \u00d6n\u00fcm\u00fczdeki 6 saat boyunca, uyuyana kadar her saat ba\u015f\u0131 re\u00e7ete edilen g\u00f6z damlalar\u0131n\u0131 kullanmam\u0131z gerekiyor. Ertesi sabah uyand\u0131\u011f\u0131mda ise t\u00fcm a\u011fr\u0131lar ve rahats\u0131zl\u0131klar tamamen unutulmu\u015f oluyor. Uyan\u0131yorum ve\u2026 g\u00f6rebiliyorum. Sadece g\u00f6rebiliyorum. G\u00f6zl\u00fcks\u00fcz. Bu inan\u0131lmaz bir his.Yine tam zaman\u0131nda, hatta erkenden, kontrol muayenesi i\u00e7in al\u0131n\u0131yoruz. G\u00f6z doktoru g\u00f6zlerime k\u0131saca bak\u0131yor ve her \u015feyin \u00e7ok iyi gitti\u011fini, \u015fehir turuna \u00e7\u0131kabilece\u011fimi s\u00f6yl\u00fcyor \ud83d\ude42 Neyse ki seyahatimizi esnek \u015fekilde ayarlayabilmi\u015ftik ve toplamda 5 gece kal\u0131yoruz. \u015eehirde g\u00f6r\u00fclecek o kadar \u00e7ok \u015fey var ki. Camiler, b\u00fcy\u00fckl\u00fckleri ve g\u00fczellikleriyle beni ger\u00e7ekten b\u00fcy\u00fcledi. \u00d6zellikle kad\u0131nlar i\u00e7in \u0130stanbul tam bir al\u0131\u015fveri\u015f cenneti. \u0130nsanlar son derece s\u0131cak, yard\u0131msever ve misafirperver.Bug\u00fcn, ameliyattan yakla\u015f\u0131k 6 hafta sonra, g\u00f6zl\u00fcks\u00fcz ve lenssiz yeni hayat\u0131m\u0131n tad\u0131n\u0131 \u00e7\u0131kar\u0131yorum. Art\u0131k neredeyse tamamen do\u011fal geliyor; sanki hep b\u00f6yleymi\u015f gibi, g\u00f6zl\u00fcks\u00fcz g\u00f6rmeye al\u0131\u015ft\u0131m ve g\u00f6zl\u00fckle ya\u015faman\u0131n nas\u0131l oldu\u011funu neredeyse unuttum bile \ud83d\ude42 Bu operasyonu herkese g\u00f6n\u00fcl rahatl\u0131\u011f\u0131yla tavsiye edebilirim. Swisslasik, bu ad\u0131m\u0131 atmamda kesinlikle \u201cpay sahibi\u201d ve bunun i\u00e7in onlara \u00e7ok minnettar\u0131m.Manuela Camenzind29 Kas\u0131m 2011 \u00d6nceki rapor Bir Sonraki Rapor<\/p>\n","protected":false},"author":4,"featured_media":0,"parent":3650,"menu_order":0,"comment_status":"closed","ping_status":"closed","template":"","meta":{"_joinchat":[],"footnotes":""},"class_list":["post-3677","page","type-page","status-publish","hentry"],"acf":[],"_links":{"self":[{"href":"https:\/\/swisslasik.ch\/tr\/wp-json\/wp\/v2\/pages\/3677","targetHints":{"allow":["GET"]}}],"collection":[{"href":"https:\/\/swisslasik.ch\/tr\/wp-json\/wp\/v2\/pages"}],"about":[{"href":"https:\/\/swisslasik.ch\/tr\/wp-json\/wp\/v2\/types\/page"}],"author":[{"embeddable":true,"href":"https:\/\/swisslasik.ch\/tr\/wp-json\/wp\/v2\/users\/4"}],"replies":[{"embeddable":true,"href":"https:\/\/swisslasik.ch\/tr\/wp-json\/wp\/v2\/comments?post=3677"}],"version-history":[{"count":2,"href":"https:\/\/swisslasik.ch\/tr\/wp-json\/wp\/v2\/pages\/3677\/revisions"}],"predecessor-version":[{"id":4787,"href":"https:\/\/swisslasik.ch\/tr\/wp-json\/wp\/v2\/pages\/3677\/revisions\/4787"}],"up":[{"embeddable":true,"href":"https:\/\/swisslasik.ch\/tr\/wp-json\/wp\/v2\/pages\/3650"}],"wp:attachment":[{"href":"https:\/\/swisslasik.ch\/tr\/wp-json\/wp\/v2\/media?parent=3677"}],"curies":[{"name":"wp","href":"https:\/\/api.w.org\/{rel}","templated":true}]}}