{"id":3679,"date":"2025-09-24T14:20:11","date_gmt":"2025-09-24T13:20:11","guid":{"rendered":"https:\/\/swisslasik.ch\/patientenberichte-augen-lasern\/21-nisan-2011deki-goez-lazer-ameliyati-yolculugum-13-haziran-2011-pazartesi-tarihli-rapor\/"},"modified":"2026-01-14T18:57:19","modified_gmt":"2026-01-14T17:57:19","slug":"21-nisan-2011deki-goez-lazer-ameliyati-yolculugum-13-haziran-2011-pazartesi-tarihli-rapor","status":"publish","type":"page","link":"https:\/\/swisslasik.ch\/tr\/patientenberichte-augen-lasern\/21-nisan-2011deki-goez-lazer-ameliyati-yolculugum-13-haziran-2011-pazartesi-tarihli-rapor\/","title":{"rendered":"21 Nisan 2011&#8217;deki g\u00f6z lazer ameliyat\u0131 yolculu\u011fum \u2013 13 Haziran 2011 Pazartesi tarihli rapor"},"content":{"rendered":"\n<h3 class=\"wp-block-heading\">21 Nisan 2011&#8217;deki g\u00f6z lazer ameliyat\u0131 yolculu\u011fum \u2013 13 Haziran 2011 Pazartesi tarihli rapor<\/h3>\n\n\n\n<p>Schon lange hatte ich mich f\u00fcr eine Laseroperation interessiert, doch aufgrund der hohen Kosten waren diese Pl\u00e4ne zun\u00e4chst zum Scheitern verurteilt. Als ich dann etwa drei Jahre sp\u00e4ter einen Artikel \u00fcber Augenlaseroperationen in der T\u00fcrkei las, war der Wunsch nach einem Leben ohne Sehhilfen sofort wieder da. Ich begann im Internet zu recherchieren und stiess dabei auf Swisslasik. Die Erfahrungsberichte habe ich regelrecht verschlungen \u2013 und je mehr ich las, desto \u00fcberzeugter war ich.<br>Da ich mich zu dieser Zeit noch in einer intensiven Ausbildung befand, verschob ich mein Vorhaben auf Anfang 2011. Nat\u00fcrlich hatte ich noch einige offene Fragen, denn f\u00fcr mich war ein einwandfreies Ergebnis Voraussetzung. Ich schrieb deshalb eine E-Mail an Swisslasik, die sehr schnell und ausf\u00fchrlich beantwortet wurde. Anschliessend meldete ich mich gleich f\u00fcr eine Voruntersuchung in Z\u00fcrich an, da ich ganz sicher sein wollte, nicht umsonst nach Istanbul zu reisen.<br>Die Voruntersuchung in Z\u00fcrich war genau nach meinen Vorstellungen organisiert und verlief problemlos. Die Augenarztpraxis war sehr modern und \u2013 wie mir erkl\u00e4rt wurde \u2013 nicht direkt Teil von Swisslasik, sondern eine unabh\u00e4ngige Praxis, die Untersuchungen f\u00fcr Swisslasik durchf\u00fchrt. Das Ergebnis war positiv, und es ging nur noch darum, ein Reisedatum festzulegen. Herr Karaaga\u00e7li schickte mir die Offerte, ich antwortete per E-Mail \u2013 und schon war die Reise gebucht. \ud83d\ude42<br>Am 21.04.2011 war es dann so weit, und ich sass im Flugzeug nach Istanbul. Am Flughafen wurde ich von einem deutschsprachigen Fahrer abgeholt und ins Hotel gebracht. Das Hotel lag nur etwa f\u00fcnf Minuten von der Augenklinik entfernt und war sehr komfortabel sowie modern eingerichtet.<br>Am n\u00e4chsten Morgen wurde ich zur Voruntersuchung abgeholt. Die Prozedur war \u00e4hnlich wie in der Schweiz, jedoch noch etwas gr\u00fcndlicher. Meine Werte waren in Ordnung, sodass die Operation noch am selben Tag um 15:00 Uhr stattfinden konnte. Uns Patienten wurde der genaue Ablauf der Operation nochmals erkl\u00e4rt, bevor wir eine Etage h\u00f6her in den \u201eOperationstrakt\u201c gingen.<br>Dann ging es los \u2013 einer nach dem anderen wurde zur Operation aufgerufen. Zuerst erhielt man in einem Vorraum bet\u00e4ubende Augentropfen, sodass man w\u00e4hrend der Operation nichts sp\u00fcrte. Anschliessend wurde ich in den Operationssaal gef\u00fchrt und durfte mich unter den Laser legen. Ein Auge wurde abgedeckt, und dann begann alles. Ich kann nicht genau beschreiben, was im Detail passierte, aber es ging sehr schnell vorbei und war absolut schmerzfrei \u2013 lediglich ein ungewohntes Gef\u00fchl. Beim zweiten Auge verlief es genauso, und schon war der ganze Zauber vorbei.<br>Meine Sicht war zun\u00e4chst etwas verschwommen, und ich wurde in einen dunklen Raum gef\u00fchrt, um mich kurz auszuruhen. Danach ging es zur\u00fcck in den Warteraum. Alle sahen ein wenig verheult aus, da die Augen noch tr\u00e4nten und leicht brannten. Uns wurde nochmals erkl\u00e4rt, wie die Augentropfen anzuwenden sind, und dann ging es zur\u00fcck ins Hotel.<br>Die Sicht war noch neblig und die Augen sehr trocken, aber schmerzhaft war es nicht. Im Hotel legte ich mich hin und schlief. Ich hatte eine ganz ruhige, normale Nacht \u2013 und am n\u00e4chsten Morgen sah ich scharf. Welch ein unglaubliches Gef\u00fchl! \ud83d\ude0a                               Kontrol muayenesi sorunsuz ge\u00e7ti, ard\u0131ndan g\u00f6zl\u00fcks\u00fcz ama g\u00fcne\u015f g\u00f6zl\u00fc\u011f\u00fcyle \u015fehir gezisine \u00e7\u0131kt\u0131k. Ger\u00e7ekten harika bir histi. Ertesi g\u00fcn ise u\u00e7akla eve d\u00f6nd\u00fck. \u015eu an ameliyat\u0131n \u00fczerinden 7 hafta ge\u00e7ti ve iyile\u015fme s\u00fcreci \u00e7ok iyi ilerliyor. \u0130svi\u00e7re\u2019de iki kez kontrol muayenesine gittim ve g\u00f6z doktoru sonu\u00e7tan olduk\u00e7a memnun kald\u0131. G\u00f6rme keskinli\u011finde zaman zaman \u00e7ok hafif dalgalanmalar oluyor ama bunlar neredeyse fark edilmeyecek d\u00fczeyde. Genel olarak son derece memnunum ve g\u00f6zl\u00fckten ya da kontakt lensten rahats\u0131z olan herkese bu ad\u0131m\u0131 g\u00f6n\u00fcl rahatl\u0131\u011f\u0131yla tavsiye ederim. \u0130svi\u00e7re\u2019de bunun daha iyisinin nas\u0131l yap\u0131labilece\u011fini de a\u00e7\u0131k\u00e7as\u0131 hayal edemiyorum, \u00e7\u00fcnk\u00fc bundan daha iyisi neredeyse m\u00fcmk\u00fcn de\u011fil.<br>Roman Ricklin        <\/p>\n\n\n\n<div class=\"wp-block-group is-layout-grid wp-container-core-group-is-layout-baef362d wp-block-group-is-layout-grid\">\n<p><a href=\"https:\/\/medicaltravel.at\/home\/agb\/\" data-type=\"page\" data-id=\"2191\" rel=\"nofollow noopener\" target=\"_blank\"><\/a><a href=\"https:\/\/swisslasik.ch\/tr\/patientenberichte-augen-lasern\/max-muellerin-22-martta-istanbulda-gerceklestirdigi-lasik-ameliyati-hakkindaki-deneyim-raporu-29-haziran-2011-carsamba-tarihli-rapor\/\" data-type=\"link\" data-id=\"https:\/\/swisslasik.ch\/patientenberichte-augen-lasern\/augenlasik-erfahrungsbericht-von-max-muller-uber-op-vom-22-marz-in-istanbul-bericht-vom-mittwoch-29-juni-2011\/\">\u00d6nceki rapor<\/a><\/p>\n\n\n\n<p class=\"has-text-align-right wp-container-content-5e2576f9\"><a href=\"https:\/\/medicaltravel.at\/home\/impressum\/\" data-type=\"page\" data-id=\"2193\" rel=\"nofollow noopener\" target=\"_blank\"><\/a><a href=\"https:\/\/medicaltravel.at\/home\/berichte-von-patienten\/erfahrungsberichte\/erfahrungsbericht-zahnbehandlung-in-istanbul\/\" data-type=\"page\" data-id=\"981\" rel=\"nofollow noopener\" target=\"_blank\"><\/a><a href=\"https:\/\/swisslasik.ch\/tr\/patientenberichte-augen-lasern\/istanbuldaki-dis-tedavim-4-haziran-2011-cumartesi-tarihli-rapor\/\" data-type=\"link\" data-id=\"https:\/\/swisslasik.ch\/tr\/patientenberichte-augen-lasern\/istanbuldaki-dis-tedavim-4-haziran-2011-cumartesi-tarihli-rapor\/\">Bir Sonraki Rapor<br><\/a><\/p>\n<\/div>\n","protected":false},"excerpt":{"rendered":"<p>21 Nisan 2011&#8217;deki g\u00f6z lazer ameliyat\u0131 yolculu\u011fum \u2013 13 Haziran 2011 Pazartesi tarihli rapor Schon lange hatte ich mich f\u00fcr eine Laseroperation interessiert, doch aufgrund der hohen Kosten waren diese Pl\u00e4ne zun\u00e4chst zum Scheitern verurteilt. Als ich dann etwa drei Jahre sp\u00e4ter einen Artikel \u00fcber Augenlaseroperationen in der T\u00fcrkei las, war der Wunsch nach einem Leben ohne Sehhilfen sofort wieder da. Ich begann im Internet zu recherchieren und stiess dabei auf Swisslasik. Die Erfahrungsberichte habe ich regelrecht verschlungen \u2013 und je mehr ich las, desto \u00fcberzeugter war ich.Da ich mich zu dieser Zeit noch in einer intensiven Ausbildung befand, verschob ich mein Vorhaben auf Anfang 2011. Nat\u00fcrlich hatte ich noch einige offene Fragen, denn f\u00fcr mich war ein einwandfreies Ergebnis Voraussetzung. Ich schrieb deshalb eine E-Mail an Swisslasik, die sehr schnell und ausf\u00fchrlich beantwortet wurde. Anschliessend meldete ich mich gleich f\u00fcr eine Voruntersuchung in Z\u00fcrich an, da ich ganz sicher sein wollte, nicht umsonst nach Istanbul zu reisen.Die Voruntersuchung in Z\u00fcrich war genau nach meinen Vorstellungen organisiert und verlief problemlos. Die Augenarztpraxis war sehr modern und \u2013 wie mir erkl\u00e4rt wurde \u2013 nicht direkt Teil von Swisslasik, sondern eine unabh\u00e4ngige Praxis, die Untersuchungen f\u00fcr Swisslasik durchf\u00fchrt. Das Ergebnis war positiv, und es ging nur noch darum, ein Reisedatum festzulegen. Herr Karaaga\u00e7li schickte mir die Offerte, ich antwortete per E-Mail \u2013 und schon war die Reise gebucht. \ud83d\ude42Am 21.04.2011 war es dann so weit, und ich sass im Flugzeug nach Istanbul. Am Flughafen wurde ich von einem deutschsprachigen Fahrer abgeholt und ins Hotel gebracht. Das Hotel lag nur etwa f\u00fcnf Minuten von der Augenklinik entfernt und war sehr komfortabel sowie modern eingerichtet.Am n\u00e4chsten Morgen wurde ich zur Voruntersuchung abgeholt. Die Prozedur war \u00e4hnlich wie in der Schweiz, jedoch noch etwas gr\u00fcndlicher. Meine Werte waren in Ordnung, sodass die Operation noch am selben Tag um 15:00 Uhr stattfinden konnte. Uns Patienten wurde der genaue Ablauf der Operation nochmals erkl\u00e4rt, bevor wir eine Etage h\u00f6her in den \u201eOperationstrakt\u201c gingen.Dann ging es los \u2013 einer nach dem anderen wurde zur Operation aufgerufen. Zuerst erhielt man in einem Vorraum bet\u00e4ubende Augentropfen, sodass man w\u00e4hrend der Operation nichts sp\u00fcrte. Anschliessend wurde ich in den Operationssaal gef\u00fchrt und durfte mich unter den Laser legen. Ein Auge wurde abgedeckt, und dann begann alles. Ich kann nicht genau beschreiben, was im Detail passierte, aber es ging sehr schnell vorbei und war absolut schmerzfrei \u2013 lediglich ein ungewohntes Gef\u00fchl. Beim zweiten Auge verlief es genauso, und schon war der ganze Zauber vorbei.Meine Sicht war zun\u00e4chst etwas verschwommen, und ich wurde in einen dunklen Raum gef\u00fchrt, um mich kurz auszuruhen. Danach ging es zur\u00fcck in den Warteraum. Alle sahen ein wenig verheult aus, da die Augen noch tr\u00e4nten und leicht brannten. Uns wurde nochmals erkl\u00e4rt, wie die Augentropfen anzuwenden sind, und dann ging es zur\u00fcck ins Hotel.Die Sicht war noch neblig und die Augen sehr trocken, aber schmerzhaft war es nicht. Im Hotel legte ich mich hin und schlief. Ich hatte eine ganz ruhige, normale Nacht \u2013 und am n\u00e4chsten Morgen sah ich scharf. Welch ein unglaubliches Gef\u00fchl! \ud83d\ude0a Kontrol muayenesi sorunsuz ge\u00e7ti, ard\u0131ndan g\u00f6zl\u00fcks\u00fcz ama g\u00fcne\u015f g\u00f6zl\u00fc\u011f\u00fcyle \u015fehir gezisine \u00e7\u0131kt\u0131k. Ger\u00e7ekten harika bir histi. Ertesi g\u00fcn ise u\u00e7akla eve d\u00f6nd\u00fck. \u015eu an ameliyat\u0131n \u00fczerinden 7 hafta ge\u00e7ti ve iyile\u015fme s\u00fcreci \u00e7ok iyi ilerliyor. \u0130svi\u00e7re\u2019de iki kez kontrol muayenesine gittim ve g\u00f6z doktoru sonu\u00e7tan olduk\u00e7a memnun kald\u0131. G\u00f6rme keskinli\u011finde zaman zaman \u00e7ok hafif dalgalanmalar oluyor ama bunlar neredeyse fark edilmeyecek d\u00fczeyde. Genel olarak son derece memnunum ve g\u00f6zl\u00fckten ya da kontakt lensten rahats\u0131z olan herkese bu ad\u0131m\u0131 g\u00f6n\u00fcl rahatl\u0131\u011f\u0131yla tavsiye ederim. \u0130svi\u00e7re\u2019de bunun daha iyisinin nas\u0131l yap\u0131labilece\u011fini de a\u00e7\u0131k\u00e7as\u0131 hayal edemiyorum, \u00e7\u00fcnk\u00fc bundan daha iyisi neredeyse m\u00fcmk\u00fcn de\u011fil.Roman Ricklin \u00d6nceki rapor Bir Sonraki Rapor<\/p>\n","protected":false},"author":4,"featured_media":0,"parent":3650,"menu_order":0,"comment_status":"closed","ping_status":"closed","template":"","meta":{"_joinchat":[],"footnotes":""},"class_list":["post-3679","page","type-page","status-publish","hentry"],"acf":[],"_links":{"self":[{"href":"https:\/\/swisslasik.ch\/tr\/wp-json\/wp\/v2\/pages\/3679","targetHints":{"allow":["GET"]}}],"collection":[{"href":"https:\/\/swisslasik.ch\/tr\/wp-json\/wp\/v2\/pages"}],"about":[{"href":"https:\/\/swisslasik.ch\/tr\/wp-json\/wp\/v2\/types\/page"}],"author":[{"embeddable":true,"href":"https:\/\/swisslasik.ch\/tr\/wp-json\/wp\/v2\/users\/4"}],"replies":[{"embeddable":true,"href":"https:\/\/swisslasik.ch\/tr\/wp-json\/wp\/v2\/comments?post=3679"}],"version-history":[{"count":2,"href":"https:\/\/swisslasik.ch\/tr\/wp-json\/wp\/v2\/pages\/3679\/revisions"}],"predecessor-version":[{"id":4792,"href":"https:\/\/swisslasik.ch\/tr\/wp-json\/wp\/v2\/pages\/3679\/revisions\/4792"}],"up":[{"embeddable":true,"href":"https:\/\/swisslasik.ch\/tr\/wp-json\/wp\/v2\/pages\/3650"}],"wp:attachment":[{"href":"https:\/\/swisslasik.ch\/tr\/wp-json\/wp\/v2\/media?parent=3679"}],"curies":[{"name":"wp","href":"https:\/\/api.w.org\/{rel}","templated":true}]}}