{"id":3681,"date":"2025-09-24T14:24:18","date_gmt":"2025-09-24T13:24:18","guid":{"rendered":"https:\/\/swisslasik.ch\/patientenberichte-augen-lasern\/24-subat-2011-tarihinde-istanbulda-yasadigim-goez-lazeri-deneyimi-23-mart-2011-carsamba-guenuene-ait-rapor\/"},"modified":"2026-01-14T19:01:15","modified_gmt":"2026-01-14T18:01:15","slug":"24-subat-2011-tarihinde-istanbulda-yasadigim-goez-lazeri-deneyimi-23-mart-2011-carsamba-guenuene-ait-rapor","status":"publish","type":"page","link":"https:\/\/swisslasik.ch\/tr\/patientenberichte-augen-lasern\/24-subat-2011-tarihinde-istanbulda-yasadigim-goez-lazeri-deneyimi-23-mart-2011-carsamba-guenuene-ait-rapor\/","title":{"rendered":"24 \u015eubat 2011 tarihinde \u0130stanbul&#8217;da ya\u015fad\u0131\u011f\u0131m g\u00f6z lazeri deneyimi \u2013 23 Mart 2011 \u00c7ar\u015famba g\u00fcn\u00fcne ait rapor"},"content":{"rendered":"\n<h3 class=\"wp-block-heading\">24 \u015eubat 2011 tarihinde \u0130stanbul&#8217;da ya\u015fad\u0131\u011f\u0131m g\u00f6z lazeri deneyimi \u2013 23 Mart 2011 \u00c7ar\u015famba g\u00fcn\u00fcne ait rapor <\/h3>\n\n\n\n<p>Dienstag, 22. M\u00e4rz 2011 Juhui \u2013 ich habe meine Augen endlich lasern lassen!:-) Ich bin begeistert wie alles abgelaufen ist und vor allem bin ich \u00fcber das Ergebnis sehr gl\u00fccklich. Swisslasik Vor ungef\u00e4hr zwei Jahren hat mein Interesse f\u00fcr eine Augenlaserung angefangen. W\u00e4hrend zwei Jahren, mal mehr mal weniger, habe ich mich dann dar\u00fcber informiert und habe immer gewusst, dass ich das eines Tages machen m\u00f6chte. Nach ersten Erkundigungen \u00fcber das Thema im Internet bin ich sehr schnell auf www.swisslasik.ch gestossen. Diese Homepage habe ich dann immer wieder besucht \u2013 mir gefiel die gute Erkl\u00e4rung rund um eine Augenla-serung im Ausland, die Fotos von der Klinik machten mir einen positiven Eindruck und be-sonders sprach mich der kosteng\u00fcnstige Preis gegen\u00fcber einer Behandlung in der Schweiz an. Als ich meinem Freund Andy, von meinem m\u00f6glichen Vorhaben die Augen in Istanbul operieren zu lassen, erz\u00e4hlte, war er sehr skeptisch. Eines Tages erkannte Andy zuf\u00e4lliger-weise zuhause in der aufgeschlagenen Informationsdokumentation von Swisslasik, welche mir Herr Serdar Karaagacli zustellte, einen ehemaligen Arbeitskollegen Patrick auf dem Foto von einem Patientenbericht. Kurz darauf fand zwischen denen ein Telefongespr\u00e4ch statt \u2013 nach diesem Gespr\u00e4ch war Andy nicht mehr so kritisch f\u00fcr meine Absicht, da Patrick von seiner Erfahrung auch nur geschw\u00e4rmt hat, wie ich jetzt. Die Erz\u00e4hlungen von Patrick gaben mir damals noch mehr Sicherheit die Augen wirklich in Istanbul lasern zu wollen. Trotz meiner \u00dcberzeugung mit Swisslasik den richtigen Weg f\u00fcr meine Augenlaserung gefunden zu haben, wollte ich doch eine Informationsveranstaltung \u00fcber das Thema besuchen und mit einem Augenarzt pers\u00f6nlich sprechen und gewisse Fragen kl\u00e4ren. Also habe ich mich in der Schweiz an zwei Anl\u00e4ssen dar\u00fcber informiert. Eigentlich habe ich nichts anderes erfahren als ich unter www.swisslasik.ch auch gelesen habe. Auch habe ich dann Herr Serdar Karaagacli an der Z\u00fcspa (Z\u00fcrcher Herbstmesse) zum ersten Mal pers\u00f6nlich kennengelernt und noch ein paar offene Fragen gekl\u00e4rt. Zum Beispiel wollte ich wissen wer die Kontakt\u00e4rzte in der Schweiz sind, von denen ich dann die Adressen erhalten habe. Entscheidung und Planung Im Januar 2011 habe ich mich definitiv entschlossen die Augen sobald als m\u00f6glich lasern zu lassen. So besuchte ich nochmals Herr Serdar Kaaragacli und zwar am Samstag, den 29. Januar an der Ferienmesse in Z\u00fcrich und meldete mich bei ihm f\u00fcr einen Voruntersuchtermin beim Zuweisungsaugenarzt in Z\u00fcrich an und besprach m\u00f6gliche Reisedaten nach Istanbul f\u00fcr im Februar\/M\u00e4rz. Herr Serdar Kaaragacli war sehr freundlich und zuvorkommend und versuchte alle meine W\u00fcnsche zu erf\u00fcllen. In den darauf kommenden Tagen entschied ich mich die Reise nach Istanbul w\u00e4hrend dem letzten Februar-Wochenende und ein zwei Tage vorher (also ungef\u00e4hr Donnerstag bis Sonntag) zu machen. Gr\u00fcnde daf\u00fcr waren vor allem dass ich die Reise nicht mehr lange heraus z\u00f6gern wollte und Andy nur noch dieses Wochenende verreisen konnte (er ist viel gesch\u00e4ftlich unterwegs) \u2013 er musste und durfte mich begleiten, was er auch gerne machte, weil ich alleine zu feige gewesen w\u00e4re und ich nach der OP unbedingt ein paar Wochen vergehen lassen wollte bevor es in den Badeurlaub geht. Dieser habe ich \u00fcbrigens auch an der Ferienmesse Ende Januar gebucht. Als ich das Wunschdatum Herr Serdar Kaaragacli mitteilte, stellte sich heraus, dass am m\u00f6glichen OP-Termin Freitag, den 25. Februar, welcher er zur Auswahl hatte, kein Platz mehr war. Oh Schreck! In dem Moment hatte ich das Gef\u00fchl meine Nerven zu verlieren. Es w\u00e4re alles so perfekt gewesen, h\u00e4tte es geklappt wie ich mir vorstellte. Herr Serdar Kaaragacli sorgte aber daf\u00fcr, dass sich doch noch alles zum Gute wendete. Er rufte in der EyeSTAR Klinik an und fragte ob es einen anderen m\u00f6glichen OP-Termin gab. Und er teilte mir die freudige Nachricht mit, dass ich die Augenlaserung am Donnerstag, den 24. Februar durchf\u00fchren kann. Das hiess einfach schon am Mittwochabend, den 23. Februar anzureisen \u2013 das war kein Problem. Also reservierten wir am Donnerstag, den 24. Februar einen OP-Termin f\u00fcr mich, aber nur provisorisch da ich zuerst die Ergebnisse vom Voruntersuch in Z\u00fcrich haben wollte. Juhui \u2013 es standen alle Daten fest und ich musste nur noch zum Voruntersuch. Voruntersuchung in Z\u00fcrich Beim Voruntersuch am Freitag, den 11. Februar (2 Wochen vor meinem provisorischen OP-Termin in der EyeSTAR Klinik) erhielt ich wieder eine Nachricht, welche ich mir zuerst nicht w\u00fcnschte. Meine Augen waren gesund und kamen grunds\u00e4tzlich f\u00fcr eine Augenlaserung in Frage, zum Gl\u00fcck. Herr Dr. machte mich infolge meiner Untersuchungsergeb-nisse darauf aufmerksam, dass meine Hornhaut zu d\u00fcnn war um die Lasikmethode (Standart) anzuwenden und in meinem Falle am ehesten die Lasekmethode in Frage kommen w\u00fcrde. Oh Schreck! Eigentlich wollte ich anfangs gar keinen Voruntersuch in der Schweiz machen da ich \u00fcberzeugt war, dass ich die Lasikmethode machen kann. Aus irgendeinem Grund vereinbarte ich Ende Januar doch den Voruntersuchungstermin. Zum Gl\u00fcck! Nach dem f\u00fcr mich neuen Gedanken nicht die Lasikmethode machen zu lassen informierte ich mich \u00fcber das Wochenende sehr genau \u00fcber die Lasekmethode. Ich hatte Angst nach der Augen-OP m\u00f6glicherweise f\u00fcr l\u00e4ngere Zeit nicht arbeiten zu k\u00f6nnen da die Heilungsphase bei Lasek l\u00e4nger dauern w\u00fcrde als bei der Lasikmethode. Trotz allem entschied ich mich ca. 1 \u00bd Wochen vor dem provisorischen OP-Termin f\u00fcr die Reise nach Istanbul. Herr Serdar Kaaragacli hat daraufhin alles organisiert, Flugbuchungen, Transfer Flughafen \u2013 Hotel \u2013 Klinik, etc. Das Hotel buchte ich selber da Andy f\u00fcr das M\u00f6venpick Hotel arbeitet. Gl\u00fccklicherweise sagte Herr Serdar Kaaragacli, dass das kein Problem ist. Er informierte sich \u00fcber die Hotellage und meinte, das Hotel liegt nicht sehr nah von der Klinik aber sie ist innerhalb 20 Fahrminuten erreichbar und wir werden selbstverst\u00e4ndlich immer gefahren. Augenbehandlung in Istanbul Am Mittwoch, den 23. Februar war es soweit. Andy und ich flogen am Abend nach Istanbul wo wir von einem Angestellten von der EyeSTAR Klinik abgeholt, und in unser Hotel gebracht, wurden. Dieser war sehr nett und sprach gut deutsch. Er holte uns am anderen Morgen um 10:30 Uhr im Hotel wieder ab da mein Voruntersuch in der EyeSTAR um 11:00 Uhr stattfand. Die EyeSTAR Klinik ist hell und sehr freundlich eingerichtet. Hygiene wird vom ganzen Team gross geschrieben. Jeder der die Klinik betritt muss \u00fcber die eigenen Schuhe einen Schutz tragen. Im Wartebereich gibt es gen\u00fcgend Sitzpl\u00e4tze. An meinem Operationstag wurden noch zwei andere Patienten behandelt. Einer davon auch aus der Schweiz. Der Voruntersuch war sehr \u00e4hnlich wie in der Schweiz. Alles wurde sehr genau \u00fcbersetzt. Ich f\u00fchlte mich nie unsicher, im Gegenteil. Auch der Arzt Dr. med. Cezmi Kahvecioglu war \u00e4usserst sympathisch. Um 13:00 Uhr war ich f\u00fcr 2 Stunden frei. Die EyeSTAR Klinik liegt direkt an der bekannten Flaniermeile Taksim wo Andy und ich vor der OP noch etwas assen und ein bisschen durch die Gassen schlenderten. Um 15:00 Uhr war ich wieder im Warteraum von der EyeStar Klinik aber kaum nerv\u00f6s. Ich f\u00fchlte mich so sicher in den R\u00e4umen und um das Personal von der Klinik. Ich musste eher Andy beruhigen, der viel nerv\u00f6ser war als ich selber. Dann ging es los. W\u00e4hrend der OP musste ich starr auf ein gr\u00fcnes Licht sehen, dabei teilte mir ein Assistent in deutscher Sprache immer mit was das \u00c4rzteteam gerade machte. Nach 15 Minuten konnte ich schon in den Ruhebereich wo Andy mir dann erz\u00e4hlte was er gesehen hat. Er konnte n\u00e4mlich die ganze OP von einem Guckfenster in der T\u00fcre \u00fcber eine Kamera zusehen wie meine Augen behandelt wurden. Ausser einem unangenehmen Fremdk\u00f6rpergef\u00fchl in den Augen hatte ich vorerst keine Unannehmlichkeiten. Um 17:00 Uhr kam unser Fahrer um uns zum Hotel zu fahren. W\u00e4hrend der Fahrt fingen meine Augen zu schmerzen an. Leider war auf unserer Strecke viel Verkehr so dass wir statt 20 Minuten \u00fcber 1 \u00bd Stunden zum Hotel hatten. In dieser Zeit hatte ich Angst, weil ich sehr starke Augenschmerzen hatte. Ich bin aber fest \u00fcberzeugt, dass diese Schmerzen nicht so stark gewesen w\u00e4ren, h\u00e4tte ich fr\u00fcher ein Schmerzmittel und die verschriebenen Augentropfen genommen. Die Augentropfen sollte man n\u00e4mlich sobald man im Hotel ist ins Auge tr\u00f6pfeln. Das war der einzige Zeitpunkt in dem ich ein Nachteil darin sah, dass unser Hotel so weit von der Klinik entfernt war. Die meisten EyeStar Patienten buchen n\u00e4mlich ein Hotel in unmittelbarer N\u00e4he von der Klinik. Nachdem ich mich im Hotel mit den Medikamenten versorgte ruhte ich mich ein paar Stunden aus, ich konnte sogar ein bisschen schlafen. Danach hatte ich keine Schmerzen mehr, nur ab und zu ein ungew\u00f6hnliches Gef\u00fchl als ob ich ein paar Sandk\u00f6rner im Auge hatte, zum Teil tr\u00e4nten die Augen ein wenig oder es kitzelte ein bisschen. Am n\u00e4chsten Freitagmorgen wurden wir wieder abgeholt f\u00fcr den Nachuntersuch in der Klinik bei dem der Arzt zu meiner und seiner Zufriedenheit kontrollierte, dass alles gut verlaufen ist. Nach diesem Besuch in der Klinik ging es los mit der St\u00e4dtebesichtigung ohne Sehhilfe. Auch am Samstag waren wir nochmals den ganzen Tag in der Stadt unterwegs bevor wir am Sonntag gl\u00fccklich zur\u00fcck in die Schweiz flogen. Am folgenden Montag hatte ich bereits einen Termin bei meinem Kontaktarzt Dr. Mario Casotti in Z\u00fcrich damit er die Schutzlinsen herausnimmt, welche nach einem Lasekeingriff auf die Augen gelegt werden. Aber er meinte die Deckhaut hat sich nicht gen\u00fcgen nachgewachsen, ich soll am Donnerstag wieder kommen. Auch teilte er mir mit, dass ich bestimmt 2 Wochen nicht Auto fahren kann. Am Donnerstag ging ich wieder zu Dr. Mario Casotti, der mir die Schutzlinsen dann herausnehmen konnte. Zu meinem Erstaunen teilte er mit nach dem Sehtest mit, dass ich bereits nach einer Woche nach meiner OP auf einem Auge 70 % und auf dem anderen Auge 80-90 % sehe und somit wieder Auto fahren kann. Am darauffolgenden Montag ging ich dann wieder zur Arbeit obwohl ich damit rechnete 2 Wochen zuhause zu bleiben. Swisslasik und EyeSTAR Klinik Leider sind viele Schweizer\/innen immer noch misstrauisch medizinische Angelegenheiten im Ausland zu machen. Ich bin einfach nur froh habe ich mich von diesen nicht irritieren lassen und meinen Wunsch vom Leben ohne Sehhilfe in Istanbul erf\u00fcllt. Ich bin \u00fcberzeugt h\u00e4tte ich die Behandlung in der Schweiz durchgef\u00fchrt w\u00e4re das Ergebnis gleich \u2013 nicht besser und nicht schlechter \u2013 aber ich w\u00e4re vermutlich nicht so freundlich behandelt worden wie in der EyeSTAR Klinik. Ich war wirklich begeistert von der Freundlichkeit und Hilfsbereitschaft vom ganzen Team in der Klinik. Die Betreuung war 1A und jede Frage wurde mir ausf\u00fchrlich beantwortet. Auch war die Beratung sowie die Organisation von Herr Serdar Kaaragacli ge-nial. Was braucht man mehr? Ich bin froh, dass ich die Augenlaserung in Istanbul bevorzugt habe. Martina Lanz<\/p>\n\n\n\n<div class=\"wp-block-group is-layout-grid wp-container-core-group-is-layout-baef362d wp-block-group-is-layout-grid\">\n<p><a href=\"https:\/\/medicaltravel.at\/home\/agb\/\" data-type=\"page\" data-id=\"2191\" rel=\"nofollow noopener\" target=\"_blank\"><\/a><a href=\"https:\/\/swisslasik.ch\/tr\/patientenberichte-augen-lasern\/deneyim-raporu-istanbulda-lasik-ameliyati-mart-2011-11-nisan-2011-pazartesi-tarihli-rapor\/\" data-type=\"link\" data-id=\"https:\/\/swisslasik.ch\/tr\/patientenberichte-augen-lasern\/deneyim-raporu-istanbulda-lasik-ameliyati-mart-2011-11-nisan-2011-pazartesi-tarihli-rapor\/\">\u00d6nceki rapor<\/a><\/p>\n\n\n\n<p class=\"has-text-align-right wp-container-content-5e2576f9\"><a href=\"https:\/\/medicaltravel.at\/home\/impressum\/\" data-type=\"page\" data-id=\"2193\" rel=\"nofollow noopener\" target=\"_blank\"><\/a><a href=\"https:\/\/medicaltravel.at\/home\/berichte-von-patienten\/erfahrungsberichte\/erfahrungsbericht-zahnbehandlung-in-istanbul\/\" data-type=\"page\" data-id=\"981\" rel=\"nofollow noopener\" target=\"_blank\"><\/a><a href=\"https:\/\/swisslasik.ch\/tr\/patientenberichte-augen-lasern\/marcel-kaufmann-tarafindan-14-ocak-2011-tarihinde-gerceklestirilen-lasik-goez-ameliyatina-iliskin-deneyim-raporu-16-subat-2011-carsamba-tarihli-rapor\/\" data-type=\"link\" data-id=\"https:\/\/swisslasik.ch\/patientenberichte-augen-lasern\/erfahrungsbericht-der-lasik-augen-op-vom-14-januar-2011-von-marcel-kaufmann-bericht-vom-mittwoch-16-februar-2011\/\">Sonraki rapor<\/a><\/p>\n<\/div>\n","protected":false},"excerpt":{"rendered":"<p>24 \u015eubat 2011 tarihinde \u0130stanbul&#8217;da ya\u015fad\u0131\u011f\u0131m g\u00f6z lazeri deneyimi \u2013 23 Mart 2011 \u00c7ar\u015famba g\u00fcn\u00fcne ait rapor Dienstag, 22. M\u00e4rz 2011 Juhui \u2013 ich habe meine Augen endlich lasern lassen!:-) Ich bin begeistert wie alles abgelaufen ist und vor allem bin ich \u00fcber das Ergebnis sehr gl\u00fccklich. Swisslasik Vor ungef\u00e4hr zwei Jahren hat mein Interesse f\u00fcr eine Augenlaserung angefangen. W\u00e4hrend zwei Jahren, mal mehr mal weniger, habe ich mich dann dar\u00fcber informiert und habe immer gewusst, dass ich das eines Tages machen m\u00f6chte. Nach ersten Erkundigungen \u00fcber das Thema im Internet bin ich sehr schnell auf www.swisslasik.ch gestossen. Diese Homepage habe ich dann immer wieder besucht \u2013 mir gefiel die gute Erkl\u00e4rung rund um eine Augenla-serung im Ausland, die Fotos von der Klinik machten mir einen positiven Eindruck und be-sonders sprach mich der kosteng\u00fcnstige Preis gegen\u00fcber einer Behandlung in der Schweiz an. Als ich meinem Freund Andy, von meinem m\u00f6glichen Vorhaben die Augen in Istanbul operieren zu lassen, erz\u00e4hlte, war er sehr skeptisch. Eines Tages erkannte Andy zuf\u00e4lliger-weise zuhause in der aufgeschlagenen Informationsdokumentation von Swisslasik, welche mir Herr Serdar Karaagacli zustellte, einen ehemaligen Arbeitskollegen Patrick auf dem Foto von einem Patientenbericht. Kurz darauf fand zwischen denen ein Telefongespr\u00e4ch statt \u2013 nach diesem Gespr\u00e4ch war Andy nicht mehr so kritisch f\u00fcr meine Absicht, da Patrick von seiner Erfahrung auch nur geschw\u00e4rmt hat, wie ich jetzt. Die Erz\u00e4hlungen von Patrick gaben mir damals noch mehr Sicherheit die Augen wirklich in Istanbul lasern zu wollen. Trotz meiner \u00dcberzeugung mit Swisslasik den richtigen Weg f\u00fcr meine Augenlaserung gefunden zu haben, wollte ich doch eine Informationsveranstaltung \u00fcber das Thema besuchen und mit einem Augenarzt pers\u00f6nlich sprechen und gewisse Fragen kl\u00e4ren. Also habe ich mich in der Schweiz an zwei Anl\u00e4ssen dar\u00fcber informiert. Eigentlich habe ich nichts anderes erfahren als ich unter www.swisslasik.ch auch gelesen habe. Auch habe ich dann Herr Serdar Karaagacli an der Z\u00fcspa (Z\u00fcrcher Herbstmesse) zum ersten Mal pers\u00f6nlich kennengelernt und noch ein paar offene Fragen gekl\u00e4rt. Zum Beispiel wollte ich wissen wer die Kontakt\u00e4rzte in der Schweiz sind, von denen ich dann die Adressen erhalten habe. Entscheidung und Planung Im Januar 2011 habe ich mich definitiv entschlossen die Augen sobald als m\u00f6glich lasern zu lassen. So besuchte ich nochmals Herr Serdar Kaaragacli und zwar am Samstag, den 29. Januar an der Ferienmesse in Z\u00fcrich und meldete mich bei ihm f\u00fcr einen Voruntersuchtermin beim Zuweisungsaugenarzt in Z\u00fcrich an und besprach m\u00f6gliche Reisedaten nach Istanbul f\u00fcr im Februar\/M\u00e4rz. Herr Serdar Kaaragacli war sehr freundlich und zuvorkommend und versuchte alle meine W\u00fcnsche zu erf\u00fcllen. In den darauf kommenden Tagen entschied ich mich die Reise nach Istanbul w\u00e4hrend dem letzten Februar-Wochenende und ein zwei Tage vorher (also ungef\u00e4hr Donnerstag bis Sonntag) zu machen. Gr\u00fcnde daf\u00fcr waren vor allem dass ich die Reise nicht mehr lange heraus z\u00f6gern wollte und Andy nur noch dieses Wochenende verreisen konnte (er ist viel gesch\u00e4ftlich unterwegs) \u2013 er musste und durfte mich begleiten, was er auch gerne machte, weil ich alleine zu feige gewesen w\u00e4re und ich nach der OP unbedingt ein paar Wochen vergehen lassen wollte bevor es in den Badeurlaub geht. Dieser habe ich \u00fcbrigens auch an der Ferienmesse Ende Januar gebucht. Als ich das Wunschdatum Herr Serdar Kaaragacli mitteilte, stellte sich heraus, dass am m\u00f6glichen OP-Termin Freitag, den 25. Februar, welcher er zur Auswahl hatte, kein Platz mehr war. Oh Schreck! In dem Moment hatte ich das Gef\u00fchl meine Nerven zu verlieren. Es w\u00e4re alles so perfekt gewesen, h\u00e4tte es geklappt wie ich mir vorstellte. Herr Serdar Kaaragacli sorgte aber daf\u00fcr, dass sich doch noch alles zum Gute wendete. Er rufte in der EyeSTAR Klinik an und fragte ob es einen anderen m\u00f6glichen OP-Termin gab. Und er teilte mir die freudige Nachricht mit, dass ich die Augenlaserung am Donnerstag, den 24. Februar durchf\u00fchren kann. Das hiess einfach schon am Mittwochabend, den 23. Februar anzureisen \u2013 das war kein Problem. Also reservierten wir am Donnerstag, den 24. Februar einen OP-Termin f\u00fcr mich, aber nur provisorisch da ich zuerst die Ergebnisse vom Voruntersuch in Z\u00fcrich haben wollte. Juhui \u2013 es standen alle Daten fest und ich musste nur noch zum Voruntersuch. Voruntersuchung in Z\u00fcrich Beim Voruntersuch am Freitag, den 11. Februar (2 Wochen vor meinem provisorischen OP-Termin in der EyeSTAR Klinik) erhielt ich wieder eine Nachricht, welche ich mir zuerst nicht w\u00fcnschte. Meine Augen waren gesund und kamen grunds\u00e4tzlich f\u00fcr eine Augenlaserung in Frage, zum Gl\u00fcck. Herr Dr. machte mich infolge meiner Untersuchungsergeb-nisse darauf aufmerksam, dass meine Hornhaut zu d\u00fcnn war um die Lasikmethode (Standart) anzuwenden und in meinem Falle am ehesten die Lasekmethode in Frage kommen w\u00fcrde. Oh Schreck! Eigentlich wollte ich anfangs gar keinen Voruntersuch in der Schweiz machen da ich \u00fcberzeugt war, dass ich die Lasikmethode machen kann. Aus irgendeinem Grund vereinbarte ich Ende Januar doch den Voruntersuchungstermin. Zum Gl\u00fcck! Nach dem f\u00fcr mich neuen Gedanken nicht die Lasikmethode machen zu lassen informierte ich mich \u00fcber das Wochenende sehr genau \u00fcber die Lasekmethode. Ich hatte Angst nach der Augen-OP m\u00f6glicherweise f\u00fcr l\u00e4ngere Zeit nicht arbeiten zu k\u00f6nnen da die Heilungsphase bei Lasek l\u00e4nger dauern w\u00fcrde als bei der Lasikmethode. Trotz allem entschied ich mich ca. 1 \u00bd Wochen vor dem provisorischen OP-Termin f\u00fcr die Reise nach Istanbul. Herr Serdar Kaaragacli hat daraufhin alles organisiert, Flugbuchungen, Transfer Flughafen \u2013 Hotel \u2013 Klinik, etc. Das Hotel buchte ich selber da Andy f\u00fcr das M\u00f6venpick Hotel arbeitet. Gl\u00fccklicherweise sagte Herr Serdar Kaaragacli, dass das kein Problem ist. Er informierte sich \u00fcber die Hotellage und meinte, das Hotel liegt nicht sehr nah von der Klinik aber sie ist innerhalb 20 Fahrminuten erreichbar und wir werden selbstverst\u00e4ndlich immer gefahren. Augenbehandlung in Istanbul Am Mittwoch, den 23. Februar war es soweit. Andy und ich flogen am Abend nach Istanbul wo wir von einem Angestellten von der EyeSTAR Klinik abgeholt, und in unser Hotel gebracht, wurden. Dieser war sehr nett und sprach gut deutsch. Er holte uns am anderen Morgen um 10:30 Uhr im Hotel wieder ab da mein Voruntersuch in der EyeSTAR um 11:00 Uhr stattfand. Die EyeSTAR Klinik ist hell und<\/p>\n","protected":false},"author":4,"featured_media":0,"parent":3650,"menu_order":0,"comment_status":"closed","ping_status":"closed","template":"","meta":{"_joinchat":[],"footnotes":""},"class_list":["post-3681","page","type-page","status-publish","hentry"],"acf":[],"_links":{"self":[{"href":"https:\/\/swisslasik.ch\/tr\/wp-json\/wp\/v2\/pages\/3681","targetHints":{"allow":["GET"]}}],"collection":[{"href":"https:\/\/swisslasik.ch\/tr\/wp-json\/wp\/v2\/pages"}],"about":[{"href":"https:\/\/swisslasik.ch\/tr\/wp-json\/wp\/v2\/types\/page"}],"author":[{"embeddable":true,"href":"https:\/\/swisslasik.ch\/tr\/wp-json\/wp\/v2\/users\/4"}],"replies":[{"embeddable":true,"href":"https:\/\/swisslasik.ch\/tr\/wp-json\/wp\/v2\/comments?post=3681"}],"version-history":[{"count":2,"href":"https:\/\/swisslasik.ch\/tr\/wp-json\/wp\/v2\/pages\/3681\/revisions"}],"predecessor-version":[{"id":4797,"href":"https:\/\/swisslasik.ch\/tr\/wp-json\/wp\/v2\/pages\/3681\/revisions\/4797"}],"up":[{"embeddable":true,"href":"https:\/\/swisslasik.ch\/tr\/wp-json\/wp\/v2\/pages\/3650"}],"wp:attachment":[{"href":"https:\/\/swisslasik.ch\/tr\/wp-json\/wp\/v2\/media?parent=3681"}],"curies":[{"name":"wp","href":"https:\/\/api.w.org\/{rel}","templated":true}]}}