{"id":3685,"date":"2025-09-24T14:17:34","date_gmt":"2025-09-24T13:17:34","guid":{"rendered":"https:\/\/swisslasik.ch\/patientenberichte-augen-lasern\/istanbul-acibadem-hastanesinde-yaptirdigim-liposuction-islemine-dair-rapor-7-agustos-2011-pazar\/"},"modified":"2026-01-14T18:53:11","modified_gmt":"2026-01-14T17:53:11","slug":"istanbul-acibadem-hastanesinde-yaptirdigim-liposuction-islemine-dair-rapor-7-agustos-2011-pazar","status":"publish","type":"page","link":"https:\/\/swisslasik.ch\/tr\/patientenberichte-augen-lasern\/istanbul-acibadem-hastanesinde-yaptirdigim-liposuction-islemine-dair-rapor-7-agustos-2011-pazar\/","title":{"rendered":"\u0130stanbul Ac\u0131badem Hastanesi&#8217;nde yapt\u0131rd\u0131\u011f\u0131m liposuction i\u015flemine dair rapor \u2013 7 A\u011fustos 2011, Pazar"},"content":{"rendered":"\n<h3 class=\"wp-block-heading\">\u0130stanbul Ac\u0131badem Hastanesi&#8217;nde yapt\u0131rd\u0131\u011f\u0131m liposuction i\u015flemine dair rapor \u2013 7 A\u011fustos 2011, Pazar<\/h3>\n\n\n\n<p>Uzun zamand\u0131r kal\u00e7a ve bacaklar\u0131mdaki ya\u011f birikintileri beni rahats\u0131z ediyordu. Diyet yapmama ve \u00e7ok spor yapmama ra\u011fmen bu b\u00f6lgeler incelmiyordu. \u0130nternette bir ameliyat hakk\u0131nda detayl\u0131 \u015fekilde ara\u015ft\u0131rma yapt\u0131m. Olas\u0131 sonu\u00e7lar ve riskler hakk\u0131nda da bilgi edindim. \u00c7ok say\u0131da olumlu deneyim payla\u015f\u0131m\u0131 vard\u0131 ve sonu\u00e7lar ger\u00e7ekten \u00e7ok iyiydi. Bir s\u00fcre sonra b\u00f6yle bir ya\u011f ald\u0131rma i\u015flemi yapt\u0131rmaya karar verdim. Art\u0131k sadece uygun bir cerrah bulmam gerekiyordu.<br>Bir arkada\u015f\u0131m g\u00f6z ameliyat\u0131 i\u00e7in \u0130stanbul\u2019a gitti\u011fi i\u00e7in, bu i\u015flemi \u0130stanbul\u2019da yapt\u0131rma fikri akl\u0131ma geldi. Ayn\u0131 zamanda tatilde olup, sonras\u0131nda de\u011fi\u015fmi\u015f olarak d\u00f6nme fikri de bana \u00e7ok iyi geldi. Bunun \u00fczerine Swisslasik\u2019ten cerrah hakk\u0131nda bilgi ald\u0131m ve k\u0131sa s\u00fcrede \u00f6zge\u00e7mi\u015fi bana g\u00f6nderildi. \u00d6zge\u00e7mi\u015ften, Say\u0131n S\u00fckr\u00fc Yazar\u2019\u0131n estetik operasyonlar konusunda ger\u00e7ekten \u00e7ok iyi ve g\u00fcvenilir bir isim oldu\u011fu anla\u015f\u0131l\u0131yordu.<br>\u0130lk ba\u015fta T\u00fcrkiye\u2019de ameliyat olmak d\u00fc\u015f\u00fcncesi bana biraz garip gelmi\u015fti. Ancak asl\u0131nda riskler her yerde ayn\u0131. Her zaman bir \u015feyler ters gidebilir. Hastaneyi internet \u00fczerinden sanal olarak gezmek de m\u00fcmk\u00fcnd\u00fc ve a\u00e7\u0131k\u00e7as\u0131 bu bana \u00e7ok iyi bir izlenim verdi. B\u00f6ylece karar\u0131m\u0131 verdim ve ameliyat i\u00e7in kay\u0131t yapt\u0131rd\u0131m.<br>Arkada\u015f\u0131mla birlikte Z\u00fcrih\u2019ten \u0130stanbul\u2019a u\u00e7tuk. Orada Ac\u0131badem Hastanesi\u2019nin \u015fof\u00f6r\u00fc taraf\u0131ndan kar\u015f\u0131land\u0131k ve \u00f6n muayene i\u00e7in cerrah\u0131n yan\u0131na g\u00f6t\u00fcr\u00fcld\u00fck. Hastanede beni dan\u0131\u015fman\u0131m \u015eeyma kar\u015f\u0131lad\u0131. Ne yaz\u0131k ki sadece \u0130ngilizce konu\u015fuyordu. Ancak \u0130ngilizcem iyi oldu\u011fu i\u00e7in bu benim i\u00e7in b\u00fcy\u00fck bir sorun olmad\u0131. Ayr\u0131ca Almanca konu\u015fan dan\u0131\u015fmanlar da mevcut.<br>Ki\u015fisel bilgilerim al\u0131nd\u0131 ve k\u0131sa bir s\u00fcre sonra cerrahla g\u00f6r\u00fc\u015fmeye girdim. V\u00fccut yap\u0131m\u0131 inceledi, ya\u011f al\u0131nmas\u0131 gereken b\u00f6lgeleri g\u00f6sterdi ve riskleri bir kez daha anlatt\u0131. Ayr\u0131ca anestezi t\u00fcr\u00fcn\u00fc de konu\u015ftuk. Benim i\u00e7in genel anestezi uygun olmad\u0131\u011f\u0131 i\u00e7in bir anestezi uzman\u0131n\u0131n da s\u00fcrece dahil edilmesi gerekiyordu. Lokal anestezi istedim ve bu iste\u011fim de kabul edildi. Ard\u0131ndan kan al\u0131nd\u0131. Sonras\u0131nda otele g\u00f6t\u00fcr\u00fcld\u00fcm. Gece \u00e7ok dinlendirici ge\u00e7medi, \u00e7\u00fcnk\u00fc olduk\u00e7a heyecanl\u0131yd\u0131m.<br>Ertesi g\u00fcn sabah saat 07.00\u2019de al\u0131nd\u0131m ve hastaneye g\u00f6t\u00fcr\u00fcld\u00fcm. Orada bana odam g\u00f6sterildi, biraz yerle\u015ftim ve k\u0131sa s\u00fcre sonra doktor geldi ve ya\u011f al\u0131nacak b\u00f6lgeleri \u00e7izdi. Daha sonra anestezi doktoru geldi ve benimle se\u00e7ti\u011fimiz anesteziyi tekrar konu\u015ftu. K\u0131sa bir s\u00fcre sonra ameliyathaneye al\u0131nd\u0131m. Anestezi yap\u0131ld\u0131 ve yar\u0131 uyku halinde bir duruma ge\u00e7irildim. Operasyon s\u0131ras\u0131nda hi\u00e7bir \u015fey hissetmedim. Yakla\u015f\u0131k 2 saat sonra uyand\u0131r\u0131ld\u0131m ve ameliyat\u0131n bitti\u011fi s\u00f6ylendi.                                       K\u0131sa bir s\u00fcre uyanma odas\u0131nda kalmam gerekti, ard\u0131ndan hem\u015fire beni tekrar odama g\u00f6t\u00fcrd\u00fc. Kendimi iyi hissediyordum ama h\u00e2l\u00e2 biraz sersemlemi\u015ftim. Birka\u00e7 saat sonra Say\u0131n S\u00fckr\u00fc Yazar odama geldi, nas\u0131l oldu\u011fumu ve a\u011fr\u0131m olup olmad\u0131\u011f\u0131n\u0131 sordu. Daha sonra bana s\u0131v\u0131 ve biraz a\u011fr\u0131 kesici i\u00e7eren bir serum tak\u0131ld\u0131. Ayr\u0131ca yemek de verildi.<br>Ameliyattan sonra m\u00fcmk\u00fcn oldu\u011funca erken aya\u011fa kalkmak \u00f6nemli oldu\u011fu i\u00e7in bir hem\u015fire gelip aya\u011fa kalkmama yard\u0131mc\u0131 oldu. Tuvalete giderken yol biraz g\u00fcvensizdi ama y\u00fcr\u00fcyebiliyordum. Hem\u015fireler ger\u00e7ekten \u00e7ok nazik ve ilgiliydiler, b\u00fcy\u00fck bir \u00f6zen g\u00f6sterdiler. S\u00fcrekli sevgiyle ilgilenildim ve bak\u0131ld\u0131m. Zaman zaman ileti\u015fim biraz zor olsa da el kol hareketleriyle gayet iyi anla\u015ft\u0131k. Ak\u015fam saatlerine do\u011fru tekrar kendi ba\u015f\u0131ma y\u00fcr\u00fcyebiliyordum.<br>Bir gece hastanede kalmam gerekti. Ertesi sabah cerrah tekrar geldi ve ilk kez kal\u00e7a ve bacaklar\u0131ma bakabildim. A\u00e7\u0131k\u00e7as\u0131 g\u00f6r\u00fcnt\u00fc pek g\u00fczel de\u011fildi, her yer mavi, ye\u015fil ve mor renkteydi. Ama kal\u00e7alar\u0131mda belirgin bir incelme fark ediliyordu. Bundan \u00e7ok memnun kald\u0131m. Ayr\u0131ca bana ila\u00e7lar i\u00e7in bir re\u00e7ete verdi ve nas\u0131l kullanmam gerekti\u011fini anlatt\u0131. Bir s\u00fcre sonra gen\u00e7 bir g\u00f6revli gelip ila\u00e7lar\u0131m\u0131 getirdi. Ard\u0131ndan taburcu edildim ve \u015fof\u00f6r beni otele g\u00f6t\u00fcrd\u00fc.<br>Sonu\u00e7 olarak hastanedeki konaklamam\u0131n \u00e7ok konforlu oldu\u011funu s\u00f6yleyebilirim. Hizmet m\u00fckemmeldi ve tek ki\u015filik oda neredeyse bir otel odas\u0131 gibiydi. Ger\u00e7ekten \u00e7ok \u00fcst d\u00fczeydi. G\u00fcn boyunca biraz yorgundum ama yine de biraz dola\u015fabildim. A\u011fr\u0131lar yava\u015f yava\u015f hissedilmeye ba\u015flad\u0131, yo\u011fun bir kas a\u011fr\u0131s\u0131 gibiydi. Gece ila\u00e7lar sayesinde iyi uyudum.<br>Ertesi sabah ilk kez du\u015f ald\u0131m. Genel olarak iyi ge\u00e7ti ama hareketlerim olduk\u00e7a k\u0131s\u0131tl\u0131yd\u0131. A\u011fr\u0131lar h\u00e2l\u00e2 vard\u0131 ve ameliyatl\u0131 b\u00f6lgeler bana \u00e7ok k\u00f6t\u00fc g\u00f6r\u00fcn\u00fcyordu. Ancak iyi ara\u015ft\u0131rma yapt\u0131\u011f\u0131m i\u00e7in bunun normal oldu\u011funu biliyordum. O g\u00fcn hatta Kapal\u0131\u00e7ar\u015f\u0131\u2019y\u0131 bile gezdik. Fakat \u00e7abuk yoruldum ve tekrar otele d\u00f6nm\u00fc\u015f olmaktan memnun oldum.<br>Bir sonraki g\u00fcn \u0130svi\u00e7re\u2019ye geri d\u00f6nd\u00fck. U\u00e7u\u015f sorunsuz ge\u00e7ti ve eve d\u00f6nm\u00fc\u015f olmaktan mutluydum. Nihayet \u00f6zel korsemi \u00e7\u0131kar\u0131p y\u0131kayabildim. A\u011fr\u0131lar belirgin \u015fekilde azalm\u0131\u015ft\u0131 ve daha rahat hareket edebiliyordum. Yolculuktan sonra \u00e7ok iyi uyudum.<br>Bug\u00fcn, operasyondan yakla\u015f\u0131k 4 hafta sonra, art\u0131k hi\u00e7 a\u011fr\u0131m yok ve morluklar tamamen ge\u00e7ti. \u0130zler o kadar k\u00fc\u00e7\u00fck ki neredeyse fark edilmiyor. Nihai sonu\u00e7 hen\u00fcz tam olarak ortaya \u00e7\u0131kmad\u0131 ama \u015fu an g\u00f6rd\u00fc\u011f\u00fcm sonu\u00e7tan \u00e7ok memnunum.<br>Jeanette Kramer                                         <\/p>\n\n\n\n<div class=\"wp-block-group is-layout-grid wp-container-core-group-is-layout-baef362d wp-block-group-is-layout-grid\">\n<p><a href=\"https:\/\/medicaltravel.at\/home\/agb\/\" data-type=\"page\" data-id=\"2191\" rel=\"nofollow noopener\" target=\"_blank\"><\/a><a href=\"https:\/\/swisslasik.ch\/tr\/patientenberichte-augen-lasern\/acibadem-hastanesinde-istanbuldaki-kisirlik-tedavimiz-14-agustos-2011-pazar-tarihli-rapor\/\" data-type=\"link\" data-id=\"https:\/\/swisslasik.ch\/tr\/patientenberichte-augen-lasern\/acibadem-hastanesinde-istanbuldaki-kisirlik-tedavimiz-14-agustos-2011-pazar-tarihli-rapor\/\">\u00d6nceki rapor<\/a><\/p>\n\n\n\n<p class=\"has-text-align-right wp-container-content-5e2576f9\"><a href=\"https:\/\/medicaltravel.at\/home\/impressum\/\" data-type=\"page\" data-id=\"2193\" rel=\"nofollow noopener\" target=\"_blank\"><\/a><a href=\"https:\/\/medicaltravel.at\/home\/berichte-von-patienten\/erfahrungsberichte\/erfahrungsbericht-zahnbehandlung-in-istanbul\/\" data-type=\"page\" data-id=\"981\" rel=\"nofollow noopener\" target=\"_blank\"><\/a><a href=\"https:\/\/swisslasik.ch\/tr\/patientenberichte-augen-lasern\/istanbuldaki-dis-tedavim-6-agustos-2011-cumartesi-tarihli-rapor\/\" data-type=\"link\" data-id=\"https:\/\/swisslasik.ch\/tr\/patientenberichte-augen-lasern\/istanbuldaki-dis-tedavim-6-agustos-2011-cumartesi-tarihli-rapor\/\">Sonraki rapor<\/a><\/p>\n<\/div>\n","protected":false},"excerpt":{"rendered":"<p>\u0130stanbul Ac\u0131badem Hastanesi&#8217;nde yapt\u0131rd\u0131\u011f\u0131m liposuction i\u015flemine dair rapor \u2013 7 A\u011fustos 2011, Pazar Uzun zamand\u0131r kal\u00e7a ve bacaklar\u0131mdaki ya\u011f birikintileri beni rahats\u0131z ediyordu. Diyet yapmama ve \u00e7ok spor yapmama ra\u011fmen bu b\u00f6lgeler incelmiyordu. \u0130nternette bir ameliyat hakk\u0131nda detayl\u0131 \u015fekilde ara\u015ft\u0131rma yapt\u0131m. Olas\u0131 sonu\u00e7lar ve riskler hakk\u0131nda da bilgi edindim. \u00c7ok say\u0131da olumlu deneyim payla\u015f\u0131m\u0131 vard\u0131 ve sonu\u00e7lar ger\u00e7ekten \u00e7ok iyiydi. Bir s\u00fcre sonra b\u00f6yle bir ya\u011f ald\u0131rma i\u015flemi yapt\u0131rmaya karar verdim. Art\u0131k sadece uygun bir cerrah bulmam gerekiyordu.Bir arkada\u015f\u0131m g\u00f6z ameliyat\u0131 i\u00e7in \u0130stanbul\u2019a gitti\u011fi i\u00e7in, bu i\u015flemi \u0130stanbul\u2019da yapt\u0131rma fikri akl\u0131ma geldi. Ayn\u0131 zamanda tatilde olup, sonras\u0131nda de\u011fi\u015fmi\u015f olarak d\u00f6nme fikri de bana \u00e7ok iyi geldi. Bunun \u00fczerine Swisslasik\u2019ten cerrah hakk\u0131nda bilgi ald\u0131m ve k\u0131sa s\u00fcrede \u00f6zge\u00e7mi\u015fi bana g\u00f6nderildi. \u00d6zge\u00e7mi\u015ften, Say\u0131n S\u00fckr\u00fc Yazar\u2019\u0131n estetik operasyonlar konusunda ger\u00e7ekten \u00e7ok iyi ve g\u00fcvenilir bir isim oldu\u011fu anla\u015f\u0131l\u0131yordu.\u0130lk ba\u015fta T\u00fcrkiye\u2019de ameliyat olmak d\u00fc\u015f\u00fcncesi bana biraz garip gelmi\u015fti. Ancak asl\u0131nda riskler her yerde ayn\u0131. Her zaman bir \u015feyler ters gidebilir. Hastaneyi internet \u00fczerinden sanal olarak gezmek de m\u00fcmk\u00fcnd\u00fc ve a\u00e7\u0131k\u00e7as\u0131 bu bana \u00e7ok iyi bir izlenim verdi. B\u00f6ylece karar\u0131m\u0131 verdim ve ameliyat i\u00e7in kay\u0131t yapt\u0131rd\u0131m.Arkada\u015f\u0131mla birlikte Z\u00fcrih\u2019ten \u0130stanbul\u2019a u\u00e7tuk. Orada Ac\u0131badem Hastanesi\u2019nin \u015fof\u00f6r\u00fc taraf\u0131ndan kar\u015f\u0131land\u0131k ve \u00f6n muayene i\u00e7in cerrah\u0131n yan\u0131na g\u00f6t\u00fcr\u00fcld\u00fck. Hastanede beni dan\u0131\u015fman\u0131m \u015eeyma kar\u015f\u0131lad\u0131. Ne yaz\u0131k ki sadece \u0130ngilizce konu\u015fuyordu. Ancak \u0130ngilizcem iyi oldu\u011fu i\u00e7in bu benim i\u00e7in b\u00fcy\u00fck bir sorun olmad\u0131. Ayr\u0131ca Almanca konu\u015fan dan\u0131\u015fmanlar da mevcut.Ki\u015fisel bilgilerim al\u0131nd\u0131 ve k\u0131sa bir s\u00fcre sonra cerrahla g\u00f6r\u00fc\u015fmeye girdim. V\u00fccut yap\u0131m\u0131 inceledi, ya\u011f al\u0131nmas\u0131 gereken b\u00f6lgeleri g\u00f6sterdi ve riskleri bir kez daha anlatt\u0131. Ayr\u0131ca anestezi t\u00fcr\u00fcn\u00fc de konu\u015ftuk. Benim i\u00e7in genel anestezi uygun olmad\u0131\u011f\u0131 i\u00e7in bir anestezi uzman\u0131n\u0131n da s\u00fcrece dahil edilmesi gerekiyordu. Lokal anestezi istedim ve bu iste\u011fim de kabul edildi. Ard\u0131ndan kan al\u0131nd\u0131. Sonras\u0131nda otele g\u00f6t\u00fcr\u00fcld\u00fcm. Gece \u00e7ok dinlendirici ge\u00e7medi, \u00e7\u00fcnk\u00fc olduk\u00e7a heyecanl\u0131yd\u0131m.Ertesi g\u00fcn sabah saat 07.00\u2019de al\u0131nd\u0131m ve hastaneye g\u00f6t\u00fcr\u00fcld\u00fcm. Orada bana odam g\u00f6sterildi, biraz yerle\u015ftim ve k\u0131sa s\u00fcre sonra doktor geldi ve ya\u011f al\u0131nacak b\u00f6lgeleri \u00e7izdi. Daha sonra anestezi doktoru geldi ve benimle se\u00e7ti\u011fimiz anesteziyi tekrar konu\u015ftu. K\u0131sa bir s\u00fcre sonra ameliyathaneye al\u0131nd\u0131m. Anestezi yap\u0131ld\u0131 ve yar\u0131 uyku halinde bir duruma ge\u00e7irildim. Operasyon s\u0131ras\u0131nda hi\u00e7bir \u015fey hissetmedim. Yakla\u015f\u0131k 2 saat sonra uyand\u0131r\u0131ld\u0131m ve ameliyat\u0131n bitti\u011fi s\u00f6ylendi. K\u0131sa bir s\u00fcre uyanma odas\u0131nda kalmam gerekti, ard\u0131ndan hem\u015fire beni tekrar odama g\u00f6t\u00fcrd\u00fc. Kendimi iyi hissediyordum ama h\u00e2l\u00e2 biraz sersemlemi\u015ftim. Birka\u00e7 saat sonra Say\u0131n S\u00fckr\u00fc Yazar odama geldi, nas\u0131l oldu\u011fumu ve a\u011fr\u0131m olup olmad\u0131\u011f\u0131n\u0131 sordu. Daha sonra bana s\u0131v\u0131 ve biraz a\u011fr\u0131 kesici i\u00e7eren bir serum tak\u0131ld\u0131. Ayr\u0131ca yemek de verildi.Ameliyattan sonra m\u00fcmk\u00fcn oldu\u011funca erken aya\u011fa kalkmak \u00f6nemli oldu\u011fu i\u00e7in bir hem\u015fire gelip aya\u011fa kalkmama yard\u0131mc\u0131 oldu. Tuvalete giderken yol biraz g\u00fcvensizdi ama y\u00fcr\u00fcyebiliyordum. Hem\u015fireler ger\u00e7ekten \u00e7ok nazik ve ilgiliydiler, b\u00fcy\u00fck bir \u00f6zen g\u00f6sterdiler. S\u00fcrekli sevgiyle ilgilenildim ve bak\u0131ld\u0131m. Zaman zaman ileti\u015fim biraz zor olsa da el kol hareketleriyle gayet iyi anla\u015ft\u0131k. Ak\u015fam saatlerine do\u011fru tekrar kendi ba\u015f\u0131ma y\u00fcr\u00fcyebiliyordum.Bir gece hastanede kalmam gerekti. Ertesi sabah cerrah tekrar geldi ve ilk kez kal\u00e7a ve bacaklar\u0131ma bakabildim. A\u00e7\u0131k\u00e7as\u0131 g\u00f6r\u00fcnt\u00fc pek g\u00fczel de\u011fildi, her yer mavi, ye\u015fil ve mor renkteydi. Ama kal\u00e7alar\u0131mda belirgin bir incelme fark ediliyordu. Bundan \u00e7ok memnun kald\u0131m. Ayr\u0131ca bana ila\u00e7lar i\u00e7in bir re\u00e7ete verdi ve nas\u0131l kullanmam gerekti\u011fini anlatt\u0131. Bir s\u00fcre sonra gen\u00e7 bir g\u00f6revli gelip ila\u00e7lar\u0131m\u0131 getirdi. Ard\u0131ndan taburcu edildim ve \u015fof\u00f6r beni otele g\u00f6t\u00fcrd\u00fc.Sonu\u00e7 olarak hastanedeki konaklamam\u0131n \u00e7ok konforlu oldu\u011funu s\u00f6yleyebilirim. Hizmet m\u00fckemmeldi ve tek ki\u015filik oda neredeyse bir otel odas\u0131 gibiydi. Ger\u00e7ekten \u00e7ok \u00fcst d\u00fczeydi. G\u00fcn boyunca biraz yorgundum ama yine de biraz dola\u015fabildim. A\u011fr\u0131lar yava\u015f yava\u015f hissedilmeye ba\u015flad\u0131, yo\u011fun bir kas a\u011fr\u0131s\u0131 gibiydi. Gece ila\u00e7lar sayesinde iyi uyudum.Ertesi sabah ilk kez du\u015f ald\u0131m. Genel olarak iyi ge\u00e7ti ama hareketlerim olduk\u00e7a k\u0131s\u0131tl\u0131yd\u0131. A\u011fr\u0131lar h\u00e2l\u00e2 vard\u0131 ve ameliyatl\u0131 b\u00f6lgeler bana \u00e7ok k\u00f6t\u00fc g\u00f6r\u00fcn\u00fcyordu. Ancak iyi ara\u015ft\u0131rma yapt\u0131\u011f\u0131m i\u00e7in bunun normal oldu\u011funu biliyordum. O g\u00fcn hatta Kapal\u0131\u00e7ar\u015f\u0131\u2019y\u0131 bile gezdik. Fakat \u00e7abuk yoruldum ve tekrar otele d\u00f6nm\u00fc\u015f olmaktan memnun oldum.Bir sonraki g\u00fcn \u0130svi\u00e7re\u2019ye geri d\u00f6nd\u00fck. U\u00e7u\u015f sorunsuz ge\u00e7ti ve eve d\u00f6nm\u00fc\u015f olmaktan mutluydum. Nihayet \u00f6zel korsemi \u00e7\u0131kar\u0131p y\u0131kayabildim. A\u011fr\u0131lar belirgin \u015fekilde azalm\u0131\u015ft\u0131 ve daha rahat hareket edebiliyordum. Yolculuktan sonra \u00e7ok iyi uyudum.Bug\u00fcn, operasyondan yakla\u015f\u0131k 4 hafta sonra, art\u0131k hi\u00e7 a\u011fr\u0131m yok ve morluklar tamamen ge\u00e7ti. \u0130zler o kadar k\u00fc\u00e7\u00fck ki neredeyse fark edilmiyor. Nihai sonu\u00e7 hen\u00fcz tam olarak ortaya \u00e7\u0131kmad\u0131 ama \u015fu an g\u00f6rd\u00fc\u011f\u00fcm sonu\u00e7tan \u00e7ok memnunum.Jeanette Kramer \u00d6nceki rapor Sonraki rapor<\/p>\n","protected":false},"author":4,"featured_media":0,"parent":3650,"menu_order":0,"comment_status":"closed","ping_status":"closed","template":"","meta":{"_joinchat":[],"footnotes":""},"class_list":["post-3685","page","type-page","status-publish","hentry"],"acf":[],"_links":{"self":[{"href":"https:\/\/swisslasik.ch\/tr\/wp-json\/wp\/v2\/pages\/3685","targetHints":{"allow":["GET"]}}],"collection":[{"href":"https:\/\/swisslasik.ch\/tr\/wp-json\/wp\/v2\/pages"}],"about":[{"href":"https:\/\/swisslasik.ch\/tr\/wp-json\/wp\/v2\/types\/page"}],"author":[{"embeddable":true,"href":"https:\/\/swisslasik.ch\/tr\/wp-json\/wp\/v2\/users\/4"}],"replies":[{"embeddable":true,"href":"https:\/\/swisslasik.ch\/tr\/wp-json\/wp\/v2\/comments?post=3685"}],"version-history":[{"count":2,"href":"https:\/\/swisslasik.ch\/tr\/wp-json\/wp\/v2\/pages\/3685\/revisions"}],"predecessor-version":[{"id":4789,"href":"https:\/\/swisslasik.ch\/tr\/wp-json\/wp\/v2\/pages\/3685\/revisions\/4789"}],"up":[{"embeddable":true,"href":"https:\/\/swisslasik.ch\/tr\/wp-json\/wp\/v2\/pages\/3650"}],"wp:attachment":[{"href":"https:\/\/swisslasik.ch\/tr\/wp-json\/wp\/v2\/media?parent=3685"}],"curies":[{"name":"wp","href":"https:\/\/api.w.org\/{rel}","templated":true}]}}