{"id":3687,"date":"2025-09-24T14:20:44","date_gmt":"2025-09-24T13:20:44","guid":{"rendered":"https:\/\/swisslasik.ch\/patientenberichte-augen-lasern\/istanbuldaki-dis-tedavim-4-haziran-2011-cumartesi-tarihli-rapor\/"},"modified":"2026-01-14T18:57:59","modified_gmt":"2026-01-14T17:57:59","slug":"istanbuldaki-dis-tedavim-4-haziran-2011-cumartesi-tarihli-rapor","status":"publish","type":"page","link":"https:\/\/swisslasik.ch\/tr\/patientenberichte-augen-lasern\/istanbuldaki-dis-tedavim-4-haziran-2011-cumartesi-tarihli-rapor\/","title":{"rendered":"\u0130stanbul&#8217;daki di\u015f tedavim \u2013 4 Haziran 2011 Cumartesi tarihli rapor"},"content":{"rendered":"\n<h3 class=\"wp-block-heading\">\u0130stanbul&#8217;daki di\u015f tedavim \u2013 4 Haziran 2011 Cumartesi tarihli rapor<\/h3>\n\n<p>T\u00fcrkiye\u2019de yapt\u0131rd\u0131\u011f\u0131m di\u015f tedavisinden \u00e7ok memnun kald\u0131m. \u0130nternette SwissLasik\u2019in \u0130stanbul\u2019daki di\u015f tedavileriyle ilgili bilgilere rastlad\u0131m. K\u0131z\u0131m ve ben, SwissLasik\u2019in St. Gallen\u2019de d\u00fczenlenen Tatil Fuar\u0131\u2019nda bir stand\u0131 oldu\u011funu \u00f6\u011frendik. Bizlere \u00fccretsiz giri\u015f biletleri verildi. Orada her \u015fey \u00e7ok detayl\u0131 ve anla\u015f\u0131l\u0131r \u015fekilde anlat\u0131ld\u0131\u011f\u0131 i\u00e7in di\u015flerimi \u0130stanbul\u2019daki Stomadenta Klini\u011fi\u2019nde yapt\u0131rmaya karar verdim.<br\/>T\u00fcm s\u00fcre\u00e7 \u00e7ok iyi organize edilmi\u015fti. U\u00e7ak, otel, havaalan\u0131 transferi, oteldeki d\u00fczenlemeler ve di\u015f klini\u011findeki randevular sorunsuz ve kusursuz \u015fekilde ger\u00e7ekle\u015fti. Klinik\u00adte beni Dr. Bilhan Almanca olarak \u00e7ok s\u0131cak bir \u015fekilde kar\u015f\u0131lad\u0131. Tedavi s\u00fcrecini benimle ayr\u0131nt\u0131l\u0131 olarak konu\u015ftu ve ard\u0131ndan hemen tedaviye ba\u015fland\u0131.<br\/>Di\u015f \u00e7ekimleri yap\u0131ld\u0131 ve narkoz alt\u0131nda 5 implant yerle\u015ftirildi. \u0130ki di\u015fin ise bir sonraki seansta dolgu yap\u0131lmas\u0131 gerekiyordu. Sunulan t\u00fcm hizmetlerden son derece memnun kald\u0131m.<br\/>Kas\u0131m ay\u0131nda implantlar\u0131n \u00fczerine di\u015flerin yerle\u015ftirilmesi ve ayr\u0131ca bir k\u00f6pr\u00fc yap\u0131lmas\u0131 i\u00e7in tekrar \u0130stanbul\u2019a gidece\u011fim. Bu kez \u0130stanbul\u2019daki di\u015f\u00e7iye hi\u00e7bir korkum olmadan gidiyorum. SwissLasik\u2019i g\u00f6n\u00fcl rahatl\u0131\u011f\u0131yla herkese tavsiye edebilirim.<br\/>Ayr\u0131ca fiyat\u2013performans a\u00e7\u0131s\u0131ndan \u0130stanbul, \u0130svi\u00e7re\u2019ye g\u00f6re \u00e7ok daha uygundu. Bu tedaviyi \u0130svi\u00e7re\u2019de yapt\u0131rmam benim i\u00e7in m\u00fcmk\u00fcn olmazd\u0131.<br\/>Her \u015fey i\u00e7in \u00e7ok te\u015fekk\u00fcr ederim.<br\/>Beatrice Bischof<br\/>L\u00fcchingen                 <\/p>\n\n<div class=\"wp-block-group is-layout-grid wp-container-core-group-is-layout-baef362d wp-block-group-is-layout-grid\">\n<p><a href=\"https:\/\/medicaltravel.at\/home\/agb\/\" data-type=\"page\" data-id=\"2191\" rel=\"nofollow noopener\" target=\"_blank\"><\/a><a href=\"https:\/\/swisslasik.ch\/tr\/patientenberichte-augen-lasern\/21-nisan-2011deki-goez-lazer-ameliyati-yolculugum-13-haziran-2011-pazartesi-tarihli-rapor\/\" data-type=\"link\" data-id=\"https:\/\/swisslasik.ch\/patientenberichte-augen-lasern\/meine-augenlaserreise-vom-21-4-2011-bericht-vom-montag-13-juni-2011\/\">\u00d6nceki rapor<\/a><\/p>\n\n\n\n<p class=\"has-text-align-right wp-container-content-5e2576f9\"><a href=\"https:\/\/medicaltravel.at\/home\/impressum\/\" data-type=\"page\" data-id=\"2193\" rel=\"nofollow noopener\" target=\"_blank\"><\/a><a href=\"https:\/\/medicaltravel.at\/home\/berichte-von-patienten\/erfahrungsberichte\/erfahrungsbericht-zahnbehandlung-in-istanbul\/\" data-type=\"page\" data-id=\"981\" rel=\"nofollow noopener\" target=\"_blank\"><\/a><a href=\"https:\/\/swisslasik.ch\/tr\/patientenberichte-augen-lasern\/2011-nisan-ayindaki-lazer-goez-ameliyatim-2-haziran-2011-persembe-tarihli-rapor\/\" data-type=\"link\" data-id=\"https:\/\/swisslasik.ch\/patientenberichte-augen-lasern\/meine-augenlaser-operation-im-april-2011-bericht-vom-donnerstag-02-juni-2011\/\">Sonraki rapor<\/a><\/p>\n<\/div>\n","protected":false},"excerpt":{"rendered":"<p>\u0130stanbul&#8217;daki di\u015f tedavim \u2013 4 Haziran 2011 Cumartesi tarihli rapor T\u00fcrkiye\u2019de yapt\u0131rd\u0131\u011f\u0131m di\u015f tedavisinden \u00e7ok memnun kald\u0131m. \u0130nternette SwissLasik\u2019in \u0130stanbul\u2019daki di\u015f tedavileriyle ilgili bilgilere rastlad\u0131m. K\u0131z\u0131m ve ben, SwissLasik\u2019in St. Gallen\u2019de d\u00fczenlenen Tatil Fuar\u0131\u2019nda bir stand\u0131 oldu\u011funu \u00f6\u011frendik. Bizlere \u00fccretsiz giri\u015f biletleri verildi. Orada her \u015fey \u00e7ok detayl\u0131 ve anla\u015f\u0131l\u0131r \u015fekilde anlat\u0131ld\u0131\u011f\u0131 i\u00e7in di\u015flerimi \u0130stanbul\u2019daki Stomadenta Klini\u011fi\u2019nde yapt\u0131rmaya karar verdim.T\u00fcm s\u00fcre\u00e7 \u00e7ok iyi organize edilmi\u015fti. U\u00e7ak, otel, havaalan\u0131 transferi, oteldeki d\u00fczenlemeler ve di\u015f klini\u011findeki randevular sorunsuz ve kusursuz \u015fekilde ger\u00e7ekle\u015fti. Klinik\u00adte beni Dr. Bilhan Almanca olarak \u00e7ok s\u0131cak bir \u015fekilde kar\u015f\u0131lad\u0131. Tedavi s\u00fcrecini benimle ayr\u0131nt\u0131l\u0131 olarak konu\u015ftu ve ard\u0131ndan hemen tedaviye ba\u015fland\u0131.Di\u015f \u00e7ekimleri yap\u0131ld\u0131 ve narkoz alt\u0131nda 5 implant yerle\u015ftirildi. \u0130ki di\u015fin ise bir sonraki seansta dolgu yap\u0131lmas\u0131 gerekiyordu. Sunulan t\u00fcm hizmetlerden son derece memnun kald\u0131m.Kas\u0131m ay\u0131nda implantlar\u0131n \u00fczerine di\u015flerin yerle\u015ftirilmesi ve ayr\u0131ca bir k\u00f6pr\u00fc yap\u0131lmas\u0131 i\u00e7in tekrar \u0130stanbul\u2019a gidece\u011fim. Bu kez \u0130stanbul\u2019daki di\u015f\u00e7iye hi\u00e7bir korkum olmadan gidiyorum. SwissLasik\u2019i g\u00f6n\u00fcl rahatl\u0131\u011f\u0131yla herkese tavsiye edebilirim.Ayr\u0131ca fiyat\u2013performans a\u00e7\u0131s\u0131ndan \u0130stanbul, \u0130svi\u00e7re\u2019ye g\u00f6re \u00e7ok daha uygundu. Bu tedaviyi \u0130svi\u00e7re\u2019de yapt\u0131rmam benim i\u00e7in m\u00fcmk\u00fcn olmazd\u0131.Her \u015fey i\u00e7in \u00e7ok te\u015fekk\u00fcr ederim.Beatrice BischofL\u00fcchingen \u00d6nceki rapor Sonraki rapor<\/p>\n","protected":false},"author":4,"featured_media":0,"parent":3650,"menu_order":0,"comment_status":"closed","ping_status":"closed","template":"","meta":{"_joinchat":[],"footnotes":""},"class_list":["post-3687","page","type-page","status-publish","hentry"],"acf":[],"_links":{"self":[{"href":"https:\/\/swisslasik.ch\/tr\/wp-json\/wp\/v2\/pages\/3687","targetHints":{"allow":["GET"]}}],"collection":[{"href":"https:\/\/swisslasik.ch\/tr\/wp-json\/wp\/v2\/pages"}],"about":[{"href":"https:\/\/swisslasik.ch\/tr\/wp-json\/wp\/v2\/types\/page"}],"author":[{"embeddable":true,"href":"https:\/\/swisslasik.ch\/tr\/wp-json\/wp\/v2\/users\/4"}],"replies":[{"embeddable":true,"href":"https:\/\/swisslasik.ch\/tr\/wp-json\/wp\/v2\/comments?post=3687"}],"version-history":[{"count":1,"href":"https:\/\/swisslasik.ch\/tr\/wp-json\/wp\/v2\/pages\/3687\/revisions"}],"predecessor-version":[{"id":3688,"href":"https:\/\/swisslasik.ch\/tr\/wp-json\/wp\/v2\/pages\/3687\/revisions\/3688"}],"up":[{"embeddable":true,"href":"https:\/\/swisslasik.ch\/tr\/wp-json\/wp\/v2\/pages\/3650"}],"wp:attachment":[{"href":"https:\/\/swisslasik.ch\/tr\/wp-json\/wp\/v2\/media?parent=3687"}],"curies":[{"name":"wp","href":"https:\/\/api.w.org\/{rel}","templated":true}]}}