{"id":3689,"date":"2025-09-24T14:18:06","date_gmt":"2025-09-24T13:18:06","guid":{"rendered":"https:\/\/swisslasik.ch\/patientenberichte-augen-lasern\/istanbuldaki-dis-tedavim-6-agustos-2011-cumartesi-tarihli-rapor\/"},"modified":"2026-01-14T18:53:57","modified_gmt":"2026-01-14T17:53:57","slug":"istanbuldaki-dis-tedavim-6-agustos-2011-cumartesi-tarihli-rapor","status":"publish","type":"page","link":"https:\/\/swisslasik.ch\/tr\/patientenberichte-augen-lasern\/istanbuldaki-dis-tedavim-6-agustos-2011-cumartesi-tarihli-rapor\/","title":{"rendered":"\u0130stanbul&#8217;daki di\u015f tedavim \u2013 6 A\u011fustos 2011 Cumartesi tarihli rapor"},"content":{"rendered":"\n<h3 class=\"wp-block-heading\">\u0130stanbul&#8217;daki di\u015f tedavim \u2013 6 A\u011fustos 2011 Cumartesi tarihli rapor<\/h3>\n\n<p>Ba\u015flang\u0131\u00e7 durumu \/ hastal\u0131k ge\u00e7mi\u015fi: Di\u015flerimle ve \u00f6zellikle di\u015f etlerimle ilgili her zaman sorunlar\u0131m oldu. Bu nedenle benim i\u00e7in y\u0131ll\u0131k di\u015f kontrolleri ve di\u015f ta\u015f\u0131 temizli\u011fi vazge\u00e7ilmezdi. 45 ya\u015f\u0131mdan sonra ilerleyici bir periodontitis (di\u015f eti hastal\u0131\u011f\u0131) ortaya \u00e7\u0131kmaya ba\u015flad\u0131. Periodontitiste kemik kayb\u0131 \u00f6ncelikle kemikte ba\u015flar, ard\u0131ndan ba\u011f dokusu ve di\u015f eti etkilenir. Di\u015f hekimimin hedefi bu s\u00fcreci m\u00fcmk\u00fcn oldu\u011funca durdurmakt\u0131. Bu nedenle \u00f6nce alt\u0131 ayda bir d\u00fczenli di\u015f ta\u015f\u0131 temizli\u011fi yap\u0131ld\u0131, ard\u0131ndan a\u00e7\u0131k cerrahiyle ger\u00e7ekle\u015ftirilen derin periodontal tedavi (k\u00fcretaj) uyguland\u0131. Bu i\u015flemde ilgili b\u00f6lgeler cerrahi olarak a\u00e7\u0131ld\u0131 ve temizlenen kemik cepleri k\u0131smen kemik yerine ge\u00e7en materyallerle dolduruldu. Ancak t\u00fcm bunlar hem \u00e7ok pahal\u0131yd\u0131 hem de beklenen fayday\u0131 sa\u011flamad\u0131. 2009\u2019un sonu ve 2010\u2019un ba\u015f\u0131nda \u00fcst ve alt \u00e7enede birer \u00f6n di\u015fim sallanmaya ba\u015flad\u0131.<br\/>En uygun se\u00e7enek i\u00e7in ald\u0131\u011f\u0131m tedavi plan\u0131nda, \u00fcst ve alt \u00e7ene i\u00e7in en az d\u00f6rder di\u015fi kapsayan hareketli k\u00f6pr\u00fcler \u00f6nerildi ve bunun maliyeti yakla\u015f\u0131k 12.000 \u0130svi\u00e7re frang\u0131yd\u0131. Ancak bu \u00e7\u00f6z\u00fcm temel sorunu ortadan kald\u0131rmad\u0131\u011f\u0131 i\u00e7in daha iyi bir alternatif aramaya ba\u015flad\u0131m. Yap\u0131lan \u00e7e\u015fitli incelemelere g\u00f6re en ideal \u00e7\u00f6z\u00fcm implantlar ve sabit bir di\u015f proteziydi. Bu da benim iste\u011fime daha uygundu, \u00e7\u00fcnk\u00fc takma di\u015f i\u00e7in kendimi \u00e7ok gen\u00e7 hissediyordum. \u0130svi\u00e7re\u2019de bu tedavi i\u00e7in verilen fiyat yakla\u015f\u0131k 70.000 \u0130svi\u00e7re frang\u0131yd\u0131.<br\/>Yurt d\u0131\u015f\u0131nda, \u00f6zellikle Macaristan ve Almanya\u2019da uygun fiyatlarla iyi sonu\u00e7lar elde eden tan\u0131d\u0131klar\u0131m vard\u0131. Bu nedenle \u0130svi\u00e7re\u2019de ald\u0131\u011f\u0131m tekliften sonra Macaristan, Almanya ve \u0130stanbul\u2019daki \u00e7e\u015fitli kliniklerden fiyat teklifleri ald\u0131m. Bu adresleri internetten, detayl\u0131 bilgiler e\u015fli\u011finde buldum. Sonu\u00e7 olarak Macaristan\u2019da iki, \u0130stanbul\u2019da bir klinik \u00fczerinde daha detayl\u0131 durdum. \u0130stanbul\u2019daki Swisslasik\u2019i se\u00e7memin sebebi, St. Gallen Tatil Fuar\u0131\u2019ndaki standlar\u0131nda firmay\u0131 bizzat tan\u0131m\u0131\u015f olmam ve bana \u00e7ok g\u00fcvenilir ve profesyonel bir izlenim vermeleriydi. Ayr\u0131ca referans hastalarla ilgili ileti\u015fim bilgileri ald\u0131m ve bunlardan biriyle bizzat konu\u015ftum. Swisslasik\u2019in u\u00e7ak, otel, transfer gibi t\u00fcm detaylarla ilgilenmesi de benim i\u00e7in \u00f6nemli bir art\u0131yd\u0131. Bunun yan\u0131 s\u0131ra, daha \u00f6nce Swisslasik arac\u0131l\u0131\u011f\u0131yla g\u00f6z lazeri yapt\u0131rm\u0131\u015f tan\u0131d\u0131klar\u0131m da s\u00fcreci bana anlatm\u0131\u015ft\u0131.<br\/>\u0130stanbul\u2019a ilk ziyaret (5 g\u00fcn) ve \u00fc\u00e7 seans:<br\/>29 Mart 2011\u2019de e\u015fimle birlikte \u0130stanbul\u2019a u\u00e7tuk. Var\u0131\u015fta bizi bir \u015fof\u00f6r kar\u015f\u0131lad\u0131 ve do\u011frudan di\u015f klini\u011fine g\u00f6t\u00fcrd\u00fc.<br\/>Sal\u0131 ak\u015fam\u0131: \u00d6n muayene, r\u00f6ntgen \u00e7ekimi ve en uygun tedavi y\u00f6nteminin konu\u015fulmas\u0131<br\/>Per\u015fembe ak\u015fam\u0131: 28 di\u015fin \u00e7ekilmesi ve ge\u00e7ici protezin tak\u0131lmas\u0131<br\/>Cumartesi \u00f6\u011fleden sonra: D\u00f6n\u00fc\u015ften \u00f6nce kontrol muayenesi ve protezde d\u00fczeltmeler<br\/>Dr. Bilhan bizi kusursuz bir Almanca ile \u00e7ok s\u0131cak bir \u015fekilde kar\u015f\u0131lad\u0131 ve t\u00fcm s\u00fcre\u00e7le ilgili korkular\u0131m\u0131 giderdi. Uygulanan anestezi \u00e7ok iyiydi, hi\u00e7bir a\u011fr\u0131 hissetmedim. Sonras\u0131nda verilen a\u011fr\u0131 kesiciler sayesinde \u0130stanbul\u2019daki ilk ziyaretimi sorunsuz \u015fekilde tamamlad\u0131m. Sadece d\u00f6n\u00fc\u015ften \u00f6nce yap\u0131lan protez d\u00fczeltmesi s\u0131ras\u0131nda, Dr. Bilhan\u2019\u0131n m\u00fcsait olmamas\u0131 nedeniyle \u0130ngilizce ileti\u015fim biraz zorlay\u0131c\u0131 oldu.                        Buna ra\u011fmen Selda Arat Han\u0131m da son derece anlay\u0131\u015fl\u0131 davrand\u0131 ve ger\u00e7ekten \u00e7ok iyi bir i\u015f \u00e7\u0131kard\u0131. Bu arada kendisi \u015fu anda Almanca kursuna da gidiyor.<br\/>\u0130svi\u00e7re\u2019de, Z\u00fcrih\u2019teki zmp61 klini\u011finde kontrol muayenesi: \u0130stanbul\u2019daki tedaviden sadece bir hafta sonra ABD\u2019ye tatile gidece\u011fimiz i\u00e7in bu kontrol f\u0131rsat\u0131n\u0131 de\u011ferlendirdim. Her \u015fey tekrar kontrol edildi ve kalan diki\u015fler al\u0131nd\u0131. \u015ei\u015flikler yava\u015f yava\u015f indi\u011fi i\u00e7in protezler biraz gev\u015femi\u015fti, bu nedenle protezlerin alt\u0131na yumu\u015fak bir astar yap\u0131ld\u0131. Bu sayede \u00e7ok rahat ettim. Neredeyse her \u015feyi yiyebiliyordum, hatta biftek bile.<br\/>Eve d\u00f6nd\u00fckten sonra Z\u00fcrih\u2019te bir kez daha kontrole gittim ve her \u015feyin \u00e7ok iyi iyile\u015fti\u011fi teyit edildi. Derinlerde herhangi bir iltihap olup olmad\u0131\u011f\u0131ndan emin olmak i\u00e7in r\u00f6ntgen \u00e7ekildi. \u00c7ok \u015f\u00fck\u00fcr her \u015fey yolundayd\u0131. Yani Z\u00fcrih\u2019te de son derece yetkin bir tedavi, bilgilendirme ve dan\u0131\u015fmanl\u0131k ald\u0131m.<br\/>\u0130stanbul\u2019a ikinci ziyaret (Temmuz, 7 g\u00fcn) ve \u00fc\u00e7 seans:<br\/>Bu sefer k\u0131z karde\u015fimle birlikte seyahat ettim. Yine havaalan\u0131nda kar\u015f\u0131land\u0131k ve do\u011frudan klini\u011fe g\u00f6t\u00fcr\u00fcld\u00fck.<br\/>Cumartesi ak\u015fam\u0131: \u0130mplantlar\u0131n yerle\u015ftirilmesi, kemik takviyesi ve antibiyotik verilmesi<br\/>\u00c7ar\u015famba ak\u015fam\u0131: Kontrol muayenesi ve ge\u00e7ici protezin ayarlanmas\u0131<br\/>Cumartesi sabah\u0131: Diki\u015flerin al\u0131nmas\u0131 ve ge\u00e7ici protezin tak\u0131lmas\u0131<br\/>Bu a\u015famada Dr. Bilhan implantlar\u0131 yerle\u015ftirdi. \u00dcst \u00e7eneye 6, alt \u00e7eneye 6 olmak \u00fczere toplam 12 implant planlanm\u0131\u015ft\u0131. \u00dcst \u00e7enede, i\u015flem s\u0131ras\u0131nda ek bir kemik takviyesi yap\u0131lmas\u0131 gerekti\u011fi i\u00e7in operasyon biraz daha uzun s\u00fcrd\u00fc. A\u011fr\u0131ya kar\u015f\u0131 yine \u00e7ok iyi uyu\u015fturuldum ve alt \u00e7ene i\u00e7in ayr\u0131ca tekrar anestezi uyguland\u0131. Fiziksel olarak olduk\u00e7a yorucuydu; neredeyse \u00fc\u00e7 saat boyunca tedavi koltu\u011funda kald\u0131m.<br\/>Dr. Bilhan bu sefer sadece \u00fcst \u00e7eneyi yapmay\u0131 ve alt \u00e7ene i\u00e7in tekrar gelmemi \u00f6nermi\u015fti. Ancak ben bunu istemedim, her \u015feyin tek seferde yap\u0131lmas\u0131n\u0131 tercih ettim. Antibiyotikler ve a\u011fr\u0131 kesicilerle iyi desteklendi\u011fim i\u00e7in kalan s\u00fcrede yaz s\u0131ca\u011f\u0131nda \u0130stanbul\u2019u da rahat\u00e7a gezebildim.<br\/>D\u00f6n\u00fc\u015ften \u00f6nceki cumartesi g\u00fcn\u00fc diki\u015fler al\u0131nd\u0131, protez tak\u0131ld\u0131 ve gerekli yerlerde d\u00fczeltmeler yap\u0131ld\u0131. Bug\u00fcn ise art\u0131k sadece, s\u00fcrekli \u00e7\u0131kar\u0131p takmak zorunda olmad\u0131\u011f\u0131m kal\u0131c\u0131 di\u015flere kavu\u015faca\u011f\u0131m g\u00fcn\u00fc sab\u0131rs\u0131zl\u0131kla bekliyorum. Umar\u0131m bu da uzun y\u0131llar boyunca son di\u015f hekimi ziyaretim olur.<br\/>\u0130stanbul\u2019a \u00fc\u00e7\u00fcnc\u00fc ziyaret:<br\/>Bu ziyaret Ocak 2012\u2019de ger\u00e7ekle\u015fecek. Bu sefer kronlar tak\u0131lacak ve umar\u0131m \u00f6n\u00fcm\u00fczdeki on y\u0131llar boyunca ba\u015fka bir i\u015flem gerekmeyecek.<br\/>\u0130svi\u00e7re\u2019de h\u00e2l\u00e2 yurt d\u0131\u015f\u0131ndaki di\u015f hekimlerine kar\u015f\u0131 b\u00fcy\u00fck bir \u015f\u00fcphe olmas\u0131na ra\u011fmen ben bu riski ald\u0131m ve pi\u015fman olmad\u0131m. \u0130stanbul, di\u015f hekimli\u011fi alan\u0131nda genel olarak \u00e7ok iyi bir \u00fcne sahip ve maliyetler \u0130svi\u00e7re\u2019ye k\u0131yasla yakla\u015f\u0131k \u00fc\u00e7te bir oran\u0131nda. A\u00e7\u0131k konu\u015fmak gerekirse, di\u015f hekimi ziyaretleri \u0130svi\u00e7re\u2019de de a\u011fr\u0131s\u0131z de\u011fil, sadece burada bir de fatura can yak\u0131yor.<br\/>Swisslasik\u2019in organizasyonu son derece profesyoneldi. Oteller de (bir kez Levent\u2019te, bir kez Taksim\u2019de) olduk\u00e7a iyiydi. \u0130nsanlar ise son derece nazik ve misafirperverdi.                            Havaalan\u0131ndan do\u011frudan di\u015f klini\u011fine g\u00f6t\u00fcr\u00fclmek \u00fczere kar\u015f\u0131land\u0131k, ayn\u0131 \u015fekilde di\u015f klini\u011finden otele de transferimiz sa\u011fland\u0131. Di\u015f hekimi randevular\u0131m\u0131z\u0131n her birinde, gidi\u015f ve d\u00f6n\u00fc\u015f transferleri sorunsuz bir \u015fekilde ger\u00e7ekle\u015fti. Seanslar aras\u0131ndaki bo\u015f zamanlarda \u0130stanbul\u2019u ve \u00e7evresini gezme f\u0131rsat\u0131m\u0131z oldu.<br\/>G\u00f6r\u00fclecek \u00e7ok yer var: Sultanahmet Camii, Ayasofya, Topkap\u0131 Saray\u0131, M\u0131s\u0131r \u00c7ar\u015f\u0131s\u0131 ve di\u011fer \u00e7ar\u015f\u0131lar. Ayr\u0131ca Adalar\u2019a yap\u0131lan bir gezi de kesinlikle g\u00f6r\u00fclmeye de\u011fer.<br\/>Son olarak, eme\u011fi ge\u00e7en herkese bir kez daha te\u015fekk\u00fcr etmek isterim ve firman\u0131z\u0131 her zaman g\u00f6n\u00fcl rahatl\u0131\u011f\u0131yla tavsiye edece\u011fimi belirtmek isterim. Zaten tavsiye etmeye de ba\u015flad\u0131m.<br\/>Marlis Koch<br\/>Engelburg<br\/>6 A\u011fustos 2011     <\/p>\n\n<div class=\"wp-block-group is-layout-grid wp-container-core-group-is-layout-baef362d wp-block-group-is-layout-grid\">\n<p><a href=\"https:\/\/medicaltravel.at\/home\/agb\/\" data-type=\"page\" data-id=\"2191\" rel=\"nofollow noopener\" target=\"_blank\"><\/a><a href=\"https:\/\/swisslasik.ch\/tr\/patientenberichte-augen-lasern\/istanbul-acibadem-hastanesinde-yaptirdigim-liposuction-islemine-dair-rapor-7-agustos-2011-pazar\/\" data-type=\"link\" data-id=\"https:\/\/swisslasik.ch\/patientenberichte-augen-lasern\/meine-liposuction-in-istanbul-beim-acibadem-spital-bericht-vom-sonntag-07-august-2011\/\">\u00d6nceki rapor<\/a><\/p>\n\n\n\n<p class=\"has-text-align-right wp-container-content-5e2576f9\"><a href=\"https:\/\/medicaltravel.at\/home\/impressum\/\" data-type=\"page\" data-id=\"2193\" rel=\"nofollow noopener\" target=\"_blank\"><\/a><a href=\"https:\/\/medicaltravel.at\/home\/berichte-von-patienten\/erfahrungsberichte\/erfahrungsbericht-zahnbehandlung-in-istanbul\/\" data-type=\"page\" data-id=\"981\" rel=\"nofollow noopener\" target=\"_blank\"><\/a><a href=\"https:\/\/swisslasik.ch\/tr\/patientenberichte-augen-lasern\/istanbulda-goez-ameliyatlari-yasam-kalitesinde-bueyuek-artis-3-agustos-2011-carsamba-tarihli-rapor\/\" data-type=\"link\" data-id=\"https:\/\/swisslasik.ch\/patientenberichte-augen-lasern\/augenoperation-in-istanbul-eine-massive-steigerung-an-lebensqualitat-bericht-vom-mittwoch-03-august-2011\/\">Sonraki rapor<\/a><\/p>\n<\/div>\n","protected":false},"excerpt":{"rendered":"<p>\u0130stanbul&#8217;daki di\u015f tedavim \u2013 6 A\u011fustos 2011 Cumartesi tarihli rapor Ba\u015flang\u0131\u00e7 durumu \/ hastal\u0131k ge\u00e7mi\u015fi: Di\u015flerimle ve \u00f6zellikle di\u015f etlerimle ilgili her zaman sorunlar\u0131m oldu. Bu nedenle benim i\u00e7in y\u0131ll\u0131k di\u015f kontrolleri ve di\u015f ta\u015f\u0131 temizli\u011fi vazge\u00e7ilmezdi. 45 ya\u015f\u0131mdan sonra ilerleyici bir periodontitis (di\u015f eti hastal\u0131\u011f\u0131) ortaya \u00e7\u0131kmaya ba\u015flad\u0131. Periodontitiste kemik kayb\u0131 \u00f6ncelikle kemikte ba\u015flar, ard\u0131ndan ba\u011f dokusu ve di\u015f eti etkilenir. Di\u015f hekimimin hedefi bu s\u00fcreci m\u00fcmk\u00fcn oldu\u011funca durdurmakt\u0131. Bu nedenle \u00f6nce alt\u0131 ayda bir d\u00fczenli di\u015f ta\u015f\u0131 temizli\u011fi yap\u0131ld\u0131, ard\u0131ndan a\u00e7\u0131k cerrahiyle ger\u00e7ekle\u015ftirilen derin periodontal tedavi (k\u00fcretaj) uyguland\u0131. Bu i\u015flemde ilgili b\u00f6lgeler cerrahi olarak a\u00e7\u0131ld\u0131 ve temizlenen kemik cepleri k\u0131smen kemik yerine ge\u00e7en materyallerle dolduruldu. Ancak t\u00fcm bunlar hem \u00e7ok pahal\u0131yd\u0131 hem de beklenen fayday\u0131 sa\u011flamad\u0131. 2009\u2019un sonu ve 2010\u2019un ba\u015f\u0131nda \u00fcst ve alt \u00e7enede birer \u00f6n di\u015fim sallanmaya ba\u015flad\u0131.En uygun se\u00e7enek i\u00e7in ald\u0131\u011f\u0131m tedavi plan\u0131nda, \u00fcst ve alt \u00e7ene i\u00e7in en az d\u00f6rder di\u015fi kapsayan hareketli k\u00f6pr\u00fcler \u00f6nerildi ve bunun maliyeti yakla\u015f\u0131k 12.000 \u0130svi\u00e7re frang\u0131yd\u0131. Ancak bu \u00e7\u00f6z\u00fcm temel sorunu ortadan kald\u0131rmad\u0131\u011f\u0131 i\u00e7in daha iyi bir alternatif aramaya ba\u015flad\u0131m. Yap\u0131lan \u00e7e\u015fitli incelemelere g\u00f6re en ideal \u00e7\u00f6z\u00fcm implantlar ve sabit bir di\u015f proteziydi. Bu da benim iste\u011fime daha uygundu, \u00e7\u00fcnk\u00fc takma di\u015f i\u00e7in kendimi \u00e7ok gen\u00e7 hissediyordum. \u0130svi\u00e7re\u2019de bu tedavi i\u00e7in verilen fiyat yakla\u015f\u0131k 70.000 \u0130svi\u00e7re frang\u0131yd\u0131.Yurt d\u0131\u015f\u0131nda, \u00f6zellikle Macaristan ve Almanya\u2019da uygun fiyatlarla iyi sonu\u00e7lar elde eden tan\u0131d\u0131klar\u0131m vard\u0131. Bu nedenle \u0130svi\u00e7re\u2019de ald\u0131\u011f\u0131m tekliften sonra Macaristan, Almanya ve \u0130stanbul\u2019daki \u00e7e\u015fitli kliniklerden fiyat teklifleri ald\u0131m. Bu adresleri internetten, detayl\u0131 bilgiler e\u015fli\u011finde buldum. Sonu\u00e7 olarak Macaristan\u2019da iki, \u0130stanbul\u2019da bir klinik \u00fczerinde daha detayl\u0131 durdum. \u0130stanbul\u2019daki Swisslasik\u2019i se\u00e7memin sebebi, St. Gallen Tatil Fuar\u0131\u2019ndaki standlar\u0131nda firmay\u0131 bizzat tan\u0131m\u0131\u015f olmam ve bana \u00e7ok g\u00fcvenilir ve profesyonel bir izlenim vermeleriydi. Ayr\u0131ca referans hastalarla ilgili ileti\u015fim bilgileri ald\u0131m ve bunlardan biriyle bizzat konu\u015ftum. Swisslasik\u2019in u\u00e7ak, otel, transfer gibi t\u00fcm detaylarla ilgilenmesi de benim i\u00e7in \u00f6nemli bir art\u0131yd\u0131. Bunun yan\u0131 s\u0131ra, daha \u00f6nce Swisslasik arac\u0131l\u0131\u011f\u0131yla g\u00f6z lazeri yapt\u0131rm\u0131\u015f tan\u0131d\u0131klar\u0131m da s\u00fcreci bana anlatm\u0131\u015ft\u0131.\u0130stanbul\u2019a ilk ziyaret (5 g\u00fcn) ve \u00fc\u00e7 seans:29 Mart 2011\u2019de e\u015fimle birlikte \u0130stanbul\u2019a u\u00e7tuk. Var\u0131\u015fta bizi bir \u015fof\u00f6r kar\u015f\u0131lad\u0131 ve do\u011frudan di\u015f klini\u011fine g\u00f6t\u00fcrd\u00fc.Sal\u0131 ak\u015fam\u0131: \u00d6n muayene, r\u00f6ntgen \u00e7ekimi ve en uygun tedavi y\u00f6nteminin konu\u015fulmas\u0131Per\u015fembe ak\u015fam\u0131: 28 di\u015fin \u00e7ekilmesi ve ge\u00e7ici protezin tak\u0131lmas\u0131Cumartesi \u00f6\u011fleden sonra: D\u00f6n\u00fc\u015ften \u00f6nce kontrol muayenesi ve protezde d\u00fczeltmelerDr. Bilhan bizi kusursuz bir Almanca ile \u00e7ok s\u0131cak bir \u015fekilde kar\u015f\u0131lad\u0131 ve t\u00fcm s\u00fcre\u00e7le ilgili korkular\u0131m\u0131 giderdi. Uygulanan anestezi \u00e7ok iyiydi, hi\u00e7bir a\u011fr\u0131 hissetmedim. Sonras\u0131nda verilen a\u011fr\u0131 kesiciler sayesinde \u0130stanbul\u2019daki ilk ziyaretimi sorunsuz \u015fekilde tamamlad\u0131m. Sadece d\u00f6n\u00fc\u015ften \u00f6nce yap\u0131lan protez d\u00fczeltmesi s\u0131ras\u0131nda, Dr. Bilhan\u2019\u0131n m\u00fcsait olmamas\u0131 nedeniyle \u0130ngilizce ileti\u015fim biraz zorlay\u0131c\u0131 oldu. Buna ra\u011fmen Selda Arat Han\u0131m da son derece anlay\u0131\u015fl\u0131 davrand\u0131 ve ger\u00e7ekten \u00e7ok iyi bir i\u015f \u00e7\u0131kard\u0131. Bu arada kendisi \u015fu anda Almanca kursuna da gidiyor.\u0130svi\u00e7re\u2019de, Z\u00fcrih\u2019teki zmp61 klini\u011finde kontrol muayenesi: \u0130stanbul\u2019daki tedaviden sadece bir hafta sonra ABD\u2019ye tatile gidece\u011fimiz i\u00e7in bu kontrol f\u0131rsat\u0131n\u0131 de\u011ferlendirdim. Her \u015fey tekrar kontrol edildi ve kalan diki\u015fler al\u0131nd\u0131. \u015ei\u015flikler yava\u015f yava\u015f indi\u011fi i\u00e7in protezler biraz gev\u015femi\u015fti, bu nedenle protezlerin alt\u0131na yumu\u015fak bir astar yap\u0131ld\u0131. Bu sayede \u00e7ok rahat ettim. Neredeyse her \u015feyi yiyebiliyordum, hatta biftek bile.Eve d\u00f6nd\u00fckten sonra Z\u00fcrih\u2019te bir kez daha kontrole gittim ve her \u015feyin \u00e7ok iyi iyile\u015fti\u011fi teyit edildi. Derinlerde herhangi bir iltihap olup olmad\u0131\u011f\u0131ndan emin olmak i\u00e7in r\u00f6ntgen \u00e7ekildi. \u00c7ok \u015f\u00fck\u00fcr her \u015fey yolundayd\u0131. Yani Z\u00fcrih\u2019te de son derece yetkin bir tedavi, bilgilendirme ve dan\u0131\u015fmanl\u0131k ald\u0131m.\u0130stanbul\u2019a ikinci ziyaret (Temmuz, 7 g\u00fcn) ve \u00fc\u00e7 seans:Bu sefer k\u0131z karde\u015fimle birlikte seyahat ettim. Yine havaalan\u0131nda kar\u015f\u0131land\u0131k ve do\u011frudan klini\u011fe g\u00f6t\u00fcr\u00fcld\u00fck.Cumartesi ak\u015fam\u0131: \u0130mplantlar\u0131n yerle\u015ftirilmesi, kemik takviyesi ve antibiyotik verilmesi\u00c7ar\u015famba ak\u015fam\u0131: Kontrol muayenesi ve ge\u00e7ici protezin ayarlanmas\u0131Cumartesi sabah\u0131: Diki\u015flerin al\u0131nmas\u0131 ve ge\u00e7ici protezin tak\u0131lmas\u0131Bu a\u015famada Dr. Bilhan implantlar\u0131 yerle\u015ftirdi. \u00dcst \u00e7eneye 6, alt \u00e7eneye 6 olmak \u00fczere toplam 12 implant planlanm\u0131\u015ft\u0131. \u00dcst \u00e7enede, i\u015flem s\u0131ras\u0131nda ek bir kemik takviyesi yap\u0131lmas\u0131 gerekti\u011fi i\u00e7in operasyon biraz daha uzun s\u00fcrd\u00fc. A\u011fr\u0131ya kar\u015f\u0131 yine \u00e7ok iyi uyu\u015fturuldum ve alt \u00e7ene i\u00e7in ayr\u0131ca tekrar anestezi uyguland\u0131. Fiziksel olarak olduk\u00e7a yorucuydu; neredeyse \u00fc\u00e7 saat boyunca tedavi koltu\u011funda kald\u0131m.Dr. Bilhan bu sefer sadece \u00fcst \u00e7eneyi yapmay\u0131 ve alt \u00e7ene i\u00e7in tekrar gelmemi \u00f6nermi\u015fti. Ancak ben bunu istemedim, her \u015feyin tek seferde yap\u0131lmas\u0131n\u0131 tercih ettim. Antibiyotikler ve a\u011fr\u0131 kesicilerle iyi desteklendi\u011fim i\u00e7in kalan s\u00fcrede yaz s\u0131ca\u011f\u0131nda \u0130stanbul\u2019u da rahat\u00e7a gezebildim.D\u00f6n\u00fc\u015ften \u00f6nceki cumartesi g\u00fcn\u00fc diki\u015fler al\u0131nd\u0131, protez tak\u0131ld\u0131 ve gerekli yerlerde d\u00fczeltmeler yap\u0131ld\u0131. Bug\u00fcn ise art\u0131k sadece, s\u00fcrekli \u00e7\u0131kar\u0131p takmak zorunda olmad\u0131\u011f\u0131m kal\u0131c\u0131 di\u015flere kavu\u015faca\u011f\u0131m g\u00fcn\u00fc sab\u0131rs\u0131zl\u0131kla bekliyorum. Umar\u0131m bu da uzun y\u0131llar boyunca son di\u015f hekimi ziyaretim olur.\u0130stanbul\u2019a \u00fc\u00e7\u00fcnc\u00fc ziyaret:Bu ziyaret Ocak 2012\u2019de ger\u00e7ekle\u015fecek. Bu sefer kronlar tak\u0131lacak ve umar\u0131m \u00f6n\u00fcm\u00fczdeki on y\u0131llar boyunca ba\u015fka bir i\u015flem gerekmeyecek.\u0130svi\u00e7re\u2019de h\u00e2l\u00e2 yurt d\u0131\u015f\u0131ndaki di\u015f hekimlerine kar\u015f\u0131 b\u00fcy\u00fck bir \u015f\u00fcphe olmas\u0131na ra\u011fmen ben bu riski ald\u0131m ve pi\u015fman olmad\u0131m. \u0130stanbul, di\u015f hekimli\u011fi alan\u0131nda genel olarak \u00e7ok iyi bir \u00fcne sahip ve maliyetler \u0130svi\u00e7re\u2019ye k\u0131yasla yakla\u015f\u0131k \u00fc\u00e7te bir oran\u0131nda. A\u00e7\u0131k konu\u015fmak gerekirse, di\u015f hekimi ziyaretleri \u0130svi\u00e7re\u2019de de a\u011fr\u0131s\u0131z de\u011fil, sadece burada bir de fatura can yak\u0131yor.Swisslasik\u2019in organizasyonu son derece profesyoneldi. Oteller de (bir kez Levent\u2019te, bir kez Taksim\u2019de) olduk\u00e7a iyiydi. \u0130nsanlar ise son derece nazik ve misafirperverdi. Havaalan\u0131ndan do\u011frudan di\u015f klini\u011fine g\u00f6t\u00fcr\u00fclmek \u00fczere kar\u015f\u0131land\u0131k, ayn\u0131 \u015fekilde di\u015f klini\u011finden otele de transferimiz sa\u011fland\u0131. Di\u015f hekimi randevular\u0131m\u0131z\u0131n her birinde, gidi\u015f ve d\u00f6n\u00fc\u015f transferleri sorunsuz bir \u015fekilde ger\u00e7ekle\u015fti. Seanslar aras\u0131ndaki bo\u015f zamanlarda \u0130stanbul\u2019u ve \u00e7evresini gezme f\u0131rsat\u0131m\u0131z oldu.G\u00f6r\u00fclecek \u00e7ok yer var: Sultanahmet Camii, Ayasofya, Topkap\u0131 Saray\u0131, M\u0131s\u0131r \u00c7ar\u015f\u0131s\u0131 ve di\u011fer \u00e7ar\u015f\u0131lar. Ayr\u0131ca Adalar\u2019a yap\u0131lan bir gezi de kesinlikle g\u00f6r\u00fclmeye de\u011fer.Son olarak, eme\u011fi ge\u00e7en herkese bir kez daha te\u015fekk\u00fcr etmek isterim ve firman\u0131z\u0131 her zaman g\u00f6n\u00fcl rahatl\u0131\u011f\u0131yla tavsiye edece\u011fimi belirtmek isterim. Zaten tavsiye etmeye de ba\u015flad\u0131m.Marlis KochEngelburg6 A\u011fustos 2011 \u00d6nceki rapor Sonraki rapor<\/p>\n","protected":false},"author":4,"featured_media":0,"parent":3650,"menu_order":0,"comment_status":"closed","ping_status":"closed","template":"","meta":{"_joinchat":[],"footnotes":""},"class_list":["post-3689","page","type-page","status-publish","hentry"],"acf":[],"_links":{"self":[{"href":"https:\/\/swisslasik.ch\/tr\/wp-json\/wp\/v2\/pages\/3689","targetHints":{"allow":["GET"]}}],"collection":[{"href":"https:\/\/swisslasik.ch\/tr\/wp-json\/wp\/v2\/pages"}],"about":[{"href":"https:\/\/swisslasik.ch\/tr\/wp-json\/wp\/v2\/types\/page"}],"author":[{"embeddable":true,"href":"https:\/\/swisslasik.ch\/tr\/wp-json\/wp\/v2\/users\/4"}],"replies":[{"embeddable":true,"href":"https:\/\/swisslasik.ch\/tr\/wp-json\/wp\/v2\/comments?post=3689"}],"version-history":[{"count":1,"href":"https:\/\/swisslasik.ch\/tr\/wp-json\/wp\/v2\/pages\/3689\/revisions"}],"predecessor-version":[{"id":3690,"href":"https:\/\/swisslasik.ch\/tr\/wp-json\/wp\/v2\/pages\/3689\/revisions\/3690"}],"up":[{"embeddable":true,"href":"https:\/\/swisslasik.ch\/tr\/wp-json\/wp\/v2\/pages\/3650"}],"wp:attachment":[{"href":"https:\/\/swisslasik.ch\/tr\/wp-json\/wp\/v2\/media?parent=3689"}],"curies":[{"name":"wp","href":"https:\/\/api.w.org\/{rel}","templated":true}]}}