{"id":3691,"date":"2025-09-24T14:22:32","date_gmt":"2025-09-24T13:22:32","guid":{"rendered":"https:\/\/swisslasik.ch\/patientenberichte-augen-lasern\/yeni-kazanilan-yasam-kalitesi-21-mayis-2011-cumartesi-tarihli-rapor\/"},"modified":"2026-01-14T18:59:40","modified_gmt":"2026-01-14T17:59:40","slug":"yeni-kazanilan-yasam-kalitesi-21-mayis-2011-cumartesi-tarihli-rapor","status":"publish","type":"page","link":"https:\/\/swisslasik.ch\/tr\/patientenberichte-augen-lasern\/yeni-kazanilan-yasam-kalitesi-21-mayis-2011-cumartesi-tarihli-rapor\/","title":{"rendered":"Yeni kazan\u0131lan ya\u015fam kalitesi \u2013 21 May\u0131s 2011 Cumartesi tarihli rapor"},"content":{"rendered":"\n<h3 class=\"wp-block-heading\">Yeni kazan\u0131lan ya\u015fam kalitesi \u2013 21 May\u0131s 2011 Cumartesi tarihli rapor<\/h3>\n\n<p>Yakla\u015f\u0131k 10 ya\u015f\u0131ndayken g\u00f6rme keskinli\u011fim azalmaya ba\u015flad\u0131 ve o zamandan beri g\u00f6zl\u00fck takmak zorunda kald\u0131m. Bu ya\u015flarda bile \u00e7ok fazla spor yap\u0131yor ve olduk\u00e7a aktif bir hayat s\u00fcr\u00fcyordum, bu y\u00fczden bu \u201c\u015fey\u201d yani g\u00f6zl\u00fck beni o zamanlardan beri rahats\u0131z ediyordu. Gen\u00e7 tak\u0131mda hentbol oynuyordum ve yo\u011fun \u015fekilde atletizmle u\u011fra\u015f\u0131yordum. Hentbol bir temas sporu oldu\u011fu i\u00e7in g\u00f6zl\u00fckler adeta \u00f6l\u00fcmc\u00fcl bir engeldi. Bu nedenle erken ya\u015fta kontakt lens kullanmaya ba\u015flad\u0131m. Ancak bug\u00fcne kadar kendimi ger\u00e7ekten rahat hissetti\u011fim bir lens bulamad\u0131m.<br\/>Bu y\u00fczden gen\u00e7 ya\u015flardan itibaren bir g\u00fcn mutlaka g\u00f6zlerimi lazerle d\u00fczelttirme fikriyle ya\u015famaya ba\u015flad\u0131m. \u00c7\u0131rakl\u0131k e\u011fitimimden hemen sonra \u00fcniversiteye ba\u015flad\u0131m ve e\u011fitimim bitene kadar bu operasyonu yapt\u0131rabilecek maddi imk\u00e2nlara sahip de\u011fildim. Yakla\u015f\u0131k alt\u0131 ay \u00e7al\u0131\u015ft\u0131ktan sonra bor\u00e7lar\u0131m\u0131 kapatt\u0131m ve tasarruf hesab\u0131mda ilk paray\u0131 biriktirdim. Ard\u0131ndan lazer g\u00f6z operasyonu hakk\u0131nda bilgi toplamaya ve ara\u015ft\u0131rma yapmaya ba\u015flad\u0131m.<br\/>Ya\u015fad\u0131\u011f\u0131m yere \u00e7ok yak\u0131n olan ve \u0130svi\u00e7re genelinde \u00e7ok iyi bir \u00fcne sahip VEDIS g\u00f6z lazer merkezinde bir bilgilendirme toplant\u0131s\u0131na kat\u0131ld\u0131m, \u00f6n muayeneden ge\u00e7tim ve o ana kadar fiyat\u2013performans a\u00e7\u0131s\u0131ndan ikna olmu\u015ftum. Ancak sonras\u0131nda giderek daha fazla gizli ek maliyet ortaya \u00e7\u0131kmaya ba\u015flad\u0131. \u00d6rne\u011fin sigortalar, daha iyi bir lazer cihaz\u0131 \u00f6nerisi gibi. Elbette insan kendi g\u00f6zleri s\u00f6z konusu olunca en iyisini ister. Fakat bu durum bana hi\u00e7 g\u00fcven vermedi ve en \u00f6nemlisi fiyatlar bana a\u015f\u0131r\u0131 pahal\u0131 gelmeye ba\u015flad\u0131.<br\/>Ara\u015ft\u0131rmalar\u0131m s\u0131ras\u0131nda Google sayesinde \u0130stanbul\u2019daki lazer g\u00f6z operasyonu teklifleriyle s\u0131k s\u0131k kar\u015f\u0131la\u015ft\u0131m. Ancak bunlara kar\u015f\u0131 her zaman \u00e7ok \u015f\u00fcpheciydim, tipik bir \u0130svi\u00e7reli gibi. Ayr\u0131ca daha \u00f6nce \u0130stanbul\u2019a gidip orada lazer operasyonu yapt\u0131rm\u0131\u015f ve bana olumlu deneyimler anlatabilecek kimseyi tan\u0131m\u0131yordum. Bu nedenle bu ad\u0131m\u0131 atmaktan ciddi anlamda \u00e7ekiniyordum.<br\/>Daha detayl\u0131 ve kapsaml\u0131 ara\u015ft\u0131rmalar sonucunda ise beni ikna eden ve \u00e7ok ilgin\u00e7 buldu\u011fum \u015fu ger\u00e7eklerle kar\u015f\u0131la\u015ft\u0131m:<br\/>Her \u015fey \u0130svi\u00e7re\u2019ye k\u0131yasla \u00e7ok daha ucuzdu; u\u00e7ak, otel, operasyon, \u0130svi\u00e7re\u2019deki kontroller, g\u00f6z damlalar\u0131, refakat\u00e7i dahil<br\/>\u0130svi\u00e7re\u2019de kullan\u0131lanlardan daha geli\u015fmi\u015f bir lazer cihaz\u0131 vard\u0131<br\/>Bire bir hasta takibi ve ilgilenme s\u00f6z konusuydu<br\/>Hijyen standartlar\u0131 \u0130svi\u00e7re\u2019den bile daha y\u00fcksekti<br\/>Doktorlar \u00e7ok daha tecr\u00fcbeli g\u00f6r\u00fcn\u00fcyordu<br\/>\u0130stanbul seyahati ayn\u0131 zamanda bir \u015fehir gezisi olarak da de\u011ferlendirilebiliyordu<br\/>Operasyon tarihleri \u00e7ok daha esnekti, neredeyse her g\u00fcn m\u00fcmk\u00fcnd\u00fc<br\/>\u00d6m\u00fcr boyu garanti sunuluyordu<br\/>Kornea kal\u0131nl\u0131\u011f\u0131 konusunda \u0130svi\u00e7re\u2019ye g\u00f6re daha kat\u0131 kriterler uygulan\u0131yordu<br\/>G\u00f6z kurulu\u011fu olan hastalar i\u00e7in S-Lasik imk\u00e2n\u0131 vard\u0131, bu y\u00f6ntem \u0130svi\u00e7re\u2019de hen\u00fcz yok<br\/>Ve daha bir\u00e7ok avantaj<br\/>Bu avantajlar beni ikna etti ve Swisslasik ile, \u00f6zellikle Serdar Karaagacli ile ileti\u015fime ge\u00e7tim. \u0130stanbul\u2019da bir operasyon hakk\u0131nda konu\u015fmak \u00fczere Serdar Karaagacli ile bir kahve i\u00e7ip y\u00fcz y\u00fcze g\u00f6r\u00fc\u015ft\u00fcm. Bu g\u00f6r\u00fc\u015fme benim i\u00e7in \u00e7ok \u00f6nemliydi, \u00e7\u00fcnk\u00fc daha \u00f6nce \u0130stanbul\u2019a gidip lazer operasyonu yapt\u0131rm\u0131\u015f kimseyi tan\u0131m\u0131yordum. Sadece Hollanda\u2019da g\u00f6zlerini lazerle d\u00fczelttirmi\u015f bir Hollandal\u0131 tan\u0131d\u0131\u011f\u0131m vard\u0131. Ayr\u0131ca bu sayede, bir sorun ya\u015farsam ba\u015fvurabilece\u011fim g\u00fcvenilir bir muhatab\u0131m olacakt\u0131.<br\/>Bu ba\u011flay\u0131c\u0131 olmayan, samimi ve \u00e7ok s\u0131cak ge\u00e7en g\u00f6r\u00fc\u015fme beni \u0130stanbul\u2019da operasyon yapt\u0131rma konusunda neredeyse y\u00fczde 99 oran\u0131nda ikna etti. Sonunda g\u00fczel bir g\u00fcnde, yine g\u00fcne\u015f g\u00f6zl\u00fc\u011f\u00fc olmadan d\u0131\u015far\u0131 \u00e7\u0131kt\u0131\u011f\u0131m ve g\u00f6zl\u00fck kulland\u0131\u011f\u0131m i\u00e7in yan\u0131mda hi\u00e7 g\u00fcne\u015f g\u00f6zl\u00fc\u011f\u00fc olmamas\u0131na sinirlendi\u011fim bir anda, \u0130stanbul\u2019da bu operasyonu yapt\u0131rmaya kesin olarak karar verdim.                      Yine de operasyon g\u00fcn\u00fcne kadar bu teklife kar\u015f\u0131 hep \u015f\u00fcpheciydim. \u00c7\u00fcnk\u00fc bu kadar kapsaml\u0131 bir paketin bu kadar uygun fiyatl\u0131 olmas\u0131n\u0131n mutlaka bir \u201cbit yeni\u011fi\u201d olmas\u0131 gerekti\u011fini d\u00fc\u015f\u00fcn\u00fcyordum. Ancak bug\u00fcne kadar b\u00f6yle bir \u015fey bulamad\u0131m, \u00e7\u00fcnk\u00fc her \u015fey ger\u00e7ekten kusursuz \u015fekilde ilerledi. \u015eu anda g\u00f6rme oran\u0131m y\u00fczde 100 ve bu ad\u0131m\u0131 atmayan herkese g\u00f6n\u00fcl rahatl\u0131\u011f\u0131yla tavsiye edebilirim. Yapt\u0131rmayan ger\u00e7ekten kendi kaybeder.<br\/>Ueli Kramer   <\/p>\n\n<div class=\"wp-block-group is-layout-grid wp-container-core-group-is-layout-baef362d wp-block-group-is-layout-grid\">\n<p><a href=\"https:\/\/medicaltravel.at\/home\/agb\/\" data-type=\"page\" data-id=\"2191\" rel=\"nofollow noopener\" target=\"_blank\"><\/a><a href=\"https:\/\/swisslasik.ch\/tr\/patientenberichte-augen-lasern\/istanbuldaki-lasek-deneyimim-26-mayis-2011-persembe-tarihli-rapor\/\" data-type=\"link\" data-id=\"https:\/\/swisslasik.ch\/patientenberichte-augen-lasern\/mein-erfahrungsbericht-mit-lasek-in-istanbul-bericht-vom-donnerstag-26-mai-2011\/\">\u00d6nceki rapor<\/a><\/p>\n\n\n\n<p class=\"has-text-align-right wp-container-content-5e2576f9\"><a href=\"https:\/\/medicaltravel.at\/home\/impressum\/\" data-type=\"page\" data-id=\"2193\" rel=\"nofollow noopener\" target=\"_blank\"><\/a><a href=\"https:\/\/medicaltravel.at\/home\/berichte-von-patienten\/erfahrungsberichte\/erfahrungsbericht-zahnbehandlung-in-istanbul\/\" data-type=\"page\" data-id=\"981\" rel=\"nofollow noopener\" target=\"_blank\"><\/a><a href=\"https:\/\/swisslasik.ch\/tr\/patientenberichte-augen-lasern\/7-nisan-2011-tarihli-lazer-goez-ameliyati-deneyim-raporu-29-nisan-2011-cuma-tarihli-rapor\/\" data-type=\"link\" data-id=\"https:\/\/swisslasik.ch\/patientenberichte-augen-lasern\/erfahrungsbericht-augenlaser-op-vom-07-04-2011-bericht-vom-freitag-29-april-2011\/\">Sonraki rapor<\/a><\/p>\n<\/div>\n","protected":false},"excerpt":{"rendered":"<p>Yeni kazan\u0131lan ya\u015fam kalitesi \u2013 21 May\u0131s 2011 Cumartesi tarihli rapor Yakla\u015f\u0131k 10 ya\u015f\u0131ndayken g\u00f6rme keskinli\u011fim azalmaya ba\u015flad\u0131 ve o zamandan beri g\u00f6zl\u00fck takmak zorunda kald\u0131m. Bu ya\u015flarda bile \u00e7ok fazla spor yap\u0131yor ve olduk\u00e7a aktif bir hayat s\u00fcr\u00fcyordum, bu y\u00fczden bu \u201c\u015fey\u201d yani g\u00f6zl\u00fck beni o zamanlardan beri rahats\u0131z ediyordu. Gen\u00e7 tak\u0131mda hentbol oynuyordum ve yo\u011fun \u015fekilde atletizmle u\u011fra\u015f\u0131yordum. Hentbol bir temas sporu oldu\u011fu i\u00e7in g\u00f6zl\u00fckler adeta \u00f6l\u00fcmc\u00fcl bir engeldi. Bu nedenle erken ya\u015fta kontakt lens kullanmaya ba\u015flad\u0131m. Ancak bug\u00fcne kadar kendimi ger\u00e7ekten rahat hissetti\u011fim bir lens bulamad\u0131m.Bu y\u00fczden gen\u00e7 ya\u015flardan itibaren bir g\u00fcn mutlaka g\u00f6zlerimi lazerle d\u00fczelttirme fikriyle ya\u015famaya ba\u015flad\u0131m. \u00c7\u0131rakl\u0131k e\u011fitimimden hemen sonra \u00fcniversiteye ba\u015flad\u0131m ve e\u011fitimim bitene kadar bu operasyonu yapt\u0131rabilecek maddi imk\u00e2nlara sahip de\u011fildim. Yakla\u015f\u0131k alt\u0131 ay \u00e7al\u0131\u015ft\u0131ktan sonra bor\u00e7lar\u0131m\u0131 kapatt\u0131m ve tasarruf hesab\u0131mda ilk paray\u0131 biriktirdim. Ard\u0131ndan lazer g\u00f6z operasyonu hakk\u0131nda bilgi toplamaya ve ara\u015ft\u0131rma yapmaya ba\u015flad\u0131m.Ya\u015fad\u0131\u011f\u0131m yere \u00e7ok yak\u0131n olan ve \u0130svi\u00e7re genelinde \u00e7ok iyi bir \u00fcne sahip VEDIS g\u00f6z lazer merkezinde bir bilgilendirme toplant\u0131s\u0131na kat\u0131ld\u0131m, \u00f6n muayeneden ge\u00e7tim ve o ana kadar fiyat\u2013performans a\u00e7\u0131s\u0131ndan ikna olmu\u015ftum. Ancak sonras\u0131nda giderek daha fazla gizli ek maliyet ortaya \u00e7\u0131kmaya ba\u015flad\u0131. \u00d6rne\u011fin sigortalar, daha iyi bir lazer cihaz\u0131 \u00f6nerisi gibi. Elbette insan kendi g\u00f6zleri s\u00f6z konusu olunca en iyisini ister. Fakat bu durum bana hi\u00e7 g\u00fcven vermedi ve en \u00f6nemlisi fiyatlar bana a\u015f\u0131r\u0131 pahal\u0131 gelmeye ba\u015flad\u0131.Ara\u015ft\u0131rmalar\u0131m s\u0131ras\u0131nda Google sayesinde \u0130stanbul\u2019daki lazer g\u00f6z operasyonu teklifleriyle s\u0131k s\u0131k kar\u015f\u0131la\u015ft\u0131m. Ancak bunlara kar\u015f\u0131 her zaman \u00e7ok \u015f\u00fcpheciydim, tipik bir \u0130svi\u00e7reli gibi. Ayr\u0131ca daha \u00f6nce \u0130stanbul\u2019a gidip orada lazer operasyonu yapt\u0131rm\u0131\u015f ve bana olumlu deneyimler anlatabilecek kimseyi tan\u0131m\u0131yordum. Bu nedenle bu ad\u0131m\u0131 atmaktan ciddi anlamda \u00e7ekiniyordum.Daha detayl\u0131 ve kapsaml\u0131 ara\u015ft\u0131rmalar sonucunda ise beni ikna eden ve \u00e7ok ilgin\u00e7 buldu\u011fum \u015fu ger\u00e7eklerle kar\u015f\u0131la\u015ft\u0131m:Her \u015fey \u0130svi\u00e7re\u2019ye k\u0131yasla \u00e7ok daha ucuzdu; u\u00e7ak, otel, operasyon, \u0130svi\u00e7re\u2019deki kontroller, g\u00f6z damlalar\u0131, refakat\u00e7i dahil\u0130svi\u00e7re\u2019de kullan\u0131lanlardan daha geli\u015fmi\u015f bir lazer cihaz\u0131 vard\u0131Bire bir hasta takibi ve ilgilenme s\u00f6z konusuyduHijyen standartlar\u0131 \u0130svi\u00e7re\u2019den bile daha y\u00fcksektiDoktorlar \u00e7ok daha tecr\u00fcbeli g\u00f6r\u00fcn\u00fcyordu\u0130stanbul seyahati ayn\u0131 zamanda bir \u015fehir gezisi olarak da de\u011ferlendirilebiliyorduOperasyon tarihleri \u00e7ok daha esnekti, neredeyse her g\u00fcn m\u00fcmk\u00fcnd\u00fc\u00d6m\u00fcr boyu garanti sunuluyorduKornea kal\u0131nl\u0131\u011f\u0131 konusunda \u0130svi\u00e7re\u2019ye g\u00f6re daha kat\u0131 kriterler uygulan\u0131yorduG\u00f6z kurulu\u011fu olan hastalar i\u00e7in S-Lasik imk\u00e2n\u0131 vard\u0131, bu y\u00f6ntem \u0130svi\u00e7re\u2019de hen\u00fcz yokVe daha bir\u00e7ok avantajBu avantajlar beni ikna etti ve Swisslasik ile, \u00f6zellikle Serdar Karaagacli ile ileti\u015fime ge\u00e7tim. \u0130stanbul\u2019da bir operasyon hakk\u0131nda konu\u015fmak \u00fczere Serdar Karaagacli ile bir kahve i\u00e7ip y\u00fcz y\u00fcze g\u00f6r\u00fc\u015ft\u00fcm. Bu g\u00f6r\u00fc\u015fme benim i\u00e7in \u00e7ok \u00f6nemliydi, \u00e7\u00fcnk\u00fc daha \u00f6nce \u0130stanbul\u2019a gidip lazer operasyonu yapt\u0131rm\u0131\u015f kimseyi tan\u0131m\u0131yordum. Sadece Hollanda\u2019da g\u00f6zlerini lazerle d\u00fczelttirmi\u015f bir Hollandal\u0131 tan\u0131d\u0131\u011f\u0131m vard\u0131. Ayr\u0131ca bu sayede, bir sorun ya\u015farsam ba\u015fvurabilece\u011fim g\u00fcvenilir bir muhatab\u0131m olacakt\u0131.Bu ba\u011flay\u0131c\u0131 olmayan, samimi ve \u00e7ok s\u0131cak ge\u00e7en g\u00f6r\u00fc\u015fme beni \u0130stanbul\u2019da operasyon yapt\u0131rma konusunda neredeyse y\u00fczde 99 oran\u0131nda ikna etti. Sonunda g\u00fczel bir g\u00fcnde, yine g\u00fcne\u015f g\u00f6zl\u00fc\u011f\u00fc olmadan d\u0131\u015far\u0131 \u00e7\u0131kt\u0131\u011f\u0131m ve g\u00f6zl\u00fck kulland\u0131\u011f\u0131m i\u00e7in yan\u0131mda hi\u00e7 g\u00fcne\u015f g\u00f6zl\u00fc\u011f\u00fc olmamas\u0131na sinirlendi\u011fim bir anda, \u0130stanbul\u2019da bu operasyonu yapt\u0131rmaya kesin olarak karar verdim. Yine de operasyon g\u00fcn\u00fcne kadar bu teklife kar\u015f\u0131 hep \u015f\u00fcpheciydim. \u00c7\u00fcnk\u00fc bu kadar kapsaml\u0131 bir paketin bu kadar uygun fiyatl\u0131 olmas\u0131n\u0131n mutlaka bir \u201cbit yeni\u011fi\u201d olmas\u0131 gerekti\u011fini d\u00fc\u015f\u00fcn\u00fcyordum. Ancak bug\u00fcne kadar b\u00f6yle bir \u015fey bulamad\u0131m, \u00e7\u00fcnk\u00fc her \u015fey ger\u00e7ekten kusursuz \u015fekilde ilerledi. \u015eu anda g\u00f6rme oran\u0131m y\u00fczde 100 ve bu ad\u0131m\u0131 atmayan herkese g\u00f6n\u00fcl rahatl\u0131\u011f\u0131yla tavsiye edebilirim. Yapt\u0131rmayan ger\u00e7ekten kendi kaybeder.Ueli Kramer \u00d6nceki rapor Sonraki rapor<\/p>\n","protected":false},"author":4,"featured_media":0,"parent":3650,"menu_order":0,"comment_status":"closed","ping_status":"closed","template":"","meta":{"_joinchat":[],"footnotes":""},"class_list":["post-3691","page","type-page","status-publish","hentry"],"acf":[],"_links":{"self":[{"href":"https:\/\/swisslasik.ch\/tr\/wp-json\/wp\/v2\/pages\/3691","targetHints":{"allow":["GET"]}}],"collection":[{"href":"https:\/\/swisslasik.ch\/tr\/wp-json\/wp\/v2\/pages"}],"about":[{"href":"https:\/\/swisslasik.ch\/tr\/wp-json\/wp\/v2\/types\/page"}],"author":[{"embeddable":true,"href":"https:\/\/swisslasik.ch\/tr\/wp-json\/wp\/v2\/users\/4"}],"replies":[{"embeddable":true,"href":"https:\/\/swisslasik.ch\/tr\/wp-json\/wp\/v2\/comments?post=3691"}],"version-history":[{"count":1,"href":"https:\/\/swisslasik.ch\/tr\/wp-json\/wp\/v2\/pages\/3691\/revisions"}],"predecessor-version":[{"id":3692,"href":"https:\/\/swisslasik.ch\/tr\/wp-json\/wp\/v2\/pages\/3691\/revisions\/3692"}],"up":[{"embeddable":true,"href":"https:\/\/swisslasik.ch\/tr\/wp-json\/wp\/v2\/pages\/3650"}],"wp:attachment":[{"href":"https:\/\/swisslasik.ch\/tr\/wp-json\/wp\/v2\/media?parent=3691"}],"curies":[{"name":"wp","href":"https:\/\/api.w.org\/{rel}","templated":true}]}}