{"id":3693,"date":"2025-09-24T14:16:54","date_gmt":"2025-09-24T13:16:54","guid":{"rendered":"https:\/\/swisslasik.ch\/patientenberichte-augen-lasern\/acibadem-hastanesinde-istanbuldaki-kisirlik-tedavimiz-14-agustos-2011-pazar-tarihli-rapor\/"},"modified":"2026-01-14T18:52:22","modified_gmt":"2026-01-14T17:52:22","slug":"acibadem-hastanesinde-istanbuldaki-kisirlik-tedavimiz-14-agustos-2011-pazar-tarihli-rapor","status":"publish","type":"page","link":"https:\/\/swisslasik.ch\/tr\/patientenberichte-augen-lasern\/acibadem-hastanesinde-istanbuldaki-kisirlik-tedavimiz-14-agustos-2011-pazar-tarihli-rapor\/","title":{"rendered":"Ac\u0131badem Hastanesi&#8217;nde \u0130stanbul&#8217;daki k\u0131s\u0131rl\u0131k tedavimiz &#8211; 14 A\u011fustos 2011 Pazar tarihli rapor"},"content":{"rendered":"\n<h3 class=\"wp-block-heading\">Ac\u0131badem Hastanesi&#8217;nde \u0130stanbul&#8217;daki k\u0131s\u0131rl\u0131k tedavimiz &#8211; 14 A\u011fustos 2011 Pazar tarihli rapor<\/h3>\n\n<p>Herkese merhaba, hik\u00e2yemi payla\u015fmak istiyorum. Benim ad\u0131m Isejnoska Meltena, Makedonya do\u011fumluyum ancak 1993 y\u0131l\u0131ndan beri \u0130svi\u00e7re\u2019de ya\u015f\u0131yorum. E\u015fim Mehmet Isejnoski ile 10 y\u0131ld\u0131r evliyiz. Hayat\u0131m\u0131zda \u00e7ok zor d\u00f6nemler ge\u00e7irdik. D\u00f6rt kez ameliyat oldum, d\u0131\u015f gebelikler ya\u015fad\u0131m. Bundan sonra t\u00fcp bebek tedavisine karar verdik.<br\/>Ancak \u0130svi\u00e7re\u2019de hi\u00e7 \u015fans\u0131m\u0131z olmad\u0131. Alt\u0131 kez t\u00fcp bebek denememize ra\u011fmen hi\u00e7birinde ba\u015far\u0131l\u0131 olamad\u0131k. May\u0131s 2011\u2019de bir g\u00fcn e\u015fim internette ara\u015ft\u0131rma yaparken T\u00fcrkiye\u2019de t\u00fcp bebek konusunda Dr. G\u00fcrkan Arikan\u2019\u0131 buldu. Kendisi o d\u00f6nemde Avusturya\u2019n\u0131n Graz kentindeydi ve biz de onunla g\u00f6r\u00fc\u015fmek, t\u00fcp bebek hakk\u0131nda bilgi almak i\u00e7in oraya gittik. Daha sonra Z\u00fcrih\u2019te verdi\u011fi bir seminere kat\u0131ld\u0131k ve kendisiyle tekrar g\u00f6r\u00fc\u015ft\u00fck. Bu seminerde Swisslasik ile tan\u0131\u015ft\u0131k ve onlarla ileti\u015fime ge\u00e7tik.<br\/>Bunun ard\u0131ndan t\u00fcp bebek tedavisini T\u00fcrkiye\u2019de yapt\u0131rmaya karar verdik. Swisslasik bizim i\u00e7in her \u015feyi organize etti. U\u00e7aklar, havaalan\u0131 transferleri ve di\u011fer t\u00fcm detaylar. T\u00fcrkiye\u2019ye u\u00e7tuk ve orada mutlulu\u011fumuzu bulduk. Ac\u0131badem Hastanesi \u00e7ok iyiydi, \u00e7ok temiz ve hijyenikti. Personel son derece g\u00fcler y\u00fczl\u00fcyd\u00fc. Tedavi s\u00fcreci yakla\u015f\u0131k 10\u201312 g\u00fcn s\u00fcrd\u00fc. Operasyon sorunsuz ge\u00e7ti. 17.07.2011 tarihinde operasyonum oldu. 22.07.2011 tarihinde transfer ger\u00e7ekle\u015fti ve o da \u00e7ok sorunsuz ge\u00e7ti. Ard\u0131ndan tekrar \u0130svi\u00e7re\u2019ye d\u00f6nd\u00fck.<br\/>\u015eimdi 02.08.2011 tarihinde aile doktorumda yap\u0131lacak kan testini beklememiz gerekiyordu. Ayn\u0131 g\u00fcn \u00f6\u011fleden sonra beni arad\u0131lar. Sonu\u00e7 olumluydu. Bunca denemeden sonra buna inan\u0131lmaz derecede sevindik. Mutlulu\u011fumuzu T\u00fcrkiye\u2019de bulduk. Nihayet oldu, hayalimiz ger\u00e7ek oldu.<br\/>Herkese denemesini tavsiye ediyorum. \u0130nsan mutlulu\u011fun nerede kar\u015f\u0131s\u0131na \u00e7\u0131kaca\u011f\u0131n\u0131 asla bilemez. Bizim i\u00e7in bu mutluluk T\u00fcrkiye\u2019deydi.<br\/>Sayg\u0131lar\u0131mla<br\/>Isejnoska Meltena ve Isejnoski Mehmet                              <\/p>\n\n<div class=\"wp-block-group is-layout-grid wp-container-core-group-is-layout-baef362d wp-block-group-is-layout-grid\">\n<p><a href=\"https:\/\/medicaltravel.at\/home\/agb\/\" data-type=\"page\" data-id=\"2191\" rel=\"nofollow noopener\" target=\"_blank\"><\/a><a href=\"https:\/\/swisslasik.ch\/tr\/patientenberichte-augen-lasern\/istanbuldaki-lasik-tedavim-17-agustos-2011-carsamba-tarihli-rapor\/\" data-type=\"link\" data-id=\"https:\/\/swisslasik.ch\/patientenberichte-augen-lasern\/meine-lasik-behandlung-in-istanbul-bericht-vom-mittwoch-17-august-2011\/\">\u00d6nceki rapor<\/a><\/p>\n\n\n\n<p class=\"has-text-align-right wp-container-content-5e2576f9\"><a href=\"https:\/\/medicaltravel.at\/home\/impressum\/\" data-type=\"page\" data-id=\"2193\" rel=\"nofollow noopener\" target=\"_blank\"><\/a><a href=\"https:\/\/medicaltravel.at\/home\/berichte-von-patienten\/erfahrungsberichte\/erfahrungsbericht-zahnbehandlung-in-istanbul\/\" data-type=\"page\" data-id=\"981\" rel=\"nofollow noopener\" target=\"_blank\"><\/a><a href=\"https:\/\/swisslasik.ch\/tr\/patientenberichte-augen-lasern\/istanbul-acibadem-hastanesinde-yaptirdigim-liposuction-islemine-dair-rapor-7-agustos-2011-pazar\/\" data-type=\"link\" data-id=\"https:\/\/swisslasik.ch\/patientenberichte-augen-lasern\/meine-liposuction-in-istanbul-beim-acibadem-spital-bericht-vom-sonntag-07-august-2011\/\">Sonraki rapor<\/a><\/p>\n<\/div>\n","protected":false},"excerpt":{"rendered":"<p>Ac\u0131badem Hastanesi&#8217;nde \u0130stanbul&#8217;daki k\u0131s\u0131rl\u0131k tedavimiz &#8211; 14 A\u011fustos 2011 Pazar tarihli rapor Herkese merhaba, hik\u00e2yemi payla\u015fmak istiyorum. Benim ad\u0131m Isejnoska Meltena, Makedonya do\u011fumluyum ancak 1993 y\u0131l\u0131ndan beri \u0130svi\u00e7re\u2019de ya\u015f\u0131yorum. E\u015fim Mehmet Isejnoski ile 10 y\u0131ld\u0131r evliyiz. Hayat\u0131m\u0131zda \u00e7ok zor d\u00f6nemler ge\u00e7irdik. D\u00f6rt kez ameliyat oldum, d\u0131\u015f gebelikler ya\u015fad\u0131m. Bundan sonra t\u00fcp bebek tedavisine karar verdik.Ancak \u0130svi\u00e7re\u2019de hi\u00e7 \u015fans\u0131m\u0131z olmad\u0131. Alt\u0131 kez t\u00fcp bebek denememize ra\u011fmen hi\u00e7birinde ba\u015far\u0131l\u0131 olamad\u0131k. May\u0131s 2011\u2019de bir g\u00fcn e\u015fim internette ara\u015ft\u0131rma yaparken T\u00fcrkiye\u2019de t\u00fcp bebek konusunda Dr. G\u00fcrkan Arikan\u2019\u0131 buldu. Kendisi o d\u00f6nemde Avusturya\u2019n\u0131n Graz kentindeydi ve biz de onunla g\u00f6r\u00fc\u015fmek, t\u00fcp bebek hakk\u0131nda bilgi almak i\u00e7in oraya gittik. Daha sonra Z\u00fcrih\u2019te verdi\u011fi bir seminere kat\u0131ld\u0131k ve kendisiyle tekrar g\u00f6r\u00fc\u015ft\u00fck. Bu seminerde Swisslasik ile tan\u0131\u015ft\u0131k ve onlarla ileti\u015fime ge\u00e7tik.Bunun ard\u0131ndan t\u00fcp bebek tedavisini T\u00fcrkiye\u2019de yapt\u0131rmaya karar verdik. Swisslasik bizim i\u00e7in her \u015feyi organize etti. U\u00e7aklar, havaalan\u0131 transferleri ve di\u011fer t\u00fcm detaylar. T\u00fcrkiye\u2019ye u\u00e7tuk ve orada mutlulu\u011fumuzu bulduk. Ac\u0131badem Hastanesi \u00e7ok iyiydi, \u00e7ok temiz ve hijyenikti. Personel son derece g\u00fcler y\u00fczl\u00fcyd\u00fc. Tedavi s\u00fcreci yakla\u015f\u0131k 10\u201312 g\u00fcn s\u00fcrd\u00fc. Operasyon sorunsuz ge\u00e7ti. 17.07.2011 tarihinde operasyonum oldu. 22.07.2011 tarihinde transfer ger\u00e7ekle\u015fti ve o da \u00e7ok sorunsuz ge\u00e7ti. Ard\u0131ndan tekrar \u0130svi\u00e7re\u2019ye d\u00f6nd\u00fck.\u015eimdi 02.08.2011 tarihinde aile doktorumda yap\u0131lacak kan testini beklememiz gerekiyordu. Ayn\u0131 g\u00fcn \u00f6\u011fleden sonra beni arad\u0131lar. Sonu\u00e7 olumluydu. Bunca denemeden sonra buna inan\u0131lmaz derecede sevindik. Mutlulu\u011fumuzu T\u00fcrkiye\u2019de bulduk. Nihayet oldu, hayalimiz ger\u00e7ek oldu.Herkese denemesini tavsiye ediyorum. \u0130nsan mutlulu\u011fun nerede kar\u015f\u0131s\u0131na \u00e7\u0131kaca\u011f\u0131n\u0131 asla bilemez. Bizim i\u00e7in bu mutluluk T\u00fcrkiye\u2019deydi.Sayg\u0131lar\u0131mlaIsejnoska Meltena ve Isejnoski Mehmet \u00d6nceki rapor Sonraki rapor<\/p>\n","protected":false},"author":4,"featured_media":0,"parent":3650,"menu_order":0,"comment_status":"closed","ping_status":"closed","template":"","meta":{"_joinchat":[],"footnotes":""},"class_list":["post-3693","page","type-page","status-publish","hentry"],"acf":[],"_links":{"self":[{"href":"https:\/\/swisslasik.ch\/tr\/wp-json\/wp\/v2\/pages\/3693","targetHints":{"allow":["GET"]}}],"collection":[{"href":"https:\/\/swisslasik.ch\/tr\/wp-json\/wp\/v2\/pages"}],"about":[{"href":"https:\/\/swisslasik.ch\/tr\/wp-json\/wp\/v2\/types\/page"}],"author":[{"embeddable":true,"href":"https:\/\/swisslasik.ch\/tr\/wp-json\/wp\/v2\/users\/4"}],"replies":[{"embeddable":true,"href":"https:\/\/swisslasik.ch\/tr\/wp-json\/wp\/v2\/comments?post=3693"}],"version-history":[{"count":1,"href":"https:\/\/swisslasik.ch\/tr\/wp-json\/wp\/v2\/pages\/3693\/revisions"}],"predecessor-version":[{"id":3694,"href":"https:\/\/swisslasik.ch\/tr\/wp-json\/wp\/v2\/pages\/3693\/revisions\/3694"}],"up":[{"embeddable":true,"href":"https:\/\/swisslasik.ch\/tr\/wp-json\/wp\/v2\/pages\/3650"}],"wp:attachment":[{"href":"https:\/\/swisslasik.ch\/tr\/wp-json\/wp\/v2\/media?parent=3693"}],"curies":[{"name":"wp","href":"https:\/\/api.w.org\/{rel}","templated":true}]}}