{"id":3695,"date":"2025-09-17T13:52:45","date_gmt":"2025-09-17T12:52:45","guid":{"rendered":"https:\/\/swisslasik.ch\/patientenberichte-augenlasern-erfahrungen\/"},"modified":"2026-01-14T18:43:06","modified_gmt":"2026-01-14T17:43:06","slug":"patientenberichte-augenlasern-erfahrungen","status":"publish","type":"page","link":"https:\/\/swisslasik.ch\/tr\/patientenberichte-augenlasern-erfahrungen\/","title":{"rendered":"Patientenberichte augenlasern erfahrungen"},"content":{"rendered":"\t\t<div data-elementor-type=\"wp-page\" data-elementor-id=\"3695\" class=\"elementor elementor-3695 elementor-87\" data-elementor-post-type=\"page\">\n\t\t\t\t<div class=\"elementor-element elementor-element-5faffd0c e-flex e-con-boxed wpr-particle-no wpr-jarallax-no wpr-parallax-no wpr-sticky-section-no wpr-equal-height-no e-con e-parent\" data-id=\"5faffd0c\" data-element_type=\"container\" data-e-type=\"container\">\n\t\t\t\t\t<div class=\"e-con-inner\">\n\t\t<div class=\"elementor-element elementor-element-952c330 e-con-full e-flex wpr-particle-no wpr-jarallax-no wpr-parallax-no wpr-sticky-section-no wpr-equal-height-no e-con e-child\" data-id=\"952c330\" data-element_type=\"container\" data-e-type=\"container\">\n\t\t\t\t<div class=\"elementor-element elementor-element-21743d4 elementor-widget elementor-widget-button\" data-id=\"21743d4\" data-element_type=\"widget\" data-e-type=\"widget\" data-widget_type=\"button.default\">\n\t\t\t\t\t\t\t\t\t\t<a class=\"elementor-button elementor-button-link elementor-size-sm\" href=\"https:\/\/swisslasik.ch\/patientenberichte-lasik\/\">\n\t\t\t\t\t\t<span class=\"elementor-button-content-wrapper\">\n\t\t\t\t\t\t\t\t\t<span class=\"elementor-button-text\">LASIK hastalar\u0131n\u0131n g\u00f6r\u00fc\u015fleri<\/span>\n\t\t\t\t\t<\/span>\n\t\t\t\t\t<\/a>\n\t\t\t\t\t\t\t\t<\/div>\n\t\t\t\t<div class=\"elementor-element elementor-element-361cbd0 elementor-widget elementor-widget-button\" data-id=\"361cbd0\" data-element_type=\"widget\" data-e-type=\"widget\" data-widget_type=\"button.default\">\n\t\t\t\t\t\t\t\t\t\t<a class=\"elementor-button elementor-button-link elementor-size-sm\" href=\"https:\/\/swisslasik.ch\/tr\/patientenberichte-augenlasern-erfahrungen\/\">\n\t\t\t\t\t\t<span class=\"elementor-button-content-wrapper\">\n\t\t\t\t\t\t\t\t\t<span class=\"elementor-button-text\">Femto-LASIK Hasta Raporlar\u0131<\/span>\n\t\t\t\t\t<\/span>\n\t\t\t\t\t<\/a>\n\t\t\t\t\t\t\t\t<\/div>\n\t\t\t\t<div class=\"elementor-element elementor-element-a5d8b76 elementor-widget elementor-widget-button\" data-id=\"a5d8b76\" data-element_type=\"widget\" data-e-type=\"widget\" data-widget_type=\"button.default\">\n\t\t\t\t\t\t\t\t\t\t<a class=\"elementor-button elementor-button-link elementor-size-sm\" href=\"https:\/\/swisslasik.ch\/tr\/patientenberichte-augen-lasern\/\">\n\t\t\t\t\t\t<span class=\"elementor-button-content-wrapper\">\n\t\t\t\t\t\t\t\t\t<span class=\"elementor-button-text\">Hasta Raporlar\u0131<\/span>\n\t\t\t\t\t<\/span>\n\t\t\t\t\t<\/a>\n\t\t\t\t\t\t\t\t<\/div>\n\t\t\t\t<div class=\"elementor-element elementor-element-99472a1 elementor-widget elementor-widget-button\" data-id=\"99472a1\" data-element_type=\"widget\" data-e-type=\"widget\" data-widget_type=\"button.default\">\n\t\t\t\t\t\t\t\t\t\t<a class=\"elementor-button elementor-button-link elementor-size-sm\" href=\"https:\/\/swisslasik.ch\/patientenerfahrungen-augenoperation-tuerkei\/\">\n\t\t\t\t\t\t<span class=\"elementor-button-content-wrapper\">\n\t\t\t\t\t\t\t\t\t<span class=\"elementor-button-text\">Hasta Raporlar\u0131 2009-2010<\/span>\n\t\t\t\t\t<\/span>\n\t\t\t\t\t<\/a>\n\t\t\t\t\t\t\t\t<\/div>\n\t\t\t\t<div class=\"elementor-element elementor-element-babff50 elementor-widget elementor-widget-button\" data-id=\"babff50\" data-element_type=\"widget\" data-e-type=\"widget\" data-widget_type=\"button.default\">\n\t\t\t\t\t\t\t\t\t\t<a class=\"elementor-button elementor-button-link elementor-size-sm\" href=\"https:\/\/swisslasik.ch\/tr\/yasli-hasta-raporlari-goez-klinigi-tuerkiye\/\">\n\t\t\t\t\t\t<span class=\"elementor-button-content-wrapper\">\n\t\t\t\t\t\t\t\t\t<span class=\"elementor-button-text\">Eski hasta deneyimleri<\/span>\n\t\t\t\t\t<\/span>\n\t\t\t\t\t<\/a>\n\t\t\t\t\t\t\t\t<\/div>\n\t\t\t\t<\/div>\n\t\t\t\t<div class=\"elementor-element elementor-element-4be565de elementor-widget elementor-widget-text-editor\" data-id=\"4be565de\" data-element_type=\"widget\" data-e-type=\"widget\" data-widget_type=\"text-editor.default\">\n\t\t\t\t\t\t\t\t\t<h2 class=\"wp-block-heading\"><strong>HASTA G\u00d6R\u00dc\u015eLER\u0130 \u2013 \u0130STANBUL G\u00d6Z LAZER CERRAH\u0130S\u0130 DENEY\u0130MLER\u0130<\/strong><\/h2><ul class=\"wp-block-list\"><li><strong><a href=\"https:\/\/swisslasik.ch\/tr\/patientenberichte-augenlasern-erfahrungen\/cift-lazer-ameliyati-16-eyluel-2013-pazartesi-tarihli-rapor\/\" data-type=\"page\" data-id=\"393\">\u00c7ift lazer ameliyat\u0131<\/a> \u2013 16 Eyl\u00fcl 2013 Pazartesi tarihli rapor<\/strong><\/li><li><strong><a href=\"https:\/\/swisslasik.ch\/tr\/patientenberichte-augenlasern-erfahrungen\/tuerkiyede-lazer-goez-ameliyati-hakkinda-hasta-raporu-25-temmuz-2013-persembe-tarihli-rapor\/\" data-type=\"page\" data-id=\"396\">T\u00fcrkiye&#8217;de lazer g\u00f6z ameliyat\u0131 hakk\u0131nda hasta raporu <\/a>\u2013 25 Temmuz 2013 Per\u015fembe tarihli rapor<\/strong><\/li><li><strong><a href=\"https:\/\/swisslasik.ch\/tr\/samuel-muellerin-lazer-goez-ameliyati-icin-istanbul-acibadem-maslak-klinigine-yaptigi-seyahat-raporu-18-temmuz-2013-persembe-tarihli-rapor\/\" data-type=\"page\" data-id=\"398\">Samuel M\u00fcller&#8217;in lazer g\u00f6z ameliyat\u0131 i\u00e7in \u0130stanbul Ac\u0131badem Maslak Klini\u011fi&#8217;ne yapt\u0131\u011f\u0131 seyahat raporu.<\/a> \u2013 18 Temmuz 2013 Per\u015fembe tarihli rapor.<\/strong><\/li><li><strong><a href=\"https:\/\/swisslasik.ch\/tr\/patientenberichte-augenlasern-erfahrungen\/silvana-romanonun-istanbulda-lazer-goez-ameliyati-hakkindaki-hasta-raporu-17-temmuz-2013-carsamba-tarihli-rapor\/\" data-type=\"page\" data-id=\"401\">Silvana Romano&#8217;nun \u0130stanbul&#8217;da lazer g\u00f6z ameliyat\u0131 hakk\u0131ndaki hasta raporu<\/a> \u2013 17 Temmuz 2013 \u00c7ar\u015famba tarihli rapor.<\/strong><\/li><li><strong><a href=\"https:\/\/swisslasik.ch\/tr\/patientenberichte-augenlasern-erfahrungen\/hasta-raporu-istanbulda-goez-ameliyati-8-temmuz-2013-pazartesi-tarihli-rapor\/\" data-type=\"page\" data-id=\"403\">Hasta raporu: \u0130stanbul&#8217;da g\u00f6z ameliyat\u0131 <\/a>\u2013 8 Temmuz 2013 Pazartesi tarihli rapor<\/strong><\/li><li><strong><a href=\"https:\/\/swisslasik.ch\/tr\/patientenberichte-augenlasern-erfahrungen\/istanbulda-meme-kuecueltme-ve-liposuction-ameliyatim-8-temmuz-2013-pazartesi-tarihli-rapor\/\" data-type=\"page\" data-id=\"405\">\u0130stanbul&#8217;da meme k\u00fc\u00e7\u00fcltme ve liposuction ameliyat\u0131m<\/a> &#8211; 8 Temmuz 2013 Pazartesi tarihli rapor<\/strong><\/li><li><strong><a href=\"https:\/\/swisslasik.ch\/tr\/patientenberichte-augenlasern-erfahrungen\/swisslasik-araciligiyla-istanbulda-yapilan-goez-ameliyatina-iliskin-deneyim-raporu-18-haziran-2013-sali-tarihli-rapor\/\" data-type=\"page\" data-id=\"407\">Swisslasik arac\u0131l\u0131\u011f\u0131yla \u0130stanbul&#8217;da yap\u0131lan g\u00f6z ameliyat\u0131na ili\u015fkin deneyim raporu<\/a> \u2013 18 Haziran 2013 Sal\u0131 tarihli rapor<\/strong><\/li><li><strong><a href=\"https:\/\/swisslasik.ch\/tr\/patientenberichte-augenlasern-erfahrungen\/istanbulda-femto-lasik-deneyimim-27-mayis-2013-pazartesi-tarihli-raporum\/\" data-type=\"page\" data-id=\"409\">\u0130stanbul&#8217;da Femto LASIK deneyimim<\/a> \u2013 27 May\u0131s 2013 Pazartesi tarihli raporum.<\/strong><\/li><li><strong><a href=\"https:\/\/swisslasik.ch\/tr\/patientenberichte-augenlasern-erfahrungen\/swisslasik-olmasaydi-bes-kat-daha-fazla-bile-oederdim-12-mart-2013-sali-tarihli-rapor\/\" data-type=\"page\" data-id=\"411\">Swisslasik olmasayd\u0131, be\u015f kat daha fazla bile \u00f6derdim!<\/a> \u2013 12 Mart 2013 Sal\u0131 tarihli rapor<\/strong><\/li><li><strong><a href=\"https:\/\/swisslasik.ch\/tr\/patientenberichte-augenlasern-erfahrungen\/istanbulda-gecirdigim-macerali-lazer-goez-ameliyatim-6-mart-2013-carsamba-tarihli-raporum\/\" data-type=\"page\" data-id=\"413\">\u0130stanbul&#8217;da ge\u00e7irdi\u011fim maceral\u0131 lazer g\u00f6z ameliyat\u0131m<\/a> \u2013 6 Mart 2013 \u00c7ar\u015famba tarihli raporum.<\/strong><\/li><li><strong><a href=\"https:\/\/swisslasik.ch\/tr\/patientenberichte-augenlasern-erfahrungen\/swisslasik-deneyim-raporu-5-subat-2013-sali-tarihli-rapor\/\" data-type=\"page\" data-id=\"415\">Swisslasik deneyim raporu<\/a> \u2013 5 \u015eubat 2013 Sal\u0131 tarihli rapor<\/strong><\/li><li><strong><a href=\"https:\/\/swisslasik.ch\/tr\/patientenberichte-augenlasern-erfahrungen\/farkli-bir-noel-21-ocak-2013-pazartesi-tarihli-rapor\/\" data-type=\"page\" data-id=\"417\">Farkl\u0131 bir Noel <\/a>\u2013 21 Ocak 2013 Pazartesi tarihli rapor<\/strong><\/li><li><strong><a href=\"https:\/\/swisslasik.ch\/tr\/patientenberichte-augenlasern-erfahrungen\/en-yueksek-kalite-ve-hizmet-standartlari-15-ocak-2013-sali-tarihli-rapor\/\" data-type=\"page\" data-id=\"419\">En y\u00fcksek kalite ve hizmet standartlar\u0131 <\/a>\u2013 15 Ocak 2013 Sal\u0131 tarihli rapor<\/strong><\/li><li><strong><a href=\"https:\/\/swisslasik.ch\/tr\/patientenberichte-augenlasern-erfahrungen\/istanbuldaki-lasik-deneyimim-24-aralik-2012-pazartesi-tarihli-rapor\/\" data-type=\"page\" data-id=\"421\">\u0130stanbul&#8217;daki LASIK deneyimim<\/a> \u2013 24 Aral\u0131k 2012 Pazartesi tarihli rapor<\/strong><\/li><li><strong><a href=\"https:\/\/swisslasik.ch\/tr\/patientenberichte-augenlasern-erfahrungen\/istanbulda-supracor-ile-yaptirdigim-lazer-tedavisine-dair-deneyim-raporum-19-aralik-2012-carsamba-tarihli-rapor\/\" data-type=\"page\" data-id=\"423\">\u0130stanbul&#8217;da Supracor ile yapt\u0131rd\u0131\u011f\u0131m lazer tedavisine dair deneyim raporum<\/a> \u2013 19 Aral\u0131k 2012 \u00c7ar\u015famba tarihli rapor.<\/strong><\/li><li><strong><a href=\"https:\/\/swisslasik.ch\/tr\/patientenberichte-augenlasern-erfahrungen\/istanbulda-femto-lasik-tedavisi-deneyimim-14-kasim-2012-carsamba-tarihli-rapor\/\" data-type=\"page\" data-id=\"425\">\u0130stanbul&#8217;da Femto LASIK tedavisi \u2013 Deneyimim <\/a>\u2013 14 Kas\u0131m 2012 \u00c7ar\u015famba tarihli rapor<\/strong><\/li><li><strong><a href=\"https:\/\/swisslasik.ch\/tr\/patientenberichte-augenlasern-erfahrungen\/muekemmel-bakim-organizasyon-harika-bir-hastane-ve-tabii-ki-fiyati-6-kasim-2012-sali-tarihli-rapor\/\" data-type=\"page\" data-id=\"427\">M\u00fckemmel bak\u0131m, organizasyon, harika bir hastane ve tabii ki fiyat\u0131!!! <\/a>\u2013 6 Kas\u0131m 2012 Sal\u0131 tarihli rapor<\/strong><\/li><li><strong><a href=\"https:\/\/swisslasik.ch\/tr\/patientenberichte-augenlasern-erfahrungen\/dita-cecchinin-11-eyluel-2012de-istanbulda-goez-ameliyati-gerceklestiren-goeruesue-26-ekim-2012-cuma-tarihli-rapor\/\" data-type=\"page\" data-id=\"429\">Dita Cecchin&#8217;in (11 Eyl\u00fcl 2012&#8217;de \u0130stanbul&#8217;da g\u00f6z ameliyat\u0131 ge\u00e7iren) g\u00f6r\u00fc\u015f\u00fc <\/a>\u2013 26 Ekim 2012 Cuma tarihli rapor<\/strong><\/li><li><strong><a href=\"https:\/\/swisslasik.ch\/tr\/patientenberichte-augenlasern-erfahrungen\/istanbul-tatili-ve-250-ml-silikon-implantlarla-meme-bueyuetme-ameliyati-15-ekim-2012-pazartesi-tarihli-haber\/\" data-type=\"page\" data-id=\"431\">\u0130stanbul tatili ve 250 ml silikon implantlarla meme b\u00fcy\u00fctme ameliyat\u0131<\/a> \u2013 15 Ekim 2012 Pazartesi tarihli haber.<\/strong><\/li><li><strong><a href=\"https:\/\/swisslasik.ch\/tr\/patientenberichte-augenlasern-erfahrungen\/acibadem-hastanesi-istanbulda-gecirdigim-lazer-goez-ameliyatina-dair-deneyim-raporu-corinne-stoll-tarafindan-14-09-2012-tarihinde-yazilmistir\/\" data-type=\"page\" data-id=\"433\">Ac\u0131badem Hastanesi, \u0130stanbul&#8217;da ge\u00e7irdi\u011fim lazer g\u00f6z ameliyat\u0131na dair deneyim raporu, Corinne Stoll taraf\u0131ndan 14 Eyl\u00fcl 2012 tarihinde yaz\u0131lm\u0131\u015ft\u0131r<\/a>: \u2013 Rapor, 10 Ekim 2012 \u00c7ar\u015famba tarihlidir.<\/strong><\/li><li><strong><a href=\"https:\/\/swisslasik.ch\/tr\/patientenberichte-augenlasern-erfahrungen\/agustos-2012de-istanbulda-goezlerime-lazer-tedavisi-yaptirdigimda-harika-bir-deneyim-yasadim-1-ekim-2012-pazartesi-tarihli-rapor\/\" data-type=\"page\" data-id=\"435\">A\u011fustos 2012&#8217;de \u0130stanbul&#8217;da g\u00f6zlerime lazer tedavisi yapt\u0131rd\u0131\u011f\u0131mda harika bir deneyim ya\u015fad\u0131m <\/a>\u2013 1 Ekim 2012 Pazartesi tarihli rapor.<\/strong><\/li><li><strong><a href=\"https:\/\/swisslasik.ch\/tr\/patientenberichte-augenlasern-erfahrungen\/istanbul-acibadem-kliniginde-gecirdigim-ameliyat-26-eyluel-2012-carsamba-tarihli-rapor\/\" data-type=\"page\" data-id=\"437\">\u0130stanbul Ac\u0131badem Klini\u011fi&#8217;nde ge\u00e7irdi\u011fim ameliyat <\/a>\u2013 26 Eyl\u00fcl 2012 \u00c7ar\u015famba tarihli rapor<\/strong><\/li><li><strong><a href=\"https:\/\/swisslasik.ch\/tr\/patientenberichte-augenlasern-erfahrungen\/deneyim-raporu-yurtdisinda-lasik-tuerkiye-21-eyluel-2012-cuma-tarihli-rapor\/\" data-type=\"page\" data-id=\"445\">Deneyim raporu: Yurtd\u0131\u015f\u0131nda LASIK &#8211; T\u00fcrkiye<\/a> \u2013 21 Eyl\u00fcl 2012 Cuma tarihli rapor<\/strong><\/li><li><strong><a href=\"https:\/\/swisslasik.ch\/tr\/patientenberichte-augenlasern-erfahrungen\/istanbulda-21-temmuz-2012-tarihinde-gerceklestirilen-lasik-goez-ameliyatina-iliskin-deneyim-raporu-7-eyluel-2012-cuma-tarihli-rapor\/\" data-type=\"page\" data-id=\"447\">\u0130stanbul&#8217;da 21 Temmuz 2012 tarihinde ger\u00e7ekle\u015ftirilen LASIK g\u00f6z ameliyat\u0131na ili\u015fkin deneyim raporu<\/a> \u2013 7 Eyl\u00fcl 2012 Cuma tarihli rapor.<\/strong><\/li><li><strong><a href=\"https:\/\/swisslasik.ch\/tr\/patientenberichte-augenlasern-erfahrungen\/yurtdisinda-lazer-goez-ameliyati-istanbul-9-12-agustos-2012-9-agustos-2012-persembe-tarihli-rapor\/\" data-type=\"page\" data-id=\"462\">Yurtd\u0131\u015f\u0131nda Lazer G\u00f6z Ameliyat\u0131 &#8211; \u0130stanbul \/ 9-12 A\u011fustos 2012<\/a> \u2013 9 A\u011fustos 2012 Per\u015fembe tarihli rapor<\/strong><\/li><li><strong><a href=\"https:\/\/swisslasik.ch\/tr\/patientenberichte-augenlasern-erfahrungen\/antalya-tuerkiyede-swisslasik-araciligiyla-yaptirdigim-lasik-ameliyatim-2-agustos-2012-persembe-tarihli-rapor\/\" data-type=\"page\" data-id=\"464\">Antalya, T\u00fcrkiye&#8217;de Swisslasik arac\u0131l\u0131\u011f\u0131yla yapt\u0131rd\u0131\u011f\u0131m LASIK ameliyat\u0131m<\/a> &#8211; 2 A\u011fustos 2012 Per\u015fembe tarihli rapor<\/strong><\/li><li><strong><a href=\"https:\/\/swisslasik.ch\/tr\/patientenberichte-augenlasern-erfahrungen\/istanbulda-lazer-goez-ameliyati-deneyimim-29-temmuz-2012-pazar-tarihli-rapor\/\" data-type=\"page\" data-id=\"466\">\u0130stanbul&#8217;da lazer g\u00f6z ameliyat\u0131 deneyimim <\/a>\u2013 29 Temmuz 2012 Pazar tarihli rapor<\/strong><\/li><li><strong><a href=\"https:\/\/swisslasik.ch\/tr\/antalya-tuerkiyede-gecirdigim-lazer-goez-ameliyati-hakkindaki-deneyim-raporum-13-temmuz-2012-cuma-tarihli-rapor\/\" data-type=\"page\" data-id=\"468\">Antalya, T\u00fcrkiye&#8217;de kal\u0131c\u0131l\u0131\u011f\u0131m lazer g\u00f6z ameliyat\u0131 s\u00fcreci deneyim raporum <\/a>\u2013 13 Temmuz 2012 Cuma tarihli rapor<\/strong><\/li><li><strong><a href=\"https:\/\/swisslasik.ch\/tr\/patientenberichte-augenlasern-erfahrungen\/sonunda-goezluek-yok-istanbulda-lazer-goez-ameliyati-hakkindaki-hasta-raporum-28-haziran-2012-persembe-tarihli-rapor\/\" data-type=\"page\" data-id=\"470\">Sonunda g\u00f6zl\u00fck yok! \u0130stanbul&#8217;da lazer g\u00f6z ameliyat\u0131 hakk\u0131ndaki hasta raporum<\/a> \u2013 28 Haziran 2012 Per\u015fembe tarihli rapor.<\/strong><\/li><li><strong><a href=\"https:\/\/swisslasik.ch\/tr\/patientenberichte-augenlasern-erfahrungen\/sonunda-goezlueksuez-istanbul-acibademde-lazer-goez-ameliyati-26-30-nisan-2012-9-haziran-2012-cumartesi-tarihli-haber\/\" data-type=\"page\" data-id=\"472\">Sonunda g\u00f6zl\u00fcks\u00fcz \u2013 \u0130stanbul Ac\u0131badem&#8217;de lazer g\u00f6z ameliyat\u0131 (26-30 Nisan 2012)<\/a> \u2013 9 Haziran 2012 Cumartesi tarihli haber<\/strong><\/li><li><strong><a href=\"https:\/\/swisslasik.ch\/tr\/patientenberichte-augenlasern-erfahrungen\/acibadem-istanbulda-lazer-goez-ameliyati-deneyimim-30-mayis-2012-carsamba-tarihli-rapor\/\" data-type=\"page\" data-id=\"474\">Ac\u0131badem \u0130stanbul&#8217;da lazer g\u00f6z ameliyat\u0131 deneyimim <\/a>\u2013 30 May\u0131s 2012 \u00c7ar\u015famba tarihli rapor<\/strong><\/li><li><strong><a href=\"https:\/\/swisslasik.ch\/tr\/patientenberichte-augenlasern-erfahrungen\/goezlueksuez-goerme-hayali-istanbulda-gercek-oldu-18-mayis-2012-cuma-tarihli-haber\/\" data-type=\"page\" data-id=\"476\">G\u00f6zl\u00fcks\u00fcz g\u00f6rme hayali \u0130stanbul&#8217;da ger\u00e7ek oldu\u2026<\/a> \u2013 18 May\u0131s 2012 Cuma tarihli haber<\/strong><\/li><li><strong><a href=\"https:\/\/swisslasik.ch\/tr\/patientenberichte-augenlasern-erfahrungen\/28-31-mart-2012-tarihleri-arasinda-istanbula-seyahat-29-martta-ameliyat-16-mayis-2012-carsamba-tarihli-rapor\/\" data-type=\"page\" data-id=\"482\">28-31 Mart 2012 tarihleri \u200b\u200baras\u0131nda \u0130stanbul&#8217;a seyahat, 29 Mart&#8217;ta ameliyat<\/a> \u2013 16 May\u0131s 2012 \u00c7ar\u015famba tarihli rapor<\/strong><\/li><li><strong><a href=\"https:\/\/swisslasik.ch\/tr\/patientenberichte-augenlasern-erfahrungen\/engelsiz-goezlerle-yasamanin-verdigi-yeni-his-paha-bicilmez-6-mayis-2012-pazar-tarihli-rapor\/\" data-type=\"page\" data-id=\"484\">&#8220;Engelsiz&#8221; g\u00f6zlerle ya\u015faman\u0131n verdi\u011fi yeni his paha bi\u00e7ilmez!<\/a> \u2013 6 May\u0131s 2012 Pazar tarihli rapor<\/strong><\/li><li><strong><a href=\"https:\/\/swisslasik.ch\/tr\/patientenberichte-augenlasern-erfahrungen\/istanbulda-swisslasikte-yaptirdigim-dis-tedavisiyle-ilgili-rapor-3-mayis-2012-persembe\/\" data-type=\"page\" data-id=\"486\">\u0130stanbul&#8217;da Swisslasik&#8217;te yapt\u0131rd\u0131\u011f\u0131m di\u015f tedavisiyle ilgili rapor<\/a> &#8211; 3 May\u0131s 2012 Per\u015fembe<\/strong><\/li><li><strong><a href=\"https:\/\/swisslasik.ch\/tr\/patientenberichte-augenlasern-erfahrungen\/10-sentlik-madeni-parayi-20-sentlik-madeni-paradan-ayirt-etme-25-nisan-2012-carsamba-tarihli-rapor\/\" data-type=\"page\" data-id=\"488\">10 sentlik madeni paray\u0131 20 sentlik madeni paradan ay\u0131rt etme<\/a> \u2013 25 Nisan 2012 \u00c7ar\u015famba tarihli rapor<\/strong><\/li><li><strong><a href=\"https:\/\/swisslasik.ch\/tr\/patientenberichte-augenlasern-erfahrungen\/istanbulda-lazer-goez-ameliyati-icin-gecirdigim-suereye-dair-rapor-25-nisan-2012-carsamba\/\" data-type=\"page\" data-id=\"490\">\u0130stanbul&#8217;da lazer g\u00f6z ameliyat\u0131 i\u00e7in ge\u00e7irdi\u011fim s\u00fcreye dair rapor <\/a>\u2013 25 Nisan 2012 \u00c7ar\u015famba<\/strong><\/li><li><strong><a href=\"https:\/\/swisslasik.ch\/tr\/patientenberichte-augenlasern-erfahrungen\/istanbulda-gecirdigim-lazer-ameliyatim-11-nisan-2012-carsamba-tarihli-rapor\/\" data-type=\"page\" data-id=\"494\">\u0130stanbul&#8217;da ge\u00e7irdi\u011fim lazer ameliyat\u0131m<\/a> &#8211; 11 Nisan 2012 \u00c7ar\u015famba tarihli rapor<\/strong><\/li><\/ul>\t\t\t\t\t\t\t\t<\/div>\n\t\t\t\t\t<\/div>\n\t\t\t\t<\/div>\n\t\t\t\t<\/div>\n\t\t","protected":false},"excerpt":{"rendered":"<p>LASIK hastalar\u0131n\u0131n g\u00f6r\u00fc\u015fleri Femto-LASIK Hasta Raporlar\u0131 Hasta Raporlar\u0131 Hasta Raporlar\u0131 2009-2010 Eski hasta deneyimleri HASTA G\u00d6R\u00dc\u015eLER\u0130 \u2013 \u0130STANBUL G\u00d6Z LAZER CERRAH\u0130S\u0130 DENEY\u0130MLER\u0130 \u00c7ift lazer ameliyat\u0131 \u2013 16 Eyl\u00fcl 2013 Pazartesi tarihli rapor T\u00fcrkiye&#8217;de lazer g\u00f6z ameliyat\u0131 hakk\u0131nda hasta raporu \u2013 25 Temmuz 2013 Per\u015fembe tarihli rapor Samuel M\u00fcller&#8217;in lazer g\u00f6z ameliyat\u0131 i\u00e7in \u0130stanbul Ac\u0131badem Maslak Klini\u011fi&#8217;ne yapt\u0131\u011f\u0131 seyahat raporu. \u2013 18 Temmuz 2013 Per\u015fembe tarihli rapor. Silvana Romano&#8217;nun \u0130stanbul&#8217;da lazer g\u00f6z ameliyat\u0131 hakk\u0131ndaki hasta raporu \u2013 17 Temmuz 2013 \u00c7ar\u015famba tarihli rapor. Hasta raporu: \u0130stanbul&#8217;da g\u00f6z ameliyat\u0131 \u2013 8 Temmuz 2013 Pazartesi tarihli rapor \u0130stanbul&#8217;da meme k\u00fc\u00e7\u00fcltme ve liposuction ameliyat\u0131m &#8211; 8 Temmuz 2013 Pazartesi tarihli rapor Swisslasik arac\u0131l\u0131\u011f\u0131yla \u0130stanbul&#8217;da yap\u0131lan g\u00f6z ameliyat\u0131na ili\u015fkin deneyim raporu \u2013 18 Haziran 2013 Sal\u0131 tarihli rapor \u0130stanbul&#8217;da Femto LASIK deneyimim \u2013 27 May\u0131s 2013 Pazartesi tarihli raporum. Swisslasik olmasayd\u0131, be\u015f kat daha fazla bile \u00f6derdim! \u2013 12 Mart 2013 Sal\u0131 tarihli rapor \u0130stanbul&#8217;da ge\u00e7irdi\u011fim maceral\u0131 lazer g\u00f6z ameliyat\u0131m \u2013 6 Mart 2013 \u00c7ar\u015famba tarihli raporum. Swisslasik deneyim raporu \u2013 5 \u015eubat 2013 Sal\u0131 tarihli rapor Farkl\u0131 bir Noel \u2013 21 Ocak 2013 Pazartesi tarihli rapor En y\u00fcksek kalite ve hizmet standartlar\u0131 \u2013 15 Ocak 2013 Sal\u0131 tarihli rapor \u0130stanbul&#8217;daki LASIK deneyimim \u2013 24 Aral\u0131k 2012 Pazartesi tarihli rapor \u0130stanbul&#8217;da Supracor ile yapt\u0131rd\u0131\u011f\u0131m lazer tedavisine dair deneyim raporum \u2013 19 Aral\u0131k 2012 \u00c7ar\u015famba tarihli rapor. \u0130stanbul&#8217;da Femto LASIK tedavisi \u2013 Deneyimim \u2013 14 Kas\u0131m 2012 \u00c7ar\u015famba tarihli rapor M\u00fckemmel bak\u0131m, organizasyon, harika bir hastane ve tabii ki fiyat\u0131!!! \u2013 6 Kas\u0131m 2012 Sal\u0131 tarihli rapor Dita Cecchin&#8217;in (11 Eyl\u00fcl 2012&#8217;de \u0130stanbul&#8217;da g\u00f6z ameliyat\u0131 ge\u00e7iren) g\u00f6r\u00fc\u015f\u00fc \u2013 26 Ekim 2012 Cuma tarihli rapor \u0130stanbul tatili ve 250 ml silikon implantlarla meme b\u00fcy\u00fctme ameliyat\u0131 \u2013 15 Ekim 2012 Pazartesi tarihli haber. Ac\u0131badem Hastanesi, \u0130stanbul&#8217;da ge\u00e7irdi\u011fim lazer g\u00f6z ameliyat\u0131na dair deneyim raporu, Corinne Stoll taraf\u0131ndan 14 Eyl\u00fcl 2012 tarihinde yaz\u0131lm\u0131\u015ft\u0131r: \u2013 Rapor, 10 Ekim 2012 \u00c7ar\u015famba tarihlidir. A\u011fustos 2012&#8217;de \u0130stanbul&#8217;da g\u00f6zlerime lazer tedavisi yapt\u0131rd\u0131\u011f\u0131mda harika bir deneyim ya\u015fad\u0131m \u2013 1 Ekim 2012 Pazartesi tarihli rapor. \u0130stanbul Ac\u0131badem Klini\u011fi&#8217;nde ge\u00e7irdi\u011fim ameliyat \u2013 26 Eyl\u00fcl 2012 \u00c7ar\u015famba tarihli rapor Deneyim raporu: Yurtd\u0131\u015f\u0131nda LASIK &#8211; T\u00fcrkiye \u2013 21 Eyl\u00fcl 2012 Cuma tarihli rapor \u0130stanbul&#8217;da 21 Temmuz 2012 tarihinde ger\u00e7ekle\u015ftirilen LASIK g\u00f6z ameliyat\u0131na ili\u015fkin deneyim raporu \u2013 7 Eyl\u00fcl 2012 Cuma tarihli rapor. Yurtd\u0131\u015f\u0131nda Lazer G\u00f6z Ameliyat\u0131 &#8211; \u0130stanbul \/ 9-12 A\u011fustos 2012 \u2013 9 A\u011fustos 2012 Per\u015fembe tarihli rapor Antalya, T\u00fcrkiye&#8217;de Swisslasik arac\u0131l\u0131\u011f\u0131yla yapt\u0131rd\u0131\u011f\u0131m LASIK ameliyat\u0131m &#8211; 2 A\u011fustos 2012 Per\u015fembe tarihli rapor \u0130stanbul&#8217;da lazer g\u00f6z ameliyat\u0131 deneyimim \u2013 29 Temmuz 2012 Pazar tarihli rapor Antalya, T\u00fcrkiye&#8217;de kal\u0131c\u0131l\u0131\u011f\u0131m lazer g\u00f6z ameliyat\u0131 s\u00fcreci deneyim raporum \u2013 13 Temmuz 2012 Cuma tarihli rapor Sonunda g\u00f6zl\u00fck yok! \u0130stanbul&#8217;da lazer g\u00f6z ameliyat\u0131 hakk\u0131ndaki hasta raporum \u2013 28 Haziran 2012 Per\u015fembe tarihli rapor. Sonunda g\u00f6zl\u00fcks\u00fcz \u2013 \u0130stanbul Ac\u0131badem&#8217;de lazer g\u00f6z ameliyat\u0131 (26-30 Nisan 2012) \u2013 9 Haziran 2012 Cumartesi tarihli haber Ac\u0131badem \u0130stanbul&#8217;da lazer g\u00f6z ameliyat\u0131 deneyimim \u2013 30 May\u0131s 2012 \u00c7ar\u015famba tarihli rapor G\u00f6zl\u00fcks\u00fcz g\u00f6rme hayali \u0130stanbul&#8217;da ger\u00e7ek oldu\u2026 \u2013 18 May\u0131s 2012 Cuma tarihli haber 28-31 Mart 2012 tarihleri \u200b\u200baras\u0131nda \u0130stanbul&#8217;a seyahat, 29 Mart&#8217;ta ameliyat \u2013 16 May\u0131s 2012 \u00c7ar\u015famba tarihli rapor &#8220;Engelsiz&#8221; g\u00f6zlerle ya\u015faman\u0131n verdi\u011fi yeni his paha bi\u00e7ilmez! \u2013 6 May\u0131s 2012 Pazar tarihli rapor \u0130stanbul&#8217;da Swisslasik&#8217;te yapt\u0131rd\u0131\u011f\u0131m di\u015f tedavisiyle ilgili rapor &#8211; 3 May\u0131s 2012 Per\u015fembe 10 sentlik madeni paray\u0131 20 sentlik madeni paradan ay\u0131rt etme \u2013 25 Nisan 2012 \u00c7ar\u015famba tarihli rapor \u0130stanbul&#8217;da lazer g\u00f6z ameliyat\u0131 i\u00e7in ge\u00e7irdi\u011fim s\u00fcreye dair rapor \u2013 25 Nisan 2012 \u00c7ar\u015famba \u0130stanbul&#8217;da ge\u00e7irdi\u011fim lazer ameliyat\u0131m &#8211; 11 Nisan 2012 \u00c7ar\u015famba tarihli rapor<\/p>\n","protected":false},"author":4,"featured_media":0,"parent":0,"menu_order":0,"comment_status":"closed","ping_status":"closed","template":"","meta":{"_joinchat":[],"footnotes":""},"class_list":["post-3695","page","type-page","status-publish","hentry"],"acf":[],"_links":{"self":[{"href":"https:\/\/swisslasik.ch\/tr\/wp-json\/wp\/v2\/pages\/3695","targetHints":{"allow":["GET"]}}],"collection":[{"href":"https:\/\/swisslasik.ch\/tr\/wp-json\/wp\/v2\/pages"}],"about":[{"href":"https:\/\/swisslasik.ch\/tr\/wp-json\/wp\/v2\/types\/page"}],"author":[{"embeddable":true,"href":"https:\/\/swisslasik.ch\/tr\/wp-json\/wp\/v2\/users\/4"}],"replies":[{"embeddable":true,"href":"https:\/\/swisslasik.ch\/tr\/wp-json\/wp\/v2\/comments?post=3695"}],"version-history":[{"count":4,"href":"https:\/\/swisslasik.ch\/tr\/wp-json\/wp\/v2\/pages\/3695\/revisions"}],"predecessor-version":[{"id":4781,"href":"https:\/\/swisslasik.ch\/tr\/wp-json\/wp\/v2\/pages\/3695\/revisions\/4781"}],"wp:attachment":[{"href":"https:\/\/swisslasik.ch\/tr\/wp-json\/wp\/v2\/media?parent=3695"}],"curies":[{"name":"wp","href":"https:\/\/api.w.org\/{rel}","templated":true}]}}