{"id":3697,"date":"2025-09-24T12:29:16","date_gmt":"2025-09-24T11:29:16","guid":{"rendered":"https:\/\/swisslasik.ch\/patientenberichte-augenlasern-erfahrungen\/yurtdisinda-lazer-goez-ameliyati-istanbul-9-12-agustos-2012-9-agustos-2012-persembe-tarihli-rapor\/"},"modified":"2026-01-14T18:24:41","modified_gmt":"2026-01-14T17:24:41","slug":"yurtdisinda-lazer-goez-ameliyati-istanbul-9-12-agustos-2012-9-agustos-2012-persembe-tarihli-rapor","status":"publish","type":"page","link":"https:\/\/swisslasik.ch\/tr\/patientenberichte-augenlasern-erfahrungen\/yurtdisinda-lazer-goez-ameliyati-istanbul-9-12-agustos-2012-9-agustos-2012-persembe-tarihli-rapor\/","title":{"rendered":"Yurtd\u0131\u015f\u0131nda Lazer G\u00f6z Ameliyat\u0131 &#8211; \u0130stanbul \/ 9-12 A\u011fustos 2012 \u2013 9 A\u011fustos 2012 Per\u015fembe tarihli rapor"},"content":{"rendered":"\n<h3 class=\"wp-block-heading\">Yurtd\u0131\u015f\u0131nda Lazer G\u00f6z Ameliyat\u0131 &#8211; \u0130stanbul \/ 9-12 A\u011fustos 2012 \u2013 9 A\u011fustos 2012 Per\u015fembe tarihli rapor<\/h3>\n\n\n\n<p>On y\u0131ld\u0131r g\u00f6rme yard\u0131m\u0131na ihtiya\u00e7 duyuyordum. \u00c7evremi rahat ve net bir \u015fekilde alg\u0131layabilmek i\u00e7in ya g\u00f6zl\u00fck ya da kontakt lens mutlaka gerekiyordu. Zamanla kontakt lenslerle giderek daha fazla sorun ya\u015famaya ba\u015flad\u0131m; g\u00f6zlerim k\u0131zar\u0131yor ve a\u011fr\u0131yordu. Y\u0131lda birka\u00e7 kez optik\u00e7iye gitmem gerekiyordu. Ayl\u0131k lenslerden iki haftal\u0131k lenslere ge\u00e7mek zorunda kald\u0131m, lens sol\u00fcsyonunu de\u011fi\u015ftirdim ve kontrolleri daha da s\u0131kla\u015ft\u0131rd\u0131m. G\u00f6zl\u00fc\u011fe hi\u00e7bir zaman tam olarak al\u0131\u015famad\u0131m, spor yaparken ise lenslerle kendimi daha rahat hissediyordum.<br>Bu s\u00fcre\u00e7te iki arkada\u015f\u0131m bana \u0130stanbul\u2019da g\u00f6zlerini lazerle d\u00fczelttirdiklerini anlatt\u0131. Sonu\u00e7tan \u00e7ok memnun kald\u0131klar\u0131n\u0131, hatta \u00f6vg\u00fcyle bahsettiklerini s\u00f6ylediler ve bana www.swisslasik.ch adresini verdiler. Bu yakla\u015f\u0131k bir y\u0131l \u00f6nceydi. Uzun s\u00fcre bu konuyu kafamda evirip \u00e7evirdim ve bu ad\u0131m\u0131 at\u0131p atmamak konusunda d\u00fc\u015f\u00fcnd\u00fcm. D\u0131\u015f \u00e7evremden genelde olumsuz tepkiler ald\u0131m; \u00e7o\u011fu ki\u015fi yurt d\u0131\u015f\u0131nda, \u00f6zellikle T\u00fcrkiye\u2019de lazer yapt\u0131rman\u0131n tehlikeli oldu\u011funu d\u00fc\u015f\u00fcn\u00fcyordu.<br>Buna ra\u011fmen Z\u00fcrich\u2019te \u00f6n muayene yapt\u0131rmaya karar verdim. Ayr\u0131ca bir i\u015f arkada\u015f\u0131m da ilgileniyordu ve o da g\u00f6zlerini lazerle d\u00fczelttirmek istiyordu. Zaten g\u00f6zlerimin bu i\u015flem i\u00e7in uygun olup olmad\u0131\u011f\u0131n\u0131 da bilmiyordum. \u00d6n muayene \u00e7ok iyi ge\u00e7ti, her \u015fey temizdi ve son derece profesyonel ilerledi. Bunun ard\u0131ndan T\u00fcrkiye\u2019ye gitmeye kesin olarak karar verdim.<br>Swisslasik \u00fczerinden u\u00e7u\u015f, otel, randevular dahil her \u015fey organize edildi. Bu benim i\u00e7in b\u00fcy\u00fck bir rahatl\u0131kt\u0131. Per\u015fembe sabah\u0131 Z\u00fcrich\u2019te u\u00e7a\u011fa bindim ve art\u0131k hi\u00e7bir \u015feyle ilgilenmem gerekmedi. Havaliman\u0131nda kar\u015f\u0131land\u0131k ve otele g\u00f6t\u00fcr\u00fcld\u00fck. \u00d6\u011fleden sonra serbest zaman\u0131m\u0131z vard\u0131 ve \u0130stanbul\u2019u ilk kez gezme f\u0131rsat\u0131 bulduk.<br>Cuma sabah\u0131 otelden bir \u015fof\u00f6r taraf\u0131ndan al\u0131nd\u0131k ve Ac\u0131badem Klini\u011fi\u2019ne g\u00f6t\u00fcr\u00fcld\u00fck. Orada g\u00f6zlerimiz tekrar detayl\u0131 \u015fekilde muayene edildi ve operasyon bize ayr\u0131nt\u0131l\u0131 olarak anlat\u0131ld\u0131. Muayeneler uzun s\u00fcrmedi ve \u00f6\u011fle saatlerinde tekrar \u015fehre d\u00f6nmemize izin verildi. Operasyonumuz \u00f6\u011fleden sonra ger\u00e7ekle\u015fti. Tekrar hastaneye geldik, ameliyathane i\u00e7in haz\u0131rland\u0131k ve y\u00fcz\u00fcm\u00fcz dezenfekte edildi.<br>Operasyon s\u0131ras\u0131nda bir g\u00f6zle bir \u0131\u015f\u0131k noktas\u0131na odaklanmak gerekiyor. \u0130\u015flemin kendisini hi\u00e7bir \u015fekilde hissetmiyorsunuz, her \u015fey h\u0131zl\u0131 ve sorunsuz bir \u015fekilde ilerliyor. Operasyondan yakla\u015f\u0131k 30 dakika sonra ilk kontrol yap\u0131ld\u0131. Ard\u0131ndan otele geri g\u00f6t\u00fcr\u00fcld\u00fck.<br>Yakla\u015f\u0131k 4 saat boyunca a\u011fr\u0131m oldu, g\u00f6zlerim suland\u0131 ve biraz ac\u0131d\u0131. Bu s\u00fcre boyunca karanl\u0131k bir otel odas\u0131nda uzand\u0131k, m\u00fczik dinledik ve dinlendik. Bu 4 saatten sonra g\u00f6zlerimi yava\u015f yava\u015f a\u00e7abildim ve g\u00f6r\u00fc\u015f\u00fcm \u015fimdiden \u00e7ok iyiydi. G\u00f6z damlalar\u0131n\u0131 da sorunsuz bir \u015fekilde kullanabildik.<br>Ertesi sabah uyan\u0131p d\u00fcnyay\u0131 an\u0131nda net ve berrak bir \u015fekilde g\u00f6rebilmek inan\u0131lmaz g\u00fczel bir histi.                                 Geli\u015ftirilmesi gereken tek alan, alma saatlerine daha g\u00fcvenilir bir \u015fekilde uyulmas\u0131d\u0131r. Bir keresinde \u015fof\u00f6r\u00fc bir saat bekledik. Manuela B\u00e4nziger  <\/p>\n\n\n\n<div class=\"wp-block-group is-layout-grid wp-container-core-group-is-layout-baef362d wp-block-group-is-layout-grid\">\n<p><a href=\"https:\/\/medicaltravel.at\/home\/agb\/\" data-type=\"page\" data-id=\"2191\" rel=\"nofollow noopener\" target=\"_blank\"><\/a><a href=\"https:\/\/swisslasik.ch\/tr\/patientenberichte-augenlasern-erfahrungen\/istanbulda-21-temmuz-2012-tarihinde-gerceklestirilen-lasik-goez-ameliyatina-iliskin-deneyim-raporu-7-eyluel-2012-cuma-tarihli-rapor\/\" data-type=\"link\" data-id=\"https:\/\/swisslasik.ch\/tr\/patientenberichte-augenlasern-erfahrungen\/istanbulda-21-temmuz-2012-tarihinde-gerceklestirilen-lasik-goez-ameliyatina-iliskin-deneyim-raporu-7-eyluel-2012-cuma-tarihli-rapor\/\">\u00d6nceki <\/a><a href=\"https:\/\/swisslasik.ch\/tr\/patientenberichte-augenlasern-erfahrungen\/istanbulda-21-temmuz-2012-tarihinde-gerceklestirilen-lasik-goez-ameliyatina-iliskin-deneyim-raporu-7-eyluel-2012-cuma-tarihli-rapor\/\" data-type=\"link\" data-id=\"https:\/\/swisslasik.ch\/augenlasern-lasik-erfahrungen\/erfahrungsbericht-augenlasik-in-istanbul-vom-21-juli-2012-bericht-vom-freitag-07-september-2012\/\">rapor<\/a><\/p>\n\n\n\n<p class=\"has-text-align-right wp-container-content-5e2576f9\"><a href=\"https:\/\/medicaltravel.at\/home\/impressum\/\" data-type=\"page\" data-id=\"2193\" rel=\"nofollow noopener\" target=\"_blank\"><\/a><a href=\"https:\/\/medicaltravel.at\/home\/berichte-von-patienten\/erfahrungsberichte\/erfahrungsbericht-zahnbehandlung-in-istanbul\/\" data-type=\"page\" data-id=\"981\" rel=\"nofollow noopener\" target=\"_blank\"><\/a><a href=\"https:\/\/swisslasik.ch\/tr\/patientenberichte-augenlasern-erfahrungen\/antalya-tuerkiyede-swisslasik-araciligiyla-yaptirdigim-lasik-ameliyatim-2-agustos-2012-persembe-tarihli-rapor\/\" data-type=\"link\" data-id=\"https:\/\/swisslasik.ch\/augenlasern-lasik-erfahrungen\/meine-lasik-behandlung-in-antalya-turkei-uber-swisslasik-bericht-vom-donnerstag-02-august-2012\/\">Sonraki<\/a><a href=\"https:\/\/swisslasik.ch\/tr\/patientenberichte-augenlasern-erfahrungen\/antalya-tuerkiyede-swisslasik-araciligiyla-yaptirdigim-lasik-ameliyatim-2-agustos-2012-persembe-tarihli-rapor\/\" data-type=\"link\" data-id=\"https:\/\/swisslasik.ch\/tr\/patientenberichte-augenlasern-erfahrungen\/antalya-tuerkiyede-swisslasik-araciligiyla-yaptirdigim-lasik-ameliyatim-2-agustos-2012-persembe-tarihli-rapor\/\"> <\/a><a href=\"https:\/\/swisslasik.ch\/tr\/patientenberichte-augenlasern-erfahrungen\/antalya-tuerkiyede-swisslasik-araciligiyla-yaptirdigim-lasik-ameliyatim-2-agustos-2012-persembe-tarihli-rapor\/\" data-type=\"link\" data-id=\"https:\/\/swisslasik.ch\/augenlasern-lasik-erfahrungen\/meine-lasik-behandlung-in-antalya-turkei-uber-swisslasik-bericht-vom-donnerstag-02-august-2012\/\">rapor<\/a><\/p>\n<\/div>\n","protected":false},"excerpt":{"rendered":"<p>Yurtd\u0131\u015f\u0131nda Lazer G\u00f6z Ameliyat\u0131 &#8211; \u0130stanbul \/ 9-12 A\u011fustos 2012 \u2013 9 A\u011fustos 2012 Per\u015fembe tarihli rapor On y\u0131ld\u0131r g\u00f6rme yard\u0131m\u0131na ihtiya\u00e7 duyuyordum. \u00c7evremi rahat ve net bir \u015fekilde alg\u0131layabilmek i\u00e7in ya g\u00f6zl\u00fck ya da kontakt lens mutlaka gerekiyordu. Zamanla kontakt lenslerle giderek daha fazla sorun ya\u015famaya ba\u015flad\u0131m; g\u00f6zlerim k\u0131zar\u0131yor ve a\u011fr\u0131yordu. Y\u0131lda birka\u00e7 kez optik\u00e7iye gitmem gerekiyordu. Ayl\u0131k lenslerden iki haftal\u0131k lenslere ge\u00e7mek zorunda kald\u0131m, lens sol\u00fcsyonunu de\u011fi\u015ftirdim ve kontrolleri daha da s\u0131kla\u015ft\u0131rd\u0131m. G\u00f6zl\u00fc\u011fe hi\u00e7bir zaman tam olarak al\u0131\u015famad\u0131m, spor yaparken ise lenslerle kendimi daha rahat hissediyordum.Bu s\u00fcre\u00e7te iki arkada\u015f\u0131m bana \u0130stanbul\u2019da g\u00f6zlerini lazerle d\u00fczelttirdiklerini anlatt\u0131. Sonu\u00e7tan \u00e7ok memnun kald\u0131klar\u0131n\u0131, hatta \u00f6vg\u00fcyle bahsettiklerini s\u00f6ylediler ve bana www.swisslasik.ch adresini verdiler. Bu yakla\u015f\u0131k bir y\u0131l \u00f6nceydi. Uzun s\u00fcre bu konuyu kafamda evirip \u00e7evirdim ve bu ad\u0131m\u0131 at\u0131p atmamak konusunda d\u00fc\u015f\u00fcnd\u00fcm. D\u0131\u015f \u00e7evremden genelde olumsuz tepkiler ald\u0131m; \u00e7o\u011fu ki\u015fi yurt d\u0131\u015f\u0131nda, \u00f6zellikle T\u00fcrkiye\u2019de lazer yapt\u0131rman\u0131n tehlikeli oldu\u011funu d\u00fc\u015f\u00fcn\u00fcyordu.Buna ra\u011fmen Z\u00fcrich\u2019te \u00f6n muayene yapt\u0131rmaya karar verdim. Ayr\u0131ca bir i\u015f arkada\u015f\u0131m da ilgileniyordu ve o da g\u00f6zlerini lazerle d\u00fczelttirmek istiyordu. Zaten g\u00f6zlerimin bu i\u015flem i\u00e7in uygun olup olmad\u0131\u011f\u0131n\u0131 da bilmiyordum. \u00d6n muayene \u00e7ok iyi ge\u00e7ti, her \u015fey temizdi ve son derece profesyonel ilerledi. Bunun ard\u0131ndan T\u00fcrkiye\u2019ye gitmeye kesin olarak karar verdim.Swisslasik \u00fczerinden u\u00e7u\u015f, otel, randevular dahil her \u015fey organize edildi. Bu benim i\u00e7in b\u00fcy\u00fck bir rahatl\u0131kt\u0131. Per\u015fembe sabah\u0131 Z\u00fcrich\u2019te u\u00e7a\u011fa bindim ve art\u0131k hi\u00e7bir \u015feyle ilgilenmem gerekmedi. Havaliman\u0131nda kar\u015f\u0131land\u0131k ve otele g\u00f6t\u00fcr\u00fcld\u00fck. \u00d6\u011fleden sonra serbest zaman\u0131m\u0131z vard\u0131 ve \u0130stanbul\u2019u ilk kez gezme f\u0131rsat\u0131 bulduk.Cuma sabah\u0131 otelden bir \u015fof\u00f6r taraf\u0131ndan al\u0131nd\u0131k ve Ac\u0131badem Klini\u011fi\u2019ne g\u00f6t\u00fcr\u00fcld\u00fck. Orada g\u00f6zlerimiz tekrar detayl\u0131 \u015fekilde muayene edildi ve operasyon bize ayr\u0131nt\u0131l\u0131 olarak anlat\u0131ld\u0131. Muayeneler uzun s\u00fcrmedi ve \u00f6\u011fle saatlerinde tekrar \u015fehre d\u00f6nmemize izin verildi. Operasyonumuz \u00f6\u011fleden sonra ger\u00e7ekle\u015fti. Tekrar hastaneye geldik, ameliyathane i\u00e7in haz\u0131rland\u0131k ve y\u00fcz\u00fcm\u00fcz dezenfekte edildi.Operasyon s\u0131ras\u0131nda bir g\u00f6zle bir \u0131\u015f\u0131k noktas\u0131na odaklanmak gerekiyor. \u0130\u015flemin kendisini hi\u00e7bir \u015fekilde hissetmiyorsunuz, her \u015fey h\u0131zl\u0131 ve sorunsuz bir \u015fekilde ilerliyor. Operasyondan yakla\u015f\u0131k 30 dakika sonra ilk kontrol yap\u0131ld\u0131. Ard\u0131ndan otele geri g\u00f6t\u00fcr\u00fcld\u00fck.Yakla\u015f\u0131k 4 saat boyunca a\u011fr\u0131m oldu, g\u00f6zlerim suland\u0131 ve biraz ac\u0131d\u0131. Bu s\u00fcre boyunca karanl\u0131k bir otel odas\u0131nda uzand\u0131k, m\u00fczik dinledik ve dinlendik. Bu 4 saatten sonra g\u00f6zlerimi yava\u015f yava\u015f a\u00e7abildim ve g\u00f6r\u00fc\u015f\u00fcm \u015fimdiden \u00e7ok iyiydi. G\u00f6z damlalar\u0131n\u0131 da sorunsuz bir \u015fekilde kullanabildik.Ertesi sabah uyan\u0131p d\u00fcnyay\u0131 an\u0131nda net ve berrak bir \u015fekilde g\u00f6rebilmek inan\u0131lmaz g\u00fczel bir histi. Geli\u015ftirilmesi gereken tek alan, alma saatlerine daha g\u00fcvenilir bir \u015fekilde uyulmas\u0131d\u0131r. Bir keresinde \u015fof\u00f6r\u00fc bir saat bekledik. Manuela B\u00e4nziger \u00d6nceki rapor Sonraki rapor<\/p>\n","protected":false},"author":4,"featured_media":0,"parent":3695,"menu_order":0,"comment_status":"closed","ping_status":"closed","template":"","meta":{"_joinchat":[],"footnotes":""},"class_list":["post-3697","page","type-page","status-publish","hentry"],"acf":[],"_links":{"self":[{"href":"https:\/\/swisslasik.ch\/tr\/wp-json\/wp\/v2\/pages\/3697","targetHints":{"allow":["GET"]}}],"collection":[{"href":"https:\/\/swisslasik.ch\/tr\/wp-json\/wp\/v2\/pages"}],"about":[{"href":"https:\/\/swisslasik.ch\/tr\/wp-json\/wp\/v2\/types\/page"}],"author":[{"embeddable":true,"href":"https:\/\/swisslasik.ch\/tr\/wp-json\/wp\/v2\/users\/4"}],"replies":[{"embeddable":true,"href":"https:\/\/swisslasik.ch\/tr\/wp-json\/wp\/v2\/comments?post=3697"}],"version-history":[{"count":3,"href":"https:\/\/swisslasik.ch\/tr\/wp-json\/wp\/v2\/pages\/3697\/revisions"}],"predecessor-version":[{"id":4762,"href":"https:\/\/swisslasik.ch\/tr\/wp-json\/wp\/v2\/pages\/3697\/revisions\/4762"}],"up":[{"embeddable":true,"href":"https:\/\/swisslasik.ch\/tr\/wp-json\/wp\/v2\/pages\/3695"}],"wp:attachment":[{"href":"https:\/\/swisslasik.ch\/tr\/wp-json\/wp\/v2\/media?parent=3697"}],"curies":[{"name":"wp","href":"https:\/\/api.w.org\/{rel}","templated":true}]}}