{"id":3699,"date":"2025-09-24T12:24:39","date_gmt":"2025-09-24T11:24:39","guid":{"rendered":"https:\/\/swisslasik.ch\/patientenberichte-augenlasern-erfahrungen\/yurtdisinda-lazer-goez-ameliyati-istanbul-26-eyluel-2012-carsamba-tarihli-rapor\/"},"modified":"2026-01-08T18:52:56","modified_gmt":"2026-01-08T17:52:56","slug":"yurtdisinda-lazer-goez-ameliyati-istanbul-26-eyluel-2012-carsamba-tarihli-rapor","status":"publish","type":"page","link":"https:\/\/swisslasik.ch\/tr\/patientenberichte-augenlasern-erfahrungen\/yurtdisinda-lazer-goez-ameliyati-istanbul-26-eyluel-2012-carsamba-tarihli-rapor\/","title":{"rendered":"Yurtd\u0131\u015f\u0131nda Lazer G\u00f6z Ameliyat\u0131 \u2013 \u0130stanbul \u2013 26 Eyl\u00fcl 2012 \u00c7ar\u015famba tarihli rapor"},"content":{"rendered":"\n<h3 class=\"wp-block-heading\">Yurtd\u0131\u015f\u0131nda Lazer G\u00f6z Ameliyat\u0131 \u2013 \u0130stanbul \u2013 26 Eyl\u00fcl 2012 \u00c7ar\u015famba tarihli rapor<\/h3>\n\n<p>Raporun PDF versiyonuna buradan ula\u015fabilirsiniz.<\/p>\n","protected":false},"excerpt":{"rendered":"<p>Yurtd\u0131\u015f\u0131nda Lazer G\u00f6z Ameliyat\u0131 \u2013 \u0130stanbul \u2013 26 Eyl\u00fcl 2012 \u00c7ar\u015famba tarihli rapor Raporun PDF versiyonuna buradan ula\u015fabilirsiniz.<\/p>\n","protected":false},"author":4,"featured_media":0,"parent":3695,"menu_order":0,"comment_status":"closed","ping_status":"closed","template":"","meta":{"_joinchat":[],"footnotes":""},"class_list":["post-3699","page","type-page","status-publish","hentry"],"acf":[],"_links":{"self":[{"href":"https:\/\/swisslasik.ch\/tr\/wp-json\/wp\/v2\/pages\/3699","targetHints":{"allow":["GET"]}}],"collection":[{"href":"https:\/\/swisslasik.ch\/tr\/wp-json\/wp\/v2\/pages"}],"about":[{"href":"https:\/\/swisslasik.ch\/tr\/wp-json\/wp\/v2\/types\/page"}],"author":[{"embeddable":true,"href":"https:\/\/swisslasik.ch\/tr\/wp-json\/wp\/v2\/users\/4"}],"replies":[{"embeddable":true,"href":"https:\/\/swisslasik.ch\/tr\/wp-json\/wp\/v2\/comments?post=3699"}],"version-history":[{"count":1,"href":"https:\/\/swisslasik.ch\/tr\/wp-json\/wp\/v2\/pages\/3699\/revisions"}],"predecessor-version":[{"id":3700,"href":"https:\/\/swisslasik.ch\/tr\/wp-json\/wp\/v2\/pages\/3699\/revisions\/3700"}],"up":[{"embeddable":true,"href":"https:\/\/swisslasik.ch\/tr\/wp-json\/wp\/v2\/pages\/3695"}],"wp:attachment":[{"href":"https:\/\/swisslasik.ch\/tr\/wp-json\/wp\/v2\/media?parent=3699"}],"curies":[{"name":"wp","href":"https:\/\/api.w.org\/{rel}","templated":true}]}}