{"id":3701,"date":"2025-09-24T12:19:50","date_gmt":"2025-09-24T11:19:50","guid":{"rendered":"https:\/\/swisslasik.ch\/patientenberichte-augenlasern-erfahrungen\/muekemmel-bakim-organizasyon-harika-bir-hastane-ve-tabii-ki-fiyati-6-kasim-2012-sali-tarihli-rapor\/"},"modified":"2026-01-14T18:18:33","modified_gmt":"2026-01-14T17:18:33","slug":"muekemmel-bakim-organizasyon-harika-bir-hastane-ve-tabii-ki-fiyati-6-kasim-2012-sali-tarihli-rapor","status":"publish","type":"page","link":"https:\/\/swisslasik.ch\/tr\/patientenberichte-augenlasern-erfahrungen\/muekemmel-bakim-organizasyon-harika-bir-hastane-ve-tabii-ki-fiyati-6-kasim-2012-sali-tarihli-rapor\/","title":{"rendered":"M\u00fckemmel bak\u0131m, organizasyon, harika bir hastane ve tabii ki fiyat\u0131!!! \u2013 6 Kas\u0131m 2012 Sal\u0131 tarihli rapor"},"content":{"rendered":"\n<h3 class=\"wp-block-heading\">M\u00fckemmel bak\u0131m, organizasyon, harika bir hastane ve tabii ki fiyat\u0131!!! \u2013 6 Kas\u0131m 2012 Sal\u0131 tarihli rapor<\/h3>\n\n\n\n<p>Bir y\u0131l \u00f6nce bir e\u011fitim s\u0131ras\u0131nda swissLasik ile \u0130stanbul\u2019a gitmi\u015f birisiyle tan\u0131\u015ft\u0131m. \u00c7ok \u015fey anlatt\u0131. K\u0131sa bir s\u00fcre sonra s\u0131n\u0131f\u0131m\u0131zdan ba\u015fka bir ki\u015fi de arkada\u015flar\u0131yla \u0130stanbul\u2019a gitti ve hepsi \u00e7ok memnun kald\u0131, s\u00fcrekli \u00f6vg\u00fcyle bahsettiler. Ben 46 ya\u015f\u0131nda oldu\u011fum i\u00e7in Varilux bir g\u00f6zl\u00fck yapt\u0131rmam gerekecekti. Bu g\u00f6zl\u00fck bana yakla\u015f\u0131k 1000 \u0130svi\u00e7re Frang\u0131\u2019na mal olacakt\u0131. Ayr\u0131ca her 4\u20135 y\u0131lda bir yeni g\u00f6zl\u00fck almak gerekiyor. Bu y\u00fczden benim i\u00e7in karar netti, g\u00f6zlerimi lazerle d\u00fczelttirmek istiyordum.<br>SwissLasik hakk\u0131nda hep olumlu \u015feyler duydu\u011fum i\u00e7in nereye gidece\u011fim de belliydi. Z\u00fcrich\u2019e gidip bilgilendirme ak\u015fam\u0131na kat\u0131ld\u0131k. \u00c7ok iyi dan\u0131\u015fmanl\u0131k ald\u0131k, sorular\u0131m\u0131z yetkin bir \u015fekilde cevapland\u0131 ve eve i\u00e7imiz rahat bir \u015fekilde d\u00f6nd\u00fck. Bir hafta sonra Bay Karaaga\u00e7l\u0131 ile ileti\u015fime ge\u00e7tim ve bize teklifleri g\u00f6nderdi. K\u0131sa s\u00fcre sonra \u00fc\u00e7 ki\u015fi i\u00e7in rezervasyon yapt\u0131m: k\u0131z\u0131m, o\u011flum ve ben.<br>13 Ekim\u2019de zaman\u0131 gelmi\u015fti ve ger\u00e7ekten \u00e7ok heyecanl\u0131yd\u0131k. U\u00e7u\u015f sorunsuz ge\u00e7ti ve \u0130stanbul\u2019da havaliman\u0131nda g\u00fcler y\u00fczl\u00fc bir bey taraf\u0131ndan kar\u015f\u0131land\u0131k. \u015eehrin tam merkezinde, temiz, sakin ve \u00e7al\u0131\u015fanlar\u0131 g\u00fcler y\u00fczl\u00fc bir otelde kald\u0131k. \u00dc\u00e7 g\u00fcn boyunca \u015fehri gezdik, Sal\u0131 g\u00fcn\u00fc ise i\u015fin ciddi k\u0131sm\u0131 ba\u015flad\u0131.<br>Sabah otelden hastane taksisiyle al\u0131nd\u0131k ve klini\u011fe g\u00f6t\u00fcr\u00fcld\u00fck. Oraya vard\u0131\u011f\u0131m\u0131zda Almanca konu\u015fan bir g\u00f6revli bizi kar\u015f\u0131lad\u0131 ve g\u00fcn boyunca yan\u0131m\u0131zdan ayr\u0131lmad\u0131. Sorular sorabildik ve kendimizi g\u00fcvende hissettik, her ne kadar bizi bekleyen \u015fey belli olsa da. Elbette insan heyecanlan\u0131yor ama her \u015fey gayet iyiydi.<br>\u00c7e\u015fitli muayene ve testlerden sonra cerrahla son g\u00f6r\u00fc\u015fmeyi yapt\u0131k. Sakin sesli, \u00e7ok sempatik bir doktordu ve kendimi emin ellerde hissettim. Ard\u0131ndan yakla\u015f\u0131k 8 dakika s\u00fcren operasyon ger\u00e7ekle\u015fti. Heyecan, biraz gerginlik, g\u00f6zlerde renkli \u0131\u015f\u0131klar ve i\u015flem bitmi\u015fti bile.<br>Operasyon \u00f6ncesinde bize, i\u015flemden sonra yakla\u015f\u0131k 4 saat g\u00f6zlerin sulanaca\u011f\u0131, \u0131\u015f\u0131\u011f\u0131n \u00e7ok rahats\u0131z edici olaca\u011f\u0131, g\u00f6zlerde batma hissi olaca\u011f\u0131 ve sonras\u0131nda g\u00f6r\u00fc\u015f\u00fcn ameliyattan \u00f6ncekine g\u00f6re \u00e7ok daha iyi olaca\u011f\u0131 s\u00f6ylenmi\u015fti. Ger\u00e7ekten de aynen \u00f6yle oldu. Operasyon s\u0131ras\u0131nda hi\u00e7 ac\u0131 hissetmedim. Sonraki 4 saat \u00e7ok konforlu de\u011fildi ama katlan\u0131labilirdi.<br>Bizi tekrar otele g\u00f6t\u00fcrd\u00fcler, yata\u011fa uzan\u0131p yakla\u015f\u0131k 2 saat uyuduk. Sonras\u0131nda d\u00fcnya bamba\u015fka g\u00f6r\u00fcn\u00fcyordu. Ertesi g\u00fcn kendimizi harika hissediyorduk. G\u00fcne\u015f g\u00f6zl\u00fc\u011f\u00fcyle al\u0131\u015fveri\u015fe \u00e7\u0131kt\u0131k. Ger\u00e7ekten muhte\u015fem bir duyguydu. \u00c7ocuklar\u0131m g\u00f6zl\u00fcks\u00fcz bir zaman\u0131 neredeyse hat\u0131rlam\u0131yorlard\u0131 ve \u015fimdi, ameliyattan sadece bir g\u00fcn sonra g\u00f6zl\u00fcks\u00fcz g\u00f6rebilmek\u2026 Hayal gibi ama ger\u00e7ek.<br>Herkese g\u00f6n\u00fcl rahatl\u0131\u011f\u0131yla SwissLasik\u2019i tavsiye edebilirim. Her \u015fey m\u00fckemmel: ilgi, organizasyon, harika hastane ve tabii ki fiyat.<\/p>\n\n\n\n<div class=\"wp-block-group is-layout-grid wp-container-core-group-is-layout-baef362d wp-block-group-is-layout-grid\">\n<p><a href=\"https:\/\/medicaltravel.at\/home\/agb\/\" data-type=\"page\" data-id=\"2191\" rel=\"nofollow noopener\" target=\"_blank\"><\/a><a href=\"https:\/\/swisslasik.ch\/tr\/patientenberichte-augenlasern-erfahrungen\/istanbulda-femto-lasik-tedavisi-deneyimim-14-kasim-2012-carsamba-tarihli-rapor\/\" data-type=\"link\" data-id=\"https:\/\/swisslasik.ch\/tr\/patientenberichte-augenlasern-erfahrungen\/istanbulda-femto-lasik-tedavisi-deneyimim-14-kasim-2012-carsamba-tarihli-rapor\/\">\u00d6nceki rapor<\/a><\/p>\n\n\n\n<p class=\"has-text-align-right wp-container-content-5e2576f9\"><a href=\"https:\/\/medicaltravel.at\/home\/impressum\/\" data-type=\"page\" data-id=\"2193\" rel=\"nofollow noopener\" target=\"_blank\"><\/a><a href=\"https:\/\/medicaltravel.at\/home\/berichte-von-patienten\/erfahrungsberichte\/erfahrungsbericht-zahnbehandlung-in-istanbul\/\" data-type=\"page\" data-id=\"981\" rel=\"nofollow noopener\" target=\"_blank\"><\/a><a href=\"https:\/\/swisslasik.ch\/tr\/patientenberichte-augenlasern-erfahrungen\/dita-cecchinin-11-eyluel-2012de-istanbulda-goez-ameliyati-gerceklestiren-goeruesue-26-ekim-2012-cuma-tarihli-rapor\/\" data-type=\"link\" data-id=\"https:\/\/swisslasik.ch\/tr\/patientenberichte-augenlasern-erfahrungen\/dita-cecchinin-11-eyluel-2012de-istanbulda-goez-ameliyati-gerceklestiren-goeruesue-26-ekim-2012-cuma-tarihli-rapor\/\">Sonraki <\/a><a href=\"https:\/\/swisslasik.ch\/tr\/patientenberichte-augenlasern-erfahrungen\/dita-cecchinin-11-eyluel-2012de-istanbulda-goez-ameliyati-gerceklestiren-goeruesue-26-ekim-2012-cuma-tarihli-rapor\/\" data-type=\"link\" data-id=\"https:\/\/swisslasik.ch\/augenlasern-lasik-erfahrungen\/erfahrungsbericht-von-dita-cecchin-augen-op-in-istanbul-am-11-9-12-bericht-vom-freitag-26-oktober-2012\/\">rapor<\/a><\/p>\n<\/div>\n","protected":false},"excerpt":{"rendered":"<p>M\u00fckemmel bak\u0131m, organizasyon, harika bir hastane ve tabii ki fiyat\u0131!!! \u2013 6 Kas\u0131m 2012 Sal\u0131 tarihli rapor Bir y\u0131l \u00f6nce bir e\u011fitim s\u0131ras\u0131nda swissLasik ile \u0130stanbul\u2019a gitmi\u015f birisiyle tan\u0131\u015ft\u0131m. \u00c7ok \u015fey anlatt\u0131. K\u0131sa bir s\u00fcre sonra s\u0131n\u0131f\u0131m\u0131zdan ba\u015fka bir ki\u015fi de arkada\u015flar\u0131yla \u0130stanbul\u2019a gitti ve hepsi \u00e7ok memnun kald\u0131, s\u00fcrekli \u00f6vg\u00fcyle bahsettiler. Ben 46 ya\u015f\u0131nda oldu\u011fum i\u00e7in Varilux bir g\u00f6zl\u00fck yapt\u0131rmam gerekecekti. Bu g\u00f6zl\u00fck bana yakla\u015f\u0131k 1000 \u0130svi\u00e7re Frang\u0131\u2019na mal olacakt\u0131. Ayr\u0131ca her 4\u20135 y\u0131lda bir yeni g\u00f6zl\u00fck almak gerekiyor. Bu y\u00fczden benim i\u00e7in karar netti, g\u00f6zlerimi lazerle d\u00fczelttirmek istiyordum.SwissLasik hakk\u0131nda hep olumlu \u015feyler duydu\u011fum i\u00e7in nereye gidece\u011fim de belliydi. Z\u00fcrich\u2019e gidip bilgilendirme ak\u015fam\u0131na kat\u0131ld\u0131k. \u00c7ok iyi dan\u0131\u015fmanl\u0131k ald\u0131k, sorular\u0131m\u0131z yetkin bir \u015fekilde cevapland\u0131 ve eve i\u00e7imiz rahat bir \u015fekilde d\u00f6nd\u00fck. Bir hafta sonra Bay Karaaga\u00e7l\u0131 ile ileti\u015fime ge\u00e7tim ve bize teklifleri g\u00f6nderdi. K\u0131sa s\u00fcre sonra \u00fc\u00e7 ki\u015fi i\u00e7in rezervasyon yapt\u0131m: k\u0131z\u0131m, o\u011flum ve ben.13 Ekim\u2019de zaman\u0131 gelmi\u015fti ve ger\u00e7ekten \u00e7ok heyecanl\u0131yd\u0131k. U\u00e7u\u015f sorunsuz ge\u00e7ti ve \u0130stanbul\u2019da havaliman\u0131nda g\u00fcler y\u00fczl\u00fc bir bey taraf\u0131ndan kar\u015f\u0131land\u0131k. \u015eehrin tam merkezinde, temiz, sakin ve \u00e7al\u0131\u015fanlar\u0131 g\u00fcler y\u00fczl\u00fc bir otelde kald\u0131k. \u00dc\u00e7 g\u00fcn boyunca \u015fehri gezdik, Sal\u0131 g\u00fcn\u00fc ise i\u015fin ciddi k\u0131sm\u0131 ba\u015flad\u0131.Sabah otelden hastane taksisiyle al\u0131nd\u0131k ve klini\u011fe g\u00f6t\u00fcr\u00fcld\u00fck. Oraya vard\u0131\u011f\u0131m\u0131zda Almanca konu\u015fan bir g\u00f6revli bizi kar\u015f\u0131lad\u0131 ve g\u00fcn boyunca yan\u0131m\u0131zdan ayr\u0131lmad\u0131. Sorular sorabildik ve kendimizi g\u00fcvende hissettik, her ne kadar bizi bekleyen \u015fey belli olsa da. Elbette insan heyecanlan\u0131yor ama her \u015fey gayet iyiydi.\u00c7e\u015fitli muayene ve testlerden sonra cerrahla son g\u00f6r\u00fc\u015fmeyi yapt\u0131k. Sakin sesli, \u00e7ok sempatik bir doktordu ve kendimi emin ellerde hissettim. Ard\u0131ndan yakla\u015f\u0131k 8 dakika s\u00fcren operasyon ger\u00e7ekle\u015fti. Heyecan, biraz gerginlik, g\u00f6zlerde renkli \u0131\u015f\u0131klar ve i\u015flem bitmi\u015fti bile.Operasyon \u00f6ncesinde bize, i\u015flemden sonra yakla\u015f\u0131k 4 saat g\u00f6zlerin sulanaca\u011f\u0131, \u0131\u015f\u0131\u011f\u0131n \u00e7ok rahats\u0131z edici olaca\u011f\u0131, g\u00f6zlerde batma hissi olaca\u011f\u0131 ve sonras\u0131nda g\u00f6r\u00fc\u015f\u00fcn ameliyattan \u00f6ncekine g\u00f6re \u00e7ok daha iyi olaca\u011f\u0131 s\u00f6ylenmi\u015fti. Ger\u00e7ekten de aynen \u00f6yle oldu. Operasyon s\u0131ras\u0131nda hi\u00e7 ac\u0131 hissetmedim. Sonraki 4 saat \u00e7ok konforlu de\u011fildi ama katlan\u0131labilirdi.Bizi tekrar otele g\u00f6t\u00fcrd\u00fcler, yata\u011fa uzan\u0131p yakla\u015f\u0131k 2 saat uyuduk. Sonras\u0131nda d\u00fcnya bamba\u015fka g\u00f6r\u00fcn\u00fcyordu. Ertesi g\u00fcn kendimizi harika hissediyorduk. G\u00fcne\u015f g\u00f6zl\u00fc\u011f\u00fcyle al\u0131\u015fveri\u015fe \u00e7\u0131kt\u0131k. Ger\u00e7ekten muhte\u015fem bir duyguydu. \u00c7ocuklar\u0131m g\u00f6zl\u00fcks\u00fcz bir zaman\u0131 neredeyse hat\u0131rlam\u0131yorlard\u0131 ve \u015fimdi, ameliyattan sadece bir g\u00fcn sonra g\u00f6zl\u00fcks\u00fcz g\u00f6rebilmek\u2026 Hayal gibi ama ger\u00e7ek.Herkese g\u00f6n\u00fcl rahatl\u0131\u011f\u0131yla SwissLasik\u2019i tavsiye edebilirim. Her \u015fey m\u00fckemmel: ilgi, organizasyon, harika hastane ve tabii ki fiyat. \u00d6nceki rapor Sonraki rapor<\/p>\n","protected":false},"author":4,"featured_media":0,"parent":3695,"menu_order":0,"comment_status":"closed","ping_status":"closed","template":"","meta":{"_joinchat":[],"footnotes":""},"class_list":["post-3701","page","type-page","status-publish","hentry"],"acf":[],"_links":{"self":[{"href":"https:\/\/swisslasik.ch\/tr\/wp-json\/wp\/v2\/pages\/3701","targetHints":{"allow":["GET"]}}],"collection":[{"href":"https:\/\/swisslasik.ch\/tr\/wp-json\/wp\/v2\/pages"}],"about":[{"href":"https:\/\/swisslasik.ch\/tr\/wp-json\/wp\/v2\/types\/page"}],"author":[{"embeddable":true,"href":"https:\/\/swisslasik.ch\/tr\/wp-json\/wp\/v2\/users\/4"}],"replies":[{"embeddable":true,"href":"https:\/\/swisslasik.ch\/tr\/wp-json\/wp\/v2\/comments?post=3701"}],"version-history":[{"count":3,"href":"https:\/\/swisslasik.ch\/tr\/wp-json\/wp\/v2\/pages\/3701\/revisions"}],"predecessor-version":[{"id":4737,"href":"https:\/\/swisslasik.ch\/tr\/wp-json\/wp\/v2\/pages\/3701\/revisions\/4737"}],"up":[{"embeddable":true,"href":"https:\/\/swisslasik.ch\/tr\/wp-json\/wp\/v2\/pages\/3695"}],"wp:attachment":[{"href":"https:\/\/swisslasik.ch\/tr\/wp-json\/wp\/v2\/media?parent=3701"}],"curies":[{"name":"wp","href":"https:\/\/api.w.org\/{rel}","templated":true}]}}