{"id":3703,"date":"2025-09-24T12:37:22","date_gmt":"2025-09-24T11:37:22","guid":{"rendered":"https:\/\/swisslasik.ch\/patientenberichte-augenlasern-erfahrungen\/engelsiz-goezlerle-yasamanin-verdigi-yeni-his-paha-bicilmez-6-mayis-2012-pazar-tarihli-rapor\/"},"modified":"2026-01-14T18:33:28","modified_gmt":"2026-01-14T17:33:28","slug":"engelsiz-goezlerle-yasamanin-verdigi-yeni-his-paha-bicilmez-6-mayis-2012-pazar-tarihli-rapor","status":"publish","type":"page","link":"https:\/\/swisslasik.ch\/tr\/patientenberichte-augenlasern-erfahrungen\/engelsiz-goezlerle-yasamanin-verdigi-yeni-his-paha-bicilmez-6-mayis-2012-pazar-tarihli-rapor\/","title":{"rendered":"&#8220;Engelsiz&#8221; g\u00f6zlerle ya\u015faman\u0131n verdi\u011fi yeni his paha bi\u00e7ilmez! 6 May\u0131s 2012 Pazar tarihli rapor"},"content":{"rendered":"\n<h3 class=\"wp-block-heading\"><g id=\"gid_0\"><g id=\"gid_1\">&#8220;Engelsiz&#8221; g\u00f6zlerle ya\u015faman\u0131n verdi\u011fi yeni his paha bi\u00e7ilmez!<\/g> <\/g>\u2013 6 May\u0131s 2012 Pazar tarihli rapor <\/h3>\n\n<p>G\u00f6zlerimi lazerle tedavi ettirme fikrini y\u0131llarca d\u00fc\u015f\u00fcnd\u00fckten sonra, \u00e7evremden ald\u0131\u011f\u0131m olumlu geri bildirimler sayesinde bu y\u0131l ameliyat\u0131 yapt\u0131rmaya karar verdim. \u0130nternette yapt\u0131\u011f\u0131m bir\u00e7ok ara\u015ft\u0131rma sonucunda swisslasik ile kar\u015f\u0131la\u015ft\u0131m. Ayr\u0131ca bu firman\u0131n St. Gallen Tatil Fuar\u0131\u2019nda yer ald\u0131\u011f\u0131n\u0131 da \u00f6\u011frendim. Bunun \u00fczerine, \u0130stanbul yolculu\u011fumda bana e\u015flik edecek olan erkek arkada\u015f\u0131mla birlikte fuara gittik. Orada Bay Karaaga\u00e7l\u0131 ile bizzat tan\u0131\u015ft\u0131k. Kendisi bize operasyon ve klinik hakk\u0131nda ilk detayl\u0131 bilgileri verdi ve ileti\u015fim bilgilerimizi payla\u015ft\u0131k. Bu etkinlik, verilen bilgiler ve Bay Karaaga\u00e7l\u0131\u2019n\u0131n samimi yakla\u015f\u0131m\u0131 g\u00f6z ameliyat\u0131 konusundaki karar\u0131m\u0131 daha da g\u00fc\u00e7lendirdi.<br\/>K\u0131sa bir s\u00fcre sonra Bay Karaaga\u00e7l\u0131\u2019dan e-posta yoluyla ameliyat ve seyahatle ilgili detayl\u0131 bilgileri ald\u0131m ve tercih etti\u011fim tarihleri ilettim. Toplamda d\u00f6rt ki\u015fiydik: iki hasta ve iki refakat\u00e7i. Taleplerimiz hemen dikkate al\u0131nd\u0131, seyahat \u00e7ok h\u0131zl\u0131 bir \u015fekilde organize edildi ve onay e-posta ile g\u00f6nderildi. Her \u015fey son derece sorunsuz ve \u00e7ok h\u0131zl\u0131 ilerledi.<br\/>\u0130svi\u00e7re\u2019de \u00f6n muayene yapt\u0131rmad\u0131m, \u00e7\u00fcnk\u00fc bildi\u011fim kadar\u0131yla karma\u015f\u0131k bir g\u00f6rme problemim yoktu, yani astigmat gibi bir durum s\u00f6z konusu de\u011fildi. Ameliyat ve seyahat \u00fccretini \u00f6dedikten sonra, u\u00e7u\u015fa yakla\u015f\u0131k 10 g\u00fcn kala u\u00e7ak biletlerimizi ve Swisslasik pasaportumuzu ald\u0131k. Bu pasaportta ameliyat \u00f6ncesi ve sonras\u0131 dikkat edilmesi gerekenler, \u0130stanbul\u2019daki gezilecek yerler ve restoran \u00f6nerileri gibi \u00e7ok faydal\u0131 bilgiler yer al\u0131yordu.<br\/>23 Nisan 2012 tarihinde Z\u00fcrih Havaliman\u0131\u2019ndan \u0130stanbul\u2019a do\u011fru yola \u00e7\u0131kt\u0131k. G\u00f6z ameliyat\u0131 nedeniyle i\u00e7imde biraz tedirginlik vard\u0131 ama ayn\u0131 zamanda \u0130stanbul\u2019a ilk kez gidecek olman\u0131n heyecan\u0131n\u0131 da ya\u015f\u0131yordum. \u0130stanbul Havaliman\u0131\u2019nda Ac\u0131badem Klini\u011fi\u2019nin transfer servisi taraf\u0131ndan ismimizin yaz\u0131l\u0131 oldu\u011fu bir tabelayla \u00e7ok nazik bir \u015fekilde kar\u015f\u0131land\u0131k ve otele g\u00f6t\u00fcr\u00fcld\u00fck. Otelde de g\u00fcler y\u00fczle kar\u015f\u0131land\u0131k, odalar\u0131m\u0131za kadar e\u015flik edildi. Odalar temiz ve olduk\u00e7a konforluydu.<br\/>Ertesi sabah saat 08.00\u2019de Levent\u2019teki otelden tam zaman\u0131nda al\u0131nd\u0131k. Ancak refakat\u00e7ilerimiz, transfer arac\u0131nda yer olmad\u0131\u011f\u0131 i\u00e7in klini\u011fe taksiyle kendi ba\u015flar\u0131na gitmek zorunda kald\u0131lar. Klini\u011fe vard\u0131\u011f\u0131m\u0131zda Almanca konu\u015fan personel taraf\u0131ndan hemen kar\u015f\u0131land\u0131k ve do\u011frudan muayene odalar\u0131na y\u00f6nlendirildik. Klinik beni ki\u015fisel olarak \u00e7ok olumlu \u015fekilde etkiledi. Temizlik ve modernlik, bana daha fazla g\u00fcven verdi ve heyecan\u0131m biraz azald\u0131.<br\/>Muayeneler \u00e7ok profesyonel ve detayl\u0131 bir \u015fekilde yap\u0131ld\u0131. Yakla\u015f\u0131k iki saat sonra doktorun odas\u0131na al\u0131nd\u0131k ve g\u00f6zlerimizin standart Lasik y\u00f6ntemleri i\u00e7in uygun oldu\u011fu kesinle\u015fti. Ameliyat\u0131n saat 14.00 civar\u0131nda yap\u0131laca\u011f\u0131 s\u00f6ylendi ve o zamana kadar \u00fcst kattaki kantinde vakit ge\u00e7irebilece\u011fimiz belirtildi.<br\/>Saat 14.00\u2019te personel taraf\u0131ndan tam zaman\u0131nda al\u0131nd\u0131k ve bekleme odas\u0131na g\u00f6t\u00fcr\u00fcld\u00fck. Do\u011fal olarak heyecan tekrar artt\u0131. Bekleme odas\u0131nda, ameliyat sonras\u0131 kullan\u0131lacak damlalarla ilgili bilgilendirme formlar\u0131 da\u011f\u0131t\u0131ld\u0131 ve ameliyata onay verdi\u011fimizi g\u00f6steren bir belge imzalad\u0131k.                          Bundan sonra s\u00fcre\u00e7 ba\u015flad\u0131. Ameliyat b\u00f6l\u00fcm\u00fcne \u00e7a\u011fr\u0131ld\u0131k, bize koruyucu k\u0131yafetler giydirildi (bone, \u00f6nl\u00fck ve ayakkab\u0131) ve g\u00f6zlerimize damlalar damlat\u0131ld\u0131. Yakla\u015f\u0131k 10 dakika sonra kay\u0131nbiraderim ameliyathaneye al\u0131nd\u0131 ve yakla\u015f\u0131k 15 dakika sonra ameliyat olmu\u015f g\u00f6zlerle, g\u00fcl\u00fcmseyerek ameliyathaneden \u00e7\u0131kt\u0131. Ard\u0131ndan s\u0131ra bana geldi. Ameliyathane \u00e7ok temizdi ve olduk\u00e7a iyi donat\u0131lm\u0131\u015ft\u0131. Benim ameliyat\u0131m da \u00e7ok h\u0131zl\u0131 ge\u00e7ti, yakla\u015f\u0131k 15 dakika s\u00fcrd\u00fc ve bitti. Sonras\u0131nda hemen bekleme odas\u0131na al\u0131nd\u0131m ve g\u00f6zlerime koruyucu g\u00f6zl\u00fck tak\u0131ld\u0131. K\u0131sa bir s\u00fcre daha bekledikten sonra transfer servisiyle tekrar otele g\u00f6t\u00fcr\u00fcld\u00fck.<br\/>Yakla\u015f\u0131k 4 saat sonra g\u00f6zlerimi biraz a\u00e7abildim ve ayn\u0131 ak\u015fam koruyucu g\u00f6zl\u00fckle \u0130stanbul\u2019da k\u0131sa bir y\u00fcr\u00fcy\u00fc\u015f bile yapabildim. En g\u00fczel an ise ertesi sabah oldu. Uyand\u0131\u011f\u0131mda r\u00fcya g\u00f6rmedi\u011fimden emin olmak i\u00e7in kendimi \u00e7imdiklemek zorunda kald\u0131m: Hi\u00e7 a\u011fr\u0131m yoktu, g\u00f6zlerimi tamamen normal bir \u015fekilde a\u00e7abiliyordum ve en \u00f6nemlisi, ARTIK G\u00d6ZL\u00dcKS\u00dcZ NET G\u00d6REB\u0130L\u0130YORDUM. Ameliyattan sonraki sabah klinikte doktor taraf\u0131ndan yap\u0131lan k\u0131sa bir kontrol muayenesinden sonra, ameliyat\u0131n tamamen ba\u015far\u0131l\u0131 oldu\u011fu ve g\u00f6rme seviyemin yeniden y\u00fczde 100 oldu\u011fu teyit edildi.<br\/>B\u00f6ylece \u00f6n\u00fcm\u00fczdeki 4 g\u00fcn boyunca planlad\u0131\u011f\u0131m\u0131z k\u0131sa tatil ve \u0130stanbul gezisinin \u00f6n\u00fcnde hi\u00e7bir engel kalmad\u0131. Bu g\u00fczel \u015fehri yeni g\u00f6zlerim ve yepyeni bir ya\u015fam hissiyle ke\u015ffetme f\u0131rsat\u0131 buldum. Swisslasik\u2019i herkese g\u00f6n\u00fcl rahatl\u0131\u011f\u0131yla tavsiye ederim. Ameliyat yolculu\u011funun organizasyonu ve ilgi ger\u00e7ekten m\u00fckemmel, g\u00f6zl\u00fcks\u00fcz ve \u00f6zg\u00fcr bir ya\u015fam hissinin ise maddi bir kar\u015f\u0131l\u0131\u011f\u0131 yok.<br\/>Lilli Deis               <\/p>\n\n<div class=\"wp-block-group is-layout-grid wp-container-core-group-is-layout-baef362d wp-block-group-is-layout-grid\">\n<p><a href=\"https:\/\/medicaltravel.at\/home\/agb\/\" data-type=\"page\" data-id=\"2191\" rel=\"nofollow noopener\" target=\"_blank\"><\/a><a href=\"https:\/\/swisslasik.ch\/tr\/patientenberichte-augenlasern-erfahrungen\/28-31-mart-2012-tarihleri-arasinda-istanbula-seyahat-29-martta-ameliyat-16-mayis-2012-carsamba-tarihli-rapor\/\" data-type=\"link\" data-id=\"https:\/\/swisslasik.ch\/augenlasern-lasik-erfahrungen\/reise-nach-istanbul-vom-28-31-marz-2012-op-am-29-marz-bericht-vom-mittwoch-16-mai-2012\/\">\u00d6nceki rapor<\/a><\/p>\n\n\n\n<p class=\"has-text-align-right wp-container-content-5e2576f9\"><a href=\"https:\/\/medicaltravel.at\/home\/impressum\/\" data-type=\"page\" data-id=\"2193\" rel=\"nofollow noopener\" target=\"_blank\"><\/a><a href=\"https:\/\/medicaltravel.at\/home\/berichte-von-patienten\/erfahrungsberichte\/erfahrungsbericht-zahnbehandlung-in-istanbul\/\" data-type=\"page\" data-id=\"981\" rel=\"nofollow noopener\" target=\"_blank\"><\/a><a href=\"https:\/\/swisslasik.ch\/tr\/patientenberichte-augenlasern-erfahrungen\/istanbulda-swisslasikte-yaptirdigim-dis-tedavisiyle-ilgili-rapor-3-mayis-2012-persembe\/\" data-type=\"link\" data-id=\"https:\/\/swisslasik.ch\/augenlasern-lasik-erfahrungen\/meine-zahnbehandlung-in-istanbul-durch-swisslasik-bericht-vom-donnerstag-03-mai-2012\/\">Sonraki rapor<\/a><\/p>\n<\/div>\n","protected":false},"excerpt":{"rendered":"<p>&#8220;Engelsiz&#8221; g\u00f6zlerle ya\u015faman\u0131n verdi\u011fi yeni his paha bi\u00e7ilmez! \u2013 6 May\u0131s 2012 Pazar tarihli rapor G\u00f6zlerimi lazerle tedavi ettirme fikrini y\u0131llarca d\u00fc\u015f\u00fcnd\u00fckten sonra, \u00e7evremden ald\u0131\u011f\u0131m olumlu geri bildirimler sayesinde bu y\u0131l ameliyat\u0131 yapt\u0131rmaya karar verdim. \u0130nternette yapt\u0131\u011f\u0131m bir\u00e7ok ara\u015ft\u0131rma sonucunda swisslasik ile kar\u015f\u0131la\u015ft\u0131m. Ayr\u0131ca bu firman\u0131n St. Gallen Tatil Fuar\u0131\u2019nda yer ald\u0131\u011f\u0131n\u0131 da \u00f6\u011frendim. Bunun \u00fczerine, \u0130stanbul yolculu\u011fumda bana e\u015flik edecek olan erkek arkada\u015f\u0131mla birlikte fuara gittik. Orada Bay Karaaga\u00e7l\u0131 ile bizzat tan\u0131\u015ft\u0131k. Kendisi bize operasyon ve klinik hakk\u0131nda ilk detayl\u0131 bilgileri verdi ve ileti\u015fim bilgilerimizi payla\u015ft\u0131k. Bu etkinlik, verilen bilgiler ve Bay Karaaga\u00e7l\u0131\u2019n\u0131n samimi yakla\u015f\u0131m\u0131 g\u00f6z ameliyat\u0131 konusundaki karar\u0131m\u0131 daha da g\u00fc\u00e7lendirdi.K\u0131sa bir s\u00fcre sonra Bay Karaaga\u00e7l\u0131\u2019dan e-posta yoluyla ameliyat ve seyahatle ilgili detayl\u0131 bilgileri ald\u0131m ve tercih etti\u011fim tarihleri ilettim. Toplamda d\u00f6rt ki\u015fiydik: iki hasta ve iki refakat\u00e7i. Taleplerimiz hemen dikkate al\u0131nd\u0131, seyahat \u00e7ok h\u0131zl\u0131 bir \u015fekilde organize edildi ve onay e-posta ile g\u00f6nderildi. Her \u015fey son derece sorunsuz ve \u00e7ok h\u0131zl\u0131 ilerledi.\u0130svi\u00e7re\u2019de \u00f6n muayene yapt\u0131rmad\u0131m, \u00e7\u00fcnk\u00fc bildi\u011fim kadar\u0131yla karma\u015f\u0131k bir g\u00f6rme problemim yoktu, yani astigmat gibi bir durum s\u00f6z konusu de\u011fildi. Ameliyat ve seyahat \u00fccretini \u00f6dedikten sonra, u\u00e7u\u015fa yakla\u015f\u0131k 10 g\u00fcn kala u\u00e7ak biletlerimizi ve Swisslasik pasaportumuzu ald\u0131k. Bu pasaportta ameliyat \u00f6ncesi ve sonras\u0131 dikkat edilmesi gerekenler, \u0130stanbul\u2019daki gezilecek yerler ve restoran \u00f6nerileri gibi \u00e7ok faydal\u0131 bilgiler yer al\u0131yordu.23 Nisan 2012 tarihinde Z\u00fcrih Havaliman\u0131\u2019ndan \u0130stanbul\u2019a do\u011fru yola \u00e7\u0131kt\u0131k. G\u00f6z ameliyat\u0131 nedeniyle i\u00e7imde biraz tedirginlik vard\u0131 ama ayn\u0131 zamanda \u0130stanbul\u2019a ilk kez gidecek olman\u0131n heyecan\u0131n\u0131 da ya\u015f\u0131yordum. \u0130stanbul Havaliman\u0131\u2019nda Ac\u0131badem Klini\u011fi\u2019nin transfer servisi taraf\u0131ndan ismimizin yaz\u0131l\u0131 oldu\u011fu bir tabelayla \u00e7ok nazik bir \u015fekilde kar\u015f\u0131land\u0131k ve otele g\u00f6t\u00fcr\u00fcld\u00fck. Otelde de g\u00fcler y\u00fczle kar\u015f\u0131land\u0131k, odalar\u0131m\u0131za kadar e\u015flik edildi. Odalar temiz ve olduk\u00e7a konforluydu.Ertesi sabah saat 08.00\u2019de Levent\u2019teki otelden tam zaman\u0131nda al\u0131nd\u0131k. Ancak refakat\u00e7ilerimiz, transfer arac\u0131nda yer olmad\u0131\u011f\u0131 i\u00e7in klini\u011fe taksiyle kendi ba\u015flar\u0131na gitmek zorunda kald\u0131lar. Klini\u011fe vard\u0131\u011f\u0131m\u0131zda Almanca konu\u015fan personel taraf\u0131ndan hemen kar\u015f\u0131land\u0131k ve do\u011frudan muayene odalar\u0131na y\u00f6nlendirildik. Klinik beni ki\u015fisel olarak \u00e7ok olumlu \u015fekilde etkiledi. Temizlik ve modernlik, bana daha fazla g\u00fcven verdi ve heyecan\u0131m biraz azald\u0131.Muayeneler \u00e7ok profesyonel ve detayl\u0131 bir \u015fekilde yap\u0131ld\u0131. Yakla\u015f\u0131k iki saat sonra doktorun odas\u0131na al\u0131nd\u0131k ve g\u00f6zlerimizin standart Lasik y\u00f6ntemleri i\u00e7in uygun oldu\u011fu kesinle\u015fti. Ameliyat\u0131n saat 14.00 civar\u0131nda yap\u0131laca\u011f\u0131 s\u00f6ylendi ve o zamana kadar \u00fcst kattaki kantinde vakit ge\u00e7irebilece\u011fimiz belirtildi.Saat 14.00\u2019te personel taraf\u0131ndan tam zaman\u0131nda al\u0131nd\u0131k ve bekleme odas\u0131na g\u00f6t\u00fcr\u00fcld\u00fck. Do\u011fal olarak heyecan tekrar artt\u0131. Bekleme odas\u0131nda, ameliyat sonras\u0131 kullan\u0131lacak damlalarla ilgili bilgilendirme formlar\u0131 da\u011f\u0131t\u0131ld\u0131 ve ameliyata onay verdi\u011fimizi g\u00f6steren bir belge imzalad\u0131k. Bundan sonra s\u00fcre\u00e7 ba\u015flad\u0131. Ameliyat b\u00f6l\u00fcm\u00fcne \u00e7a\u011fr\u0131ld\u0131k, bize koruyucu k\u0131yafetler giydirildi (bone, \u00f6nl\u00fck ve ayakkab\u0131) ve g\u00f6zlerimize damlalar damlat\u0131ld\u0131. Yakla\u015f\u0131k 10 dakika sonra kay\u0131nbiraderim ameliyathaneye al\u0131nd\u0131 ve yakla\u015f\u0131k 15 dakika sonra ameliyat olmu\u015f g\u00f6zlerle, g\u00fcl\u00fcmseyerek ameliyathaneden \u00e7\u0131kt\u0131. Ard\u0131ndan s\u0131ra bana geldi. Ameliyathane \u00e7ok temizdi ve olduk\u00e7a iyi donat\u0131lm\u0131\u015ft\u0131. Benim ameliyat\u0131m da \u00e7ok h\u0131zl\u0131 ge\u00e7ti, yakla\u015f\u0131k 15 dakika s\u00fcrd\u00fc ve bitti. Sonras\u0131nda hemen bekleme odas\u0131na al\u0131nd\u0131m ve g\u00f6zlerime koruyucu g\u00f6zl\u00fck tak\u0131ld\u0131. K\u0131sa bir s\u00fcre daha bekledikten sonra transfer servisiyle tekrar otele g\u00f6t\u00fcr\u00fcld\u00fck.Yakla\u015f\u0131k 4 saat sonra g\u00f6zlerimi biraz a\u00e7abildim ve ayn\u0131 ak\u015fam koruyucu g\u00f6zl\u00fckle \u0130stanbul\u2019da k\u0131sa bir y\u00fcr\u00fcy\u00fc\u015f bile yapabildim. En g\u00fczel an ise ertesi sabah oldu. Uyand\u0131\u011f\u0131mda r\u00fcya g\u00f6rmedi\u011fimden emin olmak i\u00e7in kendimi \u00e7imdiklemek zorunda kald\u0131m: Hi\u00e7 a\u011fr\u0131m yoktu, g\u00f6zlerimi tamamen normal bir \u015fekilde a\u00e7abiliyordum ve en \u00f6nemlisi, ARTIK G\u00d6ZL\u00dcKS\u00dcZ NET G\u00d6REB\u0130L\u0130YORDUM. Ameliyattan sonraki sabah klinikte doktor taraf\u0131ndan yap\u0131lan k\u0131sa bir kontrol muayenesinden sonra, ameliyat\u0131n tamamen ba\u015far\u0131l\u0131 oldu\u011fu ve g\u00f6rme seviyemin yeniden y\u00fczde 100 oldu\u011fu teyit edildi.B\u00f6ylece \u00f6n\u00fcm\u00fczdeki 4 g\u00fcn boyunca planlad\u0131\u011f\u0131m\u0131z k\u0131sa tatil ve \u0130stanbul gezisinin \u00f6n\u00fcnde hi\u00e7bir engel kalmad\u0131. Bu g\u00fczel \u015fehri yeni g\u00f6zlerim ve yepyeni bir ya\u015fam hissiyle ke\u015ffetme f\u0131rsat\u0131 buldum. Swisslasik\u2019i herkese g\u00f6n\u00fcl rahatl\u0131\u011f\u0131yla tavsiye ederim. Ameliyat yolculu\u011funun organizasyonu ve ilgi ger\u00e7ekten m\u00fckemmel, g\u00f6zl\u00fcks\u00fcz ve \u00f6zg\u00fcr bir ya\u015fam hissinin ise maddi bir kar\u015f\u0131l\u0131\u011f\u0131 yok.Lilli Deis \u00d6nceki rapor Sonraki rapor<\/p>\n","protected":false},"author":4,"featured_media":0,"parent":3695,"menu_order":0,"comment_status":"closed","ping_status":"closed","template":"","meta":{"_joinchat":[],"footnotes":""},"class_list":["post-3703","page","type-page","status-publish","hentry"],"acf":[],"_links":{"self":[{"href":"https:\/\/swisslasik.ch\/tr\/wp-json\/wp\/v2\/pages\/3703","targetHints":{"allow":["GET"]}}],"collection":[{"href":"https:\/\/swisslasik.ch\/tr\/wp-json\/wp\/v2\/pages"}],"about":[{"href":"https:\/\/swisslasik.ch\/tr\/wp-json\/wp\/v2\/types\/page"}],"author":[{"embeddable":true,"href":"https:\/\/swisslasik.ch\/tr\/wp-json\/wp\/v2\/users\/4"}],"replies":[{"embeddable":true,"href":"https:\/\/swisslasik.ch\/tr\/wp-json\/wp\/v2\/comments?post=3703"}],"version-history":[{"count":3,"href":"https:\/\/swisslasik.ch\/tr\/wp-json\/wp\/v2\/pages\/3703\/revisions"}],"predecessor-version":[{"id":4773,"href":"https:\/\/swisslasik.ch\/tr\/wp-json\/wp\/v2\/pages\/3703\/revisions\/4773"}],"up":[{"embeddable":true,"href":"https:\/\/swisslasik.ch\/tr\/wp-json\/wp\/v2\/pages\/3695"}],"wp:attachment":[{"href":"https:\/\/swisslasik.ch\/tr\/wp-json\/wp\/v2\/media?parent=3703"}],"curies":[{"name":"wp","href":"https:\/\/api.w.org\/{rel}","templated":true}]}}