{"id":3709,"date":"2025-09-24T12:35:56","date_gmt":"2025-09-24T11:35:56","guid":{"rendered":"https:\/\/swisslasik.ch\/patientenberichte-augenlasern-erfahrungen\/goezlueksuez-goerme-hayali-istanbulda-gercek-oldu-18-mayis-2012-cuma-tarihli-haber\/"},"modified":"2026-01-14T18:31:12","modified_gmt":"2026-01-14T17:31:12","slug":"goezlueksuez-goerme-hayali-istanbulda-gercek-oldu-18-mayis-2012-cuma-tarihli-haber","status":"publish","type":"page","link":"https:\/\/swisslasik.ch\/tr\/patientenberichte-augenlasern-erfahrungen\/goezlueksuez-goerme-hayali-istanbulda-gercek-oldu-18-mayis-2012-cuma-tarihli-haber\/","title":{"rendered":"G\u00f6zl\u00fcks\u00fcz g\u00f6rme hayali \u0130stanbul&#8217;da ger\u00e7ek oldu\u2026 \u2013 18 May\u0131s 2012 Cuma tarihli haber"},"content":{"rendered":"\n<h3 class=\"wp-block-heading\">G\u00f6zl\u00fcks\u00fcz g\u00f6rme hayali \u0130stanbul&#8217;da ger\u00e7ek oldu\u2026 \u2013 18 May\u0131s 2012 Cuma tarihli haber<\/h3>\n\n\n\n<p>Asl\u0131nda her \u015fey bir y\u0131lba\u015f\u0131 fikriydi. Bunun temelinde, bir arkada\u015f\u0131m\u0131n k\u0131z karde\u015finin ba\u015far\u0131 hik\u00e2yesi vard\u0131. Bu k\u0131z karde\u015f, ileri derecede miyop oldu\u011fu i\u00e7in g\u00f6zlerini lazerle \u00e7izdirmi\u015fti ve bunu \u0130stanbul\u2019da yapt\u0131rm\u0131\u015ft\u0131. \u0130stanbul\u2019da m\u0131? Evet, hem \u00e7ok ba\u015far\u0131l\u0131 hem de son derece profesyonel ge\u00e7mi\u015fti. Bu ger\u00e7ekten do\u011fru olabilir miydi? G\u00f6r\u00fcmcem bu fikre benden bile daha \u00e7ok heveslendi. Okuma g\u00f6zl\u00fc\u011f\u00fcnden \u00e7ok \u015fik\u00e2yet\u00e7iydi. Bunun \u00fczerine internette ara\u015ft\u0131rmaya ba\u015flad\u0131m ve kar\u015f\u0131ma Swisslasik Thun \u00e7\u0131kt\u0131. Daha ilk anda beni ikna etti. \u0130rtibat ki\u015fisi Say\u0131n Karagaacli, telefonda beni \u00e7ok nazik ve ikna edici bir \u015fekilde bilgilendirdi. Diyoptri de\u011ferlerimin lazer i\u00e7in uygun oldu\u011fu s\u00f6ylendi. \u0130ki gece uyuyup e\u015fimle konu\u015ftuktan sonra bu maceraya at\u0131lmaya karar verdim. G\u00f6r\u00fcmcem Gaby bana e\u015flik etmek istedi ve Acibadem Klini\u011fi\u2019nde bir g\u00f6z testi yapt\u0131rmak istedi. Ya\u015fa ba\u011fl\u0131 yak\u0131n\u0131 g\u00f6rememe problemi olmas\u0131na ra\u011fmen belki bir \u00e7\u00f6z\u00fcm vard\u0131r diye umut ediyordu. Lazer umudu en son \u00f6l\u00fcr derler ya\u2026 Maalesef onun i\u00e7in uygun olmad\u0131\u011f\u0131 ortaya \u00e7\u0131kt\u0131 ve lazer yap\u0131lamad\u0131.<br>E\u015fim ve k\u0131z\u0131m da bu olaya tan\u0131kl\u0131k etmek istediler ve b\u00f6ylece k\u0131sa s\u00fcrede bir aile \u0130stanbul gezisi planlad\u0131k. U\u00e7ak, otel, \u00f6n muayene, ameliyat ve kontrol muayeneleri dahil her \u015fey Say\u0131n Karagaacli taraf\u0131ndan organize edildi. Ne zaman teredd\u00fct etsem, telefonla ya da e-posta ile kendisine ula\u015ft\u0131m ve birka\u00e7 sakinle\u015ftirici c\u00fcmleyle t\u00fcm endi\u015felerimi giderdi. Seyahatten birka\u00e7 g\u00fcn \u00f6nce bana bir LASER PASI g\u00f6nderildi. Bu k\u00fc\u00e7\u00fck kitap\u00e7\u0131kta, bilinmesi gereken t\u00fcm \u00f6nemli bilgiler yer al\u0131yordu. Havaliman\u0131nda Acibadem Klini\u011fi tabelas\u0131yla kar\u015f\u0131lanaca\u011f\u0131m\u0131z yaz\u0131yordu.<br>Heyecanl\u0131 ve merakl\u0131 bir \u015fekilde, keyifli bir SWISS u\u00e7u\u015funun ard\u0131ndan \u0130stanbul\u2019a indik. Elimizde bavullarla, y\u00fczlerce tabelan\u0131n aras\u0131nda \u015fof\u00f6r\u00fcm\u00fcz\u00fc arad\u0131k ama bulamad\u0131k. Bir telefonla klini\u011fi arad\u0131k, bize taksiye binmemizi s\u00f6ylediler ve masraf\u0131n iade edilece\u011fini belirttiler. Bir SMS ve i\u00e7imde hafif bir huzursuzlukla \u0130svi\u00e7re\u2019deki T\u00fcrk mele\u011fimi bilgilendirdim. Hemen geri arad\u0131 ve \u00f6z\u00fcr diledi, bunun neden b\u00f6yle oldu\u011funu anlayamad\u0131\u011f\u0131n\u0131 s\u00f6yledi. Neyse, T\u00fcrkiye\u2019deyiz sonu\u00e7ta\u2026 Bundan sonra ula\u015f\u0131m a\u00e7\u0131s\u0131ndan her \u015fey sorunsuz ilerledi. Otelden klini\u011fe ve klinikten otele g\u00f6t\u00fcren \u015fof\u00f6rler her seferinde 30 dakika erken gelmi\u015fti.<br>Var\u0131\u015f g\u00fcn\u00fcn\u00fcn \u00f6\u011fleden sonras\u0131 ve \u00e7ar\u015famba g\u00fcn\u00fc \u0130stanbul\u2019u hem k\u00fclt\u00fcrel hem de gastronomik olarak ke\u015ffettik. Harikayd\u0131. Kaotik, g\u00fcr\u00fclt\u00fcl\u00fc, reng\u00e2renk ama \u00e7ok sempatik. Per\u015fembe sabah\u0131 saat 7\u2019de otelden al\u0131nd\u0131k. Kongre merkezini and\u0131ran klinikte, g\u00fcn boyunca benimle ilgilenecek olan Tolga Bey taraf\u0131ndan kar\u015f\u0131land\u0131m. Ne kadar ihtiyac\u0131m olaca\u011f\u0131n\u0131 o an bilmiyordum, iyi ki vard\u0131. \u00d6n muayeneler sorunsuz ge\u00e7ti ama olduk\u00e7a uzun s\u00fcrd\u00fc. Saatlerce ameliyat\u0131 bekledik. Herkese yan\u0131na kitap ya da dergi almas\u0131n\u0131 tavsiye ederim. Neyse ki ho\u015f bir tan\u0131\u015f\u0131kl\u0131k oldu: Bir \u0130svi\u00e7reli han\u0131m ve T\u00fcrk arkada\u015f\u0131. Onlar\u0131n yerel bilgisi sayesinde birka\u00e7 saatli\u011fine klinikten ka\u00e7\u0131p yak\u0131ndaki bir al\u0131\u015fveri\u015f merkezine gittik, bu \u00e7ok iyi geldi.<br>Ne yaz\u0131k ki bana \u00f6zel bir Femto lazer tekni\u011fi uygulanmas\u0131 gerekti. Bu y\u00f6ntem daha hassas oldu\u011fu i\u00e7in 500 Euro ek \u00fccrete tabi idi. Korneam \u00e7ok ince ve a\u015f\u0131r\u0131 elastikti, bu y\u00fczden \u00f6zel i\u015flem gerekiyordu. Bunun her 10 hastadan 3\u2019\u00fcnde g\u00f6r\u00fclebildi\u011fi s\u00f6ylendi. Cesurca kabul ettim. Ba\u015fl\u0131k, galo\u015f ve koruyucu k\u0131yafetler giydirilerek ameliyat alan\u0131na al\u0131nd\u0131m ve g\u00f6zlerime damlalar damlat\u0131ld\u0131. \u00d6n lazer i\u015flemi \u00e7ok kolay ge\u00e7ti ancak Femto i\u015fleminin sa\u011fl\u0131k nedeniyle ayn\u0131 g\u00fcn yap\u0131lamayaca\u011f\u0131 ortaya \u00e7\u0131kt\u0131. Bu beni biraz strese soktu ama yap\u0131lacak bir \u015fey yoktu. Ameliyat d\u0131\u015f\u0131nda her an Gaby yan\u0131mdayd\u0131 ve bana b\u00fcy\u00fck bir sakinlik ve cesaret verdi. O anda buna ger\u00e7ekten \u00e7ok ihtiyac\u0131m vard\u0131. Yar\u0131 yar\u0131ya lazer yap\u0131lm\u0131\u015f ve tamamen bitkin halde otele d\u00f6nd\u00fck. Tek istedi\u011fim uyumakt\u0131. Bu s\u0131rada ailemle birlikte yenecek g\u00fczel bir T\u00fcrk ak\u015fam yeme\u011fini ka\u00e7\u0131rd\u0131m.<br>Cuma sabah\u0131 tekrar erkenden klinikteydim. Yakla\u015f\u0131k iki bu\u00e7uk saatlik beklemenin ard\u0131ndan Tolga Bey beni ameliyathaneye g\u00f6t\u00fcrd\u00fc. Sonras\u0131nda ya\u015fananlar pek ho\u015f de\u011fildi. \u00d6zel kornea yap\u0131m komplikasyonlara yol a\u00e7t\u0131. Sa\u011f g\u00f6z\u00fcm nispeten iyi ge\u00e7ti ama sol g\u00f6z problemliydi. Kornea s\u00fcrekli yerine oturmuyordu. Tolga Bey beni sakinle\u015ftirmekte zorland\u0131. \u00d6nceden sakinle\u015ftirici almam\u0131\u015f olmam da i\u015fleri zorla\u015ft\u0131rd\u0131. Merkeze bakmam isteniyordu ama hangi merkeze bakaca\u011f\u0131m\u0131 bilmiyordum. I\u015f\u0131klar, fla\u015flar, k\u0131rm\u0131z\u0131 ve ye\u015fil noktalar g\u00f6r\u00fcyordum ve g\u00f6z\u00fcmde yap\u0131lan her i\u015flemi hissediyordum. T\u00fcm v\u00fccudum titriyordu ve \u00e7ok korkuyordum. Sol g\u00f6z\u00fcmde bu i\u015flem iki kez tekrarland\u0131. Sonunda her \u015feyin yolunda oldu\u011fu s\u00f6ylendi. Doktorun y\u00fcz\u00fcmdeki sakinle\u015ftirici ellerini h\u00e2l\u00e2 hat\u0131rl\u0131yorum. O da olduk\u00e7a zorlanm\u0131\u015ft\u0131.<br>E\u015fim beni, s\u00f6ylenen 10 dakika yerine 1 saat sonra teslim ald\u0131 ve benim i\u00e7in sakinle\u015ftirici ve a\u011fr\u0131 kesici istedi. Tamamen t\u00fckenmi\u015ftim ama onun yan\u0131mda olmas\u0131na \u00e7ok sevindim. Kendi iste\u011fimizle otele metro ile d\u00f6nd\u00fck. Klinik binas\u0131n\u0131n alt\u0131ndan direkt Taksim\u2019e giden metro, taksiden \u00e7ok daha h\u0131zl\u0131yd\u0131. \u00d6nceki g\u00fcnk\u00fc taksi yolculu\u011fu mide bulant\u0131s\u0131 yapm\u0131\u015ft\u0131, onu tekrar ya\u015famak istemedim. Kocaman siyah koruyucu g\u00f6zl\u00fckle biraz tuhaf g\u00f6r\u00fcn\u00fcyordum ama kimse umursamad\u0131. Otele var\u0131nca uyku hap\u0131 ald\u0131m, e\u015fimi ve k\u0131z\u0131ma Bo\u011faz turuna gitmeleri i\u00e7in izin verdim ve an\u0131nda uyuyakald\u0131m.<br>D\u00f6rt saat sonra g\u00f6zlerimi a\u00e7t\u0131m: Saat 17.00. Net g\u00f6r\u00fcyordum. \u0130nan\u0131lmazd\u0131. \u0130\u015fte o an, lazer yapt\u0131ranlar\u0131n anlatt\u0131\u011f\u0131 mutluluk hissini ben de ya\u015fad\u0131m. G\u00f6zl\u00fcks\u00fcz g\u00f6rebiliyordum. Otel penceresinin kar\u015f\u0131s\u0131ndaki harabe bina bile g\u00f6z\u00fcme g\u00fczel g\u00f6r\u00fcn\u00fcyordu. Yeniden do\u011fmu\u015f gibiydim. Tek istedi\u011fim \u015fey, normal siyah g\u00fcne\u015f g\u00f6zl\u00fc\u011f\u00fcm\u00fc tak\u0131p d\u0131\u015far\u0131 \u00e7\u0131kmakt\u0131. Tarif edilemez bir duygu. SMS bile g\u00f6zl\u00fcks\u00fcz yazabiliyordum. Oysa bana lazerden sonra kesinlikle okuma g\u00f6zl\u00fc\u011f\u00fcne ihtiya\u00e7 duyaca\u011f\u0131m s\u00f6ylenmi\u015fti.<\/p>\n\n\n\n<p>A\u011fr\u0131l\u0131 ve zorlu s\u00fcrecin ard\u0131ndan g\u00f6zlerim k\u0131zarm\u0131\u015ft\u0131. Sol g\u00f6z\u00fcm adeta bir zombi g\u00f6z\u00fc gibi g\u00f6r\u00fcn\u00fcyordu. Kan \u00e7ana\u011f\u0131na d\u00f6nm\u00fc\u015ft\u00fc, ger\u00e7ekten \u00e7ok k\u00f6t\u00fcyd\u00fc. Ama bunun ge\u00e7ici oldu\u011fu s\u00f6ylenmi\u015fti. En \u00f6nemli \u015fey, g\u00f6z damlalar\u0131n\u0131n d\u00fczenli ve talimatlara uygun \u015fekilde kullan\u0131lmas\u0131yd\u0131. Eve d\u00f6nmeden \u00f6nce doktorun bir son kontrol daha yapmak istemesi beni \u00e7ok rahatlatt\u0131. Yine her \u015fey \u00e7ok iyi organize edilmi\u015fti. Otelden, valizlerimizle birlikte al\u0131nd\u0131k, klinikte k\u0131sa bir duraklama yap\u0131ld\u0131 ve ard\u0131ndan havaalan\u0131na ge\u00e7ildi. Doktor memnundu ve bana 4 hafta sonra Z\u00fcrih\u2019te bir kontrol yapt\u0131rmam\u0131 tavsiye etti.<br>Cumartesi ak\u015fam\u0131 bu lazer maceras\u0131ndan sonra mutlu ve rahatlam\u0131\u015f bir \u015fekilde eve d\u00f6nd\u00fck. Zombi bak\u0131\u015f\u0131m\u0131 sonraki hafta, i\u015fte bile takt\u0131\u011f\u0131m hafif koyu renkli bir g\u00fcne\u015f g\u00f6zl\u00fc\u011f\u00fcyle gizledim ki insanlar\u0131 korkutmayay\u0131m. Bir hafta sonra g\u00f6r\u00fcnt\u00fc art\u0131k o kadar k\u00f6t\u00fc de\u011fildi, bak\u0131\u015flar\u0131m daha normal, daha beyaz ve daha yumu\u015fak hale geldi. D\u00f6rt hafta sonra Z\u00fcrih\u2019te yap\u0131lan kontrol muayenesi de yine \u00fcst d\u00fczeydi. Sol g\u00f6z\u00fcm\u00fcn \u00fczerinde h\u00e2l\u00e2 bir tabaka oldu\u011fu g\u00f6r\u00fcld\u00fc, bu y\u00fczden sol tarafta sa\u011f g\u00f6z\u00fcm kadar net g\u00f6remiyordum. Sa\u011f g\u00f6z\u00fcmde g\u00f6rme oran\u0131 y\u00fczde 98, sol g\u00f6z\u00fcmde ise y\u00fczde 75 olarak \u00f6l\u00e7\u00fcld\u00fc. Ancak g\u00f6z tamamen iyile\u015ftik\u00e7e bunun da artaca\u011f\u0131 s\u00f6ylendi. Ayr\u0131ca hafif bir kornea e\u011frili\u011fi de kalm\u0131\u015ft\u0131, bu da g\u00f6zl\u00fcks\u00fcz nispeten iyi okuyabilmemi sa\u011fl\u0131yordu. Haziran ortas\u0131nda yap\u0131lacak bir ba\u015fka kontrol, nihai g\u00f6rme sonucunu g\u00f6sterecek.<br>Her \u015feye ra\u011fmen \u015funu net olarak s\u00f6yleyebilirim: Yine olsa yine yapt\u0131r\u0131rd\u0131m. \u00c7\u00fcnk\u00fc hayat\u0131m, g\u00f6rme a\u00e7\u0131s\u0131ndan ger\u00e7ekten \u00e7ok daha konforlu ve g\u00fczel bir hale geldi. G\u00f6zlerimi yine \u0130stanbul\u2019da lazerlettirirdim. \u00c7\u00fcnk\u00fc orada, hi\u00e7 de s\u0131radan olmayan bu durumun ele al\u0131n\u0131\u015f \u015fekli, son derece yetkin ve \u00e7ok iyi e\u011fitimli bir ekibin varl\u0131\u011f\u0131n\u0131 g\u00f6steriyor. Herkese b\u00fcy\u00fck bir tebrik. Bu klini\u011fi g\u00f6n\u00fcl rahatl\u0131\u011f\u0131yla tavsiye edebilirim. Biraz \u201ccesur\u201d olmak ger\u00e7ekten de\u011fiyor. Asl\u0131nda cesur olmaya bile gerek yok, \u00e7\u00fcnk\u00fc bu hastanenin \u0130svi\u00e7re\u2019deki herhangi bir hastaneden geri kal\u0131r yan\u0131 olmad\u0131\u011f\u0131na eminim. Swiss-Lasik ba\u015ftan sona \u00e7ok iyi bir i\u015f \u00e7\u0131kar\u0131yor. \u00c7ok ama \u00e7ok te\u015fekk\u00fcr ederim. Ger\u00e7ekten tam anlam\u0131yla kalite.                           <\/p>\n\n\n\n<figure class=\"wp-block-image size-full\"><img fetchpriority=\"high\" decoding=\"async\" width=\"300\" height=\"225\" src=\"https:\/\/swisslasik.ch\/wp-content\/uploads\/2025\/09\/RTEmagicC_renngli_1.jpg.jpg\" alt=\"\" class=\"wp-image-477\"\/><\/figure>\n\n\n\n<p>Otelimiz\u2026<\/p>\n\n\n\n<figure class=\"wp-block-image size-full\"><img decoding=\"async\" width=\"300\" height=\"282\" src=\"https:\/\/swisslasik.ch\/wp-content\/uploads\/2025\/09\/RTEmagicC_renngli_2.jpg.jpg\" alt=\"\" class=\"wp-image-478\"\/><\/figure>\n\n\n\n<p>Hay\u0131r, hay\u0131r, daha \u00e7ok \u015funa benzer bir \u015fey.<img decoding=\"async\" alt=\":-D\" width=\"18\" height=\"18\" src=\"https:\/\/www.swisslasik.ch\/typo3\/sysext\/rtehtmlarea\/htmlarea\/plugins\/InsertSmiley\/smileys\/mozilla_laughing.png\"><\/p>\n\n\n\n<figure class=\"wp-block-image size-full\"><img loading=\"lazy\" decoding=\"async\" width=\"300\" height=\"232\" src=\"https:\/\/swisslasik.ch\/wp-content\/uploads\/2025\/09\/RTEmagicC_renngli_3.jpg.jpg\" alt=\"\" class=\"wp-image-479\"\/><\/figure>\n\n\n\n<p>M\u00fckemmel merkezi konumda. Taksim Meydan\u0131 ve bir\u00e7ok g\u00fczel restoran\u0131n bulundu\u011fu Taksim al\u0131\u015fveri\u015f caddesi sadece 5 dakikal\u0131k y\u00fcr\u00fcme mesafesinde. Lezzetli yemekler \u2013 hi\u00e7 sorun de\u011fil, \u00fcstelik \u00e7ok uygun fiyatl\u0131.  <\/p>\n\n\n\n<figure class=\"wp-block-image size-full\"><img loading=\"lazy\" decoding=\"async\" width=\"300\" height=\"250\" src=\"https:\/\/swisslasik.ch\/wp-content\/uploads\/2025\/09\/RTEmagicC_renngli_4_01.jpg.jpg\" alt=\"\" class=\"wp-image-480\"\/><\/figure>\n\n\n\n<p>Regina Renggli<\/p>\n\n\n\n<div class=\"wp-block-group is-layout-grid wp-container-core-group-is-layout-baef362d wp-block-group-is-layout-grid\">\n<p><a href=\"https:\/\/medicaltravel.at\/home\/agb\/\" data-type=\"page\" data-id=\"2191\" rel=\"nofollow noopener\" target=\"_blank\"><\/a><a href=\"https:\/\/swisslasik.ch\/tr\/patientenberichte-augenlasern-erfahrungen\/acibadem-istanbulda-lazer-goez-ameliyati-deneyimim-30-mayis-2012-carsamba-tarihli-rapor\/\" data-type=\"link\" data-id=\"https:\/\/swisslasik.ch\/tr\/patientenberichte-augenlasern-erfahrungen\/acibadem-istanbulda-lazer-goez-ameliyati-deneyimim-30-mayis-2012-carsamba-tarihli-rapor\/\">\u00d6nceki rapor<\/a><\/p>\n\n\n\n<p class=\"has-text-align-right wp-container-content-5e2576f9\"><a href=\"https:\/\/medicaltravel.at\/home\/impressum\/\" data-type=\"page\" data-id=\"2193\" rel=\"nofollow noopener\" target=\"_blank\"><\/a><a href=\"https:\/\/medicaltravel.at\/home\/berichte-von-patienten\/erfahrungsberichte\/erfahrungsbericht-zahnbehandlung-in-istanbul\/\" data-type=\"page\" data-id=\"981\" rel=\"nofollow noopener\" target=\"_blank\"><\/a><a href=\"https:\/\/swisslasik.ch\/tr\/patientenberichte-augenlasern-erfahrungen\/28-31-mart-2012-tarihleri-arasinda-istanbula-seyahat-29-martta-ameliyat-16-mayis-2012-carsamba-tarihli-rapor\/\" data-type=\"link\" data-id=\"https:\/\/swisslasik.ch\/tr\/patientenberichte-augenlasern-erfahrungen\/28-31-mart-2012-tarihleri-arasinda-istanbula-seyahat-29-martta-ameliyat-16-mayis-2012-carsamba-tarihli-rapor\/\">Sonraki rapor<\/a><\/p>\n<\/div>\n","protected":false},"excerpt":{"rendered":"<p>G\u00f6zl\u00fcks\u00fcz g\u00f6rme hayali \u0130stanbul&#8217;da ger\u00e7ek oldu\u2026 \u2013 18 May\u0131s 2012 Cuma tarihli haber Asl\u0131nda her \u015fey bir y\u0131lba\u015f\u0131 fikriydi. Bunun temelinde, bir arkada\u015f\u0131m\u0131n k\u0131z karde\u015finin ba\u015far\u0131 hik\u00e2yesi vard\u0131. Bu k\u0131z karde\u015f, ileri derecede miyop oldu\u011fu i\u00e7in g\u00f6zlerini lazerle \u00e7izdirmi\u015fti ve bunu \u0130stanbul\u2019da yapt\u0131rm\u0131\u015ft\u0131. \u0130stanbul\u2019da m\u0131? Evet, hem \u00e7ok ba\u015far\u0131l\u0131 hem de son derece profesyonel ge\u00e7mi\u015fti. Bu ger\u00e7ekten do\u011fru olabilir miydi? G\u00f6r\u00fcmcem bu fikre benden bile daha \u00e7ok heveslendi. Okuma g\u00f6zl\u00fc\u011f\u00fcnden \u00e7ok \u015fik\u00e2yet\u00e7iydi. Bunun \u00fczerine internette ara\u015ft\u0131rmaya ba\u015flad\u0131m ve kar\u015f\u0131ma Swisslasik Thun \u00e7\u0131kt\u0131. Daha ilk anda beni ikna etti. \u0130rtibat ki\u015fisi Say\u0131n Karagaacli, telefonda beni \u00e7ok nazik ve ikna edici bir \u015fekilde bilgilendirdi. Diyoptri de\u011ferlerimin lazer i\u00e7in uygun oldu\u011fu s\u00f6ylendi. \u0130ki gece uyuyup e\u015fimle konu\u015ftuktan sonra bu maceraya at\u0131lmaya karar verdim. G\u00f6r\u00fcmcem Gaby bana e\u015flik etmek istedi ve Acibadem Klini\u011fi\u2019nde bir g\u00f6z testi yapt\u0131rmak istedi. Ya\u015fa ba\u011fl\u0131 yak\u0131n\u0131 g\u00f6rememe problemi olmas\u0131na ra\u011fmen belki bir \u00e7\u00f6z\u00fcm vard\u0131r diye umut ediyordu. Lazer umudu en son \u00f6l\u00fcr derler ya\u2026 Maalesef onun i\u00e7in uygun olmad\u0131\u011f\u0131 ortaya \u00e7\u0131kt\u0131 ve lazer yap\u0131lamad\u0131.E\u015fim ve k\u0131z\u0131m da bu olaya tan\u0131kl\u0131k etmek istediler ve b\u00f6ylece k\u0131sa s\u00fcrede bir aile \u0130stanbul gezisi planlad\u0131k. U\u00e7ak, otel, \u00f6n muayene, ameliyat ve kontrol muayeneleri dahil her \u015fey Say\u0131n Karagaacli taraf\u0131ndan organize edildi. Ne zaman teredd\u00fct etsem, telefonla ya da e-posta ile kendisine ula\u015ft\u0131m ve birka\u00e7 sakinle\u015ftirici c\u00fcmleyle t\u00fcm endi\u015felerimi giderdi. Seyahatten birka\u00e7 g\u00fcn \u00f6nce bana bir LASER PASI g\u00f6nderildi. Bu k\u00fc\u00e7\u00fck kitap\u00e7\u0131kta, bilinmesi gereken t\u00fcm \u00f6nemli bilgiler yer al\u0131yordu. Havaliman\u0131nda Acibadem Klini\u011fi tabelas\u0131yla kar\u015f\u0131lanaca\u011f\u0131m\u0131z yaz\u0131yordu.Heyecanl\u0131 ve merakl\u0131 bir \u015fekilde, keyifli bir SWISS u\u00e7u\u015funun ard\u0131ndan \u0130stanbul\u2019a indik. Elimizde bavullarla, y\u00fczlerce tabelan\u0131n aras\u0131nda \u015fof\u00f6r\u00fcm\u00fcz\u00fc arad\u0131k ama bulamad\u0131k. Bir telefonla klini\u011fi arad\u0131k, bize taksiye binmemizi s\u00f6ylediler ve masraf\u0131n iade edilece\u011fini belirttiler. Bir SMS ve i\u00e7imde hafif bir huzursuzlukla \u0130svi\u00e7re\u2019deki T\u00fcrk mele\u011fimi bilgilendirdim. Hemen geri arad\u0131 ve \u00f6z\u00fcr diledi, bunun neden b\u00f6yle oldu\u011funu anlayamad\u0131\u011f\u0131n\u0131 s\u00f6yledi. Neyse, T\u00fcrkiye\u2019deyiz sonu\u00e7ta\u2026 Bundan sonra ula\u015f\u0131m a\u00e7\u0131s\u0131ndan her \u015fey sorunsuz ilerledi. Otelden klini\u011fe ve klinikten otele g\u00f6t\u00fcren \u015fof\u00f6rler her seferinde 30 dakika erken gelmi\u015fti.Var\u0131\u015f g\u00fcn\u00fcn\u00fcn \u00f6\u011fleden sonras\u0131 ve \u00e7ar\u015famba g\u00fcn\u00fc \u0130stanbul\u2019u hem k\u00fclt\u00fcrel hem de gastronomik olarak ke\u015ffettik. Harikayd\u0131. Kaotik, g\u00fcr\u00fclt\u00fcl\u00fc, reng\u00e2renk ama \u00e7ok sempatik. Per\u015fembe sabah\u0131 saat 7\u2019de otelden al\u0131nd\u0131k. Kongre merkezini and\u0131ran klinikte, g\u00fcn boyunca benimle ilgilenecek olan Tolga Bey taraf\u0131ndan kar\u015f\u0131land\u0131m. Ne kadar ihtiyac\u0131m olaca\u011f\u0131n\u0131 o an bilmiyordum, iyi ki vard\u0131. \u00d6n muayeneler sorunsuz ge\u00e7ti ama olduk\u00e7a uzun s\u00fcrd\u00fc. Saatlerce ameliyat\u0131 bekledik. Herkese yan\u0131na kitap ya da dergi almas\u0131n\u0131 tavsiye ederim. Neyse ki ho\u015f bir tan\u0131\u015f\u0131kl\u0131k oldu: Bir \u0130svi\u00e7reli han\u0131m ve T\u00fcrk arkada\u015f\u0131. Onlar\u0131n yerel bilgisi sayesinde birka\u00e7 saatli\u011fine klinikten ka\u00e7\u0131p yak\u0131ndaki bir al\u0131\u015fveri\u015f merkezine gittik, bu \u00e7ok iyi geldi.Ne yaz\u0131k ki bana \u00f6zel bir Femto lazer tekni\u011fi uygulanmas\u0131 gerekti. Bu y\u00f6ntem daha hassas oldu\u011fu i\u00e7in 500 Euro ek \u00fccrete tabi idi. Korneam \u00e7ok ince ve a\u015f\u0131r\u0131 elastikti, bu y\u00fczden \u00f6zel i\u015flem gerekiyordu. Bunun her 10 hastadan 3\u2019\u00fcnde g\u00f6r\u00fclebildi\u011fi s\u00f6ylendi. Cesurca kabul ettim. Ba\u015fl\u0131k, galo\u015f ve koruyucu k\u0131yafetler giydirilerek ameliyat alan\u0131na al\u0131nd\u0131m ve g\u00f6zlerime damlalar damlat\u0131ld\u0131. \u00d6n lazer i\u015flemi \u00e7ok kolay ge\u00e7ti ancak Femto i\u015fleminin sa\u011fl\u0131k nedeniyle ayn\u0131 g\u00fcn yap\u0131lamayaca\u011f\u0131 ortaya \u00e7\u0131kt\u0131. Bu beni biraz strese soktu ama yap\u0131lacak bir \u015fey yoktu. Ameliyat d\u0131\u015f\u0131nda her an Gaby yan\u0131mdayd\u0131 ve bana b\u00fcy\u00fck bir sakinlik ve cesaret verdi. O anda buna ger\u00e7ekten \u00e7ok ihtiyac\u0131m vard\u0131. Yar\u0131 yar\u0131ya lazer yap\u0131lm\u0131\u015f ve tamamen bitkin halde otele d\u00f6nd\u00fck. Tek istedi\u011fim uyumakt\u0131. Bu s\u0131rada ailemle birlikte yenecek g\u00fczel bir T\u00fcrk ak\u015fam yeme\u011fini ka\u00e7\u0131rd\u0131m.Cuma sabah\u0131 tekrar erkenden klinikteydim. Yakla\u015f\u0131k iki bu\u00e7uk saatlik beklemenin ard\u0131ndan Tolga Bey beni ameliyathaneye g\u00f6t\u00fcrd\u00fc. Sonras\u0131nda ya\u015fananlar pek ho\u015f de\u011fildi. \u00d6zel kornea yap\u0131m komplikasyonlara yol a\u00e7t\u0131. Sa\u011f g\u00f6z\u00fcm nispeten iyi ge\u00e7ti ama sol g\u00f6z problemliydi. Kornea s\u00fcrekli yerine oturmuyordu. Tolga Bey beni sakinle\u015ftirmekte zorland\u0131. \u00d6nceden sakinle\u015ftirici almam\u0131\u015f olmam da i\u015fleri zorla\u015ft\u0131rd\u0131. Merkeze bakmam isteniyordu ama hangi merkeze bakaca\u011f\u0131m\u0131 bilmiyordum. I\u015f\u0131klar, fla\u015flar, k\u0131rm\u0131z\u0131 ve ye\u015fil noktalar g\u00f6r\u00fcyordum ve g\u00f6z\u00fcmde yap\u0131lan her i\u015flemi hissediyordum. T\u00fcm v\u00fccudum titriyordu ve \u00e7ok korkuyordum. Sol g\u00f6z\u00fcmde bu i\u015flem iki kez tekrarland\u0131. Sonunda her \u015feyin yolunda oldu\u011fu s\u00f6ylendi. Doktorun y\u00fcz\u00fcmdeki sakinle\u015ftirici ellerini h\u00e2l\u00e2 hat\u0131rl\u0131yorum. O da olduk\u00e7a zorlanm\u0131\u015ft\u0131.E\u015fim beni, s\u00f6ylenen 10 dakika yerine 1 saat sonra teslim ald\u0131 ve benim i\u00e7in sakinle\u015ftirici ve a\u011fr\u0131 kesici istedi. Tamamen t\u00fckenmi\u015ftim ama onun yan\u0131mda olmas\u0131na \u00e7ok sevindim. Kendi iste\u011fimizle otele metro ile d\u00f6nd\u00fck. Klinik binas\u0131n\u0131n alt\u0131ndan direkt Taksim\u2019e giden metro, taksiden \u00e7ok daha h\u0131zl\u0131yd\u0131. \u00d6nceki g\u00fcnk\u00fc taksi yolculu\u011fu mide bulant\u0131s\u0131 yapm\u0131\u015ft\u0131, onu tekrar ya\u015famak istemedim. Kocaman siyah koruyucu g\u00f6zl\u00fckle biraz tuhaf g\u00f6r\u00fcn\u00fcyordum ama kimse umursamad\u0131. Otele var\u0131nca uyku hap\u0131 ald\u0131m, e\u015fimi ve k\u0131z\u0131ma Bo\u011faz turuna gitmeleri i\u00e7in izin verdim ve an\u0131nda uyuyakald\u0131m.D\u00f6rt saat sonra g\u00f6zlerimi a\u00e7t\u0131m: Saat 17.00. Net g\u00f6r\u00fcyordum. \u0130nan\u0131lmazd\u0131. \u0130\u015fte o an, lazer yapt\u0131ranlar\u0131n anlatt\u0131\u011f\u0131 mutluluk hissini ben de ya\u015fad\u0131m. G\u00f6zl\u00fcks\u00fcz g\u00f6rebiliyordum. Otel penceresinin kar\u015f\u0131s\u0131ndaki harabe bina bile g\u00f6z\u00fcme g\u00fczel g\u00f6r\u00fcn\u00fcyordu. Yeniden do\u011fmu\u015f gibiydim. Tek istedi\u011fim \u015fey, normal siyah g\u00fcne\u015f g\u00f6zl\u00fc\u011f\u00fcm\u00fc tak\u0131p d\u0131\u015far\u0131 \u00e7\u0131kmakt\u0131. Tarif edilemez bir duygu. SMS bile g\u00f6zl\u00fcks\u00fcz yazabiliyordum. Oysa bana lazerden sonra kesinlikle okuma g\u00f6zl\u00fc\u011f\u00fcne ihtiya\u00e7 duyaca\u011f\u0131m s\u00f6ylenmi\u015fti. A\u011fr\u0131l\u0131 ve zorlu s\u00fcrecin ard\u0131ndan g\u00f6zlerim k\u0131zarm\u0131\u015ft\u0131. Sol g\u00f6z\u00fcm adeta bir zombi g\u00f6z\u00fc gibi g\u00f6r\u00fcn\u00fcyordu. Kan \u00e7ana\u011f\u0131na d\u00f6nm\u00fc\u015ft\u00fc, ger\u00e7ekten \u00e7ok k\u00f6t\u00fcyd\u00fc. Ama bunun ge\u00e7ici oldu\u011fu s\u00f6ylenmi\u015fti. En \u00f6nemli \u015fey, g\u00f6z damlalar\u0131n\u0131n d\u00fczenli ve talimatlara uygun \u015fekilde kullan\u0131lmas\u0131yd\u0131. Eve d\u00f6nmeden \u00f6nce doktorun bir son kontrol daha yapmak istemesi beni \u00e7ok rahatlatt\u0131. Yine her \u015fey \u00e7ok iyi organize edilmi\u015fti. Otelden, valizlerimizle birlikte al\u0131nd\u0131k, klinikte k\u0131sa bir duraklama yap\u0131ld\u0131 ve ard\u0131ndan havaalan\u0131na ge\u00e7ildi. Doktor memnundu ve bana 4 hafta sonra Z\u00fcrih\u2019te bir kontrol yapt\u0131rmam\u0131 tavsiye etti.Cumartesi ak\u015fam\u0131 bu lazer maceras\u0131ndan sonra mutlu ve rahatlam\u0131\u015f bir \u015fekilde eve d\u00f6nd\u00fck. Zombi bak\u0131\u015f\u0131m\u0131 sonraki hafta, i\u015fte bile takt\u0131\u011f\u0131m hafif koyu renkli bir g\u00fcne\u015f g\u00f6zl\u00fc\u011f\u00fcyle gizledim ki insanlar\u0131 korkutmayay\u0131m. Bir hafta sonra g\u00f6r\u00fcnt\u00fc art\u0131k o kadar k\u00f6t\u00fc de\u011fildi, bak\u0131\u015flar\u0131m daha normal, daha beyaz ve daha yumu\u015fak hale geldi. D\u00f6rt hafta sonra Z\u00fcrih\u2019te yap\u0131lan kontrol muayenesi de yine \u00fcst d\u00fczeydi. Sol g\u00f6z\u00fcm\u00fcn \u00fczerinde h\u00e2l\u00e2 bir tabaka oldu\u011fu g\u00f6r\u00fcld\u00fc, bu y\u00fczden sol tarafta sa\u011f g\u00f6z\u00fcm kadar net g\u00f6remiyordum. Sa\u011f g\u00f6z\u00fcmde g\u00f6rme oran\u0131 y\u00fczde 98, sol g\u00f6z\u00fcmde ise y\u00fczde 75 olarak \u00f6l\u00e7\u00fcld\u00fc. Ancak g\u00f6z tamamen iyile\u015ftik\u00e7e bunun da artaca\u011f\u0131 s\u00f6ylendi. Ayr\u0131ca hafif bir kornea e\u011frili\u011fi de kalm\u0131\u015ft\u0131, bu da g\u00f6zl\u00fcks\u00fcz nispeten iyi okuyabilmemi sa\u011fl\u0131yordu. Haziran ortas\u0131nda yap\u0131lacak bir ba\u015fka kontrol, nihai g\u00f6rme sonucunu g\u00f6sterecek.Her \u015feye ra\u011fmen \u015funu net<\/p>\n","protected":false},"author":4,"featured_media":0,"parent":3695,"menu_order":0,"comment_status":"closed","ping_status":"closed","template":"","meta":{"_joinchat":[],"footnotes":""},"class_list":["post-3709","page","type-page","status-publish","hentry"],"acf":[],"_links":{"self":[{"href":"https:\/\/swisslasik.ch\/tr\/wp-json\/wp\/v2\/pages\/3709","targetHints":{"allow":["GET"]}}],"collection":[{"href":"https:\/\/swisslasik.ch\/tr\/wp-json\/wp\/v2\/pages"}],"about":[{"href":"https:\/\/swisslasik.ch\/tr\/wp-json\/wp\/v2\/types\/page"}],"author":[{"embeddable":true,"href":"https:\/\/swisslasik.ch\/tr\/wp-json\/wp\/v2\/users\/4"}],"replies":[{"embeddable":true,"href":"https:\/\/swisslasik.ch\/tr\/wp-json\/wp\/v2\/comments?post=3709"}],"version-history":[{"count":2,"href":"https:\/\/swisslasik.ch\/tr\/wp-json\/wp\/v2\/pages\/3709\/revisions"}],"predecessor-version":[{"id":4772,"href":"https:\/\/swisslasik.ch\/tr\/wp-json\/wp\/v2\/pages\/3709\/revisions\/4772"}],"up":[{"embeddable":true,"href":"https:\/\/swisslasik.ch\/tr\/wp-json\/wp\/v2\/pages\/3695"}],"wp:attachment":[{"href":"https:\/\/swisslasik.ch\/tr\/wp-json\/wp\/v2\/media?parent=3709"}],"curies":[{"name":"wp","href":"https:\/\/api.w.org\/{rel}","templated":true}]}}