{"id":3711,"date":"2025-09-24T12:38:38","date_gmt":"2025-09-24T11:38:38","guid":{"rendered":"https:\/\/swisslasik.ch\/patientenberichte-augenlasern-erfahrungen\/10-sentlik-madeni-parayi-20-sentlik-madeni-paradan-ayirt-etme-25-nisan-2012-carsamba-tarihli-rapor\/"},"modified":"2026-01-14T18:34:35","modified_gmt":"2026-01-14T17:34:35","slug":"10-sentlik-madeni-parayi-20-sentlik-madeni-paradan-ayirt-etme-25-nisan-2012-carsamba-tarihli-rapor","status":"publish","type":"page","link":"https:\/\/swisslasik.ch\/tr\/patientenberichte-augenlasern-erfahrungen\/10-sentlik-madeni-parayi-20-sentlik-madeni-paradan-ayirt-etme-25-nisan-2012-carsamba-tarihli-rapor\/","title":{"rendered":"10 sentlik madeni paray\u0131 20 sentlik madeni paradan ay\u0131rt etme \u2013 25 Nisan 2012 \u00c7ar\u015famba tarihli rapor"},"content":{"rendered":"\n<h3 class=\"wp-block-heading\">10 sentlik madeni paray\u0131 20 sentlik madeni paradan ay\u0131rt etme \u2013 25 Nisan 2012 \u00c7ar\u015famba tarihli rapor<\/h3>\n\n\n\n<p>Daha iyi g\u00f6rebilme iste\u011fim o kadar b\u00fcy\u00fckt\u00fc ki\u2026 Asl\u0131nda hen\u00fcz s\u00fcrekli g\u00f6zl\u00fck kullanan biri de\u011fildim ama SMS okumak, fiyat etiketlerine bakmak, gazete okumak ve daha pek \u00e7ok \u015fey i\u00e7in s\u00fcrekli okuma g\u00f6zl\u00fc\u011f\u00fcne ihtiya\u00e7 duymak ya\u015fam kalitemi ciddi \u015fekilde k\u0131s\u0131tl\u0131yordu. Bu nedenle \u0130stanbul\u2019da g\u00f6zlerimi lazerlettirmeye karar verdim. \u0130stanbul\u2019da ya\u015fayan ve beni bu konuda cesaretlendiren bir arkada\u015f\u0131m bana \u00e7ok destek oldu. Onun k\u0131z\u0131, annesi ve hatta o zamanlar sadece 2 ayl\u0131k olan k\u00fc\u00e7\u00fck ye\u011feni bile ayn\u0131 klinikte \u00e7ok ba\u015far\u0131l\u0131 \u015fekilde lazer ameliyat\u0131 olmu\u015ftu. Bu y\u00fczden tercihim T\u00fcrkiye oldu.<br>Daha sonra Swisslasik ile kar\u015f\u0131la\u015ft\u0131m. Bu organizasyonu g\u00f6n\u00fcl rahatl\u0131\u011f\u0131yla tavsiye edebilirim. Say\u0131n Karaaga\u00e7l\u0131 bana \u00e7ok detayl\u0131 ve net bilgiler verdi ve randevumu organize etti. Hastaneye tam zaman\u0131nda vard\u0131k. Klinik, bir cami manzaras\u0131na sahip \u00e7ok g\u00fczel bir konumdayd\u0131. Hastane bende \u00e7ok iyi bir izlenim b\u0131rakt\u0131. \u00c7ok temizdi. Acibadem Hastanesi son derece profesyonel bir \u015fekilde y\u00f6netiliyor. \u00d6n muayeneler k\u0131sa s\u00fcrede ba\u015flad\u0131. Ancak \u015funu mutlaka belirtmeliyim: Bu s\u00fcre\u00e7 zaman al\u0131yor. Bunu mutlaka hesaba katmak gerekiyor. Sabah saat 8\u2019de klinikteydik ve ancak ak\u015fam 18.00\u2019de ayr\u0131labildik. Ama bu s\u00fcre gerekli. Sab\u0131rs\u0131z olmamak ve gereksiz bir gerginli\u011fe kap\u0131lmamak gerekiyor. Buna kesinlikle de\u011fiyor.<br>Bug\u00fcn kendimi okumay\u0131 yeni ke\u015ffeden bir birinci s\u0131n\u0131f \u00f6\u011frencisi gibi hissediyorum. 10 rappen ile 20 rappen aras\u0131ndaki fark\u0131 ay\u0131rt etmek bile inan\u0131lmaz keyifli. En k\u00fc\u00e7\u00fck yaz\u0131lar\u0131 okuyabilmek harika bir duygu. Yeniden y\u00fczde 100 g\u00f6rebildi\u011fim i\u00e7in inan\u0131lmaz derecede minnettar\u0131m. Hatta en k\u00fc\u00e7\u00fck toz zerresini bile fark edebiliyorum. Ameliyat son derece ba\u015far\u0131l\u0131 ge\u00e7ti. Operasyon s\u0131ras\u0131nda biraz rahats\u0131z hissettim. Merkez noktay\u0131 g\u00f6remiyordum ya da ne demek istediklerini tam anlayam\u0131yordum. Ancak bunun ba\u015fkalar\u0131nda da ayn\u0131 \u015fekilde ya\u015fand\u0131\u011f\u0131n\u0131 \u00f6\u011frendim. E\u011fer sizde de b\u00f6yle olursa, ye\u015fil noktaya odaklanmaya \u00e7al\u0131\u015f\u0131n.<br>Ameliyattan sonra yakla\u015f\u0131k bir saat boyunca g\u00f6zlerimi a\u00e7amad\u0131m. Yo\u011fun bir sulanma vard\u0131. Bunun d\u0131\u015f\u0131nda ne a\u011fr\u0131 ne de yanma hissettim. G\u00f6zlerimi tekrar a\u00e7abildi\u011fimde kendimi ku\u015f gibi hafif ve \u00e7ok iyi hissettim. Te\u015fekk\u00fcr ederim, te\u015fekk\u00fcr ederim, te\u015fekk\u00fcr ederim. Ger\u00e7ekten herkese tavsiye ediyorum. Say\u0131n Karaaga\u00e7l\u0131, bizim i\u00e7in t\u00fcm bu organizasyonu sa\u011flad\u0131\u011f\u0131n\u0131z i\u00e7in size \u00f6zellikle te\u015fekk\u00fcr ederim. Ger\u00e7ekten ola\u011fan\u00fcst\u00fc bir i\u015f yap\u0131yorsunuz. \u00c7ok te\u015fekk\u00fcr ederim ve gelece\u011finiz i\u00e7in her \u015feyin en iyisini dilerim.<br>Monika Scarpellini<br>B\u00e4retswil<\/p>\n\n\n\n<div class=\"wp-block-group is-layout-grid wp-container-core-group-is-layout-baef362d wp-block-group-is-layout-grid\">\n<p><a href=\"https:\/\/medicaltravel.at\/home\/agb\/\" data-type=\"page\" data-id=\"2191\" rel=\"nofollow noopener\" target=\"_blank\"><\/a><a href=\"https:\/\/swisslasik.ch\/tr\/patientenberichte-augenlasern-erfahrungen\/istanbulda-swisslasikte-yaptirdigim-dis-tedavisiyle-ilgili-rapor-3-mayis-2012-persembe\/\" data-type=\"link\" data-id=\"https:\/\/swisslasik.ch\/tr\/patientenberichte-augenlasern-erfahrungen\/istanbulda-swisslasikte-yaptirdigim-dis-tedavisiyle-ilgili-rapor-3-mayis-2012-persembe\/\">\u00d6nceki rapor<\/a><\/p>\n\n\n\n<p class=\"has-text-align-right wp-container-content-5e2576f9\"><a href=\"https:\/\/medicaltravel.at\/home\/impressum\/\" data-type=\"page\" data-id=\"2193\" rel=\"nofollow noopener\" target=\"_blank\"><\/a><a href=\"https:\/\/medicaltravel.at\/home\/berichte-von-patienten\/erfahrungsberichte\/erfahrungsbericht-zahnbehandlung-in-istanbul\/\" data-type=\"page\" data-id=\"981\" rel=\"nofollow noopener\" target=\"_blank\"><\/a><a href=\"https:\/\/swisslasik.ch\/tr\/patientenberichte-augenlasern-erfahrungen\/istanbulda-lazer-goez-ameliyati-icin-gecirdigim-suereye-dair-rapor-25-nisan-2012-carsamba\/\" data-type=\"link\" data-id=\"https:\/\/swisslasik.ch\/tr\/patientenberichte-augenlasern-erfahrungen\/istanbulda-lazer-goez-ameliyati-icin-gecirdigim-suereye-dair-rapor-25-nisan-2012-carsamba\/\">Sonraki <\/a><a href=\"https:\/\/swisslasik.ch\/tr\/patientenberichte-augenlasern-erfahrungen\/istanbulda-lazer-goez-ameliyati-icin-gecirdigim-suereye-dair-rapor-25-nisan-2012-carsamba\/\" data-type=\"link\" data-id=\"https:\/\/swisslasik.ch\/augenlasern-lasik-erfahrungen\/mein-aufenthalt-in-istanbul-zum-augenlasern-bericht-vom-mittwoch-25-april-2012\/\">rapor<\/a><\/p>\n<\/div>\n","protected":false},"excerpt":{"rendered":"<p>10 sentlik madeni paray\u0131 20 sentlik madeni paradan ay\u0131rt etme \u2013 25 Nisan 2012 \u00c7ar\u015famba tarihli rapor Daha iyi g\u00f6rebilme iste\u011fim o kadar b\u00fcy\u00fckt\u00fc ki\u2026 Asl\u0131nda hen\u00fcz s\u00fcrekli g\u00f6zl\u00fck kullanan biri de\u011fildim ama SMS okumak, fiyat etiketlerine bakmak, gazete okumak ve daha pek \u00e7ok \u015fey i\u00e7in s\u00fcrekli okuma g\u00f6zl\u00fc\u011f\u00fcne ihtiya\u00e7 duymak ya\u015fam kalitemi ciddi \u015fekilde k\u0131s\u0131tl\u0131yordu. Bu nedenle \u0130stanbul\u2019da g\u00f6zlerimi lazerlettirmeye karar verdim. \u0130stanbul\u2019da ya\u015fayan ve beni bu konuda cesaretlendiren bir arkada\u015f\u0131m bana \u00e7ok destek oldu. Onun k\u0131z\u0131, annesi ve hatta o zamanlar sadece 2 ayl\u0131k olan k\u00fc\u00e7\u00fck ye\u011feni bile ayn\u0131 klinikte \u00e7ok ba\u015far\u0131l\u0131 \u015fekilde lazer ameliyat\u0131 olmu\u015ftu. Bu y\u00fczden tercihim T\u00fcrkiye oldu.Daha sonra Swisslasik ile kar\u015f\u0131la\u015ft\u0131m. Bu organizasyonu g\u00f6n\u00fcl rahatl\u0131\u011f\u0131yla tavsiye edebilirim. Say\u0131n Karaaga\u00e7l\u0131 bana \u00e7ok detayl\u0131 ve net bilgiler verdi ve randevumu organize etti. Hastaneye tam zaman\u0131nda vard\u0131k. Klinik, bir cami manzaras\u0131na sahip \u00e7ok g\u00fczel bir konumdayd\u0131. Hastane bende \u00e7ok iyi bir izlenim b\u0131rakt\u0131. \u00c7ok temizdi. Acibadem Hastanesi son derece profesyonel bir \u015fekilde y\u00f6netiliyor. \u00d6n muayeneler k\u0131sa s\u00fcrede ba\u015flad\u0131. Ancak \u015funu mutlaka belirtmeliyim: Bu s\u00fcre\u00e7 zaman al\u0131yor. Bunu mutlaka hesaba katmak gerekiyor. Sabah saat 8\u2019de klinikteydik ve ancak ak\u015fam 18.00\u2019de ayr\u0131labildik. Ama bu s\u00fcre gerekli. Sab\u0131rs\u0131z olmamak ve gereksiz bir gerginli\u011fe kap\u0131lmamak gerekiyor. Buna kesinlikle de\u011fiyor.Bug\u00fcn kendimi okumay\u0131 yeni ke\u015ffeden bir birinci s\u0131n\u0131f \u00f6\u011frencisi gibi hissediyorum. 10 rappen ile 20 rappen aras\u0131ndaki fark\u0131 ay\u0131rt etmek bile inan\u0131lmaz keyifli. En k\u00fc\u00e7\u00fck yaz\u0131lar\u0131 okuyabilmek harika bir duygu. Yeniden y\u00fczde 100 g\u00f6rebildi\u011fim i\u00e7in inan\u0131lmaz derecede minnettar\u0131m. Hatta en k\u00fc\u00e7\u00fck toz zerresini bile fark edebiliyorum. Ameliyat son derece ba\u015far\u0131l\u0131 ge\u00e7ti. Operasyon s\u0131ras\u0131nda biraz rahats\u0131z hissettim. Merkez noktay\u0131 g\u00f6remiyordum ya da ne demek istediklerini tam anlayam\u0131yordum. Ancak bunun ba\u015fkalar\u0131nda da ayn\u0131 \u015fekilde ya\u015fand\u0131\u011f\u0131n\u0131 \u00f6\u011frendim. E\u011fer sizde de b\u00f6yle olursa, ye\u015fil noktaya odaklanmaya \u00e7al\u0131\u015f\u0131n.Ameliyattan sonra yakla\u015f\u0131k bir saat boyunca g\u00f6zlerimi a\u00e7amad\u0131m. Yo\u011fun bir sulanma vard\u0131. Bunun d\u0131\u015f\u0131nda ne a\u011fr\u0131 ne de yanma hissettim. G\u00f6zlerimi tekrar a\u00e7abildi\u011fimde kendimi ku\u015f gibi hafif ve \u00e7ok iyi hissettim. Te\u015fekk\u00fcr ederim, te\u015fekk\u00fcr ederim, te\u015fekk\u00fcr ederim. Ger\u00e7ekten herkese tavsiye ediyorum. Say\u0131n Karaaga\u00e7l\u0131, bizim i\u00e7in t\u00fcm bu organizasyonu sa\u011flad\u0131\u011f\u0131n\u0131z i\u00e7in size \u00f6zellikle te\u015fekk\u00fcr ederim. Ger\u00e7ekten ola\u011fan\u00fcst\u00fc bir i\u015f yap\u0131yorsunuz. \u00c7ok te\u015fekk\u00fcr ederim ve gelece\u011finiz i\u00e7in her \u015feyin en iyisini dilerim.Monika ScarpelliniB\u00e4retswil \u00d6nceki rapor Sonraki rapor<\/p>\n","protected":false},"author":4,"featured_media":0,"parent":3695,"menu_order":0,"comment_status":"closed","ping_status":"closed","template":"","meta":{"_joinchat":[],"footnotes":""},"class_list":["post-3711","page","type-page","status-publish","hentry"],"acf":[],"_links":{"self":[{"href":"https:\/\/swisslasik.ch\/tr\/wp-json\/wp\/v2\/pages\/3711","targetHints":{"allow":["GET"]}}],"collection":[{"href":"https:\/\/swisslasik.ch\/tr\/wp-json\/wp\/v2\/pages"}],"about":[{"href":"https:\/\/swisslasik.ch\/tr\/wp-json\/wp\/v2\/types\/page"}],"author":[{"embeddable":true,"href":"https:\/\/swisslasik.ch\/tr\/wp-json\/wp\/v2\/users\/4"}],"replies":[{"embeddable":true,"href":"https:\/\/swisslasik.ch\/tr\/wp-json\/wp\/v2\/comments?post=3711"}],"version-history":[{"count":3,"href":"https:\/\/swisslasik.ch\/tr\/wp-json\/wp\/v2\/pages\/3711\/revisions"}],"predecessor-version":[{"id":4777,"href":"https:\/\/swisslasik.ch\/tr\/wp-json\/wp\/v2\/pages\/3711\/revisions\/4777"}],"up":[{"embeddable":true,"href":"https:\/\/swisslasik.ch\/tr\/wp-json\/wp\/v2\/pages\/3695"}],"wp:attachment":[{"href":"https:\/\/swisslasik.ch\/tr\/wp-json\/wp\/v2\/media?parent=3711"}],"curies":[{"name":"wp","href":"https:\/\/api.w.org\/{rel}","templated":true}]}}