{"id":3713,"date":"2025-09-24T12:22:22","date_gmt":"2025-09-24T11:22:22","guid":{"rendered":"https:\/\/swisslasik.ch\/patientenberichte-augenlasern-erfahrungen\/agustos-2012de-istanbulda-goezlerime-lazer-tedavisi-yaptirdigimda-harika-bir-deneyim-yasadim-1-ekim-2012-pazartesi-tarihli-rapor\/"},"modified":"2026-01-14T18:21:41","modified_gmt":"2026-01-14T17:21:41","slug":"agustos-2012de-istanbulda-goezlerime-lazer-tedavisi-yaptirdigimda-harika-bir-deneyim-yasadim-1-ekim-2012-pazartesi-tarihli-rapor","status":"publish","type":"page","link":"https:\/\/swisslasik.ch\/tr\/patientenberichte-augenlasern-erfahrungen\/agustos-2012de-istanbulda-goezlerime-lazer-tedavisi-yaptirdigimda-harika-bir-deneyim-yasadim-1-ekim-2012-pazartesi-tarihli-rapor\/","title":{"rendered":"A\u011fustos 2012&#8217;de \u0130stanbul&#8217;da g\u00f6zlerime lazer tedavisi yapt\u0131rd\u0131\u011f\u0131mda harika bir deneyim ya\u015fad\u0131m \u2013 1 Ekim 2012 Pazartesi tarihli rapor."},"content":{"rendered":"\n<h3 class=\"wp-block-heading\">A\u011fustos 2012&#8217;de \u0130stanbul&#8217;da g\u00f6zlerime lazer tedavisi yapt\u0131rd\u0131\u011f\u0131mda harika bir deneyim ya\u015fad\u0131m \u2013 1 Ekim 2012 Pazartesi tarihli rapor.<\/h3>\n\n\n\n<p>A\u011fr\u0131l\u0131 ve zorlay\u0131c\u0131 s\u00fcre\u00e7ten sonra g\u00f6zlerim k\u0131zarm\u0131\u015ft\u0131. Sol g\u00f6z\u00fcm adeta bir zombi gibi bana bak\u0131yordu. Kanlanm\u0131\u015f, k\u0131pk\u0131rm\u0131z\u0131yd\u0131 ve olduk\u00e7a k\u00f6t\u00fc g\u00f6r\u00fcn\u00fcyordu. Ama bunun ge\u00e7ece\u011fi bana \u00f6nceden s\u00f6ylenmi\u015fti. En \u00f6nemli konu, g\u00f6z damlalar\u0131n\u0131n d\u00fczenli ve talimatlara uygun \u015fekilde kullan\u0131lmas\u0131yd\u0131. Eve d\u00f6nmeden \u00f6nce doktor son bir kontrol daha yapmak istedi. Bu beni \u00e7ok rahatlatt\u0131. Yine her \u015fey \u00e7ok iyi organize edilmi\u015fti. Otelden valizlerle birlikte al\u0131nd\u0131k, klinikte k\u0131sa bir duraklama yapt\u0131k ve ard\u0131ndan havaalan\u0131na ge\u00e7tik. Doktor sonu\u00e7lardan memnun kald\u0131 ve Z\u00fcrih\u2019te 4 hafta sonra bir kontrol daha yap\u0131lmas\u0131n\u0131 tavsiye etti. Cumartesi ak\u015fam\u0131 bu lazer maceras\u0131ndan sonra mutlu ve memnun bir \u015fekilde evimize d\u00f6nd\u00fck. Zombi bak\u0131\u015f\u0131m\u0131 sonraki hafta hafif renkli bir g\u00fcne\u015f g\u00f6zl\u00fc\u011f\u00fcyle gizledim, hatta bunu i\u015fte bile takt\u0131m; kimseyi korkutmamak i\u00e7in. Bir hafta sonra g\u00f6r\u00fcnt\u00fc art\u0131k o kadar k\u00f6t\u00fc de\u011fildi, bak\u0131\u015flar\u0131m daha normal, daha beyaz ve daha dost\u00e7a g\u00f6r\u00fcnmeye ba\u015flad\u0131. Z\u00fcrih\u2019te 4 hafta sonra yap\u0131lan \u00fcst d\u00fczey kontrolde, sol g\u00f6z\u00fcm\u00fcn \u00fczerinde h\u00e2l\u00e2 bir tabaka oldu\u011fu g\u00f6r\u00fcld\u00fc. Sol tarafta sa\u011fa g\u00f6re daha net g\u00f6remememin sebebi buydu. Sa\u011f g\u00f6zde g\u00f6rme oran\u0131 %98, sol g\u00f6zde ise %75 \u00f6l\u00e7\u00fcld\u00fc. G\u00f6z tamamen iyile\u015ftik\u00e7e bu oran artacak. Ayr\u0131ca hafif bir kornea e\u011frili\u011fi de kald\u0131, bu da g\u00f6zl\u00fcks\u00fcz nispeten iyi okumam\u0131 sa\u011fl\u0131yor. Haziran ortas\u0131nda yap\u0131lacak bir ba\u015fka kontrol nihai g\u00f6rme sonucunu g\u00f6sterecek. Her h\u00e2l\u00fck\u00e2rda \u015funu s\u00f6yleyebilirim: Tekrar olsa yine yapt\u0131r\u0131r\u0131m. \u00c7\u00fcnk\u00fc g\u00f6rme a\u00e7\u0131s\u0131ndan hayat\u0131m ger\u00e7ekten \u00e7ok daha keyifli bir h\u00e2l ald\u0131. G\u00f6zlerimi yine \u0130stanbul\u2019da lazerletirdim. \u00c7\u00fcnk\u00fc orada al\u0131\u015f\u0131lmad\u0131k bir durumla nas\u0131l profesyonelce ilgilenildi\u011fini g\u00f6rmek, ne kadar yetkin ve iyi e\u011fitimli bir ekip oldu\u011funu g\u00f6steriyor. Herkese birer tebrik. Bu klini\u011fi g\u00f6n\u00fcl rahatl\u0131\u011f\u0131yla tavsiye edebilirim. Ger\u00e7ekten \u201ccesur\u201d olmaya de\u011fer. Asl\u0131nda cesur olmaya da gerek yok, \u00e7\u00fcnk\u00fc bu hastanenin her \u0130svi\u00e7re hastanesiyle rahatl\u0131kla yar\u0131\u015fabilece\u011finden eminim. Swiss-Lasik A\u2019dan Z\u2019ye \u00e7ok iyi bir i\u015f \u00e7\u0131kar\u0131yor. \u00c7ok ama \u00e7ok te\u015fekk\u00fcr ederim. Ger\u00e7ek bir k\u00fclt\u00fcr deneyimi.<br>Daha iyi g\u00f6rebilme iste\u011fim o kadar b\u00fcy\u00fckt\u00fc ki. Hen\u00fcz g\u00f6zl\u00fck kullanm\u0131yordum ama SMS okumak, fiyat etiketlerini g\u00f6rmek, gazete okumak ve daha pek \u00e7ok \u015fey i\u00e7in s\u00fcrekli okuma g\u00f6zl\u00fc\u011f\u00fc kullanmak ya\u015fam kalitemi ciddi \u015fekilde d\u00fc\u015f\u00fcr\u00fcyordu. Bu y\u00fczden \u0130stanbul\u2019da lazer olmaya karar verdim. \u0130stanbul\u2019da ya\u015fayan ve beni bu konuda cesaretlendiren arkada\u015f\u0131m her konuda yan\u0131mdayd\u0131. Onun k\u0131z\u0131, annesi ve hatta o zaman hen\u00fcz 2 ayl\u0131k olan k\u00fc\u00e7\u00fck ye\u011feni bile ayn\u0131 klinikte b\u00fcy\u00fck bir ba\u015far\u0131yla lazer olmu\u015ftu. Bu y\u00fczden T\u00fcrkiye\u2019yi tercih ettim. Daha sonra Swisslasik ile kar\u015f\u0131la\u015ft\u0131m. Bu organizasyonu g\u00f6n\u00fcl rahatl\u0131\u011f\u0131yla tavsiye edebilirim. Say\u0131n Karaa\u011fa\u00e7l\u0131 bana \u00e7ok detayl\u0131 bilgi verdi ve randevumu organize etti. Hastaneye \u00e7ok dakik bir \u015fekilde vard\u0131k. Klinik, bir camiye bakan g\u00fczel bir konumda bulunuyor. Ac\u0131badem Hastanesi bende \u00e7ok olumlu bir izlenim b\u0131rakt\u0131. \u00c7ok temiz ve son derece profesyonel bir \u015fekilde y\u00f6netiliyor. \u00d6n muayeneler hemen ba\u015flad\u0131. Bu a\u015fama ger\u00e7ekten zaman al\u0131yor, bunu mutlaka hesaba katmak gerekiyor. Sabah 8\u2019de klinikteydik ve ak\u015fam 6\u2019da ayr\u0131ld\u0131k. Ama bu s\u00fcre gerekli. Sab\u0131rs\u0131z olmamak ve strese girmemek laz\u0131m. De\u011fiyor. Bug\u00fcn kendimi okumay\u0131 yeni \u00f6\u011frenen bir birinci s\u0131n\u0131f \u00f6\u011frencisi gibi hissediyorum. 10 kuru\u015f ile 20 kuru\u015fu ay\u0131rt edebilmek, en k\u00fc\u00e7\u00fck yaz\u0131lar\u0131 okuyabilmek inan\u0131lmaz keyifli. Yeniden %100 g\u00f6rebildi\u011fim i\u00e7in tarifsiz bir minnettarl\u0131k i\u00e7indeyim. Hatta en k\u00fc\u00e7\u00fck toz tanesini bile fark edebiliyorum. Operasyon son derece ba\u015far\u0131l\u0131 ge\u00e7ti. Ameliyat s\u0131ras\u0131nda biraz rahats\u0131z oldum. Merkezi g\u00f6remedim ya da ne demek istediklerini tam anlayamad\u0131m. Ama bunun herkeste ayn\u0131 \u015fekilde oldu\u011funu s\u00f6ylediler. E\u011fer sizde de b\u00f6yle olursa, ye\u015fil noktaya odaklan\u0131n. Operasyondan sonra yakla\u015f\u0131k bir saat boyunca g\u00f6zlerimi a\u00e7amad\u0131m. Yo\u011fun bir g\u00f6zya\u015f\u0131 ak\u0131\u015f\u0131 vard\u0131. Bunun d\u0131\u015f\u0131nda ne a\u011fr\u0131 ne de yanma hissettim. G\u00f6zlerimi a\u00e7abildi\u011fimde kendimi inan\u0131lmaz iyi hissettim. Te\u015fekk\u00fcr ederim, te\u015fekk\u00fcr ederim, te\u015fekk\u00fcr ederim. Herkese tavsiye ediyorum. Say\u0131n Karaa\u011fa\u00e7l\u0131, bunu bizim i\u00e7in organize etti\u011finiz i\u00e7in size ayr\u0131ca te\u015fekk\u00fcr ederim. Ger\u00e7ekten harika bir i\u015f yap\u0131yorsunuz. \u00c7ok te\u015fekk\u00fcrler ve gelece\u011finiz i\u00e7in her \u015feyin en iyisini diliyorum. Monika Scarpellini, B\u00e4retswil.<br>A\u011fustos 2012\u2019de \u0130stanbul\u2019da g\u00f6zlerimi lazerle d\u00fczelttirdi\u011fimde bu ger\u00e7ekten harika bir deneyimdi. Ba\u015ftan anlatay\u0131m: Ben bir anneyim, \u00fc\u00e7 \u00e7ocuk ve yak\u0131nda d\u00f6rd\u00fcnc\u00fc torun sahibi bir b\u00fcy\u00fckanneyim. Ayn\u0131 zamanda yar\u0131 zamanl\u0131 olarak oyun grubu e\u011fitmeni olarak \u00e7al\u0131\u015f\u0131yorum. G\u00fcnl\u00fck hayat\u0131m \u00e7ocuklarla dolu ve yo\u011fun ama bir o kadar da e\u011flenceli. Ancak bu s\u00fcre\u00e7te g\u00f6zl\u00fck b\u00fcy\u00fck bir dertti. S\u00fcrekli burnumdan d\u00fc\u015f\u00fcyor, tekrar tekrar optik\u00e7iye gitmek zorunda kal\u0131yordum. Bu durum beni ger\u00e7ekten \u00e7ok sinirlendiriyordu. Birka\u00e7 y\u0131l \u00f6nce lens kullanmaya ba\u015flad\u0131m, bu bana bir\u00e7ok avantaj sa\u011flad\u0131. Ama neredeyse 20 y\u0131ld\u0131r hayalim, g\u00fcnl\u00fck hayat\u0131mda tamamen g\u00f6rme yard\u0131mc\u0131s\u0131z olmakt\u0131. Bir arkada\u015f\u0131m \u0130stanbul\u2019da b\u00fcy\u00fck bir ba\u015far\u0131yla lazer olmu\u015ftu ve yeni kazand\u0131\u011f\u0131 ya\u015fam kalitesinden s\u0131k s\u0131k bahsediyordu. Bu fikir zamanla bende de iyice yer etti. Her ay kenara biraz para koydum ve bir g\u00fcn fark ettim ki art\u0131k g\u00f6z operasyonu i\u00e7in yeterli param var. Arkada\u015f\u0131ma tekrar sordum, nerede yapt\u0131rd\u0131\u011f\u0131n\u0131 \u00f6\u011frenmek istedim. \u0130nternetten buldu\u011funu s\u00f6yledi. Eve gidip ben de ara\u015ft\u0131rmaya ba\u015flad\u0131m ve Swisslasik\u2019te karar k\u0131ld\u0131m. Daha \u00f6nce operasyon ge\u00e7irenlerin t\u00fcm deneyimlerini okudum ve Thun\u2019daki ofise mail att\u0131m. O andan itibaren her \u015fey h\u0131zl\u0131 ve profesyonelce ilerledi. U\u00e7u\u015flar, otel, transferler, operasyon ve klinik s\u00fcresince terc\u00fcman dahil her \u015fey kusursuz \u015fekilde organize edildi. K\u0131z\u0131m\u0131n da bo\u015f bir tatil haftas\u0131 vard\u0131, bu y\u00fczden birlikte \u0130stanbul\u2019a gitmeye karar verdik. Onun i\u00e7in de t\u00fcm organizasyon Swisslasik taraf\u0131ndan yap\u0131ld\u0131. On g\u00fcn \u00f6ncesinden Swisslasik dosyam\u0131z elimize ula\u015ft\u0131. Sabah \u00e7ok erken havaliman\u0131na gittik, u\u00e7u\u015fumuz sorunsuz ge\u00e7ti ve \u0130stanbul\u2019a vard\u0131k. Transferde k\u0131sa bir aksakl\u0131k ya\u015fand\u0131 ama Swisslasik hemen ilgilendi, taksi \u00fccretimiz klini\u011fe gitti\u011fimizde geri \u00f6dendi. Operasyon g\u00fcn\u00fc erken saatte klini\u011fe gittik. Orada kendimizi \u0130svi\u00e7re\u2019de gibi hissettik. Muayeneler yap\u0131ld\u0131, \u00f6\u011fleden sonra ameliyat ger\u00e7ekle\u015fti. Operasyon s\u0131ras\u0131nda k\u0131rm\u0131z\u0131 noktaya odaklanmam istendi. K\u0131sa bir kararma ya\u015fad\u0131m ama hemen ge\u00e7ti. Yakla\u015f\u0131k 20 dakika sonra ameliyat bitmi\u015fti. Ertesi sabah uyand\u0131\u011f\u0131mda tavan lambas\u0131n\u0131 net bir \u015fekilde g\u00f6rebiliyordum. G\u00f6zl\u00fcks\u00fcz g\u00f6rmek h\u00e2l\u00e2 her g\u00fcn bana mucize gibi geliyor. Kontrolden sonra sadece \u0131\u015f\u0131k hassasiyeti nedeniyle g\u00fcne\u015f g\u00f6zl\u00fc\u011f\u00fc kulland\u0131m. Bug\u00fcn h\u00e2l\u00e2 her g\u00fcn g\u00f6zl\u00fcks\u00fcz ya\u015fam\u0131n tad\u0131n\u0131 \u00e7\u0131kar\u0131yorum. Herkese tavsiyem, g\u00f6zlerinizi kontrol ettirin ve uygunsa lazer olun. \u0130stanbul hem tedavi hem de birka\u00e7 g\u00fcn tatil i\u00e7in ger\u00e7ekten \u00e7ok g\u00fczel. T\u00fcm kalbimle cesaret diliyorum ve harika bir g\u00f6r\u00fc\u015f kalitesi temenni ediyorum. Sayg\u0131lar\u0131mla, E. Keller-Schellenberg.<\/p>\n\n\n\n<div class=\"wp-block-group is-layout-grid wp-container-core-group-is-layout-baef362d wp-block-group-is-layout-grid\">\n<p><a href=\"https:\/\/medicaltravel.at\/home\/agb\/\" data-type=\"page\" data-id=\"2191\" rel=\"nofollow noopener\" target=\"_blank\"><\/a><a href=\"https:\/\/swisslasik.ch\/tr\/patientenberichte-augenlasern-erfahrungen\/acibadem-hastanesi-istanbulda-gecirdigim-lazer-goez-ameliyatina-dair-deneyim-raporu-corinne-stoll-tarafindan-14-09-2012-tarihinde-yazilmistir\/\" data-type=\"link\" data-id=\"https:\/\/swisslasik.ch\/tr\/patientenberichte-augenlasern-erfahrungen\/acibadem-hastanesi-istanbulda-gecirdigim-lazer-goez-ameliyatina-dair-deneyim-raporu-corinne-stoll-tarafindan-14-09-2012-tarihinde-yazilmistir\/\">\u00d6nceki rapor<\/a><\/p>\n\n\n\n<p class=\"has-text-align-right wp-container-content-5e2576f9\"><a href=\"https:\/\/medicaltravel.at\/home\/impressum\/\" data-type=\"page\" data-id=\"2193\" rel=\"nofollow noopener\" target=\"_blank\"><\/a><a href=\"https:\/\/medicaltravel.at\/home\/berichte-von-patienten\/erfahrungsberichte\/erfahrungsbericht-zahnbehandlung-in-istanbul\/\" data-type=\"page\" data-id=\"981\" rel=\"nofollow noopener\" target=\"_blank\"><\/a><a href=\"https:\/\/swisslasik.ch\/tr\/patientenberichte-augenlasern-erfahrungen\/istanbul-acibadem-kliniginde-gecirdigim-ameliyat-26-eyluel-2012-carsamba-tarihli-rapor\/\" data-type=\"link\" data-id=\"https:\/\/swisslasik.ch\/tr\/patientenberichte-augenlasern-erfahrungen\/istanbul-acibadem-kliniginde-gecirdigim-ameliyat-26-eyluel-2012-carsamba-tarihli-rapor\/\">Sonraki <\/a><a href=\"https:\/\/swisslasik.ch\/tr\/patientenberichte-augenlasern-erfahrungen\/istanbul-acibadem-kliniginde-gecirdigim-ameliyat-26-eyluel-2012-carsamba-tarihli-rapor\/\" data-type=\"link\" data-id=\"https:\/\/swisslasik.ch\/augenlasern-lasik-erfahrungen\/meine-operation-in-der-acibadem-klinik-in-istanbul-bericht-vom-mittwoch-26-september-2012\/\">rapor<\/a><\/p>\n<\/div>\n","protected":false},"excerpt":{"rendered":"<p>A\u011fustos 2012&#8217;de \u0130stanbul&#8217;da g\u00f6zlerime lazer tedavisi yapt\u0131rd\u0131\u011f\u0131mda harika bir deneyim ya\u015fad\u0131m \u2013 1 Ekim 2012 Pazartesi tarihli rapor. A\u011fr\u0131l\u0131 ve zorlay\u0131c\u0131 s\u00fcre\u00e7ten sonra g\u00f6zlerim k\u0131zarm\u0131\u015ft\u0131. Sol g\u00f6z\u00fcm adeta bir zombi gibi bana bak\u0131yordu. Kanlanm\u0131\u015f, k\u0131pk\u0131rm\u0131z\u0131yd\u0131 ve olduk\u00e7a k\u00f6t\u00fc g\u00f6r\u00fcn\u00fcyordu. Ama bunun ge\u00e7ece\u011fi bana \u00f6nceden s\u00f6ylenmi\u015fti. En \u00f6nemli konu, g\u00f6z damlalar\u0131n\u0131n d\u00fczenli ve talimatlara uygun \u015fekilde kullan\u0131lmas\u0131yd\u0131. Eve d\u00f6nmeden \u00f6nce doktor son bir kontrol daha yapmak istedi. Bu beni \u00e7ok rahatlatt\u0131. Yine her \u015fey \u00e7ok iyi organize edilmi\u015fti. Otelden valizlerle birlikte al\u0131nd\u0131k, klinikte k\u0131sa bir duraklama yapt\u0131k ve ard\u0131ndan havaalan\u0131na ge\u00e7tik. Doktor sonu\u00e7lardan memnun kald\u0131 ve Z\u00fcrih\u2019te 4 hafta sonra bir kontrol daha yap\u0131lmas\u0131n\u0131 tavsiye etti. Cumartesi ak\u015fam\u0131 bu lazer maceras\u0131ndan sonra mutlu ve memnun bir \u015fekilde evimize d\u00f6nd\u00fck. Zombi bak\u0131\u015f\u0131m\u0131 sonraki hafta hafif renkli bir g\u00fcne\u015f g\u00f6zl\u00fc\u011f\u00fcyle gizledim, hatta bunu i\u015fte bile takt\u0131m; kimseyi korkutmamak i\u00e7in. Bir hafta sonra g\u00f6r\u00fcnt\u00fc art\u0131k o kadar k\u00f6t\u00fc de\u011fildi, bak\u0131\u015flar\u0131m daha normal, daha beyaz ve daha dost\u00e7a g\u00f6r\u00fcnmeye ba\u015flad\u0131. Z\u00fcrih\u2019te 4 hafta sonra yap\u0131lan \u00fcst d\u00fczey kontrolde, sol g\u00f6z\u00fcm\u00fcn \u00fczerinde h\u00e2l\u00e2 bir tabaka oldu\u011fu g\u00f6r\u00fcld\u00fc. Sol tarafta sa\u011fa g\u00f6re daha net g\u00f6remememin sebebi buydu. Sa\u011f g\u00f6zde g\u00f6rme oran\u0131 %98, sol g\u00f6zde ise %75 \u00f6l\u00e7\u00fcld\u00fc. G\u00f6z tamamen iyile\u015ftik\u00e7e bu oran artacak. Ayr\u0131ca hafif bir kornea e\u011frili\u011fi de kald\u0131, bu da g\u00f6zl\u00fcks\u00fcz nispeten iyi okumam\u0131 sa\u011fl\u0131yor. Haziran ortas\u0131nda yap\u0131lacak bir ba\u015fka kontrol nihai g\u00f6rme sonucunu g\u00f6sterecek. Her h\u00e2l\u00fck\u00e2rda \u015funu s\u00f6yleyebilirim: Tekrar olsa yine yapt\u0131r\u0131r\u0131m. \u00c7\u00fcnk\u00fc g\u00f6rme a\u00e7\u0131s\u0131ndan hayat\u0131m ger\u00e7ekten \u00e7ok daha keyifli bir h\u00e2l ald\u0131. G\u00f6zlerimi yine \u0130stanbul\u2019da lazerletirdim. \u00c7\u00fcnk\u00fc orada al\u0131\u015f\u0131lmad\u0131k bir durumla nas\u0131l profesyonelce ilgilenildi\u011fini g\u00f6rmek, ne kadar yetkin ve iyi e\u011fitimli bir ekip oldu\u011funu g\u00f6steriyor. Herkese birer tebrik. Bu klini\u011fi g\u00f6n\u00fcl rahatl\u0131\u011f\u0131yla tavsiye edebilirim. Ger\u00e7ekten \u201ccesur\u201d olmaya de\u011fer. Asl\u0131nda cesur olmaya da gerek yok, \u00e7\u00fcnk\u00fc bu hastanenin her \u0130svi\u00e7re hastanesiyle rahatl\u0131kla yar\u0131\u015fabilece\u011finden eminim. Swiss-Lasik A\u2019dan Z\u2019ye \u00e7ok iyi bir i\u015f \u00e7\u0131kar\u0131yor. \u00c7ok ama \u00e7ok te\u015fekk\u00fcr ederim. Ger\u00e7ek bir k\u00fclt\u00fcr deneyimi.Daha iyi g\u00f6rebilme iste\u011fim o kadar b\u00fcy\u00fckt\u00fc ki. Hen\u00fcz g\u00f6zl\u00fck kullanm\u0131yordum ama SMS okumak, fiyat etiketlerini g\u00f6rmek, gazete okumak ve daha pek \u00e7ok \u015fey i\u00e7in s\u00fcrekli okuma g\u00f6zl\u00fc\u011f\u00fc kullanmak ya\u015fam kalitemi ciddi \u015fekilde d\u00fc\u015f\u00fcr\u00fcyordu. Bu y\u00fczden \u0130stanbul\u2019da lazer olmaya karar verdim. \u0130stanbul\u2019da ya\u015fayan ve beni bu konuda cesaretlendiren arkada\u015f\u0131m her konuda yan\u0131mdayd\u0131. Onun k\u0131z\u0131, annesi ve hatta o zaman hen\u00fcz 2 ayl\u0131k olan k\u00fc\u00e7\u00fck ye\u011feni bile ayn\u0131 klinikte b\u00fcy\u00fck bir ba\u015far\u0131yla lazer olmu\u015ftu. Bu y\u00fczden T\u00fcrkiye\u2019yi tercih ettim. Daha sonra Swisslasik ile kar\u015f\u0131la\u015ft\u0131m. Bu organizasyonu g\u00f6n\u00fcl rahatl\u0131\u011f\u0131yla tavsiye edebilirim. Say\u0131n Karaa\u011fa\u00e7l\u0131 bana \u00e7ok detayl\u0131 bilgi verdi ve randevumu organize etti. Hastaneye \u00e7ok dakik bir \u015fekilde vard\u0131k. Klinik, bir camiye bakan g\u00fczel bir konumda bulunuyor. Ac\u0131badem Hastanesi bende \u00e7ok olumlu bir izlenim b\u0131rakt\u0131. \u00c7ok temiz ve son derece profesyonel bir \u015fekilde y\u00f6netiliyor. \u00d6n muayeneler hemen ba\u015flad\u0131. Bu a\u015fama ger\u00e7ekten zaman al\u0131yor, bunu mutlaka hesaba katmak gerekiyor. Sabah 8\u2019de klinikteydik ve ak\u015fam 6\u2019da ayr\u0131ld\u0131k. Ama bu s\u00fcre gerekli. Sab\u0131rs\u0131z olmamak ve strese girmemek laz\u0131m. De\u011fiyor. Bug\u00fcn kendimi okumay\u0131 yeni \u00f6\u011frenen bir birinci s\u0131n\u0131f \u00f6\u011frencisi gibi hissediyorum. 10 kuru\u015f ile 20 kuru\u015fu ay\u0131rt edebilmek, en k\u00fc\u00e7\u00fck yaz\u0131lar\u0131 okuyabilmek inan\u0131lmaz keyifli. Yeniden %100 g\u00f6rebildi\u011fim i\u00e7in tarifsiz bir minnettarl\u0131k i\u00e7indeyim. Hatta en k\u00fc\u00e7\u00fck toz tanesini bile fark edebiliyorum. Operasyon son derece ba\u015far\u0131l\u0131 ge\u00e7ti. Ameliyat s\u0131ras\u0131nda biraz rahats\u0131z oldum. Merkezi g\u00f6remedim ya da ne demek istediklerini tam anlayamad\u0131m. Ama bunun herkeste ayn\u0131 \u015fekilde oldu\u011funu s\u00f6ylediler. E\u011fer sizde de b\u00f6yle olursa, ye\u015fil noktaya odaklan\u0131n. Operasyondan sonra yakla\u015f\u0131k bir saat boyunca g\u00f6zlerimi a\u00e7amad\u0131m. Yo\u011fun bir g\u00f6zya\u015f\u0131 ak\u0131\u015f\u0131 vard\u0131. Bunun d\u0131\u015f\u0131nda ne a\u011fr\u0131 ne de yanma hissettim. G\u00f6zlerimi a\u00e7abildi\u011fimde kendimi inan\u0131lmaz iyi hissettim. Te\u015fekk\u00fcr ederim, te\u015fekk\u00fcr ederim, te\u015fekk\u00fcr ederim. Herkese tavsiye ediyorum. Say\u0131n Karaa\u011fa\u00e7l\u0131, bunu bizim i\u00e7in organize etti\u011finiz i\u00e7in size ayr\u0131ca te\u015fekk\u00fcr ederim. Ger\u00e7ekten harika bir i\u015f yap\u0131yorsunuz. \u00c7ok te\u015fekk\u00fcrler ve gelece\u011finiz i\u00e7in her \u015feyin en iyisini diliyorum. Monika Scarpellini, B\u00e4retswil.A\u011fustos 2012\u2019de \u0130stanbul\u2019da g\u00f6zlerimi lazerle d\u00fczelttirdi\u011fimde bu ger\u00e7ekten harika bir deneyimdi. Ba\u015ftan anlatay\u0131m: Ben bir anneyim, \u00fc\u00e7 \u00e7ocuk ve yak\u0131nda d\u00f6rd\u00fcnc\u00fc torun sahibi bir b\u00fcy\u00fckanneyim. Ayn\u0131 zamanda yar\u0131 zamanl\u0131 olarak oyun grubu e\u011fitmeni olarak \u00e7al\u0131\u015f\u0131yorum. G\u00fcnl\u00fck hayat\u0131m \u00e7ocuklarla dolu ve yo\u011fun ama bir o kadar da e\u011flenceli. Ancak bu s\u00fcre\u00e7te g\u00f6zl\u00fck b\u00fcy\u00fck bir dertti. S\u00fcrekli burnumdan d\u00fc\u015f\u00fcyor, tekrar tekrar optik\u00e7iye gitmek zorunda kal\u0131yordum. Bu durum beni ger\u00e7ekten \u00e7ok sinirlendiriyordu. Birka\u00e7 y\u0131l \u00f6nce lens kullanmaya ba\u015flad\u0131m, bu bana bir\u00e7ok avantaj sa\u011flad\u0131. Ama neredeyse 20 y\u0131ld\u0131r hayalim, g\u00fcnl\u00fck hayat\u0131mda tamamen g\u00f6rme yard\u0131mc\u0131s\u0131z olmakt\u0131. Bir arkada\u015f\u0131m \u0130stanbul\u2019da b\u00fcy\u00fck bir ba\u015far\u0131yla lazer olmu\u015ftu ve yeni kazand\u0131\u011f\u0131 ya\u015fam kalitesinden s\u0131k s\u0131k bahsediyordu. Bu fikir zamanla bende de iyice yer etti. Her ay kenara biraz para koydum ve bir g\u00fcn fark ettim ki art\u0131k g\u00f6z operasyonu i\u00e7in yeterli param var. Arkada\u015f\u0131ma tekrar sordum, nerede yapt\u0131rd\u0131\u011f\u0131n\u0131 \u00f6\u011frenmek istedim. \u0130nternetten buldu\u011funu s\u00f6yledi. Eve gidip ben de ara\u015ft\u0131rmaya ba\u015flad\u0131m ve Swisslasik\u2019te karar k\u0131ld\u0131m. Daha \u00f6nce operasyon ge\u00e7irenlerin t\u00fcm deneyimlerini okudum ve Thun\u2019daki ofise mail att\u0131m. O andan itibaren her \u015fey h\u0131zl\u0131 ve profesyonelce ilerledi. U\u00e7u\u015flar, otel, transferler, operasyon ve klinik s\u00fcresince terc\u00fcman dahil her \u015fey kusursuz \u015fekilde organize edildi. K\u0131z\u0131m\u0131n da bo\u015f bir tatil haftas\u0131 vard\u0131, bu y\u00fczden birlikte \u0130stanbul\u2019a gitmeye karar verdik. Onun i\u00e7in de t\u00fcm organizasyon Swisslasik taraf\u0131ndan yap\u0131ld\u0131. On g\u00fcn \u00f6ncesinden Swisslasik dosyam\u0131z elimize ula\u015ft\u0131. Sabah \u00e7ok erken havaliman\u0131na gittik, u\u00e7u\u015fumuz sorunsuz ge\u00e7ti ve \u0130stanbul\u2019a vard\u0131k. Transferde k\u0131sa bir aksakl\u0131k ya\u015fand\u0131 ama Swisslasik hemen ilgilendi, taksi \u00fccretimiz klini\u011fe gitti\u011fimizde geri \u00f6dendi. Operasyon g\u00fcn\u00fc erken saatte klini\u011fe gittik. Orada kendimizi \u0130svi\u00e7re\u2019de gibi hissettik. Muayeneler yap\u0131ld\u0131, \u00f6\u011fleden sonra ameliyat ger\u00e7ekle\u015fti. Operasyon s\u0131ras\u0131nda k\u0131rm\u0131z\u0131 noktaya odaklanmam istendi. K\u0131sa bir kararma ya\u015fad\u0131m ama hemen ge\u00e7ti. Yakla\u015f\u0131k 20 dakika sonra ameliyat bitmi\u015fti. Ertesi sabah uyand\u0131\u011f\u0131mda tavan lambas\u0131n\u0131 net bir \u015fekilde g\u00f6rebiliyordum. G\u00f6zl\u00fcks\u00fcz g\u00f6rmek h\u00e2l\u00e2 her g\u00fcn bana mucize gibi geliyor. Kontrolden sonra sadece \u0131\u015f\u0131k hassasiyeti nedeniyle g\u00fcne\u015f g\u00f6zl\u00fc\u011f\u00fc kulland\u0131m. Bug\u00fcn h\u00e2l\u00e2 her g\u00fcn g\u00f6zl\u00fcks\u00fcz ya\u015fam\u0131n tad\u0131n\u0131 \u00e7\u0131kar\u0131yorum. Herkese tavsiyem, g\u00f6zlerinizi kontrol ettirin ve uygunsa lazer olun. \u0130stanbul hem tedavi hem de birka\u00e7 g\u00fcn tatil i\u00e7in ger\u00e7ekten \u00e7ok g\u00fczel. T\u00fcm kalbimle cesaret diliyorum ve harika bir g\u00f6r\u00fc\u015f kalitesi temenni ediyorum. Sayg\u0131lar\u0131mla, E. Keller-Schellenberg. \u00d6nceki rapor Sonraki rapor<\/p>\n","protected":false},"author":4,"featured_media":0,"parent":3695,"menu_order":0,"comment_status":"closed","ping_status":"closed","template":"","meta":{"_joinchat":[],"footnotes":""},"class_list":["post-3713","page","type-page","status-publish","hentry"],"acf":[],"_links":{"self":[{"href":"https:\/\/swisslasik.ch\/tr\/wp-json\/wp\/v2\/pages\/3713","targetHints":{"allow":["GET"]}}],"collection":[{"href":"https:\/\/swisslasik.ch\/tr\/wp-json\/wp\/v2\/pages"}],"about":[{"href":"https:\/\/swisslasik.ch\/tr\/wp-json\/wp\/v2\/types\/page"}],"author":[{"embeddable":true,"href":"https:\/\/swisslasik.ch\/tr\/wp-json\/wp\/v2\/users\/4"}],"replies":[{"embeddable":true,"href":"https:\/\/swisslasik.ch\/tr\/wp-json\/wp\/v2\/comments?post=3713"}],"version-history":[{"count":3,"href":"https:\/\/swisslasik.ch\/tr\/wp-json\/wp\/v2\/pages\/3713\/revisions"}],"predecessor-version":[{"id":4745,"href":"https:\/\/swisslasik.ch\/tr\/wp-json\/wp\/v2\/pages\/3713\/revisions\/4745"}],"up":[{"embeddable":true,"href":"https:\/\/swisslasik.ch\/tr\/wp-json\/wp\/v2\/pages\/3695"}],"wp:attachment":[{"href":"https:\/\/swisslasik.ch\/tr\/wp-json\/wp\/v2\/media?parent=3713"}],"curies":[{"name":"wp","href":"https:\/\/api.w.org\/{rel}","templated":true}]}}