{"id":3715,"date":"2025-09-24T12:31:53","date_gmt":"2025-09-24T11:31:53","guid":{"rendered":"https:\/\/swisslasik.ch\/patientenberichte-augenlasern-erfahrungen\/sonunda-goezluek-yok-istanbulda-lazer-goez-ameliyati-hakkindaki-hasta-raporum-28-haziran-2012-persembe-tarihli-rapor\/"},"modified":"2026-01-14T18:27:30","modified_gmt":"2026-01-14T17:27:30","slug":"sonunda-goezluek-yok-istanbulda-lazer-goez-ameliyati-hakkindaki-hasta-raporum-28-haziran-2012-persembe-tarihli-rapor","status":"publish","type":"page","link":"https:\/\/swisslasik.ch\/tr\/patientenberichte-augenlasern-erfahrungen\/sonunda-goezluek-yok-istanbulda-lazer-goez-ameliyati-hakkindaki-hasta-raporum-28-haziran-2012-persembe-tarihli-rapor\/","title":{"rendered":"Sonunda g\u00f6zl\u00fck yok! \u0130stanbul&#8217;da lazer g\u00f6z ameliyat\u0131 hakk\u0131ndaki hasta raporum 28 Haziran 2012 Per\u015fembe tarihli rapor."},"content":{"rendered":"\n<h3 class=\"wp-block-heading\"><g id=\"gid_0\"><g id=\"gid_1\">Sonunda g\u00f6zl\u00fck yok! \u0130stanbul&#8217;da lazer g\u00f6z ameliyat\u0131 hakk\u0131ndaki hasta raporum<\/g><\/g> \u2013 28 Haziran 2012 Per\u015fembe tarihli rapor. <\/h3>\n\n<p>\u0130stanbul 28.04.2012 \u2013 05.05.2012<br\/>Uzun zamand\u0131r g\u00f6zlerimi lazerle d\u00fczelttirme d\u00fc\u015f\u00fcncesiyle ya\u015f\u0131yordum. \u0130lkokuldan beri g\u00f6zl\u00fck kullan\u0131yordum. Kontakt lensleri ise zamanla giderek daha az tolere edebildim ve sporu \u00e7ok sevdi\u011fim i\u00e7in g\u00f6zl\u00fck benim i\u00e7in gitgide daha da rahats\u0131z edici h\u00e2le gelmi\u015fti. Bir tan\u0131d\u0131\u011f\u0131m 5 y\u0131l \u00f6nce g\u00f6zlerini lazerletmi\u015fti ve bana Swisslasik\u2019i tavsiye etti. B\u00f6ylece 2012\u2019nin ba\u015f\u0131nda nihayet bu ad\u0131m\u0131 atmaya karar verdim. Swisslasik\u2019in internet sitesini detayl\u0131 bir \u015fekilde inceledikten sonra teklif almak i\u00e7in Say\u0131n Kara\u011fa\u00e7l\u0131\u2019ya yazd\u0131m. Ocak ay\u0131n\u0131n ortas\u0131nda Z\u00fcrih\u2019te \u00f6n muayenemi yapt\u0131rd\u0131m ve sonu\u00e7 kesindi: lazer m\u00fcmk\u00fcn! Bu olumlu haberden hemen sonra \u201cher \u015fey dahil, kafam rahat\u201d paketini rezerve ettim. Daha \u00f6nce birka\u00e7 kez \u0130stanbul\u2019da bulunmu\u015ftum ve bu \u015fehri \u00e7ok sevdi\u011fim i\u00e7in lazer tedavisini annem ve teyzemle birlikte ge\u00e7irece\u011fim bir haftal\u0131k tatille birle\u015ftirdim. 28 Nisan 2012\u2019de macera ba\u015flad\u0131. \u00d6nce birka\u00e7 g\u00fcn \u015fehri gezdik, 3 May\u0131s\u2019ta ise b\u00fcy\u00fck g\u00fcn geldi. Ancak her \u015fey biraz talihsiz ba\u015flad\u0131. Swisslasik dosyas\u0131na g\u00f6re al\u0131nma saatimiz 08.00 idi. Fakat saat 07.00\u2019de telefonla sert bir \u015fekilde uyand\u0131r\u0131ld\u0131k. \u015eof\u00f6r \u00e7oktan gelmi\u015fti, b\u00fcy\u00fck bir \u015fa\u015fk\u0131nl\u0131k ya\u015fad\u0131m. \u015eof\u00f6r Ac\u0131badem Hastanesi\u2019nden biriyle ileti\u015fime ge\u00e7ti ve g\u00f6revli kad\u0131n benden \u00f6z\u00fcr diledi, bir yerde yanl\u0131\u015f anla\u015f\u0131lma olmu\u015f olabilece\u011fini s\u00f6yledi. H\u0131zl\u0131ca haz\u0131rlan\u0131p klini\u011fe gelmemizi, kahvalt\u0131y\u0131 orada yapabilece\u011fimizi belirtti. Annemi ve teyzemi refakat\u00e7i olarak yan\u0131ma ald\u0131m, hastane \u00e7al\u0131\u015fan\u0131na g\u00f6re bu bir sorun de\u011fildi. Aceleyle yola \u00e7\u0131kt\u0131k ve hastaneye g\u00f6t\u00fcr\u00fcld\u00fck. Oraya vard\u0131\u011f\u0131m\u0131zda terc\u00fcman bizi bekliyordu. Kahvalt\u0131dan ise art\u0131k s\u00f6z edilmiyordu. Terc\u00fcman, bir g\u00fcn \u00f6nce beni aramaya \u00e7al\u0131\u015ft\u0131\u011f\u0131n\u0131 ve refakat\u00e7i getirmemem gerekti\u011fini bildirmek istedi\u011fini s\u00f6yledi. Bu durum beni biraz d\u00fc\u015f\u00fcnd\u00fcrd\u00fc ama sonunda bunun sorun olmayaca\u011f\u0131n\u0131 s\u00f6yledi. Ard\u0131ndan \u00f6n muayeneler ba\u015flad\u0131. Bunlar birka\u00e7 saat s\u00fcrd\u00fc ve aralarda s\u0131k s\u0131k uzun bekleme s\u00fcreleri oldu. Yan\u0131mda iki ki\u015finin olmas\u0131 bu s\u00fcrelerde beni oyalad\u0131\u011f\u0131 i\u00e7in iyi oldu. Doktor bana standart Lasik-Lasek y\u00f6nteminin uygulanabilece\u011fini s\u00f6yledi. \u00d6n muayenelerle operasyon aras\u0131ndaki zaman\u0131 de\u011ferlendirmek i\u00e7in taksiyle yak\u0131ndaki bir al\u0131\u015fveri\u015f merkezine gittik. Ameliyat\u0131m saat 17.30\u2019da ba\u015flad\u0131. Ayn\u0131 i\u015flem i\u00e7in \u00fc\u00e7 hasta daha vard\u0131 ve en son s\u0131rada ben girdim. M\u00fcdahale \u00e7ok k\u0131sa s\u00fcrd\u00fc; ilk g\u00f6z birka\u00e7 dakika i\u00e7inde bitti, ikinci g\u00f6z de hemen ard\u0131ndan tamamland\u0131. Terc\u00fcman operasyon s\u0131ras\u0131nda da yan\u0131mdayd\u0131, bana s\u00fcrekli ne yapmam gerekti\u011fini s\u00f6yledi ve beni motive etti. Sonras\u0131nda \u00f6zel bir koruyucu g\u00f6zl\u00fck verildi ve yakla\u015f\u0131k 30 dakika boyunca karanl\u0131k bir bekleme odas\u0131nda kontrol i\u00e7in beklemem istendi. Doktor g\u00f6zlerimi tekrar kontrol etti ve g\u00f6z damlalar\u0131n\u0131 nas\u0131l kullanmam gerekti\u011fini detayl\u0131 bir \u015fekilde anlatt\u0131.                                 Bende ne bir yanma ne de g\u00f6zlerde sulanma oldu. Ak\u015fam saat 21.00 civar\u0131nda bile g\u00f6zl\u00fcks\u00fcz ne kadar net g\u00f6rd\u00fc\u011f\u00fcm\u00fc fark etmeye ba\u015flad\u0131m. Ertesi g\u00fcn ise ger\u00e7ekten \u015fa\u015fk\u0131nd\u0131m; sonunda g\u00f6zl\u00fcks\u00fcz g\u00f6rebiliyordum. Ertesi sabah erken saatlerde hastanedeki kontrol muayenesi i\u00e7in yine otelden al\u0131nd\u0131m. Bu sefer terc\u00fcman hastanede bizim i\u00e7in kahvalt\u0131 ayarlad\u0131. Doktor her \u015feyin yolunda oldu\u011funu s\u00f6yledi, \u00e7ok rahatlad\u0131m. B\u00f6ylece g\u00fcn\u00fcn geri kalan\u0131n\u0131 \u0130stanbul\u2019da g\u00f6zl\u00fcks\u00fcz (tabii ki g\u00fcne\u015f g\u00f6zl\u00fc\u011f\u00fcyle) keyifle ge\u00e7irebildim. Taksim City Park Hotel\u2019de konaklad\u0131k. Otel \u00e7ok temizdi ve konumu harikayd\u0131. Birka\u00e7 dakikada y\u00fcr\u00fcyerek Taksim Meydan\u0131\u2019na ula\u015f\u0131l\u0131yor ve insan kendini hemen \u015fehrin i\u00e7inde buluyor. Operasyondan sadece bir hafta sonra Z\u00fcrih\u2019te ilk kontrol muayenemi ayarlam\u0131\u015ft\u0131m. Bir g\u00f6z\u00fcmle di\u011ferine g\u00f6re biraz daha az net g\u00f6rd\u00fc\u011f\u00fcm\u00fc fark ediyorum. G\u00f6z doktoru bunun hen\u00fcz \u00e7ok erken oldu\u011funu, bunun kal\u0131c\u0131 m\u0131 olaca\u011f\u0131n\u0131 yoksa zamanla daha da d\u00fczelip d\u00fczelmeyece\u011fini \u015fu an s\u00f6ylemenin m\u00fcmk\u00fcn olmad\u0131\u011f\u0131n\u0131 a\u00e7\u0131klad\u0131. Aradaki fark \u00e7ok b\u00fcy\u00fck de\u011fil ama \u00f6zellikle bilgisayar ba\u015f\u0131nda yapt\u0131\u011f\u0131m baz\u0131 i\u015flerde bunu hissediyorum. \u015eimdilik bekleyip g\u00f6rmek gerekiyor, ben umutluyum. Swisslasik\u2019i g\u00f6n\u00fcl rahatl\u0131\u011f\u0131yla tavsiye edebilirim. Oradaki ilgi ve destek \u00e7ok iyiydi, kendimi t\u00fcm s\u00fcre\u00e7 boyunca ger\u00e7ekten g\u00fcvende hissettim.                 <\/p>\n\n<div class=\"wp-block-group is-layout-grid wp-container-core-group-is-layout-baef362d wp-block-group-is-layout-grid\">\n<p><a href=\"https:\/\/medicaltravel.at\/home\/agb\/\" data-type=\"page\" data-id=\"2191\" rel=\"nofollow noopener\" target=\"_blank\"><\/a><a href=\"https:\/\/swisslasik.ch\/tr\/antalya-tuerkiyede-gecirdigim-lazer-goez-ameliyati-hakkindaki-deneyim-raporum-13-temmuz-2012-cuma-tarihli-rapor\/\" data-type=\"link\" data-id=\"https:\/\/swisslasik.ch\/mein-erfahrungsbericht-uber-meine-augenlaserbehandlung-in-antalya-turkei-bericht-vom-freitag-13-juli-2012\/\">\u00d6nceki rapor<\/a><\/p>\n\n\n\n<p class=\"has-text-align-right wp-container-content-5e2576f9\"><a href=\"https:\/\/medicaltravel.at\/home\/impressum\/\" data-type=\"page\" data-id=\"2193\" rel=\"nofollow noopener\" target=\"_blank\"><\/a><a href=\"https:\/\/medicaltravel.at\/home\/berichte-von-patienten\/erfahrungsberichte\/erfahrungsbericht-zahnbehandlung-in-istanbul\/\" data-type=\"page\" data-id=\"981\" rel=\"nofollow noopener\" target=\"_blank\"><\/a><a href=\"https:\/\/swisslasik.ch\/tr\/patientenberichte-augenlasern-erfahrungen\/sonunda-goezlueksuez-istanbul-acibademde-lazer-goez-ameliyati-26-30-nisan-2012-9-haziran-2012-cumartesi-tarihli-haber\/\" data-type=\"link\" data-id=\"https:\/\/swisslasik.ch\/augenlasern-lasik-erfahrungen\/endlich-ohne-brille-augenlaserbehandlung-im-acibadem-in-istanbul-26-30-04-2012-bericht-vom-samstag-09-juni-2012\/\">Sonraki rapor<\/a><\/p>\n<\/div>\n","protected":false},"excerpt":{"rendered":"<p>Sonunda g\u00f6zl\u00fck yok! \u0130stanbul&#8217;da lazer g\u00f6z ameliyat\u0131 hakk\u0131ndaki hasta raporum \u2013 28 Haziran 2012 Per\u015fembe tarihli rapor. \u0130stanbul 28.04.2012 \u2013 05.05.2012Uzun zamand\u0131r g\u00f6zlerimi lazerle d\u00fczelttirme d\u00fc\u015f\u00fcncesiyle ya\u015f\u0131yordum. \u0130lkokuldan beri g\u00f6zl\u00fck kullan\u0131yordum. Kontakt lensleri ise zamanla giderek daha az tolere edebildim ve sporu \u00e7ok sevdi\u011fim i\u00e7in g\u00f6zl\u00fck benim i\u00e7in gitgide daha da rahats\u0131z edici h\u00e2le gelmi\u015fti. Bir tan\u0131d\u0131\u011f\u0131m 5 y\u0131l \u00f6nce g\u00f6zlerini lazerletmi\u015fti ve bana Swisslasik\u2019i tavsiye etti. B\u00f6ylece 2012\u2019nin ba\u015f\u0131nda nihayet bu ad\u0131m\u0131 atmaya karar verdim. Swisslasik\u2019in internet sitesini detayl\u0131 bir \u015fekilde inceledikten sonra teklif almak i\u00e7in Say\u0131n Kara\u011fa\u00e7l\u0131\u2019ya yazd\u0131m. Ocak ay\u0131n\u0131n ortas\u0131nda Z\u00fcrih\u2019te \u00f6n muayenemi yapt\u0131rd\u0131m ve sonu\u00e7 kesindi: lazer m\u00fcmk\u00fcn! Bu olumlu haberden hemen sonra \u201cher \u015fey dahil, kafam rahat\u201d paketini rezerve ettim. Daha \u00f6nce birka\u00e7 kez \u0130stanbul\u2019da bulunmu\u015ftum ve bu \u015fehri \u00e7ok sevdi\u011fim i\u00e7in lazer tedavisini annem ve teyzemle birlikte ge\u00e7irece\u011fim bir haftal\u0131k tatille birle\u015ftirdim. 28 Nisan 2012\u2019de macera ba\u015flad\u0131. \u00d6nce birka\u00e7 g\u00fcn \u015fehri gezdik, 3 May\u0131s\u2019ta ise b\u00fcy\u00fck g\u00fcn geldi. Ancak her \u015fey biraz talihsiz ba\u015flad\u0131. Swisslasik dosyas\u0131na g\u00f6re al\u0131nma saatimiz 08.00 idi. Fakat saat 07.00\u2019de telefonla sert bir \u015fekilde uyand\u0131r\u0131ld\u0131k. \u015eof\u00f6r \u00e7oktan gelmi\u015fti, b\u00fcy\u00fck bir \u015fa\u015fk\u0131nl\u0131k ya\u015fad\u0131m. \u015eof\u00f6r Ac\u0131badem Hastanesi\u2019nden biriyle ileti\u015fime ge\u00e7ti ve g\u00f6revli kad\u0131n benden \u00f6z\u00fcr diledi, bir yerde yanl\u0131\u015f anla\u015f\u0131lma olmu\u015f olabilece\u011fini s\u00f6yledi. H\u0131zl\u0131ca haz\u0131rlan\u0131p klini\u011fe gelmemizi, kahvalt\u0131y\u0131 orada yapabilece\u011fimizi belirtti. Annemi ve teyzemi refakat\u00e7i olarak yan\u0131ma ald\u0131m, hastane \u00e7al\u0131\u015fan\u0131na g\u00f6re bu bir sorun de\u011fildi. Aceleyle yola \u00e7\u0131kt\u0131k ve hastaneye g\u00f6t\u00fcr\u00fcld\u00fck. Oraya vard\u0131\u011f\u0131m\u0131zda terc\u00fcman bizi bekliyordu. Kahvalt\u0131dan ise art\u0131k s\u00f6z edilmiyordu. Terc\u00fcman, bir g\u00fcn \u00f6nce beni aramaya \u00e7al\u0131\u015ft\u0131\u011f\u0131n\u0131 ve refakat\u00e7i getirmemem gerekti\u011fini bildirmek istedi\u011fini s\u00f6yledi. Bu durum beni biraz d\u00fc\u015f\u00fcnd\u00fcrd\u00fc ama sonunda bunun sorun olmayaca\u011f\u0131n\u0131 s\u00f6yledi. Ard\u0131ndan \u00f6n muayeneler ba\u015flad\u0131. Bunlar birka\u00e7 saat s\u00fcrd\u00fc ve aralarda s\u0131k s\u0131k uzun bekleme s\u00fcreleri oldu. Yan\u0131mda iki ki\u015finin olmas\u0131 bu s\u00fcrelerde beni oyalad\u0131\u011f\u0131 i\u00e7in iyi oldu. Doktor bana standart Lasik-Lasek y\u00f6nteminin uygulanabilece\u011fini s\u00f6yledi. \u00d6n muayenelerle operasyon aras\u0131ndaki zaman\u0131 de\u011ferlendirmek i\u00e7in taksiyle yak\u0131ndaki bir al\u0131\u015fveri\u015f merkezine gittik. Ameliyat\u0131m saat 17.30\u2019da ba\u015flad\u0131. Ayn\u0131 i\u015flem i\u00e7in \u00fc\u00e7 hasta daha vard\u0131 ve en son s\u0131rada ben girdim. M\u00fcdahale \u00e7ok k\u0131sa s\u00fcrd\u00fc; ilk g\u00f6z birka\u00e7 dakika i\u00e7inde bitti, ikinci g\u00f6z de hemen ard\u0131ndan tamamland\u0131. Terc\u00fcman operasyon s\u0131ras\u0131nda da yan\u0131mdayd\u0131, bana s\u00fcrekli ne yapmam gerekti\u011fini s\u00f6yledi ve beni motive etti. Sonras\u0131nda \u00f6zel bir koruyucu g\u00f6zl\u00fck verildi ve yakla\u015f\u0131k 30 dakika boyunca karanl\u0131k bir bekleme odas\u0131nda kontrol i\u00e7in beklemem istendi. Doktor g\u00f6zlerimi tekrar kontrol etti ve g\u00f6z damlalar\u0131n\u0131 nas\u0131l kullanmam gerekti\u011fini detayl\u0131 bir \u015fekilde anlatt\u0131. Bende ne bir yanma ne de g\u00f6zlerde sulanma oldu. Ak\u015fam saat 21.00 civar\u0131nda bile g\u00f6zl\u00fcks\u00fcz ne kadar net g\u00f6rd\u00fc\u011f\u00fcm\u00fc fark etmeye ba\u015flad\u0131m. Ertesi g\u00fcn ise ger\u00e7ekten \u015fa\u015fk\u0131nd\u0131m; sonunda g\u00f6zl\u00fcks\u00fcz g\u00f6rebiliyordum. Ertesi sabah erken saatlerde hastanedeki kontrol muayenesi i\u00e7in yine otelden al\u0131nd\u0131m. Bu sefer terc\u00fcman hastanede bizim i\u00e7in kahvalt\u0131 ayarlad\u0131. Doktor her \u015feyin yolunda oldu\u011funu s\u00f6yledi, \u00e7ok rahatlad\u0131m. B\u00f6ylece g\u00fcn\u00fcn geri kalan\u0131n\u0131 \u0130stanbul\u2019da g\u00f6zl\u00fcks\u00fcz (tabii ki g\u00fcne\u015f g\u00f6zl\u00fc\u011f\u00fcyle) keyifle ge\u00e7irebildim. Taksim City Park Hotel\u2019de konaklad\u0131k. Otel \u00e7ok temizdi ve konumu harikayd\u0131. Birka\u00e7 dakikada y\u00fcr\u00fcyerek Taksim Meydan\u0131\u2019na ula\u015f\u0131l\u0131yor ve insan kendini hemen \u015fehrin i\u00e7inde buluyor. Operasyondan sadece bir hafta sonra Z\u00fcrih\u2019te ilk kontrol muayenemi ayarlam\u0131\u015ft\u0131m. Bir g\u00f6z\u00fcmle di\u011ferine g\u00f6re biraz daha az net g\u00f6rd\u00fc\u011f\u00fcm\u00fc fark ediyorum. G\u00f6z doktoru bunun hen\u00fcz \u00e7ok erken oldu\u011funu, bunun kal\u0131c\u0131 m\u0131 olaca\u011f\u0131n\u0131 yoksa zamanla daha da d\u00fczelip d\u00fczelmeyece\u011fini \u015fu an s\u00f6ylemenin m\u00fcmk\u00fcn olmad\u0131\u011f\u0131n\u0131 a\u00e7\u0131klad\u0131. Aradaki fark \u00e7ok b\u00fcy\u00fck de\u011fil ama \u00f6zellikle bilgisayar ba\u015f\u0131nda yapt\u0131\u011f\u0131m baz\u0131 i\u015flerde bunu hissediyorum. \u015eimdilik bekleyip g\u00f6rmek gerekiyor, ben umutluyum. Swisslasik\u2019i g\u00f6n\u00fcl rahatl\u0131\u011f\u0131yla tavsiye edebilirim. Oradaki ilgi ve destek \u00e7ok iyiydi, kendimi t\u00fcm s\u00fcre\u00e7 boyunca ger\u00e7ekten g\u00fcvende hissettim. \u00d6nceki rapor Sonraki rapor<\/p>\n","protected":false},"author":4,"featured_media":0,"parent":3695,"menu_order":0,"comment_status":"closed","ping_status":"closed","template":"","meta":{"_joinchat":[],"footnotes":""},"class_list":["post-3715","page","type-page","status-publish","hentry"],"acf":[],"_links":{"self":[{"href":"https:\/\/swisslasik.ch\/tr\/wp-json\/wp\/v2\/pages\/3715","targetHints":{"allow":["GET"]}}],"collection":[{"href":"https:\/\/swisslasik.ch\/tr\/wp-json\/wp\/v2\/pages"}],"about":[{"href":"https:\/\/swisslasik.ch\/tr\/wp-json\/wp\/v2\/types\/page"}],"author":[{"embeddable":true,"href":"https:\/\/swisslasik.ch\/tr\/wp-json\/wp\/v2\/users\/4"}],"replies":[{"embeddable":true,"href":"https:\/\/swisslasik.ch\/tr\/wp-json\/wp\/v2\/comments?post=3715"}],"version-history":[{"count":3,"href":"https:\/\/swisslasik.ch\/tr\/wp-json\/wp\/v2\/pages\/3715\/revisions"}],"predecessor-version":[{"id":4766,"href":"https:\/\/swisslasik.ch\/tr\/wp-json\/wp\/v2\/pages\/3715\/revisions\/4766"}],"up":[{"embeddable":true,"href":"https:\/\/swisslasik.ch\/tr\/wp-json\/wp\/v2\/pages\/3695"}],"wp:attachment":[{"href":"https:\/\/swisslasik.ch\/tr\/wp-json\/wp\/v2\/media?parent=3715"}],"curies":[{"name":"wp","href":"https:\/\/api.w.org\/{rel}","templated":true}]}}