{"id":3717,"date":"2025-09-24T12:32:40","date_gmt":"2025-09-24T11:32:40","guid":{"rendered":"https:\/\/swisslasik.ch\/patientenberichte-augenlasern-erfahrungen\/sonunda-goezlueksuez-istanbul-acibademde-lazer-goez-ameliyati-26-30-nisan-2012-9-haziran-2012-cumartesi-tarihli-haber\/"},"modified":"2026-01-14T18:28:46","modified_gmt":"2026-01-14T17:28:46","slug":"sonunda-goezlueksuez-istanbul-acibademde-lazer-goez-ameliyati-26-30-nisan-2012-9-haziran-2012-cumartesi-tarihli-haber","status":"publish","type":"page","link":"https:\/\/swisslasik.ch\/tr\/patientenberichte-augenlasern-erfahrungen\/sonunda-goezlueksuez-istanbul-acibademde-lazer-goez-ameliyati-26-30-nisan-2012-9-haziran-2012-cumartesi-tarihli-haber\/","title":{"rendered":"Sonunda g\u00f6zl\u00fcks\u00fcz \u2013 \u0130stanbul Ac\u0131badem&#8217;de lazer g\u00f6z ameliyat\u0131 (26-30 Nisan 2012) \u2013 9 Haziran 2012 Cumartesi tarihli haber"},"content":{"rendered":"\n<h3 class=\"wp-block-heading\">Sonunda g\u00f6zl\u00fcks\u00fcz \u2013 \u0130stanbul Ac\u0131badem&#8217;de lazer g\u00f6z ameliyat\u0131 (26-30 Nisan 2012) \u2013 9 Haziran 2012 Cumartesi tarihli haber<\/h3>\n\n\n\n<p>Motivasyonum \/ karar s\u00fcrecim\u2026<br>\u00c7\u0131rakl\u0131ktan (meslek e\u011fitiminden) sonra g\u00f6zl\u00fck kullanmaya ba\u015flad\u0131m ve ne yaz\u0131k ki kontakt lensleri ne uzun s\u00fcre ne de s\u0131k s\u0131k takabildim. Spor yaparken \u00e7o\u011fu zaman ya g\u00f6zl\u00fckle ya da g\u00f6zl\u00fcks\u00fcz antrenman yapmak zorunda kal\u0131yordum. Ba\u015flarda bu idare ediyordu ama benim de zamanla g\u00f6rme bozuklu\u011fum giderek artt\u0131. Yakla\u015f\u0131k 4 y\u0131l \u00f6nce bir i\u015f arkada\u015f\u0131m sayesinde g\u00f6z lazeri konusunu duydum. O, i\u015flemi \u0130svi\u00e7re\u2019de yapt\u0131rm\u0131\u015ft\u0131 fakat bu benim i\u00e7in a\u00e7\u0131k\u00e7as\u0131 \u00e7ok pahal\u0131yd\u0131. Bu y\u00fczden uzun s\u00fcre bu sadece bir hayal olarak kald\u0131. Daha sonra bir arkada\u015f \u00e7ift sayesinde Almanya\u2019daki bir klinikten haberdar oldum. Yakla\u015f\u0131k bir y\u0131l \u00f6nce orada bir \u00f6n muayeneye gittim ve sonras\u0131nda g\u00f6zlerimi lazerle d\u00fczelttirmeye kesin olarak karar verdim. Bir y\u0131l boyunca para biriktirdikten sonra art\u0131k zaman\u0131 gelmi\u015fti. Ancak kaderin bir cilvesi olarak Swisslasik ile tan\u0131\u015ft\u0131m. \u00c7e\u015fitli ara\u015ft\u0131rmalar, incelemeler ve Say\u0131n Karaagacli ile yapt\u0131\u011f\u0131m g\u00f6r\u00fc\u015fmelerden sonra nihai karar\u0131m\u0131 verdim ve g\u00f6zlerimi \u0130stanbul\u2019da Swisslasik arac\u0131l\u0131\u011f\u0131yla lazerlettirmeye karar verdim. En ba\u015f\u0131ndan beri i\u00e7im \u00e7ok rahatt\u0131 ve s\u00fcre\u00e7ten \u00e7ok memnun kald\u0131m, h\u00e2l\u00e2 da memnunum.<br>Seyahat ve otel\u2026<br>Swisslasik benim i\u00e7in her \u015feyi organize etmi\u015fti. Benim yapmam gereken tek \u015fey zarf\u0131 a\u00e7mak, check-in yapmak ve u\u00e7a\u011fa binmekti. Havaliman\u0131nda kar\u015f\u0131land\u0131m ve otele g\u00f6t\u00fcr\u00fcld\u00fcm. Levent Hotel \u00e7ok temizdi ve odam ger\u00e7ekten \u00e7ok g\u00fczeldi. Sakinli\u011fi seven ve tam merkezin kalabal\u0131\u011f\u0131nda olmak istemeyenler i\u00e7in bu oteli g\u00f6n\u00fcl rahatl\u0131\u011f\u0131yla tavsiye edebilirim. Y\u00fcr\u00fcyerek 10 dakikadan k\u0131sa s\u00fcrede iki b\u00fcy\u00fck al\u0131\u015fveri\u015f merkezine ula\u015f\u0131labiliyor. Otelin \u00e7evresinde yiyecek ve i\u00e7ecek alabilece\u011finiz k\u00fc\u00e7\u00fck d\u00fckk\u00e2nlar mevcut. Ayr\u0131ca \u00e7ok iyi ve tipik T\u00fcrk yemekleri sunan \u00e7e\u015fitli restoranlar ve fast food yerleri var. Metro ile aktarma yapmadan 10 dakikada \u0130stanbul\u2019un al\u0131\u015fveri\u015f caddesi olan Taksim\u2019e ula\u015fmak m\u00fcmk\u00fcn.<br>Operasyon\u2026<br>Operasyon g\u00fcn\u00fc \u015fof\u00f6r taraf\u0131ndan tam zaman\u0131nda otelden al\u0131nd\u0131m. Klinikde Almanca konu\u015fan bir g\u00f6revli taraf\u0131ndan kar\u015f\u0131land\u0131m. \u00d6ncelikle t\u00fcm s\u00fcre\u00e7 detayl\u0131 \u015fekilde anlat\u0131ld\u0131 ve ard\u0131ndan hemen ikinci \u00f6n muayeneye ge\u00e7ildi. Hatta ilk \u00f6n muayenemde yap\u0131lmam\u0131\u015f olan baz\u0131 testler bile burada yap\u0131ld\u0131. Sorular\u0131m oldu\u011funda g\u00f6revli her zaman yan\u0131mdayd\u0131 ve t\u00fcm muayeneler s\u0131ras\u0131nda bana e\u015flik etti. \u00d6n muayene s\u0131ras\u0131nda tedaviyi yapacak doktor da g\u00f6zlerimi tekrar kontrol etti. T\u00fcm s\u00fcre\u00e7 biraz uzun s\u00fcrd\u00fc ve zaman zaman beklemek gerekti. Sab\u0131rs\u0131zland\u0131\u011f\u0131m i\u00e7in zorland\u0131\u011f\u0131m anlar oldu. LASEK y\u00f6nteminin de benim i\u00e7in uygun oldu\u011fu netle\u015fti\u011finde ve her \u015feyin yolunda oldu\u011fu s\u00f6ylendi\u011finde, orada kesin olarak FEMTO-LASIK y\u00f6ntemini se\u00e7tim. Almanya\u2019daki ilk \u00f6n muayenemde asl\u0131nda bu y\u00f6nteme karar vermi\u015ftim ve sadece T\u00fcrkiye\u2019deki g\u00f6z doktorunun g\u00f6r\u00fc\u015f\u00fcn\u00fc beklemek istemi\u015ftim. Birka\u00e7 saat sonra restorandan \u00e7a\u011fr\u0131ld\u0131m ve nihayet g\u00f6zlerim lazerlendi. Operasyon k\u0131sa s\u00fcrd\u00fc ve tamamen a\u011fr\u0131s\u0131zd\u0131.                                 K\u0131sa bir s\u00fcre bekleme odas\u0131nda kald\u0131ktan sonra otele g\u00f6t\u00fcr\u00fcld\u00fcm. Otelde yakla\u015f\u0131k bir saat sonra g\u00f6zlerimde yanma ve sulanma ba\u015flad\u0131. Bu noktada tekrar sab\u0131rl\u0131 olmak gerekiyordu \u00e7\u00fcnk\u00fc olduk\u00e7a rahats\u0131z ediciydi ama a\u011fr\u0131l\u0131 de\u011fildi. Partnerimin yan\u0131mda olmas\u0131 ve bana destek olmas\u0131 benim i\u00e7in \u00e7ok b\u00fcy\u00fck bir rahatl\u0131kt\u0131. Yakla\u015f\u0131k tam 4 saat sonra her \u015fey ge\u00e7ti ve sonunda sakin bir \u015fekilde uyuyabildim. Ertesi sabah, koruyucu lensler nedeniyle bulan\u0131k g\u00f6r\u00fcyordum. Klini\u011fe vard\u0131\u011f\u0131m\u0131zda g\u00f6z doktoru bu lensleri hemen \u00e7\u0131kard\u0131 ve o anda sonucu net bir \u015fekilde g\u00f6rd\u00fcm. Bu inan\u0131lmaz bir duyguydu ve art\u0131k g\u00f6zl\u00fck takmak zorunda olmamaya ger\u00e7ekten \u00e7ok sevindim. G\u00f6z doktoru ameliyattan \u00f6nce bana birka\u00e7 kez mucize beklememem gerekti\u011fini ve sab\u0131rl\u0131 olmam gerekti\u011fini s\u00f6ylemi\u015fti. Bu s\u00f6z akl\u0131mda kald\u0131 \u00e7\u00fcnk\u00fc her \u015feyin tamamen iyile\u015fmesi zaman al\u0131yor ve sonu\u00e7ta s\u00f6z konusu olan g\u00f6zler. Ben ve partnerim daha sonra iki g\u00fcn daha \u0130stanbul\u2019da kald\u0131k, kalan zaman\u0131 keyifle de\u011ferlendirdik ve \u015fehri gezme f\u0131rsat\u0131 bulduk. G\u00f6zlerini lazerlettirmek isteyen herkese Swisslasik\u2019i ve \u0130stanbul\u2019daki g\u00f6z ameliyat\u0131n\u0131 g\u00f6n\u00fcl rahatl\u0131\u011f\u0131yla tavsiye edebilirim. Sunulan paket hizmeti (hizmet kalitesi, dan\u0131\u015fmanl\u0131k, \u0130svi\u00e7re\u2019deki kontrol muayeneleri vb.) ba\u015fka hi\u00e7bir firmada bu \u015fekilde g\u00f6rmedim ve \u015fahsen her zaman tekrar giderdim. Te\u015fekk\u00fcrler Swisslasik.              <\/p>\n\n\n\n<div class=\"wp-block-group is-layout-grid wp-container-core-group-is-layout-baef362d wp-block-group-is-layout-grid\">\n<p><a href=\"https:\/\/medicaltravel.at\/home\/agb\/\" data-type=\"page\" data-id=\"2191\" rel=\"nofollow noopener\" target=\"_blank\"><\/a><a href=\"https:\/\/swisslasik.ch\/tr\/patientenberichte-augenlasern-erfahrungen\/sonunda-goezluek-yok-istanbulda-lazer-goez-ameliyati-hakkindaki-hasta-raporum-28-haziran-2012-persembe-tarihli-rapor\/\" data-type=\"link\" data-id=\"https:\/\/swisslasik.ch\/augenlasern-lasik-erfahrungen\/endlich-brillenlos-mein-patientenbericht-fur-augenlaser-in-istanbul-bericht-vom-donnerstag-28-juni-2012\/\">\u00d6nceki rapor<\/a><\/p>\n\n\n\n<p class=\"has-text-align-right wp-container-content-5e2576f9\"><a href=\"https:\/\/medicaltravel.at\/home\/impressum\/\" data-type=\"page\" data-id=\"2193\" rel=\"nofollow noopener\" target=\"_blank\"><\/a><a href=\"https:\/\/medicaltravel.at\/home\/berichte-von-patienten\/erfahrungsberichte\/erfahrungsbericht-zahnbehandlung-in-istanbul\/\" data-type=\"page\" data-id=\"981\" rel=\"nofollow noopener\" target=\"_blank\"><\/a><a href=\"https:\/\/swisslasik.ch\/tr\/patientenberichte-augenlasern-erfahrungen\/acibadem-istanbulda-lazer-goez-ameliyati-deneyimim-30-mayis-2012-carsamba-tarihli-rapor\/\" data-type=\"link\" data-id=\"https:\/\/swisslasik.ch\/tr\/patientenberichte-augenlasern-erfahrungen\/acibadem-istanbulda-lazer-goez-ameliyati-deneyimim-30-mayis-2012-carsamba-tarihli-rapor\/\">Sonraki rapor<\/a><\/p>\n<\/div>\n","protected":false},"excerpt":{"rendered":"<p>Sonunda g\u00f6zl\u00fcks\u00fcz \u2013 \u0130stanbul Ac\u0131badem&#8217;de lazer g\u00f6z ameliyat\u0131 (26-30 Nisan 2012) \u2013 9 Haziran 2012 Cumartesi tarihli haber Motivasyonum \/ karar s\u00fcrecim\u2026\u00c7\u0131rakl\u0131ktan (meslek e\u011fitiminden) sonra g\u00f6zl\u00fck kullanmaya ba\u015flad\u0131m ve ne yaz\u0131k ki kontakt lensleri ne uzun s\u00fcre ne de s\u0131k s\u0131k takabildim. Spor yaparken \u00e7o\u011fu zaman ya g\u00f6zl\u00fckle ya da g\u00f6zl\u00fcks\u00fcz antrenman yapmak zorunda kal\u0131yordum. Ba\u015flarda bu idare ediyordu ama benim de zamanla g\u00f6rme bozuklu\u011fum giderek artt\u0131. Yakla\u015f\u0131k 4 y\u0131l \u00f6nce bir i\u015f arkada\u015f\u0131m sayesinde g\u00f6z lazeri konusunu duydum. O, i\u015flemi \u0130svi\u00e7re\u2019de yapt\u0131rm\u0131\u015ft\u0131 fakat bu benim i\u00e7in a\u00e7\u0131k\u00e7as\u0131 \u00e7ok pahal\u0131yd\u0131. Bu y\u00fczden uzun s\u00fcre bu sadece bir hayal olarak kald\u0131. Daha sonra bir arkada\u015f \u00e7ift sayesinde Almanya\u2019daki bir klinikten haberdar oldum. Yakla\u015f\u0131k bir y\u0131l \u00f6nce orada bir \u00f6n muayeneye gittim ve sonras\u0131nda g\u00f6zlerimi lazerle d\u00fczelttirmeye kesin olarak karar verdim. Bir y\u0131l boyunca para biriktirdikten sonra art\u0131k zaman\u0131 gelmi\u015fti. Ancak kaderin bir cilvesi olarak Swisslasik ile tan\u0131\u015ft\u0131m. \u00c7e\u015fitli ara\u015ft\u0131rmalar, incelemeler ve Say\u0131n Karaagacli ile yapt\u0131\u011f\u0131m g\u00f6r\u00fc\u015fmelerden sonra nihai karar\u0131m\u0131 verdim ve g\u00f6zlerimi \u0130stanbul\u2019da Swisslasik arac\u0131l\u0131\u011f\u0131yla lazerlettirmeye karar verdim. En ba\u015f\u0131ndan beri i\u00e7im \u00e7ok rahatt\u0131 ve s\u00fcre\u00e7ten \u00e7ok memnun kald\u0131m, h\u00e2l\u00e2 da memnunum.Seyahat ve otel\u2026Swisslasik benim i\u00e7in her \u015feyi organize etmi\u015fti. Benim yapmam gereken tek \u015fey zarf\u0131 a\u00e7mak, check-in yapmak ve u\u00e7a\u011fa binmekti. Havaliman\u0131nda kar\u015f\u0131land\u0131m ve otele g\u00f6t\u00fcr\u00fcld\u00fcm. Levent Hotel \u00e7ok temizdi ve odam ger\u00e7ekten \u00e7ok g\u00fczeldi. Sakinli\u011fi seven ve tam merkezin kalabal\u0131\u011f\u0131nda olmak istemeyenler i\u00e7in bu oteli g\u00f6n\u00fcl rahatl\u0131\u011f\u0131yla tavsiye edebilirim. Y\u00fcr\u00fcyerek 10 dakikadan k\u0131sa s\u00fcrede iki b\u00fcy\u00fck al\u0131\u015fveri\u015f merkezine ula\u015f\u0131labiliyor. Otelin \u00e7evresinde yiyecek ve i\u00e7ecek alabilece\u011finiz k\u00fc\u00e7\u00fck d\u00fckk\u00e2nlar mevcut. Ayr\u0131ca \u00e7ok iyi ve tipik T\u00fcrk yemekleri sunan \u00e7e\u015fitli restoranlar ve fast food yerleri var. Metro ile aktarma yapmadan 10 dakikada \u0130stanbul\u2019un al\u0131\u015fveri\u015f caddesi olan Taksim\u2019e ula\u015fmak m\u00fcmk\u00fcn.Operasyon\u2026Operasyon g\u00fcn\u00fc \u015fof\u00f6r taraf\u0131ndan tam zaman\u0131nda otelden al\u0131nd\u0131m. Klinikde Almanca konu\u015fan bir g\u00f6revli taraf\u0131ndan kar\u015f\u0131land\u0131m. \u00d6ncelikle t\u00fcm s\u00fcre\u00e7 detayl\u0131 \u015fekilde anlat\u0131ld\u0131 ve ard\u0131ndan hemen ikinci \u00f6n muayeneye ge\u00e7ildi. Hatta ilk \u00f6n muayenemde yap\u0131lmam\u0131\u015f olan baz\u0131 testler bile burada yap\u0131ld\u0131. Sorular\u0131m oldu\u011funda g\u00f6revli her zaman yan\u0131mdayd\u0131 ve t\u00fcm muayeneler s\u0131ras\u0131nda bana e\u015flik etti. \u00d6n muayene s\u0131ras\u0131nda tedaviyi yapacak doktor da g\u00f6zlerimi tekrar kontrol etti. T\u00fcm s\u00fcre\u00e7 biraz uzun s\u00fcrd\u00fc ve zaman zaman beklemek gerekti. Sab\u0131rs\u0131zland\u0131\u011f\u0131m i\u00e7in zorland\u0131\u011f\u0131m anlar oldu. LASEK y\u00f6nteminin de benim i\u00e7in uygun oldu\u011fu netle\u015fti\u011finde ve her \u015feyin yolunda oldu\u011fu s\u00f6ylendi\u011finde, orada kesin olarak FEMTO-LASIK y\u00f6ntemini se\u00e7tim. Almanya\u2019daki ilk \u00f6n muayenemde asl\u0131nda bu y\u00f6nteme karar vermi\u015ftim ve sadece T\u00fcrkiye\u2019deki g\u00f6z doktorunun g\u00f6r\u00fc\u015f\u00fcn\u00fc beklemek istemi\u015ftim. Birka\u00e7 saat sonra restorandan \u00e7a\u011fr\u0131ld\u0131m ve nihayet g\u00f6zlerim lazerlendi. Operasyon k\u0131sa s\u00fcrd\u00fc ve tamamen a\u011fr\u0131s\u0131zd\u0131. K\u0131sa bir s\u00fcre bekleme odas\u0131nda kald\u0131ktan sonra otele g\u00f6t\u00fcr\u00fcld\u00fcm. Otelde yakla\u015f\u0131k bir saat sonra g\u00f6zlerimde yanma ve sulanma ba\u015flad\u0131. Bu noktada tekrar sab\u0131rl\u0131 olmak gerekiyordu \u00e7\u00fcnk\u00fc olduk\u00e7a rahats\u0131z ediciydi ama a\u011fr\u0131l\u0131 de\u011fildi. Partnerimin yan\u0131mda olmas\u0131 ve bana destek olmas\u0131 benim i\u00e7in \u00e7ok b\u00fcy\u00fck bir rahatl\u0131kt\u0131. Yakla\u015f\u0131k tam 4 saat sonra her \u015fey ge\u00e7ti ve sonunda sakin bir \u015fekilde uyuyabildim. Ertesi sabah, koruyucu lensler nedeniyle bulan\u0131k g\u00f6r\u00fcyordum. Klini\u011fe vard\u0131\u011f\u0131m\u0131zda g\u00f6z doktoru bu lensleri hemen \u00e7\u0131kard\u0131 ve o anda sonucu net bir \u015fekilde g\u00f6rd\u00fcm. Bu inan\u0131lmaz bir duyguydu ve art\u0131k g\u00f6zl\u00fck takmak zorunda olmamaya ger\u00e7ekten \u00e7ok sevindim. G\u00f6z doktoru ameliyattan \u00f6nce bana birka\u00e7 kez mucize beklememem gerekti\u011fini ve sab\u0131rl\u0131 olmam gerekti\u011fini s\u00f6ylemi\u015fti. Bu s\u00f6z akl\u0131mda kald\u0131 \u00e7\u00fcnk\u00fc her \u015feyin tamamen iyile\u015fmesi zaman al\u0131yor ve sonu\u00e7ta s\u00f6z konusu olan g\u00f6zler. Ben ve partnerim daha sonra iki g\u00fcn daha \u0130stanbul\u2019da kald\u0131k, kalan zaman\u0131 keyifle de\u011ferlendirdik ve \u015fehri gezme f\u0131rsat\u0131 bulduk. G\u00f6zlerini lazerlettirmek isteyen herkese Swisslasik\u2019i ve \u0130stanbul\u2019daki g\u00f6z ameliyat\u0131n\u0131 g\u00f6n\u00fcl rahatl\u0131\u011f\u0131yla tavsiye edebilirim. Sunulan paket hizmeti (hizmet kalitesi, dan\u0131\u015fmanl\u0131k, \u0130svi\u00e7re\u2019deki kontrol muayeneleri vb.) ba\u015fka hi\u00e7bir firmada bu \u015fekilde g\u00f6rmedim ve \u015fahsen her zaman tekrar giderdim. Te\u015fekk\u00fcrler Swisslasik. \u00d6nceki rapor Sonraki rapor<\/p>\n","protected":false},"author":4,"featured_media":0,"parent":3695,"menu_order":0,"comment_status":"closed","ping_status":"closed","template":"","meta":{"_joinchat":[],"footnotes":""},"class_list":["post-3717","page","type-page","status-publish","hentry"],"acf":[],"_links":{"self":[{"href":"https:\/\/swisslasik.ch\/tr\/wp-json\/wp\/v2\/pages\/3717","targetHints":{"allow":["GET"]}}],"collection":[{"href":"https:\/\/swisslasik.ch\/tr\/wp-json\/wp\/v2\/pages"}],"about":[{"href":"https:\/\/swisslasik.ch\/tr\/wp-json\/wp\/v2\/types\/page"}],"author":[{"embeddable":true,"href":"https:\/\/swisslasik.ch\/tr\/wp-json\/wp\/v2\/users\/4"}],"replies":[{"embeddable":true,"href":"https:\/\/swisslasik.ch\/tr\/wp-json\/wp\/v2\/comments?post=3717"}],"version-history":[{"count":2,"href":"https:\/\/swisslasik.ch\/tr\/wp-json\/wp\/v2\/pages\/3717\/revisions"}],"predecessor-version":[{"id":4767,"href":"https:\/\/swisslasik.ch\/tr\/wp-json\/wp\/v2\/pages\/3717\/revisions\/4767"}],"up":[{"embeddable":true,"href":"https:\/\/swisslasik.ch\/tr\/wp-json\/wp\/v2\/pages\/3695"}],"wp:attachment":[{"href":"https:\/\/swisslasik.ch\/tr\/wp-json\/wp\/v2\/media?parent=3717"}],"curies":[{"name":"wp","href":"https:\/\/api.w.org\/{rel}","templated":true}]}}