{"id":3719,"date":"2025-09-24T12:13:31","date_gmt":"2025-09-24T11:13:31","guid":{"rendered":"https:\/\/swisslasik.ch\/patientenberichte-augenlasern-erfahrungen\/swisslasik-araciligiyla-istanbulda-yapilan-goez-ameliyatina-iliskin-deneyim-raporu-18-haziran-2013-sali-tarihli-rapor\/"},"modified":"2026-01-14T17:40:37","modified_gmt":"2026-01-14T16:40:37","slug":"swisslasik-araciligiyla-istanbulda-yapilan-goez-ameliyatina-iliskin-deneyim-raporu-18-haziran-2013-sali-tarihli-rapor","status":"publish","type":"page","link":"https:\/\/swisslasik.ch\/tr\/patientenberichte-augenlasern-erfahrungen\/swisslasik-araciligiyla-istanbulda-yapilan-goez-ameliyatina-iliskin-deneyim-raporu-18-haziran-2013-sali-tarihli-rapor\/","title":{"rendered":"Swisslasik arac\u0131l\u0131\u011f\u0131yla \u0130stanbul&#8217;da yap\u0131lan g\u00f6z ameliyat\u0131na ili\u015fkin deneyim raporu \u2013 18 Haziran 2013 Sal\u0131 tarihli rapor"},"content":{"rendered":"\n<h3 class=\"wp-block-heading\">Swisslasik arac\u0131l\u0131\u011f\u0131yla \u0130stanbul&#8217;da yap\u0131lan g\u00f6z ameliyat\u0131na ili\u015fkin deneyim raporu \u2013 18 Haziran 2013 Sal\u0131 tarihli rapor<\/h3>\n\n\n\n<p>11 ya\u015f\u0131mdan beri s\u00fcrekli g\u00f6zl\u00fck ta\u015f\u0131mak zorundayd\u0131m. Kontakt lensleri hem \u00e7ok zahmetli buluyordum hem de bana g\u00f6re olduk\u00e7a pahal\u0131yd\u0131. \u00c7ok spor yapan ve aktif bir ya\u015fam tarz\u0131m oldu\u011fu i\u00e7in g\u00f6z lazer ameliyat\u0131 benim i\u00e7in giderek daha cazip hale geldi. 20 ya\u015f\u0131ndayken futbol oynarken y\u00fcz\u00fcme sert bir top \u00e7arpt\u0131, g\u00f6zl\u00fc\u011f\u00fcm par\u00e7aland\u0131 ve hastaneye kald\u0131r\u0131ld\u0131m. G\u00f6z\u00fcmden cam par\u00e7alar\u0131 \u00e7\u0131karmak zorunda kald\u0131lar. O an benim i\u00e7in kesinle\u015fti: G\u00f6zlerimi lazerle d\u00fczelttirecektim.<br>Ger\u00e7ekten bu ameliyata uygun olup olmad\u0131\u011f\u0131m\u0131 kesinle\u015ftirmek i\u00e7in \u00f6nceden bir muayene yapt\u0131rd\u0131m. Muayene h\u0131zl\u0131 ve sorunsuz ge\u00e7ti. Olumlu sonu\u00e7 ald\u0131ktan sonra, \u0130stanbul\u2019da Herr Karaagacli arac\u0131l\u0131\u011f\u0131yla ameliyat olmaya karar verdim. Be\u015f hafta sonra kendimi Bo\u011faz y\u00f6n\u00fcne giden u\u00e7akta buldum. Uzun zamand\u0131r \u0130stanbul\u2019u g\u00f6rmek isteyen babam\u0131 refakat\u00e7i olarak yan\u0131ma ald\u0131m; sunulan paket (u\u00e7ak ve otel) onun i\u00e7in de olduk\u00e7a cazipti.<br>T\u00fcrkiye\u2019ye vard\u0131\u011f\u0131m\u0131zda \u015fof\u00f6r\u00fcm\u00fcz trafikte kald\u0131\u011f\u0131 i\u00e7in biraz bekledik. Ancak \u00f6nceden gecikmeler olabilece\u011fi s\u00f6ylendi\u011fi i\u00e7in sakin kald\u0131k. G\u00fcvenli bir \u015fekilde otele ula\u015ft\u0131ktan sonra ameliyat g\u00fcn\u00fc i\u00e7in haz\u0131rl\u0131klar\u0131m\u0131z\u0131 yapt\u0131k ve k\u0131sa bir y\u00fcr\u00fcy\u00fc\u015fe \u00e7\u0131kt\u0131k. Levent Otel beklentilerimizin \u00e7ok \u00fczerindeydi. Her \u015fey \u00e7ok temizdi, personel ise son derece g\u00fcler y\u00fczl\u00fc ve yard\u0131mseverdi.<br>Ameliyat g\u00fcn\u00fc biraz gergin olsak da, tam zaman\u0131nda otelden al\u0131n\u0131p hastaneye g\u00f6t\u00fcr\u00fcld\u00fck. Orada Almanca konu\u015fan bir g\u00f6revli bizi kar\u015f\u0131lad\u0131 ve s\u00fcreci ayr\u0131nt\u0131l\u0131 \u015fekilde anlatt\u0131. \u00d6\u011fleden sonra s\u0131ra bana geldi. Bir ba\u015fka lazer hastas\u0131yla birlikte bekleme odas\u0131na al\u0131nd\u0131k ve g\u00f6revli bize g\u00f6z damlalar\u0131n\u0131n nas\u0131l kullan\u0131laca\u011f\u0131n\u0131 tek tek a\u00e7\u0131klad\u0131. Ard\u0131ndan ba\u015f ve ayaklar i\u00e7in koruyucu \u00f6rt\u00fcler giymemiz istendi. Asistan doktor g\u00f6zlerimize baz\u0131 damlalar damlatt\u0131, ne i\u015fe yarad\u0131klar\u0131n\u0131 a\u00e7\u0131k\u00e7as\u0131 bilmiyorum.<br>Kap\u0131n\u0131n \u00f6n\u00fcnde beklerken, benden \u00f6nceki hastan\u0131n ameliyat seslerini duymak beni olduk\u00e7a heyecanland\u0131rd\u0131. Terc\u00fcman\u0131n talimatlar\u0131n\u0131 duyuyordum: A\u015fa\u011f\u0131 bak\u0131n, ba\u015f\u0131n\u0131z\u0131 k\u0131p\u0131rdatmay\u0131n, k\u0131rm\u0131z\u0131 \u0131\u015f\u0131\u011fa bak\u0131n. Birka\u00e7 dakika sonra Her \u015fey m\u00fckemmel ge\u00e7ti, kalkabilirsiniz dedi\u011fini duydum. Sonra s\u0131ra bana geldi. T\u00fcm cesaretimi toplay\u0131p sedyeye uzand\u0131m ve cihaz\u0131n alt\u0131na al\u0131nd\u0131m. Doktor ve asistanlar\u0131 ba\u015f\u0131m\u0131n arkas\u0131ndayd\u0131. Benim tek g\u00f6revim k\u0131rm\u0131z\u0131 \u0131\u015f\u0131\u011fa bakmakt\u0131. 10\u201315 dakika sonra her \u015fey a\u011fr\u0131s\u0131z \u015fekilde bitmi\u015fti. Benim i\u00e7in de her \u015feyin m\u00fckemmel ge\u00e7ti\u011fi s\u00f6ylendi. \u00dczerimden b\u00fcy\u00fck bir y\u00fck kalkt\u0131.<br>Otele d\u00f6n\u00fc\u015f yolunda g\u00f6zlerim \u00e7ok suland\u0131. I\u015f\u0131k \u00e7ok parlak oldu\u011fu i\u00e7in g\u00f6zlerimi neredeyse a\u00e7am\u0131yordum. Otele var\u0131nca yakla\u015f\u0131k 3 saat uyudum, g\u00f6z damlalar\u0131m\u0131 kulland\u0131m ve g\u00f6zlerimi dinlendirdim. Ak\u015fam oldu\u011funda ise mucize ger\u00e7ekle\u015fti: Tam g\u00f6r\u00fc\u015f.                                G\u00f6zlerimdeki sulanma azald\u0131 ve g\u00f6zlerimi birka\u00e7 dakika boyunca a\u00e7\u0131k tutabilir hale geldim. Ertesi sabah ise hi\u00e7bir \u015fey kalmam\u0131\u015ft\u0131. Al\u0131\u015fkanl\u0131ktan, uyan\u0131r uyanmaz g\u00f6zl\u00fc\u011f\u00fcm\u00fc arad\u0131m\u2026 Ayn\u0131 g\u00fcn \u015fehri uzun uzun gezmeye vaktimiz oldu ve bunu tamamen g\u00f6zl\u00fcks\u00fcz yapabildim. Harika bir duyguydu. Tekne turu yapt\u0131k, Sultanahmet Camii\u2019ni, Kapal\u0131\u00e7ar\u015f\u0131\u2019y\u0131 ve \u0130stiklal Caddesi\u2019ni gezdik. G\u00fczel an\u0131lar ve hat\u0131ra foto\u011fraflar\u0131yla dolu, her y\u00f6n\u00fcyle \u00e7ok ba\u015far\u0131l\u0131 bir seyahat oldu.<br>Bu vesileyle Swisslasik\u2019e ve \u00f6zellikle de sundu\u011fu m\u00fckemmel hizmet i\u00e7in Say\u0131n Karaagacli\u2019ye bir kez daha i\u00e7ten te\u015fekk\u00fcr etmek istiyorum.<br>Isenschmid Oliver<br>18.06.2013       <\/p>\n\n\n\n<div class=\"wp-block-group is-layout-grid wp-container-core-group-is-layout-baef362d wp-block-group-is-layout-grid\">\n<p><a href=\"https:\/\/medicaltravel.at\/home\/agb\/\" data-type=\"page\" data-id=\"2191\" rel=\"nofollow noopener\" target=\"_blank\"><\/a><a href=\"https:\/\/swisslasik.ch\/tr\/patientenberichte-augenlasern-erfahrungen\/istanbulda-meme-kuecueltme-ve-liposuction-ameliyatim-8-temmuz-2013-pazartesi-tarihli-rapor\/\" data-type=\"link\" data-id=\"https:\/\/swisslasik.ch\/tr\/patientenberichte-augenlasern-erfahrungen\/istanbulda-meme-kuecueltme-ve-liposuction-ameliyatim-8-temmuz-2013-pazartesi-tarihli-rapor\/\">\u00d6nceki rapor<\/a><\/p>\n\n\n\n<p class=\"has-text-align-right wp-container-content-5e2576f9\"><a href=\"https:\/\/medicaltravel.at\/home\/impressum\/\" data-type=\"page\" data-id=\"2193\" rel=\"nofollow noopener\" target=\"_blank\"><\/a><a href=\"https:\/\/medicaltravel.at\/home\/berichte-von-patienten\/erfahrungsberichte\/erfahrungsbericht-zahnbehandlung-in-istanbul\/\" data-type=\"page\" data-id=\"981\" rel=\"nofollow noopener\" target=\"_blank\"><\/a><a href=\"https:\/\/swisslasik.ch\/tr\/patientenberichte-augenlasern-erfahrungen\/istanbulda-femto-lasik-deneyimim-27-mayis-2013-pazartesi-tarihli-raporum\/\" data-type=\"link\" data-id=\"https:\/\/swisslasik.ch\/tr\/patientenberichte-augenlasern-erfahrungen\/istanbulda-femto-lasik-deneyimim-27-mayis-2013-pazartesi-tarihli-raporum\/\">Sonraki rapor<\/a><\/p>\n<\/div>\n","protected":false},"excerpt":{"rendered":"<p>Swisslasik arac\u0131l\u0131\u011f\u0131yla \u0130stanbul&#8217;da yap\u0131lan g\u00f6z ameliyat\u0131na ili\u015fkin deneyim raporu \u2013 18 Haziran 2013 Sal\u0131 tarihli rapor 11 ya\u015f\u0131mdan beri s\u00fcrekli g\u00f6zl\u00fck ta\u015f\u0131mak zorundayd\u0131m. Kontakt lensleri hem \u00e7ok zahmetli buluyordum hem de bana g\u00f6re olduk\u00e7a pahal\u0131yd\u0131. \u00c7ok spor yapan ve aktif bir ya\u015fam tarz\u0131m oldu\u011fu i\u00e7in g\u00f6z lazer ameliyat\u0131 benim i\u00e7in giderek daha cazip hale geldi. 20 ya\u015f\u0131ndayken futbol oynarken y\u00fcz\u00fcme sert bir top \u00e7arpt\u0131, g\u00f6zl\u00fc\u011f\u00fcm par\u00e7aland\u0131 ve hastaneye kald\u0131r\u0131ld\u0131m. G\u00f6z\u00fcmden cam par\u00e7alar\u0131 \u00e7\u0131karmak zorunda kald\u0131lar. O an benim i\u00e7in kesinle\u015fti: G\u00f6zlerimi lazerle d\u00fczelttirecektim.Ger\u00e7ekten bu ameliyata uygun olup olmad\u0131\u011f\u0131m\u0131 kesinle\u015ftirmek i\u00e7in \u00f6nceden bir muayene yapt\u0131rd\u0131m. Muayene h\u0131zl\u0131 ve sorunsuz ge\u00e7ti. Olumlu sonu\u00e7 ald\u0131ktan sonra, \u0130stanbul\u2019da Herr Karaagacli arac\u0131l\u0131\u011f\u0131yla ameliyat olmaya karar verdim. Be\u015f hafta sonra kendimi Bo\u011faz y\u00f6n\u00fcne giden u\u00e7akta buldum. Uzun zamand\u0131r \u0130stanbul\u2019u g\u00f6rmek isteyen babam\u0131 refakat\u00e7i olarak yan\u0131ma ald\u0131m; sunulan paket (u\u00e7ak ve otel) onun i\u00e7in de olduk\u00e7a cazipti.T\u00fcrkiye\u2019ye vard\u0131\u011f\u0131m\u0131zda \u015fof\u00f6r\u00fcm\u00fcz trafikte kald\u0131\u011f\u0131 i\u00e7in biraz bekledik. Ancak \u00f6nceden gecikmeler olabilece\u011fi s\u00f6ylendi\u011fi i\u00e7in sakin kald\u0131k. G\u00fcvenli bir \u015fekilde otele ula\u015ft\u0131ktan sonra ameliyat g\u00fcn\u00fc i\u00e7in haz\u0131rl\u0131klar\u0131m\u0131z\u0131 yapt\u0131k ve k\u0131sa bir y\u00fcr\u00fcy\u00fc\u015fe \u00e7\u0131kt\u0131k. Levent Otel beklentilerimizin \u00e7ok \u00fczerindeydi. Her \u015fey \u00e7ok temizdi, personel ise son derece g\u00fcler y\u00fczl\u00fc ve yard\u0131mseverdi.Ameliyat g\u00fcn\u00fc biraz gergin olsak da, tam zaman\u0131nda otelden al\u0131n\u0131p hastaneye g\u00f6t\u00fcr\u00fcld\u00fck. Orada Almanca konu\u015fan bir g\u00f6revli bizi kar\u015f\u0131lad\u0131 ve s\u00fcreci ayr\u0131nt\u0131l\u0131 \u015fekilde anlatt\u0131. \u00d6\u011fleden sonra s\u0131ra bana geldi. Bir ba\u015fka lazer hastas\u0131yla birlikte bekleme odas\u0131na al\u0131nd\u0131k ve g\u00f6revli bize g\u00f6z damlalar\u0131n\u0131n nas\u0131l kullan\u0131laca\u011f\u0131n\u0131 tek tek a\u00e7\u0131klad\u0131. Ard\u0131ndan ba\u015f ve ayaklar i\u00e7in koruyucu \u00f6rt\u00fcler giymemiz istendi. Asistan doktor g\u00f6zlerimize baz\u0131 damlalar damlatt\u0131, ne i\u015fe yarad\u0131klar\u0131n\u0131 a\u00e7\u0131k\u00e7as\u0131 bilmiyorum.Kap\u0131n\u0131n \u00f6n\u00fcnde beklerken, benden \u00f6nceki hastan\u0131n ameliyat seslerini duymak beni olduk\u00e7a heyecanland\u0131rd\u0131. Terc\u00fcman\u0131n talimatlar\u0131n\u0131 duyuyordum: A\u015fa\u011f\u0131 bak\u0131n, ba\u015f\u0131n\u0131z\u0131 k\u0131p\u0131rdatmay\u0131n, k\u0131rm\u0131z\u0131 \u0131\u015f\u0131\u011fa bak\u0131n. Birka\u00e7 dakika sonra Her \u015fey m\u00fckemmel ge\u00e7ti, kalkabilirsiniz dedi\u011fini duydum. Sonra s\u0131ra bana geldi. T\u00fcm cesaretimi toplay\u0131p sedyeye uzand\u0131m ve cihaz\u0131n alt\u0131na al\u0131nd\u0131m. Doktor ve asistanlar\u0131 ba\u015f\u0131m\u0131n arkas\u0131ndayd\u0131. Benim tek g\u00f6revim k\u0131rm\u0131z\u0131 \u0131\u015f\u0131\u011fa bakmakt\u0131. 10\u201315 dakika sonra her \u015fey a\u011fr\u0131s\u0131z \u015fekilde bitmi\u015fti. Benim i\u00e7in de her \u015feyin m\u00fckemmel ge\u00e7ti\u011fi s\u00f6ylendi. \u00dczerimden b\u00fcy\u00fck bir y\u00fck kalkt\u0131.Otele d\u00f6n\u00fc\u015f yolunda g\u00f6zlerim \u00e7ok suland\u0131. I\u015f\u0131k \u00e7ok parlak oldu\u011fu i\u00e7in g\u00f6zlerimi neredeyse a\u00e7am\u0131yordum. Otele var\u0131nca yakla\u015f\u0131k 3 saat uyudum, g\u00f6z damlalar\u0131m\u0131 kulland\u0131m ve g\u00f6zlerimi dinlendirdim. Ak\u015fam oldu\u011funda ise mucize ger\u00e7ekle\u015fti: Tam g\u00f6r\u00fc\u015f. G\u00f6zlerimdeki sulanma azald\u0131 ve g\u00f6zlerimi birka\u00e7 dakika boyunca a\u00e7\u0131k tutabilir hale geldim. Ertesi sabah ise hi\u00e7bir \u015fey kalmam\u0131\u015ft\u0131. Al\u0131\u015fkanl\u0131ktan, uyan\u0131r uyanmaz g\u00f6zl\u00fc\u011f\u00fcm\u00fc arad\u0131m\u2026 Ayn\u0131 g\u00fcn \u015fehri uzun uzun gezmeye vaktimiz oldu ve bunu tamamen g\u00f6zl\u00fcks\u00fcz yapabildim. Harika bir duyguydu. Tekne turu yapt\u0131k, Sultanahmet Camii\u2019ni, Kapal\u0131\u00e7ar\u015f\u0131\u2019y\u0131 ve \u0130stiklal Caddesi\u2019ni gezdik. G\u00fczel an\u0131lar ve hat\u0131ra foto\u011fraflar\u0131yla dolu, her y\u00f6n\u00fcyle \u00e7ok ba\u015far\u0131l\u0131 bir seyahat oldu.Bu vesileyle Swisslasik\u2019e ve \u00f6zellikle de sundu\u011fu m\u00fckemmel hizmet i\u00e7in Say\u0131n Karaagacli\u2019ye bir kez daha i\u00e7ten te\u015fekk\u00fcr etmek istiyorum.Isenschmid Oliver18.06.2013 \u00d6nceki rapor Sonraki rapor<\/p>\n","protected":false},"author":4,"featured_media":0,"parent":3695,"menu_order":0,"comment_status":"closed","ping_status":"closed","template":"","meta":{"_joinchat":[],"footnotes":""},"class_list":["post-3719","page","type-page","status-publish","hentry"],"acf":[],"_links":{"self":[{"href":"https:\/\/swisslasik.ch\/tr\/wp-json\/wp\/v2\/pages\/3719","targetHints":{"allow":["GET"]}}],"collection":[{"href":"https:\/\/swisslasik.ch\/tr\/wp-json\/wp\/v2\/pages"}],"about":[{"href":"https:\/\/swisslasik.ch\/tr\/wp-json\/wp\/v2\/types\/page"}],"author":[{"embeddable":true,"href":"https:\/\/swisslasik.ch\/tr\/wp-json\/wp\/v2\/users\/4"}],"replies":[{"embeddable":true,"href":"https:\/\/swisslasik.ch\/tr\/wp-json\/wp\/v2\/comments?post=3719"}],"version-history":[{"count":2,"href":"https:\/\/swisslasik.ch\/tr\/wp-json\/wp\/v2\/pages\/3719\/revisions"}],"predecessor-version":[{"id":4729,"href":"https:\/\/swisslasik.ch\/tr\/wp-json\/wp\/v2\/pages\/3719\/revisions\/4729"}],"up":[{"embeddable":true,"href":"https:\/\/swisslasik.ch\/tr\/wp-json\/wp\/v2\/pages\/3695"}],"wp:attachment":[{"href":"https:\/\/swisslasik.ch\/tr\/wp-json\/wp\/v2\/media?parent=3719"}],"curies":[{"name":"wp","href":"https:\/\/api.w.org\/{rel}","templated":true}]}}